{"id":3516,"date":"2025-02-27T09:01:20","date_gmt":"2025-02-27T09:01:20","guid":{"rendered":"https:\/\/kem-europe.eu\/?post_type=product&#038;p=3516"},"modified":"2025-02-27T11:45:30","modified_gmt":"2025-02-27T11:45:30","slug":"distar-diamant-coolpad-100mm-verschiedene-koernungen","status":"publish","type":"product","link":"https:\/\/kem-europe.eu\/de\/product\/distar-diamant-coolpad-o-100-mm-verschillende-korrels\/","title":{"rendered":"DiStar Diamond Coolpad \u00d8 100 mm - Verschiedene K\u00f6rnungen"},"content":{"rendered":"<p><strong>Eigenschaften DiStar Diamond Coolpad<\/strong><\/p>\n<p>Fast alle auf dem Markt erh\u00e4ltlichen Polierpads sind f\u00fcr das Schleifen von Granit mit K\u00fchlung ausgelegt. Oft verwenden Meister diese Pads f\u00fcr die Bearbeitung von Porzellangranit auf dem Winkelschleifer im Trockenmodus. Dies f\u00fchrt dazu, dass der Schlamm schnell verstopft und die Diamantk\u00f6rner stumpf werden, die Bearbeitungsgeschwindigkeit sinkt, Sp\u00e4ne entstehen und die Qualit\u00e4t der Kanten nimmt ab.<\/p>\n<p>Coolpad-Polierpads sind speziell f\u00fcr die Trockenpolitur von Keramik und Porzellan auf dem Winkelschleifer konzipiert. Die Zusammensetzung der diamanttragenden Schicht sorgt f\u00fcr eine gleichbleibend hohe Bearbeitungsgeschwindigkeit und garantiert die beste Oberfl\u00e4chenqualit\u00e4t. Sie k\u00f6nnen die Glasur der Fliesen ber\u00fchren, ohne Angst zu haben, die Kante zu besch\u00e4digen. Das umgekehrte Profil des Belags entfernt wirksam den Schlamm aus der Schleifzone. Aufgrund dieser Eigenschaften ersetzt ein Pad drei Polierpads mit unterschiedlichen K\u00f6rnungen. Zum Beispiel ersetzt #1 die K\u00f6rnungen 30, 60, 120, #2 - 120, 200, 400, #3 - 400, 800, 1000. Sehr praktisch! Die Arbeitsfl\u00e4che des Pads sollte vor dem ersten Gebrauch mit einem Schleifmittel geschliffen werden.<\/p>\n<ul>\n<li>Coolpad 1 - mittel - Granulat 30\/60\/120<\/li>\n<li>Coolpad 2 - fein - K\u00f6rner 120\/200\/400<\/li>\n<li>Coolpad 3 - sehr fein - K\u00f6rner 400\/800\/1000<\/li>\n<\/ul>\n<p><strong>Technische Daten<\/strong><\/p>\n<ul>\n<li>Durchmesser - 100 mm<\/li>\n<li>K\u00fchlung - trocken<\/li>\n<li>Target - Keramik und Feinsteinzeug<\/li>\n<li>Marke - Baumesser by DiStar<\/li>\n<\/ul>\n<p><strong>Umfang der Lieferung<\/strong><\/p>\n<ul>\n<li>DiStar Diamond Coolpad<\/li>\n<\/ul>","protected":false},"excerpt":{"rendered":"<p><img decoding=\"async\" src=\"https:\/\/bjctools.nl\/wp-content\/uploads\/2024\/01\/PAD.jpg\" \/><\/p>","protected":false},"featured_media":3597,"comment_status":"closed","ping_status":"closed","template":"","meta":[],"product_brand":[623],"product_cat":[24],"product_tag":[],"class_list":{"0":"post-3516","1":"product","2":"type-product","3":"status-publish","4":"has-post-thumbnail","6":"product_brand-distar","7":"product_cat-toebehoren","9":"first","10":"instock","11":"shipping-taxable","12":"product-type-simple"},"ct_brands":[{"id":623,"name":"DISTAR","slug":"distar"}],"yoast_head":"<!-- This site is optimized with the Yoast SEO plugin v27.3 - https:\/\/yoast.com\/product\/yoast-seo-wordpress\/ -->\n<title>DiStar Diamant Coolpad \u00d8 100 mm \u2013 Verschillende korrels - KEM Europe<\/title>\n<meta name=\"robots\" content=\"index, follow, max-snippet:-1, max-image-preview:large, max-video-preview:-1\" \/>\n<link rel=\"canonical\" href=\"https:\/\/kem-europe.eu\/de\/produkt\/distar-diamant-coolpad-100mm-verschiedene-koernungen\/\" \/>\n<meta property=\"og:locale\" content=\"de_DE\" \/>\n<meta property=\"og:type\" content=\"article\" \/>\n<meta property=\"og:title\" content=\"DiStar Diamant Coolpad \u00d8 100 mm \u2013 Verschillende korrels - KEM Europe\" \/>\n<meta property=\"og:url\" content=\"https:\/\/kem-europe.eu\/de\/produkt\/distar-diamant-coolpad-100mm-verschiedene-koernungen\/\" \/>\n<meta property=\"og:site_name\" content=\"KEM Europe\" \/>\n<meta property=\"article:modified_time\" content=\"2025-02-27T11:45:30+00:00\" \/>\n<meta property=\"og:image\" content=\"https:\/\/kem-europe.eu\/wp-content\/uploads\/2025\/02\/DiStar-Coolpad.jpg\" \/>\n\t<meta property=\"og:image:width\" content=\"700\" \/>\n\t<meta property=\"og:image:height\" content=\"700\" \/>\n\t<meta property=\"og:image:type\" content=\"image\/jpeg\" \/>\n<meta name=\"twitter:card\" content=\"summary_large_image\" \/>\n<meta name=\"twitter:label1\" content=\"Gesch\u00e4tzte Lesezeit\" \/>\n\t<meta name=\"twitter:data1\" content=\"2\u00a0Minuten\" \/>\n<script type=\"application\/ld+json\" class=\"yoast-schema-graph\">{\"@context\":\"https:\\\/\\\/schema.org\",\"@graph\":[{\"@type\":\"WebPage\",\"@id\":\"https:\\\/\\\/kem-europe.eu\\\/product\\\/distar-diamant-coolpad-o-100-mm-verschillende-korrels\\\/\",\"url\":\"https:\\\/\\\/kem-europe.eu\\\/product\\\/distar-diamant-coolpad-o-100-mm-verschillende-korrels\\\/\",\"name\":\"DiStar Diamant Coolpad \u00d8 100 mm \u2013 Verschillende korrels - KEM Europe\",\"isPartOf\":{\"@id\":\"https:\\\/\\\/kem-europe.eu\\\/#website\"},\"primaryImageOfPage\":{\"@id\":\"https:\\\/\\\/kem-europe.eu\\\/product\\\/distar-diamant-coolpad-o-100-mm-verschillende-korrels\\\/#primaryimage\"},\"image\":{\"@id\":\"https:\\\/\\\/kem-europe.eu\\\/product\\\/distar-diamant-coolpad-o-100-mm-verschillende-korrels\\\/#primaryimage\"},\"thumbnailUrl\":\"https:\\\/\\\/kem-europe.eu\\\/wp-content\\\/uploads\\\/2025\\\/02\\\/DiStar-Coolpad.jpg\",\"datePublished\":\"2025-02-27T09:01:20+00:00\",\"dateModified\":\"2025-02-27T11:45:30+00:00\",\"breadcrumb\":{\"@id\":\"https:\\\/\\\/kem-europe.eu\\\/product\\\/distar-diamant-coolpad-o-100-mm-verschillende-korrels\\\/#breadcrumb\"},\"inLanguage\":\"de\",\"potentialAction\":[{\"@type\":\"ReadAction\",\"target\":[\"https:\\\/\\\/kem-europe.eu\\\/product\\\/distar-diamant-coolpad-o-100-mm-verschillende-korrels\\\/\"]}]},{\"@type\":\"ImageObject\",\"inLanguage\":\"de\",\"@id\":\"https:\\\/\\\/kem-europe.eu\\\/product\\\/distar-diamant-coolpad-o-100-mm-verschillende-korrels\\\/#primaryimage\",\"url\":\"https:\\\/\\\/kem-europe.eu\\\/wp-content\\\/uploads\\\/2025\\\/02\\\/DiStar-Coolpad.jpg\",\"contentUrl\":\"https:\\\/\\\/kem-europe.eu\\\/wp-content\\\/uploads\\\/2025\\\/02\\\/DiStar-Coolpad.jpg\",\"width\":700,\"height\":700},{\"@type\":\"BreadcrumbList\",\"@id\":\"https:\\\/\\\/kem-europe.eu\\\/product\\\/distar-diamant-coolpad-o-100-mm-verschillende-korrels\\\/#breadcrumb\",\"itemListElement\":[{\"@type\":\"ListItem\",\"position\":1,\"name\":\"Home\",\"item\":\"https:\\\/\\\/kem-europe.eu\\\/\"},{\"@type\":\"ListItem\",\"position\":2,\"name\":\"Winkel\",\"item\":\"https:\\\/\\\/kem-europe.eu\\\/winkel\\\/\"},{\"@type\":\"ListItem\",\"position\":3,\"name\":\"DiStar Diamant Coolpad \u00d8 100 mm \u2013 Verschillende korrels\"}]},{\"@type\":\"WebSite\",\"@id\":\"https:\\\/\\\/kem-europe.eu\\\/#website\",\"url\":\"https:\\\/\\\/kem-europe.eu\\\/\",\"name\":\"KEM Europe\",\"description\":\"\",\"publisher\":{\"@id\":\"https:\\\/\\\/kem-europe.eu\\\/#organization\"},\"potentialAction\":[{\"@type\":\"SearchAction\",\"target\":{\"@type\":\"EntryPoint\",\"urlTemplate\":\"https:\\\/\\\/kem-europe.eu\\\/?s={search_term_string}\"},\"query-input\":{\"@type\":\"PropertyValueSpecification\",\"valueRequired\":true,\"valueName\":\"search_term_string\"}}],\"inLanguage\":\"de\"},{\"@type\":\"Organization\",\"@id\":\"https:\\\/\\\/kem-europe.eu\\\/#organization\",\"name\":\"KEM Europe\",\"url\":\"https:\\\/\\\/kem-europe.eu\\\/\",\"logo\":{\"@type\":\"ImageObject\",\"inLanguage\":\"de\",\"@id\":\"https:\\\/\\\/kem-europe.eu\\\/#\\\/schema\\\/logo\\\/image\\\/\",\"url\":\"https:\\\/\\\/kem-europe.eu\\\/wp-content\\\/uploads\\\/2025\\\/02\\\/KEM2019-BLACK-1500W.png\",\"contentUrl\":\"https:\\\/\\\/kem-europe.eu\\\/wp-content\\\/uploads\\\/2025\\\/02\\\/KEM2019-BLACK-1500W.png\",\"width\":1500,\"height\":626,\"caption\":\"KEM Europe\"},\"image\":{\"@id\":\"https:\\\/\\\/kem-europe.eu\\\/#\\\/schema\\\/logo\\\/image\\\/\"}}]}<\/script>\n<!-- \/ Yoast SEO plugin. -->","yoast_head_json":{"title":"DiStar Diamond Coolpad \u00d8 100 mm - Verschiedene K\u00f6rnungen - KEM Europe","robots":{"index":"index","follow":"follow","max-snippet":"max-snippet:-1","max-image-preview":"max-image-preview:large","max-video-preview":"max-video-preview:-1"},"canonical":"https:\/\/kem-europe.eu\/de\/produkt\/distar-diamant-coolpad-100mm-verschiedene-koernungen\/","og_locale":"de_DE","og_type":"article","og_title":"DiStar Diamant Coolpad \u00d8 100 mm \u2013 Verschillende korrels - KEM Europe","og_url":"https:\/\/kem-europe.eu\/de\/produkt\/distar-diamant-coolpad-100mm-verschiedene-koernungen\/","og_site_name":"KEM Europe","article_modified_time":"2025-02-27T11:45:30+00:00","og_image":[{"width":700,"height":700,"url":"https:\/\/kem-europe.eu\/wp-content\/uploads\/2025\/02\/DiStar-Coolpad.jpg","type":"image\/jpeg"}],"twitter_card":"summary_large_image","twitter_misc":{"Gesch\u00e4tzte Lesezeit":"2\u00a0Minuten"},"schema":{"@context":"https:\/\/schema.org","@graph":[{"@type":"WebPage","@id":"https:\/\/kem-europe.eu\/product\/distar-diamant-coolpad-o-100-mm-verschillende-korrels\/","url":"https:\/\/kem-europe.eu\/product\/distar-diamant-coolpad-o-100-mm-verschillende-korrels\/","name":"DiStar Diamond Coolpad \u00d8 100 mm - Verschiedene K\u00f6rnungen - KEM Europe","isPartOf":{"@id":"https:\/\/kem-europe.eu\/#website"},"primaryImageOfPage":{"@id":"https:\/\/kem-europe.eu\/product\/distar-diamant-coolpad-o-100-mm-verschillende-korrels\/#primaryimage"},"image":{"@id":"https:\/\/kem-europe.eu\/product\/distar-diamant-coolpad-o-100-mm-verschillende-korrels\/#primaryimage"},"thumbnailUrl":"https:\/\/kem-europe.eu\/wp-content\/uploads\/2025\/02\/DiStar-Coolpad.jpg","datePublished":"2025-02-27T09:01:20+00:00","dateModified":"2025-02-27T11:45:30+00:00","breadcrumb":{"@id":"https:\/\/kem-europe.eu\/product\/distar-diamant-coolpad-o-100-mm-verschillende-korrels\/#breadcrumb"},"inLanguage":"de","potentialAction":[{"@type":"ReadAction","target":["https:\/\/kem-europe.eu\/product\/distar-diamant-coolpad-o-100-mm-verschillende-korrels\/"]}]},{"@type":"ImageObject","inLanguage":"de","@id":"https:\/\/kem-europe.eu\/product\/distar-diamant-coolpad-o-100-mm-verschillende-korrels\/#primaryimage","url":"https:\/\/kem-europe.eu\/wp-content\/uploads\/2025\/02\/DiStar-Coolpad.jpg","contentUrl":"https:\/\/kem-europe.eu\/wp-content\/uploads\/2025\/02\/DiStar-Coolpad.jpg","width":700,"height":700},{"@type":"BreadcrumbList","@id":"https:\/\/kem-europe.eu\/product\/distar-diamant-coolpad-o-100-mm-verschillende-korrels\/#breadcrumb","itemListElement":[{"@type":"ListItem","position":1,"name":"Home","item":"https:\/\/kem-europe.eu\/"},{"@type":"ListItem","position":2,"name":"Winkel","item":"https:\/\/kem-europe.eu\/winkel\/"},{"@type":"ListItem","position":3,"name":"DiStar Diamant Coolpad \u00d8 100 mm \u2013 Verschillende korrels"}]},{"@type":"WebSite","@id":"https:\/\/kem-europe.eu\/#website","url":"https:\/\/kem-europe.eu\/","name":"KEM Europe","description":"","publisher":{"@id":"https:\/\/kem-europe.eu\/#organization"},"potentialAction":[{"@type":"SearchAction","target":{"@type":"EntryPoint","urlTemplate":"https:\/\/kem-europe.eu\/?s={search_term_string}"},"query-input":{"@type":"PropertyValueSpecification","valueRequired":true,"valueName":"search_term_string"}}],"inLanguage":"de"},{"@type":"Organization","@id":"https:\/\/kem-europe.eu\/#organization","name":"KEM Europe","url":"https:\/\/kem-europe.eu\/","logo":{"@type":"ImageObject","inLanguage":"de","@id":"https:\/\/kem-europe.eu\/#\/schema\/logo\/image\/","url":"https:\/\/kem-europe.eu\/wp-content\/uploads\/2025\/02\/KEM2019-BLACK-1500W.png","contentUrl":"https:\/\/kem-europe.eu\/wp-content\/uploads\/2025\/02\/KEM2019-BLACK-1500W.png","width":1500,"height":626,"caption":"KEM Europe"},"image":{"@id":"https:\/\/kem-europe.eu\/#\/schema\/logo\/image\/"}}]}},"_links":{"self":[{"href":"https:\/\/kem-europe.eu\/de\/wp-json\/wp\/v2\/product\/3516","targetHints":{"allow":["GET"]}}],"collection":[{"href":"https:\/\/kem-europe.eu\/de\/wp-json\/wp\/v2\/product"}],"about":[{"href":"https:\/\/kem-europe.eu\/de\/wp-json\/wp\/v2\/types\/product"}],"replies":[{"embeddable":true,"href":"https:\/\/kem-europe.eu\/de\/wp-json\/wp\/v2\/comments?post=3516"}],"wp:featuredmedia":[{"embeddable":true,"href":"https:\/\/kem-europe.eu\/de\/wp-json\/wp\/v2\/media\/3597"}],"wp:attachment":[{"href":"https:\/\/kem-europe.eu\/de\/wp-json\/wp\/v2\/media?parent=3516"}],"wp:term":[{"taxonomy":"product_brand","embeddable":true,"href":"https:\/\/kem-europe.eu\/de\/wp-json\/wp\/v2\/product_brand?post=3516"},{"taxonomy":"product_cat","embeddable":true,"href":"https:\/\/kem-europe.eu\/de\/wp-json\/wp\/v2\/product_cat?post=3516"},{"taxonomy":"product_tag","embeddable":true,"href":"https:\/\/kem-europe.eu\/de\/wp-json\/wp\/v2\/product_tag?post=3516"}],"curies":[{"name":"wp","href":"https:\/\/api.w.org\/{rel}","templated":true}]}}