{"id":3517,"date":"2025-02-27T09:01:20","date_gmt":"2025-02-27T09:01:20","guid":{"rendered":"https:\/\/kem-europe.eu\/?post_type=product&#038;p=3517"},"modified":"2025-06-16T14:04:29","modified_gmt":"2025-06-16T14:04:29","slug":"distar-standard-diamant-polierpad-100mm-verschiedene-koernungen","status":"publish","type":"product","link":"https:\/\/kem-europe.eu\/de\/product\/distar-standaard-diamant-polijstpad-o-100-mm-verschillende-korrels\/","title":{"rendered":"DiStar Standard Diamant-Polierschwamm \u00d8 100 mm - Verschiedene K\u00f6rnungen"},"content":{"rendered":"<p><strong>Eigenschaften DiStar Standard Diamant-Polierschwamm<\/strong><\/p>\n<p>DiStar Standard-Diamant-Polierpads sind f\u00fcr das Trockenpolieren der Stirnseiten und Fasen von Keramikfliesen und Feinsteinzeug mit einem Winkelschleifer mit einstellbarer Drehzahl konzipiert. Polierpads k\u00f6nnen auch zum Polieren von flachen und gew\u00f6lbten Oberfl\u00e4chen aus Granit, hartem Marmor und hartem Sandstein verwendet werden, wobei ein spezieller Winkelschleifer mit einstellbarer Drehzahl, elektrischem Schutz und obligatorischer zentraler K\u00fchlmittelzufuhr verwendet wird.<\/p>\n<p>Die Schleifreihenfolge bei keramischen Fliesen und Steinzeug ist #30, #60, #120, bei der Bearbeitung nur der Stirnseite und beim Entfernen der Fase nur #220. Das Polieren erfolgt mit einer Drehzahl von 2800 U\/min. Die Polierreihenfolge f\u00fcr Granit, harten Marmor und harten Sandstein ist #30, #60, #120, #220, #400, #800, #1500, #3000. Wellendrehzahl beim Polieren 2800-3700 U\/min. Vermeiden Sie h\u00e4ufige Schleifscheibenwechsel, um eine schnelle Abnutzung des Klettsockels zu vermeiden.<\/p>\n<ul>\n<li>Polierschwamm \u211660 - Korn 60<\/li>\n<li>Polierschwamm \u2116120 - Korn 120<\/li>\n<\/ul>\n<p><strong>Technische Daten<\/strong><\/p>\n<ul>\n<li>Durchmesser - 100 mm<\/li>\n<li>K\u00fchlung - trocken<\/li>\n<li>Target - Keramik und Feinsteinzeug<\/li>\n<li>Marke - Baumesser by DiStar<\/li>\n<\/ul>\n<p><strong>Umfang der Lieferung<\/strong><\/p>\n<ul>\n<li>DiStar Standard Diamant-Polierschwamm<\/li>\n<\/ul>","protected":false},"excerpt":{"rendered":"<p><img decoding=\"async\" src=\"https:\/\/bjctools.nl\/wp-content\/uploads\/2024\/02\/PAD2.jpg\" \/><\/p>","protected":false},"featured_media":3603,"comment_status":"closed","ping_status":"closed","template":"","meta":[],"product_brand":[623],"product_cat":[24],"product_tag":[],"class_list":{"0":"post-3517","1":"product","2":"type-product","3":"status-publish","4":"has-post-thumbnail","6":"product_brand-distar","7":"product_cat-toebehoren","9":"first","10":"instock","11":"shipping-taxable","12":"product-type-simple"},"ct_brands":[{"id":623,"name":"DISTAR","slug":"distar"}],"yoast_head":"<!-- This site is optimized with the Yoast SEO plugin v27.4 - https:\/\/yoast.com\/product\/yoast-seo-wordpress\/ -->\n<title>DiStar Standaard Diamant Polijstpad \u00d8 100 mm \u2013 Verschillende korrels - KEM Europe<\/title>\n<meta name=\"robots\" content=\"index, follow, max-snippet:-1, max-image-preview:large, max-video-preview:-1\" \/>\n<link rel=\"canonical\" href=\"https:\/\/kem-europe.eu\/de\/produkt\/distar-standard-diamant-polierpad-100mm-verschiedene-koernungen\/\" \/>\n<meta property=\"og:locale\" content=\"de_DE\" \/>\n<meta property=\"og:type\" content=\"article\" \/>\n<meta property=\"og:title\" content=\"DiStar Standaard Diamant Polijstpad \u00d8 100 mm \u2013 Verschillende korrels - KEM Europe\" \/>\n<meta property=\"og:url\" content=\"https:\/\/kem-europe.eu\/de\/produkt\/distar-standard-diamant-polierpad-100mm-verschiedene-koernungen\/\" \/>\n<meta property=\"og:site_name\" content=\"KEM Europe\" \/>\n<meta property=\"article:modified_time\" content=\"2025-06-16T14:04:29+00:00\" \/>\n<meta property=\"og:image\" content=\"https:\/\/kem-europe.eu\/wp-content\/uploads\/2025\/02\/601.jpg\" \/>\n\t<meta property=\"og:image:width\" content=\"700\" \/>\n\t<meta property=\"og:image:height\" content=\"700\" \/>\n\t<meta property=\"og:image:type\" content=\"image\/jpeg\" \/>\n<meta name=\"twitter:card\" content=\"summary_large_image\" \/>\n<meta name=\"twitter:label1\" content=\"Gesch\u00e4tzte Lesezeit\" \/>\n\t<meta name=\"twitter:data1\" content=\"2\u00a0Minuten\" \/>\n<script type=\"application\/ld+json\" class=\"yoast-schema-graph\">{\"@context\":\"https:\\\/\\\/schema.org\",\"@graph\":[{\"@type\":\"WebPage\",\"@id\":\"https:\\\/\\\/kem-europe.eu\\\/product\\\/distar-standaard-diamant-polijstpad-o-100-mm-verschillende-korrels\\\/\",\"url\":\"https:\\\/\\\/kem-europe.eu\\\/product\\\/distar-standaard-diamant-polijstpad-o-100-mm-verschillende-korrels\\\/\",\"name\":\"DiStar Standaard Diamant Polijstpad \u00d8 100 mm \u2013 Verschillende korrels - KEM Europe\",\"isPartOf\":{\"@id\":\"https:\\\/\\\/kem-europe.eu\\\/#website\"},\"primaryImageOfPage\":{\"@id\":\"https:\\\/\\\/kem-europe.eu\\\/product\\\/distar-standaard-diamant-polijstpad-o-100-mm-verschillende-korrels\\\/#primaryimage\"},\"image\":{\"@id\":\"https:\\\/\\\/kem-europe.eu\\\/product\\\/distar-standaard-diamant-polijstpad-o-100-mm-verschillende-korrels\\\/#primaryimage\"},\"thumbnailUrl\":\"https:\\\/\\\/kem-europe.eu\\\/wp-content\\\/uploads\\\/2025\\\/02\\\/601.jpg\",\"datePublished\":\"2025-02-27T09:01:20+00:00\",\"dateModified\":\"2025-06-16T14:04:29+00:00\",\"breadcrumb\":{\"@id\":\"https:\\\/\\\/kem-europe.eu\\\/product\\\/distar-standaard-diamant-polijstpad-o-100-mm-verschillende-korrels\\\/#breadcrumb\"},\"inLanguage\":\"de\",\"potentialAction\":[{\"@type\":\"ReadAction\",\"target\":[\"https:\\\/\\\/kem-europe.eu\\\/product\\\/distar-standaard-diamant-polijstpad-o-100-mm-verschillende-korrels\\\/\"]}]},{\"@type\":\"ImageObject\",\"inLanguage\":\"de\",\"@id\":\"https:\\\/\\\/kem-europe.eu\\\/product\\\/distar-standaard-diamant-polijstpad-o-100-mm-verschillende-korrels\\\/#primaryimage\",\"url\":\"https:\\\/\\\/kem-europe.eu\\\/wp-content\\\/uploads\\\/2025\\\/02\\\/601.jpg\",\"contentUrl\":\"https:\\\/\\\/kem-europe.eu\\\/wp-content\\\/uploads\\\/2025\\\/02\\\/601.jpg\",\"width\":700,\"height\":700},{\"@type\":\"BreadcrumbList\",\"@id\":\"https:\\\/\\\/kem-europe.eu\\\/product\\\/distar-standaard-diamant-polijstpad-o-100-mm-verschillende-korrels\\\/#breadcrumb\",\"itemListElement\":[{\"@type\":\"ListItem\",\"position\":1,\"name\":\"Home\",\"item\":\"https:\\\/\\\/kem-europe.eu\\\/\"},{\"@type\":\"ListItem\",\"position\":2,\"name\":\"Winkel\",\"item\":\"https:\\\/\\\/kem-europe.eu\\\/winkel\\\/\"},{\"@type\":\"ListItem\",\"position\":3,\"name\":\"DiStar Standaard Diamant Polijstpad \u00d8 100 mm \u2013 Verschillende korrels\"}]},{\"@type\":\"WebSite\",\"@id\":\"https:\\\/\\\/kem-europe.eu\\\/#website\",\"url\":\"https:\\\/\\\/kem-europe.eu\\\/\",\"name\":\"KEM Europe\",\"description\":\"\",\"publisher\":{\"@id\":\"https:\\\/\\\/kem-europe.eu\\\/#organization\"},\"potentialAction\":[{\"@type\":\"SearchAction\",\"target\":{\"@type\":\"EntryPoint\",\"urlTemplate\":\"https:\\\/\\\/kem-europe.eu\\\/?s={search_term_string}\"},\"query-input\":{\"@type\":\"PropertyValueSpecification\",\"valueRequired\":true,\"valueName\":\"search_term_string\"}}],\"inLanguage\":\"de\"},{\"@type\":\"Organization\",\"@id\":\"https:\\\/\\\/kem-europe.eu\\\/#organization\",\"name\":\"KEM Europe\",\"url\":\"https:\\\/\\\/kem-europe.eu\\\/\",\"logo\":{\"@type\":\"ImageObject\",\"inLanguage\":\"de\",\"@id\":\"https:\\\/\\\/kem-europe.eu\\\/#\\\/schema\\\/logo\\\/image\\\/\",\"url\":\"https:\\\/\\\/kem-europe.eu\\\/wp-content\\\/uploads\\\/2025\\\/02\\\/KEM2019-BLACK-1500W.png\",\"contentUrl\":\"https:\\\/\\\/kem-europe.eu\\\/wp-content\\\/uploads\\\/2025\\\/02\\\/KEM2019-BLACK-1500W.png\",\"width\":1500,\"height\":626,\"caption\":\"KEM Europe\"},\"image\":{\"@id\":\"https:\\\/\\\/kem-europe.eu\\\/#\\\/schema\\\/logo\\\/image\\\/\"}}]}<\/script>\n<!-- \/ Yoast SEO plugin. -->","yoast_head_json":{"title":"DiStar Standard Diamant-Polierschwamm \u00d8 100 mm - Verschiedene K\u00f6rnungen - KEM Europe","robots":{"index":"index","follow":"follow","max-snippet":"max-snippet:-1","max-image-preview":"max-image-preview:large","max-video-preview":"max-video-preview:-1"},"canonical":"https:\/\/kem-europe.eu\/de\/produkt\/distar-standard-diamant-polierpad-100mm-verschiedene-koernungen\/","og_locale":"de_DE","og_type":"article","og_title":"DiStar Standaard Diamant Polijstpad \u00d8 100 mm \u2013 Verschillende korrels - KEM Europe","og_url":"https:\/\/kem-europe.eu\/de\/produkt\/distar-standard-diamant-polierpad-100mm-verschiedene-koernungen\/","og_site_name":"KEM Europe","article_modified_time":"2025-06-16T14:04:29+00:00","og_image":[{"width":700,"height":700,"url":"https:\/\/kem-europe.eu\/wp-content\/uploads\/2025\/02\/601.jpg","type":"image\/jpeg"}],"twitter_card":"summary_large_image","twitter_misc":{"Gesch\u00e4tzte Lesezeit":"2\u00a0Minuten"},"schema":{"@context":"https:\/\/schema.org","@graph":[{"@type":"WebPage","@id":"https:\/\/kem-europe.eu\/product\/distar-standaard-diamant-polijstpad-o-100-mm-verschillende-korrels\/","url":"https:\/\/kem-europe.eu\/product\/distar-standaard-diamant-polijstpad-o-100-mm-verschillende-korrels\/","name":"DiStar Standard Diamant-Polierschwamm \u00d8 100 mm - Verschiedene K\u00f6rnungen - KEM Europe","isPartOf":{"@id":"https:\/\/kem-europe.eu\/#website"},"primaryImageOfPage":{"@id":"https:\/\/kem-europe.eu\/product\/distar-standaard-diamant-polijstpad-o-100-mm-verschillende-korrels\/#primaryimage"},"image":{"@id":"https:\/\/kem-europe.eu\/product\/distar-standaard-diamant-polijstpad-o-100-mm-verschillende-korrels\/#primaryimage"},"thumbnailUrl":"https:\/\/kem-europe.eu\/wp-content\/uploads\/2025\/02\/601.jpg","datePublished":"2025-02-27T09:01:20+00:00","dateModified":"2025-06-16T14:04:29+00:00","breadcrumb":{"@id":"https:\/\/kem-europe.eu\/product\/distar-standaard-diamant-polijstpad-o-100-mm-verschillende-korrels\/#breadcrumb"},"inLanguage":"de","potentialAction":[{"@type":"ReadAction","target":["https:\/\/kem-europe.eu\/product\/distar-standaard-diamant-polijstpad-o-100-mm-verschillende-korrels\/"]}]},{"@type":"ImageObject","inLanguage":"de","@id":"https:\/\/kem-europe.eu\/product\/distar-standaard-diamant-polijstpad-o-100-mm-verschillende-korrels\/#primaryimage","url":"https:\/\/kem-europe.eu\/wp-content\/uploads\/2025\/02\/601.jpg","contentUrl":"https:\/\/kem-europe.eu\/wp-content\/uploads\/2025\/02\/601.jpg","width":700,"height":700},{"@type":"BreadcrumbList","@id":"https:\/\/kem-europe.eu\/product\/distar-standaard-diamant-polijstpad-o-100-mm-verschillende-korrels\/#breadcrumb","itemListElement":[{"@type":"ListItem","position":1,"name":"Home","item":"https:\/\/kem-europe.eu\/"},{"@type":"ListItem","position":2,"name":"Winkel","item":"https:\/\/kem-europe.eu\/winkel\/"},{"@type":"ListItem","position":3,"name":"DiStar Standaard Diamant Polijstpad \u00d8 100 mm \u2013 Verschillende korrels"}]},{"@type":"WebSite","@id":"https:\/\/kem-europe.eu\/#website","url":"https:\/\/kem-europe.eu\/","name":"KEM Europe","description":"","publisher":{"@id":"https:\/\/kem-europe.eu\/#organization"},"potentialAction":[{"@type":"SearchAction","target":{"@type":"EntryPoint","urlTemplate":"https:\/\/kem-europe.eu\/?s={search_term_string}"},"query-input":{"@type":"PropertyValueSpecification","valueRequired":true,"valueName":"search_term_string"}}],"inLanguage":"de"},{"@type":"Organization","@id":"https:\/\/kem-europe.eu\/#organization","name":"KEM Europe","url":"https:\/\/kem-europe.eu\/","logo":{"@type":"ImageObject","inLanguage":"de","@id":"https:\/\/kem-europe.eu\/#\/schema\/logo\/image\/","url":"https:\/\/kem-europe.eu\/wp-content\/uploads\/2025\/02\/KEM2019-BLACK-1500W.png","contentUrl":"https:\/\/kem-europe.eu\/wp-content\/uploads\/2025\/02\/KEM2019-BLACK-1500W.png","width":1500,"height":626,"caption":"KEM Europe"},"image":{"@id":"https:\/\/kem-europe.eu\/#\/schema\/logo\/image\/"}}]}},"_links":{"self":[{"href":"https:\/\/kem-europe.eu\/de\/wp-json\/wp\/v2\/product\/3517","targetHints":{"allow":["GET"]}}],"collection":[{"href":"https:\/\/kem-europe.eu\/de\/wp-json\/wp\/v2\/product"}],"about":[{"href":"https:\/\/kem-europe.eu\/de\/wp-json\/wp\/v2\/types\/product"}],"replies":[{"embeddable":true,"href":"https:\/\/kem-europe.eu\/de\/wp-json\/wp\/v2\/comments?post=3517"}],"wp:featuredmedia":[{"embeddable":true,"href":"https:\/\/kem-europe.eu\/de\/wp-json\/wp\/v2\/media\/3603"}],"wp:attachment":[{"href":"https:\/\/kem-europe.eu\/de\/wp-json\/wp\/v2\/media?parent=3517"}],"wp:term":[{"taxonomy":"product_brand","embeddable":true,"href":"https:\/\/kem-europe.eu\/de\/wp-json\/wp\/v2\/product_brand?post=3517"},{"taxonomy":"product_cat","embeddable":true,"href":"https:\/\/kem-europe.eu\/de\/wp-json\/wp\/v2\/product_cat?post=3517"},{"taxonomy":"product_tag","embeddable":true,"href":"https:\/\/kem-europe.eu\/de\/wp-json\/wp\/v2\/product_tag?post=3517"}],"curies":[{"name":"wp","href":"https:\/\/api.w.org\/{rel}","templated":true}]}}