{"id":3518,"date":"2025-02-27T09:01:20","date_gmt":"2025-02-27T09:01:20","guid":{"rendered":"https:\/\/kem-europe.eu\/?post_type=product&#038;p=3518"},"modified":"2025-02-27T11:45:41","modified_gmt":"2025-02-27T11:45:41","slug":"distar-vortex-staubschutz-fuer-winkelschleifer-115-125mm","status":"publish","type":"product","link":"https:\/\/kem-europe.eu\/de\/product\/distar-vortex-stofafzuigkap-voor-haakse-slijpers-115-125\/","title":{"rendered":"DiStar Vortex-Staubabsaugung - f\u00fcr Winkelschleifer 115-125"},"content":{"rendered":"<p><strong>Eigenschaften DiStar Vortex-Staubabsaugung - f\u00fcr Winkelschleifer 115-125<\/strong><\/p>\n<p>\u2705\u00a0<strong>Staubfreies Arbeiten<\/strong>\u00a0- Der Vortex-Staubabscheider minimiert die Staubemissionen w\u00e4hrend des Schleifprozesses erheblich und sorgt so f\u00fcr eine sauberere Arbeitsumgebung. Geringere Luftverschmutzung bedeutet weniger Bel\u00e4stigung und Gesundheitsrisiken f\u00fcr Benutzer und andere Anwesende.<\/p>\n<p>\u2705\u00a0<strong>Universelles Schlie\u00dfsystem<\/strong>\u00a0- Dank des universellen Verriegelungssystems des Vortex k\u00f6nnen Sie den Staubabscheider an praktisch jeden Winkelschleifer mit 115-125 mm montieren. Das bedeutet, dass Sie Ihre vorhandenen Werkzeuge weiter verwenden k\u00f6nnen.<\/p>\n<p><img loading=\"lazy\" decoding=\"async\" class=\"alignnone wp-image-422379\" src=\"https:\/\/bjctools.nl\/wp-content\/uploads\/2024\/03\/DistarDustExtractionGuardVortex.gif\" sizes=\"auto, (max-width: 600px) 100vw, 600px\" srcset=\"https:\/\/bjctools.nl\/wp-content\/uploads\/2024\/03\/DistarDustExtractionGuardVortex.gif 600w, https:\/\/bjctools.nl\/wp-content\/uploads\/2024\/03\/DistarDustExtractionGuardVortex-400x225.gif 400w, https:\/\/bjctools.nl\/wp-content\/uploads\/2024\/03\/DistarDustExtractionGuardVortex-546x308.gif 546w\" alt=\"\" width=\"600\" height=\"338\" \/><\/p>\n<p>\u2705\u00a0<strong>Effizienter Umzug<\/strong>\u00a0- Dank der federbelasteten B\u00fcrste bewegt sich der Vortex-Staubabscheider m\u00fchelos \u00fcber die zu schleifenden Oberfl\u00e4chen, was zu einer geringeren Erm\u00fcdung w\u00e4hrend der Arbeit f\u00fchrt.<\/p>\n<p>\u2705\u00a0<strong>Maximale Staubabsaugung<\/strong>\u00a0- Die Staubabsaugung des Vortex-Ger\u00e4tes ist hocheffizient, so dass auch bei intensiven Schleifarbeiten die Luftqualit\u00e4t erhalten bleibt.<\/p>\n<p>\u2705\u00a0<strong>Nahes Fl\u00e4chenschleifen<\/strong>\u00a0- Bei ge\u00f6ffneter Seitenabdeckung kann Vortex nahe an W\u00e4nden oder B\u00f6den schleifen. Dies ist eine praktische Funktion f\u00fcr pr\u00e4zise und detaillierte Schleifarbeiten.<\/p>\n<p><img loading=\"lazy\" decoding=\"async\" class=\"alignnone wp-image-422380\" src=\"https:\/\/bjctools.nl\/wp-content\/uploads\/2024\/03\/DistarDustExtractionGuardVortex-2.gif\" sizes=\"auto, (max-width: 600px) 100vw, 600px\" srcset=\"https:\/\/bjctools.nl\/wp-content\/uploads\/2024\/03\/DistarDustExtractionGuardVortex-2.gif 600w, https:\/\/bjctools.nl\/wp-content\/uploads\/2024\/03\/DistarDustExtractionGuardVortex-2-400x225.gif 400w, https:\/\/bjctools.nl\/wp-content\/uploads\/2024\/03\/DistarDustExtractionGuardVortex-2-546x308.gif 546w\" alt=\"\" width=\"600\" height=\"338\" \/><\/p>\n<hr \/>\n<p><strong>Technische Daten<\/strong><\/p>\n<ul>\n<li>Durchmesser von Winkelschleifern - 115 \/ 125 mm<\/li>\n<li>Marke - Mechanic von Di-Star<\/li>\n<\/ul>\n<p><strong>Umfang der Lieferung<\/strong><\/p>\n<ul>\n<li>DiStar Vortex-Staubabsaugung - f\u00fcr Winkelschleifer 115-125<\/li>\n<li>Inklusive Toolkit:\n<ul>\n<li>H\u00fclse zum Schleifen<\/li>\n<li>Klemmenschl\u00fcssel<\/li>\n<li>Abstand Flansch<\/li>\n<li>Satz von Getriebeadaptern<\/li>\n<li>Gummi-Adapter<\/li>\n<\/ul>\n<\/li>\n<\/ul>","protected":false},"excerpt":{"rendered":"<p>\u2705 Staubfrei arbeiten<br \/>\n\u2705 Universelles Schlie\u00dfsystem<br \/>\n\u2705 Effizient bewegen<br \/>\n\u2705 Maximale Staubabsaugung<br \/>\n\u2705 Nahes Planschleifen<\/p>","protected":false},"featured_media":3612,"comment_status":"closed","ping_status":"closed","template":"","meta":[],"product_brand":[623],"product_cat":[24],"product_tag":[],"class_list":{"0":"post-3518","1":"product","2":"type-product","3":"status-publish","4":"has-post-thumbnail","6":"product_brand-distar","7":"product_cat-toebehoren","9":"first","10":"instock","11":"shipping-taxable","12":"product-type-simple"},"ct_brands":[{"id":623,"name":"DISTAR","slug":"distar"}],"yoast_head":"<!-- This site is optimized with the Yoast SEO plugin v27.3 - https:\/\/yoast.com\/product\/yoast-seo-wordpress\/ -->\n<title>DiStar Vortex Stofafzuigkap \u2013 Voor Haakse Slijpers 115-125 - KEM Europe<\/title>\n<meta name=\"robots\" content=\"index, follow, max-snippet:-1, max-image-preview:large, max-video-preview:-1\" \/>\n<link rel=\"canonical\" href=\"https:\/\/kem-europe.eu\/de\/produkt\/distar-vortex-staubschutz-fuer-winkelschleifer-115-125mm\/\" \/>\n<meta property=\"og:locale\" content=\"de_DE\" \/>\n<meta property=\"og:type\" content=\"article\" \/>\n<meta property=\"og:title\" content=\"DiStar Vortex Stofafzuigkap \u2013 Voor Haakse Slijpers 115-125 - KEM Europe\" \/>\n<meta property=\"og:description\" content=\"\u2705 Stofvrij werken \u2705 Universeel sluitsysteem \u2705 Effici\u00ebnt bewegen \u2705 Maximale stofextractie \u2705 Nauwe oppervlakteslijping\" \/>\n<meta property=\"og:url\" content=\"https:\/\/kem-europe.eu\/de\/produkt\/distar-vortex-staubschutz-fuer-winkelschleifer-115-125mm\/\" \/>\n<meta property=\"og:site_name\" content=\"KEM Europe\" \/>\n<meta property=\"article:modified_time\" content=\"2025-02-27T11:45:41+00:00\" \/>\n<meta property=\"og:image\" content=\"https:\/\/kem-europe.eu\/wp-content\/uploads\/2025\/02\/Vortex-1.jpg\" \/>\n\t<meta property=\"og:image:width\" content=\"700\" \/>\n\t<meta property=\"og:image:height\" content=\"700\" \/>\n\t<meta property=\"og:image:type\" content=\"image\/jpeg\" \/>\n<meta name=\"twitter:card\" content=\"summary_large_image\" \/>\n<meta name=\"twitter:label1\" content=\"Gesch\u00e4tzte Lesezeit\" \/>\n\t<meta name=\"twitter:data1\" content=\"2\u00a0Minuten\" \/>\n<script type=\"application\/ld+json\" class=\"yoast-schema-graph\">{\"@context\":\"https:\\\/\\\/schema.org\",\"@graph\":[{\"@type\":\"WebPage\",\"@id\":\"https:\\\/\\\/kem-europe.eu\\\/product\\\/distar-vortex-stofafzuigkap-voor-haakse-slijpers-115-125\\\/\",\"url\":\"https:\\\/\\\/kem-europe.eu\\\/product\\\/distar-vortex-stofafzuigkap-voor-haakse-slijpers-115-125\\\/\",\"name\":\"DiStar Vortex Stofafzuigkap \u2013 Voor Haakse Slijpers 115-125 - KEM Europe\",\"isPartOf\":{\"@id\":\"https:\\\/\\\/kem-europe.eu\\\/#website\"},\"primaryImageOfPage\":{\"@id\":\"https:\\\/\\\/kem-europe.eu\\\/product\\\/distar-vortex-stofafzuigkap-voor-haakse-slijpers-115-125\\\/#primaryimage\"},\"image\":{\"@id\":\"https:\\\/\\\/kem-europe.eu\\\/product\\\/distar-vortex-stofafzuigkap-voor-haakse-slijpers-115-125\\\/#primaryimage\"},\"thumbnailUrl\":\"https:\\\/\\\/kem-europe.eu\\\/wp-content\\\/uploads\\\/2025\\\/02\\\/Vortex-1.jpg\",\"datePublished\":\"2025-02-27T09:01:20+00:00\",\"dateModified\":\"2025-02-27T11:45:41+00:00\",\"breadcrumb\":{\"@id\":\"https:\\\/\\\/kem-europe.eu\\\/product\\\/distar-vortex-stofafzuigkap-voor-haakse-slijpers-115-125\\\/#breadcrumb\"},\"inLanguage\":\"de\",\"potentialAction\":[{\"@type\":\"ReadAction\",\"target\":[\"https:\\\/\\\/kem-europe.eu\\\/product\\\/distar-vortex-stofafzuigkap-voor-haakse-slijpers-115-125\\\/\"]}]},{\"@type\":\"ImageObject\",\"inLanguage\":\"de\",\"@id\":\"https:\\\/\\\/kem-europe.eu\\\/product\\\/distar-vortex-stofafzuigkap-voor-haakse-slijpers-115-125\\\/#primaryimage\",\"url\":\"https:\\\/\\\/kem-europe.eu\\\/wp-content\\\/uploads\\\/2025\\\/02\\\/Vortex-1.jpg\",\"contentUrl\":\"https:\\\/\\\/kem-europe.eu\\\/wp-content\\\/uploads\\\/2025\\\/02\\\/Vortex-1.jpg\",\"width\":700,\"height\":700},{\"@type\":\"BreadcrumbList\",\"@id\":\"https:\\\/\\\/kem-europe.eu\\\/product\\\/distar-vortex-stofafzuigkap-voor-haakse-slijpers-115-125\\\/#breadcrumb\",\"itemListElement\":[{\"@type\":\"ListItem\",\"position\":1,\"name\":\"Home\",\"item\":\"https:\\\/\\\/kem-europe.eu\\\/\"},{\"@type\":\"ListItem\",\"position\":2,\"name\":\"Winkel\",\"item\":\"https:\\\/\\\/kem-europe.eu\\\/winkel\\\/\"},{\"@type\":\"ListItem\",\"position\":3,\"name\":\"DiStar Vortex Stofafzuigkap \u2013 Voor Haakse Slijpers 115-125\"}]},{\"@type\":\"WebSite\",\"@id\":\"https:\\\/\\\/kem-europe.eu\\\/#website\",\"url\":\"https:\\\/\\\/kem-europe.eu\\\/\",\"name\":\"KEM Europe\",\"description\":\"\",\"publisher\":{\"@id\":\"https:\\\/\\\/kem-europe.eu\\\/#organization\"},\"potentialAction\":[{\"@type\":\"SearchAction\",\"target\":{\"@type\":\"EntryPoint\",\"urlTemplate\":\"https:\\\/\\\/kem-europe.eu\\\/?s={search_term_string}\"},\"query-input\":{\"@type\":\"PropertyValueSpecification\",\"valueRequired\":true,\"valueName\":\"search_term_string\"}}],\"inLanguage\":\"de\"},{\"@type\":\"Organization\",\"@id\":\"https:\\\/\\\/kem-europe.eu\\\/#organization\",\"name\":\"KEM Europe\",\"url\":\"https:\\\/\\\/kem-europe.eu\\\/\",\"logo\":{\"@type\":\"ImageObject\",\"inLanguage\":\"de\",\"@id\":\"https:\\\/\\\/kem-europe.eu\\\/#\\\/schema\\\/logo\\\/image\\\/\",\"url\":\"https:\\\/\\\/kem-europe.eu\\\/wp-content\\\/uploads\\\/2025\\\/02\\\/KEM2019-BLACK-1500W.png\",\"contentUrl\":\"https:\\\/\\\/kem-europe.eu\\\/wp-content\\\/uploads\\\/2025\\\/02\\\/KEM2019-BLACK-1500W.png\",\"width\":1500,\"height\":626,\"caption\":\"KEM Europe\"},\"image\":{\"@id\":\"https:\\\/\\\/kem-europe.eu\\\/#\\\/schema\\\/logo\\\/image\\\/\"}}]}<\/script>\n<!-- \/ Yoast SEO plugin. -->","yoast_head_json":{"title":"DiStar Vortex Staubabsaugung - F\u00fcr Winkelschleifer 115-125 - KEM Europe","robots":{"index":"index","follow":"follow","max-snippet":"max-snippet:-1","max-image-preview":"max-image-preview:large","max-video-preview":"max-video-preview:-1"},"canonical":"https:\/\/kem-europe.eu\/de\/produkt\/distar-vortex-staubschutz-fuer-winkelschleifer-115-125mm\/","og_locale":"de_DE","og_type":"article","og_title":"DiStar Vortex Stofafzuigkap \u2013 Voor Haakse Slijpers 115-125 - KEM Europe","og_description":"\u2705 Stofvrij werken \u2705 Universeel sluitsysteem \u2705 Effici\u00ebnt bewegen \u2705 Maximale stofextractie \u2705 Nauwe oppervlakteslijping","og_url":"https:\/\/kem-europe.eu\/de\/produkt\/distar-vortex-staubschutz-fuer-winkelschleifer-115-125mm\/","og_site_name":"KEM Europe","article_modified_time":"2025-02-27T11:45:41+00:00","og_image":[{"width":700,"height":700,"url":"https:\/\/kem-europe.eu\/wp-content\/uploads\/2025\/02\/Vortex-1.jpg","type":"image\/jpeg"}],"twitter_card":"summary_large_image","twitter_misc":{"Gesch\u00e4tzte Lesezeit":"2\u00a0Minuten"},"schema":{"@context":"https:\/\/schema.org","@graph":[{"@type":"WebPage","@id":"https:\/\/kem-europe.eu\/product\/distar-vortex-stofafzuigkap-voor-haakse-slijpers-115-125\/","url":"https:\/\/kem-europe.eu\/product\/distar-vortex-stofafzuigkap-voor-haakse-slijpers-115-125\/","name":"DiStar Vortex Staubabsaugung - F\u00fcr Winkelschleifer 115-125 - KEM Europe","isPartOf":{"@id":"https:\/\/kem-europe.eu\/#website"},"primaryImageOfPage":{"@id":"https:\/\/kem-europe.eu\/product\/distar-vortex-stofafzuigkap-voor-haakse-slijpers-115-125\/#primaryimage"},"image":{"@id":"https:\/\/kem-europe.eu\/product\/distar-vortex-stofafzuigkap-voor-haakse-slijpers-115-125\/#primaryimage"},"thumbnailUrl":"https:\/\/kem-europe.eu\/wp-content\/uploads\/2025\/02\/Vortex-1.jpg","datePublished":"2025-02-27T09:01:20+00:00","dateModified":"2025-02-27T11:45:41+00:00","breadcrumb":{"@id":"https:\/\/kem-europe.eu\/product\/distar-vortex-stofafzuigkap-voor-haakse-slijpers-115-125\/#breadcrumb"},"inLanguage":"de","potentialAction":[{"@type":"ReadAction","target":["https:\/\/kem-europe.eu\/product\/distar-vortex-stofafzuigkap-voor-haakse-slijpers-115-125\/"]}]},{"@type":"ImageObject","inLanguage":"de","@id":"https:\/\/kem-europe.eu\/product\/distar-vortex-stofafzuigkap-voor-haakse-slijpers-115-125\/#primaryimage","url":"https:\/\/kem-europe.eu\/wp-content\/uploads\/2025\/02\/Vortex-1.jpg","contentUrl":"https:\/\/kem-europe.eu\/wp-content\/uploads\/2025\/02\/Vortex-1.jpg","width":700,"height":700},{"@type":"BreadcrumbList","@id":"https:\/\/kem-europe.eu\/product\/distar-vortex-stofafzuigkap-voor-haakse-slijpers-115-125\/#breadcrumb","itemListElement":[{"@type":"ListItem","position":1,"name":"Home","item":"https:\/\/kem-europe.eu\/"},{"@type":"ListItem","position":2,"name":"Winkel","item":"https:\/\/kem-europe.eu\/winkel\/"},{"@type":"ListItem","position":3,"name":"DiStar Vortex Stofafzuigkap \u2013 Voor Haakse Slijpers 115-125"}]},{"@type":"WebSite","@id":"https:\/\/kem-europe.eu\/#website","url":"https:\/\/kem-europe.eu\/","name":"KEM Europe","description":"","publisher":{"@id":"https:\/\/kem-europe.eu\/#organization"},"potentialAction":[{"@type":"SearchAction","target":{"@type":"EntryPoint","urlTemplate":"https:\/\/kem-europe.eu\/?s={search_term_string}"},"query-input":{"@type":"PropertyValueSpecification","valueRequired":true,"valueName":"search_term_string"}}],"inLanguage":"de"},{"@type":"Organization","@id":"https:\/\/kem-europe.eu\/#organization","name":"KEM Europe","url":"https:\/\/kem-europe.eu\/","logo":{"@type":"ImageObject","inLanguage":"de","@id":"https:\/\/kem-europe.eu\/#\/schema\/logo\/image\/","url":"https:\/\/kem-europe.eu\/wp-content\/uploads\/2025\/02\/KEM2019-BLACK-1500W.png","contentUrl":"https:\/\/kem-europe.eu\/wp-content\/uploads\/2025\/02\/KEM2019-BLACK-1500W.png","width":1500,"height":626,"caption":"KEM Europe"},"image":{"@id":"https:\/\/kem-europe.eu\/#\/schema\/logo\/image\/"}}]}},"_links":{"self":[{"href":"https:\/\/kem-europe.eu\/de\/wp-json\/wp\/v2\/product\/3518","targetHints":{"allow":["GET"]}}],"collection":[{"href":"https:\/\/kem-europe.eu\/de\/wp-json\/wp\/v2\/product"}],"about":[{"href":"https:\/\/kem-europe.eu\/de\/wp-json\/wp\/v2\/types\/product"}],"replies":[{"embeddable":true,"href":"https:\/\/kem-europe.eu\/de\/wp-json\/wp\/v2\/comments?post=3518"}],"wp:featuredmedia":[{"embeddable":true,"href":"https:\/\/kem-europe.eu\/de\/wp-json\/wp\/v2\/media\/3612"}],"wp:attachment":[{"href":"https:\/\/kem-europe.eu\/de\/wp-json\/wp\/v2\/media?parent=3518"}],"wp:term":[{"taxonomy":"product_brand","embeddable":true,"href":"https:\/\/kem-europe.eu\/de\/wp-json\/wp\/v2\/product_brand?post=3518"},{"taxonomy":"product_cat","embeddable":true,"href":"https:\/\/kem-europe.eu\/de\/wp-json\/wp\/v2\/product_cat?post=3518"},{"taxonomy":"product_tag","embeddable":true,"href":"https:\/\/kem-europe.eu\/de\/wp-json\/wp\/v2\/product_tag?post=3518"}],"curies":[{"name":"wp","href":"https:\/\/api.w.org\/{rel}","templated":true}]}}