{"id":408,"date":"2025-02-27T08:10:10","date_gmt":"2025-02-27T08:10:10","guid":{"rendered":"https:\/\/kem-europe.eu\/?post_type=product&#038;p=408"},"modified":"2025-02-27T13:43:06","modified_gmt":"2025-02-27T13:43:06","slug":"baier-bdb829-diamant-kernbohrmaschine-trocken-1-2-1-1-4-2150w-2-gang","status":"publish","type":"product","link":"https:\/\/kem-europe.eu\/de\/product\/baier-bdb829-diamant-droogboormachine-1-2-1-1-4-2150w-2-speed\/","title":{"rendered":"Baier BDB829 Diamant-Trockenbohrmaschine 1\/2\u2033 \/ 1 1\/4\u2033 2150W - 2 Gang"},"content":{"rendered":"<p><span style=\"color: #000000;\"><strong>Eigenschaften Baier - BDB829 - Diamant-Trockenbohrmaschine - 1\/2\u2033 \/ 1 1\/4\u2033 - 2150W - 2 Geschwindigkeiten<\/strong><\/span><\/p>\n<p><span style=\"color: #000000;\">Die Baier BDB829 ist eine Trockenbohrmaschine der Spitzenklasse. Die Maschine nutzt das (Fein-)Vakuum, um Staub und Splitt zu entfernen, w\u00e4hrend der Luftstrom die Maschine k\u00fchlt. So wird der Schmutz sofort beseitigt und kein Tropfen Wasser ist im Spiel.\u00a0<\/span><\/p>\n<ul>\n<li><span style=\"color: #000000;\">Diamant-Trockenbohren bis zu 252 mm in Stahlbeton!<\/span><\/li>\n<li><span style=\"color: #000000;\">2 Geschwindigkeit<\/span><\/li>\n<li><span style=\"color: #000000;\">Weicher Aufprall<\/span><\/li>\n<li><span style=\"color: #000000;\">Schneller Bohrungswechsel dank 1 1\/4 UNC-Anschluss<\/span><\/li>\n<li><span style=\"color: #000000;\">Ergonomische Gestaltung<\/span><\/li>\n<li><span style=\"color: #000000;\">Hohe Pr\u00e4zision bei Verwendung eines Stativs, auch bei gr\u00f6\u00dferen Bohrdurchmessern<\/span><\/li>\n<li><span style=\"color: #000000;\">\u00dcberlastungsschutz<\/span><\/li>\n<li><span style=\"color: #000000;\">Elektronische und mechanische Kopplung<\/span><\/li>\n<li><span style=\"color: #000000;\">Nahezu kein Verschlei\u00df der Rutschkupplung durch elektronische Steuerung<\/span><\/li>\n<li><span style=\"color: #000000;\">Elektronischer Sanftanlauf<\/span><\/li>\n<li><span style=\"color: #000000;\">LED-Anzeige f\u00fcr optimale Bohrleistung<\/span><\/li>\n<\/ul>\n<p><span style=\"color: #000000;\"><strong>Technische Daten<\/strong><\/span><\/p>\n<ul>\n<li><span style=\"color: #000000;\">Leistung - 2150 Watt<\/span><\/li>\n<li><span style=\"color: #000000;\">Geschwindigkeit Gang 1 - 725Rpm - 57Nm<\/span><\/li>\n<li><span style=\"color: #000000;\">Bohrleistung Getriebe 1 - 80-252mm<\/span><\/li>\n<li><span style=\"color: #000000;\">Schlagfrequenz Getriebe 1 - 14.500Spm<\/span><\/li>\n<li><span style=\"color: #000000;\">Geschwindigkeit Gang 2 - 1500Rpm - 27Nm<\/span><\/li>\n<li><span style=\"color: #000000;\">Bohrleistung Getriebe 2 - 42-80mm<\/span><\/li>\n<li><span style=\"color: #000000;\">Hubzahlbeschleunigung 2 - 30.000Spm<\/span><\/li>\n<li><span style=\"color: #000000;\">Gewicht - 6,6 kg<\/span><\/li>\n<li><span style=\"color: #000000;\">Aufwicklung - 1\/2\u2033 und 1 1\/4\u2033<\/span><\/li>\n<\/ul>\n<p><span style=\"color: #000000;\"><strong>Umfang der Lieferung<\/strong><\/span><\/p>\n<ul>\n<li><span style=\"color: #000000;\">1x BDB 829 Diamant-Trockenbohrmaschine<\/span><\/li>\n<li><span style=\"color: #000000;\">1x Maulschl\u00fcssel 41<\/span><\/li>\n<li><span style=\"color: #000000;\">1x Maulschl\u00fcssel 36<\/span><\/li>\n<li><span style=\"color: #000000;\">Geliefert im Kunststoffkoffer<\/span><\/li>\n<\/ul>","protected":false},"excerpt":{"rendered":"<p>Kenmerken Baier &#8211; BDB829 &#8211; Diamant droogboormachine &#8211; 1\/2&#8243; \/ 1 1\/4&#8243; &#8211; 2150W &#8211; 2 speed De Baier BDB829 is een top kwaliteit droogboormachine. De machine maakt gebruik van de (fijn)stofzuiger om stof en gruis af te voeren terwijl de luchtstroom de machine koelt. Het vuil is dus direct opgeruimd en er komt geen [&hellip;]<\/p>\n","protected":false},"featured_media":466,"comment_status":"closed","ping_status":"closed","template":"","meta":[],"product_brand":[626],"product_cat":[74,17],"product_tag":[],"class_list":{"0":"post-408","1":"product","2":"type-product","3":"status-publish","4":"has-post-thumbnail","6":"product_brand-baier","7":"product_cat-diamant-boormachine","8":"product_cat-machines","10":"first","11":"instock","12":"purchasable","13":"product-type-simple"},"ct_brands":[{"id":626,"name":"BAIER","slug":"baier-info"}],"yoast_head":"<!-- This site is optimized with the Yoast SEO plugin v27.4 - https:\/\/yoast.com\/product\/yoast-seo-wordpress\/ -->\n<title>Baier BDB829 Diamant droogboormachine 1\/2&quot; \/ 1 1\/4&quot; 2150W - 2 speed - KEM Europe<\/title>\n<meta name=\"robots\" content=\"index, follow, max-snippet:-1, max-image-preview:large, max-video-preview:-1\" \/>\n<link rel=\"canonical\" href=\"https:\/\/kem-europe.eu\/de\/produkt\/baier-bdb829-diamant-kernbohrmaschine-trocken-1-2-1-1-4-2150w-2-gang\/\" \/>\n<meta property=\"og:locale\" content=\"de_DE\" \/>\n<meta property=\"og:type\" content=\"article\" \/>\n<meta property=\"og:title\" content=\"Baier BDB829 Diamant droogboormachine 1\/2&quot; \/ 1 1\/4&quot; 2150W - 2 speed - KEM Europe\" \/>\n<meta property=\"og:description\" content=\"Kenmerken Baier &#8211; BDB829 &#8211; Diamant droogboormachine &#8211; 1\/2&#8243; \/ 1 1\/4&#8243; &#8211; 2150W &#8211; 2 speed De Baier BDB829 is een top kwaliteit droogboormachine. De machine maakt gebruik van de (fijn)stofzuiger om stof en gruis af te voeren terwijl de luchtstroom de machine koelt. Het vuil is dus direct opgeruimd en er komt geen [&hellip;]\" \/>\n<meta property=\"og:url\" content=\"https:\/\/kem-europe.eu\/de\/produkt\/baier-bdb829-diamant-kernbohrmaschine-trocken-1-2-1-1-4-2150w-2-gang\/\" \/>\n<meta property=\"og:site_name\" content=\"KEM Europe\" \/>\n<meta property=\"article:modified_time\" content=\"2025-02-27T13:43:06+00:00\" \/>\n<meta property=\"og:image\" content=\"https:\/\/kem-europe.eu\/wp-content\/uploads\/2025\/02\/Baier-PHD-829.jpg\" \/>\n\t<meta property=\"og:image:width\" content=\"700\" \/>\n\t<meta property=\"og:image:height\" content=\"700\" \/>\n\t<meta property=\"og:image:type\" content=\"image\/jpeg\" \/>\n<meta name=\"twitter:card\" content=\"summary_large_image\" \/>\n<meta name=\"twitter:label1\" content=\"Gesch\u00e4tzte Lesezeit\" \/>\n\t<meta name=\"twitter:data1\" content=\"1\u00a0Minute\" \/>\n<script type=\"application\/ld+json\" class=\"yoast-schema-graph\">{\"@context\":\"https:\\\/\\\/schema.org\",\"@graph\":[{\"@type\":\"WebPage\",\"@id\":\"https:\\\/\\\/kem-europe.eu\\\/product\\\/baier-bdb829-diamant-droogboormachine-1-2-1-1-4-2150w-2-speed\\\/\",\"url\":\"https:\\\/\\\/kem-europe.eu\\\/product\\\/baier-bdb829-diamant-droogboormachine-1-2-1-1-4-2150w-2-speed\\\/\",\"name\":\"Baier BDB829 Diamant droogboormachine 1\\\/2\\\" \\\/ 1 1\\\/4\\\" 2150W - 2 speed - KEM Europe\",\"isPartOf\":{\"@id\":\"https:\\\/\\\/kem-europe.eu\\\/#website\"},\"primaryImageOfPage\":{\"@id\":\"https:\\\/\\\/kem-europe.eu\\\/product\\\/baier-bdb829-diamant-droogboormachine-1-2-1-1-4-2150w-2-speed\\\/#primaryimage\"},\"image\":{\"@id\":\"https:\\\/\\\/kem-europe.eu\\\/product\\\/baier-bdb829-diamant-droogboormachine-1-2-1-1-4-2150w-2-speed\\\/#primaryimage\"},\"thumbnailUrl\":\"https:\\\/\\\/kem-europe.eu\\\/wp-content\\\/uploads\\\/2025\\\/02\\\/Baier-PHD-829.jpg\",\"datePublished\":\"2025-02-27T08:10:10+00:00\",\"dateModified\":\"2025-02-27T13:43:06+00:00\",\"breadcrumb\":{\"@id\":\"https:\\\/\\\/kem-europe.eu\\\/product\\\/baier-bdb829-diamant-droogboormachine-1-2-1-1-4-2150w-2-speed\\\/#breadcrumb\"},\"inLanguage\":\"de\",\"potentialAction\":[{\"@type\":\"ReadAction\",\"target\":[\"https:\\\/\\\/kem-europe.eu\\\/product\\\/baier-bdb829-diamant-droogboormachine-1-2-1-1-4-2150w-2-speed\\\/\"]}]},{\"@type\":\"ImageObject\",\"inLanguage\":\"de\",\"@id\":\"https:\\\/\\\/kem-europe.eu\\\/product\\\/baier-bdb829-diamant-droogboormachine-1-2-1-1-4-2150w-2-speed\\\/#primaryimage\",\"url\":\"https:\\\/\\\/kem-europe.eu\\\/wp-content\\\/uploads\\\/2025\\\/02\\\/Baier-PHD-829.jpg\",\"contentUrl\":\"https:\\\/\\\/kem-europe.eu\\\/wp-content\\\/uploads\\\/2025\\\/02\\\/Baier-PHD-829.jpg\",\"width\":700,\"height\":700},{\"@type\":\"BreadcrumbList\",\"@id\":\"https:\\\/\\\/kem-europe.eu\\\/product\\\/baier-bdb829-diamant-droogboormachine-1-2-1-1-4-2150w-2-speed\\\/#breadcrumb\",\"itemListElement\":[{\"@type\":\"ListItem\",\"position\":1,\"name\":\"Home\",\"item\":\"https:\\\/\\\/kem-europe.eu\\\/\"},{\"@type\":\"ListItem\",\"position\":2,\"name\":\"Winkel\",\"item\":\"https:\\\/\\\/kem-europe.eu\\\/winkel\\\/\"},{\"@type\":\"ListItem\",\"position\":3,\"name\":\"Baier BDB829 Diamant droogboormachine 1\\\/2&#8243; \\\/ 1 1\\\/4&#8243; 2150W &#8211; 2 speed\"}]},{\"@type\":\"WebSite\",\"@id\":\"https:\\\/\\\/kem-europe.eu\\\/#website\",\"url\":\"https:\\\/\\\/kem-europe.eu\\\/\",\"name\":\"KEM Europe\",\"description\":\"\",\"publisher\":{\"@id\":\"https:\\\/\\\/kem-europe.eu\\\/#organization\"},\"potentialAction\":[{\"@type\":\"SearchAction\",\"target\":{\"@type\":\"EntryPoint\",\"urlTemplate\":\"https:\\\/\\\/kem-europe.eu\\\/?s={search_term_string}\"},\"query-input\":{\"@type\":\"PropertyValueSpecification\",\"valueRequired\":true,\"valueName\":\"search_term_string\"}}],\"inLanguage\":\"de\"},{\"@type\":\"Organization\",\"@id\":\"https:\\\/\\\/kem-europe.eu\\\/#organization\",\"name\":\"KEM Europe\",\"url\":\"https:\\\/\\\/kem-europe.eu\\\/\",\"logo\":{\"@type\":\"ImageObject\",\"inLanguage\":\"de\",\"@id\":\"https:\\\/\\\/kem-europe.eu\\\/#\\\/schema\\\/logo\\\/image\\\/\",\"url\":\"https:\\\/\\\/kem-europe.eu\\\/wp-content\\\/uploads\\\/2025\\\/02\\\/KEM2019-BLACK-1500W.png\",\"contentUrl\":\"https:\\\/\\\/kem-europe.eu\\\/wp-content\\\/uploads\\\/2025\\\/02\\\/KEM2019-BLACK-1500W.png\",\"width\":1500,\"height\":626,\"caption\":\"KEM Europe\"},\"image\":{\"@id\":\"https:\\\/\\\/kem-europe.eu\\\/#\\\/schema\\\/logo\\\/image\\\/\"}}]}<\/script>\n<!-- \/ Yoast SEO plugin. -->","yoast_head_json":{"title":"Baier BDB829 Diamant-Trockenbohrmaschine 1\/2\" \/ 1 1\/4\" 2150W - 2 Geschwindigkeiten - KEM Europe","robots":{"index":"index","follow":"follow","max-snippet":"max-snippet:-1","max-image-preview":"max-image-preview:large","max-video-preview":"max-video-preview:-1"},"canonical":"https:\/\/kem-europe.eu\/de\/produkt\/baier-bdb829-diamant-kernbohrmaschine-trocken-1-2-1-1-4-2150w-2-gang\/","og_locale":"de_DE","og_type":"article","og_title":"Baier BDB829 Diamant droogboormachine 1\/2\" \/ 1 1\/4\" 2150W - 2 speed - KEM Europe","og_description":"Kenmerken Baier &#8211; BDB829 &#8211; Diamant droogboormachine &#8211; 1\/2&#8243; \/ 1 1\/4&#8243; &#8211; 2150W &#8211; 2 speed De Baier BDB829 is een top kwaliteit droogboormachine. De machine maakt gebruik van de (fijn)stofzuiger om stof en gruis af te voeren terwijl de luchtstroom de machine koelt. Het vuil is dus direct opgeruimd en er komt geen [&hellip;]","og_url":"https:\/\/kem-europe.eu\/de\/produkt\/baier-bdb829-diamant-kernbohrmaschine-trocken-1-2-1-1-4-2150w-2-gang\/","og_site_name":"KEM Europe","article_modified_time":"2025-02-27T13:43:06+00:00","og_image":[{"width":700,"height":700,"url":"https:\/\/kem-europe.eu\/wp-content\/uploads\/2025\/02\/Baier-PHD-829.jpg","type":"image\/jpeg"}],"twitter_card":"summary_large_image","twitter_misc":{"Gesch\u00e4tzte Lesezeit":"1\u00a0Minute"},"schema":{"@context":"https:\/\/schema.org","@graph":[{"@type":"WebPage","@id":"https:\/\/kem-europe.eu\/product\/baier-bdb829-diamant-droogboormachine-1-2-1-1-4-2150w-2-speed\/","url":"https:\/\/kem-europe.eu\/product\/baier-bdb829-diamant-droogboormachine-1-2-1-1-4-2150w-2-speed\/","name":"Baier BDB829 Diamant-Trockenbohrmaschine 1\/2\" \/ 1 1\/4\" 2150W - 2 Geschwindigkeiten - KEM Europe","isPartOf":{"@id":"https:\/\/kem-europe.eu\/#website"},"primaryImageOfPage":{"@id":"https:\/\/kem-europe.eu\/product\/baier-bdb829-diamant-droogboormachine-1-2-1-1-4-2150w-2-speed\/#primaryimage"},"image":{"@id":"https:\/\/kem-europe.eu\/product\/baier-bdb829-diamant-droogboormachine-1-2-1-1-4-2150w-2-speed\/#primaryimage"},"thumbnailUrl":"https:\/\/kem-europe.eu\/wp-content\/uploads\/2025\/02\/Baier-PHD-829.jpg","datePublished":"2025-02-27T08:10:10+00:00","dateModified":"2025-02-27T13:43:06+00:00","breadcrumb":{"@id":"https:\/\/kem-europe.eu\/product\/baier-bdb829-diamant-droogboormachine-1-2-1-1-4-2150w-2-speed\/#breadcrumb"},"inLanguage":"de","potentialAction":[{"@type":"ReadAction","target":["https:\/\/kem-europe.eu\/product\/baier-bdb829-diamant-droogboormachine-1-2-1-1-4-2150w-2-speed\/"]}]},{"@type":"ImageObject","inLanguage":"de","@id":"https:\/\/kem-europe.eu\/product\/baier-bdb829-diamant-droogboormachine-1-2-1-1-4-2150w-2-speed\/#primaryimage","url":"https:\/\/kem-europe.eu\/wp-content\/uploads\/2025\/02\/Baier-PHD-829.jpg","contentUrl":"https:\/\/kem-europe.eu\/wp-content\/uploads\/2025\/02\/Baier-PHD-829.jpg","width":700,"height":700},{"@type":"BreadcrumbList","@id":"https:\/\/kem-europe.eu\/product\/baier-bdb829-diamant-droogboormachine-1-2-1-1-4-2150w-2-speed\/#breadcrumb","itemListElement":[{"@type":"ListItem","position":1,"name":"Home","item":"https:\/\/kem-europe.eu\/"},{"@type":"ListItem","position":2,"name":"Winkel","item":"https:\/\/kem-europe.eu\/winkel\/"},{"@type":"ListItem","position":3,"name":"Baier BDB829 Diamant droogboormachine 1\/2&#8243; \/ 1 1\/4&#8243; 2150W &#8211; 2 speed"}]},{"@type":"WebSite","@id":"https:\/\/kem-europe.eu\/#website","url":"https:\/\/kem-europe.eu\/","name":"KEM Europe","description":"","publisher":{"@id":"https:\/\/kem-europe.eu\/#organization"},"potentialAction":[{"@type":"SearchAction","target":{"@type":"EntryPoint","urlTemplate":"https:\/\/kem-europe.eu\/?s={search_term_string}"},"query-input":{"@type":"PropertyValueSpecification","valueRequired":true,"valueName":"search_term_string"}}],"inLanguage":"de"},{"@type":"Organization","@id":"https:\/\/kem-europe.eu\/#organization","name":"KEM Europe","url":"https:\/\/kem-europe.eu\/","logo":{"@type":"ImageObject","inLanguage":"de","@id":"https:\/\/kem-europe.eu\/#\/schema\/logo\/image\/","url":"https:\/\/kem-europe.eu\/wp-content\/uploads\/2025\/02\/KEM2019-BLACK-1500W.png","contentUrl":"https:\/\/kem-europe.eu\/wp-content\/uploads\/2025\/02\/KEM2019-BLACK-1500W.png","width":1500,"height":626,"caption":"KEM Europe"},"image":{"@id":"https:\/\/kem-europe.eu\/#\/schema\/logo\/image\/"}}]}},"_links":{"self":[{"href":"https:\/\/kem-europe.eu\/de\/wp-json\/wp\/v2\/product\/408","targetHints":{"allow":["GET"]}}],"collection":[{"href":"https:\/\/kem-europe.eu\/de\/wp-json\/wp\/v2\/product"}],"about":[{"href":"https:\/\/kem-europe.eu\/de\/wp-json\/wp\/v2\/types\/product"}],"replies":[{"embeddable":true,"href":"https:\/\/kem-europe.eu\/de\/wp-json\/wp\/v2\/comments?post=408"}],"wp:featuredmedia":[{"embeddable":true,"href":"https:\/\/kem-europe.eu\/de\/wp-json\/wp\/v2\/media\/466"}],"wp:attachment":[{"href":"https:\/\/kem-europe.eu\/de\/wp-json\/wp\/v2\/media?parent=408"}],"wp:term":[{"taxonomy":"product_brand","embeddable":true,"href":"https:\/\/kem-europe.eu\/de\/wp-json\/wp\/v2\/product_brand?post=408"},{"taxonomy":"product_cat","embeddable":true,"href":"https:\/\/kem-europe.eu\/de\/wp-json\/wp\/v2\/product_cat?post=408"},{"taxonomy":"product_tag","embeddable":true,"href":"https:\/\/kem-europe.eu\/de\/wp-json\/wp\/v2\/product_tag?post=408"}],"curies":[{"name":"wp","href":"https:\/\/api.w.org\/{rel}","templated":true}]}}