{"id":441,"date":"2025-02-27T08:10:31","date_gmt":"2025-02-27T08:10:31","guid":{"rendered":"https:\/\/kem-europe.eu\/?post_type=product&#038;p=441"},"modified":"2025-03-06T13:30:01","modified_gmt":"2025-03-06T13:30:01","slug":"globe-standard-vertiefte-nabe-a-24-30-36-r","status":"publish","type":"product","link":"https:\/\/kem-europe.eu\/de\/product\/globe-standaard-verzonken-kern-a-24-30-36-r\/","title":{"rendered":"Globus - Standard-Einbaukern A-24-30-36-R"},"content":{"rendered":"<p>Entgraten mit Winkelschleifern: Schleifscheiben mit vertieftem Kern.<\/p>\n<p>Globe bietet eine breite Palette von Standard-Flachtrennscheiben von 2,5 mm bis 4,8 mm Dicke f\u00fcr Winkelschleifer an. Verschiedene Arten von Schleifmitteln, Bindemitteln und H\u00e4rten bilden die Grundlage, um die h\u00f6chstm\u00f6gliche Leistung der Scheiben f\u00fcr jede Anwendung zu erzielen. Die Qualit\u00e4t der Globe-Schleifscheiben erh\u00f6ht die Effizienz, was in Muster- und Labortests nachgewiesen wurde. Globe-Schleifscheiben werden unter strengen Unwuchtbedingungen hergestellt, um die w\u00e4hrend des Gebrauchs auftretenden Vibrationen zu minimieren.<\/p>\n<p><em>G0122<br \/>\nG0123<br \/>\nG0124<br \/>\nG0125<br \/>\n5325155110100<br \/>\n<\/em>G0127<br \/>\nG0128<\/p>","protected":false},"excerpt":{"rendered":"<p><span style=\"color: #cc0000;\"><strong><span style=\"color: #333333;\">Versenkter Kern | Typ: 27<\/span><\/strong><em><br \/>\n<\/em><\/span><\/p>\n<p>Sehr gute Schleifleistung. F\u00fcr schwere Arbeiten wie zackige Kanten oder scharfe Ecken von Eisenmetallen.<\/p>","protected":false},"featured_media":488,"comment_status":"closed","ping_status":"closed","template":"","meta":[],"product_brand":[620],"product_cat":[93,92],"product_tag":[],"class_list":{"0":"post-441","1":"product","2":"type-product","3":"status-publish","4":"has-post-thumbnail","6":"product_brand-globe","7":"product_cat-afbraamschijf","8":"product_cat-schuur-slijpmiddelen","10":"first","11":"instock","12":"purchasable","13":"product-type-variable"},"ct_brands":[{"id":620,"name":"GLOBE","slug":"globe"}],"yoast_head":"<!-- This site is optimized with the Yoast SEO plugin v27.3 - https:\/\/yoast.com\/product\/yoast-seo-wordpress\/ -->\n<title>Globe - Standaard verzonken kern A-24-30-36-R - KEM Europe<\/title>\n<meta name=\"robots\" content=\"index, follow, max-snippet:-1, max-image-preview:large, max-video-preview:-1\" \/>\n<link rel=\"canonical\" href=\"https:\/\/kem-europe.eu\/de\/produkt\/globe-standard-vertiefte-nabe-a-24-30-36-r\/\" \/>\n<meta property=\"og:locale\" content=\"de_DE\" \/>\n<meta property=\"og:type\" content=\"article\" \/>\n<meta property=\"og:title\" content=\"Globe - Standaard verzonken kern A-24-30-36-R - KEM Europe\" \/>\n<meta property=\"og:description\" content=\"Verzonken kern | Type: 27   Zeer goede schuur capaciteit. Voor zware werk als gekartelde randen of scherpe hoeken van ijzerhoudende metalen.\" \/>\n<meta property=\"og:url\" content=\"https:\/\/kem-europe.eu\/de\/produkt\/globe-standard-vertiefte-nabe-a-24-30-36-r\/\" \/>\n<meta property=\"og:site_name\" content=\"KEM Europe\" \/>\n<meta property=\"article:modified_time\" content=\"2025-03-06T13:30:01+00:00\" \/>\n<meta property=\"og:image\" content=\"https:\/\/kem-europe.eu\/wp-content\/uploads\/2025\/02\/Globe-A243036RBF.jpg\" \/>\n\t<meta property=\"og:image:width\" content=\"700\" \/>\n\t<meta property=\"og:image:height\" content=\"700\" \/>\n\t<meta property=\"og:image:type\" content=\"image\/jpeg\" \/>\n<meta name=\"twitter:card\" content=\"summary_large_image\" \/>\n<meta name=\"twitter:label1\" content=\"Gesch\u00e4tzte Lesezeit\" \/>\n\t<meta name=\"twitter:data1\" content=\"1\u00a0Minute\" \/>\n<script type=\"application\/ld+json\" class=\"yoast-schema-graph\">{\"@context\":\"https:\\\/\\\/schema.org\",\"@graph\":[{\"@type\":\"WebPage\",\"@id\":\"https:\\\/\\\/kem-europe.eu\\\/product\\\/globe-standaard-verzonken-kern-a-24-30-36-r\\\/\",\"url\":\"https:\\\/\\\/kem-europe.eu\\\/product\\\/globe-standaard-verzonken-kern-a-24-30-36-r\\\/\",\"name\":\"Globe - Standaard verzonken kern A-24-30-36-R - KEM Europe\",\"isPartOf\":{\"@id\":\"https:\\\/\\\/kem-europe.eu\\\/#website\"},\"primaryImageOfPage\":{\"@id\":\"https:\\\/\\\/kem-europe.eu\\\/product\\\/globe-standaard-verzonken-kern-a-24-30-36-r\\\/#primaryimage\"},\"image\":{\"@id\":\"https:\\\/\\\/kem-europe.eu\\\/product\\\/globe-standaard-verzonken-kern-a-24-30-36-r\\\/#primaryimage\"},\"thumbnailUrl\":\"https:\\\/\\\/kem-europe.eu\\\/wp-content\\\/uploads\\\/2025\\\/02\\\/Globe-A243036RBF.jpg\",\"datePublished\":\"2025-02-27T08:10:31+00:00\",\"dateModified\":\"2025-03-06T13:30:01+00:00\",\"breadcrumb\":{\"@id\":\"https:\\\/\\\/kem-europe.eu\\\/product\\\/globe-standaard-verzonken-kern-a-24-30-36-r\\\/#breadcrumb\"},\"inLanguage\":\"de\",\"potentialAction\":[{\"@type\":\"ReadAction\",\"target\":[\"https:\\\/\\\/kem-europe.eu\\\/product\\\/globe-standaard-verzonken-kern-a-24-30-36-r\\\/\"]}]},{\"@type\":\"ImageObject\",\"inLanguage\":\"de\",\"@id\":\"https:\\\/\\\/kem-europe.eu\\\/product\\\/globe-standaard-verzonken-kern-a-24-30-36-r\\\/#primaryimage\",\"url\":\"https:\\\/\\\/kem-europe.eu\\\/wp-content\\\/uploads\\\/2025\\\/02\\\/Globe-A243036RBF.jpg\",\"contentUrl\":\"https:\\\/\\\/kem-europe.eu\\\/wp-content\\\/uploads\\\/2025\\\/02\\\/Globe-A243036RBF.jpg\",\"width\":700,\"height\":700},{\"@type\":\"BreadcrumbList\",\"@id\":\"https:\\\/\\\/kem-europe.eu\\\/product\\\/globe-standaard-verzonken-kern-a-24-30-36-r\\\/#breadcrumb\",\"itemListElement\":[{\"@type\":\"ListItem\",\"position\":1,\"name\":\"Home\",\"item\":\"https:\\\/\\\/kem-europe.eu\\\/\"},{\"@type\":\"ListItem\",\"position\":2,\"name\":\"Winkel\",\"item\":\"https:\\\/\\\/kem-europe.eu\\\/winkel\\\/\"},{\"@type\":\"ListItem\",\"position\":3,\"name\":\"Globe &#8211; Standaard verzonken kern A-24-30-36-R\"}]},{\"@type\":\"WebSite\",\"@id\":\"https:\\\/\\\/kem-europe.eu\\\/#website\",\"url\":\"https:\\\/\\\/kem-europe.eu\\\/\",\"name\":\"KEM Europe\",\"description\":\"\",\"publisher\":{\"@id\":\"https:\\\/\\\/kem-europe.eu\\\/#organization\"},\"potentialAction\":[{\"@type\":\"SearchAction\",\"target\":{\"@type\":\"EntryPoint\",\"urlTemplate\":\"https:\\\/\\\/kem-europe.eu\\\/?s={search_term_string}\"},\"query-input\":{\"@type\":\"PropertyValueSpecification\",\"valueRequired\":true,\"valueName\":\"search_term_string\"}}],\"inLanguage\":\"de\"},{\"@type\":\"Organization\",\"@id\":\"https:\\\/\\\/kem-europe.eu\\\/#organization\",\"name\":\"KEM Europe\",\"url\":\"https:\\\/\\\/kem-europe.eu\\\/\",\"logo\":{\"@type\":\"ImageObject\",\"inLanguage\":\"de\",\"@id\":\"https:\\\/\\\/kem-europe.eu\\\/#\\\/schema\\\/logo\\\/image\\\/\",\"url\":\"https:\\\/\\\/kem-europe.eu\\\/wp-content\\\/uploads\\\/2025\\\/02\\\/KEM2019-BLACK-1500W.png\",\"contentUrl\":\"https:\\\/\\\/kem-europe.eu\\\/wp-content\\\/uploads\\\/2025\\\/02\\\/KEM2019-BLACK-1500W.png\",\"width\":1500,\"height\":626,\"caption\":\"KEM Europe\"},\"image\":{\"@id\":\"https:\\\/\\\/kem-europe.eu\\\/#\\\/schema\\\/logo\\\/image\\\/\"}}]}<\/script>\n<!-- \/ Yoast SEO plugin. -->","yoast_head_json":{"title":"Globus - Standard-Senkkern A-24-30-36-R - KEM Europe","robots":{"index":"index","follow":"follow","max-snippet":"max-snippet:-1","max-image-preview":"max-image-preview:large","max-video-preview":"max-video-preview:-1"},"canonical":"https:\/\/kem-europe.eu\/de\/produkt\/globe-standard-vertiefte-nabe-a-24-30-36-r\/","og_locale":"de_DE","og_type":"article","og_title":"Globe - Standaard verzonken kern A-24-30-36-R - KEM Europe","og_description":"Verzonken kern | Type: 27   Zeer goede schuur capaciteit. Voor zware werk als gekartelde randen of scherpe hoeken van ijzerhoudende metalen.","og_url":"https:\/\/kem-europe.eu\/de\/produkt\/globe-standard-vertiefte-nabe-a-24-30-36-r\/","og_site_name":"KEM Europe","article_modified_time":"2025-03-06T13:30:01+00:00","og_image":[{"width":700,"height":700,"url":"https:\/\/kem-europe.eu\/wp-content\/uploads\/2025\/02\/Globe-A243036RBF.jpg","type":"image\/jpeg"}],"twitter_card":"summary_large_image","twitter_misc":{"Gesch\u00e4tzte Lesezeit":"1\u00a0Minute"},"schema":{"@context":"https:\/\/schema.org","@graph":[{"@type":"WebPage","@id":"https:\/\/kem-europe.eu\/product\/globe-standaard-verzonken-kern-a-24-30-36-r\/","url":"https:\/\/kem-europe.eu\/product\/globe-standaard-verzonken-kern-a-24-30-36-r\/","name":"Globus - Standard-Senkkern A-24-30-36-R - KEM Europe","isPartOf":{"@id":"https:\/\/kem-europe.eu\/#website"},"primaryImageOfPage":{"@id":"https:\/\/kem-europe.eu\/product\/globe-standaard-verzonken-kern-a-24-30-36-r\/#primaryimage"},"image":{"@id":"https:\/\/kem-europe.eu\/product\/globe-standaard-verzonken-kern-a-24-30-36-r\/#primaryimage"},"thumbnailUrl":"https:\/\/kem-europe.eu\/wp-content\/uploads\/2025\/02\/Globe-A243036RBF.jpg","datePublished":"2025-02-27T08:10:31+00:00","dateModified":"2025-03-06T13:30:01+00:00","breadcrumb":{"@id":"https:\/\/kem-europe.eu\/product\/globe-standaard-verzonken-kern-a-24-30-36-r\/#breadcrumb"},"inLanguage":"de","potentialAction":[{"@type":"ReadAction","target":["https:\/\/kem-europe.eu\/product\/globe-standaard-verzonken-kern-a-24-30-36-r\/"]}]},{"@type":"ImageObject","inLanguage":"de","@id":"https:\/\/kem-europe.eu\/product\/globe-standaard-verzonken-kern-a-24-30-36-r\/#primaryimage","url":"https:\/\/kem-europe.eu\/wp-content\/uploads\/2025\/02\/Globe-A243036RBF.jpg","contentUrl":"https:\/\/kem-europe.eu\/wp-content\/uploads\/2025\/02\/Globe-A243036RBF.jpg","width":700,"height":700},{"@type":"BreadcrumbList","@id":"https:\/\/kem-europe.eu\/product\/globe-standaard-verzonken-kern-a-24-30-36-r\/#breadcrumb","itemListElement":[{"@type":"ListItem","position":1,"name":"Home","item":"https:\/\/kem-europe.eu\/"},{"@type":"ListItem","position":2,"name":"Winkel","item":"https:\/\/kem-europe.eu\/winkel\/"},{"@type":"ListItem","position":3,"name":"Globe &#8211; Standaard verzonken kern A-24-30-36-R"}]},{"@type":"WebSite","@id":"https:\/\/kem-europe.eu\/#website","url":"https:\/\/kem-europe.eu\/","name":"KEM Europe","description":"","publisher":{"@id":"https:\/\/kem-europe.eu\/#organization"},"potentialAction":[{"@type":"SearchAction","target":{"@type":"EntryPoint","urlTemplate":"https:\/\/kem-europe.eu\/?s={search_term_string}"},"query-input":{"@type":"PropertyValueSpecification","valueRequired":true,"valueName":"search_term_string"}}],"inLanguage":"de"},{"@type":"Organization","@id":"https:\/\/kem-europe.eu\/#organization","name":"KEM Europe","url":"https:\/\/kem-europe.eu\/","logo":{"@type":"ImageObject","inLanguage":"de","@id":"https:\/\/kem-europe.eu\/#\/schema\/logo\/image\/","url":"https:\/\/kem-europe.eu\/wp-content\/uploads\/2025\/02\/KEM2019-BLACK-1500W.png","contentUrl":"https:\/\/kem-europe.eu\/wp-content\/uploads\/2025\/02\/KEM2019-BLACK-1500W.png","width":1500,"height":626,"caption":"KEM Europe"},"image":{"@id":"https:\/\/kem-europe.eu\/#\/schema\/logo\/image\/"}}]}},"_links":{"self":[{"href":"https:\/\/kem-europe.eu\/de\/wp-json\/wp\/v2\/product\/441","targetHints":{"allow":["GET"]}}],"collection":[{"href":"https:\/\/kem-europe.eu\/de\/wp-json\/wp\/v2\/product"}],"about":[{"href":"https:\/\/kem-europe.eu\/de\/wp-json\/wp\/v2\/types\/product"}],"replies":[{"embeddable":true,"href":"https:\/\/kem-europe.eu\/de\/wp-json\/wp\/v2\/comments?post=441"}],"wp:featuredmedia":[{"embeddable":true,"href":"https:\/\/kem-europe.eu\/de\/wp-json\/wp\/v2\/media\/488"}],"wp:attachment":[{"href":"https:\/\/kem-europe.eu\/de\/wp-json\/wp\/v2\/media?parent=441"}],"wp:term":[{"taxonomy":"product_brand","embeddable":true,"href":"https:\/\/kem-europe.eu\/de\/wp-json\/wp\/v2\/product_brand?post=441"},{"taxonomy":"product_cat","embeddable":true,"href":"https:\/\/kem-europe.eu\/de\/wp-json\/wp\/v2\/product_cat?post=441"},{"taxonomy":"product_tag","embeddable":true,"href":"https:\/\/kem-europe.eu\/de\/wp-json\/wp\/v2\/product_tag?post=441"}],"curies":[{"name":"wp","href":"https:\/\/api.w.org\/{rel}","templated":true}]}}