{"id":445,"date":"2025-02-27T08:10:32","date_gmt":"2025-02-27T08:10:32","guid":{"rendered":"https:\/\/kem-europe.eu\/?post_type=product&#038;p=445"},"modified":"2025-03-07T15:45:29","modified_gmt":"2025-03-07T15:45:29","slug":"globe-turbotwister-hp-a-24-q","status":"publish","type":"product","link":"https:\/\/kem-europe.eu\/de\/product\/globe-turbotwister-hp-a-24-q\/","title":{"rendered":"Globus - Turbotwister HP A-24-Q"},"content":{"rendered":"<p>Versenkte, semiflexible Schleifscheiben f\u00fcr Winkelschleifer<\/p>\n<p>Turbotwistes sind halbflexible, patentierte Scheiben. Ihr Merkmal ist die Oberfl\u00e4che mit rautenf\u00f6rmigen Rillen, die die Entfernung von Restmaterial beschleunigen und f\u00fcr K\u00fchlung sorgen, die durch die spiralf\u00f6rmige Form durch die Rillen gedr\u00fcckt wird. Die eisen-, schwefel- und chlorfreie Zusammensetzung macht diese Scheibe auch f\u00fcr Edelstahl geeignet. Die gro\u00dfe Kontaktfl\u00e4che garantiert eine sehr flache Abgabe der bearbeiteten Oberfl\u00e4che.<\/p>\n<p>Globe bietet eine breite Palette von Standard-Flachtrennscheiben von 2,5 mm bis 4,8 mm Dicke f\u00fcr Winkelschleifer an. Verschiedene Arten von Schleifmitteln, Bindemitteln und H\u00e4rten bilden die Grundlage, um die h\u00f6chstm\u00f6gliche Leistung der Scheiben f\u00fcr jede Anwendung zu erzielen. Die Qualit\u00e4t der Globe-Scheiben erh\u00f6ht die Effizienz, was in Stichproben und Labortests nachgewiesen wurde.<\/p>\n<p>&nbsp;<\/p>\n<p><strong><em>Art. Nr:<\/em><\/strong><br \/>\n<em>G0811<\/em><br \/>\n<em>G0812<\/em><br \/>\n<em>G0813<\/em><br \/>\n<em>G0814<\/em><\/p>","protected":false},"excerpt":{"rendered":"<p><strong>Versenkter Kern | Typ: 29<\/strong><span style=\"color: #cc0000;\"><em><br \/>\n<\/em><\/span><\/p>\n<p>Perfekt f\u00fcr die Bearbeitung von Eisenmetallen, wo eine hohe Kapazit\u00e4t erforderlich ist, ohne dass die Scheibe verstopft.<\/p>","protected":false},"featured_media":492,"comment_status":"closed","ping_status":"closed","template":"","meta":[],"product_brand":[620],"product_cat":[281,92],"product_tag":[],"class_list":{"0":"post-445","1":"product","2":"type-product","3":"status-publish","4":"has-post-thumbnail","6":"product_brand-globe","7":"product_cat-finishing","8":"product_cat-schuur-slijpmiddelen","10":"first","11":"instock","12":"purchasable","13":"product-type-variable"},"ct_brands":[{"id":620,"name":"GLOBE","slug":"globe"}],"yoast_head":"<!-- This site is optimized with the Yoast SEO plugin v27.3 - https:\/\/yoast.com\/product\/yoast-seo-wordpress\/ -->\n<title>Globe - Turbotwister HP A-24-Q - KEM Europe<\/title>\n<meta name=\"robots\" content=\"index, follow, max-snippet:-1, max-image-preview:large, max-video-preview:-1\" \/>\n<link rel=\"canonical\" href=\"https:\/\/kem-europe.eu\/de\/produkt\/globe-turbotwister-hp-a-24-q\/\" \/>\n<meta property=\"og:locale\" content=\"de_DE\" \/>\n<meta property=\"og:type\" content=\"article\" \/>\n<meta property=\"og:title\" content=\"Globe - Turbotwister HP A-24-Q - KEM Europe\" \/>\n<meta property=\"og:description\" content=\"Verzonken kern | Type: 29   Perfect voor het werken met ijzerhoudend metaal waar een hoge capaciteit vereist is zonder dat de schijf verstopt raakt.\" \/>\n<meta property=\"og:url\" content=\"https:\/\/kem-europe.eu\/de\/produkt\/globe-turbotwister-hp-a-24-q\/\" \/>\n<meta property=\"og:site_name\" content=\"KEM Europe\" \/>\n<meta property=\"article:modified_time\" content=\"2025-03-07T15:45:29+00:00\" \/>\n<meta property=\"og:image\" content=\"https:\/\/kem-europe.eu\/wp-content\/uploads\/2025\/02\/Globe-A24QBF.jpg\" \/>\n\t<meta property=\"og:image:width\" content=\"700\" \/>\n\t<meta property=\"og:image:height\" content=\"700\" \/>\n\t<meta property=\"og:image:type\" content=\"image\/jpeg\" \/>\n<meta name=\"twitter:card\" content=\"summary_large_image\" \/>\n<meta name=\"twitter:label1\" content=\"Gesch\u00e4tzte Lesezeit\" \/>\n\t<meta name=\"twitter:data1\" content=\"1\u00a0Minute\" \/>\n<script type=\"application\/ld+json\" class=\"yoast-schema-graph\">{\"@context\":\"https:\\\/\\\/schema.org\",\"@graph\":[{\"@type\":\"WebPage\",\"@id\":\"https:\\\/\\\/kem-europe.eu\\\/product\\\/globe-turbotwister-hp-a-24-q\\\/\",\"url\":\"https:\\\/\\\/kem-europe.eu\\\/product\\\/globe-turbotwister-hp-a-24-q\\\/\",\"name\":\"Globe - Turbotwister HP A-24-Q - KEM Europe\",\"isPartOf\":{\"@id\":\"https:\\\/\\\/kem-europe.eu\\\/#website\"},\"primaryImageOfPage\":{\"@id\":\"https:\\\/\\\/kem-europe.eu\\\/product\\\/globe-turbotwister-hp-a-24-q\\\/#primaryimage\"},\"image\":{\"@id\":\"https:\\\/\\\/kem-europe.eu\\\/product\\\/globe-turbotwister-hp-a-24-q\\\/#primaryimage\"},\"thumbnailUrl\":\"https:\\\/\\\/kem-europe.eu\\\/wp-content\\\/uploads\\\/2025\\\/02\\\/Globe-A24QBF.jpg\",\"datePublished\":\"2025-02-27T08:10:32+00:00\",\"dateModified\":\"2025-03-07T15:45:29+00:00\",\"breadcrumb\":{\"@id\":\"https:\\\/\\\/kem-europe.eu\\\/product\\\/globe-turbotwister-hp-a-24-q\\\/#breadcrumb\"},\"inLanguage\":\"de\",\"potentialAction\":[{\"@type\":\"ReadAction\",\"target\":[\"https:\\\/\\\/kem-europe.eu\\\/product\\\/globe-turbotwister-hp-a-24-q\\\/\"]}]},{\"@type\":\"ImageObject\",\"inLanguage\":\"de\",\"@id\":\"https:\\\/\\\/kem-europe.eu\\\/product\\\/globe-turbotwister-hp-a-24-q\\\/#primaryimage\",\"url\":\"https:\\\/\\\/kem-europe.eu\\\/wp-content\\\/uploads\\\/2025\\\/02\\\/Globe-A24QBF.jpg\",\"contentUrl\":\"https:\\\/\\\/kem-europe.eu\\\/wp-content\\\/uploads\\\/2025\\\/02\\\/Globe-A24QBF.jpg\",\"width\":700,\"height\":700},{\"@type\":\"BreadcrumbList\",\"@id\":\"https:\\\/\\\/kem-europe.eu\\\/product\\\/globe-turbotwister-hp-a-24-q\\\/#breadcrumb\",\"itemListElement\":[{\"@type\":\"ListItem\",\"position\":1,\"name\":\"Home\",\"item\":\"https:\\\/\\\/kem-europe.eu\\\/\"},{\"@type\":\"ListItem\",\"position\":2,\"name\":\"Winkel\",\"item\":\"https:\\\/\\\/kem-europe.eu\\\/winkel\\\/\"},{\"@type\":\"ListItem\",\"position\":3,\"name\":\"Globe &#8211; Turbotwister HP A-24-Q\"}]},{\"@type\":\"WebSite\",\"@id\":\"https:\\\/\\\/kem-europe.eu\\\/#website\",\"url\":\"https:\\\/\\\/kem-europe.eu\\\/\",\"name\":\"KEM Europe\",\"description\":\"\",\"publisher\":{\"@id\":\"https:\\\/\\\/kem-europe.eu\\\/#organization\"},\"potentialAction\":[{\"@type\":\"SearchAction\",\"target\":{\"@type\":\"EntryPoint\",\"urlTemplate\":\"https:\\\/\\\/kem-europe.eu\\\/?s={search_term_string}\"},\"query-input\":{\"@type\":\"PropertyValueSpecification\",\"valueRequired\":true,\"valueName\":\"search_term_string\"}}],\"inLanguage\":\"de\"},{\"@type\":\"Organization\",\"@id\":\"https:\\\/\\\/kem-europe.eu\\\/#organization\",\"name\":\"KEM Europe\",\"url\":\"https:\\\/\\\/kem-europe.eu\\\/\",\"logo\":{\"@type\":\"ImageObject\",\"inLanguage\":\"de\",\"@id\":\"https:\\\/\\\/kem-europe.eu\\\/#\\\/schema\\\/logo\\\/image\\\/\",\"url\":\"https:\\\/\\\/kem-europe.eu\\\/wp-content\\\/uploads\\\/2025\\\/02\\\/KEM2019-BLACK-1500W.png\",\"contentUrl\":\"https:\\\/\\\/kem-europe.eu\\\/wp-content\\\/uploads\\\/2025\\\/02\\\/KEM2019-BLACK-1500W.png\",\"width\":1500,\"height\":626,\"caption\":\"KEM Europe\"},\"image\":{\"@id\":\"https:\\\/\\\/kem-europe.eu\\\/#\\\/schema\\\/logo\\\/image\\\/\"}}]}<\/script>\n<!-- \/ Yoast SEO plugin. -->","yoast_head_json":{"title":"Globus - Turbotwister HP A-24-Q - KEM Europe","robots":{"index":"index","follow":"follow","max-snippet":"max-snippet:-1","max-image-preview":"max-image-preview:large","max-video-preview":"max-video-preview:-1"},"canonical":"https:\/\/kem-europe.eu\/de\/produkt\/globe-turbotwister-hp-a-24-q\/","og_locale":"de_DE","og_type":"article","og_title":"Globe - Turbotwister HP A-24-Q - KEM Europe","og_description":"Verzonken kern | Type: 29   Perfect voor het werken met ijzerhoudend metaal waar een hoge capaciteit vereist is zonder dat de schijf verstopt raakt.","og_url":"https:\/\/kem-europe.eu\/de\/produkt\/globe-turbotwister-hp-a-24-q\/","og_site_name":"KEM Europe","article_modified_time":"2025-03-07T15:45:29+00:00","og_image":[{"width":700,"height":700,"url":"https:\/\/kem-europe.eu\/wp-content\/uploads\/2025\/02\/Globe-A24QBF.jpg","type":"image\/jpeg"}],"twitter_card":"summary_large_image","twitter_misc":{"Gesch\u00e4tzte Lesezeit":"1\u00a0Minute"},"schema":{"@context":"https:\/\/schema.org","@graph":[{"@type":"WebPage","@id":"https:\/\/kem-europe.eu\/product\/globe-turbotwister-hp-a-24-q\/","url":"https:\/\/kem-europe.eu\/product\/globe-turbotwister-hp-a-24-q\/","name":"Globus - Turbotwister HP A-24-Q - KEM Europe","isPartOf":{"@id":"https:\/\/kem-europe.eu\/#website"},"primaryImageOfPage":{"@id":"https:\/\/kem-europe.eu\/product\/globe-turbotwister-hp-a-24-q\/#primaryimage"},"image":{"@id":"https:\/\/kem-europe.eu\/product\/globe-turbotwister-hp-a-24-q\/#primaryimage"},"thumbnailUrl":"https:\/\/kem-europe.eu\/wp-content\/uploads\/2025\/02\/Globe-A24QBF.jpg","datePublished":"2025-02-27T08:10:32+00:00","dateModified":"2025-03-07T15:45:29+00:00","breadcrumb":{"@id":"https:\/\/kem-europe.eu\/product\/globe-turbotwister-hp-a-24-q\/#breadcrumb"},"inLanguage":"de","potentialAction":[{"@type":"ReadAction","target":["https:\/\/kem-europe.eu\/product\/globe-turbotwister-hp-a-24-q\/"]}]},{"@type":"ImageObject","inLanguage":"de","@id":"https:\/\/kem-europe.eu\/product\/globe-turbotwister-hp-a-24-q\/#primaryimage","url":"https:\/\/kem-europe.eu\/wp-content\/uploads\/2025\/02\/Globe-A24QBF.jpg","contentUrl":"https:\/\/kem-europe.eu\/wp-content\/uploads\/2025\/02\/Globe-A24QBF.jpg","width":700,"height":700},{"@type":"BreadcrumbList","@id":"https:\/\/kem-europe.eu\/product\/globe-turbotwister-hp-a-24-q\/#breadcrumb","itemListElement":[{"@type":"ListItem","position":1,"name":"Home","item":"https:\/\/kem-europe.eu\/"},{"@type":"ListItem","position":2,"name":"Winkel","item":"https:\/\/kem-europe.eu\/winkel\/"},{"@type":"ListItem","position":3,"name":"Globe &#8211; Turbotwister HP A-24-Q"}]},{"@type":"WebSite","@id":"https:\/\/kem-europe.eu\/#website","url":"https:\/\/kem-europe.eu\/","name":"KEM Europe","description":"","publisher":{"@id":"https:\/\/kem-europe.eu\/#organization"},"potentialAction":[{"@type":"SearchAction","target":{"@type":"EntryPoint","urlTemplate":"https:\/\/kem-europe.eu\/?s={search_term_string}"},"query-input":{"@type":"PropertyValueSpecification","valueRequired":true,"valueName":"search_term_string"}}],"inLanguage":"de"},{"@type":"Organization","@id":"https:\/\/kem-europe.eu\/#organization","name":"KEM Europe","url":"https:\/\/kem-europe.eu\/","logo":{"@type":"ImageObject","inLanguage":"de","@id":"https:\/\/kem-europe.eu\/#\/schema\/logo\/image\/","url":"https:\/\/kem-europe.eu\/wp-content\/uploads\/2025\/02\/KEM2019-BLACK-1500W.png","contentUrl":"https:\/\/kem-europe.eu\/wp-content\/uploads\/2025\/02\/KEM2019-BLACK-1500W.png","width":1500,"height":626,"caption":"KEM Europe"},"image":{"@id":"https:\/\/kem-europe.eu\/#\/schema\/logo\/image\/"}}]}},"_links":{"self":[{"href":"https:\/\/kem-europe.eu\/de\/wp-json\/wp\/v2\/product\/445","targetHints":{"allow":["GET"]}}],"collection":[{"href":"https:\/\/kem-europe.eu\/de\/wp-json\/wp\/v2\/product"}],"about":[{"href":"https:\/\/kem-europe.eu\/de\/wp-json\/wp\/v2\/types\/product"}],"replies":[{"embeddable":true,"href":"https:\/\/kem-europe.eu\/de\/wp-json\/wp\/v2\/comments?post=445"}],"wp:featuredmedia":[{"embeddable":true,"href":"https:\/\/kem-europe.eu\/de\/wp-json\/wp\/v2\/media\/492"}],"wp:attachment":[{"href":"https:\/\/kem-europe.eu\/de\/wp-json\/wp\/v2\/media?parent=445"}],"wp:term":[{"taxonomy":"product_brand","embeddable":true,"href":"https:\/\/kem-europe.eu\/de\/wp-json\/wp\/v2\/product_brand?post=445"},{"taxonomy":"product_cat","embeddable":true,"href":"https:\/\/kem-europe.eu\/de\/wp-json\/wp\/v2\/product_cat?post=445"},{"taxonomy":"product_tag","embeddable":true,"href":"https:\/\/kem-europe.eu\/de\/wp-json\/wp\/v2\/product_tag?post=445"}],"curies":[{"name":"wp","href":"https:\/\/api.w.org\/{rel}","templated":true}]}}