{"id":449,"date":"2025-02-27T08:10:32","date_gmt":"2025-02-27T08:10:32","guid":{"rendered":"https:\/\/kem-europe.eu\/?post_type=product&#038;p=449"},"modified":"2025-03-06T13:27:09","modified_gmt":"2025-03-06T13:27:09","slug":"globe-combi-scheibe-a-60-sx-speed","status":"publish","type":"product","link":"https:\/\/kem-europe.eu\/de\/product\/globe-combi-schijf-a-60-sx-combi-speed\/","title":{"rendered":"Globus - Kombi-Scheibe A-60-SX Combi Speed"},"content":{"rendered":"<p><strong>Kombiteller Typ 27+41, speziell entwickelt mit einer St\u00e4rke von 2,0 mm f\u00fcr hohe Leistung und sicheres Arbeiten. <\/strong><\/p>\n<p>Die Combi Speed Disc ist die Weiterentwicklung der Combi Disc. Mit einer Dicke von nur 2,0 mm und einer 2-lagigen Struktur mit 3 Verst\u00e4rkungsmaterialien bietet diese Scheibe die perfekte Kombination aus hoher Schleifleistung und hohen Sicherheitsstandards. Die Sicherheit und Widerstandsf\u00e4higkeit der Combi-Scheiben ist von der MPA zertifiziert und wird durch Bruch- und Seitendrucktests \u00fcberpr\u00fcft.<\/p>\n<p><strong>Vorteile:<\/strong><br \/>\n- Verwenden Sie nur 1 Produkt zum Schleifen und Entgraten<br \/>\n- Hohe Schleifgeschwindigkeit<br \/>\n- Sehr gute Schleifqualit\u00e4t und Pr\u00e4zision<br \/>\n- Geringe Gratbildung beim Schleifen<br \/>\n- Gute Entgratungsleistung<br \/>\n- Sehr hohes Sicherheitsniveau<br \/>\n- Effizientes Arbeiten<br \/>\n- Lange Lebensdauer<\/p>\n<p><strong>Art. Nr:<\/strong><br \/>\n<em>G1039<br \/>\nG1041<br \/>\n<\/em><em>G1042<\/em><\/p>","protected":false},"excerpt":{"rendered":"<p><strong>\u00a0Kombi | Typ: 27 + 41<\/strong><\/p>\n<p>Speziell entwickelt mit einer Dicke von 2,0 mm f\u00fcr hohe Kapazit\u00e4t und sicheres Arbeiten. Die Scheibe ist eisen-, schwefel- und chlorfrei und somit auch f\u00fcr Edelstahl geeignet.<\/p>","protected":false},"featured_media":506,"comment_status":"closed","ping_status":"closed","template":"","meta":[],"product_brand":[620],"product_cat":[240,92],"product_tag":[],"class_list":{"0":"post-449","1":"product","2":"type-product","3":"status-publish","4":"has-post-thumbnail","6":"product_brand-globe","7":"product_cat-doorslijpschijf-schuur-slijpmiddelen","8":"product_cat-schuur-slijpmiddelen","10":"first","11":"instock","12":"purchasable","13":"product-type-variable"},"ct_brands":[{"id":620,"name":"GLOBE","slug":"globe"}],"yoast_head":"<!-- This site is optimized with the Yoast SEO plugin v27.3 - https:\/\/yoast.com\/product\/yoast-seo-wordpress\/ -->\n<title>Globe - Combi schijf A-60-SX Combi Speed - KEM Europe<\/title>\n<meta name=\"robots\" content=\"index, follow, max-snippet:-1, max-image-preview:large, max-video-preview:-1\" \/>\n<link rel=\"canonical\" href=\"https:\/\/kem-europe.eu\/de\/produkt\/globe-combi-scheibe-a-60-sx-speed\/\" \/>\n<meta property=\"og:locale\" content=\"de_DE\" \/>\n<meta property=\"og:type\" content=\"article\" \/>\n<meta property=\"og:title\" content=\"Globe - Combi schijf A-60-SX Combi Speed - KEM Europe\" \/>\n<meta property=\"og:description\" content=\"\u00a0Combi | Type: 27 + 41  Speciaal ontwikkelend met de dikte van 2,0 mm voor een hoge capaciteit en veilig werken. De schijf bevat geen ijzer, zwavel of chloor en is daarmee bruikbaar voor RVS.\" \/>\n<meta property=\"og:url\" content=\"https:\/\/kem-europe.eu\/de\/produkt\/globe-combi-scheibe-a-60-sx-speed\/\" \/>\n<meta property=\"og:site_name\" content=\"KEM Europe\" \/>\n<meta property=\"article:modified_time\" content=\"2025-03-06T13:27:09+00:00\" \/>\n<meta property=\"og:image\" content=\"https:\/\/kem-europe.eu\/wp-content\/uploads\/2025\/02\/Globe-A60SXBF.jpg\" \/>\n\t<meta property=\"og:image:width\" content=\"700\" \/>\n\t<meta property=\"og:image:height\" content=\"700\" \/>\n\t<meta property=\"og:image:type\" content=\"image\/jpeg\" \/>\n<meta name=\"twitter:card\" content=\"summary_large_image\" \/>\n<meta name=\"twitter:label1\" content=\"Gesch\u00e4tzte Lesezeit\" \/>\n\t<meta name=\"twitter:data1\" content=\"1\u00a0Minute\" \/>\n<script type=\"application\/ld+json\" class=\"yoast-schema-graph\">{\"@context\":\"https:\\\/\\\/schema.org\",\"@graph\":[{\"@type\":\"WebPage\",\"@id\":\"https:\\\/\\\/kem-europe.eu\\\/product\\\/globe-combi-schijf-a-60-sx-combi-speed\\\/\",\"url\":\"https:\\\/\\\/kem-europe.eu\\\/product\\\/globe-combi-schijf-a-60-sx-combi-speed\\\/\",\"name\":\"Globe - Combi schijf A-60-SX Combi Speed - KEM Europe\",\"isPartOf\":{\"@id\":\"https:\\\/\\\/kem-europe.eu\\\/#website\"},\"primaryImageOfPage\":{\"@id\":\"https:\\\/\\\/kem-europe.eu\\\/product\\\/globe-combi-schijf-a-60-sx-combi-speed\\\/#primaryimage\"},\"image\":{\"@id\":\"https:\\\/\\\/kem-europe.eu\\\/product\\\/globe-combi-schijf-a-60-sx-combi-speed\\\/#primaryimage\"},\"thumbnailUrl\":\"https:\\\/\\\/kem-europe.eu\\\/wp-content\\\/uploads\\\/2025\\\/02\\\/Globe-A60SXBF.jpg\",\"datePublished\":\"2025-02-27T08:10:32+00:00\",\"dateModified\":\"2025-03-06T13:27:09+00:00\",\"breadcrumb\":{\"@id\":\"https:\\\/\\\/kem-europe.eu\\\/product\\\/globe-combi-schijf-a-60-sx-combi-speed\\\/#breadcrumb\"},\"inLanguage\":\"de\",\"potentialAction\":[{\"@type\":\"ReadAction\",\"target\":[\"https:\\\/\\\/kem-europe.eu\\\/product\\\/globe-combi-schijf-a-60-sx-combi-speed\\\/\"]}]},{\"@type\":\"ImageObject\",\"inLanguage\":\"de\",\"@id\":\"https:\\\/\\\/kem-europe.eu\\\/product\\\/globe-combi-schijf-a-60-sx-combi-speed\\\/#primaryimage\",\"url\":\"https:\\\/\\\/kem-europe.eu\\\/wp-content\\\/uploads\\\/2025\\\/02\\\/Globe-A60SXBF.jpg\",\"contentUrl\":\"https:\\\/\\\/kem-europe.eu\\\/wp-content\\\/uploads\\\/2025\\\/02\\\/Globe-A60SXBF.jpg\",\"width\":700,\"height\":700},{\"@type\":\"BreadcrumbList\",\"@id\":\"https:\\\/\\\/kem-europe.eu\\\/product\\\/globe-combi-schijf-a-60-sx-combi-speed\\\/#breadcrumb\",\"itemListElement\":[{\"@type\":\"ListItem\",\"position\":1,\"name\":\"Home\",\"item\":\"https:\\\/\\\/kem-europe.eu\\\/\"},{\"@type\":\"ListItem\",\"position\":2,\"name\":\"Winkel\",\"item\":\"https:\\\/\\\/kem-europe.eu\\\/winkel\\\/\"},{\"@type\":\"ListItem\",\"position\":3,\"name\":\"Globe &#8211; Combi schijf A-60-SX Combi Speed\"}]},{\"@type\":\"WebSite\",\"@id\":\"https:\\\/\\\/kem-europe.eu\\\/#website\",\"url\":\"https:\\\/\\\/kem-europe.eu\\\/\",\"name\":\"KEM Europe\",\"description\":\"\",\"publisher\":{\"@id\":\"https:\\\/\\\/kem-europe.eu\\\/#organization\"},\"potentialAction\":[{\"@type\":\"SearchAction\",\"target\":{\"@type\":\"EntryPoint\",\"urlTemplate\":\"https:\\\/\\\/kem-europe.eu\\\/?s={search_term_string}\"},\"query-input\":{\"@type\":\"PropertyValueSpecification\",\"valueRequired\":true,\"valueName\":\"search_term_string\"}}],\"inLanguage\":\"de\"},{\"@type\":\"Organization\",\"@id\":\"https:\\\/\\\/kem-europe.eu\\\/#organization\",\"name\":\"KEM Europe\",\"url\":\"https:\\\/\\\/kem-europe.eu\\\/\",\"logo\":{\"@type\":\"ImageObject\",\"inLanguage\":\"de\",\"@id\":\"https:\\\/\\\/kem-europe.eu\\\/#\\\/schema\\\/logo\\\/image\\\/\",\"url\":\"https:\\\/\\\/kem-europe.eu\\\/wp-content\\\/uploads\\\/2025\\\/02\\\/KEM2019-BLACK-1500W.png\",\"contentUrl\":\"https:\\\/\\\/kem-europe.eu\\\/wp-content\\\/uploads\\\/2025\\\/02\\\/KEM2019-BLACK-1500W.png\",\"width\":1500,\"height\":626,\"caption\":\"KEM Europe\"},\"image\":{\"@id\":\"https:\\\/\\\/kem-europe.eu\\\/#\\\/schema\\\/logo\\\/image\\\/\"}}]}<\/script>\n<!-- \/ Yoast SEO plugin. -->","yoast_head_json":{"title":"Globus - Kombi-Scheibe A-60-SX Combi Speed - KEM Europe","robots":{"index":"index","follow":"follow","max-snippet":"max-snippet:-1","max-image-preview":"max-image-preview:large","max-video-preview":"max-video-preview:-1"},"canonical":"https:\/\/kem-europe.eu\/de\/produkt\/globe-combi-scheibe-a-60-sx-speed\/","og_locale":"de_DE","og_type":"article","og_title":"Globe - Combi schijf A-60-SX Combi Speed - KEM Europe","og_description":"\u00a0Combi | Type: 27 + 41  Speciaal ontwikkelend met de dikte van 2,0 mm voor een hoge capaciteit en veilig werken. De schijf bevat geen ijzer, zwavel of chloor en is daarmee bruikbaar voor RVS.","og_url":"https:\/\/kem-europe.eu\/de\/produkt\/globe-combi-scheibe-a-60-sx-speed\/","og_site_name":"KEM Europe","article_modified_time":"2025-03-06T13:27:09+00:00","og_image":[{"width":700,"height":700,"url":"https:\/\/kem-europe.eu\/wp-content\/uploads\/2025\/02\/Globe-A60SXBF.jpg","type":"image\/jpeg"}],"twitter_card":"summary_large_image","twitter_misc":{"Gesch\u00e4tzte Lesezeit":"1\u00a0Minute"},"schema":{"@context":"https:\/\/schema.org","@graph":[{"@type":"WebPage","@id":"https:\/\/kem-europe.eu\/product\/globe-combi-schijf-a-60-sx-combi-speed\/","url":"https:\/\/kem-europe.eu\/product\/globe-combi-schijf-a-60-sx-combi-speed\/","name":"Globus - Kombi-Scheibe A-60-SX Combi Speed - KEM Europe","isPartOf":{"@id":"https:\/\/kem-europe.eu\/#website"},"primaryImageOfPage":{"@id":"https:\/\/kem-europe.eu\/product\/globe-combi-schijf-a-60-sx-combi-speed\/#primaryimage"},"image":{"@id":"https:\/\/kem-europe.eu\/product\/globe-combi-schijf-a-60-sx-combi-speed\/#primaryimage"},"thumbnailUrl":"https:\/\/kem-europe.eu\/wp-content\/uploads\/2025\/02\/Globe-A60SXBF.jpg","datePublished":"2025-02-27T08:10:32+00:00","dateModified":"2025-03-06T13:27:09+00:00","breadcrumb":{"@id":"https:\/\/kem-europe.eu\/product\/globe-combi-schijf-a-60-sx-combi-speed\/#breadcrumb"},"inLanguage":"de","potentialAction":[{"@type":"ReadAction","target":["https:\/\/kem-europe.eu\/product\/globe-combi-schijf-a-60-sx-combi-speed\/"]}]},{"@type":"ImageObject","inLanguage":"de","@id":"https:\/\/kem-europe.eu\/product\/globe-combi-schijf-a-60-sx-combi-speed\/#primaryimage","url":"https:\/\/kem-europe.eu\/wp-content\/uploads\/2025\/02\/Globe-A60SXBF.jpg","contentUrl":"https:\/\/kem-europe.eu\/wp-content\/uploads\/2025\/02\/Globe-A60SXBF.jpg","width":700,"height":700},{"@type":"BreadcrumbList","@id":"https:\/\/kem-europe.eu\/product\/globe-combi-schijf-a-60-sx-combi-speed\/#breadcrumb","itemListElement":[{"@type":"ListItem","position":1,"name":"Home","item":"https:\/\/kem-europe.eu\/"},{"@type":"ListItem","position":2,"name":"Winkel","item":"https:\/\/kem-europe.eu\/winkel\/"},{"@type":"ListItem","position":3,"name":"Globe &#8211; Combi schijf A-60-SX Combi Speed"}]},{"@type":"WebSite","@id":"https:\/\/kem-europe.eu\/#website","url":"https:\/\/kem-europe.eu\/","name":"KEM Europe","description":"","publisher":{"@id":"https:\/\/kem-europe.eu\/#organization"},"potentialAction":[{"@type":"SearchAction","target":{"@type":"EntryPoint","urlTemplate":"https:\/\/kem-europe.eu\/?s={search_term_string}"},"query-input":{"@type":"PropertyValueSpecification","valueRequired":true,"valueName":"search_term_string"}}],"inLanguage":"de"},{"@type":"Organization","@id":"https:\/\/kem-europe.eu\/#organization","name":"KEM Europe","url":"https:\/\/kem-europe.eu\/","logo":{"@type":"ImageObject","inLanguage":"de","@id":"https:\/\/kem-europe.eu\/#\/schema\/logo\/image\/","url":"https:\/\/kem-europe.eu\/wp-content\/uploads\/2025\/02\/KEM2019-BLACK-1500W.png","contentUrl":"https:\/\/kem-europe.eu\/wp-content\/uploads\/2025\/02\/KEM2019-BLACK-1500W.png","width":1500,"height":626,"caption":"KEM Europe"},"image":{"@id":"https:\/\/kem-europe.eu\/#\/schema\/logo\/image\/"}}]}},"_links":{"self":[{"href":"https:\/\/kem-europe.eu\/de\/wp-json\/wp\/v2\/product\/449","targetHints":{"allow":["GET"]}}],"collection":[{"href":"https:\/\/kem-europe.eu\/de\/wp-json\/wp\/v2\/product"}],"about":[{"href":"https:\/\/kem-europe.eu\/de\/wp-json\/wp\/v2\/types\/product"}],"replies":[{"embeddable":true,"href":"https:\/\/kem-europe.eu\/de\/wp-json\/wp\/v2\/comments?post=449"}],"wp:featuredmedia":[{"embeddable":true,"href":"https:\/\/kem-europe.eu\/de\/wp-json\/wp\/v2\/media\/506"}],"wp:attachment":[{"href":"https:\/\/kem-europe.eu\/de\/wp-json\/wp\/v2\/media?parent=449"}],"wp:term":[{"taxonomy":"product_brand","embeddable":true,"href":"https:\/\/kem-europe.eu\/de\/wp-json\/wp\/v2\/product_brand?post=449"},{"taxonomy":"product_cat","embeddable":true,"href":"https:\/\/kem-europe.eu\/de\/wp-json\/wp\/v2\/product_cat?post=449"},{"taxonomy":"product_tag","embeddable":true,"href":"https:\/\/kem-europe.eu\/de\/wp-json\/wp\/v2\/product_tag?post=449"}],"curies":[{"name":"wp","href":"https:\/\/api.w.org\/{rel}","templated":true}]}}