{"id":451,"date":"2025-02-27T08:10:32","date_gmt":"2025-02-27T08:10:32","guid":{"rendered":"https:\/\/kem-europe.eu\/?post_type=product&#038;p=451"},"modified":"2025-03-06T13:23:51","modified_gmt":"2025-03-06T13:23:51","slug":"globe-combi-scheibe-a-30-36-r","status":"publish","type":"product","link":"https:\/\/kem-europe.eu\/de\/product\/globe-combi-schijf-a-30-36-r-combi\/","title":{"rendered":"Globus - Kombi-Scheibe A-30\/36-R Combi"},"content":{"rendered":"<p>F\u00fcr eine Kombination von leichten Entgratungs- und Schleifarbeiten mit nur 1 Produkt. Geeignet f\u00fcr Eisen und Stahl und mit einer langen Standzeit.<br \/>\nGlobe bietet eine gro\u00dfe Auswahl an 2,5-mm-Standard-Trennscheiben f\u00fcr tragbare Schleifmaschinen. Es ist wichtig, f\u00fcr jede Arbeit die richtige Schleifscheibe zu verwenden. Verschiedene Arten von Schleifmaterialien, unterschiedliche Zusammensetzungen und H\u00e4rten sind die Grundlage, um die beste Arbeit zu leisten. Die verschiedenen Kombinationen, die Globe anbietet, enthalten immer das beste Produkt, um die Arbeit zu erledigen.<\/p>\n<p>Die breite Produktpalette bietet verschiedene L\u00f6sungen, so dass die Benutzer immer das richtige Produkt f\u00fcr die jeweilige Aufgabe finden. Globe-Produkte werden ausgiebig getestet, um Unwucht zu vermeiden und Vibrationen zu minimieren. Qualit\u00e4ts- und Laborkontrollen erh\u00f6hen die Langlebigkeit der Globe-Produkte.<\/p>\n<p><strong><br \/>\nArt. Nr:<\/strong><\/p>\n<p><em>G1053<br \/>\nG1055<br \/>\n<\/em><em>G1056<br \/>\nG1057<br \/>\nG1058<\/em><\/p>","protected":false},"excerpt":{"rendered":"<p><strong>\u00a0<\/strong><span style=\"color: #cc0000;\"><strong><span style=\"color: #000000;\">Kombi | Typ: 27 + 41<\/span><\/strong><em><br \/>\n<\/em><\/span><br \/>\nF\u00fcr eine Kombination von leichten Entgratungs- und Schleifarbeiten mit nur 1 Produkt. Geeignet f\u00fcr Eisen und Stahl und mit einer langen Standzeit.<\/p>","protected":false},"featured_media":508,"comment_status":"closed","ping_status":"closed","template":"","meta":[],"product_brand":[620],"product_cat":[240,92],"product_tag":[],"class_list":{"0":"post-451","1":"product","2":"type-product","3":"status-publish","4":"has-post-thumbnail","6":"product_brand-globe","7":"product_cat-doorslijpschijf-schuur-slijpmiddelen","8":"product_cat-schuur-slijpmiddelen","10":"first","11":"instock","12":"purchasable","13":"product-type-variable"},"ct_brands":[{"id":620,"name":"GLOBE","slug":"globe"}],"yoast_head":"<!-- This site is optimized with the Yoast SEO plugin v27.3 - https:\/\/yoast.com\/product\/yoast-seo-wordpress\/ -->\n<title>Globe - Combi schijf A-30\/36-R Combi - KEM Europe<\/title>\n<meta name=\"robots\" content=\"index, follow, max-snippet:-1, max-image-preview:large, max-video-preview:-1\" \/>\n<link rel=\"canonical\" href=\"https:\/\/kem-europe.eu\/de\/produkt\/globe-combi-scheibe-a-30-36-r\/\" \/>\n<meta property=\"og:locale\" content=\"de_DE\" \/>\n<meta property=\"og:type\" content=\"article\" \/>\n<meta property=\"og:title\" content=\"Globe - Combi schijf A-30\/36-R Combi - KEM Europe\" \/>\n<meta property=\"og:description\" content=\"\u00a0Combi | Type: 27 + 41  Voor een combinatie van licht afbraam- en slijpwerk met maar 1 product. Geschikt voor ijzer en staal en met een lange standtijd.\" \/>\n<meta property=\"og:url\" content=\"https:\/\/kem-europe.eu\/de\/produkt\/globe-combi-scheibe-a-30-36-r\/\" \/>\n<meta property=\"og:site_name\" content=\"KEM Europe\" \/>\n<meta property=\"article:modified_time\" content=\"2025-03-06T13:23:51+00:00\" \/>\n<meta property=\"og:image\" content=\"https:\/\/kem-europe.eu\/wp-content\/uploads\/2025\/02\/Globe-A3036RBF-Type27.jpg\" \/>\n\t<meta property=\"og:image:width\" content=\"700\" \/>\n\t<meta property=\"og:image:height\" content=\"700\" \/>\n\t<meta property=\"og:image:type\" content=\"image\/jpeg\" \/>\n<meta name=\"twitter:card\" content=\"summary_large_image\" \/>\n<meta name=\"twitter:label1\" content=\"Gesch\u00e4tzte Lesezeit\" \/>\n\t<meta name=\"twitter:data1\" content=\"1\u00a0Minute\" \/>\n<script type=\"application\/ld+json\" class=\"yoast-schema-graph\">{\"@context\":\"https:\\\/\\\/schema.org\",\"@graph\":[{\"@type\":\"WebPage\",\"@id\":\"https:\\\/\\\/kem-europe.eu\\\/product\\\/globe-combi-schijf-a-30-36-r-combi\\\/\",\"url\":\"https:\\\/\\\/kem-europe.eu\\\/product\\\/globe-combi-schijf-a-30-36-r-combi\\\/\",\"name\":\"Globe - Combi schijf A-30\\\/36-R Combi - KEM Europe\",\"isPartOf\":{\"@id\":\"https:\\\/\\\/kem-europe.eu\\\/#website\"},\"primaryImageOfPage\":{\"@id\":\"https:\\\/\\\/kem-europe.eu\\\/product\\\/globe-combi-schijf-a-30-36-r-combi\\\/#primaryimage\"},\"image\":{\"@id\":\"https:\\\/\\\/kem-europe.eu\\\/product\\\/globe-combi-schijf-a-30-36-r-combi\\\/#primaryimage\"},\"thumbnailUrl\":\"https:\\\/\\\/kem-europe.eu\\\/wp-content\\\/uploads\\\/2025\\\/02\\\/Globe-A3036RBF-Type27.jpg\",\"datePublished\":\"2025-02-27T08:10:32+00:00\",\"dateModified\":\"2025-03-06T13:23:51+00:00\",\"breadcrumb\":{\"@id\":\"https:\\\/\\\/kem-europe.eu\\\/product\\\/globe-combi-schijf-a-30-36-r-combi\\\/#breadcrumb\"},\"inLanguage\":\"de\",\"potentialAction\":[{\"@type\":\"ReadAction\",\"target\":[\"https:\\\/\\\/kem-europe.eu\\\/product\\\/globe-combi-schijf-a-30-36-r-combi\\\/\"]}]},{\"@type\":\"ImageObject\",\"inLanguage\":\"de\",\"@id\":\"https:\\\/\\\/kem-europe.eu\\\/product\\\/globe-combi-schijf-a-30-36-r-combi\\\/#primaryimage\",\"url\":\"https:\\\/\\\/kem-europe.eu\\\/wp-content\\\/uploads\\\/2025\\\/02\\\/Globe-A3036RBF-Type27.jpg\",\"contentUrl\":\"https:\\\/\\\/kem-europe.eu\\\/wp-content\\\/uploads\\\/2025\\\/02\\\/Globe-A3036RBF-Type27.jpg\",\"width\":700,\"height\":700},{\"@type\":\"BreadcrumbList\",\"@id\":\"https:\\\/\\\/kem-europe.eu\\\/product\\\/globe-combi-schijf-a-30-36-r-combi\\\/#breadcrumb\",\"itemListElement\":[{\"@type\":\"ListItem\",\"position\":1,\"name\":\"Home\",\"item\":\"https:\\\/\\\/kem-europe.eu\\\/\"},{\"@type\":\"ListItem\",\"position\":2,\"name\":\"Winkel\",\"item\":\"https:\\\/\\\/kem-europe.eu\\\/winkel\\\/\"},{\"@type\":\"ListItem\",\"position\":3,\"name\":\"Globe &#8211; Combi schijf A-30\\\/36-R Combi\"}]},{\"@type\":\"WebSite\",\"@id\":\"https:\\\/\\\/kem-europe.eu\\\/#website\",\"url\":\"https:\\\/\\\/kem-europe.eu\\\/\",\"name\":\"KEM Europe\",\"description\":\"\",\"publisher\":{\"@id\":\"https:\\\/\\\/kem-europe.eu\\\/#organization\"},\"potentialAction\":[{\"@type\":\"SearchAction\",\"target\":{\"@type\":\"EntryPoint\",\"urlTemplate\":\"https:\\\/\\\/kem-europe.eu\\\/?s={search_term_string}\"},\"query-input\":{\"@type\":\"PropertyValueSpecification\",\"valueRequired\":true,\"valueName\":\"search_term_string\"}}],\"inLanguage\":\"de\"},{\"@type\":\"Organization\",\"@id\":\"https:\\\/\\\/kem-europe.eu\\\/#organization\",\"name\":\"KEM Europe\",\"url\":\"https:\\\/\\\/kem-europe.eu\\\/\",\"logo\":{\"@type\":\"ImageObject\",\"inLanguage\":\"de\",\"@id\":\"https:\\\/\\\/kem-europe.eu\\\/#\\\/schema\\\/logo\\\/image\\\/\",\"url\":\"https:\\\/\\\/kem-europe.eu\\\/wp-content\\\/uploads\\\/2025\\\/02\\\/KEM2019-BLACK-1500W.png\",\"contentUrl\":\"https:\\\/\\\/kem-europe.eu\\\/wp-content\\\/uploads\\\/2025\\\/02\\\/KEM2019-BLACK-1500W.png\",\"width\":1500,\"height\":626,\"caption\":\"KEM Europe\"},\"image\":{\"@id\":\"https:\\\/\\\/kem-europe.eu\\\/#\\\/schema\\\/logo\\\/image\\\/\"}}]}<\/script>\n<!-- \/ Yoast SEO plugin. -->","yoast_head_json":{"title":"Globus - Kombi-Scheibe A-30\/36-R Combi - KEM Europe","robots":{"index":"index","follow":"follow","max-snippet":"max-snippet:-1","max-image-preview":"max-image-preview:large","max-video-preview":"max-video-preview:-1"},"canonical":"https:\/\/kem-europe.eu\/de\/produkt\/globe-combi-scheibe-a-30-36-r\/","og_locale":"de_DE","og_type":"article","og_title":"Globe - Combi schijf A-30\/36-R Combi - KEM Europe","og_description":"\u00a0Combi | Type: 27 + 41  Voor een combinatie van licht afbraam- en slijpwerk met maar 1 product. Geschikt voor ijzer en staal en met een lange standtijd.","og_url":"https:\/\/kem-europe.eu\/de\/produkt\/globe-combi-scheibe-a-30-36-r\/","og_site_name":"KEM Europe","article_modified_time":"2025-03-06T13:23:51+00:00","og_image":[{"width":700,"height":700,"url":"https:\/\/kem-europe.eu\/wp-content\/uploads\/2025\/02\/Globe-A3036RBF-Type27.jpg","type":"image\/jpeg"}],"twitter_card":"summary_large_image","twitter_misc":{"Gesch\u00e4tzte Lesezeit":"1\u00a0Minute"},"schema":{"@context":"https:\/\/schema.org","@graph":[{"@type":"WebPage","@id":"https:\/\/kem-europe.eu\/product\/globe-combi-schijf-a-30-36-r-combi\/","url":"https:\/\/kem-europe.eu\/product\/globe-combi-schijf-a-30-36-r-combi\/","name":"Globus - Kombi-Scheibe A-30\/36-R Combi - KEM Europe","isPartOf":{"@id":"https:\/\/kem-europe.eu\/#website"},"primaryImageOfPage":{"@id":"https:\/\/kem-europe.eu\/product\/globe-combi-schijf-a-30-36-r-combi\/#primaryimage"},"image":{"@id":"https:\/\/kem-europe.eu\/product\/globe-combi-schijf-a-30-36-r-combi\/#primaryimage"},"thumbnailUrl":"https:\/\/kem-europe.eu\/wp-content\/uploads\/2025\/02\/Globe-A3036RBF-Type27.jpg","datePublished":"2025-02-27T08:10:32+00:00","dateModified":"2025-03-06T13:23:51+00:00","breadcrumb":{"@id":"https:\/\/kem-europe.eu\/product\/globe-combi-schijf-a-30-36-r-combi\/#breadcrumb"},"inLanguage":"de","potentialAction":[{"@type":"ReadAction","target":["https:\/\/kem-europe.eu\/product\/globe-combi-schijf-a-30-36-r-combi\/"]}]},{"@type":"ImageObject","inLanguage":"de","@id":"https:\/\/kem-europe.eu\/product\/globe-combi-schijf-a-30-36-r-combi\/#primaryimage","url":"https:\/\/kem-europe.eu\/wp-content\/uploads\/2025\/02\/Globe-A3036RBF-Type27.jpg","contentUrl":"https:\/\/kem-europe.eu\/wp-content\/uploads\/2025\/02\/Globe-A3036RBF-Type27.jpg","width":700,"height":700},{"@type":"BreadcrumbList","@id":"https:\/\/kem-europe.eu\/product\/globe-combi-schijf-a-30-36-r-combi\/#breadcrumb","itemListElement":[{"@type":"ListItem","position":1,"name":"Home","item":"https:\/\/kem-europe.eu\/"},{"@type":"ListItem","position":2,"name":"Winkel","item":"https:\/\/kem-europe.eu\/winkel\/"},{"@type":"ListItem","position":3,"name":"Globe &#8211; Combi schijf A-30\/36-R Combi"}]},{"@type":"WebSite","@id":"https:\/\/kem-europe.eu\/#website","url":"https:\/\/kem-europe.eu\/","name":"KEM Europe","description":"","publisher":{"@id":"https:\/\/kem-europe.eu\/#organization"},"potentialAction":[{"@type":"SearchAction","target":{"@type":"EntryPoint","urlTemplate":"https:\/\/kem-europe.eu\/?s={search_term_string}"},"query-input":{"@type":"PropertyValueSpecification","valueRequired":true,"valueName":"search_term_string"}}],"inLanguage":"de"},{"@type":"Organization","@id":"https:\/\/kem-europe.eu\/#organization","name":"KEM Europe","url":"https:\/\/kem-europe.eu\/","logo":{"@type":"ImageObject","inLanguage":"de","@id":"https:\/\/kem-europe.eu\/#\/schema\/logo\/image\/","url":"https:\/\/kem-europe.eu\/wp-content\/uploads\/2025\/02\/KEM2019-BLACK-1500W.png","contentUrl":"https:\/\/kem-europe.eu\/wp-content\/uploads\/2025\/02\/KEM2019-BLACK-1500W.png","width":1500,"height":626,"caption":"KEM Europe"},"image":{"@id":"https:\/\/kem-europe.eu\/#\/schema\/logo\/image\/"}}]}},"_links":{"self":[{"href":"https:\/\/kem-europe.eu\/de\/wp-json\/wp\/v2\/product\/451","targetHints":{"allow":["GET"]}}],"collection":[{"href":"https:\/\/kem-europe.eu\/de\/wp-json\/wp\/v2\/product"}],"about":[{"href":"https:\/\/kem-europe.eu\/de\/wp-json\/wp\/v2\/types\/product"}],"replies":[{"embeddable":true,"href":"https:\/\/kem-europe.eu\/de\/wp-json\/wp\/v2\/comments?post=451"}],"wp:featuredmedia":[{"embeddable":true,"href":"https:\/\/kem-europe.eu\/de\/wp-json\/wp\/v2\/media\/508"}],"wp:attachment":[{"href":"https:\/\/kem-europe.eu\/de\/wp-json\/wp\/v2\/media?parent=451"}],"wp:term":[{"taxonomy":"product_brand","embeddable":true,"href":"https:\/\/kem-europe.eu\/de\/wp-json\/wp\/v2\/product_brand?post=451"},{"taxonomy":"product_cat","embeddable":true,"href":"https:\/\/kem-europe.eu\/de\/wp-json\/wp\/v2\/product_cat?post=451"},{"taxonomy":"product_tag","embeddable":true,"href":"https:\/\/kem-europe.eu\/de\/wp-json\/wp\/v2\/product_tag?post=451"}],"curies":[{"name":"wp","href":"https:\/\/api.w.org\/{rel}","templated":true}]}}