{"id":455,"date":"2025-02-27T08:10:33","date_gmt":"2025-02-27T08:10:33","guid":{"rendered":"https:\/\/kem-europe.eu\/?post_type=product&#038;p=455"},"modified":"2025-02-27T13:44:55","modified_gmt":"2025-02-27T13:44:55","slug":"baier-bsm-287-duo-mischmaschine-1400w","status":"publish","type":"product","link":"https:\/\/kem-europe.eu\/de\/product\/baier-bsm-287-duo-mengmachine-1400w\/","title":{"rendered":"Baier - BSM 287 DUO - Mischger\u00e4t - 1400W"},"content":{"rendered":"<p><strong>Eigenschaften Baier - BSM 287 DUO - Mixer - 1400W<\/strong><\/p>\n<ul>\n<li>Gegenl\u00e4ufige R\u00fchrquirle mit hoher und niedriger Drehzahl f\u00fcr intensives Mischen und kurze Ummantelungszeiten bei gro\u00dfen Mengen<\/li>\n<li>F\u00fcr Materialien wie Gips, M\u00f6rtel, Farbe, Kleber usw.<\/li>\n<li>Elektronischer Geschwindigkeitsschutz<\/li>\n<li>Hohes Drehmoment f\u00fcr einfaches Mischen von z\u00e4hem Material<\/li>\n<li>Elektronische Steuerung der Geschwindigkeit in Abh\u00e4ngigkeit vom Material<\/li>\n<li>Sicher durch optimal geformte Griffe und dadurch komfortable Handhabung<\/li>\n<li>Lange Lebensdauer durch pulverbeschichtete Aluminium-Druckgussteile im Getriebe<\/li>\n<li>Elektronischer Geschwindigkeitsschutz<\/li>\n<\/ul>\n<p><strong>Technische Daten<\/strong><\/p>\n<ul>\n<li>Leistung - 1400 Watt<\/li>\n<li>Drehmoment - 84 Nm<\/li>\n<li>Geschwindigkeit - 160-410 U\/min<\/li>\n<li>Ansaugung - M14 x 2<\/li>\n<li>Max. Mischkapazit\u00e4t - 120 kg<\/li>\n<li>Gewicht - 7,1 kg<\/li>\n<\/ul>\n<p><strong>Umfang der Lieferung<\/strong><\/p>\n<ul>\n<li>Lieferung ohne Transportkoffer und Zubeh\u00f6r<\/li>\n<\/ul>","protected":false},"excerpt":{"rendered":"<p>Schnellmischer mit 2 R\u00fchrquirlen f\u00fcr Mischmengen \u00fcber 120 kg<\/p>","protected":false},"featured_media":512,"comment_status":"closed","ping_status":"closed","template":"","meta":[],"product_brand":[626],"product_cat":[17,90],"product_tag":[],"class_list":{"0":"post-455","1":"product","2":"type-product","3":"status-publish","4":"has-post-thumbnail","6":"product_brand-baier","7":"product_cat-machines","8":"product_cat-mengmachine","10":"first","11":"instock","12":"shipping-taxable","13":"purchasable","14":"product-type-simple"},"ct_brands":[{"id":626,"name":"BAIER","slug":"baier-info"}],"yoast_head":"<!-- This site is optimized with the Yoast SEO plugin v27.3 - https:\/\/yoast.com\/product\/yoast-seo-wordpress\/ -->\n<title>Baier - BSM 287 DUO - Mengmachine - 1400W - KEM Europe<\/title>\n<meta name=\"robots\" content=\"index, follow, max-snippet:-1, max-image-preview:large, max-video-preview:-1\" \/>\n<link rel=\"canonical\" href=\"https:\/\/kem-europe.eu\/de\/produkt\/baier-bsm-287-duo-mischmaschine-1400w\/\" \/>\n<meta property=\"og:locale\" content=\"de_DE\" \/>\n<meta property=\"og:type\" content=\"article\" \/>\n<meta property=\"og:title\" content=\"Baier - BSM 287 DUO - Mengmachine - 1400W - KEM Europe\" \/>\n<meta property=\"og:description\" content=\"Snelle mixer met 2 roergardes voor het mengen van hoeveelheden boven 120 kg\" \/>\n<meta property=\"og:url\" content=\"https:\/\/kem-europe.eu\/de\/produkt\/baier-bsm-287-duo-mischmaschine-1400w\/\" \/>\n<meta property=\"og:site_name\" content=\"KEM Europe\" \/>\n<meta property=\"article:modified_time\" content=\"2025-02-27T13:44:55+00:00\" \/>\n<meta property=\"og:image\" content=\"https:\/\/kem-europe.eu\/wp-content\/uploads\/2025\/02\/mengmachine.jpg\" \/>\n\t<meta property=\"og:image:width\" content=\"700\" \/>\n\t<meta property=\"og:image:height\" content=\"700\" \/>\n\t<meta property=\"og:image:type\" content=\"image\/jpeg\" \/>\n<meta name=\"twitter:card\" content=\"summary_large_image\" \/>\n<meta name=\"twitter:label1\" content=\"Gesch\u00e4tzte Lesezeit\" \/>\n\t<meta name=\"twitter:data1\" content=\"1\u00a0Minute\" \/>\n<script type=\"application\/ld+json\" class=\"yoast-schema-graph\">{\"@context\":\"https:\\\/\\\/schema.org\",\"@graph\":[{\"@type\":\"WebPage\",\"@id\":\"https:\\\/\\\/kem-europe.eu\\\/product\\\/baier-bsm-287-duo-mengmachine-1400w\\\/\",\"url\":\"https:\\\/\\\/kem-europe.eu\\\/product\\\/baier-bsm-287-duo-mengmachine-1400w\\\/\",\"name\":\"Baier - BSM 287 DUO - Mengmachine - 1400W - KEM Europe\",\"isPartOf\":{\"@id\":\"https:\\\/\\\/kem-europe.eu\\\/#website\"},\"primaryImageOfPage\":{\"@id\":\"https:\\\/\\\/kem-europe.eu\\\/product\\\/baier-bsm-287-duo-mengmachine-1400w\\\/#primaryimage\"},\"image\":{\"@id\":\"https:\\\/\\\/kem-europe.eu\\\/product\\\/baier-bsm-287-duo-mengmachine-1400w\\\/#primaryimage\"},\"thumbnailUrl\":\"https:\\\/\\\/kem-europe.eu\\\/wp-content\\\/uploads\\\/2025\\\/02\\\/mengmachine.jpg\",\"datePublished\":\"2025-02-27T08:10:33+00:00\",\"dateModified\":\"2025-02-27T13:44:55+00:00\",\"breadcrumb\":{\"@id\":\"https:\\\/\\\/kem-europe.eu\\\/product\\\/baier-bsm-287-duo-mengmachine-1400w\\\/#breadcrumb\"},\"inLanguage\":\"de\",\"potentialAction\":[{\"@type\":\"ReadAction\",\"target\":[\"https:\\\/\\\/kem-europe.eu\\\/product\\\/baier-bsm-287-duo-mengmachine-1400w\\\/\"]}]},{\"@type\":\"ImageObject\",\"inLanguage\":\"de\",\"@id\":\"https:\\\/\\\/kem-europe.eu\\\/product\\\/baier-bsm-287-duo-mengmachine-1400w\\\/#primaryimage\",\"url\":\"https:\\\/\\\/kem-europe.eu\\\/wp-content\\\/uploads\\\/2025\\\/02\\\/mengmachine.jpg\",\"contentUrl\":\"https:\\\/\\\/kem-europe.eu\\\/wp-content\\\/uploads\\\/2025\\\/02\\\/mengmachine.jpg\",\"width\":700,\"height\":700},{\"@type\":\"BreadcrumbList\",\"@id\":\"https:\\\/\\\/kem-europe.eu\\\/product\\\/baier-bsm-287-duo-mengmachine-1400w\\\/#breadcrumb\",\"itemListElement\":[{\"@type\":\"ListItem\",\"position\":1,\"name\":\"Home\",\"item\":\"https:\\\/\\\/kem-europe.eu\\\/\"},{\"@type\":\"ListItem\",\"position\":2,\"name\":\"Winkel\",\"item\":\"https:\\\/\\\/kem-europe.eu\\\/winkel\\\/\"},{\"@type\":\"ListItem\",\"position\":3,\"name\":\"Baier &#8211; BSM 287 DUO &#8211; Mengmachine &#8211; 1400W\"}]},{\"@type\":\"WebSite\",\"@id\":\"https:\\\/\\\/kem-europe.eu\\\/#website\",\"url\":\"https:\\\/\\\/kem-europe.eu\\\/\",\"name\":\"KEM Europe\",\"description\":\"\",\"publisher\":{\"@id\":\"https:\\\/\\\/kem-europe.eu\\\/#organization\"},\"potentialAction\":[{\"@type\":\"SearchAction\",\"target\":{\"@type\":\"EntryPoint\",\"urlTemplate\":\"https:\\\/\\\/kem-europe.eu\\\/?s={search_term_string}\"},\"query-input\":{\"@type\":\"PropertyValueSpecification\",\"valueRequired\":true,\"valueName\":\"search_term_string\"}}],\"inLanguage\":\"de\"},{\"@type\":\"Organization\",\"@id\":\"https:\\\/\\\/kem-europe.eu\\\/#organization\",\"name\":\"KEM Europe\",\"url\":\"https:\\\/\\\/kem-europe.eu\\\/\",\"logo\":{\"@type\":\"ImageObject\",\"inLanguage\":\"de\",\"@id\":\"https:\\\/\\\/kem-europe.eu\\\/#\\\/schema\\\/logo\\\/image\\\/\",\"url\":\"https:\\\/\\\/kem-europe.eu\\\/wp-content\\\/uploads\\\/2025\\\/02\\\/KEM2019-BLACK-1500W.png\",\"contentUrl\":\"https:\\\/\\\/kem-europe.eu\\\/wp-content\\\/uploads\\\/2025\\\/02\\\/KEM2019-BLACK-1500W.png\",\"width\":1500,\"height\":626,\"caption\":\"KEM Europe\"},\"image\":{\"@id\":\"https:\\\/\\\/kem-europe.eu\\\/#\\\/schema\\\/logo\\\/image\\\/\"}}]}<\/script>\n<!-- \/ Yoast SEO plugin. -->","yoast_head_json":{"title":"Baier - BSM 287 DUO - Mischger\u00e4t - 1400W - KEM Europe","robots":{"index":"index","follow":"follow","max-snippet":"max-snippet:-1","max-image-preview":"max-image-preview:large","max-video-preview":"max-video-preview:-1"},"canonical":"https:\/\/kem-europe.eu\/de\/produkt\/baier-bsm-287-duo-mischmaschine-1400w\/","og_locale":"de_DE","og_type":"article","og_title":"Baier - BSM 287 DUO - Mengmachine - 1400W - KEM Europe","og_description":"Snelle mixer met 2 roergardes voor het mengen van hoeveelheden boven 120 kg","og_url":"https:\/\/kem-europe.eu\/de\/produkt\/baier-bsm-287-duo-mischmaschine-1400w\/","og_site_name":"KEM Europe","article_modified_time":"2025-02-27T13:44:55+00:00","og_image":[{"width":700,"height":700,"url":"https:\/\/kem-europe.eu\/wp-content\/uploads\/2025\/02\/mengmachine.jpg","type":"image\/jpeg"}],"twitter_card":"summary_large_image","twitter_misc":{"Gesch\u00e4tzte Lesezeit":"1\u00a0Minute"},"schema":{"@context":"https:\/\/schema.org","@graph":[{"@type":"WebPage","@id":"https:\/\/kem-europe.eu\/product\/baier-bsm-287-duo-mengmachine-1400w\/","url":"https:\/\/kem-europe.eu\/product\/baier-bsm-287-duo-mengmachine-1400w\/","name":"Baier - BSM 287 DUO - Mischger\u00e4t - 1400W - KEM Europe","isPartOf":{"@id":"https:\/\/kem-europe.eu\/#website"},"primaryImageOfPage":{"@id":"https:\/\/kem-europe.eu\/product\/baier-bsm-287-duo-mengmachine-1400w\/#primaryimage"},"image":{"@id":"https:\/\/kem-europe.eu\/product\/baier-bsm-287-duo-mengmachine-1400w\/#primaryimage"},"thumbnailUrl":"https:\/\/kem-europe.eu\/wp-content\/uploads\/2025\/02\/mengmachine.jpg","datePublished":"2025-02-27T08:10:33+00:00","dateModified":"2025-02-27T13:44:55+00:00","breadcrumb":{"@id":"https:\/\/kem-europe.eu\/product\/baier-bsm-287-duo-mengmachine-1400w\/#breadcrumb"},"inLanguage":"de","potentialAction":[{"@type":"ReadAction","target":["https:\/\/kem-europe.eu\/product\/baier-bsm-287-duo-mengmachine-1400w\/"]}]},{"@type":"ImageObject","inLanguage":"de","@id":"https:\/\/kem-europe.eu\/product\/baier-bsm-287-duo-mengmachine-1400w\/#primaryimage","url":"https:\/\/kem-europe.eu\/wp-content\/uploads\/2025\/02\/mengmachine.jpg","contentUrl":"https:\/\/kem-europe.eu\/wp-content\/uploads\/2025\/02\/mengmachine.jpg","width":700,"height":700},{"@type":"BreadcrumbList","@id":"https:\/\/kem-europe.eu\/product\/baier-bsm-287-duo-mengmachine-1400w\/#breadcrumb","itemListElement":[{"@type":"ListItem","position":1,"name":"Home","item":"https:\/\/kem-europe.eu\/"},{"@type":"ListItem","position":2,"name":"Winkel","item":"https:\/\/kem-europe.eu\/winkel\/"},{"@type":"ListItem","position":3,"name":"Baier &#8211; BSM 287 DUO &#8211; Mengmachine &#8211; 1400W"}]},{"@type":"WebSite","@id":"https:\/\/kem-europe.eu\/#website","url":"https:\/\/kem-europe.eu\/","name":"KEM Europe","description":"","publisher":{"@id":"https:\/\/kem-europe.eu\/#organization"},"potentialAction":[{"@type":"SearchAction","target":{"@type":"EntryPoint","urlTemplate":"https:\/\/kem-europe.eu\/?s={search_term_string}"},"query-input":{"@type":"PropertyValueSpecification","valueRequired":true,"valueName":"search_term_string"}}],"inLanguage":"de"},{"@type":"Organization","@id":"https:\/\/kem-europe.eu\/#organization","name":"KEM Europe","url":"https:\/\/kem-europe.eu\/","logo":{"@type":"ImageObject","inLanguage":"de","@id":"https:\/\/kem-europe.eu\/#\/schema\/logo\/image\/","url":"https:\/\/kem-europe.eu\/wp-content\/uploads\/2025\/02\/KEM2019-BLACK-1500W.png","contentUrl":"https:\/\/kem-europe.eu\/wp-content\/uploads\/2025\/02\/KEM2019-BLACK-1500W.png","width":1500,"height":626,"caption":"KEM Europe"},"image":{"@id":"https:\/\/kem-europe.eu\/#\/schema\/logo\/image\/"}}]}},"_links":{"self":[{"href":"https:\/\/kem-europe.eu\/de\/wp-json\/wp\/v2\/product\/455","targetHints":{"allow":["GET"]}}],"collection":[{"href":"https:\/\/kem-europe.eu\/de\/wp-json\/wp\/v2\/product"}],"about":[{"href":"https:\/\/kem-europe.eu\/de\/wp-json\/wp\/v2\/types\/product"}],"replies":[{"embeddable":true,"href":"https:\/\/kem-europe.eu\/de\/wp-json\/wp\/v2\/comments?post=455"}],"wp:featuredmedia":[{"embeddable":true,"href":"https:\/\/kem-europe.eu\/de\/wp-json\/wp\/v2\/media\/512"}],"wp:attachment":[{"href":"https:\/\/kem-europe.eu\/de\/wp-json\/wp\/v2\/media?parent=455"}],"wp:term":[{"taxonomy":"product_brand","embeddable":true,"href":"https:\/\/kem-europe.eu\/de\/wp-json\/wp\/v2\/product_brand?post=455"},{"taxonomy":"product_cat","embeddable":true,"href":"https:\/\/kem-europe.eu\/de\/wp-json\/wp\/v2\/product_cat?post=455"},{"taxonomy":"product_tag","embeddable":true,"href":"https:\/\/kem-europe.eu\/de\/wp-json\/wp\/v2\/product_tag?post=455"}],"curies":[{"name":"wp","href":"https:\/\/api.w.org\/{rel}","templated":true}]}}