{"id":485,"date":"2025-02-27T08:10:56","date_gmt":"2025-02-27T08:10:56","guid":{"rendered":"https:\/\/kem-europe.eu\/?post_type=product&#038;p=485"},"modified":"2025-06-06T07:38:22","modified_gmt":"2025-06-06T07:38:22","slug":"keyang-rs18l-o-akku-rezipro-stichsaege-18v-5-0ah","status":"publish","type":"product","link":"https:\/\/kem-europe.eu\/de\/product\/keyang-rs18l-o-accu-recipro-decoupeerzaag-18v-5ah\/","title":{"rendered":"Keyang RS18L-O Accu-S\u00e4bels\u00e4ge\/Dekupiers\u00e4ge 18V 5Ah"},"content":{"rendered":"<p><strong>Warum Keyang w\u00e4hlen?<\/strong><\/p>\n<p>Die koreanische Marke stellt seit \u00fcber 40 Jahren hochwertige Bau- und Industriemaschinen her. Seit mehr als 25 Jahren produziert sie auch f\u00fcr mehrere A-Marken auf dem europ\u00e4ischen Markt (u.a. Kress &amp; Spit). Keyang \u00fcbertrumpft seine Konkurrenten, indem es hervorragende Qualit\u00e4t zu einem fairen Preis liefert. Von seiner Position als Marktf\u00fchrer auf dem koreanischen Markt hat das Unternehmen nun begonnen, sich auch auf den europ\u00e4ischen Markt zu konzentrieren. In relativ kurzer Zeit hat sich die koreanische Marke zu einer vertrauensw\u00fcrdigen Marke auf der Baustelle entwickelt. Das hat nichts mit ausgekl\u00fcgeltem Marketing zu tun, sondern vor allem mit\u00a0<em>Wahrnehmung.<\/em><\/p>\n<p><em>Warum sollten Sie sich f\u00fcr das Keyang Multitool und die Stichs\u00e4ge entscheiden?<\/em><br \/>\nDas Multitool und die Stichs\u00e4ge sind in Qualit\u00e4t und Anwendung absolut vergleichbar mit den Maschinen der anderen A-Marken auf dem Markt. Wir w\u00fcrden sogar wagen zu behaupten, dass die Keyang in vielen F\u00e4llen von h\u00f6herer Qualit\u00e4t ist. Durch die ausgekl\u00fcgelte Konstruktion ist diese Maschine sehr robust und eine lange Lebensdauer ist garantiert.<\/p>\n<p>Multifunktionale S\u00e4ge; arbeitet sowohl mit S\u00e4bels\u00e4gebl\u00e4ttern als auch mit Stichs\u00e4gebl\u00e4ttern. Die Geschwindigkeit wird stufenlos \u00fcber den Schalter geregelt. Ausgestattet mit verstellbarer Grundplatte (Tiefe und Winkel), LED-Beleuchtung und Schnellwechselsystem f\u00fcr S\u00e4gebl\u00e4tter. Die Batterien sind mit einer Batteriespannungsanzeige ausgestattet.<\/p>\n<p><strong>Merkmale Keyang RS18L-O Accu-S\u00e4bels\u00e4ge\/Dekupiers\u00e4ge 18V 5Ah<\/strong><\/p>\n<ul>\n<li>Hocheffizienter b\u00fcrstenloser Motor (BLDC)<\/li>\n<li>Auch f\u00fcr Stichs\u00e4gen geeignet<\/li>\n<li>\u00dcberlastungsschutz<\/li>\n<li>Kompaktes und ergonomisches Design<\/li>\n<li>Anti-Vibrations-System<\/li>\n<li>LED-Beleuchtung<\/li>\n<li>Ergonomischer Griff<\/li>\n<li>Batterieanzeige<\/li>\n<li>Ladeger\u00e4t (50 min)<\/li>\n<\/ul>\n<p><strong>Technische Daten<\/strong><\/p>\n<ul>\n<li>Spannung - 18 V<\/li>\n<li>Stromversorgung - Batterie 5,0 Ah Li-Ion<\/li>\n<li>Leerlaufdrehzahl - 0-3400 RPM<\/li>\n<li>Hubl\u00e4nge - 19 mm<\/li>\n<li>Max. Kapazit\u00e4t Holz - 50 mm<\/li>\n<li>Gewicht - 2,38 kg<\/li>\n<\/ul>\n<p><strong>Umfang der Lieferung<\/strong><\/p>\n<ul>\n<li>Keyang RS18L-O Schnurlose S\u00e4bels\u00e4ge\/Dekupiers\u00e4ge<\/li>\n<li>2x 5,0 Ah Li-Ionen-Akku<\/li>\n<li>1x Ladeger\u00e4t<\/li>\n<li>Geliefert im Koffer<\/li>\n<\/ul>","protected":false},"excerpt":{"rendered":"<table>\n<tbody>\n<tr>\n<td class=\"echotable\">Doppelte Isolierung<\/td>\n<td class=\"echotable\">Elektrische Drehzahlregelung<\/td>\n<\/tr>\n<tr>\n<td class=\"echotable\">Leichtgewicht<\/td>\n<td class=\"echotable\">Sanfter Start<\/td>\n<\/tr>\n<\/tbody>\n<tbody>\n<tr>\n<td class=\"echotable\">Kunststoffgeh\u00e4use<\/td>\n<\/tr>\n<\/tbody>\n<\/table>\n<p><strong>Umfang der Lieferung<\/strong><\/p>\n<ul>\n<li>Keyang RS18L-O Schnurlose S\u00e4bels\u00e4ge\/Dekupiers\u00e4ge<\/li>\n<li>2x 5,0 Ah Li-Ionen-Akku<\/li>\n<li>1x Ladeger\u00e4t<\/li>\n<li>Geliefert im Koffer<\/li>\n<\/ul>","protected":false},"featured_media":545,"comment_status":"closed","ping_status":"closed","template":"","meta":[],"product_brand":[624],"product_cat":[59,54,97],"product_tag":[],"class_list":{"0":"post-485","1":"product","2":"type-product","3":"status-publish","4":"has-post-thumbnail","6":"product_brand-keyang","7":"product_cat-accu-decoupeerzaag","8":"product_cat-accu-machines","9":"product_cat-accu-reciprozaag","11":"first","12":"instock","13":"product-type-simple"},"ct_brands":[{"id":624,"name":"KEYANG","slug":"keyang"}],"yoast_head":"<!-- This site is optimized with the Yoast SEO plugin v27.3 - https:\/\/yoast.com\/product\/yoast-seo-wordpress\/ -->\n<title>Keyang RS18L-O Accu recipro-\/decoupeerzaag 18V 5Ah - KEM Europe<\/title>\n<meta name=\"robots\" content=\"index, follow, max-snippet:-1, max-image-preview:large, max-video-preview:-1\" \/>\n<link rel=\"canonical\" href=\"https:\/\/kem-europe.eu\/de\/produkt\/keyang-rs18l-o-akku-rezipro-stichsaege-18v-5-0ah\/\" \/>\n<meta property=\"og:locale\" content=\"de_DE\" \/>\n<meta property=\"og:type\" content=\"article\" \/>\n<meta property=\"og:title\" content=\"Keyang RS18L-O Accu recipro-\/decoupeerzaag 18V 5Ah - KEM Europe\" \/>\n<meta property=\"og:description\" content=\"Dubbele isolatie Elektrische snelheidsregeling   Lichtgewicht Soft start     Kunststof koffer    Leveringsomvang   Keyang RS18L-O Accu recipro-\/decoupeerzaag  2x Accu 5,0 Ah Li-ion  1x Oplader  Geleverd in koffer\" \/>\n<meta property=\"og:url\" content=\"https:\/\/kem-europe.eu\/de\/produkt\/keyang-rs18l-o-akku-rezipro-stichsaege-18v-5-0ah\/\" \/>\n<meta property=\"og:site_name\" content=\"KEM Europe\" \/>\n<meta property=\"article:modified_time\" content=\"2025-06-06T07:38:22+00:00\" \/>\n<meta property=\"og:image\" content=\"https:\/\/kem-europe.eu\/wp-content\/uploads\/2025\/02\/RS18LO_02_72DPI_TR.png\" \/>\n\t<meta property=\"og:image:width\" content=\"700\" \/>\n\t<meta property=\"og:image:height\" content=\"700\" \/>\n\t<meta property=\"og:image:type\" content=\"image\/png\" \/>\n<meta name=\"twitter:card\" content=\"summary_large_image\" \/>\n<meta name=\"twitter:label1\" content=\"Gesch\u00e4tzte Lesezeit\" \/>\n\t<meta name=\"twitter:data1\" content=\"2\u00a0Minuten\" \/>\n<script type=\"application\/ld+json\" class=\"yoast-schema-graph\">{\"@context\":\"https:\\\/\\\/schema.org\",\"@graph\":[{\"@type\":\"WebPage\",\"@id\":\"https:\\\/\\\/kem-europe.eu\\\/product\\\/keyang-rs18l-o-accu-recipro-decoupeerzaag-18v-5ah\\\/\",\"url\":\"https:\\\/\\\/kem-europe.eu\\\/product\\\/keyang-rs18l-o-accu-recipro-decoupeerzaag-18v-5ah\\\/\",\"name\":\"Keyang RS18L-O Accu recipro-\\\/decoupeerzaag 18V 5Ah - KEM Europe\",\"isPartOf\":{\"@id\":\"https:\\\/\\\/kem-europe.eu\\\/#website\"},\"primaryImageOfPage\":{\"@id\":\"https:\\\/\\\/kem-europe.eu\\\/product\\\/keyang-rs18l-o-accu-recipro-decoupeerzaag-18v-5ah\\\/#primaryimage\"},\"image\":{\"@id\":\"https:\\\/\\\/kem-europe.eu\\\/product\\\/keyang-rs18l-o-accu-recipro-decoupeerzaag-18v-5ah\\\/#primaryimage\"},\"thumbnailUrl\":\"https:\\\/\\\/kem-europe.eu\\\/wp-content\\\/uploads\\\/2025\\\/02\\\/RS18LO_02_72DPI_TR.png\",\"datePublished\":\"2025-02-27T08:10:56+00:00\",\"dateModified\":\"2025-06-06T07:38:22+00:00\",\"breadcrumb\":{\"@id\":\"https:\\\/\\\/kem-europe.eu\\\/product\\\/keyang-rs18l-o-accu-recipro-decoupeerzaag-18v-5ah\\\/#breadcrumb\"},\"inLanguage\":\"de\",\"potentialAction\":[{\"@type\":\"ReadAction\",\"target\":[\"https:\\\/\\\/kem-europe.eu\\\/product\\\/keyang-rs18l-o-accu-recipro-decoupeerzaag-18v-5ah\\\/\"]}]},{\"@type\":\"ImageObject\",\"inLanguage\":\"de\",\"@id\":\"https:\\\/\\\/kem-europe.eu\\\/product\\\/keyang-rs18l-o-accu-recipro-decoupeerzaag-18v-5ah\\\/#primaryimage\",\"url\":\"https:\\\/\\\/kem-europe.eu\\\/wp-content\\\/uploads\\\/2025\\\/02\\\/RS18LO_02_72DPI_TR.png\",\"contentUrl\":\"https:\\\/\\\/kem-europe.eu\\\/wp-content\\\/uploads\\\/2025\\\/02\\\/RS18LO_02_72DPI_TR.png\",\"width\":700,\"height\":700},{\"@type\":\"BreadcrumbList\",\"@id\":\"https:\\\/\\\/kem-europe.eu\\\/product\\\/keyang-rs18l-o-accu-recipro-decoupeerzaag-18v-5ah\\\/#breadcrumb\",\"itemListElement\":[{\"@type\":\"ListItem\",\"position\":1,\"name\":\"Home\",\"item\":\"https:\\\/\\\/kem-europe.eu\\\/\"},{\"@type\":\"ListItem\",\"position\":2,\"name\":\"Winkel\",\"item\":\"https:\\\/\\\/kem-europe.eu\\\/winkel\\\/\"},{\"@type\":\"ListItem\",\"position\":3,\"name\":\"Keyang RS18L-O Accu recipro-\\\/decoupeerzaag 18V 5Ah\"}]},{\"@type\":\"WebSite\",\"@id\":\"https:\\\/\\\/kem-europe.eu\\\/#website\",\"url\":\"https:\\\/\\\/kem-europe.eu\\\/\",\"name\":\"KEM Europe\",\"description\":\"\",\"publisher\":{\"@id\":\"https:\\\/\\\/kem-europe.eu\\\/#organization\"},\"potentialAction\":[{\"@type\":\"SearchAction\",\"target\":{\"@type\":\"EntryPoint\",\"urlTemplate\":\"https:\\\/\\\/kem-europe.eu\\\/?s={search_term_string}\"},\"query-input\":{\"@type\":\"PropertyValueSpecification\",\"valueRequired\":true,\"valueName\":\"search_term_string\"}}],\"inLanguage\":\"de\"},{\"@type\":\"Organization\",\"@id\":\"https:\\\/\\\/kem-europe.eu\\\/#organization\",\"name\":\"KEM Europe\",\"url\":\"https:\\\/\\\/kem-europe.eu\\\/\",\"logo\":{\"@type\":\"ImageObject\",\"inLanguage\":\"de\",\"@id\":\"https:\\\/\\\/kem-europe.eu\\\/#\\\/schema\\\/logo\\\/image\\\/\",\"url\":\"https:\\\/\\\/kem-europe.eu\\\/wp-content\\\/uploads\\\/2025\\\/02\\\/KEM2019-BLACK-1500W.png\",\"contentUrl\":\"https:\\\/\\\/kem-europe.eu\\\/wp-content\\\/uploads\\\/2025\\\/02\\\/KEM2019-BLACK-1500W.png\",\"width\":1500,\"height\":626,\"caption\":\"KEM Europe\"},\"image\":{\"@id\":\"https:\\\/\\\/kem-europe.eu\\\/#\\\/schema\\\/logo\\\/image\\\/\"}}]}<\/script>\n<!-- \/ Yoast SEO plugin. -->","yoast_head_json":{"title":"Keyang RS18L-O Accu-S\u00e4bels\u00e4ge\/Dekupiers\u00e4ge 18V 5Ah - KEM Europe","robots":{"index":"index","follow":"follow","max-snippet":"max-snippet:-1","max-image-preview":"max-image-preview:large","max-video-preview":"max-video-preview:-1"},"canonical":"https:\/\/kem-europe.eu\/de\/produkt\/keyang-rs18l-o-akku-rezipro-stichsaege-18v-5-0ah\/","og_locale":"de_DE","og_type":"article","og_title":"Keyang RS18L-O Accu recipro-\/decoupeerzaag 18V 5Ah - KEM Europe","og_description":"Dubbele isolatie Elektrische snelheidsregeling   Lichtgewicht Soft start     Kunststof koffer    Leveringsomvang   Keyang RS18L-O Accu recipro-\/decoupeerzaag  2x Accu 5,0 Ah Li-ion  1x Oplader  Geleverd in koffer","og_url":"https:\/\/kem-europe.eu\/de\/produkt\/keyang-rs18l-o-akku-rezipro-stichsaege-18v-5-0ah\/","og_site_name":"KEM Europe","article_modified_time":"2025-06-06T07:38:22+00:00","og_image":[{"width":700,"height":700,"url":"https:\/\/kem-europe.eu\/wp-content\/uploads\/2025\/02\/RS18LO_02_72DPI_TR.png","type":"image\/png"}],"twitter_card":"summary_large_image","twitter_misc":{"Gesch\u00e4tzte Lesezeit":"2\u00a0Minuten"},"schema":{"@context":"https:\/\/schema.org","@graph":[{"@type":"WebPage","@id":"https:\/\/kem-europe.eu\/product\/keyang-rs18l-o-accu-recipro-decoupeerzaag-18v-5ah\/","url":"https:\/\/kem-europe.eu\/product\/keyang-rs18l-o-accu-recipro-decoupeerzaag-18v-5ah\/","name":"Keyang RS18L-O Accu-S\u00e4bels\u00e4ge\/Dekupiers\u00e4ge 18V 5Ah - KEM Europe","isPartOf":{"@id":"https:\/\/kem-europe.eu\/#website"},"primaryImageOfPage":{"@id":"https:\/\/kem-europe.eu\/product\/keyang-rs18l-o-accu-recipro-decoupeerzaag-18v-5ah\/#primaryimage"},"image":{"@id":"https:\/\/kem-europe.eu\/product\/keyang-rs18l-o-accu-recipro-decoupeerzaag-18v-5ah\/#primaryimage"},"thumbnailUrl":"https:\/\/kem-europe.eu\/wp-content\/uploads\/2025\/02\/RS18LO_02_72DPI_TR.png","datePublished":"2025-02-27T08:10:56+00:00","dateModified":"2025-06-06T07:38:22+00:00","breadcrumb":{"@id":"https:\/\/kem-europe.eu\/product\/keyang-rs18l-o-accu-recipro-decoupeerzaag-18v-5ah\/#breadcrumb"},"inLanguage":"de","potentialAction":[{"@type":"ReadAction","target":["https:\/\/kem-europe.eu\/product\/keyang-rs18l-o-accu-recipro-decoupeerzaag-18v-5ah\/"]}]},{"@type":"ImageObject","inLanguage":"de","@id":"https:\/\/kem-europe.eu\/product\/keyang-rs18l-o-accu-recipro-decoupeerzaag-18v-5ah\/#primaryimage","url":"https:\/\/kem-europe.eu\/wp-content\/uploads\/2025\/02\/RS18LO_02_72DPI_TR.png","contentUrl":"https:\/\/kem-europe.eu\/wp-content\/uploads\/2025\/02\/RS18LO_02_72DPI_TR.png","width":700,"height":700},{"@type":"BreadcrumbList","@id":"https:\/\/kem-europe.eu\/product\/keyang-rs18l-o-accu-recipro-decoupeerzaag-18v-5ah\/#breadcrumb","itemListElement":[{"@type":"ListItem","position":1,"name":"Home","item":"https:\/\/kem-europe.eu\/"},{"@type":"ListItem","position":2,"name":"Winkel","item":"https:\/\/kem-europe.eu\/winkel\/"},{"@type":"ListItem","position":3,"name":"Keyang RS18L-O Accu recipro-\/decoupeerzaag 18V 5Ah"}]},{"@type":"WebSite","@id":"https:\/\/kem-europe.eu\/#website","url":"https:\/\/kem-europe.eu\/","name":"KEM Europe","description":"","publisher":{"@id":"https:\/\/kem-europe.eu\/#organization"},"potentialAction":[{"@type":"SearchAction","target":{"@type":"EntryPoint","urlTemplate":"https:\/\/kem-europe.eu\/?s={search_term_string}"},"query-input":{"@type":"PropertyValueSpecification","valueRequired":true,"valueName":"search_term_string"}}],"inLanguage":"de"},{"@type":"Organization","@id":"https:\/\/kem-europe.eu\/#organization","name":"KEM Europe","url":"https:\/\/kem-europe.eu\/","logo":{"@type":"ImageObject","inLanguage":"de","@id":"https:\/\/kem-europe.eu\/#\/schema\/logo\/image\/","url":"https:\/\/kem-europe.eu\/wp-content\/uploads\/2025\/02\/KEM2019-BLACK-1500W.png","contentUrl":"https:\/\/kem-europe.eu\/wp-content\/uploads\/2025\/02\/KEM2019-BLACK-1500W.png","width":1500,"height":626,"caption":"KEM Europe"},"image":{"@id":"https:\/\/kem-europe.eu\/#\/schema\/logo\/image\/"}}]}},"_links":{"self":[{"href":"https:\/\/kem-europe.eu\/de\/wp-json\/wp\/v2\/product\/485","targetHints":{"allow":["GET"]}}],"collection":[{"href":"https:\/\/kem-europe.eu\/de\/wp-json\/wp\/v2\/product"}],"about":[{"href":"https:\/\/kem-europe.eu\/de\/wp-json\/wp\/v2\/types\/product"}],"replies":[{"embeddable":true,"href":"https:\/\/kem-europe.eu\/de\/wp-json\/wp\/v2\/comments?post=485"}],"wp:featuredmedia":[{"embeddable":true,"href":"https:\/\/kem-europe.eu\/de\/wp-json\/wp\/v2\/media\/545"}],"wp:attachment":[{"href":"https:\/\/kem-europe.eu\/de\/wp-json\/wp\/v2\/media?parent=485"}],"wp:term":[{"taxonomy":"product_brand","embeddable":true,"href":"https:\/\/kem-europe.eu\/de\/wp-json\/wp\/v2\/product_brand?post=485"},{"taxonomy":"product_cat","embeddable":true,"href":"https:\/\/kem-europe.eu\/de\/wp-json\/wp\/v2\/product_cat?post=485"},{"taxonomy":"product_tag","embeddable":true,"href":"https:\/\/kem-europe.eu\/de\/wp-json\/wp\/v2\/product_tag?post=485"}],"curies":[{"name":"wp","href":"https:\/\/api.w.org\/{rel}","templated":true}]}}