{"id":536,"date":"2025-02-27T08:11:19","date_gmt":"2025-02-27T08:11:19","guid":{"rendered":"https:\/\/kem-europe.eu\/?post_type=product&#038;p=536"},"modified":"2025-06-06T06:52:52","modified_gmt":"2025-06-06T06:52:52","slug":"keyang-dg20blh-125sv-akku-winkelschleifer-body","status":"publish","type":"product","link":"https:\/\/kem-europe.eu\/de\/product\/keyang-dg20blh-125sv-accu-haakse-slijper-body\/","title":{"rendered":"Keyang DG20BLH-125SV Akku-Winkelschleifer - BODY"},"content":{"rendered":"<p><img decoding=\"async\" class=\"aligncenter\" src=\"https:\/\/bjctools.nl\/wp-content\/uploads\/2021\/03\/DG20BLH-125SV-NL-body.png\" \/><\/p>","protected":false},"excerpt":{"rendered":"<p><strong>Warum Keyang w\u00e4hlen?<\/strong><\/p>\n<p>Die koreanische Marke stellt seit \u00fcber 40 Jahren hochwertige Bau- und Industriemaschinen her. Seit mehr als 25 Jahren produziert sie auch f\u00fcr mehrere A-Marken auf dem europ\u00e4ischen Markt (u.a. Kress &amp; Spit). Keyang \u00fcbertrumpft seine Konkurrenten, indem es hervorragende Qualit\u00e4t zu einem fairen Preis liefert. Von seiner Position als Marktf\u00fchrer auf dem koreanischen Markt hat das Unternehmen nun begonnen, sich auch auf den europ\u00e4ischen Markt zu konzentrieren. In relativ kurzer Zeit hat sich die koreanische Marke zu einer vertrauensw\u00fcrdigen Marke auf der Baustelle entwickelt. Das hat nichts mit ausgekl\u00fcgeltem Marketing zu tun, sondern vor allem mit\u00a0<em>Wahrnehmung.<\/em><\/p>\n<p><strong>Umfang der Lieferung<\/strong><\/p>\n<ul>\n<li>Keyang DG20BLH-125SV Accu-Winkelschleifer 125mm 18V - BODY<\/li>\n<li>1x Anti-Vibrations-Griff<\/li>\n<li>Geliefert im Karton<\/li>\n<\/ul>","protected":false},"featured_media":619,"comment_status":"closed","ping_status":"closed","template":"","meta":[],"product_brand":[624],"product_cat":[69,54],"product_tag":[],"class_list":{"0":"post-536","1":"product","2":"type-product","3":"status-publish","4":"has-post-thumbnail","6":"product_brand-keyang","7":"product_cat-accu-haakse-slijper","8":"product_cat-accu-machines","10":"first","11":"instock","12":"product-type-simple"},"ct_brands":[{"id":624,"name":"KEYANG","slug":"keyang"}],"yoast_head":"<!-- This site is optimized with the Yoast SEO plugin v27.3 - https:\/\/yoast.com\/product\/yoast-seo-wordpress\/ -->\n<title>Accu Haakse Slijper Keyang DG20BLH-125SV BODY l KEM-EUROPE<\/title>\n<meta name=\"description\" content=\"Accu Haakse Slijper Keyang DG20BLH-125SV BODY - Beschikt over een krachtige 1000W borstelloze motor! Snelheidsregeling in 3 stappen mogelijk!\" \/>\n<meta name=\"robots\" content=\"index, follow, max-snippet:-1, max-image-preview:large, max-video-preview:-1\" \/>\n<link rel=\"canonical\" href=\"https:\/\/kem-europe.eu\/de\/produkt\/keyang-dg20blh-125sv-akku-winkelschleifer-body\/\" \/>\n<meta property=\"og:locale\" content=\"de_DE\" \/>\n<meta property=\"og:type\" content=\"article\" \/>\n<meta property=\"og:title\" content=\"Accu Haakse Slijper Keyang DG20BLH-125SV BODY l KEM-EUROPE\" \/>\n<meta property=\"og:description\" content=\"Accu Haakse Slijper Keyang DG20BLH-125SV BODY - Beschikt over een krachtige 1000W borstelloze motor! Snelheidsregeling in 3 stappen mogelijk!\" \/>\n<meta property=\"og:url\" content=\"https:\/\/kem-europe.eu\/de\/produkt\/keyang-dg20blh-125sv-akku-winkelschleifer-body\/\" \/>\n<meta property=\"og:site_name\" content=\"KEM Europe\" \/>\n<meta property=\"article:modified_time\" content=\"2025-06-06T06:52:52+00:00\" \/>\n<meta property=\"og:image\" content=\"https:\/\/kem-europe.eu\/wp-content\/uploads\/2025\/02\/DG20BLH125SV-BODY_01_72DPI_TR.png\" \/>\n\t<meta property=\"og:image:width\" content=\"700\" \/>\n\t<meta property=\"og:image:height\" content=\"700\" \/>\n\t<meta property=\"og:image:type\" content=\"image\/png\" \/>\n<meta name=\"twitter:card\" content=\"summary_large_image\" \/>\n<meta name=\"twitter:label1\" content=\"Gesch\u00e4tzte Lesezeit\" \/>\n\t<meta name=\"twitter:data1\" content=\"1\u00a0Minute\" \/>\n<script type=\"application\/ld+json\" class=\"yoast-schema-graph\">{\"@context\":\"https:\\\/\\\/schema.org\",\"@graph\":[{\"@type\":\"WebPage\",\"@id\":\"https:\\\/\\\/kem-europe.eu\\\/product\\\/keyang-dg20blh-125sv-accu-haakse-slijper-body\\\/\",\"url\":\"https:\\\/\\\/kem-europe.eu\\\/product\\\/keyang-dg20blh-125sv-accu-haakse-slijper-body\\\/\",\"name\":\"Accu Haakse Slijper Keyang DG20BLH-125SV BODY l KEM-EUROPE\",\"isPartOf\":{\"@id\":\"https:\\\/\\\/kem-europe.eu\\\/#website\"},\"primaryImageOfPage\":{\"@id\":\"https:\\\/\\\/kem-europe.eu\\\/product\\\/keyang-dg20blh-125sv-accu-haakse-slijper-body\\\/#primaryimage\"},\"image\":{\"@id\":\"https:\\\/\\\/kem-europe.eu\\\/product\\\/keyang-dg20blh-125sv-accu-haakse-slijper-body\\\/#primaryimage\"},\"thumbnailUrl\":\"https:\\\/\\\/kem-europe.eu\\\/wp-content\\\/uploads\\\/2025\\\/02\\\/DG20BLH125SV-BODY_01_72DPI_TR.png\",\"datePublished\":\"2025-02-27T08:11:19+00:00\",\"dateModified\":\"2025-06-06T06:52:52+00:00\",\"description\":\"Accu Haakse Slijper Keyang DG20BLH-125SV BODY - Beschikt over een krachtige 1000W borstelloze motor! Snelheidsregeling in 3 stappen mogelijk!\",\"breadcrumb\":{\"@id\":\"https:\\\/\\\/kem-europe.eu\\\/product\\\/keyang-dg20blh-125sv-accu-haakse-slijper-body\\\/#breadcrumb\"},\"inLanguage\":\"de\",\"potentialAction\":[{\"@type\":\"ReadAction\",\"target\":[\"https:\\\/\\\/kem-europe.eu\\\/product\\\/keyang-dg20blh-125sv-accu-haakse-slijper-body\\\/\"]}]},{\"@type\":\"ImageObject\",\"inLanguage\":\"de\",\"@id\":\"https:\\\/\\\/kem-europe.eu\\\/product\\\/keyang-dg20blh-125sv-accu-haakse-slijper-body\\\/#primaryimage\",\"url\":\"https:\\\/\\\/kem-europe.eu\\\/wp-content\\\/uploads\\\/2025\\\/02\\\/DG20BLH125SV-BODY_01_72DPI_TR.png\",\"contentUrl\":\"https:\\\/\\\/kem-europe.eu\\\/wp-content\\\/uploads\\\/2025\\\/02\\\/DG20BLH125SV-BODY_01_72DPI_TR.png\",\"width\":700,\"height\":700},{\"@type\":\"BreadcrumbList\",\"@id\":\"https:\\\/\\\/kem-europe.eu\\\/product\\\/keyang-dg20blh-125sv-accu-haakse-slijper-body\\\/#breadcrumb\",\"itemListElement\":[{\"@type\":\"ListItem\",\"position\":1,\"name\":\"Home\",\"item\":\"https:\\\/\\\/kem-europe.eu\\\/\"},{\"@type\":\"ListItem\",\"position\":2,\"name\":\"Winkel\",\"item\":\"https:\\\/\\\/kem-europe.eu\\\/winkel\\\/\"},{\"@type\":\"ListItem\",\"position\":3,\"name\":\"Keyang DG20BLH-125SV Accu Haakse Slijper &#8211; BODY\"}]},{\"@type\":\"WebSite\",\"@id\":\"https:\\\/\\\/kem-europe.eu\\\/#website\",\"url\":\"https:\\\/\\\/kem-europe.eu\\\/\",\"name\":\"KEM Europe\",\"description\":\"\",\"publisher\":{\"@id\":\"https:\\\/\\\/kem-europe.eu\\\/#organization\"},\"potentialAction\":[{\"@type\":\"SearchAction\",\"target\":{\"@type\":\"EntryPoint\",\"urlTemplate\":\"https:\\\/\\\/kem-europe.eu\\\/?s={search_term_string}\"},\"query-input\":{\"@type\":\"PropertyValueSpecification\",\"valueRequired\":true,\"valueName\":\"search_term_string\"}}],\"inLanguage\":\"de\"},{\"@type\":\"Organization\",\"@id\":\"https:\\\/\\\/kem-europe.eu\\\/#organization\",\"name\":\"KEM Europe\",\"url\":\"https:\\\/\\\/kem-europe.eu\\\/\",\"logo\":{\"@type\":\"ImageObject\",\"inLanguage\":\"de\",\"@id\":\"https:\\\/\\\/kem-europe.eu\\\/#\\\/schema\\\/logo\\\/image\\\/\",\"url\":\"https:\\\/\\\/kem-europe.eu\\\/wp-content\\\/uploads\\\/2025\\\/02\\\/KEM2019-BLACK-1500W.png\",\"contentUrl\":\"https:\\\/\\\/kem-europe.eu\\\/wp-content\\\/uploads\\\/2025\\\/02\\\/KEM2019-BLACK-1500W.png\",\"width\":1500,\"height\":626,\"caption\":\"KEM Europe\"},\"image\":{\"@id\":\"https:\\\/\\\/kem-europe.eu\\\/#\\\/schema\\\/logo\\\/image\\\/\"}}]}<\/script>\n<!-- \/ Yoast SEO plugin. -->","yoast_head_json":{"title":"Accu-Winkelschleifer Keyang DG20BLH-125SV BODY l KEM-EUROPE","description":"Accu-Winkelschleifer Keyang DG20BLH-125SV BODY - Verf\u00fcgt \u00fcber einen leistungsstarken 1000W b\u00fcrstenlosen Motor! Drehzahlregelung in 3 Stufen m\u00f6glich!","robots":{"index":"index","follow":"follow","max-snippet":"max-snippet:-1","max-image-preview":"max-image-preview:large","max-video-preview":"max-video-preview:-1"},"canonical":"https:\/\/kem-europe.eu\/de\/produkt\/keyang-dg20blh-125sv-akku-winkelschleifer-body\/","og_locale":"de_DE","og_type":"article","og_title":"Accu Haakse Slijper Keyang DG20BLH-125SV BODY l KEM-EUROPE","og_description":"Accu Haakse Slijper Keyang DG20BLH-125SV BODY - Beschikt over een krachtige 1000W borstelloze motor! Snelheidsregeling in 3 stappen mogelijk!","og_url":"https:\/\/kem-europe.eu\/de\/produkt\/keyang-dg20blh-125sv-akku-winkelschleifer-body\/","og_site_name":"KEM Europe","article_modified_time":"2025-06-06T06:52:52+00:00","og_image":[{"width":700,"height":700,"url":"https:\/\/kem-europe.eu\/wp-content\/uploads\/2025\/02\/DG20BLH125SV-BODY_01_72DPI_TR.png","type":"image\/png"}],"twitter_card":"summary_large_image","twitter_misc":{"Gesch\u00e4tzte Lesezeit":"1\u00a0Minute"},"schema":{"@context":"https:\/\/schema.org","@graph":[{"@type":"WebPage","@id":"https:\/\/kem-europe.eu\/product\/keyang-dg20blh-125sv-accu-haakse-slijper-body\/","url":"https:\/\/kem-europe.eu\/product\/keyang-dg20blh-125sv-accu-haakse-slijper-body\/","name":"Accu-Winkelschleifer Keyang DG20BLH-125SV BODY l KEM-EUROPE","isPartOf":{"@id":"https:\/\/kem-europe.eu\/#website"},"primaryImageOfPage":{"@id":"https:\/\/kem-europe.eu\/product\/keyang-dg20blh-125sv-accu-haakse-slijper-body\/#primaryimage"},"image":{"@id":"https:\/\/kem-europe.eu\/product\/keyang-dg20blh-125sv-accu-haakse-slijper-body\/#primaryimage"},"thumbnailUrl":"https:\/\/kem-europe.eu\/wp-content\/uploads\/2025\/02\/DG20BLH125SV-BODY_01_72DPI_TR.png","datePublished":"2025-02-27T08:11:19+00:00","dateModified":"2025-06-06T06:52:52+00:00","description":"Accu-Winkelschleifer Keyang DG20BLH-125SV BODY - Verf\u00fcgt \u00fcber einen leistungsstarken 1000W b\u00fcrstenlosen Motor! Drehzahlregelung in 3 Stufen m\u00f6glich!","breadcrumb":{"@id":"https:\/\/kem-europe.eu\/product\/keyang-dg20blh-125sv-accu-haakse-slijper-body\/#breadcrumb"},"inLanguage":"de","potentialAction":[{"@type":"ReadAction","target":["https:\/\/kem-europe.eu\/product\/keyang-dg20blh-125sv-accu-haakse-slijper-body\/"]}]},{"@type":"ImageObject","inLanguage":"de","@id":"https:\/\/kem-europe.eu\/product\/keyang-dg20blh-125sv-accu-haakse-slijper-body\/#primaryimage","url":"https:\/\/kem-europe.eu\/wp-content\/uploads\/2025\/02\/DG20BLH125SV-BODY_01_72DPI_TR.png","contentUrl":"https:\/\/kem-europe.eu\/wp-content\/uploads\/2025\/02\/DG20BLH125SV-BODY_01_72DPI_TR.png","width":700,"height":700},{"@type":"BreadcrumbList","@id":"https:\/\/kem-europe.eu\/product\/keyang-dg20blh-125sv-accu-haakse-slijper-body\/#breadcrumb","itemListElement":[{"@type":"ListItem","position":1,"name":"Home","item":"https:\/\/kem-europe.eu\/"},{"@type":"ListItem","position":2,"name":"Winkel","item":"https:\/\/kem-europe.eu\/winkel\/"},{"@type":"ListItem","position":3,"name":"Keyang DG20BLH-125SV Accu Haakse Slijper &#8211; BODY"}]},{"@type":"WebSite","@id":"https:\/\/kem-europe.eu\/#website","url":"https:\/\/kem-europe.eu\/","name":"KEM Europe","description":"","publisher":{"@id":"https:\/\/kem-europe.eu\/#organization"},"potentialAction":[{"@type":"SearchAction","target":{"@type":"EntryPoint","urlTemplate":"https:\/\/kem-europe.eu\/?s={search_term_string}"},"query-input":{"@type":"PropertyValueSpecification","valueRequired":true,"valueName":"search_term_string"}}],"inLanguage":"de"},{"@type":"Organization","@id":"https:\/\/kem-europe.eu\/#organization","name":"KEM Europe","url":"https:\/\/kem-europe.eu\/","logo":{"@type":"ImageObject","inLanguage":"de","@id":"https:\/\/kem-europe.eu\/#\/schema\/logo\/image\/","url":"https:\/\/kem-europe.eu\/wp-content\/uploads\/2025\/02\/KEM2019-BLACK-1500W.png","contentUrl":"https:\/\/kem-europe.eu\/wp-content\/uploads\/2025\/02\/KEM2019-BLACK-1500W.png","width":1500,"height":626,"caption":"KEM Europe"},"image":{"@id":"https:\/\/kem-europe.eu\/#\/schema\/logo\/image\/"}}]}},"_links":{"self":[{"href":"https:\/\/kem-europe.eu\/de\/wp-json\/wp\/v2\/product\/536","targetHints":{"allow":["GET"]}}],"collection":[{"href":"https:\/\/kem-europe.eu\/de\/wp-json\/wp\/v2\/product"}],"about":[{"href":"https:\/\/kem-europe.eu\/de\/wp-json\/wp\/v2\/types\/product"}],"replies":[{"embeddable":true,"href":"https:\/\/kem-europe.eu\/de\/wp-json\/wp\/v2\/comments?post=536"}],"wp:featuredmedia":[{"embeddable":true,"href":"https:\/\/kem-europe.eu\/de\/wp-json\/wp\/v2\/media\/619"}],"wp:attachment":[{"href":"https:\/\/kem-europe.eu\/de\/wp-json\/wp\/v2\/media?parent=536"}],"wp:term":[{"taxonomy":"product_brand","embeddable":true,"href":"https:\/\/kem-europe.eu\/de\/wp-json\/wp\/v2\/product_brand?post=536"},{"taxonomy":"product_cat","embeddable":true,"href":"https:\/\/kem-europe.eu\/de\/wp-json\/wp\/v2\/product_cat?post=536"},{"taxonomy":"product_tag","embeddable":true,"href":"https:\/\/kem-europe.eu\/de\/wp-json\/wp\/v2\/product_tag?post=536"}],"curies":[{"name":"wp","href":"https:\/\/api.w.org\/{rel}","templated":true}]}}