{"id":576,"date":"2025-02-27T08:11:45","date_gmt":"2025-02-27T08:11:45","guid":{"rendered":"https:\/\/kem-europe.eu\/?post_type=product&#038;p=576"},"modified":"2025-06-06T06:51:42","modified_gmt":"2025-06-06T06:51:42","slug":"keyang-dg20blh-125pv-akku-winkelschleifer-paddleschalter-body","status":"publish","type":"product","link":"https:\/\/kem-europe.eu\/de\/product\/keyang-dg20blh-125pv-accu-haakse-slijper-met-paddleswitch-body\/","title":{"rendered":"Keyang DG20BLH-125PV Akku-Winkelschleifer mit Paddleswitch - BODY"},"content":{"rendered":"<p><img decoding=\"async\" class=\"aligncenter\" src=\"https:\/\/bjctools.nl\/wp-content\/uploads\/2021\/08\/DG20BLH-125PV-body.png\" \/><\/p>\n<p>Als Antwort auf die weltweiten Trends im Bereich der Sicherheit am Arbeitsplatz hat Keyang einen 2-Stufen-Winkelschleifer mit Paddelschalter f\u00fcr Akku-Winkelschleifer entwickelt. Diese Art von Schalter erf\u00fcllt die gestiegenen Sicherheitsanforderungen an immer mehr Arbeitspl\u00e4tzen. Die Konstruktion macht es sehr unwahrscheinlich, dass sich die Maschine ungewollt einschaltet und schaltet sich beim Loslassen des Schalters auch sofort wieder ab. Starke Leistung im Akkubetrieb, vergleichbar mit einer kabelgebundenen 1000-W-Schleifmaschine.<\/p>\n<p><strong><span style=\"font-size: 20px;\"><em>Wesentliche Merkmale <span style=\"color: #ff0000;\">Akku-Winkelschleifer Keyang Body<\/span><\/em><\/span>:<br \/>\n<\/strong><\/p>\n<ul>\n<li>3 Geschwindigkeiten<\/li>\n<li>Anti-Vibrations-Griff<\/li>\n<li>Verbesserte Sicherheitsfunktion<\/li>\n<li>Paddelschalter - Sicherheitsschalter<\/li>\n<li>Kompakt und leicht<\/li>\n<li>BLDC-Motor - Hochleistungsserie<\/li>\n<\/ul>\n<hr \/>\n<p><em style=\"font-size: 20px;\"><strong>Keyang Power Tools<\/strong><\/em><\/p>\n<div id=\"text-block-dc06be16fea35fffb4c65b6aa8f99557\" class=\"sh-text-block\">\n<p>Das Forschungs- und Entwicklungszentrum von Keyang treibt die Zukunft des Unternehmens voran, indem es innovative Ans\u00e4tze f\u00fcr die Entwicklung neuer Produkte entwickelt. Keyang strebt nach vollst\u00e4ndiger Kundenzufriedenheit und ist der Ansicht, dass die Entwicklung neuer Produkte eine entscheidende Aufgabe ist, um dieses Ziel zu erreichen. Keyang, ein f\u00fchrendes Unternehmen im Bereich Elektrowerkzeuge und Motoren f\u00fcr den Hausgebrauch, gr\u00fcndete sein F&amp;E-Zentrum im Jahr 1989. Die kontinuierlichen Investitionen in Forschung und Entwicklung haben die technologischen F\u00e4higkeiten des Unternehmens verbessert. Diese Konzentration auf die Entwicklung der besten Produkte hat nicht nur unsere bestehenden Produkte verbessert, sondern Keyang auch die Expansion in die Bereiche E-Mobilit\u00e4t, Gesundheit und Freizeit erm\u00f6glicht.<\/p>\n<p>Die koreanische Marke stellt seit \u00fcber 40 Jahren hochwertige Bau- und Industriemaschinen her. Seit mehr als 25 Jahren produziert sie auch f\u00fcr mehrere A-Marken auf dem europ\u00e4ischen Markt (u.a. Kress &amp; Spit). Keyang \u00fcbertrumpft seine Konkurrenten, indem es hervorragende Qualit\u00e4t zu einem fairen Preis liefert. Von seiner Position als Marktf\u00fchrer auf dem koreanischen Markt hat das Unternehmen nun begonnen, sich auch auf den europ\u00e4ischen Markt zu konzentrieren. In relativ kurzer Zeit hat sich die koreanische Marke zu einer vertrauensw\u00fcrdigen Marke auf der Baustelle entwickelt. Das hat nichts mit ausgekl\u00fcgeltem Marketing zu tun, sondern vor allem mit\u00a0<em>erleben<\/em>.<\/p>\n<\/div>","protected":false},"excerpt":{"rendered":"<p><strong>Warum Keyang w\u00e4hlen?<\/strong><\/p>\n<p>Als Antwort auf die weltweiten Trends im Bereich der Sicherheit am Arbeitsplatz hat Keyang einen 2-Stufen-Wippschalter f\u00fcr Akku-Winkelschleifer entwickelt. Diese Art von Schalter erf\u00fcllt die gestiegenen Sicherheitsanforderungen an immer mehr Arbeitspl\u00e4tzen. Die Konstruktion macht es sehr unwahrscheinlich, dass sich die Maschine ungewollt einschaltet, und sie schaltet sich auch sofort aus, wenn der Schalter losgelassen wird. Starke Leistung im Akkubetrieb, vergleichbar mit einer kabelgebundenen 1000-W-Schleifmaschine.<\/p>\n<p><strong>Umfang der Lieferung<\/strong><\/p>\n<ul>\n<li>Keyang DG20BLH-125PV Akku-Winkelschleifer mit Paddelschalter 18V - BODY<\/li>\n<li>1x Schl\u00fcssel<\/li>\n<li>1x Handbuch<\/li>\n<li>1x Kontermutter<\/li>\n<li>1x Handgriff<\/li>\n<li>1x Unterlegmutter<\/li>\n<li>Geliefert im Koffer<\/li>\n<\/ul>","protected":false},"featured_media":668,"comment_status":"closed","ping_status":"closed","template":"","meta":[],"product_brand":[624],"product_cat":[69],"product_tag":[],"class_list":{"0":"post-576","1":"product","2":"type-product","3":"status-publish","4":"has-post-thumbnail","6":"product_brand-keyang","7":"product_cat-accu-haakse-slijper","9":"first","10":"instock","11":"shipping-taxable","12":"product-type-simple"},"ct_brands":[{"id":624,"name":"KEYANG","slug":"keyang"}],"yoast_head":"<!-- This site is optimized with the Yoast SEO plugin v27.3 - https:\/\/yoast.com\/product\/yoast-seo-wordpress\/ -->\n<title>Accu Haakse Slijper Keyang DG20BLH-125PV BODY<\/title>\n<meta name=\"description\" content=\"Accu Haakse Slijper Keyang DG20BLH-125PV BODY met Paddleswitch - De krachtige Haakse Slijper beschikt over een 2-traps lepelschakelaar.\" \/>\n<meta name=\"robots\" content=\"index, follow, max-snippet:-1, max-image-preview:large, max-video-preview:-1\" \/>\n<link rel=\"canonical\" href=\"https:\/\/kem-europe.eu\/de\/produkt\/keyang-dg20blh-125pv-akku-winkelschleifer-paddleschalter-body\/\" \/>\n<meta property=\"og:locale\" content=\"de_DE\" \/>\n<meta property=\"og:type\" content=\"article\" \/>\n<meta property=\"og:title\" content=\"Accu Haakse Slijper Keyang DG20BLH-125PV BODY\" \/>\n<meta property=\"og:description\" content=\"Accu Haakse Slijper Keyang DG20BLH-125PV BODY met Paddleswitch - De krachtige Haakse Slijper beschikt over een 2-traps lepelschakelaar.\" \/>\n<meta property=\"og:url\" content=\"https:\/\/kem-europe.eu\/de\/produkt\/keyang-dg20blh-125pv-akku-winkelschleifer-paddleschalter-body\/\" \/>\n<meta property=\"og:site_name\" content=\"KEM Europe\" \/>\n<meta property=\"article:modified_time\" content=\"2025-06-06T06:51:42+00:00\" \/>\n<meta property=\"og:image\" content=\"https:\/\/kem-europe.eu\/wp-content\/uploads\/2025\/02\/dg20blh-100pv-body.png\" \/>\n\t<meta property=\"og:image:width\" content=\"700\" \/>\n\t<meta property=\"og:image:height\" content=\"700\" \/>\n\t<meta property=\"og:image:type\" content=\"image\/png\" \/>\n<meta name=\"twitter:card\" content=\"summary_large_image\" \/>\n<meta name=\"twitter:label1\" content=\"Gesch\u00e4tzte Lesezeit\" \/>\n\t<meta name=\"twitter:data1\" content=\"2\u00a0Minuten\" \/>\n<script type=\"application\/ld+json\" class=\"yoast-schema-graph\">{\"@context\":\"https:\\\/\\\/schema.org\",\"@graph\":[{\"@type\":\"WebPage\",\"@id\":\"https:\\\/\\\/kem-europe.eu\\\/product\\\/keyang-dg20blh-125pv-accu-haakse-slijper-met-paddleswitch-body\\\/\",\"url\":\"https:\\\/\\\/kem-europe.eu\\\/product\\\/keyang-dg20blh-125pv-accu-haakse-slijper-met-paddleswitch-body\\\/\",\"name\":\"Accu Haakse Slijper Keyang DG20BLH-125PV BODY\",\"isPartOf\":{\"@id\":\"https:\\\/\\\/kem-europe.eu\\\/#website\"},\"primaryImageOfPage\":{\"@id\":\"https:\\\/\\\/kem-europe.eu\\\/product\\\/keyang-dg20blh-125pv-accu-haakse-slijper-met-paddleswitch-body\\\/#primaryimage\"},\"image\":{\"@id\":\"https:\\\/\\\/kem-europe.eu\\\/product\\\/keyang-dg20blh-125pv-accu-haakse-slijper-met-paddleswitch-body\\\/#primaryimage\"},\"thumbnailUrl\":\"https:\\\/\\\/kem-europe.eu\\\/wp-content\\\/uploads\\\/2025\\\/02\\\/dg20blh-100pv-body.png\",\"datePublished\":\"2025-02-27T08:11:45+00:00\",\"dateModified\":\"2025-06-06T06:51:42+00:00\",\"description\":\"Accu Haakse Slijper Keyang DG20BLH-125PV BODY met Paddleswitch - De krachtige Haakse Slijper beschikt over een 2-traps lepelschakelaar.\",\"breadcrumb\":{\"@id\":\"https:\\\/\\\/kem-europe.eu\\\/product\\\/keyang-dg20blh-125pv-accu-haakse-slijper-met-paddleswitch-body\\\/#breadcrumb\"},\"inLanguage\":\"de\",\"potentialAction\":[{\"@type\":\"ReadAction\",\"target\":[\"https:\\\/\\\/kem-europe.eu\\\/product\\\/keyang-dg20blh-125pv-accu-haakse-slijper-met-paddleswitch-body\\\/\"]}]},{\"@type\":\"ImageObject\",\"inLanguage\":\"de\",\"@id\":\"https:\\\/\\\/kem-europe.eu\\\/product\\\/keyang-dg20blh-125pv-accu-haakse-slijper-met-paddleswitch-body\\\/#primaryimage\",\"url\":\"https:\\\/\\\/kem-europe.eu\\\/wp-content\\\/uploads\\\/2025\\\/02\\\/dg20blh-100pv-body.png\",\"contentUrl\":\"https:\\\/\\\/kem-europe.eu\\\/wp-content\\\/uploads\\\/2025\\\/02\\\/dg20blh-100pv-body.png\",\"width\":700,\"height\":700},{\"@type\":\"BreadcrumbList\",\"@id\":\"https:\\\/\\\/kem-europe.eu\\\/product\\\/keyang-dg20blh-125pv-accu-haakse-slijper-met-paddleswitch-body\\\/#breadcrumb\",\"itemListElement\":[{\"@type\":\"ListItem\",\"position\":1,\"name\":\"Home\",\"item\":\"https:\\\/\\\/kem-europe.eu\\\/\"},{\"@type\":\"ListItem\",\"position\":2,\"name\":\"Winkel\",\"item\":\"https:\\\/\\\/kem-europe.eu\\\/winkel\\\/\"},{\"@type\":\"ListItem\",\"position\":3,\"name\":\"Keyang DG20BLH-125PV Accu Haakse slijper met Paddleswitch &#8211; BODY\"}]},{\"@type\":\"WebSite\",\"@id\":\"https:\\\/\\\/kem-europe.eu\\\/#website\",\"url\":\"https:\\\/\\\/kem-europe.eu\\\/\",\"name\":\"KEM Europe\",\"description\":\"\",\"publisher\":{\"@id\":\"https:\\\/\\\/kem-europe.eu\\\/#organization\"},\"potentialAction\":[{\"@type\":\"SearchAction\",\"target\":{\"@type\":\"EntryPoint\",\"urlTemplate\":\"https:\\\/\\\/kem-europe.eu\\\/?s={search_term_string}\"},\"query-input\":{\"@type\":\"PropertyValueSpecification\",\"valueRequired\":true,\"valueName\":\"search_term_string\"}}],\"inLanguage\":\"de\"},{\"@type\":\"Organization\",\"@id\":\"https:\\\/\\\/kem-europe.eu\\\/#organization\",\"name\":\"KEM Europe\",\"url\":\"https:\\\/\\\/kem-europe.eu\\\/\",\"logo\":{\"@type\":\"ImageObject\",\"inLanguage\":\"de\",\"@id\":\"https:\\\/\\\/kem-europe.eu\\\/#\\\/schema\\\/logo\\\/image\\\/\",\"url\":\"https:\\\/\\\/kem-europe.eu\\\/wp-content\\\/uploads\\\/2025\\\/02\\\/KEM2019-BLACK-1500W.png\",\"contentUrl\":\"https:\\\/\\\/kem-europe.eu\\\/wp-content\\\/uploads\\\/2025\\\/02\\\/KEM2019-BLACK-1500W.png\",\"width\":1500,\"height\":626,\"caption\":\"KEM Europe\"},\"image\":{\"@id\":\"https:\\\/\\\/kem-europe.eu\\\/#\\\/schema\\\/logo\\\/image\\\/\"}}]}<\/script>\n<!-- \/ Yoast SEO plugin. -->","yoast_head_json":{"title":"Accu-Winkelschleifer Keyang DG20BLH-125PV BODY","description":"Accu-Winkelschleifer Keyang DG20BLH-125PV BODY mit Paddleswitch - Der leistungsstarke Winkelschleifer verf\u00fcgt \u00fcber einen 2-stufigen L\u00f6ffelschalter.","robots":{"index":"index","follow":"follow","max-snippet":"max-snippet:-1","max-image-preview":"max-image-preview:large","max-video-preview":"max-video-preview:-1"},"canonical":"https:\/\/kem-europe.eu\/de\/produkt\/keyang-dg20blh-125pv-akku-winkelschleifer-paddleschalter-body\/","og_locale":"de_DE","og_type":"article","og_title":"Accu Haakse Slijper Keyang DG20BLH-125PV BODY","og_description":"Accu Haakse Slijper Keyang DG20BLH-125PV BODY met Paddleswitch - De krachtige Haakse Slijper beschikt over een 2-traps lepelschakelaar.","og_url":"https:\/\/kem-europe.eu\/de\/produkt\/keyang-dg20blh-125pv-akku-winkelschleifer-paddleschalter-body\/","og_site_name":"KEM Europe","article_modified_time":"2025-06-06T06:51:42+00:00","og_image":[{"width":700,"height":700,"url":"https:\/\/kem-europe.eu\/wp-content\/uploads\/2025\/02\/dg20blh-100pv-body.png","type":"image\/png"}],"twitter_card":"summary_large_image","twitter_misc":{"Gesch\u00e4tzte Lesezeit":"2\u00a0Minuten"},"schema":{"@context":"https:\/\/schema.org","@graph":[{"@type":"WebPage","@id":"https:\/\/kem-europe.eu\/product\/keyang-dg20blh-125pv-accu-haakse-slijper-met-paddleswitch-body\/","url":"https:\/\/kem-europe.eu\/product\/keyang-dg20blh-125pv-accu-haakse-slijper-met-paddleswitch-body\/","name":"Accu-Winkelschleifer Keyang DG20BLH-125PV BODY","isPartOf":{"@id":"https:\/\/kem-europe.eu\/#website"},"primaryImageOfPage":{"@id":"https:\/\/kem-europe.eu\/product\/keyang-dg20blh-125pv-accu-haakse-slijper-met-paddleswitch-body\/#primaryimage"},"image":{"@id":"https:\/\/kem-europe.eu\/product\/keyang-dg20blh-125pv-accu-haakse-slijper-met-paddleswitch-body\/#primaryimage"},"thumbnailUrl":"https:\/\/kem-europe.eu\/wp-content\/uploads\/2025\/02\/dg20blh-100pv-body.png","datePublished":"2025-02-27T08:11:45+00:00","dateModified":"2025-06-06T06:51:42+00:00","description":"Accu-Winkelschleifer Keyang DG20BLH-125PV BODY mit Paddleswitch - Der leistungsstarke Winkelschleifer verf\u00fcgt \u00fcber einen 2-stufigen L\u00f6ffelschalter.","breadcrumb":{"@id":"https:\/\/kem-europe.eu\/product\/keyang-dg20blh-125pv-accu-haakse-slijper-met-paddleswitch-body\/#breadcrumb"},"inLanguage":"de","potentialAction":[{"@type":"ReadAction","target":["https:\/\/kem-europe.eu\/product\/keyang-dg20blh-125pv-accu-haakse-slijper-met-paddleswitch-body\/"]}]},{"@type":"ImageObject","inLanguage":"de","@id":"https:\/\/kem-europe.eu\/product\/keyang-dg20blh-125pv-accu-haakse-slijper-met-paddleswitch-body\/#primaryimage","url":"https:\/\/kem-europe.eu\/wp-content\/uploads\/2025\/02\/dg20blh-100pv-body.png","contentUrl":"https:\/\/kem-europe.eu\/wp-content\/uploads\/2025\/02\/dg20blh-100pv-body.png","width":700,"height":700},{"@type":"BreadcrumbList","@id":"https:\/\/kem-europe.eu\/product\/keyang-dg20blh-125pv-accu-haakse-slijper-met-paddleswitch-body\/#breadcrumb","itemListElement":[{"@type":"ListItem","position":1,"name":"Home","item":"https:\/\/kem-europe.eu\/"},{"@type":"ListItem","position":2,"name":"Winkel","item":"https:\/\/kem-europe.eu\/winkel\/"},{"@type":"ListItem","position":3,"name":"Keyang DG20BLH-125PV Accu Haakse slijper met Paddleswitch &#8211; BODY"}]},{"@type":"WebSite","@id":"https:\/\/kem-europe.eu\/#website","url":"https:\/\/kem-europe.eu\/","name":"KEM Europe","description":"","publisher":{"@id":"https:\/\/kem-europe.eu\/#organization"},"potentialAction":[{"@type":"SearchAction","target":{"@type":"EntryPoint","urlTemplate":"https:\/\/kem-europe.eu\/?s={search_term_string}"},"query-input":{"@type":"PropertyValueSpecification","valueRequired":true,"valueName":"search_term_string"}}],"inLanguage":"de"},{"@type":"Organization","@id":"https:\/\/kem-europe.eu\/#organization","name":"KEM Europe","url":"https:\/\/kem-europe.eu\/","logo":{"@type":"ImageObject","inLanguage":"de","@id":"https:\/\/kem-europe.eu\/#\/schema\/logo\/image\/","url":"https:\/\/kem-europe.eu\/wp-content\/uploads\/2025\/02\/KEM2019-BLACK-1500W.png","contentUrl":"https:\/\/kem-europe.eu\/wp-content\/uploads\/2025\/02\/KEM2019-BLACK-1500W.png","width":1500,"height":626,"caption":"KEM Europe"},"image":{"@id":"https:\/\/kem-europe.eu\/#\/schema\/logo\/image\/"}}]}},"_links":{"self":[{"href":"https:\/\/kem-europe.eu\/de\/wp-json\/wp\/v2\/product\/576","targetHints":{"allow":["GET"]}}],"collection":[{"href":"https:\/\/kem-europe.eu\/de\/wp-json\/wp\/v2\/product"}],"about":[{"href":"https:\/\/kem-europe.eu\/de\/wp-json\/wp\/v2\/types\/product"}],"replies":[{"embeddable":true,"href":"https:\/\/kem-europe.eu\/de\/wp-json\/wp\/v2\/comments?post=576"}],"wp:featuredmedia":[{"embeddable":true,"href":"https:\/\/kem-europe.eu\/de\/wp-json\/wp\/v2\/media\/668"}],"wp:attachment":[{"href":"https:\/\/kem-europe.eu\/de\/wp-json\/wp\/v2\/media?parent=576"}],"wp:term":[{"taxonomy":"product_brand","embeddable":true,"href":"https:\/\/kem-europe.eu\/de\/wp-json\/wp\/v2\/product_brand?post=576"},{"taxonomy":"product_cat","embeddable":true,"href":"https:\/\/kem-europe.eu\/de\/wp-json\/wp\/v2\/product_cat?post=576"},{"taxonomy":"product_tag","embeddable":true,"href":"https:\/\/kem-europe.eu\/de\/wp-json\/wp\/v2\/product_tag?post=576"}],"curies":[{"name":"wp","href":"https:\/\/api.w.org\/{rel}","templated":true}]}}