{"id":578,"date":"2025-02-27T08:11:45","date_gmt":"2025-02-27T08:11:45","guid":{"rendered":"https:\/\/kem-europe.eu\/?post_type=product&#038;p=578"},"modified":"2025-06-06T07:41:41","modified_gmt":"2025-06-06T07:41:41","slug":"keyang-rs20blh-30v-reziprosaege-18v-body","status":"publish","type":"product","link":"https:\/\/kem-europe.eu\/de\/product\/keyang-rs20blh-30v-reciprozaag-18v-body\/","title":{"rendered":"Keyang RS20BLH-30V Recipros\u00e4ge 18V - K\u00d6RPER"},"content":{"rendered":"<p><img decoding=\"async\" class=\"aligncenter\" src=\"https:\/\/bjctools.nl\/wp-content\/uploads\/2021\/10\/RS20BLH-30V-NL.png\" \/><\/p>","protected":false},"excerpt":{"rendered":"<p><strong>Warum Keyang w\u00e4hlen?<\/strong><\/p>\n<p>Die koreanische Marke stellt seit \u00fcber 40 Jahren hochwertige Bau- und Industriemaschinen her. Seit mehr als 25 Jahren produziert sie auch f\u00fcr mehrere A-Marken auf dem europ\u00e4ischen Markt (u.a. Kress &amp; Spit). Keyang \u00fcbertrumpft seine Konkurrenten, indem es hervorragende Qualit\u00e4t zu einem fairen Preis liefert. Von seiner Position als Marktf\u00fchrer auf dem koreanischen Markt hat das Unternehmen nun begonnen, sich auch auf den europ\u00e4ischen Markt zu konzentrieren. In relativ kurzer Zeit hat sich die koreanische Marke zu einer vertrauensw\u00fcrdigen Marke auf der Baustelle entwickelt. Das hat nichts mit ausgekl\u00fcgeltem Marketing zu tun, sondern vor allem mit\u00a0<em>erleben<\/em>.<\/p>\n<p><strong>Warum das Geh\u00e4use RS20BLH-30V?<\/strong><\/p>\n<p>Diese Maschine bietet einen gr\u00f6\u00dferen Hub als die Einhandmaschine RS18LO: 18 mm gegen\u00fcber 30 mm. Die RS20BLH-30V verf\u00fcgt sowohl \u00fcber eine niedrige als auch eine hohe Drehzahl, um sich optimal an die Schnittaufgaben anzupassen. Noch nie in der Geschichte der Keyang-S\u00e4bels\u00e4gen war es so einfach, die S\u00e4bels\u00e4ge zu wechseln. Wie die meisten Keyang-Maschinen kann auch die RS20BLH-30V entweder als kompletter Satz oder nur als Geh\u00e4use bestellt werden.<\/p>\n<table>\n<tbody>\n<tr>\n<td class=\"echotable\">Doppelte Isolierung<\/td>\n<td class=\"echotable\">BLDC-Motor<\/td>\n<\/tr>\n<tr>\n<td class=\"echotable\">Geschwindigkeitskontrolle<\/td>\n<td class=\"echotable\">Kunststoffgeh\u00e4use<\/td>\n<\/tr>\n<\/tbody>\n<\/table>\n<p><strong>Umfang der Lieferung<\/strong><\/p>\n<ul>\n<li>Keyang RS20BLH-30V Accu-S\u00e4bels\u00e4ge - BODY<\/li>\n<li>Geliefert im Karton<\/li>\n<\/ul>","protected":false},"featured_media":675,"comment_status":"closed","ping_status":"closed","template":"","meta":[],"product_brand":[624],"product_cat":[97],"product_tag":[],"class_list":{"0":"post-578","1":"product","2":"type-product","3":"status-publish","4":"has-post-thumbnail","6":"product_brand-keyang","7":"product_cat-accu-reciprozaag","9":"first","10":"instock","11":"shipping-taxable","12":"product-type-simple"},"ct_brands":[{"id":624,"name":"KEYANG","slug":"keyang"}],"yoast_head":"<!-- This site is optimized with the Yoast SEO plugin v27.3 - https:\/\/yoast.com\/product\/yoast-seo-wordpress\/ -->\n<title>Keyang RS20BLH-30V Accu Reciprozaag BODY l KEM-EUROPE<\/title>\n<meta name=\"description\" content=\"Keyang RS20BLH-30V Accu Reciprozaag BODY - Ontwerp met lagere trillingen om de handeling te optimaliseren! Superieure snijprestaties t.o.v. concurrenten!\" \/>\n<meta name=\"robots\" content=\"index, follow, max-snippet:-1, max-image-preview:large, max-video-preview:-1\" \/>\n<link rel=\"canonical\" href=\"https:\/\/kem-europe.eu\/de\/produkt\/keyang-rs20blh-30v-reziprosaege-18v-body\/\" \/>\n<meta property=\"og:locale\" content=\"de_DE\" \/>\n<meta property=\"og:type\" content=\"article\" \/>\n<meta property=\"og:title\" content=\"Keyang RS20BLH-30V Accu Reciprozaag BODY l KEM-EUROPE\" \/>\n<meta property=\"og:description\" content=\"Keyang RS20BLH-30V Accu Reciprozaag BODY - Ontwerp met lagere trillingen om de handeling te optimaliseren! Superieure snijprestaties t.o.v. concurrenten!\" \/>\n<meta property=\"og:url\" content=\"https:\/\/kem-europe.eu\/de\/produkt\/keyang-rs20blh-30v-reziprosaege-18v-body\/\" \/>\n<meta property=\"og:site_name\" content=\"KEM Europe\" \/>\n<meta property=\"article:modified_time\" content=\"2025-06-06T07:41:41+00:00\" \/>\n<meta property=\"og:image\" content=\"https:\/\/kem-europe.eu\/wp-content\/uploads\/2025\/02\/rs20blh-30v-body.png-2.png\" \/>\n\t<meta property=\"og:image:width\" content=\"700\" \/>\n\t<meta property=\"og:image:height\" content=\"700\" \/>\n\t<meta property=\"og:image:type\" content=\"image\/png\" \/>\n<meta name=\"twitter:card\" content=\"summary_large_image\" \/>\n<meta name=\"twitter:label1\" content=\"Gesch\u00e4tzte Lesezeit\" \/>\n\t<meta name=\"twitter:data1\" content=\"1\u00a0Minute\" \/>\n<script type=\"application\/ld+json\" class=\"yoast-schema-graph\">{\"@context\":\"https:\\\/\\\/schema.org\",\"@graph\":[{\"@type\":\"WebPage\",\"@id\":\"https:\\\/\\\/kem-europe.eu\\\/product\\\/keyang-rs20blh-30v-reciprozaag-18v-body\\\/\",\"url\":\"https:\\\/\\\/kem-europe.eu\\\/product\\\/keyang-rs20blh-30v-reciprozaag-18v-body\\\/\",\"name\":\"Keyang RS20BLH-30V Accu Reciprozaag BODY l KEM-EUROPE\",\"isPartOf\":{\"@id\":\"https:\\\/\\\/kem-europe.eu\\\/#website\"},\"primaryImageOfPage\":{\"@id\":\"https:\\\/\\\/kem-europe.eu\\\/product\\\/keyang-rs20blh-30v-reciprozaag-18v-body\\\/#primaryimage\"},\"image\":{\"@id\":\"https:\\\/\\\/kem-europe.eu\\\/product\\\/keyang-rs20blh-30v-reciprozaag-18v-body\\\/#primaryimage\"},\"thumbnailUrl\":\"https:\\\/\\\/kem-europe.eu\\\/wp-content\\\/uploads\\\/2025\\\/02\\\/rs20blh-30v-body.png-2.png\",\"datePublished\":\"2025-02-27T08:11:45+00:00\",\"dateModified\":\"2025-06-06T07:41:41+00:00\",\"description\":\"Keyang RS20BLH-30V Accu Reciprozaag BODY - Ontwerp met lagere trillingen om de handeling te optimaliseren! Superieure snijprestaties t.o.v. concurrenten!\",\"breadcrumb\":{\"@id\":\"https:\\\/\\\/kem-europe.eu\\\/product\\\/keyang-rs20blh-30v-reciprozaag-18v-body\\\/#breadcrumb\"},\"inLanguage\":\"de\",\"potentialAction\":[{\"@type\":\"ReadAction\",\"target\":[\"https:\\\/\\\/kem-europe.eu\\\/product\\\/keyang-rs20blh-30v-reciprozaag-18v-body\\\/\"]}]},{\"@type\":\"ImageObject\",\"inLanguage\":\"de\",\"@id\":\"https:\\\/\\\/kem-europe.eu\\\/product\\\/keyang-rs20blh-30v-reciprozaag-18v-body\\\/#primaryimage\",\"url\":\"https:\\\/\\\/kem-europe.eu\\\/wp-content\\\/uploads\\\/2025\\\/02\\\/rs20blh-30v-body.png-2.png\",\"contentUrl\":\"https:\\\/\\\/kem-europe.eu\\\/wp-content\\\/uploads\\\/2025\\\/02\\\/rs20blh-30v-body.png-2.png\",\"width\":700,\"height\":700},{\"@type\":\"BreadcrumbList\",\"@id\":\"https:\\\/\\\/kem-europe.eu\\\/product\\\/keyang-rs20blh-30v-reciprozaag-18v-body\\\/#breadcrumb\",\"itemListElement\":[{\"@type\":\"ListItem\",\"position\":1,\"name\":\"Home\",\"item\":\"https:\\\/\\\/kem-europe.eu\\\/\"},{\"@type\":\"ListItem\",\"position\":2,\"name\":\"Winkel\",\"item\":\"https:\\\/\\\/kem-europe.eu\\\/winkel\\\/\"},{\"@type\":\"ListItem\",\"position\":3,\"name\":\"Keyang RS20BLH-30V Reciprozaag 18V &#8211; BODY\"}]},{\"@type\":\"WebSite\",\"@id\":\"https:\\\/\\\/kem-europe.eu\\\/#website\",\"url\":\"https:\\\/\\\/kem-europe.eu\\\/\",\"name\":\"KEM Europe\",\"description\":\"\",\"publisher\":{\"@id\":\"https:\\\/\\\/kem-europe.eu\\\/#organization\"},\"potentialAction\":[{\"@type\":\"SearchAction\",\"target\":{\"@type\":\"EntryPoint\",\"urlTemplate\":\"https:\\\/\\\/kem-europe.eu\\\/?s={search_term_string}\"},\"query-input\":{\"@type\":\"PropertyValueSpecification\",\"valueRequired\":true,\"valueName\":\"search_term_string\"}}],\"inLanguage\":\"de\"},{\"@type\":\"Organization\",\"@id\":\"https:\\\/\\\/kem-europe.eu\\\/#organization\",\"name\":\"KEM Europe\",\"url\":\"https:\\\/\\\/kem-europe.eu\\\/\",\"logo\":{\"@type\":\"ImageObject\",\"inLanguage\":\"de\",\"@id\":\"https:\\\/\\\/kem-europe.eu\\\/#\\\/schema\\\/logo\\\/image\\\/\",\"url\":\"https:\\\/\\\/kem-europe.eu\\\/wp-content\\\/uploads\\\/2025\\\/02\\\/KEM2019-BLACK-1500W.png\",\"contentUrl\":\"https:\\\/\\\/kem-europe.eu\\\/wp-content\\\/uploads\\\/2025\\\/02\\\/KEM2019-BLACK-1500W.png\",\"width\":1500,\"height\":626,\"caption\":\"KEM Europe\"},\"image\":{\"@id\":\"https:\\\/\\\/kem-europe.eu\\\/#\\\/schema\\\/logo\\\/image\\\/\"}}]}<\/script>\n<!-- \/ Yoast SEO plugin. -->","yoast_head_json":{"title":"Keyang RS20BLH-30V Akku-Tischkreiss\u00e4ge BODY l KEM-EUROPE","description":"Keyang RS20BLH-30V Accu-Recipro-S\u00e4ge BODY - Vibrationsarmes Design zur Optimierung der Handhabung! \u00dcberlegene Schnittleistung im Vergleich zum Wettbewerb!","robots":{"index":"index","follow":"follow","max-snippet":"max-snippet:-1","max-image-preview":"max-image-preview:large","max-video-preview":"max-video-preview:-1"},"canonical":"https:\/\/kem-europe.eu\/de\/produkt\/keyang-rs20blh-30v-reziprosaege-18v-body\/","og_locale":"de_DE","og_type":"article","og_title":"Keyang RS20BLH-30V Accu Reciprozaag BODY l KEM-EUROPE","og_description":"Keyang RS20BLH-30V Accu Reciprozaag BODY - Ontwerp met lagere trillingen om de handeling te optimaliseren! Superieure snijprestaties t.o.v. concurrenten!","og_url":"https:\/\/kem-europe.eu\/de\/produkt\/keyang-rs20blh-30v-reziprosaege-18v-body\/","og_site_name":"KEM Europe","article_modified_time":"2025-06-06T07:41:41+00:00","og_image":[{"width":700,"height":700,"url":"https:\/\/kem-europe.eu\/wp-content\/uploads\/2025\/02\/rs20blh-30v-body.png-2.png","type":"image\/png"}],"twitter_card":"summary_large_image","twitter_misc":{"Gesch\u00e4tzte Lesezeit":"1\u00a0Minute"},"schema":{"@context":"https:\/\/schema.org","@graph":[{"@type":"WebPage","@id":"https:\/\/kem-europe.eu\/product\/keyang-rs20blh-30v-reciprozaag-18v-body\/","url":"https:\/\/kem-europe.eu\/product\/keyang-rs20blh-30v-reciprozaag-18v-body\/","name":"Keyang RS20BLH-30V Akku-Tischkreiss\u00e4ge BODY l KEM-EUROPE","isPartOf":{"@id":"https:\/\/kem-europe.eu\/#website"},"primaryImageOfPage":{"@id":"https:\/\/kem-europe.eu\/product\/keyang-rs20blh-30v-reciprozaag-18v-body\/#primaryimage"},"image":{"@id":"https:\/\/kem-europe.eu\/product\/keyang-rs20blh-30v-reciprozaag-18v-body\/#primaryimage"},"thumbnailUrl":"https:\/\/kem-europe.eu\/wp-content\/uploads\/2025\/02\/rs20blh-30v-body.png-2.png","datePublished":"2025-02-27T08:11:45+00:00","dateModified":"2025-06-06T07:41:41+00:00","description":"Keyang RS20BLH-30V Accu-Recipro-S\u00e4ge BODY - Vibrationsarmes Design zur Optimierung der Handhabung! \u00dcberlegene Schnittleistung im Vergleich zum Wettbewerb!","breadcrumb":{"@id":"https:\/\/kem-europe.eu\/product\/keyang-rs20blh-30v-reciprozaag-18v-body\/#breadcrumb"},"inLanguage":"de","potentialAction":[{"@type":"ReadAction","target":["https:\/\/kem-europe.eu\/product\/keyang-rs20blh-30v-reciprozaag-18v-body\/"]}]},{"@type":"ImageObject","inLanguage":"de","@id":"https:\/\/kem-europe.eu\/product\/keyang-rs20blh-30v-reciprozaag-18v-body\/#primaryimage","url":"https:\/\/kem-europe.eu\/wp-content\/uploads\/2025\/02\/rs20blh-30v-body.png-2.png","contentUrl":"https:\/\/kem-europe.eu\/wp-content\/uploads\/2025\/02\/rs20blh-30v-body.png-2.png","width":700,"height":700},{"@type":"BreadcrumbList","@id":"https:\/\/kem-europe.eu\/product\/keyang-rs20blh-30v-reciprozaag-18v-body\/#breadcrumb","itemListElement":[{"@type":"ListItem","position":1,"name":"Home","item":"https:\/\/kem-europe.eu\/"},{"@type":"ListItem","position":2,"name":"Winkel","item":"https:\/\/kem-europe.eu\/winkel\/"},{"@type":"ListItem","position":3,"name":"Keyang RS20BLH-30V Reciprozaag 18V &#8211; BODY"}]},{"@type":"WebSite","@id":"https:\/\/kem-europe.eu\/#website","url":"https:\/\/kem-europe.eu\/","name":"KEM Europe","description":"","publisher":{"@id":"https:\/\/kem-europe.eu\/#organization"},"potentialAction":[{"@type":"SearchAction","target":{"@type":"EntryPoint","urlTemplate":"https:\/\/kem-europe.eu\/?s={search_term_string}"},"query-input":{"@type":"PropertyValueSpecification","valueRequired":true,"valueName":"search_term_string"}}],"inLanguage":"de"},{"@type":"Organization","@id":"https:\/\/kem-europe.eu\/#organization","name":"KEM Europe","url":"https:\/\/kem-europe.eu\/","logo":{"@type":"ImageObject","inLanguage":"de","@id":"https:\/\/kem-europe.eu\/#\/schema\/logo\/image\/","url":"https:\/\/kem-europe.eu\/wp-content\/uploads\/2025\/02\/KEM2019-BLACK-1500W.png","contentUrl":"https:\/\/kem-europe.eu\/wp-content\/uploads\/2025\/02\/KEM2019-BLACK-1500W.png","width":1500,"height":626,"caption":"KEM Europe"},"image":{"@id":"https:\/\/kem-europe.eu\/#\/schema\/logo\/image\/"}}]}},"_links":{"self":[{"href":"https:\/\/kem-europe.eu\/de\/wp-json\/wp\/v2\/product\/578","targetHints":{"allow":["GET"]}}],"collection":[{"href":"https:\/\/kem-europe.eu\/de\/wp-json\/wp\/v2\/product"}],"about":[{"href":"https:\/\/kem-europe.eu\/de\/wp-json\/wp\/v2\/types\/product"}],"replies":[{"embeddable":true,"href":"https:\/\/kem-europe.eu\/de\/wp-json\/wp\/v2\/comments?post=578"}],"wp:featuredmedia":[{"embeddable":true,"href":"https:\/\/kem-europe.eu\/de\/wp-json\/wp\/v2\/media\/675"}],"wp:attachment":[{"href":"https:\/\/kem-europe.eu\/de\/wp-json\/wp\/v2\/media?parent=578"}],"wp:term":[{"taxonomy":"product_brand","embeddable":true,"href":"https:\/\/kem-europe.eu\/de\/wp-json\/wp\/v2\/product_brand?post=578"},{"taxonomy":"product_cat","embeddable":true,"href":"https:\/\/kem-europe.eu\/de\/wp-json\/wp\/v2\/product_cat?post=578"},{"taxonomy":"product_tag","embeddable":true,"href":"https:\/\/kem-europe.eu\/de\/wp-json\/wp\/v2\/product_tag?post=578"}],"curies":[{"name":"wp","href":"https:\/\/api.w.org\/{rel}","templated":true}]}}