{"id":579,"date":"2025-02-27T08:11:45","date_gmt":"2025-02-27T08:11:45","guid":{"rendered":"https:\/\/kem-europe.eu\/?post_type=product&#038;p=579"},"modified":"2025-02-27T13:39:21","modified_gmt":"2025-02-27T13:39:21","slug":"bycon-dsp-352-bohrstaender-fuer-diamantbohrmaschine-dmp352-402mm","status":"publish","type":"product","link":"https:\/\/kem-europe.eu\/de\/product\/bycon-dsp-352-boorstandaard-t-b-v-diamant-boormachine-dmp352-402-mm\/","title":{"rendered":"Bycon DSP-352 Bohrst\u00e4nder f\u00fcr Diamantbohrmaschine DMP352 - 402 mm"},"content":{"rendered":"<p><strong>Eigenschaften Bycon DSP-352 Bohrst\u00e4nder f\u00fcr Diamantbohrmaschine DMP352 - 402 mm<\/strong><\/p>\n<p>Ein stabiler Bohrst\u00e4nder spielt bei Kernbohrungen eine wichtige Rolle. Ein guter St\u00e4nder hilft Ihnen, Ihren Energieaufwand zu reduzieren und die Effizienz zu steigern. Der DSP-352 ist ein idealer St\u00e4nder f\u00fcr Anwender, die einen St\u00e4nder ben\u00f6tigen, der auch bei extremen Drehmomentbelastungen eine extrem hohe Stabilit\u00e4t bietet.<\/p>\n<ul>\n<li>Ist ein passender St\u00e4nder f\u00fcr den leistungsstarken Motor, der bis zu 402 mm bohrt<\/li>\n<li>Dieses Profi-Rigg wird mit Hilfe von Werkzeugen im Boden fixiert und hat eine stabile Leistung auch unter schweren Lasten.<\/li>\n<li>Der Diamantbohrst\u00e4nder DSP-352 ist handlich, leicht, kompakt und leistungsstark<\/li>\n<li>Einstellung - Ein automatischer R\u00fcckprall nach innen zur einfachen Einstellung der Stabilisatoren<\/li>\n<li>Verstellbare S\u00e4ule - 45\u00b0 Verstellbohrung zur Neupositionierung<\/li>\n<\/ul>\n<p><strong>Technische Daten<\/strong><\/p>\n<ul>\n<li>L\u00e4nge des Verfahrwegs - 610 mm<\/li>\n<li>Maximaler Durchmesser Beton - 352 mm<\/li>\n<li>S\u00e4ule - 80 x 75 x 1000 mm<\/li>\n<li>Montage - 60 mm Motorplatte<\/li>\n<\/ul>\n<p><strong>Umfang der Lieferung<\/strong><\/p>\n<ul>\n<li>Bycon DSP-352 Bohrst\u00e4nder f\u00fcr Diamantbohrmaschine DMP352 - 402 mm<\/li>\n<li>Einschlie\u00dflich Radsatz<\/li>\n<\/ul>","protected":false},"excerpt":{"rendered":"<p>Kenmerken Bycon DSP-352 Boorstandaard t.b.v. Diamant boormachine DMP352 &#8211; 402 mm Een stabiele boorstandaard speelt een belangrijke rol bij kernboorwerkzaamheden, een goede standaard helpt u, uw energie te verminderen en het rendement te verhogen. DSP-352 is een volledig ideale standaard voor operators die een standaard nodig hebben die in staat is om extreem sterke stabiliteit [&hellip;]<\/p>\n","protected":false},"featured_media":679,"comment_status":"closed","ping_status":"closed","template":"","meta":[],"product_brand":[627],"product_cat":[72,16],"product_tag":[],"class_list":{"0":"post-579","1":"product","2":"type-product","3":"status-publish","4":"has-post-thumbnail","6":"product_brand-bycon","7":"product_cat-boorstandaard","8":"product_cat-diamantgereedschap","10":"first","11":"instock","12":"shipping-taxable","13":"product-type-simple"},"ct_brands":[{"id":627,"name":"BYCON","slug":"bycon"}],"yoast_head":"<!-- This site is optimized with the Yoast SEO plugin v27.3 - https:\/\/yoast.com\/product\/yoast-seo-wordpress\/ -->\n<title>Bycon DSP-352 Boorstandaard t.b.v. Diamant boormachine DMP352 - 402 mm - KEM Europe<\/title>\n<meta name=\"robots\" content=\"index, follow, max-snippet:-1, max-image-preview:large, max-video-preview:-1\" \/>\n<link rel=\"canonical\" href=\"https:\/\/kem-europe.eu\/de\/produkt\/bycon-dsp-352-bohrstaender-fuer-diamantbohrmaschine-dmp352-402mm\/\" \/>\n<meta property=\"og:locale\" content=\"de_DE\" \/>\n<meta property=\"og:type\" content=\"article\" \/>\n<meta property=\"og:title\" content=\"Bycon DSP-352 Boorstandaard t.b.v. Diamant boormachine DMP352 - 402 mm - KEM Europe\" \/>\n<meta property=\"og:description\" content=\"Kenmerken Bycon DSP-352 Boorstandaard t.b.v. Diamant boormachine DMP352 &#8211; 402 mm Een stabiele boorstandaard speelt een belangrijke rol bij kernboorwerkzaamheden, een goede standaard helpt u, uw energie te verminderen en het rendement te verhogen. DSP-352 is een volledig ideale standaard voor operators die een standaard nodig hebben die in staat is om extreem sterke stabiliteit [&hellip;]\" \/>\n<meta property=\"og:url\" content=\"https:\/\/kem-europe.eu\/de\/produkt\/bycon-dsp-352-bohrstaender-fuer-diamantbohrmaschine-dmp352-402mm\/\" \/>\n<meta property=\"og:site_name\" content=\"KEM Europe\" \/>\n<meta property=\"article:modified_time\" content=\"2025-02-27T13:39:21+00:00\" \/>\n<meta property=\"og:image\" content=\"https:\/\/kem-europe.eu\/wp-content\/uploads\/2025\/02\/DSP352-2.jpg\" \/>\n\t<meta property=\"og:image:width\" content=\"700\" \/>\n\t<meta property=\"og:image:height\" content=\"700\" \/>\n\t<meta property=\"og:image:type\" content=\"image\/jpeg\" \/>\n<meta name=\"twitter:card\" content=\"summary_large_image\" \/>\n<meta name=\"twitter:label1\" content=\"Gesch\u00e4tzte Lesezeit\" \/>\n\t<meta name=\"twitter:data1\" content=\"1\u00a0Minute\" \/>\n<script type=\"application\/ld+json\" class=\"yoast-schema-graph\">{\"@context\":\"https:\\\/\\\/schema.org\",\"@graph\":[{\"@type\":\"WebPage\",\"@id\":\"https:\\\/\\\/kem-europe.eu\\\/product\\\/bycon-dsp-352-boorstandaard-t-b-v-diamant-boormachine-dmp352-402-mm\\\/\",\"url\":\"https:\\\/\\\/kem-europe.eu\\\/product\\\/bycon-dsp-352-boorstandaard-t-b-v-diamant-boormachine-dmp352-402-mm\\\/\",\"name\":\"Bycon DSP-352 Boorstandaard t.b.v. Diamant boormachine DMP352 - 402 mm - KEM Europe\",\"isPartOf\":{\"@id\":\"https:\\\/\\\/kem-europe.eu\\\/#website\"},\"primaryImageOfPage\":{\"@id\":\"https:\\\/\\\/kem-europe.eu\\\/product\\\/bycon-dsp-352-boorstandaard-t-b-v-diamant-boormachine-dmp352-402-mm\\\/#primaryimage\"},\"image\":{\"@id\":\"https:\\\/\\\/kem-europe.eu\\\/product\\\/bycon-dsp-352-boorstandaard-t-b-v-diamant-boormachine-dmp352-402-mm\\\/#primaryimage\"},\"thumbnailUrl\":\"https:\\\/\\\/kem-europe.eu\\\/wp-content\\\/uploads\\\/2025\\\/02\\\/DSP352-2.jpg\",\"datePublished\":\"2025-02-27T08:11:45+00:00\",\"dateModified\":\"2025-02-27T13:39:21+00:00\",\"breadcrumb\":{\"@id\":\"https:\\\/\\\/kem-europe.eu\\\/product\\\/bycon-dsp-352-boorstandaard-t-b-v-diamant-boormachine-dmp352-402-mm\\\/#breadcrumb\"},\"inLanguage\":\"de\",\"potentialAction\":[{\"@type\":\"ReadAction\",\"target\":[\"https:\\\/\\\/kem-europe.eu\\\/product\\\/bycon-dsp-352-boorstandaard-t-b-v-diamant-boormachine-dmp352-402-mm\\\/\"]}]},{\"@type\":\"ImageObject\",\"inLanguage\":\"de\",\"@id\":\"https:\\\/\\\/kem-europe.eu\\\/product\\\/bycon-dsp-352-boorstandaard-t-b-v-diamant-boormachine-dmp352-402-mm\\\/#primaryimage\",\"url\":\"https:\\\/\\\/kem-europe.eu\\\/wp-content\\\/uploads\\\/2025\\\/02\\\/DSP352-2.jpg\",\"contentUrl\":\"https:\\\/\\\/kem-europe.eu\\\/wp-content\\\/uploads\\\/2025\\\/02\\\/DSP352-2.jpg\",\"width\":700,\"height\":700},{\"@type\":\"BreadcrumbList\",\"@id\":\"https:\\\/\\\/kem-europe.eu\\\/product\\\/bycon-dsp-352-boorstandaard-t-b-v-diamant-boormachine-dmp352-402-mm\\\/#breadcrumb\",\"itemListElement\":[{\"@type\":\"ListItem\",\"position\":1,\"name\":\"Home\",\"item\":\"https:\\\/\\\/kem-europe.eu\\\/\"},{\"@type\":\"ListItem\",\"position\":2,\"name\":\"Winkel\",\"item\":\"https:\\\/\\\/kem-europe.eu\\\/winkel\\\/\"},{\"@type\":\"ListItem\",\"position\":3,\"name\":\"Bycon DSP-352 Boorstandaard t.b.v. Diamant boormachine DMP352 &#8211; 402 mm\"}]},{\"@type\":\"WebSite\",\"@id\":\"https:\\\/\\\/kem-europe.eu\\\/#website\",\"url\":\"https:\\\/\\\/kem-europe.eu\\\/\",\"name\":\"KEM Europe\",\"description\":\"\",\"publisher\":{\"@id\":\"https:\\\/\\\/kem-europe.eu\\\/#organization\"},\"potentialAction\":[{\"@type\":\"SearchAction\",\"target\":{\"@type\":\"EntryPoint\",\"urlTemplate\":\"https:\\\/\\\/kem-europe.eu\\\/?s={search_term_string}\"},\"query-input\":{\"@type\":\"PropertyValueSpecification\",\"valueRequired\":true,\"valueName\":\"search_term_string\"}}],\"inLanguage\":\"de\"},{\"@type\":\"Organization\",\"@id\":\"https:\\\/\\\/kem-europe.eu\\\/#organization\",\"name\":\"KEM Europe\",\"url\":\"https:\\\/\\\/kem-europe.eu\\\/\",\"logo\":{\"@type\":\"ImageObject\",\"inLanguage\":\"de\",\"@id\":\"https:\\\/\\\/kem-europe.eu\\\/#\\\/schema\\\/logo\\\/image\\\/\",\"url\":\"https:\\\/\\\/kem-europe.eu\\\/wp-content\\\/uploads\\\/2025\\\/02\\\/KEM2019-BLACK-1500W.png\",\"contentUrl\":\"https:\\\/\\\/kem-europe.eu\\\/wp-content\\\/uploads\\\/2025\\\/02\\\/KEM2019-BLACK-1500W.png\",\"width\":1500,\"height\":626,\"caption\":\"KEM Europe\"},\"image\":{\"@id\":\"https:\\\/\\\/kem-europe.eu\\\/#\\\/schema\\\/logo\\\/image\\\/\"}}]}<\/script>\n<!-- \/ Yoast SEO plugin. -->","yoast_head_json":{"title":"Bycon DSP-352 Bohrst\u00e4nder f\u00fcr Diamantkernbohrer DMP352 - 402 mm - KEM Europe","robots":{"index":"index","follow":"follow","max-snippet":"max-snippet:-1","max-image-preview":"max-image-preview:large","max-video-preview":"max-video-preview:-1"},"canonical":"https:\/\/kem-europe.eu\/de\/produkt\/bycon-dsp-352-bohrstaender-fuer-diamantbohrmaschine-dmp352-402mm\/","og_locale":"de_DE","og_type":"article","og_title":"Bycon DSP-352 Boorstandaard t.b.v. Diamant boormachine DMP352 - 402 mm - KEM Europe","og_description":"Kenmerken Bycon DSP-352 Boorstandaard t.b.v. Diamant boormachine DMP352 &#8211; 402 mm Een stabiele boorstandaard speelt een belangrijke rol bij kernboorwerkzaamheden, een goede standaard helpt u, uw energie te verminderen en het rendement te verhogen. DSP-352 is een volledig ideale standaard voor operators die een standaard nodig hebben die in staat is om extreem sterke stabiliteit [&hellip;]","og_url":"https:\/\/kem-europe.eu\/de\/produkt\/bycon-dsp-352-bohrstaender-fuer-diamantbohrmaschine-dmp352-402mm\/","og_site_name":"KEM Europe","article_modified_time":"2025-02-27T13:39:21+00:00","og_image":[{"width":700,"height":700,"url":"https:\/\/kem-europe.eu\/wp-content\/uploads\/2025\/02\/DSP352-2.jpg","type":"image\/jpeg"}],"twitter_card":"summary_large_image","twitter_misc":{"Gesch\u00e4tzte Lesezeit":"1\u00a0Minute"},"schema":{"@context":"https:\/\/schema.org","@graph":[{"@type":"WebPage","@id":"https:\/\/kem-europe.eu\/product\/bycon-dsp-352-boorstandaard-t-b-v-diamant-boormachine-dmp352-402-mm\/","url":"https:\/\/kem-europe.eu\/product\/bycon-dsp-352-boorstandaard-t-b-v-diamant-boormachine-dmp352-402-mm\/","name":"Bycon DSP-352 Bohrst\u00e4nder f\u00fcr Diamantkernbohrer DMP352 - 402 mm - KEM Europe","isPartOf":{"@id":"https:\/\/kem-europe.eu\/#website"},"primaryImageOfPage":{"@id":"https:\/\/kem-europe.eu\/product\/bycon-dsp-352-boorstandaard-t-b-v-diamant-boormachine-dmp352-402-mm\/#primaryimage"},"image":{"@id":"https:\/\/kem-europe.eu\/product\/bycon-dsp-352-boorstandaard-t-b-v-diamant-boormachine-dmp352-402-mm\/#primaryimage"},"thumbnailUrl":"https:\/\/kem-europe.eu\/wp-content\/uploads\/2025\/02\/DSP352-2.jpg","datePublished":"2025-02-27T08:11:45+00:00","dateModified":"2025-02-27T13:39:21+00:00","breadcrumb":{"@id":"https:\/\/kem-europe.eu\/product\/bycon-dsp-352-boorstandaard-t-b-v-diamant-boormachine-dmp352-402-mm\/#breadcrumb"},"inLanguage":"de","potentialAction":[{"@type":"ReadAction","target":["https:\/\/kem-europe.eu\/product\/bycon-dsp-352-boorstandaard-t-b-v-diamant-boormachine-dmp352-402-mm\/"]}]},{"@type":"ImageObject","inLanguage":"de","@id":"https:\/\/kem-europe.eu\/product\/bycon-dsp-352-boorstandaard-t-b-v-diamant-boormachine-dmp352-402-mm\/#primaryimage","url":"https:\/\/kem-europe.eu\/wp-content\/uploads\/2025\/02\/DSP352-2.jpg","contentUrl":"https:\/\/kem-europe.eu\/wp-content\/uploads\/2025\/02\/DSP352-2.jpg","width":700,"height":700},{"@type":"BreadcrumbList","@id":"https:\/\/kem-europe.eu\/product\/bycon-dsp-352-boorstandaard-t-b-v-diamant-boormachine-dmp352-402-mm\/#breadcrumb","itemListElement":[{"@type":"ListItem","position":1,"name":"Home","item":"https:\/\/kem-europe.eu\/"},{"@type":"ListItem","position":2,"name":"Winkel","item":"https:\/\/kem-europe.eu\/winkel\/"},{"@type":"ListItem","position":3,"name":"Bycon DSP-352 Boorstandaard t.b.v. Diamant boormachine DMP352 &#8211; 402 mm"}]},{"@type":"WebSite","@id":"https:\/\/kem-europe.eu\/#website","url":"https:\/\/kem-europe.eu\/","name":"KEM Europe","description":"","publisher":{"@id":"https:\/\/kem-europe.eu\/#organization"},"potentialAction":[{"@type":"SearchAction","target":{"@type":"EntryPoint","urlTemplate":"https:\/\/kem-europe.eu\/?s={search_term_string}"},"query-input":{"@type":"PropertyValueSpecification","valueRequired":true,"valueName":"search_term_string"}}],"inLanguage":"de"},{"@type":"Organization","@id":"https:\/\/kem-europe.eu\/#organization","name":"KEM Europe","url":"https:\/\/kem-europe.eu\/","logo":{"@type":"ImageObject","inLanguage":"de","@id":"https:\/\/kem-europe.eu\/#\/schema\/logo\/image\/","url":"https:\/\/kem-europe.eu\/wp-content\/uploads\/2025\/02\/KEM2019-BLACK-1500W.png","contentUrl":"https:\/\/kem-europe.eu\/wp-content\/uploads\/2025\/02\/KEM2019-BLACK-1500W.png","width":1500,"height":626,"caption":"KEM Europe"},"image":{"@id":"https:\/\/kem-europe.eu\/#\/schema\/logo\/image\/"}}]}},"_links":{"self":[{"href":"https:\/\/kem-europe.eu\/de\/wp-json\/wp\/v2\/product\/579","targetHints":{"allow":["GET"]}}],"collection":[{"href":"https:\/\/kem-europe.eu\/de\/wp-json\/wp\/v2\/product"}],"about":[{"href":"https:\/\/kem-europe.eu\/de\/wp-json\/wp\/v2\/types\/product"}],"replies":[{"embeddable":true,"href":"https:\/\/kem-europe.eu\/de\/wp-json\/wp\/v2\/comments?post=579"}],"wp:featuredmedia":[{"embeddable":true,"href":"https:\/\/kem-europe.eu\/de\/wp-json\/wp\/v2\/media\/679"}],"wp:attachment":[{"href":"https:\/\/kem-europe.eu\/de\/wp-json\/wp\/v2\/media?parent=579"}],"wp:term":[{"taxonomy":"product_brand","embeddable":true,"href":"https:\/\/kem-europe.eu\/de\/wp-json\/wp\/v2\/product_brand?post=579"},{"taxonomy":"product_cat","embeddable":true,"href":"https:\/\/kem-europe.eu\/de\/wp-json\/wp\/v2\/product_cat?post=579"},{"taxonomy":"product_tag","embeddable":true,"href":"https:\/\/kem-europe.eu\/de\/wp-json\/wp\/v2\/product_tag?post=579"}],"curies":[{"name":"wp","href":"https:\/\/api.w.org\/{rel}","templated":true}]}}