{"id":585,"date":"2025-02-27T08:11:46","date_gmt":"2025-02-27T08:11:46","guid":{"rendered":"https:\/\/kem-europe.eu\/?post_type=product&#038;p=585"},"modified":"2025-07-02T08:24:11","modified_gmt":"2025-07-02T08:24:11","slug":"bycon-dsp-2000-diamantbohrstaender","status":"publish","type":"product","link":"https:\/\/kem-europe.eu\/de\/product\/bycon-dsp-2000-diamant-boorstandaard\/","title":{"rendered":"Bycon DSP-2000 Diamant-Bohrst\u00e4nder"},"content":{"rendered":"<p><strong>Eigenschaften Bycon DSP-2000 Diamant-Bohrst\u00e4nder<\/strong><\/p>\n<ul>\n<li>Bycon DSP-2000 wurde speziell mit einer langen S\u00e4ule entwickelt, die maximale Hubl\u00e4nge erreicht bis zu 1600 mm, die maximale Bohrleistung bis zu 352 mm, sehr gut geeignet f\u00fcr die meisten typischen Anwendungen mit auf der Plattform montierten Motoren.<\/li>\n<li>Das exzellente Leistungsgewicht und der benutzerfreundliche Aufbau in Verbindung mit der hohen Stabilit\u00e4t und Robustheit des Stativs bieten Ihnen ein komplettes Setup und sind die perfekte Wahl f\u00fcr den Heavy-Duty-Einsatz. Durch das funktionale Zusammenspiel der durchdachten und dennoch preisg\u00fcnstigen Komponenten bietet Ihnen das System ein hervorragendes Preis-Leistungs-Verh\u00e4ltnis.<\/li>\n<\/ul>\n<p><strong>Technische Daten<\/strong><\/p>\n<ul>\n<li>Kippbarkeit der S\u00e4ule: Der Bohrst\u00e4nder kann um bis zu 45 Grad gekippt werden.<\/li>\n<li>60-mm-Motorplatte: Schnellwechsel-Motorplatte, die f\u00fcr die meisten Marken verwendet werden kann.<\/li>\n<li>Option mit doppelter Kurbelwelle: Neben der standardm\u00e4\u00dfigen Kurbelwellen\u00fcbersetzung von 1:1 verf\u00fcgen unsere St\u00e4nder \u00fcber eine zweite eingebaute Kurbelwelle mit einem Untersetzungsverh\u00e4ltnis von 2:1. Dies erleichtert dem Bediener das Bohren in gro\u00dfen Formaten erheblich.<\/li>\n<li>Neues Material f\u00fcr den Transport: AZ91D Magnesiumlegierung f\u00fcr den Transport und die innere Rolle ist eine Aluminiumlegierung.<\/li>\n<li>Automatische Federverriegelung zum Einstellen der Stangen: eine automatische Feder nach innen f\u00fcr einfache Winkel\u00e4nderungen.<\/li>\n<li>\"Eine f\u00fcr alle\" Kurbel: Eine Kurbel ist auch ein Werkzeug wie ein 13 mm Steckschl\u00fcssel.<\/li>\n<li>Aluminiums\u00e4ule und Stahlzinken: die hervorragende Kombination aus geringem Gewicht und langer Lebensdauer. Die Stahlzinken bieten auch bei h\u00e4ufigem Einsatz eine genauere Skala.<\/li>\n<li>Werkzeugloser Schlittenverriegelungshebel: einfache Druckentlastung bei leichter Bewegung des Hebels.<\/li>\n<\/ul>\n<p><strong>Umfang der Lieferung<\/strong><\/p>\n<ul>\n<li>Bycon DSP-2000 Diamant-Bohrst\u00e4nder<\/li>\n<\/ul>","protected":false},"excerpt":{"rendered":"<p>Kenmerken Bycon DSP-2000 Diamant Boorstandaard Bycon DSP-2000 is speciaal ontworpen met een lange kolom, de maximale slaglengte reikt tot 1600 mm, maximale boorcapaciteit tot 352 mm, zeer geschikt voor de meeste typische toepassingen met op een rig gemonteerde motoren. De uitstekende vermogen-gewichtsverhouding en gebruiksvriendelijke opstelling samen met de hoge stabiliteit en robuustheid van de standaard, [&hellip;]<\/p>\n","protected":false},"featured_media":7585,"comment_status":"closed","ping_status":"closed","template":"","meta":[],"product_brand":[627],"product_cat":[72,16],"product_tag":[],"class_list":{"0":"post-585","1":"product","2":"type-product","3":"status-publish","4":"has-post-thumbnail","6":"product_brand-bycon","7":"product_cat-boorstandaard","8":"product_cat-diamantgereedschap","10":"first","11":"instock","12":"shipping-taxable","13":"product-type-simple"},"ct_brands":[{"id":627,"name":"BYCON","slug":"bycon"}],"yoast_head":"<!-- This site is optimized with the Yoast SEO plugin v27.3 - https:\/\/yoast.com\/product\/yoast-seo-wordpress\/ -->\n<title>Bycon DSP-2000 Diamant Boorstandaard - KEM Europe<\/title>\n<meta name=\"robots\" content=\"index, follow, max-snippet:-1, max-image-preview:large, max-video-preview:-1\" \/>\n<link rel=\"canonical\" href=\"https:\/\/kem-europe.eu\/de\/produkt\/bycon-dsp-2000-diamantbohrstaender\/\" \/>\n<meta property=\"og:locale\" content=\"de_DE\" \/>\n<meta property=\"og:type\" content=\"article\" \/>\n<meta property=\"og:title\" content=\"Bycon DSP-2000 Diamant Boorstandaard - KEM Europe\" \/>\n<meta property=\"og:description\" content=\"Kenmerken Bycon DSP-2000 Diamant Boorstandaard Bycon DSP-2000 is speciaal ontworpen met een lange kolom, de maximale slaglengte reikt tot 1600 mm, maximale boorcapaciteit tot 352 mm, zeer geschikt voor de meeste typische toepassingen met op een rig gemonteerde motoren. De uitstekende vermogen-gewichtsverhouding en gebruiksvriendelijke opstelling samen met de hoge stabiliteit en robuustheid van de standaard, [&hellip;]\" \/>\n<meta property=\"og:url\" content=\"https:\/\/kem-europe.eu\/de\/produkt\/bycon-dsp-2000-diamantbohrstaender\/\" \/>\n<meta property=\"og:site_name\" content=\"KEM Europe\" \/>\n<meta property=\"article:modified_time\" content=\"2025-07-02T08:24:11+00:00\" \/>\n<meta property=\"og:image\" content=\"https:\/\/kem-europe.eu\/wp-content\/uploads\/2025\/02\/DSP-2000.png\" \/>\n\t<meta property=\"og:image:width\" content=\"700\" \/>\n\t<meta property=\"og:image:height\" content=\"700\" \/>\n\t<meta property=\"og:image:type\" content=\"image\/png\" \/>\n<meta name=\"twitter:card\" content=\"summary_large_image\" \/>\n<meta name=\"twitter:label1\" content=\"Gesch\u00e4tzte Lesezeit\" \/>\n\t<meta name=\"twitter:data1\" content=\"2\u00a0Minuten\" \/>\n<script type=\"application\/ld+json\" class=\"yoast-schema-graph\">{\"@context\":\"https:\\\/\\\/schema.org\",\"@graph\":[{\"@type\":\"WebPage\",\"@id\":\"https:\\\/\\\/kem-europe.eu\\\/product\\\/bycon-dsp-2000-diamant-boorstandaard\\\/\",\"url\":\"https:\\\/\\\/kem-europe.eu\\\/product\\\/bycon-dsp-2000-diamant-boorstandaard\\\/\",\"name\":\"Bycon DSP-2000 Diamant Boorstandaard - KEM Europe\",\"isPartOf\":{\"@id\":\"https:\\\/\\\/kem-europe.eu\\\/#website\"},\"primaryImageOfPage\":{\"@id\":\"https:\\\/\\\/kem-europe.eu\\\/product\\\/bycon-dsp-2000-diamant-boorstandaard\\\/#primaryimage\"},\"image\":{\"@id\":\"https:\\\/\\\/kem-europe.eu\\\/product\\\/bycon-dsp-2000-diamant-boorstandaard\\\/#primaryimage\"},\"thumbnailUrl\":\"https:\\\/\\\/kem-europe.eu\\\/wp-content\\\/uploads\\\/2025\\\/02\\\/DSP-2000.png\",\"datePublished\":\"2025-02-27T08:11:46+00:00\",\"dateModified\":\"2025-07-02T08:24:11+00:00\",\"breadcrumb\":{\"@id\":\"https:\\\/\\\/kem-europe.eu\\\/product\\\/bycon-dsp-2000-diamant-boorstandaard\\\/#breadcrumb\"},\"inLanguage\":\"de\",\"potentialAction\":[{\"@type\":\"ReadAction\",\"target\":[\"https:\\\/\\\/kem-europe.eu\\\/product\\\/bycon-dsp-2000-diamant-boorstandaard\\\/\"]}]},{\"@type\":\"ImageObject\",\"inLanguage\":\"de\",\"@id\":\"https:\\\/\\\/kem-europe.eu\\\/product\\\/bycon-dsp-2000-diamant-boorstandaard\\\/#primaryimage\",\"url\":\"https:\\\/\\\/kem-europe.eu\\\/wp-content\\\/uploads\\\/2025\\\/02\\\/DSP-2000.png\",\"contentUrl\":\"https:\\\/\\\/kem-europe.eu\\\/wp-content\\\/uploads\\\/2025\\\/02\\\/DSP-2000.png\",\"width\":700,\"height\":700},{\"@type\":\"BreadcrumbList\",\"@id\":\"https:\\\/\\\/kem-europe.eu\\\/product\\\/bycon-dsp-2000-diamant-boorstandaard\\\/#breadcrumb\",\"itemListElement\":[{\"@type\":\"ListItem\",\"position\":1,\"name\":\"Home\",\"item\":\"https:\\\/\\\/kem-europe.eu\\\/\"},{\"@type\":\"ListItem\",\"position\":2,\"name\":\"Winkel\",\"item\":\"https:\\\/\\\/kem-europe.eu\\\/winkel\\\/\"},{\"@type\":\"ListItem\",\"position\":3,\"name\":\"Bycon DSP-2000 Diamant Boorstandaard\"}]},{\"@type\":\"WebSite\",\"@id\":\"https:\\\/\\\/kem-europe.eu\\\/#website\",\"url\":\"https:\\\/\\\/kem-europe.eu\\\/\",\"name\":\"KEM Europe\",\"description\":\"\",\"publisher\":{\"@id\":\"https:\\\/\\\/kem-europe.eu\\\/#organization\"},\"potentialAction\":[{\"@type\":\"SearchAction\",\"target\":{\"@type\":\"EntryPoint\",\"urlTemplate\":\"https:\\\/\\\/kem-europe.eu\\\/?s={search_term_string}\"},\"query-input\":{\"@type\":\"PropertyValueSpecification\",\"valueRequired\":true,\"valueName\":\"search_term_string\"}}],\"inLanguage\":\"de\"},{\"@type\":\"Organization\",\"@id\":\"https:\\\/\\\/kem-europe.eu\\\/#organization\",\"name\":\"KEM Europe\",\"url\":\"https:\\\/\\\/kem-europe.eu\\\/\",\"logo\":{\"@type\":\"ImageObject\",\"inLanguage\":\"de\",\"@id\":\"https:\\\/\\\/kem-europe.eu\\\/#\\\/schema\\\/logo\\\/image\\\/\",\"url\":\"https:\\\/\\\/kem-europe.eu\\\/wp-content\\\/uploads\\\/2025\\\/02\\\/KEM2019-BLACK-1500W.png\",\"contentUrl\":\"https:\\\/\\\/kem-europe.eu\\\/wp-content\\\/uploads\\\/2025\\\/02\\\/KEM2019-BLACK-1500W.png\",\"width\":1500,\"height\":626,\"caption\":\"KEM Europe\"},\"image\":{\"@id\":\"https:\\\/\\\/kem-europe.eu\\\/#\\\/schema\\\/logo\\\/image\\\/\"}}]}<\/script>\n<!-- \/ Yoast SEO plugin. -->","yoast_head_json":{"title":"Bycon DSP-2000 Diamant-Bohrst\u00e4nder - KEM Europe","robots":{"index":"index","follow":"follow","max-snippet":"max-snippet:-1","max-image-preview":"max-image-preview:large","max-video-preview":"max-video-preview:-1"},"canonical":"https:\/\/kem-europe.eu\/de\/produkt\/bycon-dsp-2000-diamantbohrstaender\/","og_locale":"de_DE","og_type":"article","og_title":"Bycon DSP-2000 Diamant Boorstandaard - KEM Europe","og_description":"Kenmerken Bycon DSP-2000 Diamant Boorstandaard Bycon DSP-2000 is speciaal ontworpen met een lange kolom, de maximale slaglengte reikt tot 1600 mm, maximale boorcapaciteit tot 352 mm, zeer geschikt voor de meeste typische toepassingen met op een rig gemonteerde motoren. De uitstekende vermogen-gewichtsverhouding en gebruiksvriendelijke opstelling samen met de hoge stabiliteit en robuustheid van de standaard, [&hellip;]","og_url":"https:\/\/kem-europe.eu\/de\/produkt\/bycon-dsp-2000-diamantbohrstaender\/","og_site_name":"KEM Europe","article_modified_time":"2025-07-02T08:24:11+00:00","og_image":[{"width":700,"height":700,"url":"https:\/\/kem-europe.eu\/wp-content\/uploads\/2025\/02\/DSP-2000.png","type":"image\/png"}],"twitter_card":"summary_large_image","twitter_misc":{"Gesch\u00e4tzte Lesezeit":"2\u00a0Minuten"},"schema":{"@context":"https:\/\/schema.org","@graph":[{"@type":"WebPage","@id":"https:\/\/kem-europe.eu\/product\/bycon-dsp-2000-diamant-boorstandaard\/","url":"https:\/\/kem-europe.eu\/product\/bycon-dsp-2000-diamant-boorstandaard\/","name":"Bycon DSP-2000 Diamant-Bohrst\u00e4nder - KEM Europe","isPartOf":{"@id":"https:\/\/kem-europe.eu\/#website"},"primaryImageOfPage":{"@id":"https:\/\/kem-europe.eu\/product\/bycon-dsp-2000-diamant-boorstandaard\/#primaryimage"},"image":{"@id":"https:\/\/kem-europe.eu\/product\/bycon-dsp-2000-diamant-boorstandaard\/#primaryimage"},"thumbnailUrl":"https:\/\/kem-europe.eu\/wp-content\/uploads\/2025\/02\/DSP-2000.png","datePublished":"2025-02-27T08:11:46+00:00","dateModified":"2025-07-02T08:24:11+00:00","breadcrumb":{"@id":"https:\/\/kem-europe.eu\/product\/bycon-dsp-2000-diamant-boorstandaard\/#breadcrumb"},"inLanguage":"de","potentialAction":[{"@type":"ReadAction","target":["https:\/\/kem-europe.eu\/product\/bycon-dsp-2000-diamant-boorstandaard\/"]}]},{"@type":"ImageObject","inLanguage":"de","@id":"https:\/\/kem-europe.eu\/product\/bycon-dsp-2000-diamant-boorstandaard\/#primaryimage","url":"https:\/\/kem-europe.eu\/wp-content\/uploads\/2025\/02\/DSP-2000.png","contentUrl":"https:\/\/kem-europe.eu\/wp-content\/uploads\/2025\/02\/DSP-2000.png","width":700,"height":700},{"@type":"BreadcrumbList","@id":"https:\/\/kem-europe.eu\/product\/bycon-dsp-2000-diamant-boorstandaard\/#breadcrumb","itemListElement":[{"@type":"ListItem","position":1,"name":"Home","item":"https:\/\/kem-europe.eu\/"},{"@type":"ListItem","position":2,"name":"Winkel","item":"https:\/\/kem-europe.eu\/winkel\/"},{"@type":"ListItem","position":3,"name":"Bycon DSP-2000 Diamant Boorstandaard"}]},{"@type":"WebSite","@id":"https:\/\/kem-europe.eu\/#website","url":"https:\/\/kem-europe.eu\/","name":"KEM Europe","description":"","publisher":{"@id":"https:\/\/kem-europe.eu\/#organization"},"potentialAction":[{"@type":"SearchAction","target":{"@type":"EntryPoint","urlTemplate":"https:\/\/kem-europe.eu\/?s={search_term_string}"},"query-input":{"@type":"PropertyValueSpecification","valueRequired":true,"valueName":"search_term_string"}}],"inLanguage":"de"},{"@type":"Organization","@id":"https:\/\/kem-europe.eu\/#organization","name":"KEM Europe","url":"https:\/\/kem-europe.eu\/","logo":{"@type":"ImageObject","inLanguage":"de","@id":"https:\/\/kem-europe.eu\/#\/schema\/logo\/image\/","url":"https:\/\/kem-europe.eu\/wp-content\/uploads\/2025\/02\/KEM2019-BLACK-1500W.png","contentUrl":"https:\/\/kem-europe.eu\/wp-content\/uploads\/2025\/02\/KEM2019-BLACK-1500W.png","width":1500,"height":626,"caption":"KEM Europe"},"image":{"@id":"https:\/\/kem-europe.eu\/#\/schema\/logo\/image\/"}}]}},"_links":{"self":[{"href":"https:\/\/kem-europe.eu\/de\/wp-json\/wp\/v2\/product\/585","targetHints":{"allow":["GET"]}}],"collection":[{"href":"https:\/\/kem-europe.eu\/de\/wp-json\/wp\/v2\/product"}],"about":[{"href":"https:\/\/kem-europe.eu\/de\/wp-json\/wp\/v2\/types\/product"}],"replies":[{"embeddable":true,"href":"https:\/\/kem-europe.eu\/de\/wp-json\/wp\/v2\/comments?post=585"}],"wp:featuredmedia":[{"embeddable":true,"href":"https:\/\/kem-europe.eu\/de\/wp-json\/wp\/v2\/media\/7585"}],"wp:attachment":[{"href":"https:\/\/kem-europe.eu\/de\/wp-json\/wp\/v2\/media?parent=585"}],"wp:term":[{"taxonomy":"product_brand","embeddable":true,"href":"https:\/\/kem-europe.eu\/de\/wp-json\/wp\/v2\/product_brand?post=585"},{"taxonomy":"product_cat","embeddable":true,"href":"https:\/\/kem-europe.eu\/de\/wp-json\/wp\/v2\/product_cat?post=585"},{"taxonomy":"product_tag","embeddable":true,"href":"https:\/\/kem-europe.eu\/de\/wp-json\/wp\/v2\/product_tag?post=585"}],"curies":[{"name":"wp","href":"https:\/\/api.w.org\/{rel}","templated":true}]}}