{"id":609,"date":"2025-02-27T08:12:08","date_gmt":"2025-02-27T08:12:08","guid":{"rendered":"https:\/\/kem-europe.eu\/?post_type=product&#038;p=609"},"modified":"2025-07-01T12:15:52","modified_gmt":"2025-07-01T12:15:52","slug":"bycon-dsp-3000-deckenbohrstaender-200mm","status":"publish","type":"product","link":"https:\/\/kem-europe.eu\/de\/product\/bycon-dsp-3000-plafond-boorstatief-200mm\/","title":{"rendered":"Bycon DSP-3000 Deckenbohrst\u00e4nder 200mm"},"content":{"rendered":"<p><strong>Merkmale Bycon DSP-3000 Deckenhalterung 200mm<\/strong><\/p>\n<p>Das Ceiling Rig wird f\u00fcr Decken- und horizontale Vertikalbohrungen verwendet. Es kann von 1,7 m bis 3 m hoch und runter gehoben werden.<\/p>\n<ul>\n<li>60 mm Motorplatte - Motorplatte mit Schnellverschluss, die f\u00fcr die meisten Marken verwendet werden kann.<\/li>\n<li>Option mit doppelter Kurbelwelle - neben der standardm\u00e4\u00dfigen 1:1-Kurbelwellen\u00fcbersetzung verf\u00fcgen unsere St\u00e4nder auch \u00fcber eine zweite eingebaute Kurbelwelle mit einem Untersetzungsverh\u00e4ltnis von 2:1. Dies macht das Bohren in gro\u00dfen Gr\u00f6\u00dfen f\u00fcr den Bediener viel einfacher.<\/li>\n<li>Neues Material f\u00fcr den Transport - AZ91D Magnesiumlegierung f\u00fcr den Transport und die innere Rolle ist eine Aluminiumlegierung.<\/li>\n<li>\"Eine f\u00fcr alle\" Kurbel - eine Kurbel ist auch ein Werkzeug wie ein 13 mm Steckschl\u00fcssel.<\/li>\n<li>Automatische Federverriegelung zum Einstellen der Stangen - eine automatische Feder nach innen f\u00fcr einfache Winkel\u00e4nderungen.<\/li>\n<li>Aluminiums\u00e4ule und Stahlzinken - die hervorragende Kombination aus geringem Gewicht und langer Lebensdauer. Stahlzinken bieten au\u00dferdem eine genauere Skala, auch bei h\u00e4ufigem Einsatz.<\/li>\n<li>Werkzeugloser Schlittenverriegelungshebel - einfache Druckentlastung durch leichte Bewegung des Hebels.<\/li>\n<\/ul>\n<p><strong>Technische Daten<\/strong><\/p>\n<ul>\n<li>Max.\u00f8 Decke &amp; horizontale Bohrung - 200 mm<\/li>\n<li>S\u00e4ule - 80 x 75 x 2000 mm<\/li>\n<li>L\u00e4nge - 1700mm -&gt; 3000 mm<\/li>\n<li>Verpackungsgr\u00f6\u00dfe - 2290 x 580 x 670 mm<\/li>\n<li>Innenrohr - 40 x 40 x 1700 mm<\/li>\n<li>\u00c4u\u00dferes Rohr - 50 x 50 x 1700 mm<\/li>\n<\/ul>\n<p><strong>Umfang der Lieferung<\/strong><\/p>\n<ul>\n<li>Bycon DSP-3000 Deckenbohrst\u00e4nder 200mm<\/li>\n<\/ul>","protected":false},"excerpt":{"rendered":"<p>Kenmerken Bycon DSP-3000 Plafondopstelling 200mm De Ceiling Rig wordt gebruikt voor plafond- en horizontaal verticaal boren.\u00a0Het kan op en neer worden getild van 1,7 meter tot 3 meter. Motorplaat van 60 mm &#8211; motorplaat met snelle ontgrendeling die voor de meeste merken kan worden gehanteerd. Optie met twee krukassen &#8211;\u00a0 naast de standaard 1:1 krukasoverbrenging [&hellip;]<\/p>\n","protected":false},"featured_media":7474,"comment_status":"closed","ping_status":"closed","template":"","meta":[],"product_brand":[627],"product_cat":[71,72],"product_tag":[],"class_list":{"0":"post-609","1":"product","2":"type-product","3":"status-publish","4":"has-post-thumbnail","6":"product_brand-bycon","7":"product_cat-accessoires","8":"product_cat-boorstandaard","10":"first","11":"instock","12":"shipping-taxable","13":"product-type-simple"},"ct_brands":[{"id":627,"name":"BYCON","slug":"bycon"}],"yoast_head":"<!-- This site is optimized with the Yoast SEO plugin v27.3 - https:\/\/yoast.com\/product\/yoast-seo-wordpress\/ -->\n<title>Bycon DSP-3000 Plafond boorstatief 200mm - KEM Europe<\/title>\n<meta name=\"robots\" content=\"index, follow, max-snippet:-1, max-image-preview:large, max-video-preview:-1\" \/>\n<link rel=\"canonical\" href=\"https:\/\/kem-europe.eu\/de\/produkt\/bycon-dsp-3000-deckenbohrstaender-200mm\/\" \/>\n<meta property=\"og:locale\" content=\"de_DE\" \/>\n<meta property=\"og:type\" content=\"article\" \/>\n<meta property=\"og:title\" content=\"Bycon DSP-3000 Plafond boorstatief 200mm - KEM Europe\" \/>\n<meta property=\"og:description\" content=\"Kenmerken Bycon DSP-3000 Plafondopstelling 200mm De Ceiling Rig wordt gebruikt voor plafond- en horizontaal verticaal boren.\u00a0Het kan op en neer worden getild van 1,7 meter tot 3 meter. Motorplaat van 60 mm &#8211; motorplaat met snelle ontgrendeling die voor de meeste merken kan worden gehanteerd. Optie met twee krukassen &#8211;\u00a0 naast de standaard 1:1 krukasoverbrenging [&hellip;]\" \/>\n<meta property=\"og:url\" content=\"https:\/\/kem-europe.eu\/de\/produkt\/bycon-dsp-3000-deckenbohrstaender-200mm\/\" \/>\n<meta property=\"og:site_name\" content=\"KEM Europe\" \/>\n<meta property=\"article:modified_time\" content=\"2025-07-01T12:15:52+00:00\" \/>\n<meta property=\"og:image\" content=\"https:\/\/kem-europe.eu\/wp-content\/uploads\/2025\/02\/DSP3000.webp\" \/>\n\t<meta property=\"og:image:width\" content=\"700\" \/>\n\t<meta property=\"og:image:height\" content=\"700\" \/>\n\t<meta property=\"og:image:type\" content=\"image\/webp\" \/>\n<meta name=\"twitter:card\" content=\"summary_large_image\" \/>\n<meta name=\"twitter:label1\" content=\"Gesch\u00e4tzte Lesezeit\" \/>\n\t<meta name=\"twitter:data1\" content=\"2\u00a0Minuten\" \/>\n<script type=\"application\/ld+json\" class=\"yoast-schema-graph\">{\"@context\":\"https:\\\/\\\/schema.org\",\"@graph\":[{\"@type\":\"WebPage\",\"@id\":\"https:\\\/\\\/kem-europe.eu\\\/product\\\/bycon-dsp-3000-plafond-boorstatief-200mm\\\/\",\"url\":\"https:\\\/\\\/kem-europe.eu\\\/product\\\/bycon-dsp-3000-plafond-boorstatief-200mm\\\/\",\"name\":\"Bycon DSP-3000 Plafond boorstatief 200mm - KEM Europe\",\"isPartOf\":{\"@id\":\"https:\\\/\\\/kem-europe.eu\\\/#website\"},\"primaryImageOfPage\":{\"@id\":\"https:\\\/\\\/kem-europe.eu\\\/product\\\/bycon-dsp-3000-plafond-boorstatief-200mm\\\/#primaryimage\"},\"image\":{\"@id\":\"https:\\\/\\\/kem-europe.eu\\\/product\\\/bycon-dsp-3000-plafond-boorstatief-200mm\\\/#primaryimage\"},\"thumbnailUrl\":\"https:\\\/\\\/kem-europe.eu\\\/wp-content\\\/uploads\\\/2025\\\/02\\\/DSP3000.webp\",\"datePublished\":\"2025-02-27T08:12:08+00:00\",\"dateModified\":\"2025-07-01T12:15:52+00:00\",\"breadcrumb\":{\"@id\":\"https:\\\/\\\/kem-europe.eu\\\/product\\\/bycon-dsp-3000-plafond-boorstatief-200mm\\\/#breadcrumb\"},\"inLanguage\":\"de\",\"potentialAction\":[{\"@type\":\"ReadAction\",\"target\":[\"https:\\\/\\\/kem-europe.eu\\\/product\\\/bycon-dsp-3000-plafond-boorstatief-200mm\\\/\"]}]},{\"@type\":\"ImageObject\",\"inLanguage\":\"de\",\"@id\":\"https:\\\/\\\/kem-europe.eu\\\/product\\\/bycon-dsp-3000-plafond-boorstatief-200mm\\\/#primaryimage\",\"url\":\"https:\\\/\\\/kem-europe.eu\\\/wp-content\\\/uploads\\\/2025\\\/02\\\/DSP3000.webp\",\"contentUrl\":\"https:\\\/\\\/kem-europe.eu\\\/wp-content\\\/uploads\\\/2025\\\/02\\\/DSP3000.webp\",\"width\":700,\"height\":700},{\"@type\":\"BreadcrumbList\",\"@id\":\"https:\\\/\\\/kem-europe.eu\\\/product\\\/bycon-dsp-3000-plafond-boorstatief-200mm\\\/#breadcrumb\",\"itemListElement\":[{\"@type\":\"ListItem\",\"position\":1,\"name\":\"Home\",\"item\":\"https:\\\/\\\/kem-europe.eu\\\/\"},{\"@type\":\"ListItem\",\"position\":2,\"name\":\"Winkel\",\"item\":\"https:\\\/\\\/kem-europe.eu\\\/winkel\\\/\"},{\"@type\":\"ListItem\",\"position\":3,\"name\":\"Bycon DSP-3000 Plafond boorstatief 200mm\"}]},{\"@type\":\"WebSite\",\"@id\":\"https:\\\/\\\/kem-europe.eu\\\/#website\",\"url\":\"https:\\\/\\\/kem-europe.eu\\\/\",\"name\":\"KEM Europe\",\"description\":\"\",\"publisher\":{\"@id\":\"https:\\\/\\\/kem-europe.eu\\\/#organization\"},\"potentialAction\":[{\"@type\":\"SearchAction\",\"target\":{\"@type\":\"EntryPoint\",\"urlTemplate\":\"https:\\\/\\\/kem-europe.eu\\\/?s={search_term_string}\"},\"query-input\":{\"@type\":\"PropertyValueSpecification\",\"valueRequired\":true,\"valueName\":\"search_term_string\"}}],\"inLanguage\":\"de\"},{\"@type\":\"Organization\",\"@id\":\"https:\\\/\\\/kem-europe.eu\\\/#organization\",\"name\":\"KEM Europe\",\"url\":\"https:\\\/\\\/kem-europe.eu\\\/\",\"logo\":{\"@type\":\"ImageObject\",\"inLanguage\":\"de\",\"@id\":\"https:\\\/\\\/kem-europe.eu\\\/#\\\/schema\\\/logo\\\/image\\\/\",\"url\":\"https:\\\/\\\/kem-europe.eu\\\/wp-content\\\/uploads\\\/2025\\\/02\\\/KEM2019-BLACK-1500W.png\",\"contentUrl\":\"https:\\\/\\\/kem-europe.eu\\\/wp-content\\\/uploads\\\/2025\\\/02\\\/KEM2019-BLACK-1500W.png\",\"width\":1500,\"height\":626,\"caption\":\"KEM Europe\"},\"image\":{\"@id\":\"https:\\\/\\\/kem-europe.eu\\\/#\\\/schema\\\/logo\\\/image\\\/\"}}]}<\/script>\n<!-- \/ Yoast SEO plugin. -->","yoast_head_json":{"title":"Bycon DSP-3000 Deckenbohrst\u00e4nder 200mm - KEM Europe","robots":{"index":"index","follow":"follow","max-snippet":"max-snippet:-1","max-image-preview":"max-image-preview:large","max-video-preview":"max-video-preview:-1"},"canonical":"https:\/\/kem-europe.eu\/de\/produkt\/bycon-dsp-3000-deckenbohrstaender-200mm\/","og_locale":"de_DE","og_type":"article","og_title":"Bycon DSP-3000 Plafond boorstatief 200mm - KEM Europe","og_description":"Kenmerken Bycon DSP-3000 Plafondopstelling 200mm De Ceiling Rig wordt gebruikt voor plafond- en horizontaal verticaal boren.\u00a0Het kan op en neer worden getild van 1,7 meter tot 3 meter. Motorplaat van 60 mm &#8211; motorplaat met snelle ontgrendeling die voor de meeste merken kan worden gehanteerd. Optie met twee krukassen &#8211;\u00a0 naast de standaard 1:1 krukasoverbrenging [&hellip;]","og_url":"https:\/\/kem-europe.eu\/de\/produkt\/bycon-dsp-3000-deckenbohrstaender-200mm\/","og_site_name":"KEM Europe","article_modified_time":"2025-07-01T12:15:52+00:00","og_image":[{"width":700,"height":700,"url":"https:\/\/kem-europe.eu\/wp-content\/uploads\/2025\/02\/DSP3000.webp","type":"image\/webp"}],"twitter_card":"summary_large_image","twitter_misc":{"Gesch\u00e4tzte Lesezeit":"2\u00a0Minuten"},"schema":{"@context":"https:\/\/schema.org","@graph":[{"@type":"WebPage","@id":"https:\/\/kem-europe.eu\/product\/bycon-dsp-3000-plafond-boorstatief-200mm\/","url":"https:\/\/kem-europe.eu\/product\/bycon-dsp-3000-plafond-boorstatief-200mm\/","name":"Bycon DSP-3000 Deckenbohrst\u00e4nder 200mm - KEM Europe","isPartOf":{"@id":"https:\/\/kem-europe.eu\/#website"},"primaryImageOfPage":{"@id":"https:\/\/kem-europe.eu\/product\/bycon-dsp-3000-plafond-boorstatief-200mm\/#primaryimage"},"image":{"@id":"https:\/\/kem-europe.eu\/product\/bycon-dsp-3000-plafond-boorstatief-200mm\/#primaryimage"},"thumbnailUrl":"https:\/\/kem-europe.eu\/wp-content\/uploads\/2025\/02\/DSP3000.webp","datePublished":"2025-02-27T08:12:08+00:00","dateModified":"2025-07-01T12:15:52+00:00","breadcrumb":{"@id":"https:\/\/kem-europe.eu\/product\/bycon-dsp-3000-plafond-boorstatief-200mm\/#breadcrumb"},"inLanguage":"de","potentialAction":[{"@type":"ReadAction","target":["https:\/\/kem-europe.eu\/product\/bycon-dsp-3000-plafond-boorstatief-200mm\/"]}]},{"@type":"ImageObject","inLanguage":"de","@id":"https:\/\/kem-europe.eu\/product\/bycon-dsp-3000-plafond-boorstatief-200mm\/#primaryimage","url":"https:\/\/kem-europe.eu\/wp-content\/uploads\/2025\/02\/DSP3000.webp","contentUrl":"https:\/\/kem-europe.eu\/wp-content\/uploads\/2025\/02\/DSP3000.webp","width":700,"height":700},{"@type":"BreadcrumbList","@id":"https:\/\/kem-europe.eu\/product\/bycon-dsp-3000-plafond-boorstatief-200mm\/#breadcrumb","itemListElement":[{"@type":"ListItem","position":1,"name":"Home","item":"https:\/\/kem-europe.eu\/"},{"@type":"ListItem","position":2,"name":"Winkel","item":"https:\/\/kem-europe.eu\/winkel\/"},{"@type":"ListItem","position":3,"name":"Bycon DSP-3000 Plafond boorstatief 200mm"}]},{"@type":"WebSite","@id":"https:\/\/kem-europe.eu\/#website","url":"https:\/\/kem-europe.eu\/","name":"KEM Europe","description":"","publisher":{"@id":"https:\/\/kem-europe.eu\/#organization"},"potentialAction":[{"@type":"SearchAction","target":{"@type":"EntryPoint","urlTemplate":"https:\/\/kem-europe.eu\/?s={search_term_string}"},"query-input":{"@type":"PropertyValueSpecification","valueRequired":true,"valueName":"search_term_string"}}],"inLanguage":"de"},{"@type":"Organization","@id":"https:\/\/kem-europe.eu\/#organization","name":"KEM Europe","url":"https:\/\/kem-europe.eu\/","logo":{"@type":"ImageObject","inLanguage":"de","@id":"https:\/\/kem-europe.eu\/#\/schema\/logo\/image\/","url":"https:\/\/kem-europe.eu\/wp-content\/uploads\/2025\/02\/KEM2019-BLACK-1500W.png","contentUrl":"https:\/\/kem-europe.eu\/wp-content\/uploads\/2025\/02\/KEM2019-BLACK-1500W.png","width":1500,"height":626,"caption":"KEM Europe"},"image":{"@id":"https:\/\/kem-europe.eu\/#\/schema\/logo\/image\/"}}]}},"_links":{"self":[{"href":"https:\/\/kem-europe.eu\/de\/wp-json\/wp\/v2\/product\/609","targetHints":{"allow":["GET"]}}],"collection":[{"href":"https:\/\/kem-europe.eu\/de\/wp-json\/wp\/v2\/product"}],"about":[{"href":"https:\/\/kem-europe.eu\/de\/wp-json\/wp\/v2\/types\/product"}],"replies":[{"embeddable":true,"href":"https:\/\/kem-europe.eu\/de\/wp-json\/wp\/v2\/comments?post=609"}],"wp:featuredmedia":[{"embeddable":true,"href":"https:\/\/kem-europe.eu\/de\/wp-json\/wp\/v2\/media\/7474"}],"wp:attachment":[{"href":"https:\/\/kem-europe.eu\/de\/wp-json\/wp\/v2\/media?parent=609"}],"wp:term":[{"taxonomy":"product_brand","embeddable":true,"href":"https:\/\/kem-europe.eu\/de\/wp-json\/wp\/v2\/product_brand?post=609"},{"taxonomy":"product_cat","embeddable":true,"href":"https:\/\/kem-europe.eu\/de\/wp-json\/wp\/v2\/product_cat?post=609"},{"taxonomy":"product_tag","embeddable":true,"href":"https:\/\/kem-europe.eu\/de\/wp-json\/wp\/v2\/product_tag?post=609"}],"curies":[{"name":"wp","href":"https:\/\/api.w.org\/{rel}","templated":true}]}}