{"id":6674,"date":"2025-03-18T13:38:17","date_gmt":"2025-03-18T13:38:17","guid":{"rendered":"https:\/\/kem-europe.eu\/product\/eggenberg-ebs2480-bandzaagmachine-metaal-225mm-400v\/"},"modified":"2025-03-18T14:01:16","modified_gmt":"2025-03-18T14:01:16","slug":"eggenberg-ebs2480-industrielle-bandsaege-225mm-400v","status":"publish","type":"product","link":"https:\/\/kem-europe.eu\/de\/product\/eggenberg-ebs2480-industriele-bandzaagmachine-225mm-400v\/","title":{"rendered":"Eggenberg EBS2480 Industrie-Bands\u00e4gemaschine | 225mm | 400V"},"content":{"rendered":"<p data-start=\"772\" data-end=\"1066\">Das Eggenberg EBS2480 ist ein leistungsstarkes und genaues <strong data-start=\"825\" data-end=\"856\">industrielle Bands\u00e4ge<\/strong>perfekt zum Schneiden von Stahl und rostfreiem Stahl. Mit einem Schnittbereich bis zu <strong data-start=\"922\" data-end=\"932\">225 mm<\/strong> und einer Gehrungsfunktion bis zu 60\u00b0 ist diese Maschine ideal f\u00fcr Werkst\u00e4tten, Wartungsdienste und industrielle Anwendungen geeignet.<\/p>\n<p data-start=\"1068\" data-end=\"1400\">Dank der <strong data-start=\"1079\" data-end=\"1104\">Hydraulikzylinder<\/strong> Die EBS2480 verf\u00fcgt \u00fcber einen stufenlos einstellbaren S\u00e4gevorschub, der eine gleichm\u00e4\u00dfige Schnittbewegung und eine l\u00e4ngere Lebensdauer des S\u00e4geblatts gew\u00e4hrleistet. Die eingebaute <strong data-start=\"1258\" data-end=\"1285\">K\u00fchlpumpe und S\u00e4geb\u00fcrste<\/strong> halten die Klinge sauber und effizient, w\u00e4hrend die <strong data-start=\"1334\" data-end=\"1350\">Schnellspanner<\/strong> fixiert das Werkst\u00fcck f\u00fcr Pr\u00e4zisionsschnitte.<\/p>\n<h3 data-start=\"1402\" data-end=\"1436\"><strong data-start=\"1406\" data-end=\"1434\">Wesentliche Merkmale:<\/strong><\/h3>\n<ul>\n<li data-start=\"1437\" data-end=\"2139\"><strong data-start=\"1440\" data-end=\"1471\">Leistungsstarker 2-PS-Motor (1100 W)<\/strong> - Starke Leistung auch bei Edelstahl und Stahl.<\/li>\n<li data-start=\"1437\" data-end=\"2139\"><strong data-start=\"1520\" data-end=\"1551\">Gehrungsschnitte bis zu 60\u00b0 rechts<\/strong> - F\u00fcr verschiedene Anwendungen und pr\u00e4zise Eckenschnitte.<\/li>\n<li data-start=\"1437\" data-end=\"2139\"><strong data-start=\"1612\" data-end=\"1661\">Schnellspannvorrichtung und S\u00e4geblattspannung mit Manometer<\/strong> - Optimale Spannkraft und Kontrolle.<\/li>\n<li data-start=\"1437\" data-end=\"2139\"><strong data-start=\"1702\" data-end=\"1744\">S\u00e4gearm und Maschinenfu\u00df aus Gusseisen<\/strong> - Maximale Stabilit\u00e4t und vibrationsfreies Arbeiten.<\/li>\n<li data-start=\"1437\" data-end=\"2139\"><strong data-start=\"1798\" data-end=\"1846\">Stufenlos einstellbarer hydraulischer S\u00e4gevorschub<\/strong> - F\u00fcr einen kontrollierten Schnitt.<\/li>\n<li data-start=\"1437\" data-end=\"2139\"><strong data-start=\"1889\" data-end=\"1930\">Eingebaute K\u00fchlpumpe und direkte K\u00fchlung<\/strong> - Erh\u00f6ht die Lebensdauer des S\u00e4geblattes.<\/li>\n<li data-start=\"1437\" data-end=\"2139\"><strong data-start=\"1979\" data-end=\"2002\">Automatische Abschaltung<\/strong> - Die Maschine stoppt automatisch nach dem Ende des S\u00e4gezyklus.<\/li>\n<li data-start=\"1437\" data-end=\"2139\"><strong data-start=\"2068\" data-end=\"2083\">S\u00e4gepinsel<\/strong> - H\u00e4lt das S\u00e4geblatt sauber und sorgt f\u00fcr optimale Leistung.<\/li>\n<\/ul>\n<h3 data-start=\"2141\" data-end=\"2166\"><strong data-start=\"2145\" data-end=\"2164\">Schneidekapazit\u00e4t:<\/strong><\/h3>\n<ul data-start=\"2167\" data-end=\"2311\">\n<li data-start=\"2167\" data-end=\"2215\"><strong data-start=\"2169\" data-end=\"2176\">0\u00b0:<\/strong> 245 x 150 mm | 225 mm | 190 x 190 mm<\/li>\n<li data-start=\"2216\" data-end=\"2265\"><strong data-start=\"2218\" data-end=\"2226\">45\u00b0:<\/strong> 190 x 150 mm | 145 mm | 150 x 150 mm<\/li>\n<li data-start=\"2266\" data-end=\"2311\"><strong data-start=\"2268\" data-end=\"2276\">60\u00b0:<\/strong> 120 x 90 mm | 90 x 90 mm<\/li>\n<\/ul>\n<h3 data-start=\"2313\" data-end=\"2348\"><strong data-start=\"2317\" data-end=\"2346\">Technische Daten:<\/strong><\/h3>\n<ul data-start=\"2349\" data-end=\"2552\">\n<li data-start=\"2349\" data-end=\"2370\"><strong data-start=\"2351\" data-end=\"2363\">Spannung:<\/strong> 400V<\/li>\n<li data-start=\"2371\" data-end=\"2401\"><strong data-start=\"2373\" data-end=\"2386\">Macht:<\/strong> 1100 W (2HP)<\/li>\n<li data-start=\"2402\" data-end=\"2446\"><strong data-start=\"2404\" data-end=\"2424\">Gr\u00f6\u00dfe des S\u00e4geblatts:<\/strong> 2480 x 27 x 0,90 mm<\/li>\n<li data-start=\"2447\" data-end=\"2480\"><strong data-start=\"2449\" data-end=\"2466\">Schnittgeschwindigkeit:<\/strong> 45-90 m\/min<\/li>\n<li data-start=\"2481\" data-end=\"2528\"><strong data-start=\"2483\" data-end=\"2506\">Abmessungen (LxBxH):<\/strong> 1380 x 580 x 930 mm<\/li>\n<li data-start=\"2529\" data-end=\"2552\"><strong data-start=\"2531\" data-end=\"2543\">Gewicht:<\/strong> 185 kg<\/li>\n<\/ul>\n<h3 data-start=\"2554\" data-end=\"2590\"><strong data-start=\"2558\" data-end=\"2588\">Im Lieferumfang enthalten:<\/strong><\/h3>\n<ul data-start=\"2591\" data-end=\"2701\">\n<li data-start=\"2591\" data-end=\"2653\">Eggenberg EBS2480 Industrie-Bands\u00e4ge 225mm - 400V<\/li>\n<li data-start=\"2654\" data-end=\"2677\">Montiertes S\u00e4geblatt<\/li>\n<li data-start=\"2678\" data-end=\"2701\">Eingebaute K\u00fchlpumpe<\/li>\n<\/ul>","protected":false},"excerpt":{"rendered":"<ul>\n<li><strong data-start=\"263\" data-end=\"294\">Leistungsstarker 1100W (2HP) Motor<\/strong> - Ideal f\u00fcr Edelstahl und Stahl, mit einstellbarer Schnittgeschwindigkeit (45\/90 m\/min).<\/li>\n<li><strong data-start=\"370\" data-end=\"407\">Gro\u00dfe Schnittkapazit\u00e4t (bis zu 225 mm)<\/strong> - Gehrungsschnitte von 0\u00b0 bis 60\u00b0 nach rechts m\u00f6glich.<\/li>\n<li><strong data-start=\"464\" data-end=\"491\">Fortschrittliches Spannsystem<\/strong> - Schnellspannvorrichtung und einstellbare S\u00e4geblattspannung mit Manometer.<\/li>\n<li><strong data-start=\"557\" data-end=\"590\">Effizientes und pr\u00e4zises S\u00e4gen<\/strong> - Stufenloser S\u00e4gevorschub durch Hydraulikzylinder.<\/li>\n<li><strong data-start=\"646\" data-end=\"670\">Robuste Konstruktion<\/strong> - Der gusseiserne S\u00e4gearm und der robuste Maschinenfu\u00df sorgen f\u00fcr Stabilit\u00e4t.<\/li>\n<\/ul>","protected":false},"featured_media":6673,"comment_status":"open","ping_status":"closed","template":"","meta":[],"product_brand":[698],"product_cat":[507,565,17],"product_tag":[],"class_list":{"0":"post-6674","1":"product","2":"type-product","3":"status-publish","4":"has-post-thumbnail","6":"product_brand-eggenberg","7":"product_cat-bandzaagmachine","8":"product_cat-bandzaagmachine-stationair","9":"product_cat-machines","11":"first","12":"instock","13":"shipping-taxable","14":"product-type-simple"},"ct_brands":[{"id":698,"name":"EGGENBERG","slug":"eggenberg"}],"yoast_head":"<!-- This site is optimized with the Yoast SEO plugin v27.3 - https:\/\/yoast.com\/product\/yoast-seo-wordpress\/ -->\n<title>Eggenberg EBS2480 Industri\u00eble Bandzaagmachine | 225mm | 400V - KEM Europe<\/title>\n<meta name=\"description\" content=\"Eggenberg EBS2480 bandzaagmachine met 2PK motor, 225mm zaagcapaciteit en hydraulische zaagvoeding. Perfect voor staal en RVS, met instelbare zaagsnelheid.\" \/>\n<meta name=\"robots\" content=\"index, follow, max-snippet:-1, max-image-preview:large, max-video-preview:-1\" \/>\n<link rel=\"canonical\" href=\"https:\/\/kem-europe.eu\/de\/produkt\/eggenberg-ebs2480-industrielle-bandsaege-225mm-400v\/\" \/>\n<meta property=\"og:locale\" content=\"de_DE\" \/>\n<meta property=\"og:type\" content=\"article\" \/>\n<meta property=\"og:title\" content=\"Eggenberg EBS2480 Industri\u00eble Bandzaagmachine | 225mm | 400V - KEM Europe\" \/>\n<meta property=\"og:description\" content=\"Eggenberg EBS2480 bandzaagmachine met 2PK motor, 225mm zaagcapaciteit en hydraulische zaagvoeding. Perfect voor staal en RVS, met instelbare zaagsnelheid.\" \/>\n<meta property=\"og:url\" content=\"https:\/\/kem-europe.eu\/de\/produkt\/eggenberg-ebs2480-industrielle-bandsaege-225mm-400v\/\" \/>\n<meta property=\"og:site_name\" content=\"KEM Europe\" \/>\n<meta property=\"article:modified_time\" content=\"2025-03-18T14:01:16+00:00\" \/>\n<meta property=\"og:image\" content=\"https:\/\/kem-europe.eu\/wp-content\/uploads\/2025\/03\/EGGENBERG-EBS2480-SP-10.jpg\" \/>\n\t<meta property=\"og:image:width\" content=\"700\" \/>\n\t<meta property=\"og:image:height\" content=\"700\" \/>\n\t<meta property=\"og:image:type\" content=\"image\/jpeg\" \/>\n<meta name=\"twitter:card\" content=\"summary_large_image\" \/>\n<meta name=\"twitter:label1\" content=\"Gesch\u00e4tzte Lesezeit\" \/>\n\t<meta name=\"twitter:data1\" content=\"2\u00a0Minuten\" \/>\n<script type=\"application\/ld+json\" class=\"yoast-schema-graph\">{\"@context\":\"https:\\\/\\\/schema.org\",\"@graph\":[{\"@type\":\"WebPage\",\"@id\":\"https:\\\/\\\/kem-europe.eu\\\/product\\\/eggenberg-ebs2480-industriele-bandzaagmachine-225mm-400v\\\/\",\"url\":\"https:\\\/\\\/kem-europe.eu\\\/product\\\/eggenberg-ebs2480-industriele-bandzaagmachine-225mm-400v\\\/\",\"name\":\"Eggenberg EBS2480 Industri\u00eble Bandzaagmachine | 225mm | 400V - KEM Europe\",\"isPartOf\":{\"@id\":\"https:\\\/\\\/kem-europe.eu\\\/#website\"},\"primaryImageOfPage\":{\"@id\":\"https:\\\/\\\/kem-europe.eu\\\/product\\\/eggenberg-ebs2480-industriele-bandzaagmachine-225mm-400v\\\/#primaryimage\"},\"image\":{\"@id\":\"https:\\\/\\\/kem-europe.eu\\\/product\\\/eggenberg-ebs2480-industriele-bandzaagmachine-225mm-400v\\\/#primaryimage\"},\"thumbnailUrl\":\"https:\\\/\\\/kem-europe.eu\\\/wp-content\\\/uploads\\\/2025\\\/03\\\/EGGENBERG-EBS2480-SP-10.jpg\",\"datePublished\":\"2025-03-18T13:38:17+00:00\",\"dateModified\":\"2025-03-18T14:01:16+00:00\",\"description\":\"Eggenberg EBS2480 bandzaagmachine met 2PK motor, 225mm zaagcapaciteit en hydraulische zaagvoeding. Perfect voor staal en RVS, met instelbare zaagsnelheid.\",\"breadcrumb\":{\"@id\":\"https:\\\/\\\/kem-europe.eu\\\/product\\\/eggenberg-ebs2480-industriele-bandzaagmachine-225mm-400v\\\/#breadcrumb\"},\"inLanguage\":\"de\",\"potentialAction\":[{\"@type\":\"ReadAction\",\"target\":[\"https:\\\/\\\/kem-europe.eu\\\/product\\\/eggenberg-ebs2480-industriele-bandzaagmachine-225mm-400v\\\/\"]}]},{\"@type\":\"ImageObject\",\"inLanguage\":\"de\",\"@id\":\"https:\\\/\\\/kem-europe.eu\\\/product\\\/eggenberg-ebs2480-industriele-bandzaagmachine-225mm-400v\\\/#primaryimage\",\"url\":\"https:\\\/\\\/kem-europe.eu\\\/wp-content\\\/uploads\\\/2025\\\/03\\\/EGGENBERG-EBS2480-SP-10.jpg\",\"contentUrl\":\"https:\\\/\\\/kem-europe.eu\\\/wp-content\\\/uploads\\\/2025\\\/03\\\/EGGENBERG-EBS2480-SP-10.jpg\",\"width\":700,\"height\":700},{\"@type\":\"BreadcrumbList\",\"@id\":\"https:\\\/\\\/kem-europe.eu\\\/product\\\/eggenberg-ebs2480-industriele-bandzaagmachine-225mm-400v\\\/#breadcrumb\",\"itemListElement\":[{\"@type\":\"ListItem\",\"position\":1,\"name\":\"Home\",\"item\":\"https:\\\/\\\/kem-europe.eu\\\/\"},{\"@type\":\"ListItem\",\"position\":2,\"name\":\"Winkel\",\"item\":\"https:\\\/\\\/kem-europe.eu\\\/winkel\\\/\"},{\"@type\":\"ListItem\",\"position\":3,\"name\":\"Eggenberg EBS2480 Industri\u00eble Bandzaagmachine | 225mm | 400V\"}]},{\"@type\":\"WebSite\",\"@id\":\"https:\\\/\\\/kem-europe.eu\\\/#website\",\"url\":\"https:\\\/\\\/kem-europe.eu\\\/\",\"name\":\"KEM Europe\",\"description\":\"\",\"publisher\":{\"@id\":\"https:\\\/\\\/kem-europe.eu\\\/#organization\"},\"potentialAction\":[{\"@type\":\"SearchAction\",\"target\":{\"@type\":\"EntryPoint\",\"urlTemplate\":\"https:\\\/\\\/kem-europe.eu\\\/?s={search_term_string}\"},\"query-input\":{\"@type\":\"PropertyValueSpecification\",\"valueRequired\":true,\"valueName\":\"search_term_string\"}}],\"inLanguage\":\"de\"},{\"@type\":\"Organization\",\"@id\":\"https:\\\/\\\/kem-europe.eu\\\/#organization\",\"name\":\"KEM Europe\",\"url\":\"https:\\\/\\\/kem-europe.eu\\\/\",\"logo\":{\"@type\":\"ImageObject\",\"inLanguage\":\"de\",\"@id\":\"https:\\\/\\\/kem-europe.eu\\\/#\\\/schema\\\/logo\\\/image\\\/\",\"url\":\"https:\\\/\\\/kem-europe.eu\\\/wp-content\\\/uploads\\\/2025\\\/02\\\/KEM2019-BLACK-1500W.png\",\"contentUrl\":\"https:\\\/\\\/kem-europe.eu\\\/wp-content\\\/uploads\\\/2025\\\/02\\\/KEM2019-BLACK-1500W.png\",\"width\":1500,\"height\":626,\"caption\":\"KEM Europe\"},\"image\":{\"@id\":\"https:\\\/\\\/kem-europe.eu\\\/#\\\/schema\\\/logo\\\/image\\\/\"}}]}<\/script>\n<!-- \/ Yoast SEO plugin. -->","yoast_head_json":{"title":"Eggenberg EBS2480 Industrie-Bands\u00e4gemaschine | 225mm | 400V - KEM Europe","description":"Eggenberg EBS2480 Bands\u00e4ge mit 2HP Motor, 225mm Schnittleistung und hydraulischem S\u00e4gevorschub. Perfekt f\u00fcr Stahl und Edelstahl, mit einstellbarer Schnittgeschwindigkeit.","robots":{"index":"index","follow":"follow","max-snippet":"max-snippet:-1","max-image-preview":"max-image-preview:large","max-video-preview":"max-video-preview:-1"},"canonical":"https:\/\/kem-europe.eu\/de\/produkt\/eggenberg-ebs2480-industrielle-bandsaege-225mm-400v\/","og_locale":"de_DE","og_type":"article","og_title":"Eggenberg EBS2480 Industri\u00eble Bandzaagmachine | 225mm | 400V - KEM Europe","og_description":"Eggenberg EBS2480 bandzaagmachine met 2PK motor, 225mm zaagcapaciteit en hydraulische zaagvoeding. Perfect voor staal en RVS, met instelbare zaagsnelheid.","og_url":"https:\/\/kem-europe.eu\/de\/produkt\/eggenberg-ebs2480-industrielle-bandsaege-225mm-400v\/","og_site_name":"KEM Europe","article_modified_time":"2025-03-18T14:01:16+00:00","og_image":[{"width":700,"height":700,"url":"https:\/\/kem-europe.eu\/wp-content\/uploads\/2025\/03\/EGGENBERG-EBS2480-SP-10.jpg","type":"image\/jpeg"}],"twitter_card":"summary_large_image","twitter_misc":{"Gesch\u00e4tzte Lesezeit":"2\u00a0Minuten"},"schema":{"@context":"https:\/\/schema.org","@graph":[{"@type":"WebPage","@id":"https:\/\/kem-europe.eu\/product\/eggenberg-ebs2480-industriele-bandzaagmachine-225mm-400v\/","url":"https:\/\/kem-europe.eu\/product\/eggenberg-ebs2480-industriele-bandzaagmachine-225mm-400v\/","name":"Eggenberg EBS2480 Industrie-Bands\u00e4gemaschine | 225mm | 400V - KEM Europe","isPartOf":{"@id":"https:\/\/kem-europe.eu\/#website"},"primaryImageOfPage":{"@id":"https:\/\/kem-europe.eu\/product\/eggenberg-ebs2480-industriele-bandzaagmachine-225mm-400v\/#primaryimage"},"image":{"@id":"https:\/\/kem-europe.eu\/product\/eggenberg-ebs2480-industriele-bandzaagmachine-225mm-400v\/#primaryimage"},"thumbnailUrl":"https:\/\/kem-europe.eu\/wp-content\/uploads\/2025\/03\/EGGENBERG-EBS2480-SP-10.jpg","datePublished":"2025-03-18T13:38:17+00:00","dateModified":"2025-03-18T14:01:16+00:00","description":"Eggenberg EBS2480 Bands\u00e4ge mit 2HP Motor, 225mm Schnittleistung und hydraulischem S\u00e4gevorschub. Perfekt f\u00fcr Stahl und Edelstahl, mit einstellbarer Schnittgeschwindigkeit.","breadcrumb":{"@id":"https:\/\/kem-europe.eu\/product\/eggenberg-ebs2480-industriele-bandzaagmachine-225mm-400v\/#breadcrumb"},"inLanguage":"de","potentialAction":[{"@type":"ReadAction","target":["https:\/\/kem-europe.eu\/product\/eggenberg-ebs2480-industriele-bandzaagmachine-225mm-400v\/"]}]},{"@type":"ImageObject","inLanguage":"de","@id":"https:\/\/kem-europe.eu\/product\/eggenberg-ebs2480-industriele-bandzaagmachine-225mm-400v\/#primaryimage","url":"https:\/\/kem-europe.eu\/wp-content\/uploads\/2025\/03\/EGGENBERG-EBS2480-SP-10.jpg","contentUrl":"https:\/\/kem-europe.eu\/wp-content\/uploads\/2025\/03\/EGGENBERG-EBS2480-SP-10.jpg","width":700,"height":700},{"@type":"BreadcrumbList","@id":"https:\/\/kem-europe.eu\/product\/eggenberg-ebs2480-industriele-bandzaagmachine-225mm-400v\/#breadcrumb","itemListElement":[{"@type":"ListItem","position":1,"name":"Home","item":"https:\/\/kem-europe.eu\/"},{"@type":"ListItem","position":2,"name":"Winkel","item":"https:\/\/kem-europe.eu\/winkel\/"},{"@type":"ListItem","position":3,"name":"Eggenberg EBS2480 Industri\u00eble Bandzaagmachine | 225mm | 400V"}]},{"@type":"WebSite","@id":"https:\/\/kem-europe.eu\/#website","url":"https:\/\/kem-europe.eu\/","name":"KEM Europe","description":"","publisher":{"@id":"https:\/\/kem-europe.eu\/#organization"},"potentialAction":[{"@type":"SearchAction","target":{"@type":"EntryPoint","urlTemplate":"https:\/\/kem-europe.eu\/?s={search_term_string}"},"query-input":{"@type":"PropertyValueSpecification","valueRequired":true,"valueName":"search_term_string"}}],"inLanguage":"de"},{"@type":"Organization","@id":"https:\/\/kem-europe.eu\/#organization","name":"KEM Europe","url":"https:\/\/kem-europe.eu\/","logo":{"@type":"ImageObject","inLanguage":"de","@id":"https:\/\/kem-europe.eu\/#\/schema\/logo\/image\/","url":"https:\/\/kem-europe.eu\/wp-content\/uploads\/2025\/02\/KEM2019-BLACK-1500W.png","contentUrl":"https:\/\/kem-europe.eu\/wp-content\/uploads\/2025\/02\/KEM2019-BLACK-1500W.png","width":1500,"height":626,"caption":"KEM Europe"},"image":{"@id":"https:\/\/kem-europe.eu\/#\/schema\/logo\/image\/"}}]}},"_links":{"self":[{"href":"https:\/\/kem-europe.eu\/de\/wp-json\/wp\/v2\/product\/6674","targetHints":{"allow":["GET"]}}],"collection":[{"href":"https:\/\/kem-europe.eu\/de\/wp-json\/wp\/v2\/product"}],"about":[{"href":"https:\/\/kem-europe.eu\/de\/wp-json\/wp\/v2\/types\/product"}],"replies":[{"embeddable":true,"href":"https:\/\/kem-europe.eu\/de\/wp-json\/wp\/v2\/comments?post=6674"}],"wp:featuredmedia":[{"embeddable":true,"href":"https:\/\/kem-europe.eu\/de\/wp-json\/wp\/v2\/media\/6673"}],"wp:attachment":[{"href":"https:\/\/kem-europe.eu\/de\/wp-json\/wp\/v2\/media?parent=6674"}],"wp:term":[{"taxonomy":"product_brand","embeddable":true,"href":"https:\/\/kem-europe.eu\/de\/wp-json\/wp\/v2\/product_brand?post=6674"},{"taxonomy":"product_cat","embeddable":true,"href":"https:\/\/kem-europe.eu\/de\/wp-json\/wp\/v2\/product_cat?post=6674"},{"taxonomy":"product_tag","embeddable":true,"href":"https:\/\/kem-europe.eu\/de\/wp-json\/wp\/v2\/product_tag?post=6674"}],"curies":[{"name":"wp","href":"https:\/\/api.w.org\/{rel}","templated":true}]}}