{"id":6708,"date":"2025-03-18T13:38:45","date_gmt":"2025-03-18T13:38:45","guid":{"rendered":"https:\/\/kem-europe.eu\/product\/eggenberg-ebs2750-stationaire-bandzaagmachine-255mm-400v\/"},"modified":"2025-03-18T14:08:55","modified_gmt":"2025-03-18T14:08:55","slug":"eggenberg-ebs2750-stationaere-bandsaege-255mm-400v","status":"publish","type":"product","link":"https:\/\/kem-europe.eu\/de\/product\/eggenberg-ebs2750-stationaire-bandzaagmachine-255mm-400v\/","title":{"rendered":"Eggenberg EBS2750 Leistungsstarke station\u00e4re Bands\u00e4gemaschine | 255mm | 400V"},"content":{"rendered":"<p data-start=\"688\" data-end=\"1022\">Der Eggenberg EBS2750 ist ein <strong data-start=\"716\" data-end=\"757\">leistungsstarke station\u00e4re Bands\u00e4ge<\/strong> die sich ideal f\u00fcr das pr\u00e4zise Schneiden von Eisen und Stahl eignet. Dank der F\u00e4higkeit zu <strong data-start=\"857\" data-end=\"884\">doppelte Gehrungsschnitte<\/strong> (0\u00b0 bis 45\u00b0 links und 0\u00b0 bis 60\u00b0 rechts) ist er ideal f\u00fcr den vielseitigen Einsatz in Werkst\u00e4tten und industriellen Umgebungen.<\/p>\n<p data-start=\"1024\" data-end=\"1408\">Die S\u00e4gemaschine verf\u00fcgt \u00fcber eine <strong data-start=\"1057\" data-end=\"1118\">Schnellspannvorrichtung und einstellbare S\u00e4geblattspannung mit Manometer<\/strong>Dadurch werden die Materialien fest fixiert und die S\u00e4gespannung l\u00e4sst sich leicht kontrollieren. Die <strong data-start=\"1223\" data-end=\"1245\">zwei Schnittgeschwindigkeiten<\/strong> gew\u00e4hrleisten eine optimale Leistung bei unterschiedlichen Materialien, w\u00e4hrend die <strong data-start=\"1320\" data-end=\"1354\">Rahmen und Sockel aus Gusseisen<\/strong> gew\u00e4hrleisten maximale Stabilit\u00e4t und Genauigkeit.<\/p>\n<h3 data-start=\"1410\" data-end=\"1444\"><strong data-start=\"1414\" data-end=\"1442\">Wesentliche Merkmale:<\/strong><\/h3>\n<ul>\n<li data-start=\"1445\" data-end=\"2067\"><strong data-start=\"1448\" data-end=\"1476\">Starker 2HP-Motor (1500W)<\/strong> - Geeignet f\u00fcr schwere Metallarbeiten.<\/li>\n<li data-start=\"1445\" data-end=\"2067\"><strong data-start=\"1516\" data-end=\"1539\">Doppelgehrungss\u00e4gen<\/strong> - 0\u00b0 bis 45\u00b0 links und 0\u00b0 bis 60\u00b0 rechts.<\/li>\n<li data-start=\"1445\" data-end=\"2067\"><strong data-start=\"1585\" data-end=\"1613\">Schnellspannklemme &amp; Manometer<\/strong> - Optimale Fixierung und Spannung des S\u00e4geblattes.<\/li>\n<li data-start=\"1445\" data-end=\"2067\"><strong data-start=\"1668\" data-end=\"1696\">S\u00e4gef\u00fchrung mit Lagern<\/strong> - F\u00fcr einen glatten und pr\u00e4zisen Schnitt.<\/li>\n<li data-start=\"1445\" data-end=\"2067\"><strong data-start=\"1744\" data-end=\"1766\">Zwei Schnittgeschwindigkeiten<\/strong> - Passt sich an verschiedene Materialien an.<\/li>\n<li data-start=\"1445\" data-end=\"2067\"><strong data-start=\"1818\" data-end=\"1843\">Reifenreinigungsb\u00fcrste<\/strong> - Verbessert die Lebensdauer und Leistung von S\u00e4gebl\u00e4ttern.<\/li>\n<li data-start=\"1445\" data-end=\"2067\"><strong data-start=\"1907\" data-end=\"1930\">Eingebaute K\u00fchlpumpe<\/strong> - Verhindert die \u00dcberhitzung des S\u00e4geblatts.<\/li>\n<li data-start=\"1445\" data-end=\"2067\"><strong data-start=\"1980\" data-end=\"2010\">Schweres und stabiles Fahrgestell<\/strong> - Verringert Vibrationen und erh\u00f6ht die Genauigkeit.<\/li>\n<\/ul>\n<h3 data-start=\"2069\" data-end=\"2094\"><strong data-start=\"2073\" data-end=\"2092\">Schneidekapazit\u00e4t:<\/strong><\/h3>\n<ul data-start=\"2095\" data-end=\"2288\">\n<li data-start=\"2095\" data-end=\"2143\"><strong data-start=\"2097\" data-end=\"2104\">0\u00b0:<\/strong> 160 \u00d7 310 mm | 255 \u00d7 255 mm<\/li>\n<li data-start=\"2144\" data-end=\"2238\"><strong data-start=\"2146\" data-end=\"2160\">45\u00b0 (L\/R):<\/strong> 220 \u00d7 140 mm \/ 230 \u00d7 170 mm | 180 mm \/ 185 mm | 170 \u00d7 170 mm \/ 180 \u00d7 180 mm<\/li>\n<li data-start=\"2239\" data-end=\"2288\"><strong data-start=\"2241\" data-end=\"2249\">60\u00b0:<\/strong> 160 \u00d7 110 mm | 115 \u00d7 115 mm<\/li>\n<\/ul>\n<h3 data-start=\"2290\" data-end=\"2325\"><strong data-start=\"2294\" data-end=\"2323\">Technische Daten:<\/strong><\/h3>\n<ul data-start=\"2326\" data-end=\"2552\">\n<li data-start=\"2326\" data-end=\"2347\"><strong data-start=\"2328\" data-end=\"2340\">Spannung:<\/strong> 400V<\/li>\n<li data-start=\"2348\" data-end=\"2377\"><strong data-start=\"2350\" data-end=\"2363\">Macht:<\/strong> 1100-1500 W<\/li>\n<li data-start=\"2378\" data-end=\"2400\"><strong data-start=\"2380\" data-end=\"2390\">Motor:<\/strong> 1,5\/2HP<\/li>\n<li data-start=\"2401\" data-end=\"2445\"><strong data-start=\"2403\" data-end=\"2423\">Gr\u00f6\u00dfe des S\u00e4geblatts:<\/strong> 2750 x 27 x 0,90 mm<\/li>\n<li data-start=\"2446\" data-end=\"2479\"><strong data-start=\"2448\" data-end=\"2465\">Schnittgeschwindigkeit:<\/strong> 35-70 m\/min<\/li>\n<li data-start=\"2480\" data-end=\"2528\"><strong data-start=\"2482\" data-end=\"2505\">Abmessungen (LxBxH):<\/strong> 1730 x 730 x 1100 mm<\/li>\n<li data-start=\"2529\" data-end=\"2552\"><strong data-start=\"2531\" data-end=\"2543\">Gewicht:<\/strong> 430 kg<\/li>\n<\/ul>\n<h3 data-start=\"2554\" data-end=\"2590\"><strong data-start=\"2558\" data-end=\"2588\">Umfang der Lieferung:<\/strong><\/h3>\n<ul data-start=\"2591\" data-end=\"2711\">\n<li data-start=\"2591\" data-end=\"2663\">Eggenberg EBS2750 Leistungsstarke station\u00e4re Bands\u00e4ge 255mm - 400V<\/li>\n<li data-start=\"2664\" data-end=\"2687\">Montiertes S\u00e4geblatt<\/li>\n<li data-start=\"2688\" data-end=\"2711\">Eingebaute K\u00fchlpumpe<\/li>\n<\/ul>","protected":false},"excerpt":{"rendered":"<ul>\n<li>Leistungsstarker 1500W (2HP) Motor - Geeignet zum Schneiden von Eisen und Stahl.<\/li>\n<li>Doppelte Gehrungsschnitte - 0\u00b0 bis 45\u00b0 links und 0\u00b0 bis 60\u00b0 rechts.<\/li>\n<li>Schnellspannklemme und Manometer - Fortschrittliches Spannsystem f\u00fcr optimale Kontrolle.<\/li>\n<li>Zwei Schnittgeschwindigkeiten - Einstellbar f\u00fcr verschiedene Materialien und Anwendungen.<\/li>\n<li>Robuster gusseiserner Rahmen - maximale Stabilit\u00e4t und Pr\u00e4zision.<\/li>\n<\/ul>","protected":false},"featured_media":6707,"comment_status":"open","ping_status":"closed","template":"","meta":[],"product_brand":[698],"product_cat":[507,565,17],"product_tag":[],"class_list":{"0":"post-6708","1":"product","2":"type-product","3":"status-publish","4":"has-post-thumbnail","6":"product_brand-eggenberg","7":"product_cat-bandzaagmachine","8":"product_cat-bandzaagmachine-stationair","9":"product_cat-machines","11":"first","12":"instock","13":"shipping-taxable","14":"product-type-simple"},"ct_brands":[{"id":698,"name":"EGGENBERG","slug":"eggenberg"}],"yoast_head":"<!-- This site is optimized with the Yoast SEO plugin v27.5 - https:\/\/yoast.com\/product\/yoast-seo-wordpress\/ -->\n<title>Eggenberg EBS2750 | Industri\u00eble Bandzaagmachine | 255mm - KEM Europe<\/title>\n<meta name=\"description\" content=\"Eggenberg EBS2750 stationaire bandzaagmachine met 2PK motor en dubbele verstekfunctie. Ideaal voor ijzer en staal, met robuust gietijzeren frame &amp; koelpomp.\" \/>\n<meta name=\"robots\" content=\"index, follow, max-snippet:-1, max-image-preview:large, max-video-preview:-1\" \/>\n<link rel=\"canonical\" href=\"https:\/\/kem-europe.eu\/de\/produkt\/eggenberg-ebs2750-stationaere-bandsaege-255mm-400v\/\" \/>\n<meta property=\"og:locale\" content=\"de_DE\" \/>\n<meta property=\"og:type\" content=\"article\" \/>\n<meta property=\"og:title\" content=\"Eggenberg EBS2750 | Industri\u00eble Bandzaagmachine | 255mm - KEM Europe\" \/>\n<meta property=\"og:description\" content=\"Eggenberg EBS2750 stationaire bandzaagmachine met 2PK motor en dubbele verstekfunctie. Ideaal voor ijzer en staal, met robuust gietijzeren frame &amp; koelpomp.\" \/>\n<meta property=\"og:url\" content=\"https:\/\/kem-europe.eu\/de\/produkt\/eggenberg-ebs2750-stationaere-bandsaege-255mm-400v\/\" \/>\n<meta property=\"og:site_name\" content=\"KEM Europe\" \/>\n<meta property=\"article:modified_time\" content=\"2025-03-18T14:08:55+00:00\" \/>\n<meta property=\"og:image\" content=\"https:\/\/kem-europe.eu\/wp-content\/uploads\/2025\/03\/BS2750_1.png\" \/>\n\t<meta property=\"og:image:width\" content=\"700\" \/>\n\t<meta property=\"og:image:height\" content=\"700\" \/>\n\t<meta property=\"og:image:type\" content=\"image\/png\" \/>\n<meta name=\"twitter:card\" content=\"summary_large_image\" \/>\n<meta name=\"twitter:label1\" content=\"Gesch\u00e4tzte Lesezeit\" \/>\n\t<meta name=\"twitter:data1\" content=\"2\u00a0Minuten\" \/>\n<script type=\"application\/ld+json\" class=\"yoast-schema-graph\">{\"@context\":\"https:\\\/\\\/schema.org\",\"@graph\":[{\"@type\":\"WebPage\",\"@id\":\"https:\\\/\\\/kem-europe.eu\\\/product\\\/eggenberg-ebs2750-stationaire-bandzaagmachine-255mm-400v\\\/\",\"url\":\"https:\\\/\\\/kem-europe.eu\\\/product\\\/eggenberg-ebs2750-stationaire-bandzaagmachine-255mm-400v\\\/\",\"name\":\"Eggenberg EBS2750 | Industri\u00eble Bandzaagmachine | 255mm - KEM Europe\",\"isPartOf\":{\"@id\":\"https:\\\/\\\/kem-europe.eu\\\/#website\"},\"primaryImageOfPage\":{\"@id\":\"https:\\\/\\\/kem-europe.eu\\\/product\\\/eggenberg-ebs2750-stationaire-bandzaagmachine-255mm-400v\\\/#primaryimage\"},\"image\":{\"@id\":\"https:\\\/\\\/kem-europe.eu\\\/product\\\/eggenberg-ebs2750-stationaire-bandzaagmachine-255mm-400v\\\/#primaryimage\"},\"thumbnailUrl\":\"https:\\\/\\\/kem-europe.eu\\\/wp-content\\\/uploads\\\/2025\\\/03\\\/BS2750_1.png\",\"datePublished\":\"2025-03-18T13:38:45+00:00\",\"dateModified\":\"2025-03-18T14:08:55+00:00\",\"description\":\"Eggenberg EBS2750 stationaire bandzaagmachine met 2PK motor en dubbele verstekfunctie. Ideaal voor ijzer en staal, met robuust gietijzeren frame & koelpomp.\",\"breadcrumb\":{\"@id\":\"https:\\\/\\\/kem-europe.eu\\\/product\\\/eggenberg-ebs2750-stationaire-bandzaagmachine-255mm-400v\\\/#breadcrumb\"},\"inLanguage\":\"de\",\"potentialAction\":[{\"@type\":\"ReadAction\",\"target\":[\"https:\\\/\\\/kem-europe.eu\\\/product\\\/eggenberg-ebs2750-stationaire-bandzaagmachine-255mm-400v\\\/\"]}]},{\"@type\":\"ImageObject\",\"inLanguage\":\"de\",\"@id\":\"https:\\\/\\\/kem-europe.eu\\\/product\\\/eggenberg-ebs2750-stationaire-bandzaagmachine-255mm-400v\\\/#primaryimage\",\"url\":\"https:\\\/\\\/kem-europe.eu\\\/wp-content\\\/uploads\\\/2025\\\/03\\\/BS2750_1.png\",\"contentUrl\":\"https:\\\/\\\/kem-europe.eu\\\/wp-content\\\/uploads\\\/2025\\\/03\\\/BS2750_1.png\",\"width\":700,\"height\":700},{\"@type\":\"BreadcrumbList\",\"@id\":\"https:\\\/\\\/kem-europe.eu\\\/product\\\/eggenberg-ebs2750-stationaire-bandzaagmachine-255mm-400v\\\/#breadcrumb\",\"itemListElement\":[{\"@type\":\"ListItem\",\"position\":1,\"name\":\"Home\",\"item\":\"https:\\\/\\\/kem-europe.eu\\\/\"},{\"@type\":\"ListItem\",\"position\":2,\"name\":\"Winkel\",\"item\":\"https:\\\/\\\/kem-europe.eu\\\/winkel\\\/\"},{\"@type\":\"ListItem\",\"position\":3,\"name\":\"Eggenberg EBS2750 Krachtige Stationaire Bandzaagmachine | 255mm | 400V\"}]},{\"@type\":\"WebSite\",\"@id\":\"https:\\\/\\\/kem-europe.eu\\\/#website\",\"url\":\"https:\\\/\\\/kem-europe.eu\\\/\",\"name\":\"KEM Europe\",\"description\":\"\",\"publisher\":{\"@id\":\"https:\\\/\\\/kem-europe.eu\\\/#organization\"},\"potentialAction\":[{\"@type\":\"SearchAction\",\"target\":{\"@type\":\"EntryPoint\",\"urlTemplate\":\"https:\\\/\\\/kem-europe.eu\\\/?s={search_term_string}\"},\"query-input\":{\"@type\":\"PropertyValueSpecification\",\"valueRequired\":true,\"valueName\":\"search_term_string\"}}],\"inLanguage\":\"de\"},{\"@type\":\"Organization\",\"@id\":\"https:\\\/\\\/kem-europe.eu\\\/#organization\",\"name\":\"KEM Europe\",\"url\":\"https:\\\/\\\/kem-europe.eu\\\/\",\"logo\":{\"@type\":\"ImageObject\",\"inLanguage\":\"de\",\"@id\":\"https:\\\/\\\/kem-europe.eu\\\/#\\\/schema\\\/logo\\\/image\\\/\",\"url\":\"https:\\\/\\\/kem-europe.eu\\\/wp-content\\\/uploads\\\/2025\\\/02\\\/KEM2019-BLACK-1500W.png\",\"contentUrl\":\"https:\\\/\\\/kem-europe.eu\\\/wp-content\\\/uploads\\\/2025\\\/02\\\/KEM2019-BLACK-1500W.png\",\"width\":1500,\"height\":626,\"caption\":\"KEM Europe\"},\"image\":{\"@id\":\"https:\\\/\\\/kem-europe.eu\\\/#\\\/schema\\\/logo\\\/image\\\/\"}}]}<\/script>\n<!-- \/ Yoast SEO plugin. -->","yoast_head_json":{"title":"Eggenberg EBS2750 | Industrie-Bands\u00e4gemaschine | 255mm - KEM Europe","description":"Eggenberg EBS2750 station\u00e4re Bands\u00e4ge mit 2HP Motor und Doppelgehrungsfunktion. Ideal f\u00fcr Eisen und Stahl, mit robustem Gussrahmen und K\u00fchlpumpe.","robots":{"index":"index","follow":"follow","max-snippet":"max-snippet:-1","max-image-preview":"max-image-preview:large","max-video-preview":"max-video-preview:-1"},"canonical":"https:\/\/kem-europe.eu\/de\/produkt\/eggenberg-ebs2750-stationaere-bandsaege-255mm-400v\/","og_locale":"de_DE","og_type":"article","og_title":"Eggenberg EBS2750 | Industri\u00eble Bandzaagmachine | 255mm - KEM Europe","og_description":"Eggenberg EBS2750 stationaire bandzaagmachine met 2PK motor en dubbele verstekfunctie. Ideaal voor ijzer en staal, met robuust gietijzeren frame & koelpomp.","og_url":"https:\/\/kem-europe.eu\/de\/produkt\/eggenberg-ebs2750-stationaere-bandsaege-255mm-400v\/","og_site_name":"KEM Europe","article_modified_time":"2025-03-18T14:08:55+00:00","og_image":[{"width":700,"height":700,"url":"https:\/\/kem-europe.eu\/wp-content\/uploads\/2025\/03\/BS2750_1.png","type":"image\/png"}],"twitter_card":"summary_large_image","twitter_misc":{"Gesch\u00e4tzte Lesezeit":"2\u00a0Minuten"},"schema":{"@context":"https:\/\/schema.org","@graph":[{"@type":"WebPage","@id":"https:\/\/kem-europe.eu\/product\/eggenberg-ebs2750-stationaire-bandzaagmachine-255mm-400v\/","url":"https:\/\/kem-europe.eu\/product\/eggenberg-ebs2750-stationaire-bandzaagmachine-255mm-400v\/","name":"Eggenberg EBS2750 | Industrie-Bands\u00e4gemaschine | 255mm - KEM Europe","isPartOf":{"@id":"https:\/\/kem-europe.eu\/#website"},"primaryImageOfPage":{"@id":"https:\/\/kem-europe.eu\/product\/eggenberg-ebs2750-stationaire-bandzaagmachine-255mm-400v\/#primaryimage"},"image":{"@id":"https:\/\/kem-europe.eu\/product\/eggenberg-ebs2750-stationaire-bandzaagmachine-255mm-400v\/#primaryimage"},"thumbnailUrl":"https:\/\/kem-europe.eu\/wp-content\/uploads\/2025\/03\/BS2750_1.png","datePublished":"2025-03-18T13:38:45+00:00","dateModified":"2025-03-18T14:08:55+00:00","description":"Eggenberg EBS2750 station\u00e4re Bands\u00e4ge mit 2HP Motor und Doppelgehrungsfunktion. Ideal f\u00fcr Eisen und Stahl, mit robustem Gussrahmen und K\u00fchlpumpe.","breadcrumb":{"@id":"https:\/\/kem-europe.eu\/product\/eggenberg-ebs2750-stationaire-bandzaagmachine-255mm-400v\/#breadcrumb"},"inLanguage":"de","potentialAction":[{"@type":"ReadAction","target":["https:\/\/kem-europe.eu\/product\/eggenberg-ebs2750-stationaire-bandzaagmachine-255mm-400v\/"]}]},{"@type":"ImageObject","inLanguage":"de","@id":"https:\/\/kem-europe.eu\/product\/eggenberg-ebs2750-stationaire-bandzaagmachine-255mm-400v\/#primaryimage","url":"https:\/\/kem-europe.eu\/wp-content\/uploads\/2025\/03\/BS2750_1.png","contentUrl":"https:\/\/kem-europe.eu\/wp-content\/uploads\/2025\/03\/BS2750_1.png","width":700,"height":700},{"@type":"BreadcrumbList","@id":"https:\/\/kem-europe.eu\/product\/eggenberg-ebs2750-stationaire-bandzaagmachine-255mm-400v\/#breadcrumb","itemListElement":[{"@type":"ListItem","position":1,"name":"Home","item":"https:\/\/kem-europe.eu\/"},{"@type":"ListItem","position":2,"name":"Winkel","item":"https:\/\/kem-europe.eu\/winkel\/"},{"@type":"ListItem","position":3,"name":"Eggenberg EBS2750 Krachtige Stationaire Bandzaagmachine | 255mm | 400V"}]},{"@type":"WebSite","@id":"https:\/\/kem-europe.eu\/#website","url":"https:\/\/kem-europe.eu\/","name":"KEM Europe","description":"","publisher":{"@id":"https:\/\/kem-europe.eu\/#organization"},"potentialAction":[{"@type":"SearchAction","target":{"@type":"EntryPoint","urlTemplate":"https:\/\/kem-europe.eu\/?s={search_term_string}"},"query-input":{"@type":"PropertyValueSpecification","valueRequired":true,"valueName":"search_term_string"}}],"inLanguage":"de"},{"@type":"Organization","@id":"https:\/\/kem-europe.eu\/#organization","name":"KEM Europe","url":"https:\/\/kem-europe.eu\/","logo":{"@type":"ImageObject","inLanguage":"de","@id":"https:\/\/kem-europe.eu\/#\/schema\/logo\/image\/","url":"https:\/\/kem-europe.eu\/wp-content\/uploads\/2025\/02\/KEM2019-BLACK-1500W.png","contentUrl":"https:\/\/kem-europe.eu\/wp-content\/uploads\/2025\/02\/KEM2019-BLACK-1500W.png","width":1500,"height":626,"caption":"KEM Europe"},"image":{"@id":"https:\/\/kem-europe.eu\/#\/schema\/logo\/image\/"}}]}},"_links":{"self":[{"href":"https:\/\/kem-europe.eu\/de\/wp-json\/wp\/v2\/product\/6708","targetHints":{"allow":["GET"]}}],"collection":[{"href":"https:\/\/kem-europe.eu\/de\/wp-json\/wp\/v2\/product"}],"about":[{"href":"https:\/\/kem-europe.eu\/de\/wp-json\/wp\/v2\/types\/product"}],"replies":[{"embeddable":true,"href":"https:\/\/kem-europe.eu\/de\/wp-json\/wp\/v2\/comments?post=6708"}],"wp:featuredmedia":[{"embeddable":true,"href":"https:\/\/kem-europe.eu\/de\/wp-json\/wp\/v2\/media\/6707"}],"wp:attachment":[{"href":"https:\/\/kem-europe.eu\/de\/wp-json\/wp\/v2\/media?parent=6708"}],"wp:term":[{"taxonomy":"product_brand","embeddable":true,"href":"https:\/\/kem-europe.eu\/de\/wp-json\/wp\/v2\/product_brand?post=6708"},{"taxonomy":"product_cat","embeddable":true,"href":"https:\/\/kem-europe.eu\/de\/wp-json\/wp\/v2\/product_cat?post=6708"},{"taxonomy":"product_tag","embeddable":true,"href":"https:\/\/kem-europe.eu\/de\/wp-json\/wp\/v2\/product_tag?post=6708"}],"curies":[{"name":"wp","href":"https:\/\/api.w.org\/{rel}","templated":true}]}}