{"id":6725,"date":"2025-03-18T13:39:04","date_gmt":"2025-03-18T13:39:04","guid":{"rendered":"https:\/\/kem-europe.eu\/product\/eggenberg-ebs2480fp-bandzaagmachine-225mm-400v\/"},"modified":"2025-03-18T14:05:39","modified_gmt":"2025-03-18T14:05:39","slug":"eggenberg-ebs2480fp-professionelle-bandsaege-225mm-400v","status":"publish","type":"product","link":"https:\/\/kem-europe.eu\/de\/product\/eggenberg-ebs2480fp-professionele-bandzaagmachine-225mm-400v\/","title":{"rendered":"Eggenberg EBS2480FP Profi-Bands\u00e4gemaschine | 225mm | 400V"},"content":{"rendered":"<p data-start=\"714\" data-end=\"1028\">Der Eggenberg EBS2480FP ist ein robuster und vielseitiger <strong data-start=\"768\" data-end=\"801\">Profi-Bands\u00e4ge<\/strong>entwickelt f\u00fcr das pr\u00e4zise Schneiden von Edelstahl und Stahl. Dank der stufenlos einstellbaren <strong data-start=\"883\" data-end=\"911\">hydraulischer S\u00e4gevorschub<\/strong> und einer Gehrungsfunktion bis zu 60\u00b0 bietet diese Maschine ein Maximum an Kontrolle und Flexibilit\u00e4t f\u00fcr verschiedene Schneidarbeiten.<\/p>\n<p data-start=\"1030\" data-end=\"1353\">Die Kombination aus einem <strong data-start=\"1052\" data-end=\"1097\">Schnellspannvorrichtung, einstellbare S\u00e4geblattspannung<\/strong> und eine stabile <strong data-start=\"1114\" data-end=\"1141\">Gusseisenkonstruktion<\/strong> macht diese Maschine ideal f\u00fcr industrielle Werkst\u00e4tten und metallverarbeitende Betriebe. Die ergonomisch positionierte <strong data-start=\"1255\" data-end=\"1275\">Bedienfeld<\/strong> und die automatische Abschaltung nach dem S\u00e4gezyklus sorgen f\u00fcr zus\u00e4tzlichen Komfort.<\/p>\n<h3 data-start=\"1355\" data-end=\"1389\"><strong data-start=\"1359\" data-end=\"1387\">Wesentliche Merkmale:<\/strong><\/h3>\n<ul>\n<li data-start=\"1390\" data-end=\"2094\"><strong data-start=\"1393\" data-end=\"1414\">2HP Motor (1100W)<\/strong> - Kraftvolle und effiziente Leistung in der Metallbearbeitung.<\/li>\n<li data-start=\"1390\" data-end=\"2094\"><strong data-start=\"1478\" data-end=\"1506\">Schneidkapazit\u00e4t bis zu 225 mm<\/strong> - Geeignet f\u00fcr verschiedene Arten von Metall.<\/li>\n<li data-start=\"1390\" data-end=\"2094\"><strong data-start=\"1551\" data-end=\"1582\">Gehrungsschnitte bis zu 60\u00b0 rechts<\/strong> - Flexibles und pr\u00e4zises Schneiden in Ecken.<\/li>\n<li data-start=\"1390\" data-end=\"2094\"><strong data-start=\"1630\" data-end=\"1667\">Hydraulischer S\u00e4gevorschub stufenlos<\/strong> - F\u00fcr einen kontrollierten Schneidprozess.<\/li>\n<li data-start=\"1390\" data-end=\"2094\"><strong data-start=\"1710\" data-end=\"1738\">Schnellspannklemme &amp; Manometer<\/strong> - Einfache und effiziente Materialfixierung.<\/li>\n<li data-start=\"1390\" data-end=\"2094\"><strong data-start=\"1789\" data-end=\"1816\">Gusseiserne Konstruktion<\/strong> - Maximale Stabilit\u00e4t und vibrationsfreies Arbeiten.<\/li>\n<li data-start=\"1390\" data-end=\"2094\"><strong data-start=\"1870\" data-end=\"1908\">K\u00fchlungspumpe und direkte S\u00e4geblattk\u00fchlung<\/strong> - Verl\u00e4ngert die Lebensdauer des S\u00e4geblatts.<\/li>\n<li data-start=\"1390\" data-end=\"2094\"><strong data-start=\"1957\" data-end=\"1980\">Automatische Abschaltung<\/strong> - Die Maschine stoppt nach Abschluss des Schneidezyklus.<\/li>\n<li data-start=\"1390\" data-end=\"2094\"><strong data-start=\"2035\" data-end=\"2050\">S\u00e4gepinsel<\/strong> - H\u00e4lt das S\u00e4geblatt sauber und effizient.<\/li>\n<\/ul>\n<h3 data-start=\"2096\" data-end=\"2121\"><strong data-start=\"2100\" data-end=\"2119\">Schneidekapazit\u00e4t:<\/strong><\/h3>\n<ul data-start=\"2122\" data-end=\"2266\">\n<li data-start=\"2122\" data-end=\"2170\"><strong data-start=\"2124\" data-end=\"2131\">0\u00b0:<\/strong> 245 x 150 mm | 225 mm | 190 x 190 mm<\/li>\n<li data-start=\"2171\" data-end=\"2220\"><strong data-start=\"2173\" data-end=\"2181\">45\u00b0:<\/strong> 190 x 150 mm | 145 mm | 150 x 150 mm<\/li>\n<li data-start=\"2221\" data-end=\"2266\"><strong data-start=\"2223\" data-end=\"2231\">60\u00b0:<\/strong> 120 x 90 mm | 90 x 90 mm<\/li>\n<\/ul>\n<h3 data-start=\"2268\" data-end=\"2303\"><strong data-start=\"2272\" data-end=\"2301\">Technische Daten:<\/strong><\/h3>\n<ul data-start=\"2304\" data-end=\"2507\">\n<li data-start=\"2304\" data-end=\"2325\"><strong data-start=\"2306\" data-end=\"2318\">Spannung:<\/strong> 400V<\/li>\n<li data-start=\"2326\" data-end=\"2356\"><strong data-start=\"2328\" data-end=\"2341\">Macht:<\/strong> 1100 W (2HP)<\/li>\n<li data-start=\"2357\" data-end=\"2401\"><strong data-start=\"2359\" data-end=\"2379\">Gr\u00f6\u00dfe des S\u00e4geblatts:<\/strong> 2480 x 27 x 0,90 mm<\/li>\n<li data-start=\"2402\" data-end=\"2435\"><strong data-start=\"2404\" data-end=\"2421\">Schnittgeschwindigkeit:<\/strong> 45-90 m\/min<\/li>\n<li data-start=\"2436\" data-end=\"2483\"><strong data-start=\"2438\" data-end=\"2461\">Abmessungen (LxBxH):<\/strong> 1380 x 580 x 930 mm<\/li>\n<li data-start=\"2484\" data-end=\"2507\"><strong data-start=\"2486\" data-end=\"2498\">Gewicht:<\/strong> 185 kg<\/li>\n<\/ul>\n<h3 data-start=\"2509\" data-end=\"2545\"><strong data-start=\"2513\" data-end=\"2543\">Umfang der Lieferung:<\/strong><\/h3>\n<ul data-start=\"2546\" data-end=\"2660\">\n<li data-start=\"2546\" data-end=\"2612\">Eggenberg EBS2480FP Profi-Bands\u00e4ge 225mm - 400V<\/li>\n<li data-start=\"2613\" data-end=\"2636\">Montiertes S\u00e4geblatt<\/li>\n<li data-start=\"2637\" data-end=\"2660\">Eingebaute K\u00fchlpumpe<\/li>\n<\/ul>","protected":false},"excerpt":{"rendered":"<ul>\n<li><strong data-start=\"267\" data-end=\"298\">Leistungsstarker 1100W (2HP) Motor<\/strong> - Zuverl\u00e4ssige Leistung f\u00fcr Stahl und rostfreien Stahl.<\/li>\n<li><strong data-start=\"347\" data-end=\"383\">Gro\u00dfe Schnittkapazit\u00e4t (bis zu 225 mm)<\/strong> - Gehrungsschnitte von 0\u00b0 bis 60\u00b0 nach rechts.<\/li>\n<li><strong data-start=\"431\" data-end=\"465\">Stufenlos einstellbarer S\u00e4gevorschub<\/strong> - Hydraulikzylinder f\u00fcr kontrollierte Schnitte.<\/li>\n<li><strong data-start=\"522\" data-end=\"564\">Effizientes Spannen und Spannen des S\u00e4geblatts<\/strong> - Einstellbar mit Manometer.<\/li>\n<li><strong data-start=\"597\" data-end=\"633\">Langlebige Konstruktion aus Gusseisen<\/strong> - Stabile Basis und ergonomische Handhabung.<\/li>\n<\/ul>","protected":false},"featured_media":6724,"comment_status":"open","ping_status":"closed","template":"","meta":[],"product_brand":[698],"product_cat":[507,565,17],"product_tag":[],"class_list":{"0":"post-6725","1":"product","2":"type-product","3":"status-publish","4":"has-post-thumbnail","6":"product_brand-eggenberg","7":"product_cat-bandzaagmachine","8":"product_cat-bandzaagmachine-stationair","9":"product_cat-machines","11":"first","12":"instock","13":"shipping-taxable","14":"product-type-simple"},"ct_brands":[{"id":698,"name":"EGGENBERG","slug":"eggenberg"}],"yoast_head":"<!-- This site is optimized with the Yoast SEO plugin v27.3 - https:\/\/yoast.com\/product\/yoast-seo-wordpress\/ -->\n<title>Eggenberg EBS2480FP | Professionele Bandzaagmachine 225mm - KEM Europe<\/title>\n<meta name=\"description\" content=\"Eggenberg EBS2480FP bandzaagmachine met 2PK motor, hydraulische zaagvoeding en verstekfunctie tot 60\u00b0. Robuuste constructie en koelsysteem voor metaal.\" \/>\n<meta name=\"robots\" content=\"index, follow, max-snippet:-1, max-image-preview:large, max-video-preview:-1\" \/>\n<link rel=\"canonical\" href=\"https:\/\/kem-europe.eu\/de\/produkt\/eggenberg-ebs2480fp-professionelle-bandsaege-225mm-400v\/\" \/>\n<meta property=\"og:locale\" content=\"de_DE\" \/>\n<meta property=\"og:type\" content=\"article\" \/>\n<meta property=\"og:title\" content=\"Eggenberg EBS2480FP | Professionele Bandzaagmachine 225mm - KEM Europe\" \/>\n<meta property=\"og:description\" content=\"Eggenberg EBS2480FP bandzaagmachine met 2PK motor, hydraulische zaagvoeding en verstekfunctie tot 60\u00b0. Robuuste constructie en koelsysteem voor metaal.\" \/>\n<meta property=\"og:url\" content=\"https:\/\/kem-europe.eu\/de\/produkt\/eggenberg-ebs2480fp-professionelle-bandsaege-225mm-400v\/\" \/>\n<meta property=\"og:site_name\" content=\"KEM Europe\" \/>\n<meta property=\"article:modified_time\" content=\"2025-03-18T14:05:39+00:00\" \/>\n<meta property=\"og:image\" content=\"https:\/\/kem-europe.eu\/wp-content\/uploads\/2025\/03\/BS2480FP_1.png\" \/>\n\t<meta property=\"og:image:width\" content=\"700\" \/>\n\t<meta property=\"og:image:height\" content=\"700\" \/>\n\t<meta property=\"og:image:type\" content=\"image\/png\" \/>\n<meta name=\"twitter:card\" content=\"summary_large_image\" \/>\n<meta name=\"twitter:label1\" content=\"Gesch\u00e4tzte Lesezeit\" \/>\n\t<meta name=\"twitter:data1\" content=\"2\u00a0Minuten\" \/>\n<script type=\"application\/ld+json\" class=\"yoast-schema-graph\">{\"@context\":\"https:\\\/\\\/schema.org\",\"@graph\":[{\"@type\":\"WebPage\",\"@id\":\"https:\\\/\\\/kem-europe.eu\\\/product\\\/eggenberg-ebs2480fp-professionele-bandzaagmachine-225mm-400v\\\/\",\"url\":\"https:\\\/\\\/kem-europe.eu\\\/product\\\/eggenberg-ebs2480fp-professionele-bandzaagmachine-225mm-400v\\\/\",\"name\":\"Eggenberg EBS2480FP | Professionele Bandzaagmachine 225mm - KEM Europe\",\"isPartOf\":{\"@id\":\"https:\\\/\\\/kem-europe.eu\\\/#website\"},\"primaryImageOfPage\":{\"@id\":\"https:\\\/\\\/kem-europe.eu\\\/product\\\/eggenberg-ebs2480fp-professionele-bandzaagmachine-225mm-400v\\\/#primaryimage\"},\"image\":{\"@id\":\"https:\\\/\\\/kem-europe.eu\\\/product\\\/eggenberg-ebs2480fp-professionele-bandzaagmachine-225mm-400v\\\/#primaryimage\"},\"thumbnailUrl\":\"https:\\\/\\\/kem-europe.eu\\\/wp-content\\\/uploads\\\/2025\\\/03\\\/BS2480FP_1.png\",\"datePublished\":\"2025-03-18T13:39:04+00:00\",\"dateModified\":\"2025-03-18T14:05:39+00:00\",\"description\":\"Eggenberg EBS2480FP bandzaagmachine met 2PK motor, hydraulische zaagvoeding en verstekfunctie tot 60\u00b0. Robuuste constructie en koelsysteem voor metaal.\",\"breadcrumb\":{\"@id\":\"https:\\\/\\\/kem-europe.eu\\\/product\\\/eggenberg-ebs2480fp-professionele-bandzaagmachine-225mm-400v\\\/#breadcrumb\"},\"inLanguage\":\"de\",\"potentialAction\":[{\"@type\":\"ReadAction\",\"target\":[\"https:\\\/\\\/kem-europe.eu\\\/product\\\/eggenberg-ebs2480fp-professionele-bandzaagmachine-225mm-400v\\\/\"]}]},{\"@type\":\"ImageObject\",\"inLanguage\":\"de\",\"@id\":\"https:\\\/\\\/kem-europe.eu\\\/product\\\/eggenberg-ebs2480fp-professionele-bandzaagmachine-225mm-400v\\\/#primaryimage\",\"url\":\"https:\\\/\\\/kem-europe.eu\\\/wp-content\\\/uploads\\\/2025\\\/03\\\/BS2480FP_1.png\",\"contentUrl\":\"https:\\\/\\\/kem-europe.eu\\\/wp-content\\\/uploads\\\/2025\\\/03\\\/BS2480FP_1.png\",\"width\":700,\"height\":700},{\"@type\":\"BreadcrumbList\",\"@id\":\"https:\\\/\\\/kem-europe.eu\\\/product\\\/eggenberg-ebs2480fp-professionele-bandzaagmachine-225mm-400v\\\/#breadcrumb\",\"itemListElement\":[{\"@type\":\"ListItem\",\"position\":1,\"name\":\"Home\",\"item\":\"https:\\\/\\\/kem-europe.eu\\\/\"},{\"@type\":\"ListItem\",\"position\":2,\"name\":\"Winkel\",\"item\":\"https:\\\/\\\/kem-europe.eu\\\/winkel\\\/\"},{\"@type\":\"ListItem\",\"position\":3,\"name\":\"Eggenberg EBS2480FP Professionele Bandzaagmachine | 225mm | 400V\"}]},{\"@type\":\"WebSite\",\"@id\":\"https:\\\/\\\/kem-europe.eu\\\/#website\",\"url\":\"https:\\\/\\\/kem-europe.eu\\\/\",\"name\":\"KEM Europe\",\"description\":\"\",\"publisher\":{\"@id\":\"https:\\\/\\\/kem-europe.eu\\\/#organization\"},\"potentialAction\":[{\"@type\":\"SearchAction\",\"target\":{\"@type\":\"EntryPoint\",\"urlTemplate\":\"https:\\\/\\\/kem-europe.eu\\\/?s={search_term_string}\"},\"query-input\":{\"@type\":\"PropertyValueSpecification\",\"valueRequired\":true,\"valueName\":\"search_term_string\"}}],\"inLanguage\":\"de\"},{\"@type\":\"Organization\",\"@id\":\"https:\\\/\\\/kem-europe.eu\\\/#organization\",\"name\":\"KEM Europe\",\"url\":\"https:\\\/\\\/kem-europe.eu\\\/\",\"logo\":{\"@type\":\"ImageObject\",\"inLanguage\":\"de\",\"@id\":\"https:\\\/\\\/kem-europe.eu\\\/#\\\/schema\\\/logo\\\/image\\\/\",\"url\":\"https:\\\/\\\/kem-europe.eu\\\/wp-content\\\/uploads\\\/2025\\\/02\\\/KEM2019-BLACK-1500W.png\",\"contentUrl\":\"https:\\\/\\\/kem-europe.eu\\\/wp-content\\\/uploads\\\/2025\\\/02\\\/KEM2019-BLACK-1500W.png\",\"width\":1500,\"height\":626,\"caption\":\"KEM Europe\"},\"image\":{\"@id\":\"https:\\\/\\\/kem-europe.eu\\\/#\\\/schema\\\/logo\\\/image\\\/\"}}]}<\/script>\n<!-- \/ Yoast SEO plugin. -->","yoast_head_json":{"title":"Eggenberg EBS2480FP | Profi-Bands\u00e4ge 225mm - KEM Europe","description":"Eggenberg EBS2480FP Bands\u00e4ge mit 2HP Motor, hydraulischem S\u00e4gevorschub und Gehrungsfunktion bis 60\u00b0. Robuste Konstruktion und K\u00fchlsystem f\u00fcr Metall.","robots":{"index":"index","follow":"follow","max-snippet":"max-snippet:-1","max-image-preview":"max-image-preview:large","max-video-preview":"max-video-preview:-1"},"canonical":"https:\/\/kem-europe.eu\/de\/produkt\/eggenberg-ebs2480fp-professionelle-bandsaege-225mm-400v\/","og_locale":"de_DE","og_type":"article","og_title":"Eggenberg EBS2480FP | Professionele Bandzaagmachine 225mm - KEM Europe","og_description":"Eggenberg EBS2480FP bandzaagmachine met 2PK motor, hydraulische zaagvoeding en verstekfunctie tot 60\u00b0. Robuuste constructie en koelsysteem voor metaal.","og_url":"https:\/\/kem-europe.eu\/de\/produkt\/eggenberg-ebs2480fp-professionelle-bandsaege-225mm-400v\/","og_site_name":"KEM Europe","article_modified_time":"2025-03-18T14:05:39+00:00","og_image":[{"width":700,"height":700,"url":"https:\/\/kem-europe.eu\/wp-content\/uploads\/2025\/03\/BS2480FP_1.png","type":"image\/png"}],"twitter_card":"summary_large_image","twitter_misc":{"Gesch\u00e4tzte Lesezeit":"2\u00a0Minuten"},"schema":{"@context":"https:\/\/schema.org","@graph":[{"@type":"WebPage","@id":"https:\/\/kem-europe.eu\/product\/eggenberg-ebs2480fp-professionele-bandzaagmachine-225mm-400v\/","url":"https:\/\/kem-europe.eu\/product\/eggenberg-ebs2480fp-professionele-bandzaagmachine-225mm-400v\/","name":"Eggenberg EBS2480FP | Profi-Bands\u00e4ge 225mm - KEM Europe","isPartOf":{"@id":"https:\/\/kem-europe.eu\/#website"},"primaryImageOfPage":{"@id":"https:\/\/kem-europe.eu\/product\/eggenberg-ebs2480fp-professionele-bandzaagmachine-225mm-400v\/#primaryimage"},"image":{"@id":"https:\/\/kem-europe.eu\/product\/eggenberg-ebs2480fp-professionele-bandzaagmachine-225mm-400v\/#primaryimage"},"thumbnailUrl":"https:\/\/kem-europe.eu\/wp-content\/uploads\/2025\/03\/BS2480FP_1.png","datePublished":"2025-03-18T13:39:04+00:00","dateModified":"2025-03-18T14:05:39+00:00","description":"Eggenberg EBS2480FP Bands\u00e4ge mit 2HP Motor, hydraulischem S\u00e4gevorschub und Gehrungsfunktion bis 60\u00b0. Robuste Konstruktion und K\u00fchlsystem f\u00fcr Metall.","breadcrumb":{"@id":"https:\/\/kem-europe.eu\/product\/eggenberg-ebs2480fp-professionele-bandzaagmachine-225mm-400v\/#breadcrumb"},"inLanguage":"de","potentialAction":[{"@type":"ReadAction","target":["https:\/\/kem-europe.eu\/product\/eggenberg-ebs2480fp-professionele-bandzaagmachine-225mm-400v\/"]}]},{"@type":"ImageObject","inLanguage":"de","@id":"https:\/\/kem-europe.eu\/product\/eggenberg-ebs2480fp-professionele-bandzaagmachine-225mm-400v\/#primaryimage","url":"https:\/\/kem-europe.eu\/wp-content\/uploads\/2025\/03\/BS2480FP_1.png","contentUrl":"https:\/\/kem-europe.eu\/wp-content\/uploads\/2025\/03\/BS2480FP_1.png","width":700,"height":700},{"@type":"BreadcrumbList","@id":"https:\/\/kem-europe.eu\/product\/eggenberg-ebs2480fp-professionele-bandzaagmachine-225mm-400v\/#breadcrumb","itemListElement":[{"@type":"ListItem","position":1,"name":"Home","item":"https:\/\/kem-europe.eu\/"},{"@type":"ListItem","position":2,"name":"Winkel","item":"https:\/\/kem-europe.eu\/winkel\/"},{"@type":"ListItem","position":3,"name":"Eggenberg EBS2480FP Professionele Bandzaagmachine | 225mm | 400V"}]},{"@type":"WebSite","@id":"https:\/\/kem-europe.eu\/#website","url":"https:\/\/kem-europe.eu\/","name":"KEM Europe","description":"","publisher":{"@id":"https:\/\/kem-europe.eu\/#organization"},"potentialAction":[{"@type":"SearchAction","target":{"@type":"EntryPoint","urlTemplate":"https:\/\/kem-europe.eu\/?s={search_term_string}"},"query-input":{"@type":"PropertyValueSpecification","valueRequired":true,"valueName":"search_term_string"}}],"inLanguage":"de"},{"@type":"Organization","@id":"https:\/\/kem-europe.eu\/#organization","name":"KEM Europe","url":"https:\/\/kem-europe.eu\/","logo":{"@type":"ImageObject","inLanguage":"de","@id":"https:\/\/kem-europe.eu\/#\/schema\/logo\/image\/","url":"https:\/\/kem-europe.eu\/wp-content\/uploads\/2025\/02\/KEM2019-BLACK-1500W.png","contentUrl":"https:\/\/kem-europe.eu\/wp-content\/uploads\/2025\/02\/KEM2019-BLACK-1500W.png","width":1500,"height":626,"caption":"KEM Europe"},"image":{"@id":"https:\/\/kem-europe.eu\/#\/schema\/logo\/image\/"}}]}},"_links":{"self":[{"href":"https:\/\/kem-europe.eu\/de\/wp-json\/wp\/v2\/product\/6725","targetHints":{"allow":["GET"]}}],"collection":[{"href":"https:\/\/kem-europe.eu\/de\/wp-json\/wp\/v2\/product"}],"about":[{"href":"https:\/\/kem-europe.eu\/de\/wp-json\/wp\/v2\/types\/product"}],"replies":[{"embeddable":true,"href":"https:\/\/kem-europe.eu\/de\/wp-json\/wp\/v2\/comments?post=6725"}],"wp:featuredmedia":[{"embeddable":true,"href":"https:\/\/kem-europe.eu\/de\/wp-json\/wp\/v2\/media\/6724"}],"wp:attachment":[{"href":"https:\/\/kem-europe.eu\/de\/wp-json\/wp\/v2\/media?parent=6725"}],"wp:term":[{"taxonomy":"product_brand","embeddable":true,"href":"https:\/\/kem-europe.eu\/de\/wp-json\/wp\/v2\/product_brand?post=6725"},{"taxonomy":"product_cat","embeddable":true,"href":"https:\/\/kem-europe.eu\/de\/wp-json\/wp\/v2\/product_cat?post=6725"},{"taxonomy":"product_tag","embeddable":true,"href":"https:\/\/kem-europe.eu\/de\/wp-json\/wp\/v2\/product_tag?post=6725"}],"curies":[{"name":"wp","href":"https:\/\/api.w.org\/{rel}","templated":true}]}}