{"id":6747,"date":"2025-03-18T13:39:29","date_gmt":"2025-03-18T13:39:29","guid":{"rendered":"https:\/\/kem-europe.eu\/product\/eggenberg-micro-nevelsysteem-doseersysteem-t-b-v-bandzaagmachines\/"},"modified":"2025-03-18T14:19:06","modified_gmt":"2025-03-18T14:19:06","slug":"eggenberg-mikro-nebelsystem-dosiersystem-fuer-bandsaege","status":"publish","type":"product","link":"https:\/\/kem-europe.eu\/de\/product\/eggenberg-micro-nevelsysteem-doseersysteem-bandzaagmachines\/","title":{"rendered":"Eggenberg Micro-Nozzle System | Pr\u00e4zisions-Dosiersystem f\u00fcr Bands\u00e4gen"},"content":{"rendered":"<p data-start=\"803\" data-end=\"1133\">Die <strong data-start=\"807\" data-end=\"839\">Eggenberger Mikro-Beschlagsystem<\/strong> ist eine fortgeschrittene <strong data-start=\"859\" data-end=\"876\">Dosieranlage<\/strong> das eine minimale, aber wirksame Werkzeugschmierung ohne Wassergemisch erm\u00f6glicht. Diese <strong data-start=\"984\" data-end=\"1009\">pneumatisch gesteuert<\/strong> Schmiersystem optimiert den S\u00e4geprozess, verl\u00e4ngert die Lebensdauer der S\u00e4gebl\u00e4tter und tr\u00e4gt zu einem sauberen Arbeitsplatz bei.<\/p>\n<p data-start=\"1135\" data-end=\"1429\">Dank der <strong data-start=\"1146\" data-end=\"1180\">pr\u00e4zise einstellbarer Injektor<\/strong> und die <strong data-start=\"1188\" data-end=\"1207\">Druckminderventil<\/strong> der Schmierstoff wird optimal dosiert, so dass <strong data-start=\"1265\" data-end=\"1330\">trockene Sp\u00e4ne, eine saubere Arbeitsumgebung und minimaler Abfall<\/strong>. Die <strong data-start=\"1335\" data-end=\"1361\">transparenter 1,2-Liter-Tank<\/strong> macht es einfach, den Fl\u00fcssigkeitsstand im Auge zu behalten.<\/p>\n<h3 data-start=\"1431\" data-end=\"1465\"><strong data-start=\"1435\" data-end=\"1463\">Wesentliche Merkmale:<\/strong><\/h3>\n<ul>\n<li data-start=\"1466\" data-end=\"2160\"><strong data-start=\"1469\" data-end=\"1501\">Minimale Schmiermitteldosierung<\/strong> - Spart Kosten und vermeidet Abfall.<\/li>\n<li data-start=\"1466\" data-end=\"2160\"><strong data-start=\"1550\" data-end=\"1592\">Verl\u00e4ngert die Lebensdauer der Werkzeuge<\/strong> - Optimale Schmierung ohne \u00dcberbeanspruchung.<\/li>\n<li data-start=\"1466\" data-end=\"2160\"><strong data-start=\"1643\" data-end=\"1688\">Keine Lagerung und Entsorgung von Alt\u00f6l<\/strong> - Umweltfreundlich und praktisch.<\/li>\n<li data-start=\"1466\" data-end=\"2160\"><strong data-start=\"1728\" data-end=\"1756\">Trockene Werkst\u00fccke und Maschinen<\/strong> - Verhindert Spritzer und h\u00e4lt die Kleidung sauber.<\/li>\n<li data-start=\"1466\" data-end=\"2160\"><strong data-start=\"1808\" data-end=\"1832\">Pr\u00e4zise Kontrolle<\/strong> - Mit <strong data-start=\"1839\" data-end=\"1898\">Druckreduzierventil, Wasserabscheider und Volumeneinspritzventil<\/strong>.<\/li>\n<li data-start=\"1466\" data-end=\"2160\"><strong data-start=\"1905\" data-end=\"1951\">Spr\u00fchkopf geeignet f\u00fcr Bands\u00e4gen bis zu 41 mm<\/strong> - Effizient f\u00fcr Rohre und Profile.<\/li>\n<li data-start=\"1466\" data-end=\"2160\"><strong data-start=\"1995\" data-end=\"2040\">Bet\u00e4tigung durch Luftdruck (pneumatisch gesteuert)<\/strong> - Einfach anzuschlie\u00dfen <strong data-start=\"2071\" data-end=\"2089\">24V DC-Stromversorgung<\/strong>.<\/li>\n<li data-start=\"1466\" data-end=\"2160\"><strong data-start=\"2096\" data-end=\"2144\">Einschlie\u00dflich 3,5 Meter Innen- und Au\u00dfenrohr<\/strong> (\u00d6l\/Luft).<\/li>\n<\/ul>\n<h3 data-start=\"2162\" data-end=\"2219\"><strong data-start=\"2166\" data-end=\"2217\">Vorteile des Eggenberger Mikrod\u00fcsensystems:<\/strong><\/h3>\n<p data-start=\"2220\" data-end=\"2593\">\u2705 <strong data-start=\"2222\" data-end=\"2244\">Trockene Arbeitsumgebung<\/strong> - Kein \u00d6lverlust oder Verunreinigung.<br data-start=\"2278\" data-end=\"2281\" \/>\u2705 <strong data-start=\"2283\" data-end=\"2319\">Werkst\u00fcck und Maschine bleiben trocken<\/strong> - Ideal zum Schneiden von Rohren und Profilen.<br data-start=\"2368\" data-end=\"2371\" \/>\u2705 <strong data-start=\"2373\" data-end=\"2400\">Keine Spritzer auf der Kleidung<\/strong> - Bequemes und sauberes Arbeiten.<br data-start=\"2432\" data-end=\"2435\" \/>\u2705 <strong data-start=\"2437\" data-end=\"2483\">Trockene Sp\u00e4ne sind leicht zu entfernen<\/strong> - Weniger Reinigungsaufwand.<br data-start=\"2508\" data-end=\"2511\" \/>\u2705 <strong data-start=\"2513\" data-end=\"2554\">L\u00e4ngere Lebensdauer der Werkzeuge<\/strong> - Geringere Kosten und weniger Wartung.<\/p>\n<h3 data-start=\"2595\" data-end=\"2631\"><strong data-start=\"2599\" data-end=\"2629\">Umfang der Lieferung:<\/strong><\/h3>\n<ul data-start=\"2632\" data-end=\"2904\">\n<li data-start=\"2632\" data-end=\"2702\">Eggenberg Micro-Nozzle System \/ Dosiersystem f\u00fcr Bands\u00e4gen<\/li>\n<li data-start=\"2703\" data-end=\"2749\">Spr\u00fchkopf geeignet f\u00fcr Bands\u00e4gen bis zu 41 mm<\/li>\n<li data-start=\"2750\" data-end=\"2796\"><strong data-start=\"2752\" data-end=\"2794\">Transparenter 1,2-Liter-Schmiermittelbeh\u00e4lter<\/strong><\/li>\n<li data-start=\"2797\" data-end=\"2852\"><strong data-start=\"2799\" data-end=\"2837\">3,5 Meter Innen- und Au\u00dfenrohr<\/strong> (\u00d6l\/Luft)<\/li>\n<li data-start=\"2853\" data-end=\"2904\"><strong data-start=\"2855\" data-end=\"2902\">Reduzierventil und Einspritzd\u00fcse mit einstellbarem Volumen<\/strong><\/li>\n<\/ul>","protected":false},"excerpt":{"rendered":"<ul>\n<li><strong data-start=\"278\" data-end=\"311\">Effizient und umweltfreundlich<\/strong> - Spart Schmiermittel und reduziert den Abfall.<\/li>\n<li><strong data-start=\"366\" data-end=\"386\">Optimale Schmierung<\/strong> - Verl\u00e4ngert die Lebensdauer der Werkzeuge und sorgt f\u00fcr ein sauberes Werkst\u00fcck.<\/li>\n<li><strong data-start=\"467\" data-end=\"495\">Keine Wassermischungen erforderlich<\/strong> - Arbeitet mit umweltfreundlichem Schmiermittel ohne Lagerung von Alt\u00f6l.<\/li>\n<li><strong data-start=\"567\" data-end=\"591\">Genaue Dosierung<\/strong> - Mit Reduzierventil, einstellbarem Injektor und transparentem 1,2-Liter-Beh\u00e4lter.<\/li>\n<li><strong data-start=\"669\" data-end=\"706\">Geeignet f\u00fcr Bands\u00e4gen bis zu 41 mm<\/strong> - Pneumatisch gesteuert und einfach an 24V DC anzuschlie\u00dfen.<\/li>\n<\/ul>","protected":false},"featured_media":6746,"comment_status":"open","ping_status":"closed","template":"","meta":[],"product_brand":[698],"product_cat":[508],"product_tag":[],"class_list":{"0":"post-6747","1":"product","2":"type-product","3":"status-publish","4":"has-post-thumbnail","6":"product_brand-eggenberg","7":"product_cat-bandzaagmachine-toebehoren","9":"first","10":"instock","11":"shipping-taxable","12":"product-type-simple"},"ct_brands":[{"id":698,"name":"EGGENBERG","slug":"eggenberg"}],"yoast_head":"<!-- This site is optimized with the Yoast SEO plugin v27.3 - https:\/\/yoast.com\/product\/yoast-seo-wordpress\/ -->\n<title>Eggenberg Micro-Nevelsysteem | Doseersysteem voor Bandzaagmachines - KEM Europe<\/title>\n<meta name=\"description\" content=\"Eggenberg Micro-Nevelsysteem voor effici\u00ebnte smering zonder watermengsels. Verlengt gereedschapstandtijd en houdt werkstuk schoon. Voor zagen tot 41 mm.\" \/>\n<meta name=\"robots\" content=\"index, follow, max-snippet:-1, max-image-preview:large, max-video-preview:-1\" \/>\n<link rel=\"canonical\" href=\"https:\/\/kem-europe.eu\/de\/produkt\/eggenberg-mikro-nebelsystem-dosiersystem-fuer-bandsaege\/\" \/>\n<meta property=\"og:locale\" content=\"de_DE\" \/>\n<meta property=\"og:type\" content=\"article\" \/>\n<meta property=\"og:title\" content=\"Eggenberg Micro-Nevelsysteem | Doseersysteem voor Bandzaagmachines - KEM Europe\" \/>\n<meta property=\"og:description\" content=\"Eggenberg Micro-Nevelsysteem voor effici\u00ebnte smering zonder watermengsels. Verlengt gereedschapstandtijd en houdt werkstuk schoon. Voor zagen tot 41 mm.\" \/>\n<meta property=\"og:url\" content=\"https:\/\/kem-europe.eu\/de\/produkt\/eggenberg-mikro-nebelsystem-dosiersystem-fuer-bandsaege\/\" \/>\n<meta property=\"og:site_name\" content=\"KEM Europe\" \/>\n<meta property=\"article:modified_time\" content=\"2025-03-18T14:19:06+00:00\" \/>\n<meta property=\"og:image\" content=\"https:\/\/kem-europe.eu\/wp-content\/uploads\/2025\/03\/194.png\" \/>\n\t<meta property=\"og:image:width\" content=\"700\" \/>\n\t<meta property=\"og:image:height\" content=\"700\" \/>\n\t<meta property=\"og:image:type\" content=\"image\/png\" \/>\n<meta name=\"twitter:card\" content=\"summary_large_image\" \/>\n<meta name=\"twitter:label1\" content=\"Gesch\u00e4tzte Lesezeit\" \/>\n\t<meta name=\"twitter:data1\" content=\"2\u00a0Minuten\" \/>\n<script type=\"application\/ld+json\" class=\"yoast-schema-graph\">{\"@context\":\"https:\\\/\\\/schema.org\",\"@graph\":[{\"@type\":\"WebPage\",\"@id\":\"https:\\\/\\\/kem-europe.eu\\\/product\\\/eggenberg-micro-nevelsysteem-doseersysteem-bandzaagmachines\\\/\",\"url\":\"https:\\\/\\\/kem-europe.eu\\\/product\\\/eggenberg-micro-nevelsysteem-doseersysteem-bandzaagmachines\\\/\",\"name\":\"Eggenberg Micro-Nevelsysteem | Doseersysteem voor Bandzaagmachines - KEM Europe\",\"isPartOf\":{\"@id\":\"https:\\\/\\\/kem-europe.eu\\\/#website\"},\"primaryImageOfPage\":{\"@id\":\"https:\\\/\\\/kem-europe.eu\\\/product\\\/eggenberg-micro-nevelsysteem-doseersysteem-bandzaagmachines\\\/#primaryimage\"},\"image\":{\"@id\":\"https:\\\/\\\/kem-europe.eu\\\/product\\\/eggenberg-micro-nevelsysteem-doseersysteem-bandzaagmachines\\\/#primaryimage\"},\"thumbnailUrl\":\"https:\\\/\\\/kem-europe.eu\\\/wp-content\\\/uploads\\\/2025\\\/03\\\/194.png\",\"datePublished\":\"2025-03-18T13:39:29+00:00\",\"dateModified\":\"2025-03-18T14:19:06+00:00\",\"description\":\"Eggenberg Micro-Nevelsysteem voor effici\u00ebnte smering zonder watermengsels. Verlengt gereedschapstandtijd en houdt werkstuk schoon. Voor zagen tot 41 mm.\",\"breadcrumb\":{\"@id\":\"https:\\\/\\\/kem-europe.eu\\\/product\\\/eggenberg-micro-nevelsysteem-doseersysteem-bandzaagmachines\\\/#breadcrumb\"},\"inLanguage\":\"de\",\"potentialAction\":[{\"@type\":\"ReadAction\",\"target\":[\"https:\\\/\\\/kem-europe.eu\\\/product\\\/eggenberg-micro-nevelsysteem-doseersysteem-bandzaagmachines\\\/\"]}]},{\"@type\":\"ImageObject\",\"inLanguage\":\"de\",\"@id\":\"https:\\\/\\\/kem-europe.eu\\\/product\\\/eggenberg-micro-nevelsysteem-doseersysteem-bandzaagmachines\\\/#primaryimage\",\"url\":\"https:\\\/\\\/kem-europe.eu\\\/wp-content\\\/uploads\\\/2025\\\/03\\\/194.png\",\"contentUrl\":\"https:\\\/\\\/kem-europe.eu\\\/wp-content\\\/uploads\\\/2025\\\/03\\\/194.png\",\"width\":700,\"height\":700},{\"@type\":\"BreadcrumbList\",\"@id\":\"https:\\\/\\\/kem-europe.eu\\\/product\\\/eggenberg-micro-nevelsysteem-doseersysteem-bandzaagmachines\\\/#breadcrumb\",\"itemListElement\":[{\"@type\":\"ListItem\",\"position\":1,\"name\":\"Home\",\"item\":\"https:\\\/\\\/kem-europe.eu\\\/\"},{\"@type\":\"ListItem\",\"position\":2,\"name\":\"Winkel\",\"item\":\"https:\\\/\\\/kem-europe.eu\\\/winkel\\\/\"},{\"@type\":\"ListItem\",\"position\":3,\"name\":\"Eggenberg Micro-Nevelsysteem | Precisie Doseersysteem voor Bandzaagmachines\"}]},{\"@type\":\"WebSite\",\"@id\":\"https:\\\/\\\/kem-europe.eu\\\/#website\",\"url\":\"https:\\\/\\\/kem-europe.eu\\\/\",\"name\":\"KEM Europe\",\"description\":\"\",\"publisher\":{\"@id\":\"https:\\\/\\\/kem-europe.eu\\\/#organization\"},\"potentialAction\":[{\"@type\":\"SearchAction\",\"target\":{\"@type\":\"EntryPoint\",\"urlTemplate\":\"https:\\\/\\\/kem-europe.eu\\\/?s={search_term_string}\"},\"query-input\":{\"@type\":\"PropertyValueSpecification\",\"valueRequired\":true,\"valueName\":\"search_term_string\"}}],\"inLanguage\":\"de\"},{\"@type\":\"Organization\",\"@id\":\"https:\\\/\\\/kem-europe.eu\\\/#organization\",\"name\":\"KEM Europe\",\"url\":\"https:\\\/\\\/kem-europe.eu\\\/\",\"logo\":{\"@type\":\"ImageObject\",\"inLanguage\":\"de\",\"@id\":\"https:\\\/\\\/kem-europe.eu\\\/#\\\/schema\\\/logo\\\/image\\\/\",\"url\":\"https:\\\/\\\/kem-europe.eu\\\/wp-content\\\/uploads\\\/2025\\\/02\\\/KEM2019-BLACK-1500W.png\",\"contentUrl\":\"https:\\\/\\\/kem-europe.eu\\\/wp-content\\\/uploads\\\/2025\\\/02\\\/KEM2019-BLACK-1500W.png\",\"width\":1500,\"height\":626,\"caption\":\"KEM Europe\"},\"image\":{\"@id\":\"https:\\\/\\\/kem-europe.eu\\\/#\\\/schema\\\/logo\\\/image\\\/\"}}]}<\/script>\n<!-- \/ Yoast SEO plugin. -->","yoast_head_json":{"title":"Eggenberg Micro-Nozzle System | Dosiersystem f\u00fcr Bands\u00e4gen - KEM Europe","description":"Eggenberg Micro-Nozzle System f\u00fcr effiziente Schmierung ohne Wassergemisch. Verl\u00e4ngert die Lebensdauer der Werkzeuge und h\u00e4lt das Werkst\u00fcck sauber. F\u00fcr S\u00e4gen bis zu 41 mm.","robots":{"index":"index","follow":"follow","max-snippet":"max-snippet:-1","max-image-preview":"max-image-preview:large","max-video-preview":"max-video-preview:-1"},"canonical":"https:\/\/kem-europe.eu\/de\/produkt\/eggenberg-mikro-nebelsystem-dosiersystem-fuer-bandsaege\/","og_locale":"de_DE","og_type":"article","og_title":"Eggenberg Micro-Nevelsysteem | Doseersysteem voor Bandzaagmachines - KEM Europe","og_description":"Eggenberg Micro-Nevelsysteem voor effici\u00ebnte smering zonder watermengsels. Verlengt gereedschapstandtijd en houdt werkstuk schoon. Voor zagen tot 41 mm.","og_url":"https:\/\/kem-europe.eu\/de\/produkt\/eggenberg-mikro-nebelsystem-dosiersystem-fuer-bandsaege\/","og_site_name":"KEM Europe","article_modified_time":"2025-03-18T14:19:06+00:00","og_image":[{"width":700,"height":700,"url":"https:\/\/kem-europe.eu\/wp-content\/uploads\/2025\/03\/194.png","type":"image\/png"}],"twitter_card":"summary_large_image","twitter_misc":{"Gesch\u00e4tzte Lesezeit":"2\u00a0Minuten"},"schema":{"@context":"https:\/\/schema.org","@graph":[{"@type":"WebPage","@id":"https:\/\/kem-europe.eu\/product\/eggenberg-micro-nevelsysteem-doseersysteem-bandzaagmachines\/","url":"https:\/\/kem-europe.eu\/product\/eggenberg-micro-nevelsysteem-doseersysteem-bandzaagmachines\/","name":"Eggenberg Micro-Nozzle System | Dosiersystem f\u00fcr Bands\u00e4gen - KEM Europe","isPartOf":{"@id":"https:\/\/kem-europe.eu\/#website"},"primaryImageOfPage":{"@id":"https:\/\/kem-europe.eu\/product\/eggenberg-micro-nevelsysteem-doseersysteem-bandzaagmachines\/#primaryimage"},"image":{"@id":"https:\/\/kem-europe.eu\/product\/eggenberg-micro-nevelsysteem-doseersysteem-bandzaagmachines\/#primaryimage"},"thumbnailUrl":"https:\/\/kem-europe.eu\/wp-content\/uploads\/2025\/03\/194.png","datePublished":"2025-03-18T13:39:29+00:00","dateModified":"2025-03-18T14:19:06+00:00","description":"Eggenberg Micro-Nozzle System f\u00fcr effiziente Schmierung ohne Wassergemisch. Verl\u00e4ngert die Lebensdauer der Werkzeuge und h\u00e4lt das Werkst\u00fcck sauber. F\u00fcr S\u00e4gen bis zu 41 mm.","breadcrumb":{"@id":"https:\/\/kem-europe.eu\/product\/eggenberg-micro-nevelsysteem-doseersysteem-bandzaagmachines\/#breadcrumb"},"inLanguage":"de","potentialAction":[{"@type":"ReadAction","target":["https:\/\/kem-europe.eu\/product\/eggenberg-micro-nevelsysteem-doseersysteem-bandzaagmachines\/"]}]},{"@type":"ImageObject","inLanguage":"de","@id":"https:\/\/kem-europe.eu\/product\/eggenberg-micro-nevelsysteem-doseersysteem-bandzaagmachines\/#primaryimage","url":"https:\/\/kem-europe.eu\/wp-content\/uploads\/2025\/03\/194.png","contentUrl":"https:\/\/kem-europe.eu\/wp-content\/uploads\/2025\/03\/194.png","width":700,"height":700},{"@type":"BreadcrumbList","@id":"https:\/\/kem-europe.eu\/product\/eggenberg-micro-nevelsysteem-doseersysteem-bandzaagmachines\/#breadcrumb","itemListElement":[{"@type":"ListItem","position":1,"name":"Home","item":"https:\/\/kem-europe.eu\/"},{"@type":"ListItem","position":2,"name":"Winkel","item":"https:\/\/kem-europe.eu\/winkel\/"},{"@type":"ListItem","position":3,"name":"Eggenberg Micro-Nevelsysteem | Precisie Doseersysteem voor Bandzaagmachines"}]},{"@type":"WebSite","@id":"https:\/\/kem-europe.eu\/#website","url":"https:\/\/kem-europe.eu\/","name":"KEM Europe","description":"","publisher":{"@id":"https:\/\/kem-europe.eu\/#organization"},"potentialAction":[{"@type":"SearchAction","target":{"@type":"EntryPoint","urlTemplate":"https:\/\/kem-europe.eu\/?s={search_term_string}"},"query-input":{"@type":"PropertyValueSpecification","valueRequired":true,"valueName":"search_term_string"}}],"inLanguage":"de"},{"@type":"Organization","@id":"https:\/\/kem-europe.eu\/#organization","name":"KEM Europe","url":"https:\/\/kem-europe.eu\/","logo":{"@type":"ImageObject","inLanguage":"de","@id":"https:\/\/kem-europe.eu\/#\/schema\/logo\/image\/","url":"https:\/\/kem-europe.eu\/wp-content\/uploads\/2025\/02\/KEM2019-BLACK-1500W.png","contentUrl":"https:\/\/kem-europe.eu\/wp-content\/uploads\/2025\/02\/KEM2019-BLACK-1500W.png","width":1500,"height":626,"caption":"KEM Europe"},"image":{"@id":"https:\/\/kem-europe.eu\/#\/schema\/logo\/image\/"}}]}},"_links":{"self":[{"href":"https:\/\/kem-europe.eu\/de\/wp-json\/wp\/v2\/product\/6747","targetHints":{"allow":["GET"]}}],"collection":[{"href":"https:\/\/kem-europe.eu\/de\/wp-json\/wp\/v2\/product"}],"about":[{"href":"https:\/\/kem-europe.eu\/de\/wp-json\/wp\/v2\/types\/product"}],"replies":[{"embeddable":true,"href":"https:\/\/kem-europe.eu\/de\/wp-json\/wp\/v2\/comments?post=6747"}],"wp:featuredmedia":[{"embeddable":true,"href":"https:\/\/kem-europe.eu\/de\/wp-json\/wp\/v2\/media\/6746"}],"wp:attachment":[{"href":"https:\/\/kem-europe.eu\/de\/wp-json\/wp\/v2\/media?parent=6747"}],"wp:term":[{"taxonomy":"product_brand","embeddable":true,"href":"https:\/\/kem-europe.eu\/de\/wp-json\/wp\/v2\/product_brand?post=6747"},{"taxonomy":"product_cat","embeddable":true,"href":"https:\/\/kem-europe.eu\/de\/wp-json\/wp\/v2\/product_cat?post=6747"},{"taxonomy":"product_tag","embeddable":true,"href":"https:\/\/kem-europe.eu\/de\/wp-json\/wp\/v2\/product_tag?post=6747"}],"curies":[{"name":"wp","href":"https:\/\/api.w.org\/{rel}","templated":true}]}}