{"id":6759,"date":"2025-03-18T13:39:37","date_gmt":"2025-03-18T13:39:37","guid":{"rendered":"https:\/\/kem-europe.eu\/product\/eggenberg-ebs1440-bandzaagmachine-metaal-127mm-230v\/"},"modified":"2025-07-03T07:27:05","modified_gmt":"2025-07-03T07:27:05","slug":"eggenberg-ebs1440-leistungsstarke-bandsaege-127mm-230v","status":"publish","type":"product","link":"https:\/\/kem-europe.eu\/de\/product\/eggenberg-ebs1440-krachtige-bandzaagmachine-127mm-230v\/","title":{"rendered":"Eggenberg EBS1440 Leistungsstarke Bands\u00e4gemaschine | 127mm | 230V"},"content":{"rendered":"<p data-start=\"626\" data-end=\"845\">Die Eggenberg EBS1440 ist eine vielseitige und robuste Bands\u00e4ge f\u00fcr pr\u00e4zise S\u00e4gearbeiten in Stahl, Edelstahl, Aluminium und Kunststoff. Die leistungsstarke <strong data-start=\"768\" data-end=\"784\">3\/4 HP Motor<\/strong> bietet eine hervorragende Schnittleistung und eine lange Lebensdauer.<\/p>\n<p data-start=\"847\" data-end=\"1129\">Dank der <strong data-start=\"858\" data-end=\"884\">Gehrungsfunktion bis zu 60\u00b0<\/strong> Diese S\u00e4gemaschine eignet sich perfekt zum Schneiden von Ecken und komplexen Formen. Die <strong data-start=\"962\" data-end=\"993\">S\u00e4gearm und Klemme aus Gusseisen<\/strong> sorgen f\u00fcr maximale Stabilit\u00e4t, w\u00e4hrend die integrierte S\u00e4geb\u00fcrste das S\u00e4geblatt f\u00fcr einen effizienteren Schnitt sauber h\u00e4lt.<\/p>\n<h3 data-start=\"1131\" data-end=\"1165\"><strong data-start=\"1135\" data-end=\"1163\">Wesentliche Merkmale:<\/strong><\/h3>\n<ul>\n<li data-start=\"1166\" data-end=\"1564\"><strong data-start=\"1169\" data-end=\"1192\">Starker 3\/4 HP Motor<\/strong> - F\u00fcr kraftvolles und langlebiges S\u00e4gen.<\/li>\n<li data-start=\"1166\" data-end=\"1564\"><strong data-start=\"1233\" data-end=\"1259\">Gehrungsfunktion bis zu 60\u00b0<\/strong> - Ideal f\u00fcr pr\u00e4zise Eckenschnitte.<\/li>\n<li data-start=\"1166\" data-end=\"1564\"><strong data-start=\"1303\" data-end=\"1334\">S\u00e4gearm und Klemme aus Gusseisen<\/strong> - Sorgt f\u00fcr Stabilit\u00e4t und reduziert Vibrationen.<\/li>\n<li data-start=\"1166\" data-end=\"1564\"><strong data-start=\"1387\" data-end=\"1402\">S\u00e4gepinsel<\/strong> - Verhindert die Ansammlung von S\u00e4ger\u00fcckst\u00e4nden und verl\u00e4ngert die Lebensdauer des S\u00e4geblatts.<\/li>\n<li data-start=\"1166\" data-end=\"1564\"><strong data-start=\"1487\" data-end=\"1523\">Geeignet f\u00fcr verschiedene Materialien<\/strong> - Metall, rostfreier Stahl, Aluminium und Kunststoff.<\/li>\n<\/ul>\n<h3 data-start=\"1566\" data-end=\"1591\"><strong data-start=\"1570\" data-end=\"1589\">Schneidekapazit\u00e4t:<\/strong><\/h3>\n<ul data-start=\"1592\" data-end=\"1704\">\n<li data-start=\"1592\" data-end=\"1640\"><strong data-start=\"1594\" data-end=\"1601\">0\u00b0:<\/strong> 125 x 130 mm | 127 mm | 130 x 130 mm<\/li>\n<li data-start=\"1641\" data-end=\"1672\"><strong data-start=\"1643\" data-end=\"1651\">45\u00b0:<\/strong> 90 mm | 90 x 90 mm<\/li>\n<li data-start=\"1673\" data-end=\"1704\"><strong data-start=\"1675\" data-end=\"1683\">60\u00b0:<\/strong> 45 mm | 45 x 45 mm<\/li>\n<\/ul>\n<h3 data-start=\"1706\" data-end=\"1741\"><strong data-start=\"1710\" data-end=\"1739\">Technische Daten:<\/strong><\/h3>\n<ul data-start=\"1742\" data-end=\"2037\">\n<li data-start=\"1742\" data-end=\"1763\"><strong data-start=\"1744\" data-end=\"1756\">Spannung:<\/strong> 230V<\/li>\n<li data-start=\"1764\" data-end=\"1796\"><strong data-start=\"1766\" data-end=\"1779\">Macht:<\/strong> 550 W (3\/4 HP)<\/li>\n<li data-start=\"1797\" data-end=\"1846\"><strong data-start=\"1799\" data-end=\"1822\">Abmessungen des S\u00e4geblatts:<\/strong> 1440 x 12,7 x 0,64 mm<\/li>\n<li data-start=\"1847\" data-end=\"1877\"><strong data-start=\"1849\" data-end=\"1866\">Schnittgeschwindigkeit:<\/strong> 55 m\/min<\/li>\n<li data-start=\"1878\" data-end=\"1926\"><strong data-start=\"1880\" data-end=\"1905\">Abmessungen des Unterschranks:<\/strong> 470 x 370 x 800 mm<\/li>\n<li data-start=\"1927\" data-end=\"1973\"><strong data-start=\"1929\" data-end=\"1952\">Abmessungen der Maschine:<\/strong> 880 x 285 x 705 mm<\/li>\n<li data-start=\"1974\" data-end=\"2004\"><strong data-start=\"1976\" data-end=\"1996\">Gewicht der Maschine:<\/strong> 25 kg<\/li>\n<li data-start=\"2005\" data-end=\"2037\"><strong data-start=\"2007\" data-end=\"2029\">Geringeres Gewicht des Geh\u00e4uses:<\/strong> 18 kg<\/li>\n<\/ul>\n<h3 data-start=\"2039\" data-end=\"2075\"><strong data-start=\"2043\" data-end=\"2073\">Umfang der Lieferung:<\/strong><\/h3>\n<ul data-start=\"2076\" data-end=\"2162\">\n<li data-start=\"2076\" data-end=\"2126\">Eggenberg EBS1440 Bands\u00e4gemaschine 127mm - 230V<\/li>\n<li data-start=\"2127\" data-end=\"2162\">Montiertes S\u00e4geblatt 1440 mm<\/li>\n<\/ul>","protected":false},"excerpt":{"rendered":"<ul>\n<li>3\/4 HP Motor - Starke Leistung und lange Lebensdauer.<\/li>\n<li>Gehrungsschnitte bis zu 60\u00b0 - Flexibles und pr\u00e4zises Schneiden in verschiedenen Winkeln.<\/li>\n<li>Robuste Gusseisenkonstruktion - Garantiert Stabilit\u00e4t und Langlebigkeit.<\/li>\n<li>S\u00e4geb\u00fcrste - Reinigt das S\u00e4geblatt f\u00fcr optimale Leistung.<\/li>\n<li>Geeignet f\u00fcr Stahl, rostfreien Stahl, Aluminium und Kunststoff.<\/li>\n<\/ul>","protected":false},"featured_media":6758,"comment_status":"open","ping_status":"closed","template":"","meta":[],"product_brand":[698],"product_cat":[507,564,565,17],"product_tag":[],"class_list":{"0":"post-6759","1":"product","2":"type-product","3":"status-publish","4":"has-post-thumbnail","6":"product_brand-eggenberg","7":"product_cat-bandzaagmachine","8":"product_cat-bandzaagmachine-draagbaar","9":"product_cat-bandzaagmachine-stationair","10":"product_cat-machines","12":"first","13":"instock","14":"shipping-taxable","15":"product-type-simple"},"ct_brands":[{"id":698,"name":"EGGENBERG","slug":"eggenberg"}],"yoast_head":"<!-- This site is optimized with the Yoast SEO plugin v27.3 - https:\/\/yoast.com\/product\/yoast-seo-wordpress\/ -->\n<title>Eggenberg EBS1440 | Krachtige Bandzaagmachine | 127mm | 230V - KEM Europe<\/title>\n<meta name=\"description\" content=\"Eggenberg EBS1440 bandzaagmachine met 3\/4 PK motor. Verstekfunctie tot 60\u00b0, robuuste gietijzeren constructie en zaagborstel. Geschikt voor metaalbewerking.\" \/>\n<meta name=\"robots\" content=\"index, follow, max-snippet:-1, max-image-preview:large, max-video-preview:-1\" \/>\n<link rel=\"canonical\" href=\"https:\/\/kem-europe.eu\/de\/produkt\/eggenberg-ebs1440-leistungsstarke-bandsaege-127mm-230v\/\" \/>\n<meta property=\"og:locale\" content=\"de_DE\" \/>\n<meta property=\"og:type\" content=\"article\" \/>\n<meta property=\"og:title\" content=\"Eggenberg EBS1440 | Krachtige Bandzaagmachine | 127mm | 230V - KEM Europe\" \/>\n<meta property=\"og:description\" content=\"Eggenberg EBS1440 bandzaagmachine met 3\/4 PK motor. Verstekfunctie tot 60\u00b0, robuuste gietijzeren constructie en zaagborstel. Geschikt voor metaalbewerking.\" \/>\n<meta property=\"og:url\" content=\"https:\/\/kem-europe.eu\/de\/produkt\/eggenberg-ebs1440-leistungsstarke-bandsaege-127mm-230v\/\" \/>\n<meta property=\"og:site_name\" content=\"KEM Europe\" \/>\n<meta property=\"article:modified_time\" content=\"2025-07-03T07:27:05+00:00\" \/>\n<meta property=\"og:image\" content=\"https:\/\/kem-europe.eu\/wp-content\/uploads\/2025\/03\/EGGENBERG-EBS1440-07.webp\" \/>\n\t<meta property=\"og:image:width\" content=\"700\" \/>\n\t<meta property=\"og:image:height\" content=\"700\" \/>\n\t<meta property=\"og:image:type\" content=\"image\/webp\" \/>\n<meta name=\"twitter:card\" content=\"summary_large_image\" \/>\n<meta name=\"twitter:label1\" content=\"Gesch\u00e4tzte Lesezeit\" \/>\n\t<meta name=\"twitter:data1\" content=\"2\u00a0Minuten\" \/>\n<script type=\"application\/ld+json\" class=\"yoast-schema-graph\">{\"@context\":\"https:\\\/\\\/schema.org\",\"@graph\":[{\"@type\":\"WebPage\",\"@id\":\"https:\\\/\\\/kem-europe.eu\\\/product\\\/eggenberg-ebs1440-krachtige-bandzaagmachine-127mm-230v\\\/\",\"url\":\"https:\\\/\\\/kem-europe.eu\\\/product\\\/eggenberg-ebs1440-krachtige-bandzaagmachine-127mm-230v\\\/\",\"name\":\"Eggenberg EBS1440 | Krachtige Bandzaagmachine | 127mm | 230V - KEM Europe\",\"isPartOf\":{\"@id\":\"https:\\\/\\\/kem-europe.eu\\\/#website\"},\"primaryImageOfPage\":{\"@id\":\"https:\\\/\\\/kem-europe.eu\\\/product\\\/eggenberg-ebs1440-krachtige-bandzaagmachine-127mm-230v\\\/#primaryimage\"},\"image\":{\"@id\":\"https:\\\/\\\/kem-europe.eu\\\/product\\\/eggenberg-ebs1440-krachtige-bandzaagmachine-127mm-230v\\\/#primaryimage\"},\"thumbnailUrl\":\"https:\\\/\\\/kem-europe.eu\\\/wp-content\\\/uploads\\\/2025\\\/03\\\/EGGENBERG-EBS1440-07.webp\",\"datePublished\":\"2025-03-18T13:39:37+00:00\",\"dateModified\":\"2025-07-03T07:27:05+00:00\",\"description\":\"Eggenberg EBS1440 bandzaagmachine met 3\\\/4 PK motor. Verstekfunctie tot 60\u00b0, robuuste gietijzeren constructie en zaagborstel. Geschikt voor metaalbewerking.\",\"breadcrumb\":{\"@id\":\"https:\\\/\\\/kem-europe.eu\\\/product\\\/eggenberg-ebs1440-krachtige-bandzaagmachine-127mm-230v\\\/#breadcrumb\"},\"inLanguage\":\"de\",\"potentialAction\":[{\"@type\":\"ReadAction\",\"target\":[\"https:\\\/\\\/kem-europe.eu\\\/product\\\/eggenberg-ebs1440-krachtige-bandzaagmachine-127mm-230v\\\/\"]}]},{\"@type\":\"ImageObject\",\"inLanguage\":\"de\",\"@id\":\"https:\\\/\\\/kem-europe.eu\\\/product\\\/eggenberg-ebs1440-krachtige-bandzaagmachine-127mm-230v\\\/#primaryimage\",\"url\":\"https:\\\/\\\/kem-europe.eu\\\/wp-content\\\/uploads\\\/2025\\\/03\\\/EGGENBERG-EBS1440-07.webp\",\"contentUrl\":\"https:\\\/\\\/kem-europe.eu\\\/wp-content\\\/uploads\\\/2025\\\/03\\\/EGGENBERG-EBS1440-07.webp\",\"width\":700,\"height\":700},{\"@type\":\"BreadcrumbList\",\"@id\":\"https:\\\/\\\/kem-europe.eu\\\/product\\\/eggenberg-ebs1440-krachtige-bandzaagmachine-127mm-230v\\\/#breadcrumb\",\"itemListElement\":[{\"@type\":\"ListItem\",\"position\":1,\"name\":\"Home\",\"item\":\"https:\\\/\\\/kem-europe.eu\\\/\"},{\"@type\":\"ListItem\",\"position\":2,\"name\":\"Winkel\",\"item\":\"https:\\\/\\\/kem-europe.eu\\\/winkel\\\/\"},{\"@type\":\"ListItem\",\"position\":3,\"name\":\"Eggenberg EBS1440 Krachtige Bandzaagmachine | 127mm | 230V\"}]},{\"@type\":\"WebSite\",\"@id\":\"https:\\\/\\\/kem-europe.eu\\\/#website\",\"url\":\"https:\\\/\\\/kem-europe.eu\\\/\",\"name\":\"KEM Europe\",\"description\":\"\",\"publisher\":{\"@id\":\"https:\\\/\\\/kem-europe.eu\\\/#organization\"},\"potentialAction\":[{\"@type\":\"SearchAction\",\"target\":{\"@type\":\"EntryPoint\",\"urlTemplate\":\"https:\\\/\\\/kem-europe.eu\\\/?s={search_term_string}\"},\"query-input\":{\"@type\":\"PropertyValueSpecification\",\"valueRequired\":true,\"valueName\":\"search_term_string\"}}],\"inLanguage\":\"de\"},{\"@type\":\"Organization\",\"@id\":\"https:\\\/\\\/kem-europe.eu\\\/#organization\",\"name\":\"KEM Europe\",\"url\":\"https:\\\/\\\/kem-europe.eu\\\/\",\"logo\":{\"@type\":\"ImageObject\",\"inLanguage\":\"de\",\"@id\":\"https:\\\/\\\/kem-europe.eu\\\/#\\\/schema\\\/logo\\\/image\\\/\",\"url\":\"https:\\\/\\\/kem-europe.eu\\\/wp-content\\\/uploads\\\/2025\\\/02\\\/KEM2019-BLACK-1500W.png\",\"contentUrl\":\"https:\\\/\\\/kem-europe.eu\\\/wp-content\\\/uploads\\\/2025\\\/02\\\/KEM2019-BLACK-1500W.png\",\"width\":1500,\"height\":626,\"caption\":\"KEM Europe\"},\"image\":{\"@id\":\"https:\\\/\\\/kem-europe.eu\\\/#\\\/schema\\\/logo\\\/image\\\/\"}}]}<\/script>\n<!-- \/ Yoast SEO plugin. -->","yoast_head_json":{"title":"Eggenberg EBS1440 | Leistungsstarke Bands\u00e4gemaschine | 127mm | 230V - KEM Europe","description":"Eggenberg Bands\u00e4ge EBS1440 mit 3\/4 PS Motor. Gehrungsfunktion bis zu 60\u00b0, robuste Gusskonstruktion und S\u00e4geb\u00fcrste. Geeignet f\u00fcr die Metallbearbeitung.","robots":{"index":"index","follow":"follow","max-snippet":"max-snippet:-1","max-image-preview":"max-image-preview:large","max-video-preview":"max-video-preview:-1"},"canonical":"https:\/\/kem-europe.eu\/de\/produkt\/eggenberg-ebs1440-leistungsstarke-bandsaege-127mm-230v\/","og_locale":"de_DE","og_type":"article","og_title":"Eggenberg EBS1440 | Krachtige Bandzaagmachine | 127mm | 230V - KEM Europe","og_description":"Eggenberg EBS1440 bandzaagmachine met 3\/4 PK motor. Verstekfunctie tot 60\u00b0, robuuste gietijzeren constructie en zaagborstel. Geschikt voor metaalbewerking.","og_url":"https:\/\/kem-europe.eu\/de\/produkt\/eggenberg-ebs1440-leistungsstarke-bandsaege-127mm-230v\/","og_site_name":"KEM Europe","article_modified_time":"2025-07-03T07:27:05+00:00","og_image":[{"width":700,"height":700,"url":"https:\/\/kem-europe.eu\/wp-content\/uploads\/2025\/03\/EGGENBERG-EBS1440-07.webp","type":"image\/webp"}],"twitter_card":"summary_large_image","twitter_misc":{"Gesch\u00e4tzte Lesezeit":"2\u00a0Minuten"},"schema":{"@context":"https:\/\/schema.org","@graph":[{"@type":"WebPage","@id":"https:\/\/kem-europe.eu\/product\/eggenberg-ebs1440-krachtige-bandzaagmachine-127mm-230v\/","url":"https:\/\/kem-europe.eu\/product\/eggenberg-ebs1440-krachtige-bandzaagmachine-127mm-230v\/","name":"Eggenberg EBS1440 | Leistungsstarke Bands\u00e4gemaschine | 127mm | 230V - KEM Europe","isPartOf":{"@id":"https:\/\/kem-europe.eu\/#website"},"primaryImageOfPage":{"@id":"https:\/\/kem-europe.eu\/product\/eggenberg-ebs1440-krachtige-bandzaagmachine-127mm-230v\/#primaryimage"},"image":{"@id":"https:\/\/kem-europe.eu\/product\/eggenberg-ebs1440-krachtige-bandzaagmachine-127mm-230v\/#primaryimage"},"thumbnailUrl":"https:\/\/kem-europe.eu\/wp-content\/uploads\/2025\/03\/EGGENBERG-EBS1440-07.webp","datePublished":"2025-03-18T13:39:37+00:00","dateModified":"2025-07-03T07:27:05+00:00","description":"Eggenberg Bands\u00e4ge EBS1440 mit 3\/4 PS Motor. Gehrungsfunktion bis zu 60\u00b0, robuste Gusskonstruktion und S\u00e4geb\u00fcrste. Geeignet f\u00fcr die Metallbearbeitung.","breadcrumb":{"@id":"https:\/\/kem-europe.eu\/product\/eggenberg-ebs1440-krachtige-bandzaagmachine-127mm-230v\/#breadcrumb"},"inLanguage":"de","potentialAction":[{"@type":"ReadAction","target":["https:\/\/kem-europe.eu\/product\/eggenberg-ebs1440-krachtige-bandzaagmachine-127mm-230v\/"]}]},{"@type":"ImageObject","inLanguage":"de","@id":"https:\/\/kem-europe.eu\/product\/eggenberg-ebs1440-krachtige-bandzaagmachine-127mm-230v\/#primaryimage","url":"https:\/\/kem-europe.eu\/wp-content\/uploads\/2025\/03\/EGGENBERG-EBS1440-07.webp","contentUrl":"https:\/\/kem-europe.eu\/wp-content\/uploads\/2025\/03\/EGGENBERG-EBS1440-07.webp","width":700,"height":700},{"@type":"BreadcrumbList","@id":"https:\/\/kem-europe.eu\/product\/eggenberg-ebs1440-krachtige-bandzaagmachine-127mm-230v\/#breadcrumb","itemListElement":[{"@type":"ListItem","position":1,"name":"Home","item":"https:\/\/kem-europe.eu\/"},{"@type":"ListItem","position":2,"name":"Winkel","item":"https:\/\/kem-europe.eu\/winkel\/"},{"@type":"ListItem","position":3,"name":"Eggenberg EBS1440 Krachtige Bandzaagmachine | 127mm | 230V"}]},{"@type":"WebSite","@id":"https:\/\/kem-europe.eu\/#website","url":"https:\/\/kem-europe.eu\/","name":"KEM Europe","description":"","publisher":{"@id":"https:\/\/kem-europe.eu\/#organization"},"potentialAction":[{"@type":"SearchAction","target":{"@type":"EntryPoint","urlTemplate":"https:\/\/kem-europe.eu\/?s={search_term_string}"},"query-input":{"@type":"PropertyValueSpecification","valueRequired":true,"valueName":"search_term_string"}}],"inLanguage":"de"},{"@type":"Organization","@id":"https:\/\/kem-europe.eu\/#organization","name":"KEM Europe","url":"https:\/\/kem-europe.eu\/","logo":{"@type":"ImageObject","inLanguage":"de","@id":"https:\/\/kem-europe.eu\/#\/schema\/logo\/image\/","url":"https:\/\/kem-europe.eu\/wp-content\/uploads\/2025\/02\/KEM2019-BLACK-1500W.png","contentUrl":"https:\/\/kem-europe.eu\/wp-content\/uploads\/2025\/02\/KEM2019-BLACK-1500W.png","width":1500,"height":626,"caption":"KEM Europe"},"image":{"@id":"https:\/\/kem-europe.eu\/#\/schema\/logo\/image\/"}}]}},"_links":{"self":[{"href":"https:\/\/kem-europe.eu\/de\/wp-json\/wp\/v2\/product\/6759","targetHints":{"allow":["GET"]}}],"collection":[{"href":"https:\/\/kem-europe.eu\/de\/wp-json\/wp\/v2\/product"}],"about":[{"href":"https:\/\/kem-europe.eu\/de\/wp-json\/wp\/v2\/types\/product"}],"replies":[{"embeddable":true,"href":"https:\/\/kem-europe.eu\/de\/wp-json\/wp\/v2\/comments?post=6759"}],"wp:featuredmedia":[{"embeddable":true,"href":"https:\/\/kem-europe.eu\/de\/wp-json\/wp\/v2\/media\/6758"}],"wp:attachment":[{"href":"https:\/\/kem-europe.eu\/de\/wp-json\/wp\/v2\/media?parent=6759"}],"wp:term":[{"taxonomy":"product_brand","embeddable":true,"href":"https:\/\/kem-europe.eu\/de\/wp-json\/wp\/v2\/product_brand?post=6759"},{"taxonomy":"product_cat","embeddable":true,"href":"https:\/\/kem-europe.eu\/de\/wp-json\/wp\/v2\/product_cat?post=6759"},{"taxonomy":"product_tag","embeddable":true,"href":"https:\/\/kem-europe.eu\/de\/wp-json\/wp\/v2\/product_tag?post=6759"}],"curies":[{"name":"wp","href":"https:\/\/api.w.org\/{rel}","templated":true}]}}