{"id":689,"date":"2025-02-27T08:12:52","date_gmt":"2025-02-27T08:12:52","guid":{"rendered":"https:\/\/kem-europe.eu\/?post_type=product&#038;p=689"},"modified":"2025-06-06T06:23:07","modified_gmt":"2025-06-06T06:23:07","slug":"keyang-cs20blh-165-akku-handkreissaege-body","status":"publish","type":"product","link":"https:\/\/kem-europe.eu\/de\/product\/keyang-cs20blh-165-accu-handcirkelzaag-18v-20v-max-body\/","title":{"rendered":"Keyang CS20BLH-165 Accu-Handkreiss\u00e4ge - 18V (20V max) - BODY"},"content":{"rendered":"<p><img decoding=\"async\" class=\"aligncenter\" src=\"https:\/\/bjctools.nl\/wp-content\/uploads\/2022\/06\/CS20BLH-165-PSD-NEDERLANDS-BODY-1.png\" \/><\/p>","protected":false},"excerpt":{"rendered":"<table>\n<tbody>\n<tr>\n<td class=\"echotable\">Konstante Geschwindigkeit<\/td>\n<td class=\"echotable\">BLDC-Motor<\/td>\n<\/tr>\n<tr>\n<td class=\"echotable\">Hohe Drehzahlen<\/td>\n<td class=\"echotable\">Kunststoffgeh\u00e4use<\/td>\n<\/tr>\n<\/tbody>\n<tbody>\n<tr>\n<td class=\"echotable\">Sanfter Start<\/td>\n<\/tr>\n<\/tbody>\n<\/table>\n<p>&nbsp;<\/p>\n<p><strong>Umfang der Lieferung<\/strong><\/p>\n<ul>\n<li>Keyang CS20BLH-165 Accu-Handkreiss\u00e4ge - 18V (20V max) - BODY<\/li>\n<li>Geliefert im Kunststoffkoffer<\/li>\n<\/ul>","protected":false},"featured_media":797,"comment_status":"closed","ping_status":"closed","template":"","meta":[],"product_brand":[624],"product_cat":[57],"product_tag":[],"class_list":{"0":"post-689","1":"product","2":"type-product","3":"status-publish","4":"has-post-thumbnail","6":"product_brand-keyang","7":"product_cat-accu-cirkelzaag","9":"first","10":"instock","11":"shipping-taxable","12":"product-type-simple"},"ct_brands":[{"id":624,"name":"KEYANG","slug":"keyang"}],"yoast_head":"<!-- This site is optimized with the Yoast SEO plugin v27.3 - https:\/\/yoast.com\/product\/yoast-seo-wordpress\/ -->\n<title>Accu Handcirkelzaag BODY Keyang CS20BLH-165 l KEM-EUROPE<\/title>\n<meta name=\"description\" content=\"Accu Handcirkelzaag BODY Keyang CS20BLH-165 - Uitgerust met het hoogste vermogen van een 1000W BLDC-motor in zijn klasse!\" \/>\n<meta name=\"robots\" content=\"index, follow, max-snippet:-1, max-image-preview:large, max-video-preview:-1\" \/>\n<link rel=\"canonical\" href=\"https:\/\/kem-europe.eu\/de\/produkt\/keyang-cs20blh-165-akku-handkreissaege-body\/\" \/>\n<meta property=\"og:locale\" content=\"de_DE\" \/>\n<meta property=\"og:type\" content=\"article\" \/>\n<meta property=\"og:title\" content=\"Accu Handcirkelzaag BODY Keyang CS20BLH-165 l KEM-EUROPE\" \/>\n<meta property=\"og:description\" content=\"Accu Handcirkelzaag BODY Keyang CS20BLH-165 - Uitgerust met het hoogste vermogen van een 1000W BLDC-motor in zijn klasse!\" \/>\n<meta property=\"og:url\" content=\"https:\/\/kem-europe.eu\/de\/produkt\/keyang-cs20blh-165-akku-handkreissaege-body\/\" \/>\n<meta property=\"og:site_name\" content=\"KEM Europe\" \/>\n<meta property=\"article:modified_time\" content=\"2025-06-06T06:23:07+00:00\" \/>\n<meta property=\"og:image\" content=\"https:\/\/kem-europe.eu\/wp-content\/uploads\/2025\/02\/cs20blh-165.png-BODY.png\" \/>\n\t<meta property=\"og:image:width\" content=\"700\" \/>\n\t<meta property=\"og:image:height\" content=\"700\" \/>\n\t<meta property=\"og:image:type\" content=\"image\/png\" \/>\n<meta name=\"twitter:card\" content=\"summary_large_image\" \/>\n<meta name=\"twitter:label1\" content=\"Gesch\u00e4tzte Lesezeit\" \/>\n\t<meta name=\"twitter:data1\" content=\"1\u00a0Minute\" \/>\n<script type=\"application\/ld+json\" class=\"yoast-schema-graph\">{\"@context\":\"https:\\\/\\\/schema.org\",\"@graph\":[{\"@type\":\"WebPage\",\"@id\":\"https:\\\/\\\/kem-europe.eu\\\/product\\\/keyang-cs20blh-165-accu-handcirkelzaag-18v-20v-max-body\\\/\",\"url\":\"https:\\\/\\\/kem-europe.eu\\\/product\\\/keyang-cs20blh-165-accu-handcirkelzaag-18v-20v-max-body\\\/\",\"name\":\"Accu Handcirkelzaag BODY Keyang CS20BLH-165 l KEM-EUROPE\",\"isPartOf\":{\"@id\":\"https:\\\/\\\/kem-europe.eu\\\/#website\"},\"primaryImageOfPage\":{\"@id\":\"https:\\\/\\\/kem-europe.eu\\\/product\\\/keyang-cs20blh-165-accu-handcirkelzaag-18v-20v-max-body\\\/#primaryimage\"},\"image\":{\"@id\":\"https:\\\/\\\/kem-europe.eu\\\/product\\\/keyang-cs20blh-165-accu-handcirkelzaag-18v-20v-max-body\\\/#primaryimage\"},\"thumbnailUrl\":\"https:\\\/\\\/kem-europe.eu\\\/wp-content\\\/uploads\\\/2025\\\/02\\\/cs20blh-165.png-BODY.png\",\"datePublished\":\"2025-02-27T08:12:52+00:00\",\"dateModified\":\"2025-06-06T06:23:07+00:00\",\"description\":\"Accu Handcirkelzaag BODY Keyang CS20BLH-165 - Uitgerust met het hoogste vermogen van een 1000W BLDC-motor in zijn klasse!\",\"breadcrumb\":{\"@id\":\"https:\\\/\\\/kem-europe.eu\\\/product\\\/keyang-cs20blh-165-accu-handcirkelzaag-18v-20v-max-body\\\/#breadcrumb\"},\"inLanguage\":\"de\",\"potentialAction\":[{\"@type\":\"ReadAction\",\"target\":[\"https:\\\/\\\/kem-europe.eu\\\/product\\\/keyang-cs20blh-165-accu-handcirkelzaag-18v-20v-max-body\\\/\"]}]},{\"@type\":\"ImageObject\",\"inLanguage\":\"de\",\"@id\":\"https:\\\/\\\/kem-europe.eu\\\/product\\\/keyang-cs20blh-165-accu-handcirkelzaag-18v-20v-max-body\\\/#primaryimage\",\"url\":\"https:\\\/\\\/kem-europe.eu\\\/wp-content\\\/uploads\\\/2025\\\/02\\\/cs20blh-165.png-BODY.png\",\"contentUrl\":\"https:\\\/\\\/kem-europe.eu\\\/wp-content\\\/uploads\\\/2025\\\/02\\\/cs20blh-165.png-BODY.png\",\"width\":700,\"height\":700},{\"@type\":\"BreadcrumbList\",\"@id\":\"https:\\\/\\\/kem-europe.eu\\\/product\\\/keyang-cs20blh-165-accu-handcirkelzaag-18v-20v-max-body\\\/#breadcrumb\",\"itemListElement\":[{\"@type\":\"ListItem\",\"position\":1,\"name\":\"Home\",\"item\":\"https:\\\/\\\/kem-europe.eu\\\/\"},{\"@type\":\"ListItem\",\"position\":2,\"name\":\"Winkel\",\"item\":\"https:\\\/\\\/kem-europe.eu\\\/winkel\\\/\"},{\"@type\":\"ListItem\",\"position\":3,\"name\":\"Keyang CS20BLH-165 Accu Handcirkelzaag \u2013 18V (20V max) \u2013 BODY\"}]},{\"@type\":\"WebSite\",\"@id\":\"https:\\\/\\\/kem-europe.eu\\\/#website\",\"url\":\"https:\\\/\\\/kem-europe.eu\\\/\",\"name\":\"KEM Europe\",\"description\":\"\",\"publisher\":{\"@id\":\"https:\\\/\\\/kem-europe.eu\\\/#organization\"},\"potentialAction\":[{\"@type\":\"SearchAction\",\"target\":{\"@type\":\"EntryPoint\",\"urlTemplate\":\"https:\\\/\\\/kem-europe.eu\\\/?s={search_term_string}\"},\"query-input\":{\"@type\":\"PropertyValueSpecification\",\"valueRequired\":true,\"valueName\":\"search_term_string\"}}],\"inLanguage\":\"de\"},{\"@type\":\"Organization\",\"@id\":\"https:\\\/\\\/kem-europe.eu\\\/#organization\",\"name\":\"KEM Europe\",\"url\":\"https:\\\/\\\/kem-europe.eu\\\/\",\"logo\":{\"@type\":\"ImageObject\",\"inLanguage\":\"de\",\"@id\":\"https:\\\/\\\/kem-europe.eu\\\/#\\\/schema\\\/logo\\\/image\\\/\",\"url\":\"https:\\\/\\\/kem-europe.eu\\\/wp-content\\\/uploads\\\/2025\\\/02\\\/KEM2019-BLACK-1500W.png\",\"contentUrl\":\"https:\\\/\\\/kem-europe.eu\\\/wp-content\\\/uploads\\\/2025\\\/02\\\/KEM2019-BLACK-1500W.png\",\"width\":1500,\"height\":626,\"caption\":\"KEM Europe\"},\"image\":{\"@id\":\"https:\\\/\\\/kem-europe.eu\\\/#\\\/schema\\\/logo\\\/image\\\/\"}}]}<\/script>\n<!-- \/ Yoast SEO plugin. -->","yoast_head_json":{"title":"Accu Hands\u00e4ge BODY Keyang CS20BLH-165 l KEM-EUROPE","description":"Accu-Handkreiss\u00e4ge BODY Keyang CS20BLH-165 - Ausgestattet mit der h\u00f6chsten Ausgangsleistung eines 1000W BLDC-Motors in seiner Klasse!","robots":{"index":"index","follow":"follow","max-snippet":"max-snippet:-1","max-image-preview":"max-image-preview:large","max-video-preview":"max-video-preview:-1"},"canonical":"https:\/\/kem-europe.eu\/de\/produkt\/keyang-cs20blh-165-akku-handkreissaege-body\/","og_locale":"de_DE","og_type":"article","og_title":"Accu Handcirkelzaag BODY Keyang CS20BLH-165 l KEM-EUROPE","og_description":"Accu Handcirkelzaag BODY Keyang CS20BLH-165 - Uitgerust met het hoogste vermogen van een 1000W BLDC-motor in zijn klasse!","og_url":"https:\/\/kem-europe.eu\/de\/produkt\/keyang-cs20blh-165-akku-handkreissaege-body\/","og_site_name":"KEM Europe","article_modified_time":"2025-06-06T06:23:07+00:00","og_image":[{"width":700,"height":700,"url":"https:\/\/kem-europe.eu\/wp-content\/uploads\/2025\/02\/cs20blh-165.png-BODY.png","type":"image\/png"}],"twitter_card":"summary_large_image","twitter_misc":{"Gesch\u00e4tzte Lesezeit":"1\u00a0Minute"},"schema":{"@context":"https:\/\/schema.org","@graph":[{"@type":"WebPage","@id":"https:\/\/kem-europe.eu\/product\/keyang-cs20blh-165-accu-handcirkelzaag-18v-20v-max-body\/","url":"https:\/\/kem-europe.eu\/product\/keyang-cs20blh-165-accu-handcirkelzaag-18v-20v-max-body\/","name":"Accu Hands\u00e4ge BODY Keyang CS20BLH-165 l KEM-EUROPE","isPartOf":{"@id":"https:\/\/kem-europe.eu\/#website"},"primaryImageOfPage":{"@id":"https:\/\/kem-europe.eu\/product\/keyang-cs20blh-165-accu-handcirkelzaag-18v-20v-max-body\/#primaryimage"},"image":{"@id":"https:\/\/kem-europe.eu\/product\/keyang-cs20blh-165-accu-handcirkelzaag-18v-20v-max-body\/#primaryimage"},"thumbnailUrl":"https:\/\/kem-europe.eu\/wp-content\/uploads\/2025\/02\/cs20blh-165.png-BODY.png","datePublished":"2025-02-27T08:12:52+00:00","dateModified":"2025-06-06T06:23:07+00:00","description":"Accu-Handkreiss\u00e4ge BODY Keyang CS20BLH-165 - Ausgestattet mit der h\u00f6chsten Ausgangsleistung eines 1000W BLDC-Motors in seiner Klasse!","breadcrumb":{"@id":"https:\/\/kem-europe.eu\/product\/keyang-cs20blh-165-accu-handcirkelzaag-18v-20v-max-body\/#breadcrumb"},"inLanguage":"de","potentialAction":[{"@type":"ReadAction","target":["https:\/\/kem-europe.eu\/product\/keyang-cs20blh-165-accu-handcirkelzaag-18v-20v-max-body\/"]}]},{"@type":"ImageObject","inLanguage":"de","@id":"https:\/\/kem-europe.eu\/product\/keyang-cs20blh-165-accu-handcirkelzaag-18v-20v-max-body\/#primaryimage","url":"https:\/\/kem-europe.eu\/wp-content\/uploads\/2025\/02\/cs20blh-165.png-BODY.png","contentUrl":"https:\/\/kem-europe.eu\/wp-content\/uploads\/2025\/02\/cs20blh-165.png-BODY.png","width":700,"height":700},{"@type":"BreadcrumbList","@id":"https:\/\/kem-europe.eu\/product\/keyang-cs20blh-165-accu-handcirkelzaag-18v-20v-max-body\/#breadcrumb","itemListElement":[{"@type":"ListItem","position":1,"name":"Home","item":"https:\/\/kem-europe.eu\/"},{"@type":"ListItem","position":2,"name":"Winkel","item":"https:\/\/kem-europe.eu\/winkel\/"},{"@type":"ListItem","position":3,"name":"Keyang CS20BLH-165 Accu Handcirkelzaag \u2013 18V (20V max) \u2013 BODY"}]},{"@type":"WebSite","@id":"https:\/\/kem-europe.eu\/#website","url":"https:\/\/kem-europe.eu\/","name":"KEM Europe","description":"","publisher":{"@id":"https:\/\/kem-europe.eu\/#organization"},"potentialAction":[{"@type":"SearchAction","target":{"@type":"EntryPoint","urlTemplate":"https:\/\/kem-europe.eu\/?s={search_term_string}"},"query-input":{"@type":"PropertyValueSpecification","valueRequired":true,"valueName":"search_term_string"}}],"inLanguage":"de"},{"@type":"Organization","@id":"https:\/\/kem-europe.eu\/#organization","name":"KEM Europe","url":"https:\/\/kem-europe.eu\/","logo":{"@type":"ImageObject","inLanguage":"de","@id":"https:\/\/kem-europe.eu\/#\/schema\/logo\/image\/","url":"https:\/\/kem-europe.eu\/wp-content\/uploads\/2025\/02\/KEM2019-BLACK-1500W.png","contentUrl":"https:\/\/kem-europe.eu\/wp-content\/uploads\/2025\/02\/KEM2019-BLACK-1500W.png","width":1500,"height":626,"caption":"KEM Europe"},"image":{"@id":"https:\/\/kem-europe.eu\/#\/schema\/logo\/image\/"}}]}},"_links":{"self":[{"href":"https:\/\/kem-europe.eu\/de\/wp-json\/wp\/v2\/product\/689","targetHints":{"allow":["GET"]}}],"collection":[{"href":"https:\/\/kem-europe.eu\/de\/wp-json\/wp\/v2\/product"}],"about":[{"href":"https:\/\/kem-europe.eu\/de\/wp-json\/wp\/v2\/types\/product"}],"replies":[{"embeddable":true,"href":"https:\/\/kem-europe.eu\/de\/wp-json\/wp\/v2\/comments?post=689"}],"wp:featuredmedia":[{"embeddable":true,"href":"https:\/\/kem-europe.eu\/de\/wp-json\/wp\/v2\/media\/797"}],"wp:attachment":[{"href":"https:\/\/kem-europe.eu\/de\/wp-json\/wp\/v2\/media?parent=689"}],"wp:term":[{"taxonomy":"product_brand","embeddable":true,"href":"https:\/\/kem-europe.eu\/de\/wp-json\/wp\/v2\/product_brand?post=689"},{"taxonomy":"product_cat","embeddable":true,"href":"https:\/\/kem-europe.eu\/de\/wp-json\/wp\/v2\/product_cat?post=689"},{"taxonomy":"product_tag","embeddable":true,"href":"https:\/\/kem-europe.eu\/de\/wp-json\/wp\/v2\/product_tag?post=689"}],"curies":[{"name":"wp","href":"https:\/\/api.w.org\/{rel}","templated":true}]}}