{"id":6941,"date":"2025-03-27T11:12:57","date_gmt":"2025-03-27T11:12:57","guid":{"rendered":"https:\/\/kem-europe.eu\/product\/dorly-3x2-5mm%c2%b2-neopreen-kabelhaspel-230v-ip44-25m-40m-h07rn-f\/"},"modified":"2025-07-02T11:08:29","modified_gmt":"2025-07-02T11:08:29","slug":"dorly-neopren-kabeltrommel-3x2-5mm2-ip44","status":"publish","type":"product","link":"https:\/\/kem-europe.eu\/de\/product\/dorly-neopreen-kabelhaspel-3x2-5mm2-ip44\/","title":{"rendered":"D'Orly Neopren-Kabeltrommel 230V | 3\u00d72,5mm\u00b2 | 25m oder 40m | IP44 H07RN-F"},"content":{"rendered":"<p class=\"\" data-start=\"823\" data-end=\"1105\">Die D'Orly 3\u00d72,5mm\u00b2 Neopren Kabeltrommel ist eine zuverl\u00e4ssige und langlebige Stromversorgung f\u00fcr intensive Anwendungen. Diese robuste Trommel ist mit einem extradicken H07RN-F Gummi-\/Neoprenkabel ausgestattet, das \u00f6l-, abrieb- und sto\u00dffest ist und auch rauen Bedingungen standh\u00e4lt.<\/p>\n<p class=\"\" data-start=\"1107\" data-end=\"1407\">Dank der Schutzart IP44 ist der Aufroller gegen Spritzwasser und Staub gesch\u00fctzt und eignet sich somit f\u00fcr den Einsatz auf Baustellen und in industriellen Umgebungen. Die festen Steckdosen drehen sich nicht, wenn sie aufgerollt sind, und verhindern so Verschlei\u00df und Abnutzung. Selbstschlie\u00dfende Klappen halten Schmutz und Feuchtigkeit fern.<\/p>\n<p class=\"\" data-start=\"1409\" data-end=\"1545\">Erh\u00e4ltlich in 25 oder 40 Metern Kabell\u00e4nge, sorgt diese Trommel f\u00fcr eine zuverl\u00e4ssige Stromversorgung an jedem professionellen Arbeitsplatz - im Innen- oder Au\u00dfenbereich.<\/p>\n<hr class=\"\" data-start=\"1547\" data-end=\"1550\" \/>\n<h3 class=\"\" data-start=\"1552\" data-end=\"1586\"><strong data-start=\"1556\" data-end=\"1584\">Wesentliche Merkmale:<\/strong><\/h3>\n<ul>\n<li data-start=\"1587\" data-end=\"2154\"><strong data-start=\"1590\" data-end=\"1631\">Extra-schweres Neoprenkabel (3\u00d72,5mm\u00b2)<\/strong> - Hitze-, \u00f6l- und abriebfest<\/li>\n<li data-start=\"1587\" data-end=\"2154\"><strong data-start=\"1671\" data-end=\"1694\">IP44 spritzwassergesch\u00fctzt<\/strong> - F\u00fcr den Au\u00dfeneinsatz geeignet<\/li>\n<li data-start=\"1587\" data-end=\"2154\"><strong data-start=\"1730\" data-end=\"1761\">4 feste Schuko-Steckdosen<\/strong> - Mit selbstschlie\u00dfenden Klappen gegen Schmutz und Feuchtigkeit<\/li>\n<li data-start=\"1587\" data-end=\"2154\"><strong data-start=\"1815\" data-end=\"1832\">Kabelf\u00fchrung<\/strong> - Sorgt f\u00fcr leichtes Aufrollen ohne Knicken<\/li>\n<li data-start=\"1587\" data-end=\"2154\"><strong data-start=\"1885\" data-end=\"1900\">Stellschraube<\/strong> - Zur Fixierung w\u00e4hrend des Transports oder der Verwendung<\/li>\n<li data-start=\"1587\" data-end=\"2154\"><strong data-start=\"1950\" data-end=\"1997\">Gro\u00dfer Temperaturbereich von -25\u00b0C bis +60\u00b0C<\/strong> - Flexibel unter allen Umst\u00e4nden<\/li>\n<li data-start=\"1587\" data-end=\"2154\"><strong data-start=\"2040\" data-end=\"2110\">Best\u00e4ndig gegen L\u00f6sungsmittel, Ozon, Wasser, Kraftstoffe und Abw\u00e4sser<\/strong><\/li>\n<li data-start=\"1587\" data-end=\"2154\"><strong data-start=\"2116\" data-end=\"2152\">Gepr\u00fcft nach GS\/CE-Normen<\/strong><\/li>\n<\/ul>\n<hr class=\"\" data-start=\"2156\" data-end=\"2159\" \/>\n<h3 class=\"\" data-start=\"2161\" data-end=\"2196\"><strong data-start=\"2165\" data-end=\"2194\">Technische Daten:<\/strong><\/h3>\n<ul>\n<li data-start=\"2199\" data-end=\"2240\"><strong data-start=\"2199\" data-end=\"2214\">Kabeltyp:<\/strong> H07RN-F Gummi\/Neopren<\/li>\n<li data-start=\"2199\" data-end=\"2240\"><strong data-start=\"2243\" data-end=\"2266\">Schutzklasse:<\/strong> IP44<\/li>\n<li data-start=\"2199\" data-end=\"2240\"><strong data-start=\"2276\" data-end=\"2305\">Nennspannung\/-strom:<\/strong> 250V \/ 16A<\/li>\n<li data-start=\"2199\" data-end=\"2240\"><strong data-start=\"2321\" data-end=\"2339\">Querschnitt einer Vene:<\/strong> 3\u00d72,5 mm\u00b2<\/li>\n<li data-start=\"2199\" data-end=\"2240\"><strong data-start=\"2354\" data-end=\"2378\">Anzahl der Steckdosen:<\/strong> 4 x Schuko<\/li>\n<li data-start=\"2199\" data-end=\"2240\"><strong data-start=\"2394\" data-end=\"2415\">Materialspule:<\/strong> Kunststoff<\/li>\n<li data-start=\"2199\" data-end=\"2240\"><strong data-start=\"2430\" data-end=\"2455\">Modelle mit Kabell\u00e4nge:<\/strong>\n<ul data-start=\"2460\" data-end=\"2517\">\n<li class=\"\" data-start=\"2460\" data-end=\"2487\">\n<p class=\"\" data-start=\"2462\" data-end=\"2487\"><strong data-start=\"2462\" data-end=\"2474\">CR32525N<\/strong> - 25 Meter<\/p>\n<\/li>\n<li class=\"\" data-start=\"2490\" data-end=\"2517\">\n<p class=\"\" data-start=\"2492\" data-end=\"2517\"><strong data-start=\"2492\" data-end=\"2504\">CR32540N<\/strong> - 40 Meter<\/p>\n<\/li>\n<\/ul>\n<\/li>\n<li class=\"\" data-start=\"2518\" data-end=\"2544\">\n<p class=\"\" data-start=\"2520\" data-end=\"2544\"><strong data-start=\"2520\" data-end=\"2536\">Farbe des Kabels:<\/strong> Schwarz<\/p>\n<\/li>\n<\/ul>\n<p class=\"\" data-start=\"2546\" data-end=\"2643\">\ud83d\udca1 Auch erh\u00e4ltlich in <strong data-start=\"2568\" data-end=\"2613\">3\u00d71,5mm\u00b2 Version (CR31525N &amp; CR31540N)<\/strong> f\u00fcr leichtere Anwendungen.<\/p>\n<hr class=\"\" data-start=\"2645\" data-end=\"2648\" \/>\n<h3 class=\"\" data-start=\"2650\" data-end=\"2686\"><strong data-start=\"2654\" data-end=\"2684\">Im Lieferumfang enthalten:<\/strong><\/h3>\n<ul>\n<li data-start=\"2689\" data-end=\"2740\">D'Orly 3\u00d72,5mm\u00b2 Neopren-Kabeltrommel - 25m oder 40m<\/li>\n<li data-start=\"2689\" data-end=\"2740\">Benutzerhandbuch<\/li>\n<\/ul>","protected":false},"excerpt":{"rendered":"<p>\u2705 <strong data-start=\"331\" data-end=\"375\">Hochbelastbares Kabel H07RN-F (3\u00d72,5mm\u00b2)<\/strong> - Besonders robust und widerstandsf\u00e4hig f\u00fcr intensive Nutzung<br data-start=\"430\" data-end=\"433\" \/>\u2705 <strong data-start=\"435\" data-end=\"455\">Schutzart IP44<\/strong> - Spritzwasser- und staubgesch\u00fctzt f\u00fcr den Innen- und Au\u00dfeneinsatz<br data-start=\"515\" data-end=\"518\" \/>\u2705 <strong data-start=\"520\" data-end=\"566\">Feste Steckdosen &amp; selbstschlie\u00dfende Klappen<\/strong> - Erh\u00f6hte Sicherheit und Komfort<br data-start=\"606\" data-end=\"609\" \/>\u2705 <strong data-start=\"611\" data-end=\"642\">Kabelf\u00fchrung und Stellschraube<\/strong> - Praktisch in der Anwendung und stabil beim Transport<br data-start=\"690\" data-end=\"693\" \/>\u2705 <strong data-start=\"695\" data-end=\"732\">Ideal f\u00fcr den professionellen Einsatz<\/strong> - Bauwesen, Industrie, Handwerk und Landwirtschaft<\/p>","protected":false},"featured_media":6940,"comment_status":"open","ping_status":"closed","template":"","meta":[],"product_brand":[625],"product_cat":[71,700,19,270],"product_tag":[],"class_list":{"0":"post-6941","1":"product","2":"type-product","3":"status-publish","4":"has-post-thumbnail","6":"product_brand-dorly","7":"product_cat-accessoires","8":"product_cat-kabelhaspel","9":"product_cat-overige","10":"product_cat-toebehoren-dorly-machine","12":"first","13":"instock","14":"shipping-taxable","15":"purchasable","16":"product-type-variable"},"ct_brands":[{"id":625,"name":"D'ORLY","slug":"dorly"}],"yoast_head":"<!-- This site is optimized with the Yoast SEO plugin v27.3 - https:\/\/yoast.com\/product\/yoast-seo-wordpress\/ -->\n<title>D\u2019Orly Neopreen Kabelhaspel 3\u00d72.5mm\u00b2 | 230V | IP44 | 25m\/40m - KEM Europe<\/title>\n<meta name=\"description\" content=\"D\u2019Orly kabelhaspel 3\u00d72.5mm\u00b2 met IP44 bescherming en vaste contactdozen. H07RN-F kabel van 25m of 40m voor professioneel gebruik in veeleisende omgevingen.\" \/>\n<meta name=\"robots\" content=\"index, follow, max-snippet:-1, max-image-preview:large, max-video-preview:-1\" \/>\n<link rel=\"canonical\" href=\"https:\/\/kem-europe.eu\/de\/produkt\/dorly-neopren-kabeltrommel-3x2-5mm2-ip44\/\" \/>\n<meta property=\"og:locale\" content=\"de_DE\" \/>\n<meta property=\"og:type\" content=\"article\" \/>\n<meta property=\"og:title\" content=\"D\u2019Orly Neopreen Kabelhaspel 3\u00d72.5mm\u00b2 | 230V | IP44 | 25m\/40m - KEM Europe\" \/>\n<meta property=\"og:description\" content=\"D\u2019Orly kabelhaspel 3\u00d72.5mm\u00b2 met IP44 bescherming en vaste contactdozen. H07RN-F kabel van 25m of 40m voor professioneel gebruik in veeleisende omgevingen.\" \/>\n<meta property=\"og:url\" content=\"https:\/\/kem-europe.eu\/de\/produkt\/dorly-neopren-kabeltrommel-3x2-5mm2-ip44\/\" \/>\n<meta property=\"og:site_name\" content=\"KEM Europe\" \/>\n<meta property=\"article:modified_time\" content=\"2025-07-02T11:08:29+00:00\" \/>\n<meta property=\"og:image\" content=\"https:\/\/kem-europe.eu\/wp-content\/uploads\/2025\/03\/overzichtCR32540N.jpg\" \/>\n\t<meta property=\"og:image:width\" content=\"700\" \/>\n\t<meta property=\"og:image:height\" content=\"700\" \/>\n\t<meta property=\"og:image:type\" content=\"image\/jpeg\" \/>\n<meta name=\"twitter:card\" content=\"summary_large_image\" \/>\n<meta name=\"twitter:label1\" content=\"Gesch\u00e4tzte Lesezeit\" \/>\n\t<meta name=\"twitter:data1\" content=\"2\u00a0Minuten\" \/>\n<script type=\"application\/ld+json\" class=\"yoast-schema-graph\">{\"@context\":\"https:\\\/\\\/schema.org\",\"@graph\":[{\"@type\":\"WebPage\",\"@id\":\"https:\\\/\\\/kem-europe.eu\\\/product\\\/dorly-neopreen-kabelhaspel-3x2-5mm2-ip44\\\/\",\"url\":\"https:\\\/\\\/kem-europe.eu\\\/product\\\/dorly-neopreen-kabelhaspel-3x2-5mm2-ip44\\\/\",\"name\":\"D\u2019Orly Neopreen Kabelhaspel 3\u00d72.5mm\u00b2 | 230V | IP44 | 25m\\\/40m - KEM Europe\",\"isPartOf\":{\"@id\":\"https:\\\/\\\/kem-europe.eu\\\/#website\"},\"primaryImageOfPage\":{\"@id\":\"https:\\\/\\\/kem-europe.eu\\\/product\\\/dorly-neopreen-kabelhaspel-3x2-5mm2-ip44\\\/#primaryimage\"},\"image\":{\"@id\":\"https:\\\/\\\/kem-europe.eu\\\/product\\\/dorly-neopreen-kabelhaspel-3x2-5mm2-ip44\\\/#primaryimage\"},\"thumbnailUrl\":\"https:\\\/\\\/kem-europe.eu\\\/wp-content\\\/uploads\\\/2025\\\/03\\\/overzichtCR32540N.jpg\",\"datePublished\":\"2025-03-27T11:12:57+00:00\",\"dateModified\":\"2025-07-02T11:08:29+00:00\",\"description\":\"D\u2019Orly kabelhaspel 3\u00d72.5mm\u00b2 met IP44 bescherming en vaste contactdozen. H07RN-F kabel van 25m of 40m voor professioneel gebruik in veeleisende omgevingen.\",\"breadcrumb\":{\"@id\":\"https:\\\/\\\/kem-europe.eu\\\/product\\\/dorly-neopreen-kabelhaspel-3x2-5mm2-ip44\\\/#breadcrumb\"},\"inLanguage\":\"de\",\"potentialAction\":[{\"@type\":\"ReadAction\",\"target\":[\"https:\\\/\\\/kem-europe.eu\\\/product\\\/dorly-neopreen-kabelhaspel-3x2-5mm2-ip44\\\/\"]}]},{\"@type\":\"ImageObject\",\"inLanguage\":\"de\",\"@id\":\"https:\\\/\\\/kem-europe.eu\\\/product\\\/dorly-neopreen-kabelhaspel-3x2-5mm2-ip44\\\/#primaryimage\",\"url\":\"https:\\\/\\\/kem-europe.eu\\\/wp-content\\\/uploads\\\/2025\\\/03\\\/overzichtCR32540N.jpg\",\"contentUrl\":\"https:\\\/\\\/kem-europe.eu\\\/wp-content\\\/uploads\\\/2025\\\/03\\\/overzichtCR32540N.jpg\",\"width\":700,\"height\":700,\"caption\":\"D\u2019Orly kabelhaspel 3\u00d72.5mm\u00b2 met neopreen H07RN-F kabel, IP44-bescherming en 4 Schuko stopcontacten \u2013 geschikt voor professioneel gebruik buiten en binnen.\"},{\"@type\":\"BreadcrumbList\",\"@id\":\"https:\\\/\\\/kem-europe.eu\\\/product\\\/dorly-neopreen-kabelhaspel-3x2-5mm2-ip44\\\/#breadcrumb\",\"itemListElement\":[{\"@type\":\"ListItem\",\"position\":1,\"name\":\"Home\",\"item\":\"https:\\\/\\\/kem-europe.eu\\\/\"},{\"@type\":\"ListItem\",\"position\":2,\"name\":\"Winkel\",\"item\":\"https:\\\/\\\/kem-europe.eu\\\/winkel\\\/\"},{\"@type\":\"ListItem\",\"position\":3,\"name\":\"D\u2019Orly Neopreen Kabelhaspel 230V | 3\u00d72.5mm\u00b2 | 25m of 40m | IP44 H07RN-F\"}]},{\"@type\":\"WebSite\",\"@id\":\"https:\\\/\\\/kem-europe.eu\\\/#website\",\"url\":\"https:\\\/\\\/kem-europe.eu\\\/\",\"name\":\"KEM Europe\",\"description\":\"\",\"publisher\":{\"@id\":\"https:\\\/\\\/kem-europe.eu\\\/#organization\"},\"potentialAction\":[{\"@type\":\"SearchAction\",\"target\":{\"@type\":\"EntryPoint\",\"urlTemplate\":\"https:\\\/\\\/kem-europe.eu\\\/?s={search_term_string}\"},\"query-input\":{\"@type\":\"PropertyValueSpecification\",\"valueRequired\":true,\"valueName\":\"search_term_string\"}}],\"inLanguage\":\"de\"},{\"@type\":\"Organization\",\"@id\":\"https:\\\/\\\/kem-europe.eu\\\/#organization\",\"name\":\"KEM Europe\",\"url\":\"https:\\\/\\\/kem-europe.eu\\\/\",\"logo\":{\"@type\":\"ImageObject\",\"inLanguage\":\"de\",\"@id\":\"https:\\\/\\\/kem-europe.eu\\\/#\\\/schema\\\/logo\\\/image\\\/\",\"url\":\"https:\\\/\\\/kem-europe.eu\\\/wp-content\\\/uploads\\\/2025\\\/02\\\/KEM2019-BLACK-1500W.png\",\"contentUrl\":\"https:\\\/\\\/kem-europe.eu\\\/wp-content\\\/uploads\\\/2025\\\/02\\\/KEM2019-BLACK-1500W.png\",\"width\":1500,\"height\":626,\"caption\":\"KEM Europe\"},\"image\":{\"@id\":\"https:\\\/\\\/kem-europe.eu\\\/#\\\/schema\\\/logo\\\/image\\\/\"}}]}<\/script>\n<!-- \/ Yoast SEO plugin. -->","yoast_head_json":{"title":"D'Orly Neopren Kabeltrommel 3\u00d72,5mm\u00b2 | 230V | IP44 | 25m\/40m - KEM Europe","description":"D'Orly Kabeltrommel 3\u00d72,5mm\u00b2 mit Schutzart IP44 und festen Steckdosen. H07RN-F Kabel von 25m oder 40m f\u00fcr den professionellen Einsatz in anspruchsvollen Umgebungen.","robots":{"index":"index","follow":"follow","max-snippet":"max-snippet:-1","max-image-preview":"max-image-preview:large","max-video-preview":"max-video-preview:-1"},"canonical":"https:\/\/kem-europe.eu\/de\/produkt\/dorly-neopren-kabeltrommel-3x2-5mm2-ip44\/","og_locale":"de_DE","og_type":"article","og_title":"D\u2019Orly Neopreen Kabelhaspel 3\u00d72.5mm\u00b2 | 230V | IP44 | 25m\/40m - KEM Europe","og_description":"D\u2019Orly kabelhaspel 3\u00d72.5mm\u00b2 met IP44 bescherming en vaste contactdozen. H07RN-F kabel van 25m of 40m voor professioneel gebruik in veeleisende omgevingen.","og_url":"https:\/\/kem-europe.eu\/de\/produkt\/dorly-neopren-kabeltrommel-3x2-5mm2-ip44\/","og_site_name":"KEM Europe","article_modified_time":"2025-07-02T11:08:29+00:00","og_image":[{"width":700,"height":700,"url":"https:\/\/kem-europe.eu\/wp-content\/uploads\/2025\/03\/overzichtCR32540N.jpg","type":"image\/jpeg"}],"twitter_card":"summary_large_image","twitter_misc":{"Gesch\u00e4tzte Lesezeit":"2\u00a0Minuten"},"schema":{"@context":"https:\/\/schema.org","@graph":[{"@type":"WebPage","@id":"https:\/\/kem-europe.eu\/product\/dorly-neopreen-kabelhaspel-3x2-5mm2-ip44\/","url":"https:\/\/kem-europe.eu\/product\/dorly-neopreen-kabelhaspel-3x2-5mm2-ip44\/","name":"D'Orly Neopren Kabeltrommel 3\u00d72,5mm\u00b2 | 230V | IP44 | 25m\/40m - KEM Europe","isPartOf":{"@id":"https:\/\/kem-europe.eu\/#website"},"primaryImageOfPage":{"@id":"https:\/\/kem-europe.eu\/product\/dorly-neopreen-kabelhaspel-3x2-5mm2-ip44\/#primaryimage"},"image":{"@id":"https:\/\/kem-europe.eu\/product\/dorly-neopreen-kabelhaspel-3x2-5mm2-ip44\/#primaryimage"},"thumbnailUrl":"https:\/\/kem-europe.eu\/wp-content\/uploads\/2025\/03\/overzichtCR32540N.jpg","datePublished":"2025-03-27T11:12:57+00:00","dateModified":"2025-07-02T11:08:29+00:00","description":"D'Orly Kabeltrommel 3\u00d72,5mm\u00b2 mit Schutzart IP44 und festen Steckdosen. H07RN-F Kabel von 25m oder 40m f\u00fcr den professionellen Einsatz in anspruchsvollen Umgebungen.","breadcrumb":{"@id":"https:\/\/kem-europe.eu\/product\/dorly-neopreen-kabelhaspel-3x2-5mm2-ip44\/#breadcrumb"},"inLanguage":"de","potentialAction":[{"@type":"ReadAction","target":["https:\/\/kem-europe.eu\/product\/dorly-neopreen-kabelhaspel-3x2-5mm2-ip44\/"]}]},{"@type":"ImageObject","inLanguage":"de","@id":"https:\/\/kem-europe.eu\/product\/dorly-neopreen-kabelhaspel-3x2-5mm2-ip44\/#primaryimage","url":"https:\/\/kem-europe.eu\/wp-content\/uploads\/2025\/03\/overzichtCR32540N.jpg","contentUrl":"https:\/\/kem-europe.eu\/wp-content\/uploads\/2025\/03\/overzichtCR32540N.jpg","width":700,"height":700,"caption":"D\u2019Orly kabelhaspel 3\u00d72.5mm\u00b2 met neopreen H07RN-F kabel, IP44-bescherming en 4 Schuko stopcontacten \u2013 geschikt voor professioneel gebruik buiten en binnen."},{"@type":"BreadcrumbList","@id":"https:\/\/kem-europe.eu\/product\/dorly-neopreen-kabelhaspel-3x2-5mm2-ip44\/#breadcrumb","itemListElement":[{"@type":"ListItem","position":1,"name":"Home","item":"https:\/\/kem-europe.eu\/"},{"@type":"ListItem","position":2,"name":"Winkel","item":"https:\/\/kem-europe.eu\/winkel\/"},{"@type":"ListItem","position":3,"name":"D\u2019Orly Neopreen Kabelhaspel 230V | 3\u00d72.5mm\u00b2 | 25m of 40m | IP44 H07RN-F"}]},{"@type":"WebSite","@id":"https:\/\/kem-europe.eu\/#website","url":"https:\/\/kem-europe.eu\/","name":"KEM Europe","description":"","publisher":{"@id":"https:\/\/kem-europe.eu\/#organization"},"potentialAction":[{"@type":"SearchAction","target":{"@type":"EntryPoint","urlTemplate":"https:\/\/kem-europe.eu\/?s={search_term_string}"},"query-input":{"@type":"PropertyValueSpecification","valueRequired":true,"valueName":"search_term_string"}}],"inLanguage":"de"},{"@type":"Organization","@id":"https:\/\/kem-europe.eu\/#organization","name":"KEM Europe","url":"https:\/\/kem-europe.eu\/","logo":{"@type":"ImageObject","inLanguage":"de","@id":"https:\/\/kem-europe.eu\/#\/schema\/logo\/image\/","url":"https:\/\/kem-europe.eu\/wp-content\/uploads\/2025\/02\/KEM2019-BLACK-1500W.png","contentUrl":"https:\/\/kem-europe.eu\/wp-content\/uploads\/2025\/02\/KEM2019-BLACK-1500W.png","width":1500,"height":626,"caption":"KEM Europe"},"image":{"@id":"https:\/\/kem-europe.eu\/#\/schema\/logo\/image\/"}}]}},"_links":{"self":[{"href":"https:\/\/kem-europe.eu\/de\/wp-json\/wp\/v2\/product\/6941","targetHints":{"allow":["GET"]}}],"collection":[{"href":"https:\/\/kem-europe.eu\/de\/wp-json\/wp\/v2\/product"}],"about":[{"href":"https:\/\/kem-europe.eu\/de\/wp-json\/wp\/v2\/types\/product"}],"replies":[{"embeddable":true,"href":"https:\/\/kem-europe.eu\/de\/wp-json\/wp\/v2\/comments?post=6941"}],"wp:featuredmedia":[{"embeddable":true,"href":"https:\/\/kem-europe.eu\/de\/wp-json\/wp\/v2\/media\/6940"}],"wp:attachment":[{"href":"https:\/\/kem-europe.eu\/de\/wp-json\/wp\/v2\/media?parent=6941"}],"wp:term":[{"taxonomy":"product_brand","embeddable":true,"href":"https:\/\/kem-europe.eu\/de\/wp-json\/wp\/v2\/product_brand?post=6941"},{"taxonomy":"product_cat","embeddable":true,"href":"https:\/\/kem-europe.eu\/de\/wp-json\/wp\/v2\/product_cat?post=6941"},{"taxonomy":"product_tag","embeddable":true,"href":"https:\/\/kem-europe.eu\/de\/wp-json\/wp\/v2\/product_tag?post=6941"}],"curies":[{"name":"wp","href":"https:\/\/api.w.org\/{rel}","templated":true}]}}