{"id":696,"date":"2025-02-27T08:12:52","date_gmt":"2025-02-27T08:12:52","guid":{"rendered":"https:\/\/kem-europe.eu\/?post_type=product&#038;p=696"},"modified":"2025-06-06T07:28:04","modified_gmt":"2025-06-06T07:28:04","slug":"keyang-iw20blh-315-schlagschrauber-315nm-body","status":"publish","type":"product","link":"https:\/\/kem-europe.eu\/de\/product\/keyang-iw20blh-315-accu-slagmoersleutel-315nm-18v-20v-max-body\/","title":{"rendered":"Keyang IW20BLH-315 Akku-Schlagschrauber 315Nm - 18V (20V MAX) - BODY"},"content":{"rendered":"<p><strong>Eigenschaften Keyang IW20BLH-315 Akku-Schlagschrauber 315Nm - 18V (20V MAX) - BODY<\/strong><\/p>\n<p>Der IW18BLA hat einen gro\u00dfen Bruder, den IW20BLH-315. Dieser neue Akku-Schlagschrauber ist sehr kompakt, so dass er auch in engen R\u00e4umen problemlos arbeiten kann. Diese Maschine bietet auch mehr Leistung. Dieses neue Unget\u00fcm von einem Ger\u00e4t hat 315 Nm! Das ist viel mehr als die 210 Nm seines Vorg\u00e4ngers.<\/p>\n<p>Der IW20BLH-315 verf\u00fcgt \u00fcber einen Griff mit Diamantmuster. Die Haltbarkeit der Maschine wurde durch eine bessere Kontrolle der W\u00e4rmeentwicklung optimiert. Dar\u00fcber hinaus wurde das Wackeln der Anbauger\u00e4te durch die robuste Konstruktion minimiert. Dies gew\u00e4hrleistet eine l\u00e4ngere Lebensdauer der Maschine. Die Geschwindigkeit l\u00e4sst sich mit dem High-Sensitive\"-Schalter optimal einstellen und die Maschine ist mit einer neuen, lichtstarken LED-Beleuchtung ausgestattet.<\/p>\n<p>Schlie\u00dflich ist die Maschine mit einem \"Spezial\"-System ausgestattet, mit dem Sie die richtige Leistung und Geschwindigkeit je nach Art des Materials einstellen k\u00f6nnen. Durch die Zusammenstellung und Einstellung des Drehmoments und der Motordrehzahl ist die Maschine ideal f\u00fcr viele verschiedene Bedingungen.<\/p>\n<p><img decoding=\"async\" class=\"aligncenter\" src=\"https:\/\/bjctools.nl\/wp-content\/uploads\/2022\/09\/IW20BLH-315-BODY-NL-1.png\" alt=\"IW20BLH-315 K\u00d6RPER DE\" \/><\/p>","protected":false},"excerpt":{"rendered":"<p><span style=\"font-size: 24px;\"><em>Hoge prestaties, compact en krachtig<\/em><\/span><\/p>\n<table>\n<tbody>\n<tr>\n<td class=\"echotable\">Dubbele isolatie<\/td>\n<td class=\"echotable\">Toerentalregeling<\/td>\n<\/tr>\n<tr>\n<td class=\"echotable\">Omgekeerde rotatie<\/td>\n<td class=\"echotable\">Hoge RPM<\/td>\n<\/tr>\n<\/tbody>\n<tbody>\n<tr>\n<td class=\"echotable\">Lage RPM<\/td>\n<td class=\"echotable\">Kunststof koffer<\/td>\n<\/tr>\n<tr>\n<td class=\"echotable\">BLDC-Motor<\/td>\n<td class=\"echotable\"><\/td>\n<\/tr>\n<\/tbody>\n<\/table>\n<p>&nbsp;<\/p>\n[embed]https:\/\/www.youtube.com\/embed\/8RvaTA_3Uwg[\/embed]\n<p>&nbsp;<\/p>\n<p><strong>Leveringsomvang<\/strong><\/p>\n<ul>\n<li>Keyang IW20BLH-315 Accu Slagmoersleutel 315Nm \u2013 18V (20V MAX) \u2013 BODY<\/li>\n<li>Geleverd in doos<\/li>\n<\/ul>\n","protected":false},"featured_media":819,"comment_status":"closed","ping_status":"closed","template":"","meta":[],"product_brand":[624],"product_cat":[66],"product_tag":[],"class_list":{"0":"post-696","1":"product","2":"type-product","3":"status-publish","4":"has-post-thumbnail","6":"product_brand-keyang","7":"product_cat-accu-slagmoersleutel","9":"first","10":"instock","11":"shipping-taxable","12":"product-type-simple"},"ct_brands":[{"id":624,"name":"KEYANG","slug":"keyang"}],"yoast_head":"<!-- This site is optimized with the Yoast SEO plugin v27.3 - https:\/\/yoast.com\/product\/yoast-seo-wordpress\/ -->\n<title>Keyang IW20BLH-315 Accu Slagmoersleutel 20V l KEM-EUROPE<\/title>\n<meta name=\"description\" content=\"Keyang IW20BLH-315 Accu Slagmoersleutel - Gemakkelijk werken, zelfs in smalle en beperkte ruimtes met de gereduceerde lengte van 16mm! Koppel van 315 Nm!\" \/>\n<meta name=\"robots\" content=\"index, follow, max-snippet:-1, max-image-preview:large, max-video-preview:-1\" \/>\n<link rel=\"canonical\" href=\"https:\/\/kem-europe.eu\/de\/produkt\/keyang-iw20blh-315-schlagschrauber-315nm-body\/\" \/>\n<meta property=\"og:locale\" content=\"de_DE\" \/>\n<meta property=\"og:type\" content=\"article\" \/>\n<meta property=\"og:title\" content=\"Keyang IW20BLH-315 Accu Slagmoersleutel 20V l KEM-EUROPE\" \/>\n<meta property=\"og:description\" content=\"Keyang IW20BLH-315 Accu Slagmoersleutel - Gemakkelijk werken, zelfs in smalle en beperkte ruimtes met de gereduceerde lengte van 16mm! Koppel van 315 Nm!\" \/>\n<meta property=\"og:url\" content=\"https:\/\/kem-europe.eu\/de\/produkt\/keyang-iw20blh-315-schlagschrauber-315nm-body\/\" \/>\n<meta property=\"og:site_name\" content=\"KEM Europe\" \/>\n<meta property=\"article:modified_time\" content=\"2025-06-06T07:28:04+00:00\" \/>\n<meta property=\"og:image\" content=\"https:\/\/kem-europe.eu\/wp-content\/uploads\/2025\/02\/ID20BLH315-BODY-01-1.jpg\" \/>\n\t<meta property=\"og:image:width\" content=\"2000\" \/>\n\t<meta property=\"og:image:height\" content=\"2000\" \/>\n\t<meta property=\"og:image:type\" content=\"image\/jpeg\" \/>\n<meta name=\"twitter:card\" content=\"summary_large_image\" \/>\n<meta name=\"twitter:label1\" content=\"Gesch\u00e4tzte Lesezeit\" \/>\n\t<meta name=\"twitter:data1\" content=\"2\u00a0Minuten\" \/>\n<script type=\"application\/ld+json\" class=\"yoast-schema-graph\">{\"@context\":\"https:\\\/\\\/schema.org\",\"@graph\":[{\"@type\":\"WebPage\",\"@id\":\"https:\\\/\\\/kem-europe.eu\\\/product\\\/keyang-iw20blh-315-accu-slagmoersleutel-315nm-18v-20v-max-body\\\/\",\"url\":\"https:\\\/\\\/kem-europe.eu\\\/product\\\/keyang-iw20blh-315-accu-slagmoersleutel-315nm-18v-20v-max-body\\\/\",\"name\":\"Keyang IW20BLH-315 Accu Slagmoersleutel 20V l KEM-EUROPE\",\"isPartOf\":{\"@id\":\"https:\\\/\\\/kem-europe.eu\\\/#website\"},\"primaryImageOfPage\":{\"@id\":\"https:\\\/\\\/kem-europe.eu\\\/product\\\/keyang-iw20blh-315-accu-slagmoersleutel-315nm-18v-20v-max-body\\\/#primaryimage\"},\"image\":{\"@id\":\"https:\\\/\\\/kem-europe.eu\\\/product\\\/keyang-iw20blh-315-accu-slagmoersleutel-315nm-18v-20v-max-body\\\/#primaryimage\"},\"thumbnailUrl\":\"https:\\\/\\\/kem-europe.eu\\\/wp-content\\\/uploads\\\/2025\\\/02\\\/ID20BLH315-BODY-01-1.jpg\",\"datePublished\":\"2025-02-27T08:12:52+00:00\",\"dateModified\":\"2025-06-06T07:28:04+00:00\",\"description\":\"Keyang IW20BLH-315 Accu Slagmoersleutel - Gemakkelijk werken, zelfs in smalle en beperkte ruimtes met de gereduceerde lengte van 16mm! Koppel van 315 Nm!\",\"breadcrumb\":{\"@id\":\"https:\\\/\\\/kem-europe.eu\\\/product\\\/keyang-iw20blh-315-accu-slagmoersleutel-315nm-18v-20v-max-body\\\/#breadcrumb\"},\"inLanguage\":\"de\",\"potentialAction\":[{\"@type\":\"ReadAction\",\"target\":[\"https:\\\/\\\/kem-europe.eu\\\/product\\\/keyang-iw20blh-315-accu-slagmoersleutel-315nm-18v-20v-max-body\\\/\"]}]},{\"@type\":\"ImageObject\",\"inLanguage\":\"de\",\"@id\":\"https:\\\/\\\/kem-europe.eu\\\/product\\\/keyang-iw20blh-315-accu-slagmoersleutel-315nm-18v-20v-max-body\\\/#primaryimage\",\"url\":\"https:\\\/\\\/kem-europe.eu\\\/wp-content\\\/uploads\\\/2025\\\/02\\\/ID20BLH315-BODY-01-1.jpg\",\"contentUrl\":\"https:\\\/\\\/kem-europe.eu\\\/wp-content\\\/uploads\\\/2025\\\/02\\\/ID20BLH315-BODY-01-1.jpg\",\"width\":2000,\"height\":2000},{\"@type\":\"BreadcrumbList\",\"@id\":\"https:\\\/\\\/kem-europe.eu\\\/product\\\/keyang-iw20blh-315-accu-slagmoersleutel-315nm-18v-20v-max-body\\\/#breadcrumb\",\"itemListElement\":[{\"@type\":\"ListItem\",\"position\":1,\"name\":\"Home\",\"item\":\"https:\\\/\\\/kem-europe.eu\\\/\"},{\"@type\":\"ListItem\",\"position\":2,\"name\":\"Winkel\",\"item\":\"https:\\\/\\\/kem-europe.eu\\\/winkel\\\/\"},{\"@type\":\"ListItem\",\"position\":3,\"name\":\"Keyang IW20BLH-315 Accu Slagmoersleutel 315Nm &#8211; 18V (20V MAX) \u2013 BODY\"}]},{\"@type\":\"WebSite\",\"@id\":\"https:\\\/\\\/kem-europe.eu\\\/#website\",\"url\":\"https:\\\/\\\/kem-europe.eu\\\/\",\"name\":\"KEM Europe\",\"description\":\"\",\"publisher\":{\"@id\":\"https:\\\/\\\/kem-europe.eu\\\/#organization\"},\"potentialAction\":[{\"@type\":\"SearchAction\",\"target\":{\"@type\":\"EntryPoint\",\"urlTemplate\":\"https:\\\/\\\/kem-europe.eu\\\/?s={search_term_string}\"},\"query-input\":{\"@type\":\"PropertyValueSpecification\",\"valueRequired\":true,\"valueName\":\"search_term_string\"}}],\"inLanguage\":\"de\"},{\"@type\":\"Organization\",\"@id\":\"https:\\\/\\\/kem-europe.eu\\\/#organization\",\"name\":\"KEM Europe\",\"url\":\"https:\\\/\\\/kem-europe.eu\\\/\",\"logo\":{\"@type\":\"ImageObject\",\"inLanguage\":\"de\",\"@id\":\"https:\\\/\\\/kem-europe.eu\\\/#\\\/schema\\\/logo\\\/image\\\/\",\"url\":\"https:\\\/\\\/kem-europe.eu\\\/wp-content\\\/uploads\\\/2025\\\/02\\\/KEM2019-BLACK-1500W.png\",\"contentUrl\":\"https:\\\/\\\/kem-europe.eu\\\/wp-content\\\/uploads\\\/2025\\\/02\\\/KEM2019-BLACK-1500W.png\",\"width\":1500,\"height\":626,\"caption\":\"KEM Europe\"},\"image\":{\"@id\":\"https:\\\/\\\/kem-europe.eu\\\/#\\\/schema\\\/logo\\\/image\\\/\"}}]}<\/script>\n<!-- \/ Yoast SEO plugin. -->","yoast_head_json":{"title":"Keyang IW20BLH-315 Akku-Schlagschrauber 20V l KEM-EUROPE","description":"Keyang IW20BLH-315 Akku-Schlagschrauber - Einfaches Arbeiten auch in engen und begrenzten R\u00e4umen mit der reduzierten L\u00e4nge von 16mm! Drehmoment von 315 Nm!","robots":{"index":"index","follow":"follow","max-snippet":"max-snippet:-1","max-image-preview":"max-image-preview:large","max-video-preview":"max-video-preview:-1"},"canonical":"https:\/\/kem-europe.eu\/de\/produkt\/keyang-iw20blh-315-schlagschrauber-315nm-body\/","og_locale":"de_DE","og_type":"article","og_title":"Keyang IW20BLH-315 Accu Slagmoersleutel 20V l KEM-EUROPE","og_description":"Keyang IW20BLH-315 Accu Slagmoersleutel - Gemakkelijk werken, zelfs in smalle en beperkte ruimtes met de gereduceerde lengte van 16mm! Koppel van 315 Nm!","og_url":"https:\/\/kem-europe.eu\/de\/produkt\/keyang-iw20blh-315-schlagschrauber-315nm-body\/","og_site_name":"KEM Europe","article_modified_time":"2025-06-06T07:28:04+00:00","og_image":[{"width":2000,"height":2000,"url":"https:\/\/kem-europe.eu\/wp-content\/uploads\/2025\/02\/ID20BLH315-BODY-01-1.jpg","type":"image\/jpeg"}],"twitter_card":"summary_large_image","twitter_misc":{"Gesch\u00e4tzte Lesezeit":"2\u00a0Minuten"},"schema":{"@context":"https:\/\/schema.org","@graph":[{"@type":"WebPage","@id":"https:\/\/kem-europe.eu\/product\/keyang-iw20blh-315-accu-slagmoersleutel-315nm-18v-20v-max-body\/","url":"https:\/\/kem-europe.eu\/product\/keyang-iw20blh-315-accu-slagmoersleutel-315nm-18v-20v-max-body\/","name":"Keyang IW20BLH-315 Akku-Schlagschrauber 20V l KEM-EUROPE","isPartOf":{"@id":"https:\/\/kem-europe.eu\/#website"},"primaryImageOfPage":{"@id":"https:\/\/kem-europe.eu\/product\/keyang-iw20blh-315-accu-slagmoersleutel-315nm-18v-20v-max-body\/#primaryimage"},"image":{"@id":"https:\/\/kem-europe.eu\/product\/keyang-iw20blh-315-accu-slagmoersleutel-315nm-18v-20v-max-body\/#primaryimage"},"thumbnailUrl":"https:\/\/kem-europe.eu\/wp-content\/uploads\/2025\/02\/ID20BLH315-BODY-01-1.jpg","datePublished":"2025-02-27T08:12:52+00:00","dateModified":"2025-06-06T07:28:04+00:00","description":"Keyang IW20BLH-315 Akku-Schlagschrauber - Einfaches Arbeiten auch in engen und begrenzten R\u00e4umen mit der reduzierten L\u00e4nge von 16mm! Drehmoment von 315 Nm!","breadcrumb":{"@id":"https:\/\/kem-europe.eu\/product\/keyang-iw20blh-315-accu-slagmoersleutel-315nm-18v-20v-max-body\/#breadcrumb"},"inLanguage":"de","potentialAction":[{"@type":"ReadAction","target":["https:\/\/kem-europe.eu\/product\/keyang-iw20blh-315-accu-slagmoersleutel-315nm-18v-20v-max-body\/"]}]},{"@type":"ImageObject","inLanguage":"de","@id":"https:\/\/kem-europe.eu\/product\/keyang-iw20blh-315-accu-slagmoersleutel-315nm-18v-20v-max-body\/#primaryimage","url":"https:\/\/kem-europe.eu\/wp-content\/uploads\/2025\/02\/ID20BLH315-BODY-01-1.jpg","contentUrl":"https:\/\/kem-europe.eu\/wp-content\/uploads\/2025\/02\/ID20BLH315-BODY-01-1.jpg","width":2000,"height":2000},{"@type":"BreadcrumbList","@id":"https:\/\/kem-europe.eu\/product\/keyang-iw20blh-315-accu-slagmoersleutel-315nm-18v-20v-max-body\/#breadcrumb","itemListElement":[{"@type":"ListItem","position":1,"name":"Home","item":"https:\/\/kem-europe.eu\/"},{"@type":"ListItem","position":2,"name":"Winkel","item":"https:\/\/kem-europe.eu\/winkel\/"},{"@type":"ListItem","position":3,"name":"Keyang IW20BLH-315 Accu Slagmoersleutel 315Nm &#8211; 18V (20V MAX) \u2013 BODY"}]},{"@type":"WebSite","@id":"https:\/\/kem-europe.eu\/#website","url":"https:\/\/kem-europe.eu\/","name":"KEM Europe","description":"","publisher":{"@id":"https:\/\/kem-europe.eu\/#organization"},"potentialAction":[{"@type":"SearchAction","target":{"@type":"EntryPoint","urlTemplate":"https:\/\/kem-europe.eu\/?s={search_term_string}"},"query-input":{"@type":"PropertyValueSpecification","valueRequired":true,"valueName":"search_term_string"}}],"inLanguage":"de"},{"@type":"Organization","@id":"https:\/\/kem-europe.eu\/#organization","name":"KEM Europe","url":"https:\/\/kem-europe.eu\/","logo":{"@type":"ImageObject","inLanguage":"de","@id":"https:\/\/kem-europe.eu\/#\/schema\/logo\/image\/","url":"https:\/\/kem-europe.eu\/wp-content\/uploads\/2025\/02\/KEM2019-BLACK-1500W.png","contentUrl":"https:\/\/kem-europe.eu\/wp-content\/uploads\/2025\/02\/KEM2019-BLACK-1500W.png","width":1500,"height":626,"caption":"KEM Europe"},"image":{"@id":"https:\/\/kem-europe.eu\/#\/schema\/logo\/image\/"}}]}},"_links":{"self":[{"href":"https:\/\/kem-europe.eu\/de\/wp-json\/wp\/v2\/product\/696","targetHints":{"allow":["GET"]}}],"collection":[{"href":"https:\/\/kem-europe.eu\/de\/wp-json\/wp\/v2\/product"}],"about":[{"href":"https:\/\/kem-europe.eu\/de\/wp-json\/wp\/v2\/types\/product"}],"replies":[{"embeddable":true,"href":"https:\/\/kem-europe.eu\/de\/wp-json\/wp\/v2\/comments?post=696"}],"wp:featuredmedia":[{"embeddable":true,"href":"https:\/\/kem-europe.eu\/de\/wp-json\/wp\/v2\/media\/819"}],"wp:attachment":[{"href":"https:\/\/kem-europe.eu\/de\/wp-json\/wp\/v2\/media?parent=696"}],"wp:term":[{"taxonomy":"product_brand","embeddable":true,"href":"https:\/\/kem-europe.eu\/de\/wp-json\/wp\/v2\/product_brand?post=696"},{"taxonomy":"product_cat","embeddable":true,"href":"https:\/\/kem-europe.eu\/de\/wp-json\/wp\/v2\/product_cat?post=696"},{"taxonomy":"product_tag","embeddable":true,"href":"https:\/\/kem-europe.eu\/de\/wp-json\/wp\/v2\/product_tag?post=696"}],"curies":[{"name":"wp","href":"https:\/\/api.w.org\/{rel}","templated":true}]}}