{"id":697,"date":"2025-02-27T08:12:53","date_gmt":"2025-02-27T08:12:53","guid":{"rendered":"https:\/\/kem-europe.eu\/?post_type=product&#038;p=697"},"modified":"2025-06-06T07:11:58","modified_gmt":"2025-06-06T07:11:58","slug":"keyang-hd20blh-24t-akku-kombihammer-sds-plus-18v-2x5-0ah","status":"publish","type":"product","link":"https:\/\/kem-europe.eu\/de\/product\/keyang-hd20blh-24t-accu-combihamer-sds-plus-18v-20v-max-2x5-0ah\/","title":{"rendered":"Keyang HD20BLH-24T Accu-Kombihammer - SDS-Plus - 18V (20V MAX) - 2\u00d75.0Ah"},"content":{"rendered":"<p><strong>Eigenschaften Keyang HD20BLH-24T Akku-Kombihammer - SDS-Plus - 18V (20V MAX) - 2\u00d75.0Ah<\/strong><\/p>\n<p>Der Accu-Kombihammer HD20BLH-24T, der kompakteste und leichteste in seiner Klasse. Befreien Sie sich von den Zw\u00e4ngen des Arbeitsraums und des Maschinengewichts! Noch langlebiger als sein Vorg\u00e4nger HD18BL und optimierte Schlagkraft.<\/p>\n<p>Im Vergleich zu seinem Vorg\u00e4ngermodell HD18BL ist der HD20BLH mit einem Vibrationsd\u00e4mpfer ausgestattet, der die Vibrationen w\u00e4hrend der Arbeit minimiert. Nat\u00fcrlich kann man damit auch bohren, h\u00e4mmern und mei\u00dfeln. Der Flachmei\u00dfel ist leicht zu arretieren. Die Maschine liegt dank des f\u00fcr Keyang bekannten Diamantgriffs gut in der Hand. Dar\u00fcber hinaus verf\u00fcgt die Maschine \u00fcber ein lichtstarkes LED-Licht.<\/p>\n<p>Mit dem HD20BLH bohren Sie m\u00fchelos bis zu 24 mm in Beton, 13 mm in Stahl und 26 mm in Holz. Der Akku-Kombihammer verf\u00fcgt, wie alle anderen neuen 20V MAX-Akku-Maschinen, \u00fcber einen effizienten 1.000W BLDC-Motor.<\/p>\n<p>&nbsp;<\/p>\n<p><img decoding=\"async\" class=\"aligncenter\" src=\"https:\/\/www.keyangtools.com\/wp-content\/uploads\/2022\/08\/HD20BLH-24T_details-NL.png\" \/><\/p>","protected":false},"excerpt":{"rendered":"<p><strong>Umfang der Lieferung<\/strong><\/p>\n<ul>\n<li>Keyang HD20BLH-24T Accu-Kombihammer - SDS-Plus - 18V (20V MAX)<\/li>\n<li>1 x Handgriff<\/li>\n<li>2 x Batterie<\/li>\n<li>1 x Schnellladeger\u00e4t<\/li>\n<li>Geliefert im Koffer<\/li>\n<\/ul>","protected":false},"featured_media":822,"comment_status":"closed","ping_status":"closed","template":"","meta":[],"product_brand":[624],"product_cat":[58,54],"product_tag":[],"class_list":{"0":"post-697","1":"product","2":"type-product","3":"status-publish","4":"has-post-thumbnail","6":"product_brand-keyang","7":"product_cat-accu-combihamer","8":"product_cat-accu-machines","10":"first","11":"instock","12":"shipping-taxable","13":"product-type-simple"},"ct_brands":[{"id":624,"name":"KEYANG","slug":"keyang"}],"yoast_head":"<!-- This site is optimized with the Yoast SEO plugin v27.3 - https:\/\/yoast.com\/product\/yoast-seo-wordpress\/ -->\n<title>Accu Combihamer Keyang HD20BLH-24T 18V l KEM-EUROPE<\/title>\n<meta name=\"description\" content=\"Accu Combihamer Keyang HD20BLH-24T - De Accu Combihamer is, net als alle andere nieuwe 20V MAX accu machines, voorzien van een effici\u00ebnte 1.000W BLDC-motor.\" \/>\n<meta name=\"robots\" content=\"index, follow, max-snippet:-1, max-image-preview:large, max-video-preview:-1\" \/>\n<link rel=\"canonical\" href=\"https:\/\/kem-europe.eu\/de\/produkt\/keyang-hd20blh-24t-akku-kombihammer-sds-plus-18v-2x5-0ah\/\" \/>\n<meta property=\"og:locale\" content=\"de_DE\" \/>\n<meta property=\"og:type\" content=\"article\" \/>\n<meta property=\"og:title\" content=\"Accu Combihamer Keyang HD20BLH-24T 18V l KEM-EUROPE\" \/>\n<meta property=\"og:description\" content=\"Accu Combihamer Keyang HD20BLH-24T - De Accu Combihamer is, net als alle andere nieuwe 20V MAX accu machines, voorzien van een effici\u00ebnte 1.000W BLDC-motor.\" \/>\n<meta property=\"og:url\" content=\"https:\/\/kem-europe.eu\/de\/produkt\/keyang-hd20blh-24t-akku-kombihammer-sds-plus-18v-2x5-0ah\/\" \/>\n<meta property=\"og:site_name\" content=\"KEM Europe\" \/>\n<meta property=\"article:modified_time\" content=\"2025-06-06T07:11:58+00:00\" \/>\n<meta property=\"og:image\" content=\"https:\/\/kem-europe.eu\/wp-content\/uploads\/2025\/02\/HD20BLH-24T_02-1.jpg\" \/>\n\t<meta property=\"og:image:width\" content=\"480\" \/>\n\t<meta property=\"og:image:height\" content=\"480\" \/>\n\t<meta property=\"og:image:type\" content=\"image\/jpeg\" \/>\n<meta name=\"twitter:card\" content=\"summary_large_image\" \/>\n<meta name=\"twitter:label1\" content=\"Gesch\u00e4tzte Lesezeit\" \/>\n\t<meta name=\"twitter:data1\" content=\"2\u00a0Minuten\" \/>\n<script type=\"application\/ld+json\" class=\"yoast-schema-graph\">{\"@context\":\"https:\\\/\\\/schema.org\",\"@graph\":[{\"@type\":\"WebPage\",\"@id\":\"https:\\\/\\\/kem-europe.eu\\\/product\\\/keyang-hd20blh-24t-accu-combihamer-sds-plus-18v-20v-max-2x5-0ah\\\/\",\"url\":\"https:\\\/\\\/kem-europe.eu\\\/product\\\/keyang-hd20blh-24t-accu-combihamer-sds-plus-18v-20v-max-2x5-0ah\\\/\",\"name\":\"Accu Combihamer Keyang HD20BLH-24T 18V l KEM-EUROPE\",\"isPartOf\":{\"@id\":\"https:\\\/\\\/kem-europe.eu\\\/#website\"},\"primaryImageOfPage\":{\"@id\":\"https:\\\/\\\/kem-europe.eu\\\/product\\\/keyang-hd20blh-24t-accu-combihamer-sds-plus-18v-20v-max-2x5-0ah\\\/#primaryimage\"},\"image\":{\"@id\":\"https:\\\/\\\/kem-europe.eu\\\/product\\\/keyang-hd20blh-24t-accu-combihamer-sds-plus-18v-20v-max-2x5-0ah\\\/#primaryimage\"},\"thumbnailUrl\":\"https:\\\/\\\/kem-europe.eu\\\/wp-content\\\/uploads\\\/2025\\\/02\\\/HD20BLH-24T_02-1.jpg\",\"datePublished\":\"2025-02-27T08:12:53+00:00\",\"dateModified\":\"2025-06-06T07:11:58+00:00\",\"description\":\"Accu Combihamer Keyang HD20BLH-24T - De Accu Combihamer is, net als alle andere nieuwe 20V MAX accu machines, voorzien van een effici\u00ebnte 1.000W BLDC-motor.\",\"breadcrumb\":{\"@id\":\"https:\\\/\\\/kem-europe.eu\\\/product\\\/keyang-hd20blh-24t-accu-combihamer-sds-plus-18v-20v-max-2x5-0ah\\\/#breadcrumb\"},\"inLanguage\":\"de\",\"potentialAction\":[{\"@type\":\"ReadAction\",\"target\":[\"https:\\\/\\\/kem-europe.eu\\\/product\\\/keyang-hd20blh-24t-accu-combihamer-sds-plus-18v-20v-max-2x5-0ah\\\/\"]}]},{\"@type\":\"ImageObject\",\"inLanguage\":\"de\",\"@id\":\"https:\\\/\\\/kem-europe.eu\\\/product\\\/keyang-hd20blh-24t-accu-combihamer-sds-plus-18v-20v-max-2x5-0ah\\\/#primaryimage\",\"url\":\"https:\\\/\\\/kem-europe.eu\\\/wp-content\\\/uploads\\\/2025\\\/02\\\/HD20BLH-24T_02-1.jpg\",\"contentUrl\":\"https:\\\/\\\/kem-europe.eu\\\/wp-content\\\/uploads\\\/2025\\\/02\\\/HD20BLH-24T_02-1.jpg\",\"width\":480,\"height\":480},{\"@type\":\"BreadcrumbList\",\"@id\":\"https:\\\/\\\/kem-europe.eu\\\/product\\\/keyang-hd20blh-24t-accu-combihamer-sds-plus-18v-20v-max-2x5-0ah\\\/#breadcrumb\",\"itemListElement\":[{\"@type\":\"ListItem\",\"position\":1,\"name\":\"Home\",\"item\":\"https:\\\/\\\/kem-europe.eu\\\/\"},{\"@type\":\"ListItem\",\"position\":2,\"name\":\"Winkel\",\"item\":\"https:\\\/\\\/kem-europe.eu\\\/winkel\\\/\"},{\"@type\":\"ListItem\",\"position\":3,\"name\":\"Keyang HD20BLH-24T Accu Combihamer \u2013 SDS-Plus \u2013 18V (20V MAX) \u2013 2&#215;5.0Ah\"}]},{\"@type\":\"WebSite\",\"@id\":\"https:\\\/\\\/kem-europe.eu\\\/#website\",\"url\":\"https:\\\/\\\/kem-europe.eu\\\/\",\"name\":\"KEM Europe\",\"description\":\"\",\"publisher\":{\"@id\":\"https:\\\/\\\/kem-europe.eu\\\/#organization\"},\"potentialAction\":[{\"@type\":\"SearchAction\",\"target\":{\"@type\":\"EntryPoint\",\"urlTemplate\":\"https:\\\/\\\/kem-europe.eu\\\/?s={search_term_string}\"},\"query-input\":{\"@type\":\"PropertyValueSpecification\",\"valueRequired\":true,\"valueName\":\"search_term_string\"}}],\"inLanguage\":\"de\"},{\"@type\":\"Organization\",\"@id\":\"https:\\\/\\\/kem-europe.eu\\\/#organization\",\"name\":\"KEM Europe\",\"url\":\"https:\\\/\\\/kem-europe.eu\\\/\",\"logo\":{\"@type\":\"ImageObject\",\"inLanguage\":\"de\",\"@id\":\"https:\\\/\\\/kem-europe.eu\\\/#\\\/schema\\\/logo\\\/image\\\/\",\"url\":\"https:\\\/\\\/kem-europe.eu\\\/wp-content\\\/uploads\\\/2025\\\/02\\\/KEM2019-BLACK-1500W.png\",\"contentUrl\":\"https:\\\/\\\/kem-europe.eu\\\/wp-content\\\/uploads\\\/2025\\\/02\\\/KEM2019-BLACK-1500W.png\",\"width\":1500,\"height\":626,\"caption\":\"KEM Europe\"},\"image\":{\"@id\":\"https:\\\/\\\/kem-europe.eu\\\/#\\\/schema\\\/logo\\\/image\\\/\"}}]}<\/script>\n<!-- \/ Yoast SEO plugin. -->","yoast_head_json":{"title":"Akku-Kombihammer Keyang HD20BLH-24T 18V l KEM-EUROPE","description":"Akku-Kombihammer Keyang HD20BLH-24T - Der Akku-Kombihammer verf\u00fcgt, wie alle anderen neuen 20V MAX-Akku-Maschinen, \u00fcber einen effizienten 1.000W BLDC-Motor.","robots":{"index":"index","follow":"follow","max-snippet":"max-snippet:-1","max-image-preview":"max-image-preview:large","max-video-preview":"max-video-preview:-1"},"canonical":"https:\/\/kem-europe.eu\/de\/produkt\/keyang-hd20blh-24t-akku-kombihammer-sds-plus-18v-2x5-0ah\/","og_locale":"de_DE","og_type":"article","og_title":"Accu Combihamer Keyang HD20BLH-24T 18V l KEM-EUROPE","og_description":"Accu Combihamer Keyang HD20BLH-24T - De Accu Combihamer is, net als alle andere nieuwe 20V MAX accu machines, voorzien van een effici\u00ebnte 1.000W BLDC-motor.","og_url":"https:\/\/kem-europe.eu\/de\/produkt\/keyang-hd20blh-24t-akku-kombihammer-sds-plus-18v-2x5-0ah\/","og_site_name":"KEM Europe","article_modified_time":"2025-06-06T07:11:58+00:00","og_image":[{"width":480,"height":480,"url":"https:\/\/kem-europe.eu\/wp-content\/uploads\/2025\/02\/HD20BLH-24T_02-1.jpg","type":"image\/jpeg"}],"twitter_card":"summary_large_image","twitter_misc":{"Gesch\u00e4tzte Lesezeit":"2\u00a0Minuten"},"schema":{"@context":"https:\/\/schema.org","@graph":[{"@type":"WebPage","@id":"https:\/\/kem-europe.eu\/product\/keyang-hd20blh-24t-accu-combihamer-sds-plus-18v-20v-max-2x5-0ah\/","url":"https:\/\/kem-europe.eu\/product\/keyang-hd20blh-24t-accu-combihamer-sds-plus-18v-20v-max-2x5-0ah\/","name":"Akku-Kombihammer Keyang HD20BLH-24T 18V l KEM-EUROPE","isPartOf":{"@id":"https:\/\/kem-europe.eu\/#website"},"primaryImageOfPage":{"@id":"https:\/\/kem-europe.eu\/product\/keyang-hd20blh-24t-accu-combihamer-sds-plus-18v-20v-max-2x5-0ah\/#primaryimage"},"image":{"@id":"https:\/\/kem-europe.eu\/product\/keyang-hd20blh-24t-accu-combihamer-sds-plus-18v-20v-max-2x5-0ah\/#primaryimage"},"thumbnailUrl":"https:\/\/kem-europe.eu\/wp-content\/uploads\/2025\/02\/HD20BLH-24T_02-1.jpg","datePublished":"2025-02-27T08:12:53+00:00","dateModified":"2025-06-06T07:11:58+00:00","description":"Akku-Kombihammer Keyang HD20BLH-24T - Der Akku-Kombihammer verf\u00fcgt, wie alle anderen neuen 20V MAX-Akku-Maschinen, \u00fcber einen effizienten 1.000W BLDC-Motor.","breadcrumb":{"@id":"https:\/\/kem-europe.eu\/product\/keyang-hd20blh-24t-accu-combihamer-sds-plus-18v-20v-max-2x5-0ah\/#breadcrumb"},"inLanguage":"de","potentialAction":[{"@type":"ReadAction","target":["https:\/\/kem-europe.eu\/product\/keyang-hd20blh-24t-accu-combihamer-sds-plus-18v-20v-max-2x5-0ah\/"]}]},{"@type":"ImageObject","inLanguage":"de","@id":"https:\/\/kem-europe.eu\/product\/keyang-hd20blh-24t-accu-combihamer-sds-plus-18v-20v-max-2x5-0ah\/#primaryimage","url":"https:\/\/kem-europe.eu\/wp-content\/uploads\/2025\/02\/HD20BLH-24T_02-1.jpg","contentUrl":"https:\/\/kem-europe.eu\/wp-content\/uploads\/2025\/02\/HD20BLH-24T_02-1.jpg","width":480,"height":480},{"@type":"BreadcrumbList","@id":"https:\/\/kem-europe.eu\/product\/keyang-hd20blh-24t-accu-combihamer-sds-plus-18v-20v-max-2x5-0ah\/#breadcrumb","itemListElement":[{"@type":"ListItem","position":1,"name":"Home","item":"https:\/\/kem-europe.eu\/"},{"@type":"ListItem","position":2,"name":"Winkel","item":"https:\/\/kem-europe.eu\/winkel\/"},{"@type":"ListItem","position":3,"name":"Keyang HD20BLH-24T Accu Combihamer \u2013 SDS-Plus \u2013 18V (20V MAX) \u2013 2&#215;5.0Ah"}]},{"@type":"WebSite","@id":"https:\/\/kem-europe.eu\/#website","url":"https:\/\/kem-europe.eu\/","name":"KEM Europe","description":"","publisher":{"@id":"https:\/\/kem-europe.eu\/#organization"},"potentialAction":[{"@type":"SearchAction","target":{"@type":"EntryPoint","urlTemplate":"https:\/\/kem-europe.eu\/?s={search_term_string}"},"query-input":{"@type":"PropertyValueSpecification","valueRequired":true,"valueName":"search_term_string"}}],"inLanguage":"de"},{"@type":"Organization","@id":"https:\/\/kem-europe.eu\/#organization","name":"KEM Europe","url":"https:\/\/kem-europe.eu\/","logo":{"@type":"ImageObject","inLanguage":"de","@id":"https:\/\/kem-europe.eu\/#\/schema\/logo\/image\/","url":"https:\/\/kem-europe.eu\/wp-content\/uploads\/2025\/02\/KEM2019-BLACK-1500W.png","contentUrl":"https:\/\/kem-europe.eu\/wp-content\/uploads\/2025\/02\/KEM2019-BLACK-1500W.png","width":1500,"height":626,"caption":"KEM Europe"},"image":{"@id":"https:\/\/kem-europe.eu\/#\/schema\/logo\/image\/"}}]}},"_links":{"self":[{"href":"https:\/\/kem-europe.eu\/de\/wp-json\/wp\/v2\/product\/697","targetHints":{"allow":["GET"]}}],"collection":[{"href":"https:\/\/kem-europe.eu\/de\/wp-json\/wp\/v2\/product"}],"about":[{"href":"https:\/\/kem-europe.eu\/de\/wp-json\/wp\/v2\/types\/product"}],"replies":[{"embeddable":true,"href":"https:\/\/kem-europe.eu\/de\/wp-json\/wp\/v2\/comments?post=697"}],"wp:featuredmedia":[{"embeddable":true,"href":"https:\/\/kem-europe.eu\/de\/wp-json\/wp\/v2\/media\/822"}],"wp:attachment":[{"href":"https:\/\/kem-europe.eu\/de\/wp-json\/wp\/v2\/media?parent=697"}],"wp:term":[{"taxonomy":"product_brand","embeddable":true,"href":"https:\/\/kem-europe.eu\/de\/wp-json\/wp\/v2\/product_brand?post=697"},{"taxonomy":"product_cat","embeddable":true,"href":"https:\/\/kem-europe.eu\/de\/wp-json\/wp\/v2\/product_cat?post=697"},{"taxonomy":"product_tag","embeddable":true,"href":"https:\/\/kem-europe.eu\/de\/wp-json\/wp\/v2\/product_tag?post=697"}],"curies":[{"name":"wp","href":"https:\/\/api.w.org\/{rel}","templated":true}]}}