{"id":6976,"date":"2025-04-01T12:15:53","date_gmt":"2025-04-01T12:15:53","guid":{"rendered":"https:\/\/kem-europe.eu\/product\/dck-tools-accu-snellader-58v-kcl58-3\/"},"modified":"2025-04-01T14:25:35","modified_gmt":"2025-04-01T14:25:35","slug":"dck-kcl58-3-58v-akku-schnellladegeraet","status":"publish","type":"product","link":"https:\/\/kem-europe.eu\/de\/product\/dck-kcl58-3-58v-accu-snellader\/","title":{"rendered":"DCK 58V Akku-Schnellladeger\u00e4t | KCL58-3 | F\u00fcr 2,5-7,5 Ah Akkus"},"content":{"rendered":"<p class=\"\" data-start=\"683\" data-end=\"983\">Das DCK KCL58-3 Akku-Schnellladeger\u00e4t wurde f\u00fcr Profis entwickelt, die ihre 58V-Batterien schnell, effizient und sicher aufladen m\u00f6chten. Dieses leistungsstarke Ladeger\u00e4t ist mit Batterien von 2,5Ah bis 7,5Ah kompatibel und liefert in nur 30 bis 60 Minuten, je nach Batteriekapazit\u00e4t, eine hervorragende Leistung.<\/p>\n<p class=\"\" data-start=\"985\" data-end=\"1211\">Das fortschrittliche L\u00fcftersystem h\u00e4lt die Temperatur w\u00e4hrend des Ladevorgangs unter Kontrolle, w\u00e4hrend die intelligente Batterieerkennungstechnologie automatisch die Ladeparameter f\u00fcr eine l\u00e4ngere Lebensdauer der Batterie optimiert.<\/p>\n<p class=\"\" data-start=\"1213\" data-end=\"1405\">Das Geh\u00e4use ist robust und langlebig und so konzipiert, dass es m\u00fchelos dem t\u00e4glichen Werkstattbetrieb standh\u00e4lt. Ideal f\u00fcr alle, die von ihrem Batterieladeger\u00e4t Schnelligkeit, Sicherheit und Zuverl\u00e4ssigkeit erwarten.<\/p>\n<h3 class=\"\" data-start=\"1412\" data-end=\"1446\"><strong data-start=\"1416\" data-end=\"1444\">Wesentliche Merkmale:<\/strong><\/h3>\n<ul>\n<li data-start=\"1447\" data-end=\"1863\"><strong data-start=\"1450\" data-end=\"1487\">Volle Aufladung innerhalb von 30-60 Minuten<\/strong> - Superschnell zur\u00fcck zur Arbeit<\/li>\n<li data-start=\"1447\" data-end=\"1863\"><strong data-start=\"1524\" data-end=\"1550\">Intelligenter Batterieschutz<\/strong> - Verl\u00e4ngert die Lebensdauer Ihrer Batterien<\/li>\n<li data-start=\"1447\" data-end=\"1863\"><strong data-start=\"1595\" data-end=\"1637\">K\u00fchlgebl\u00e4se mit Temperaturregelung<\/strong> - Verhindert \u00dcberhitzung beim Laden<\/li>\n<li data-start=\"1447\" data-end=\"1863\"><strong data-start=\"1683\" data-end=\"1700\">Robuste Konstruktion<\/strong> - Widersteht starker Beanspruchung<\/li>\n<li data-start=\"1447\" data-end=\"1863\"><strong data-start=\"1736\" data-end=\"1765\">Kraftstoffanzeige an der Batterie<\/strong> - Sofortiger Einblick in den Ladestatus<\/li>\n<li data-start=\"1447\" data-end=\"1863\"><strong data-start=\"1807\" data-end=\"1861\">Geeignet f\u00fcr 58V DCK-Batterien von 2,5 Ah bis 7,5 Ah<\/strong><\/li>\n<\/ul>\n<h3 class=\"\" data-start=\"1870\" data-end=\"1905\"><strong data-start=\"1874\" data-end=\"1903\">Technische Daten:<\/strong><\/h3>\n<ul data-start=\"1906\" data-end=\"2236\">\n<li class=\"\" data-start=\"1906\" data-end=\"1928\">\n<p class=\"\" data-start=\"1908\" data-end=\"1928\"><strong data-start=\"1908\" data-end=\"1918\">Modell:<\/strong> KCL58-3<\/p>\n<\/li>\n<li class=\"\" data-start=\"1929\" data-end=\"1975\">\n<p class=\"\" data-start=\"1931\" data-end=\"1975\"><strong data-start=\"1931\" data-end=\"1951\">Eingangsspannung:<\/strong> AC 220-240V \/ 50-60Hz<\/p>\n<\/li>\n<li class=\"\" data-start=\"1976\" data-end=\"2005\">\n<p class=\"\" data-start=\"1978\" data-end=\"2005\"><strong data-start=\"1978\" data-end=\"1998\">Eingangsleistung:<\/strong> 550W<\/p>\n<\/li>\n<li class=\"\" data-start=\"2006\" data-end=\"2035\">\n<p class=\"\" data-start=\"2008\" data-end=\"2035\"><strong data-start=\"2008\" data-end=\"2023\">Strom aufladen:<\/strong> Max. 8,0A<\/p>\n<\/li>\n<li class=\"\" data-start=\"2036\" data-end=\"2065\">\n<p class=\"\" data-start=\"2038\" data-end=\"2065\"><strong data-start=\"2038\" data-end=\"2059\">Ausgangsspannung:<\/strong> 58V<\/p>\n<\/li>\n<li class=\"\" data-start=\"2066\" data-end=\"2105\">\n<p class=\"\" data-start=\"2068\" data-end=\"2105\"><strong data-start=\"2068\" data-end=\"2097\">Kompatible Batteriespannung:<\/strong> 50.4V<\/p>\n<\/li>\n<li class=\"\" data-start=\"2106\" data-end=\"2195\">\n<p class=\"\" data-start=\"2108\" data-end=\"2123\"><strong data-start=\"2108\" data-end=\"2121\">Ladedauer:<\/strong><\/p>\n<ul data-start=\"2126\" data-end=\"2195\">\n<li class=\"\" data-start=\"2126\" data-end=\"2147\">\n<p class=\"\" data-start=\"2128\" data-end=\"2147\">\u00b1 30 min (2,5 Ah)<\/p>\n<\/li>\n<li class=\"\" data-start=\"2150\" data-end=\"2171\">\n<p class=\"\" data-start=\"2152\" data-end=\"2171\">\u00b1 40 min (5,0 Ah)<\/p>\n<\/li>\n<li class=\"\" data-start=\"2174\" data-end=\"2195\">\n<p class=\"\" data-start=\"2176\" data-end=\"2195\">\u00b1 60 min (7,5 Ah)<\/p>\n<\/li>\n<\/ul>\n<\/li>\n<li class=\"\" data-start=\"2196\" data-end=\"2236\">\n<p class=\"\" data-start=\"2198\" data-end=\"2236\"><strong data-start=\"2198\" data-end=\"2217\">Isolationsklasse:<\/strong> Doppelte Isolierung<\/p>\n<\/li>\n<\/ul>\n<h3 class=\"\" data-start=\"2243\" data-end=\"2279\"><strong data-start=\"2247\" data-end=\"2277\">Umfang der Lieferung:<\/strong><\/h3>\n<ul data-start=\"2280\" data-end=\"2332\">\n<li class=\"\" data-start=\"2280\" data-end=\"2316\">\n<p class=\"\" data-start=\"2282\" data-end=\"2316\">DCK 58V Akku-Schnellladeger\u00e4t - KCL58-3<\/p>\n<\/li>\n<li class=\"\" data-start=\"2317\" data-end=\"2332\">\n<p class=\"\" data-start=\"2319\" data-end=\"2332\">Handbuch<\/p>\n<\/li>\n<\/ul>","protected":false},"excerpt":{"rendered":"<p>\u2705 <strong data-start=\"265\" data-end=\"284\">Superschnelles Laden<\/strong> - Vollst\u00e4ndige Aufladung des Akkus in 30 bis 60 Minuten<br data-start=\"331\" data-end=\"334\" \/>\u2705 <strong data-start=\"336\" data-end=\"366\">Intelligente Temperaturkontrolle<\/strong> - L\u00e4ngere Akkulaufzeit dank automatischer Optimierung<br data-start=\"428\" data-end=\"431\" \/>\u2705 <strong data-start=\"433\" data-end=\"461\">Leistungsstarke Bel\u00fcftung<\/strong> - F\u00fcr eine sichere und stabile Nutzung<br data-start=\"494\" data-end=\"497\" \/>\u2705 <strong data-start=\"499\" data-end=\"525\">Robuste Bauqualit\u00e4t<\/strong> - Konzipiert f\u00fcr intensive Anwendungen<br data-start=\"566\" data-end=\"569\" \/>\u2705 <strong data-start=\"571\" data-end=\"619\">Kompatibel mit 58V-Batterien von 2,5 bis 7,5 Ah<\/strong> - Vielseitig einsetzbar<\/p>","protected":false},"featured_media":6975,"comment_status":"open","ping_status":"closed","template":"","meta":[],"product_brand":[630],"product_cat":[706,60,62],"product_tag":[],"class_list":{"0":"post-6976","1":"product","2":"type-product","3":"status-publish","4":"has-post-thumbnail","6":"product_brand-dck","7":"product_cat-accu-tuingereedschap","8":"product_cat-accus-laders","9":"product_cat-lader","11":"first","12":"instock","13":"shipping-taxable","14":"product-type-simple"},"ct_brands":[{"id":630,"name":"DCK","slug":"dck"}],"yoast_head":"<!-- This site is optimized with the Yoast SEO plugin v27.3 - https:\/\/yoast.com\/product\/yoast-seo-wordpress\/ -->\n<title>DCK 58V Accu Snellader | KCL58-3 | Voor 2.5\u20137.5 Ah Accu&#039;s - KEM Europe<\/title>\n<meta name=\"description\" content=\"DCK 58V snellader (KCL58-3) laadt accu\u2019s van 2.5 tot 7.5Ah in 30\u201360 min. Met slimme temperatuurregeling en robuust ontwerp voor intensief gebruik.\" \/>\n<meta name=\"robots\" content=\"index, follow, max-snippet:-1, max-image-preview:large, max-video-preview:-1\" \/>\n<link rel=\"canonical\" href=\"https:\/\/kem-europe.eu\/de\/produkt\/dck-kcl58-3-58v-akku-schnellladegeraet\/\" \/>\n<meta property=\"og:locale\" content=\"de_DE\" \/>\n<meta property=\"og:type\" content=\"article\" \/>\n<meta property=\"og:title\" content=\"DCK 58V Accu Snellader | KCL58-3 | Voor 2.5\u20137.5 Ah Accu&#039;s - KEM Europe\" \/>\n<meta property=\"og:description\" content=\"DCK 58V snellader (KCL58-3) laadt accu\u2019s van 2.5 tot 7.5Ah in 30\u201360 min. Met slimme temperatuurregeling en robuust ontwerp voor intensief gebruik.\" \/>\n<meta property=\"og:url\" content=\"https:\/\/kem-europe.eu\/de\/produkt\/dck-kcl58-3-58v-akku-schnellladegeraet\/\" \/>\n<meta property=\"og:site_name\" content=\"KEM Europe\" \/>\n<meta property=\"article:modified_time\" content=\"2025-04-01T14:25:35+00:00\" \/>\n<meta property=\"og:image\" content=\"https:\/\/kem-europe.eu\/wp-content\/uploads\/2025\/04\/1.jpg\" \/>\n\t<meta property=\"og:image:width\" content=\"700\" \/>\n\t<meta property=\"og:image:height\" content=\"700\" \/>\n\t<meta property=\"og:image:type\" content=\"image\/jpeg\" \/>\n<meta name=\"twitter:card\" content=\"summary_large_image\" \/>\n<meta name=\"twitter:label1\" content=\"Gesch\u00e4tzte Lesezeit\" \/>\n\t<meta name=\"twitter:data1\" content=\"2\u00a0Minuten\" \/>\n<script type=\"application\/ld+json\" class=\"yoast-schema-graph\">{\"@context\":\"https:\\\/\\\/schema.org\",\"@graph\":[{\"@type\":\"WebPage\",\"@id\":\"https:\\\/\\\/kem-europe.eu\\\/product\\\/dck-kcl58-3-58v-accu-snellader\\\/\",\"url\":\"https:\\\/\\\/kem-europe.eu\\\/product\\\/dck-kcl58-3-58v-accu-snellader\\\/\",\"name\":\"DCK 58V Accu Snellader | KCL58-3 | Voor 2.5\u20137.5 Ah Accu's - KEM Europe\",\"isPartOf\":{\"@id\":\"https:\\\/\\\/kem-europe.eu\\\/#website\"},\"primaryImageOfPage\":{\"@id\":\"https:\\\/\\\/kem-europe.eu\\\/product\\\/dck-kcl58-3-58v-accu-snellader\\\/#primaryimage\"},\"image\":{\"@id\":\"https:\\\/\\\/kem-europe.eu\\\/product\\\/dck-kcl58-3-58v-accu-snellader\\\/#primaryimage\"},\"thumbnailUrl\":\"https:\\\/\\\/kem-europe.eu\\\/wp-content\\\/uploads\\\/2025\\\/04\\\/1.jpg\",\"datePublished\":\"2025-04-01T12:15:53+00:00\",\"dateModified\":\"2025-04-01T14:25:35+00:00\",\"description\":\"DCK 58V snellader (KCL58-3) laadt accu\u2019s van 2.5 tot 7.5Ah in 30\u201360 min. Met slimme temperatuurregeling en robuust ontwerp voor intensief gebruik.\",\"breadcrumb\":{\"@id\":\"https:\\\/\\\/kem-europe.eu\\\/product\\\/dck-kcl58-3-58v-accu-snellader\\\/#breadcrumb\"},\"inLanguage\":\"de\",\"potentialAction\":[{\"@type\":\"ReadAction\",\"target\":[\"https:\\\/\\\/kem-europe.eu\\\/product\\\/dck-kcl58-3-58v-accu-snellader\\\/\"]}]},{\"@type\":\"ImageObject\",\"inLanguage\":\"de\",\"@id\":\"https:\\\/\\\/kem-europe.eu\\\/product\\\/dck-kcl58-3-58v-accu-snellader\\\/#primaryimage\",\"url\":\"https:\\\/\\\/kem-europe.eu\\\/wp-content\\\/uploads\\\/2025\\\/04\\\/1.jpg\",\"contentUrl\":\"https:\\\/\\\/kem-europe.eu\\\/wp-content\\\/uploads\\\/2025\\\/04\\\/1.jpg\",\"width\":700,\"height\":700,\"caption\":\"DCK KCL58-3 58V acculader voor 2.5\u20137.5Ah accu\u2019s met koelsysteem en snelle laadtijd \u2013 geschikt voor professioneel gebruik\"},{\"@type\":\"BreadcrumbList\",\"@id\":\"https:\\\/\\\/kem-europe.eu\\\/product\\\/dck-kcl58-3-58v-accu-snellader\\\/#breadcrumb\",\"itemListElement\":[{\"@type\":\"ListItem\",\"position\":1,\"name\":\"Home\",\"item\":\"https:\\\/\\\/kem-europe.eu\\\/\"},{\"@type\":\"ListItem\",\"position\":2,\"name\":\"Winkel\",\"item\":\"https:\\\/\\\/kem-europe.eu\\\/winkel\\\/\"},{\"@type\":\"ListItem\",\"position\":3,\"name\":\"DCK 58V Accu Snellader | KCL58-3 | Voor 2.5\u20137.5 Ah Accu&#8217;s\"}]},{\"@type\":\"WebSite\",\"@id\":\"https:\\\/\\\/kem-europe.eu\\\/#website\",\"url\":\"https:\\\/\\\/kem-europe.eu\\\/\",\"name\":\"KEM Europe\",\"description\":\"\",\"publisher\":{\"@id\":\"https:\\\/\\\/kem-europe.eu\\\/#organization\"},\"potentialAction\":[{\"@type\":\"SearchAction\",\"target\":{\"@type\":\"EntryPoint\",\"urlTemplate\":\"https:\\\/\\\/kem-europe.eu\\\/?s={search_term_string}\"},\"query-input\":{\"@type\":\"PropertyValueSpecification\",\"valueRequired\":true,\"valueName\":\"search_term_string\"}}],\"inLanguage\":\"de\"},{\"@type\":\"Organization\",\"@id\":\"https:\\\/\\\/kem-europe.eu\\\/#organization\",\"name\":\"KEM Europe\",\"url\":\"https:\\\/\\\/kem-europe.eu\\\/\",\"logo\":{\"@type\":\"ImageObject\",\"inLanguage\":\"de\",\"@id\":\"https:\\\/\\\/kem-europe.eu\\\/#\\\/schema\\\/logo\\\/image\\\/\",\"url\":\"https:\\\/\\\/kem-europe.eu\\\/wp-content\\\/uploads\\\/2025\\\/02\\\/KEM2019-BLACK-1500W.png\",\"contentUrl\":\"https:\\\/\\\/kem-europe.eu\\\/wp-content\\\/uploads\\\/2025\\\/02\\\/KEM2019-BLACK-1500W.png\",\"width\":1500,\"height\":626,\"caption\":\"KEM Europe\"},\"image\":{\"@id\":\"https:\\\/\\\/kem-europe.eu\\\/#\\\/schema\\\/logo\\\/image\\\/\"}}]}<\/script>\n<!-- \/ Yoast SEO plugin. -->","yoast_head_json":{"title":"DCK 58V Akku-Schnellladeger\u00e4t | KCL58-3 | F\u00fcr 2,5-7,5 Ah Akkus - KEM Europe","description":"Das DCK 58V-Schnellladeger\u00e4t (KCL58-3) l\u00e4dt Akkus von 2,5 bis 7,5Ah in 30-60 Min. Mit intelligenter Temperaturregelung und robustem Design f\u00fcr intensive Nutzung.","robots":{"index":"index","follow":"follow","max-snippet":"max-snippet:-1","max-image-preview":"max-image-preview:large","max-video-preview":"max-video-preview:-1"},"canonical":"https:\/\/kem-europe.eu\/de\/produkt\/dck-kcl58-3-58v-akku-schnellladegeraet\/","og_locale":"de_DE","og_type":"article","og_title":"DCK 58V Accu Snellader | KCL58-3 | Voor 2.5\u20137.5 Ah Accu's - KEM Europe","og_description":"DCK 58V snellader (KCL58-3) laadt accu\u2019s van 2.5 tot 7.5Ah in 30\u201360 min. Met slimme temperatuurregeling en robuust ontwerp voor intensief gebruik.","og_url":"https:\/\/kem-europe.eu\/de\/produkt\/dck-kcl58-3-58v-akku-schnellladegeraet\/","og_site_name":"KEM Europe","article_modified_time":"2025-04-01T14:25:35+00:00","og_image":[{"width":700,"height":700,"url":"https:\/\/kem-europe.eu\/wp-content\/uploads\/2025\/04\/1.jpg","type":"image\/jpeg"}],"twitter_card":"summary_large_image","twitter_misc":{"Gesch\u00e4tzte Lesezeit":"2\u00a0Minuten"},"schema":{"@context":"https:\/\/schema.org","@graph":[{"@type":"WebPage","@id":"https:\/\/kem-europe.eu\/product\/dck-kcl58-3-58v-accu-snellader\/","url":"https:\/\/kem-europe.eu\/product\/dck-kcl58-3-58v-accu-snellader\/","name":"DCK 58V Akku-Schnellladeger\u00e4t | KCL58-3 | F\u00fcr 2,5-7,5 Ah Akkus - KEM Europe","isPartOf":{"@id":"https:\/\/kem-europe.eu\/#website"},"primaryImageOfPage":{"@id":"https:\/\/kem-europe.eu\/product\/dck-kcl58-3-58v-accu-snellader\/#primaryimage"},"image":{"@id":"https:\/\/kem-europe.eu\/product\/dck-kcl58-3-58v-accu-snellader\/#primaryimage"},"thumbnailUrl":"https:\/\/kem-europe.eu\/wp-content\/uploads\/2025\/04\/1.jpg","datePublished":"2025-04-01T12:15:53+00:00","dateModified":"2025-04-01T14:25:35+00:00","description":"Das DCK 58V-Schnellladeger\u00e4t (KCL58-3) l\u00e4dt Akkus von 2,5 bis 7,5Ah in 30-60 Min. Mit intelligenter Temperaturregelung und robustem Design f\u00fcr intensive Nutzung.","breadcrumb":{"@id":"https:\/\/kem-europe.eu\/product\/dck-kcl58-3-58v-accu-snellader\/#breadcrumb"},"inLanguage":"de","potentialAction":[{"@type":"ReadAction","target":["https:\/\/kem-europe.eu\/product\/dck-kcl58-3-58v-accu-snellader\/"]}]},{"@type":"ImageObject","inLanguage":"de","@id":"https:\/\/kem-europe.eu\/product\/dck-kcl58-3-58v-accu-snellader\/#primaryimage","url":"https:\/\/kem-europe.eu\/wp-content\/uploads\/2025\/04\/1.jpg","contentUrl":"https:\/\/kem-europe.eu\/wp-content\/uploads\/2025\/04\/1.jpg","width":700,"height":700,"caption":"DCK KCL58-3 58V acculader voor 2.5\u20137.5Ah accu\u2019s met koelsysteem en snelle laadtijd \u2013 geschikt voor professioneel gebruik"},{"@type":"BreadcrumbList","@id":"https:\/\/kem-europe.eu\/product\/dck-kcl58-3-58v-accu-snellader\/#breadcrumb","itemListElement":[{"@type":"ListItem","position":1,"name":"Home","item":"https:\/\/kem-europe.eu\/"},{"@type":"ListItem","position":2,"name":"Winkel","item":"https:\/\/kem-europe.eu\/winkel\/"},{"@type":"ListItem","position":3,"name":"DCK 58V Accu Snellader | KCL58-3 | Voor 2.5\u20137.5 Ah Accu&#8217;s"}]},{"@type":"WebSite","@id":"https:\/\/kem-europe.eu\/#website","url":"https:\/\/kem-europe.eu\/","name":"KEM Europe","description":"","publisher":{"@id":"https:\/\/kem-europe.eu\/#organization"},"potentialAction":[{"@type":"SearchAction","target":{"@type":"EntryPoint","urlTemplate":"https:\/\/kem-europe.eu\/?s={search_term_string}"},"query-input":{"@type":"PropertyValueSpecification","valueRequired":true,"valueName":"search_term_string"}}],"inLanguage":"de"},{"@type":"Organization","@id":"https:\/\/kem-europe.eu\/#organization","name":"KEM Europe","url":"https:\/\/kem-europe.eu\/","logo":{"@type":"ImageObject","inLanguage":"de","@id":"https:\/\/kem-europe.eu\/#\/schema\/logo\/image\/","url":"https:\/\/kem-europe.eu\/wp-content\/uploads\/2025\/02\/KEM2019-BLACK-1500W.png","contentUrl":"https:\/\/kem-europe.eu\/wp-content\/uploads\/2025\/02\/KEM2019-BLACK-1500W.png","width":1500,"height":626,"caption":"KEM Europe"},"image":{"@id":"https:\/\/kem-europe.eu\/#\/schema\/logo\/image\/"}}]}},"_links":{"self":[{"href":"https:\/\/kem-europe.eu\/de\/wp-json\/wp\/v2\/product\/6976","targetHints":{"allow":["GET"]}}],"collection":[{"href":"https:\/\/kem-europe.eu\/de\/wp-json\/wp\/v2\/product"}],"about":[{"href":"https:\/\/kem-europe.eu\/de\/wp-json\/wp\/v2\/types\/product"}],"replies":[{"embeddable":true,"href":"https:\/\/kem-europe.eu\/de\/wp-json\/wp\/v2\/comments?post=6976"}],"wp:featuredmedia":[{"embeddable":true,"href":"https:\/\/kem-europe.eu\/de\/wp-json\/wp\/v2\/media\/6975"}],"wp:attachment":[{"href":"https:\/\/kem-europe.eu\/de\/wp-json\/wp\/v2\/media?parent=6976"}],"wp:term":[{"taxonomy":"product_brand","embeddable":true,"href":"https:\/\/kem-europe.eu\/de\/wp-json\/wp\/v2\/product_brand?post=6976"},{"taxonomy":"product_cat","embeddable":true,"href":"https:\/\/kem-europe.eu\/de\/wp-json\/wp\/v2\/product_cat?post=6976"},{"taxonomy":"product_tag","embeddable":true,"href":"https:\/\/kem-europe.eu\/de\/wp-json\/wp\/v2\/product_tag?post=6976"}],"curies":[{"name":"wp","href":"https:\/\/api.w.org\/{rel}","templated":true}]}}