{"id":698,"date":"2025-02-27T08:12:53","date_gmt":"2025-02-27T08:12:53","guid":{"rendered":"https:\/\/kem-europe.eu\/?post_type=product&#038;p=698"},"modified":"2025-06-06T07:12:32","modified_gmt":"2025-06-06T07:12:32","slug":"keyang-hd20blh-24t-akku-kombihammer-sds-plus-body","status":"publish","type":"product","link":"https:\/\/kem-europe.eu\/de\/product\/keyang-hd20blh-24t-accu-combihamer-sds-plus-18v-20v-max-body\/","title":{"rendered":"Keyang HD20BLH-24T Accu-Kombihammer - SDS-Plus - 18V (20V MAX) - K\u00d6RPER"},"content":{"rendered":"<p><strong>Eigenschaften Keyang HD20BLH-24T Accu-Kombihammer - SDS-Plus - 18V (20V MAX) - K\u00d6RPER<\/strong><\/p>\n<p>Der Accu-Kombihammer HD20BLH-24T, der kompakteste und leichteste in seiner Klasse. Befreien Sie sich von den Zw\u00e4ngen des Arbeitsraums und des Maschinengewichts! Noch langlebiger als sein Vorg\u00e4nger HD18BL und optimierte Schlagkraft.<\/p>\n<p>Im Vergleich zu seinem Vorg\u00e4ngermodell HD18BL ist der HD20BLH mit einem Vibrationsd\u00e4mpfer ausgestattet, der die Vibrationen w\u00e4hrend der Arbeit minimiert. Nat\u00fcrlich kann man damit auch bohren, h\u00e4mmern und mei\u00dfeln. Der Flachmei\u00dfel ist leicht zu arretieren. Die Maschine liegt dank des f\u00fcr Keyang bekannten Diamantgriffs gut in der Hand. Dar\u00fcber hinaus verf\u00fcgt die Maschine \u00fcber ein lichtstarkes LED-Licht.<\/p>\n<p>Mit dem HD20BLH bohren Sie m\u00fchelos bis zu 24 mm in Beton, 13 mm in Stahl und 26 mm in Holz. Der Akku-Kombihammer verf\u00fcgt, wie alle anderen neuen 20V MAX-Akku-Maschinen, \u00fcber einen effizienten 1.000W BLDC-Motor.<\/p>\n<p><img decoding=\"async\" class=\"aligncenter\" src=\"https:\/\/bjctools.nl\/wp-content\/uploads\/2022\/10\/HD20BLH-24T-BODY-NL.png\" alt=\"HD20BLH-24T K\u00d6RPER DE\" \/><\/p>","protected":false},"excerpt":{"rendered":"<p><strong>Umfang der Lieferung<\/strong><\/p>\n<ul>\n<li>Keyang HD20BLH-24T Accu-Kombihammer - SDS-Plus - 18V (20V MAX) - K\u00d6RPER<\/li>\n<li>1 x Zus\u00e4tzlicher Griff<\/li>\n<li>1 x Kunststoffbox<\/li>\n<\/ul>","protected":false},"featured_media":826,"comment_status":"closed","ping_status":"closed","template":"","meta":[],"product_brand":[624],"product_cat":[58,54],"product_tag":[],"class_list":{"0":"post-698","1":"product","2":"type-product","3":"status-publish","4":"has-post-thumbnail","6":"product_brand-keyang","7":"product_cat-accu-combihamer","8":"product_cat-accu-machines","10":"first","11":"instock","12":"shipping-taxable","13":"product-type-simple"},"ct_brands":[{"id":624,"name":"KEYANG","slug":"keyang"}],"yoast_head":"<!-- This site is optimized with the Yoast SEO plugin v27.3 - https:\/\/yoast.com\/product\/yoast-seo-wordpress\/ -->\n<title>Accu Combihamer Keyang HD20BLH-24T BODY l KEM-EUROPE<\/title>\n<meta name=\"description\" content=\"Accu Combihamer Keyang HD20BLH-24T - De Accu Combihamer is, net als alle andere nieuwe 20V MAX accu machines, voorzien van een effici\u00ebnte 1.000W BLDC-motor.\" \/>\n<meta name=\"robots\" content=\"index, follow, max-snippet:-1, max-image-preview:large, max-video-preview:-1\" \/>\n<link rel=\"canonical\" href=\"https:\/\/kem-europe.eu\/de\/produkt\/keyang-hd20blh-24t-akku-kombihammer-sds-plus-body\/\" \/>\n<meta property=\"og:locale\" content=\"de_DE\" \/>\n<meta property=\"og:type\" content=\"article\" \/>\n<meta property=\"og:title\" content=\"Accu Combihamer Keyang HD20BLH-24T BODY l KEM-EUROPE\" \/>\n<meta property=\"og:description\" content=\"Accu Combihamer Keyang HD20BLH-24T - De Accu Combihamer is, net als alle andere nieuwe 20V MAX accu machines, voorzien van een effici\u00ebnte 1.000W BLDC-motor.\" \/>\n<meta property=\"og:url\" content=\"https:\/\/kem-europe.eu\/de\/produkt\/keyang-hd20blh-24t-akku-kombihammer-sds-plus-body\/\" \/>\n<meta property=\"og:site_name\" content=\"KEM Europe\" \/>\n<meta property=\"article:modified_time\" content=\"2025-06-06T07:12:32+00:00\" \/>\n<meta property=\"og:image\" content=\"https:\/\/kem-europe.eu\/wp-content\/uploads\/2025\/02\/HD20BLH-24T-BODY_01.jpg\" \/>\n\t<meta property=\"og:image:width\" content=\"2000\" \/>\n\t<meta property=\"og:image:height\" content=\"2000\" \/>\n\t<meta property=\"og:image:type\" content=\"image\/jpeg\" \/>\n<meta name=\"twitter:card\" content=\"summary_large_image\" \/>\n<meta name=\"twitter:label1\" content=\"Gesch\u00e4tzte Lesezeit\" \/>\n\t<meta name=\"twitter:data1\" content=\"2\u00a0Minuten\" \/>\n<script type=\"application\/ld+json\" class=\"yoast-schema-graph\">{\"@context\":\"https:\\\/\\\/schema.org\",\"@graph\":[{\"@type\":\"WebPage\",\"@id\":\"https:\\\/\\\/kem-europe.eu\\\/product\\\/keyang-hd20blh-24t-accu-combihamer-sds-plus-18v-20v-max-body\\\/\",\"url\":\"https:\\\/\\\/kem-europe.eu\\\/product\\\/keyang-hd20blh-24t-accu-combihamer-sds-plus-18v-20v-max-body\\\/\",\"name\":\"Accu Combihamer Keyang HD20BLH-24T BODY l KEM-EUROPE\",\"isPartOf\":{\"@id\":\"https:\\\/\\\/kem-europe.eu\\\/#website\"},\"primaryImageOfPage\":{\"@id\":\"https:\\\/\\\/kem-europe.eu\\\/product\\\/keyang-hd20blh-24t-accu-combihamer-sds-plus-18v-20v-max-body\\\/#primaryimage\"},\"image\":{\"@id\":\"https:\\\/\\\/kem-europe.eu\\\/product\\\/keyang-hd20blh-24t-accu-combihamer-sds-plus-18v-20v-max-body\\\/#primaryimage\"},\"thumbnailUrl\":\"https:\\\/\\\/kem-europe.eu\\\/wp-content\\\/uploads\\\/2025\\\/02\\\/HD20BLH-24T-BODY_01.jpg\",\"datePublished\":\"2025-02-27T08:12:53+00:00\",\"dateModified\":\"2025-06-06T07:12:32+00:00\",\"description\":\"Accu Combihamer Keyang HD20BLH-24T - De Accu Combihamer is, net als alle andere nieuwe 20V MAX accu machines, voorzien van een effici\u00ebnte 1.000W BLDC-motor.\",\"breadcrumb\":{\"@id\":\"https:\\\/\\\/kem-europe.eu\\\/product\\\/keyang-hd20blh-24t-accu-combihamer-sds-plus-18v-20v-max-body\\\/#breadcrumb\"},\"inLanguage\":\"de\",\"potentialAction\":[{\"@type\":\"ReadAction\",\"target\":[\"https:\\\/\\\/kem-europe.eu\\\/product\\\/keyang-hd20blh-24t-accu-combihamer-sds-plus-18v-20v-max-body\\\/\"]}]},{\"@type\":\"ImageObject\",\"inLanguage\":\"de\",\"@id\":\"https:\\\/\\\/kem-europe.eu\\\/product\\\/keyang-hd20blh-24t-accu-combihamer-sds-plus-18v-20v-max-body\\\/#primaryimage\",\"url\":\"https:\\\/\\\/kem-europe.eu\\\/wp-content\\\/uploads\\\/2025\\\/02\\\/HD20BLH-24T-BODY_01.jpg\",\"contentUrl\":\"https:\\\/\\\/kem-europe.eu\\\/wp-content\\\/uploads\\\/2025\\\/02\\\/HD20BLH-24T-BODY_01.jpg\",\"width\":2000,\"height\":2000},{\"@type\":\"BreadcrumbList\",\"@id\":\"https:\\\/\\\/kem-europe.eu\\\/product\\\/keyang-hd20blh-24t-accu-combihamer-sds-plus-18v-20v-max-body\\\/#breadcrumb\",\"itemListElement\":[{\"@type\":\"ListItem\",\"position\":1,\"name\":\"Home\",\"item\":\"https:\\\/\\\/kem-europe.eu\\\/\"},{\"@type\":\"ListItem\",\"position\":2,\"name\":\"Winkel\",\"item\":\"https:\\\/\\\/kem-europe.eu\\\/winkel\\\/\"},{\"@type\":\"ListItem\",\"position\":3,\"name\":\"Keyang HD20BLH-24T Accu Combihamer \u2013 SDS-Plus \u2013 18V (20V MAX) \u2013 BODY\"}]},{\"@type\":\"WebSite\",\"@id\":\"https:\\\/\\\/kem-europe.eu\\\/#website\",\"url\":\"https:\\\/\\\/kem-europe.eu\\\/\",\"name\":\"KEM Europe\",\"description\":\"\",\"publisher\":{\"@id\":\"https:\\\/\\\/kem-europe.eu\\\/#organization\"},\"potentialAction\":[{\"@type\":\"SearchAction\",\"target\":{\"@type\":\"EntryPoint\",\"urlTemplate\":\"https:\\\/\\\/kem-europe.eu\\\/?s={search_term_string}\"},\"query-input\":{\"@type\":\"PropertyValueSpecification\",\"valueRequired\":true,\"valueName\":\"search_term_string\"}}],\"inLanguage\":\"de\"},{\"@type\":\"Organization\",\"@id\":\"https:\\\/\\\/kem-europe.eu\\\/#organization\",\"name\":\"KEM Europe\",\"url\":\"https:\\\/\\\/kem-europe.eu\\\/\",\"logo\":{\"@type\":\"ImageObject\",\"inLanguage\":\"de\",\"@id\":\"https:\\\/\\\/kem-europe.eu\\\/#\\\/schema\\\/logo\\\/image\\\/\",\"url\":\"https:\\\/\\\/kem-europe.eu\\\/wp-content\\\/uploads\\\/2025\\\/02\\\/KEM2019-BLACK-1500W.png\",\"contentUrl\":\"https:\\\/\\\/kem-europe.eu\\\/wp-content\\\/uploads\\\/2025\\\/02\\\/KEM2019-BLACK-1500W.png\",\"width\":1500,\"height\":626,\"caption\":\"KEM Europe\"},\"image\":{\"@id\":\"https:\\\/\\\/kem-europe.eu\\\/#\\\/schema\\\/logo\\\/image\\\/\"}}]}<\/script>\n<!-- \/ Yoast SEO plugin. -->","yoast_head_json":{"title":"Akkubetriebener Kombihammer Keyang HD20BLH-24T BODY l KEM-EUROPE","description":"Akku-Kombihammer Keyang HD20BLH-24T - Der Akku-Kombihammer verf\u00fcgt, wie alle anderen neuen 20V MAX-Akku-Maschinen, \u00fcber einen effizienten 1.000W BLDC-Motor.","robots":{"index":"index","follow":"follow","max-snippet":"max-snippet:-1","max-image-preview":"max-image-preview:large","max-video-preview":"max-video-preview:-1"},"canonical":"https:\/\/kem-europe.eu\/de\/produkt\/keyang-hd20blh-24t-akku-kombihammer-sds-plus-body\/","og_locale":"de_DE","og_type":"article","og_title":"Accu Combihamer Keyang HD20BLH-24T BODY l KEM-EUROPE","og_description":"Accu Combihamer Keyang HD20BLH-24T - De Accu Combihamer is, net als alle andere nieuwe 20V MAX accu machines, voorzien van een effici\u00ebnte 1.000W BLDC-motor.","og_url":"https:\/\/kem-europe.eu\/de\/produkt\/keyang-hd20blh-24t-akku-kombihammer-sds-plus-body\/","og_site_name":"KEM Europe","article_modified_time":"2025-06-06T07:12:32+00:00","og_image":[{"width":2000,"height":2000,"url":"https:\/\/kem-europe.eu\/wp-content\/uploads\/2025\/02\/HD20BLH-24T-BODY_01.jpg","type":"image\/jpeg"}],"twitter_card":"summary_large_image","twitter_misc":{"Gesch\u00e4tzte Lesezeit":"2\u00a0Minuten"},"schema":{"@context":"https:\/\/schema.org","@graph":[{"@type":"WebPage","@id":"https:\/\/kem-europe.eu\/product\/keyang-hd20blh-24t-accu-combihamer-sds-plus-18v-20v-max-body\/","url":"https:\/\/kem-europe.eu\/product\/keyang-hd20blh-24t-accu-combihamer-sds-plus-18v-20v-max-body\/","name":"Akkubetriebener Kombihammer Keyang HD20BLH-24T BODY l KEM-EUROPE","isPartOf":{"@id":"https:\/\/kem-europe.eu\/#website"},"primaryImageOfPage":{"@id":"https:\/\/kem-europe.eu\/product\/keyang-hd20blh-24t-accu-combihamer-sds-plus-18v-20v-max-body\/#primaryimage"},"image":{"@id":"https:\/\/kem-europe.eu\/product\/keyang-hd20blh-24t-accu-combihamer-sds-plus-18v-20v-max-body\/#primaryimage"},"thumbnailUrl":"https:\/\/kem-europe.eu\/wp-content\/uploads\/2025\/02\/HD20BLH-24T-BODY_01.jpg","datePublished":"2025-02-27T08:12:53+00:00","dateModified":"2025-06-06T07:12:32+00:00","description":"Akku-Kombihammer Keyang HD20BLH-24T - Der Akku-Kombihammer verf\u00fcgt, wie alle anderen neuen 20V MAX-Akku-Maschinen, \u00fcber einen effizienten 1.000W BLDC-Motor.","breadcrumb":{"@id":"https:\/\/kem-europe.eu\/product\/keyang-hd20blh-24t-accu-combihamer-sds-plus-18v-20v-max-body\/#breadcrumb"},"inLanguage":"de","potentialAction":[{"@type":"ReadAction","target":["https:\/\/kem-europe.eu\/product\/keyang-hd20blh-24t-accu-combihamer-sds-plus-18v-20v-max-body\/"]}]},{"@type":"ImageObject","inLanguage":"de","@id":"https:\/\/kem-europe.eu\/product\/keyang-hd20blh-24t-accu-combihamer-sds-plus-18v-20v-max-body\/#primaryimage","url":"https:\/\/kem-europe.eu\/wp-content\/uploads\/2025\/02\/HD20BLH-24T-BODY_01.jpg","contentUrl":"https:\/\/kem-europe.eu\/wp-content\/uploads\/2025\/02\/HD20BLH-24T-BODY_01.jpg","width":2000,"height":2000},{"@type":"BreadcrumbList","@id":"https:\/\/kem-europe.eu\/product\/keyang-hd20blh-24t-accu-combihamer-sds-plus-18v-20v-max-body\/#breadcrumb","itemListElement":[{"@type":"ListItem","position":1,"name":"Home","item":"https:\/\/kem-europe.eu\/"},{"@type":"ListItem","position":2,"name":"Winkel","item":"https:\/\/kem-europe.eu\/winkel\/"},{"@type":"ListItem","position":3,"name":"Keyang HD20BLH-24T Accu Combihamer \u2013 SDS-Plus \u2013 18V (20V MAX) \u2013 BODY"}]},{"@type":"WebSite","@id":"https:\/\/kem-europe.eu\/#website","url":"https:\/\/kem-europe.eu\/","name":"KEM Europe","description":"","publisher":{"@id":"https:\/\/kem-europe.eu\/#organization"},"potentialAction":[{"@type":"SearchAction","target":{"@type":"EntryPoint","urlTemplate":"https:\/\/kem-europe.eu\/?s={search_term_string}"},"query-input":{"@type":"PropertyValueSpecification","valueRequired":true,"valueName":"search_term_string"}}],"inLanguage":"de"},{"@type":"Organization","@id":"https:\/\/kem-europe.eu\/#organization","name":"KEM Europe","url":"https:\/\/kem-europe.eu\/","logo":{"@type":"ImageObject","inLanguage":"de","@id":"https:\/\/kem-europe.eu\/#\/schema\/logo\/image\/","url":"https:\/\/kem-europe.eu\/wp-content\/uploads\/2025\/02\/KEM2019-BLACK-1500W.png","contentUrl":"https:\/\/kem-europe.eu\/wp-content\/uploads\/2025\/02\/KEM2019-BLACK-1500W.png","width":1500,"height":626,"caption":"KEM Europe"},"image":{"@id":"https:\/\/kem-europe.eu\/#\/schema\/logo\/image\/"}}]}},"_links":{"self":[{"href":"https:\/\/kem-europe.eu\/de\/wp-json\/wp\/v2\/product\/698","targetHints":{"allow":["GET"]}}],"collection":[{"href":"https:\/\/kem-europe.eu\/de\/wp-json\/wp\/v2\/product"}],"about":[{"href":"https:\/\/kem-europe.eu\/de\/wp-json\/wp\/v2\/types\/product"}],"replies":[{"embeddable":true,"href":"https:\/\/kem-europe.eu\/de\/wp-json\/wp\/v2\/comments?post=698"}],"wp:featuredmedia":[{"embeddable":true,"href":"https:\/\/kem-europe.eu\/de\/wp-json\/wp\/v2\/media\/826"}],"wp:attachment":[{"href":"https:\/\/kem-europe.eu\/de\/wp-json\/wp\/v2\/media?parent=698"}],"wp:term":[{"taxonomy":"product_brand","embeddable":true,"href":"https:\/\/kem-europe.eu\/de\/wp-json\/wp\/v2\/product_brand?post=698"},{"taxonomy":"product_cat","embeddable":true,"href":"https:\/\/kem-europe.eu\/de\/wp-json\/wp\/v2\/product_cat?post=698"},{"taxonomy":"product_tag","embeddable":true,"href":"https:\/\/kem-europe.eu\/de\/wp-json\/wp\/v2\/product_tag?post=698"}],"curies":[{"name":"wp","href":"https:\/\/api.w.org\/{rel}","templated":true}]}}