{"id":6999,"date":"2025-04-01T12:16:00","date_gmt":"2025-04-01T12:16:00","guid":{"rendered":"https:\/\/kem-europe.eu\/product\/dck-tools-kdlm58211pk-accu-grasmaaier-58v-met-1x-7-5ah-accu\/"},"modified":"2025-10-10T10:59:21","modified_gmt":"2025-10-10T10:59:21","slug":"dck-58v-rasenmaeher-kdlm58211pk-7-5ah","status":"publish","type":"product","link":"https:\/\/kem-europe.eu\/de\/product\/dck-58v-accu-grasmaaier-kdlm58211pk-75ah\/","title":{"rendered":"DCK 58V Akku-Rasenm\u00e4her | KDLM58211PK | Inkl. 7,5Ah Akku &amp; Schnellladeger\u00e4t"},"content":{"rendered":"<p class=\"\" data-start=\"750\" data-end=\"1050\">Der selbstfahrende Accu-Rasenm\u00e4her DCK 58V KDLM58211PK wurde f\u00fcr Benutzer entwickelt, die Leistung, Benutzerfreundlichkeit und Flexibilit\u00e4t in einem M\u00e4her suchen. Dank des Hinterradantriebs mit einstellbarer Geschwindigkeit m\u00e4hen Sie m\u00fchelos durch unebenes Gel\u00e4nde oder leichte Steigungen, ohne an Leistung zu verlieren.<\/p>\n<p class=\"\" data-start=\"1052\" data-end=\"1273\">Das b\u00fcrstenlose 58-Volt-Motorsystem sorgt f\u00fcr lang anhaltende Leistung ohne den L\u00e4rm und die Wartung eines Benzinmotors. In Kombination mit dem mitgelieferten 7,5-Ah-Akku und dem 8-A-Schnellladeger\u00e4t k\u00f6nnen Sie mit einer einzigen Ladung bis zu 60 Minuten m\u00e4hen.<\/p>\n<p class=\"\" data-start=\"1275\" data-end=\"1481\">Dank der intelligenten USEFOLD\u2122-Technologie l\u00e4sst sich der M\u00e4her leicht zusammenklappen und kompakt verstauen. Dank der 3-in-1-Funktion k\u00f6nnen Sie w\u00e4hlen, ob Sie das Gras auffangen, mulchen oder \u00fcber den Seitenauswurf entsorgen m\u00f6chten.<\/p>\n<h3 class=\"\" data-start=\"1488\" data-end=\"1522\"><strong data-start=\"1492\" data-end=\"1520\">Wesentliche Merkmale:<\/strong><\/h3>\n<ul>\n<li data-start=\"1523\" data-end=\"1965\"><strong data-start=\"1526\" data-end=\"1581\">Selbstfahrend mit variabler Geschwindigkeit (1,8 - 5,0 km\/h)<\/strong><\/li>\n<li data-start=\"1523\" data-end=\"1965\"><strong data-start=\"1587\" data-end=\"1610\">B\u00fcrstenloser 58V Motor<\/strong> - Leise, leistungsstark und wartungsarm<\/li>\n<li data-start=\"1523\" data-end=\"1965\"><strong data-start=\"1650\" data-end=\"1671\">Schnittbreite 52 cm<\/strong> - Schnell und effizient arbeiten<\/li>\n<li data-start=\"1523\" data-end=\"1965\"><strong data-start=\"1704\" data-end=\"1726\">3-in-1-Schneidefunktion<\/strong> - Grasaufnahme, Mulchen oder Seitenauswurf<\/li>\n<li data-start=\"1523\" data-end=\"1965\"><strong data-start=\"1769\" data-end=\"1795\">USEFOLD\u2122-Faltsystem<\/strong> - Zusammenklappbarer Griff f\u00fcr kompakte Lagerung<\/li>\n<li data-start=\"1523\" data-end=\"1965\"><strong data-start=\"1845\" data-end=\"1862\">7 Schnitth\u00f6hen<\/strong> - Einstellbar von 30 mm bis 100 mm<\/li>\n<li data-start=\"1523\" data-end=\"1965\"><strong data-start=\"1902\" data-end=\"1929\">Helle LED-Beleuchtung<\/strong> - Auch abends oder im Schatten m\u00e4hen<\/li>\n<\/ul>\n<h3 class=\"\" data-start=\"1972\" data-end=\"2007\"><strong data-start=\"1976\" data-end=\"2005\">Technische Daten:<\/strong><\/h3>\n<ul data-start=\"2008\" data-end=\"2427\">\n<li class=\"\" data-start=\"2008\" data-end=\"2034\">\n<p class=\"\" data-start=\"2010\" data-end=\"2034\"><strong data-start=\"2010\" data-end=\"2020\">Modell:<\/strong> KDLM58211PK<\/p>\n<\/li>\n<li class=\"\" data-start=\"2035\" data-end=\"2097\">\n<p class=\"\" data-start=\"2037\" data-end=\"2097\"><strong data-start=\"2037\" data-end=\"2053\">Antrieb:<\/strong> Hinterradantrieb, variable Geschwindigkeit<\/p>\n<\/li>\n<li class=\"\" data-start=\"2098\" data-end=\"2149\">\n<p class=\"\" data-start=\"2100\" data-end=\"2149\"><strong data-start=\"2100\" data-end=\"2109\">Batterie:<\/strong> 58V \/ 7,5Ah Lithium-Ionen (mitgeliefert)<\/p>\n<\/li>\n<li class=\"\" data-start=\"2150\" data-end=\"2211\">\n<p class=\"\" data-start=\"2152\" data-end=\"2211\"><strong data-start=\"2152\" data-end=\"2167\">Aufladezeit:<\/strong> ca. 60 min mit 8A-Schnellladeger\u00e4t (im Lieferumfang enthalten)<\/p>\n<\/li>\n<li class=\"\" data-start=\"2212\" data-end=\"2244\">\n<p class=\"\" data-start=\"2214\" data-end=\"2244\"><strong data-start=\"2214\" data-end=\"2231\">Nutzungsdauer:<\/strong> bis zu 60 Minuten<\/p>\n<\/li>\n<li class=\"\" data-start=\"2245\" data-end=\"2272\">\n<p class=\"\" data-start=\"2247\" data-end=\"2272\"><strong data-start=\"2247\" data-end=\"2263\">Schnittbreite:<\/strong> 520 mm<\/p>\n<\/li>\n<li class=\"\" data-start=\"2273\" data-end=\"2317\">\n<p class=\"\" data-start=\"2275\" data-end=\"2317\"><strong data-start=\"2275\" data-end=\"2290\">Schnitth\u00f6he:<\/strong> 7 Positionen (30 - 100 mm)<\/p>\n<\/li>\n<li class=\"\" data-start=\"2318\" data-end=\"2356\">\n<p class=\"\" data-start=\"2320\" data-end=\"2356\"><strong data-start=\"2320\" data-end=\"2345\">Kapazit\u00e4t der Grasaufnahme:<\/strong> 70 Liter<\/p>\n<\/li>\n<li class=\"\" data-start=\"2357\" data-end=\"2393\">\n<p class=\"\" data-start=\"2359\" data-end=\"2393\"><strong data-start=\"2359\" data-end=\"2383\">Gewicht ohne Batterie:<\/strong> 30,4 kg<\/p>\n<\/li>\n<li class=\"\" data-start=\"2394\" data-end=\"2427\">\n<p class=\"\" data-start=\"2396\" data-end=\"2427\"><strong data-start=\"2396\" data-end=\"2417\">Gewicht mit Batterie:<\/strong> 32,5 kg<\/p>\n<\/li>\n<\/ul>\n<h3 class=\"\" data-start=\"2434\" data-end=\"2470\"><strong data-start=\"2438\" data-end=\"2468\">Umfang der Lieferung:<\/strong><\/h3>\n<ul data-start=\"2471\" data-end=\"2728\">\n<li class=\"\" data-start=\"2471\" data-end=\"2525\">\n<p class=\"\" data-start=\"2473\" data-end=\"2525\">DCK 58V Selbstfahrender Accu-Rasenm\u00e4her - KDLM58211PK<\/p>\n<\/li>\n<li class=\"\" data-start=\"2526\" data-end=\"2559\">\n<p class=\"\" data-start=\"2528\" data-end=\"2559\">1x DCK 7,5Ah Lithium-Ionen-Akku<\/p>\n<\/li>\n<li class=\"\" data-start=\"2560\" data-end=\"2583\">\n<p class=\"\" data-start=\"2562\" data-end=\"2583\">1x DCK 8A Schnellladeger\u00e4t<\/p>\n<\/li>\n<li class=\"\" data-start=\"2584\" data-end=\"2604\">\n<p class=\"\" data-start=\"2586\" data-end=\"2604\">1x Gras-Sammelsack<\/p>\n<\/li>\n<li class=\"\" data-start=\"2605\" data-end=\"2624\">\n<p class=\"\" data-start=\"2607\" data-end=\"2624\">1x Grassack-Rahmen<\/p>\n<\/li>\n<li class=\"\" data-start=\"2625\" data-end=\"2663\">\n<p class=\"\" data-start=\"2627\" data-end=\"2663\">1x Mulcheinsatz (vormontiert)<\/p>\n<\/li>\n<li class=\"\" data-start=\"2664\" data-end=\"2686\">\n<p class=\"\" data-start=\"2666\" data-end=\"2686\">1x Seitenauswurfschacht<\/p>\n<\/li>\n<li class=\"\" data-start=\"2687\" data-end=\"2705\">\n<p class=\"\" data-start=\"2689\" data-end=\"2705\">1x Handbuch<\/p>\n<\/li>\n<li class=\"\" data-start=\"2706\" data-end=\"2728\">\n<p class=\"\" data-start=\"2708\" data-end=\"2728\">1x Verpackungsbox<\/p>\n<\/li>\n<\/ul>","protected":false},"excerpt":{"rendered":"<p>\u2705 <strong data-start=\"316\" data-end=\"354\">Selbstfahrend mit variabler Geschwindigkeit<\/strong> - Komfortables M\u00e4hen an H\u00e4ngen und in unebenem Gel\u00e4nde<br data-start=\"408\" data-end=\"411\" \/>\u2705 <strong data-start=\"413\" data-end=\"431\">3-in-1-Funktion<\/strong> - Mulchen, Seitenauswurf oder Grasaufnahme in einem 70-Liter-Fangsack<br data-start=\"489\" data-end=\"492\" \/>\u2705 <strong data-start=\"494\" data-end=\"527\">B\u00fcrstenloser Motor und 58V-System<\/strong> - Leise, leistungsstark und wartungsarm<br data-start=\"561\" data-end=\"564\" \/>\u2705 <strong data-start=\"566\" data-end=\"612\">Benutzerfreundliches Faltsystem (USEFOLD\u2122)<\/strong> - Kompakte Lagerung in Sekundenschnelle<br data-start=\"647\" data-end=\"650\" \/>\u2705 <strong data-start=\"652\" data-end=\"688\">Inklusive 7,5Ah Akku und 8A Schnellladeger\u00e4t<\/strong> - Bis zu 60 Minuten Arbeitszeit<\/p>","protected":false},"featured_media":6998,"comment_status":"open","ping_status":"closed","template":"","meta":[],"product_brand":[630],"product_cat":[709,706],"product_tag":[],"class_list":{"0":"post-6999","1":"product","2":"type-product","3":"status-publish","4":"has-post-thumbnail","6":"product_brand-dck","7":"product_cat-accu-grasmaaier","8":"product_cat-accu-tuingereedschap","10":"first","11":"instock","12":"shipping-taxable","13":"product-type-simple"},"ct_brands":[{"id":630,"name":"DCK","slug":"dck"}],"yoast_head":"<!-- This site is optimized with the Yoast SEO plugin v27.5 - https:\/\/yoast.com\/product\/yoast-seo-wordpress\/ -->\n<title>DCK KDLM58211PK 58V Accu Grasmaaier | 7.5Ah Accu &amp; Lader - KEM Europe<\/title>\n<meta name=\"description\" content=\"DCK 58V zelfrijdende accu grasmaaier met 52 cm maaibreedte, 3-in-1 functie en 7 maaihoogtes. Incl. 7.5Ah accu &amp; snellader. Tot 60 min gebruikstijd.\" \/>\n<meta name=\"robots\" content=\"index, follow, max-snippet:-1, max-image-preview:large, max-video-preview:-1\" \/>\n<link rel=\"canonical\" href=\"https:\/\/kem-europe.eu\/de\/produkt\/dck-58v-rasenmaeher-kdlm58211pk-7-5ah\/\" \/>\n<meta property=\"og:locale\" content=\"de_DE\" \/>\n<meta property=\"og:type\" content=\"article\" \/>\n<meta property=\"og:title\" content=\"DCK KDLM58211PK 58V Accu Grasmaaier | 7.5Ah Accu &amp; Lader - KEM Europe\" \/>\n<meta property=\"og:description\" content=\"DCK 58V zelfrijdende accu grasmaaier met 52 cm maaibreedte, 3-in-1 functie en 7 maaihoogtes. Incl. 7.5Ah accu &amp; snellader. Tot 60 min gebruikstijd.\" \/>\n<meta property=\"og:url\" content=\"https:\/\/kem-europe.eu\/de\/produkt\/dck-58v-rasenmaeher-kdlm58211pk-7-5ah\/\" \/>\n<meta property=\"og:site_name\" content=\"KEM Europe\" \/>\n<meta property=\"article:modified_time\" content=\"2025-10-10T10:59:21+00:00\" \/>\n<meta property=\"og:image\" content=\"https:\/\/kem-europe.eu\/wp-content\/uploads\/2025\/04\/1-3.jpg\" \/>\n\t<meta property=\"og:image:width\" content=\"700\" \/>\n\t<meta property=\"og:image:height\" content=\"700\" \/>\n\t<meta property=\"og:image:type\" content=\"image\/jpeg\" \/>\n<meta name=\"twitter:card\" content=\"summary_large_image\" \/>\n<meta name=\"twitter:label1\" content=\"Gesch\u00e4tzte Lesezeit\" \/>\n\t<meta name=\"twitter:data1\" content=\"2\u00a0Minuten\" \/>\n<script type=\"application\/ld+json\" class=\"yoast-schema-graph\">{\"@context\":\"https:\\\/\\\/schema.org\",\"@graph\":[{\"@type\":\"WebPage\",\"@id\":\"https:\\\/\\\/kem-europe.eu\\\/product\\\/dck-58v-accu-grasmaaier-kdlm58211pk-75ah\\\/\",\"url\":\"https:\\\/\\\/kem-europe.eu\\\/product\\\/dck-58v-accu-grasmaaier-kdlm58211pk-75ah\\\/\",\"name\":\"DCK KDLM58211PK 58V Accu Grasmaaier | 7.5Ah Accu & Lader - KEM Europe\",\"isPartOf\":{\"@id\":\"https:\\\/\\\/kem-europe.eu\\\/#website\"},\"primaryImageOfPage\":{\"@id\":\"https:\\\/\\\/kem-europe.eu\\\/product\\\/dck-58v-accu-grasmaaier-kdlm58211pk-75ah\\\/#primaryimage\"},\"image\":{\"@id\":\"https:\\\/\\\/kem-europe.eu\\\/product\\\/dck-58v-accu-grasmaaier-kdlm58211pk-75ah\\\/#primaryimage\"},\"thumbnailUrl\":\"https:\\\/\\\/kem-europe.eu\\\/wp-content\\\/uploads\\\/2025\\\/04\\\/1-3.jpg\",\"datePublished\":\"2025-04-01T12:16:00+00:00\",\"dateModified\":\"2025-10-10T10:59:21+00:00\",\"description\":\"DCK 58V zelfrijdende accu grasmaaier met 52 cm maaibreedte, 3-in-1 functie en 7 maaihoogtes. Incl. 7.5Ah accu & snellader. Tot 60 min gebruikstijd.\",\"breadcrumb\":{\"@id\":\"https:\\\/\\\/kem-europe.eu\\\/product\\\/dck-58v-accu-grasmaaier-kdlm58211pk-75ah\\\/#breadcrumb\"},\"inLanguage\":\"de\",\"potentialAction\":[{\"@type\":\"ReadAction\",\"target\":[\"https:\\\/\\\/kem-europe.eu\\\/product\\\/dck-58v-accu-grasmaaier-kdlm58211pk-75ah\\\/\"]}]},{\"@type\":\"ImageObject\",\"inLanguage\":\"de\",\"@id\":\"https:\\\/\\\/kem-europe.eu\\\/product\\\/dck-58v-accu-grasmaaier-kdlm58211pk-75ah\\\/#primaryimage\",\"url\":\"https:\\\/\\\/kem-europe.eu\\\/wp-content\\\/uploads\\\/2025\\\/04\\\/1-3.jpg\",\"contentUrl\":\"https:\\\/\\\/kem-europe.eu\\\/wp-content\\\/uploads\\\/2025\\\/04\\\/1-3.jpg\",\"width\":700,\"height\":700,\"caption\":\"DCK 58V zelfrijdende accu grasmaaier KDLM58211PK met brushless motor, 7.5Ah accu en 3-in-1 functie \u2013 ideaal voor krachtig en stil maaien.\"},{\"@type\":\"BreadcrumbList\",\"@id\":\"https:\\\/\\\/kem-europe.eu\\\/product\\\/dck-58v-accu-grasmaaier-kdlm58211pk-75ah\\\/#breadcrumb\",\"itemListElement\":[{\"@type\":\"ListItem\",\"position\":1,\"name\":\"Home\",\"item\":\"https:\\\/\\\/kem-europe.eu\\\/\"},{\"@type\":\"ListItem\",\"position\":2,\"name\":\"Winkel\",\"item\":\"https:\\\/\\\/kem-europe.eu\\\/winkel\\\/\"},{\"@type\":\"ListItem\",\"position\":3,\"name\":\"DCK 58V Accu Grasmaaier | KDLM58211PK | Incl. 7.5Ah Accu &#038; Snellader\"}]},{\"@type\":\"WebSite\",\"@id\":\"https:\\\/\\\/kem-europe.eu\\\/#website\",\"url\":\"https:\\\/\\\/kem-europe.eu\\\/\",\"name\":\"KEM Europe\",\"description\":\"\",\"publisher\":{\"@id\":\"https:\\\/\\\/kem-europe.eu\\\/#organization\"},\"potentialAction\":[{\"@type\":\"SearchAction\",\"target\":{\"@type\":\"EntryPoint\",\"urlTemplate\":\"https:\\\/\\\/kem-europe.eu\\\/?s={search_term_string}\"},\"query-input\":{\"@type\":\"PropertyValueSpecification\",\"valueRequired\":true,\"valueName\":\"search_term_string\"}}],\"inLanguage\":\"de\"},{\"@type\":\"Organization\",\"@id\":\"https:\\\/\\\/kem-europe.eu\\\/#organization\",\"name\":\"KEM Europe\",\"url\":\"https:\\\/\\\/kem-europe.eu\\\/\",\"logo\":{\"@type\":\"ImageObject\",\"inLanguage\":\"de\",\"@id\":\"https:\\\/\\\/kem-europe.eu\\\/#\\\/schema\\\/logo\\\/image\\\/\",\"url\":\"https:\\\/\\\/kem-europe.eu\\\/wp-content\\\/uploads\\\/2025\\\/02\\\/KEM2019-BLACK-1500W.png\",\"contentUrl\":\"https:\\\/\\\/kem-europe.eu\\\/wp-content\\\/uploads\\\/2025\\\/02\\\/KEM2019-BLACK-1500W.png\",\"width\":1500,\"height\":626,\"caption\":\"KEM Europe\"},\"image\":{\"@id\":\"https:\\\/\\\/kem-europe.eu\\\/#\\\/schema\\\/logo\\\/image\\\/\"}}]}<\/script>\n<!-- \/ Yoast SEO plugin. -->","yoast_head_json":{"title":"DCK KDLM58211PK 58V Akku-Rasenm\u00e4her | 7.5Ah Batterie &amp; Ladeger\u00e4t - KEM Europe","description":"Selbstfahrender Akku-Rasenm\u00e4her DCK 58V mit 52 cm Schnittbreite, 3-in-1-Funktion und 7 Schnitth\u00f6hen. Inklusive 7,5Ah Akku und Schnellladeger\u00e4t. Bis zu 60 Min. Betriebszeit.","robots":{"index":"index","follow":"follow","max-snippet":"max-snippet:-1","max-image-preview":"max-image-preview:large","max-video-preview":"max-video-preview:-1"},"canonical":"https:\/\/kem-europe.eu\/de\/produkt\/dck-58v-rasenmaeher-kdlm58211pk-7-5ah\/","og_locale":"de_DE","og_type":"article","og_title":"DCK KDLM58211PK 58V Accu Grasmaaier | 7.5Ah Accu & Lader - KEM Europe","og_description":"DCK 58V zelfrijdende accu grasmaaier met 52 cm maaibreedte, 3-in-1 functie en 7 maaihoogtes. Incl. 7.5Ah accu & snellader. Tot 60 min gebruikstijd.","og_url":"https:\/\/kem-europe.eu\/de\/produkt\/dck-58v-rasenmaeher-kdlm58211pk-7-5ah\/","og_site_name":"KEM Europe","article_modified_time":"2025-10-10T10:59:21+00:00","og_image":[{"width":700,"height":700,"url":"https:\/\/kem-europe.eu\/wp-content\/uploads\/2025\/04\/1-3.jpg","type":"image\/jpeg"}],"twitter_card":"summary_large_image","twitter_misc":{"Gesch\u00e4tzte Lesezeit":"2\u00a0Minuten"},"schema":{"@context":"https:\/\/schema.org","@graph":[{"@type":"WebPage","@id":"https:\/\/kem-europe.eu\/product\/dck-58v-accu-grasmaaier-kdlm58211pk-75ah\/","url":"https:\/\/kem-europe.eu\/product\/dck-58v-accu-grasmaaier-kdlm58211pk-75ah\/","name":"DCK KDLM58211PK 58V Akku-Rasenm\u00e4her | 7.5Ah Batterie &amp; Ladeger\u00e4t - KEM Europe","isPartOf":{"@id":"https:\/\/kem-europe.eu\/#website"},"primaryImageOfPage":{"@id":"https:\/\/kem-europe.eu\/product\/dck-58v-accu-grasmaaier-kdlm58211pk-75ah\/#primaryimage"},"image":{"@id":"https:\/\/kem-europe.eu\/product\/dck-58v-accu-grasmaaier-kdlm58211pk-75ah\/#primaryimage"},"thumbnailUrl":"https:\/\/kem-europe.eu\/wp-content\/uploads\/2025\/04\/1-3.jpg","datePublished":"2025-04-01T12:16:00+00:00","dateModified":"2025-10-10T10:59:21+00:00","description":"Selbstfahrender Akku-Rasenm\u00e4her DCK 58V mit 52 cm Schnittbreite, 3-in-1-Funktion und 7 Schnitth\u00f6hen. Inklusive 7,5Ah Akku und Schnellladeger\u00e4t. Bis zu 60 Min. Betriebszeit.","breadcrumb":{"@id":"https:\/\/kem-europe.eu\/product\/dck-58v-accu-grasmaaier-kdlm58211pk-75ah\/#breadcrumb"},"inLanguage":"de","potentialAction":[{"@type":"ReadAction","target":["https:\/\/kem-europe.eu\/product\/dck-58v-accu-grasmaaier-kdlm58211pk-75ah\/"]}]},{"@type":"ImageObject","inLanguage":"de","@id":"https:\/\/kem-europe.eu\/product\/dck-58v-accu-grasmaaier-kdlm58211pk-75ah\/#primaryimage","url":"https:\/\/kem-europe.eu\/wp-content\/uploads\/2025\/04\/1-3.jpg","contentUrl":"https:\/\/kem-europe.eu\/wp-content\/uploads\/2025\/04\/1-3.jpg","width":700,"height":700,"caption":"DCK 58V zelfrijdende accu grasmaaier KDLM58211PK met brushless motor, 7.5Ah accu en 3-in-1 functie \u2013 ideaal voor krachtig en stil maaien."},{"@type":"BreadcrumbList","@id":"https:\/\/kem-europe.eu\/product\/dck-58v-accu-grasmaaier-kdlm58211pk-75ah\/#breadcrumb","itemListElement":[{"@type":"ListItem","position":1,"name":"Home","item":"https:\/\/kem-europe.eu\/"},{"@type":"ListItem","position":2,"name":"Winkel","item":"https:\/\/kem-europe.eu\/winkel\/"},{"@type":"ListItem","position":3,"name":"DCK 58V Accu Grasmaaier | KDLM58211PK | Incl. 7.5Ah Accu &#038; Snellader"}]},{"@type":"WebSite","@id":"https:\/\/kem-europe.eu\/#website","url":"https:\/\/kem-europe.eu\/","name":"KEM Europe","description":"","publisher":{"@id":"https:\/\/kem-europe.eu\/#organization"},"potentialAction":[{"@type":"SearchAction","target":{"@type":"EntryPoint","urlTemplate":"https:\/\/kem-europe.eu\/?s={search_term_string}"},"query-input":{"@type":"PropertyValueSpecification","valueRequired":true,"valueName":"search_term_string"}}],"inLanguage":"de"},{"@type":"Organization","@id":"https:\/\/kem-europe.eu\/#organization","name":"KEM Europe","url":"https:\/\/kem-europe.eu\/","logo":{"@type":"ImageObject","inLanguage":"de","@id":"https:\/\/kem-europe.eu\/#\/schema\/logo\/image\/","url":"https:\/\/kem-europe.eu\/wp-content\/uploads\/2025\/02\/KEM2019-BLACK-1500W.png","contentUrl":"https:\/\/kem-europe.eu\/wp-content\/uploads\/2025\/02\/KEM2019-BLACK-1500W.png","width":1500,"height":626,"caption":"KEM Europe"},"image":{"@id":"https:\/\/kem-europe.eu\/#\/schema\/logo\/image\/"}}]}},"_links":{"self":[{"href":"https:\/\/kem-europe.eu\/de\/wp-json\/wp\/v2\/product\/6999","targetHints":{"allow":["GET"]}}],"collection":[{"href":"https:\/\/kem-europe.eu\/de\/wp-json\/wp\/v2\/product"}],"about":[{"href":"https:\/\/kem-europe.eu\/de\/wp-json\/wp\/v2\/types\/product"}],"replies":[{"embeddable":true,"href":"https:\/\/kem-europe.eu\/de\/wp-json\/wp\/v2\/comments?post=6999"}],"wp:featuredmedia":[{"embeddable":true,"href":"https:\/\/kem-europe.eu\/de\/wp-json\/wp\/v2\/media\/6998"}],"wp:attachment":[{"href":"https:\/\/kem-europe.eu\/de\/wp-json\/wp\/v2\/media?parent=6999"}],"wp:term":[{"taxonomy":"product_brand","embeddable":true,"href":"https:\/\/kem-europe.eu\/de\/wp-json\/wp\/v2\/product_brand?post=6999"},{"taxonomy":"product_cat","embeddable":true,"href":"https:\/\/kem-europe.eu\/de\/wp-json\/wp\/v2\/product_cat?post=6999"},{"taxonomy":"product_tag","embeddable":true,"href":"https:\/\/kem-europe.eu\/de\/wp-json\/wp\/v2\/product_tag?post=6999"}],"curies":[{"name":"wp","href":"https:\/\/api.w.org\/{rel}","templated":true}]}}