{"id":7013,"date":"2025-04-01T12:16:04","date_gmt":"2025-04-01T12:16:04","guid":{"rendered":"https:\/\/kem-europe.eu\/product\/dck-tools-kdcs58181fdk-accu-kettingzaag-58v-45cm-met-1-x-5-0ah-accu\/"},"modified":"2025-04-01T14:26:54","modified_gmt":"2025-04-01T14:26:54","slug":"dck-58v-kettensaege-kdcs58181fdk-5ah","status":"publish","type":"product","link":"https:\/\/kem-europe.eu\/de\/product\/dck-58v-kettingzaag-kdcs58181fdk-5ah\/","title":{"rendered":"DCK 58V Accu-Kettens\u00e4ge | KDCS58181FDK | 45 cm | Inkl. 5.0Ah Akku &amp; Schnellladeger\u00e4t"},"content":{"rendered":"<p class=\"\" data-start=\"722\" data-end=\"1044\">Die DCK 58V Akku-Kettens\u00e4ge KDCS58181FDK ist die L\u00f6sung f\u00fcr kraftvolle Schneidarbeiten ohne die Nachteile eines Benzinmotors. Mit einem 45 cm (18\u2033) Oregon\u00ae-S\u00e4geblatt, einem leistungsstarken b\u00fcrstenlosen Motor und einer intelligenten Ausstattung bietet diese Kettens\u00e4ge Spitzenleistung f\u00fcr Profis und begeisterte Heimwerker.<\/p>\n<p class=\"\" data-start=\"1046\" data-end=\"1302\">Dank der Kettengeschwindigkeit von 23 m\/s schneiden Sie m\u00fchelos durch bis zu 38 cm dicke Baumst\u00e4mme. Das automatische Schmiersystem verl\u00e4ngert die Lebensdauer von Schiene und Kette, w\u00e4hrend der werkzeuglose Kettenspanner die Wartung erleichtert.<\/p>\n<p class=\"\" data-start=\"1304\" data-end=\"1482\">Die Kettens\u00e4ge verf\u00fcgt \u00fcber eine vibrationsd\u00e4mpfende Struktur und eine LED-Arbeitsbeleuchtung, damit Sie auch bei l\u00e4ngeren oder schlecht beleuchteten Arbeiten bequem und sicher arbeiten k\u00f6nnen.<\/p>\n<h3 class=\"\" data-start=\"1489\" data-end=\"1523\"><strong data-start=\"1493\" data-end=\"1521\">Wesentliche Merkmale:<\/strong><\/h3>\n<ul>\n<li data-start=\"1524\" data-end=\"2151\"><strong data-start=\"1527\" data-end=\"1563\">45 cm Oregon\u00ae-Schiene + Kette<\/strong> - Langlebig und zuverl\u00e4ssig<\/li>\n<li data-start=\"1524\" data-end=\"2151\"><strong data-start=\"1595\" data-end=\"1642\">B\u00fcrstenloser Motor mit 58V-Lithium-Ionen-System<\/strong> - Mehr Leistung, weniger Wartung<\/li>\n<li data-start=\"1524\" data-end=\"2151\"><strong data-start=\"1682\" data-end=\"1708\">Kettengeschwindigkeit 23 m\/s<\/strong> - F\u00fcr schnelle und kontrollierte Schnitte<\/li>\n<li data-start=\"1524\" data-end=\"2151\"><strong data-start=\"1757\" data-end=\"1786\">Schneidkapazit\u00e4t bis zu 380 mm<\/strong> - F\u00fcr seri\u00f6se Auftr\u00e4ge<\/li>\n<li data-start=\"1524\" data-end=\"2151\"><strong data-start=\"1816\" data-end=\"1852\">Werkzeugloses Spannen der Kette<\/strong> - Schnelle und einfache Einstellung<\/li>\n<li data-start=\"1524\" data-end=\"2151\"><strong data-start=\"1889\" data-end=\"1913\">Automatische Schmierung<\/strong> - Garantiert konstante Leistung<\/li>\n<li data-start=\"1524\" data-end=\"2151\"><strong data-start=\"1953\" data-end=\"1979\">Schwingungsd\u00e4mpfende Struktur<\/strong> - Weniger Last, mehr Komfort<\/li>\n<li data-start=\"1524\" data-end=\"2151\"><strong data-start=\"2018\" data-end=\"2037\">LED-Beleuchtung<\/strong> - Erh\u00f6ht die Sichtbarkeit bei dunklen Arbeitsbedingungen<\/li>\n<li data-start=\"1524\" data-end=\"2151\"><strong data-start=\"2098\" data-end=\"2149\">Bis zu 30 Minuten Betriebszeit mit dem mitgelieferten 5.0Ah Akku<\/strong><\/li>\n<\/ul>\n<h3 class=\"\" data-start=\"2158\" data-end=\"2193\"><strong data-start=\"2162\" data-end=\"2191\">Technische Daten:<\/strong><\/h3>\n<ul data-start=\"2194\" data-end=\"2531\">\n<li class=\"\" data-start=\"2194\" data-end=\"2221\">\n<p class=\"\" data-start=\"2196\" data-end=\"2221\"><strong data-start=\"2196\" data-end=\"2206\">Modell:<\/strong> KDCS58181FDK<\/p>\n<\/li>\n<li class=\"\" data-start=\"2222\" data-end=\"2259\">\n<p class=\"\" data-start=\"2224\" data-end=\"2259\"><strong data-start=\"2224\" data-end=\"2237\">S\u00e4geblatt:<\/strong> 45 cm (18\u2033) Oregon\u00ae<\/p>\n<\/li>\n<li class=\"\" data-start=\"2260\" data-end=\"2291\">\n<p class=\"\" data-start=\"2262\" data-end=\"2291\"><strong data-start=\"2262\" data-end=\"2282\">Kettengeschwindigkeit:<\/strong> 23 m\/s<\/p>\n<\/li>\n<li class=\"\" data-start=\"2292\" data-end=\"2325\">\n<p class=\"\" data-start=\"2294\" data-end=\"2325\"><strong data-start=\"2294\" data-end=\"2316\">Maximaler Schnittdurchmesser:<\/strong> 380 mm<\/p>\n<\/li>\n<li class=\"\" data-start=\"2326\" data-end=\"2360\">\n<p class=\"\" data-start=\"2328\" data-end=\"2360\"><strong data-start=\"2328\" data-end=\"2351\">Fassungsverm\u00f6gen des \u00d6ltanks:<\/strong> 320 ml<\/p>\n<\/li>\n<li class=\"\" data-start=\"2361\" data-end=\"2389\">\n<p class=\"\" data-start=\"2363\" data-end=\"2389\"><strong data-start=\"2363\" data-end=\"2376\">Anspannung:<\/strong> 58 Volt Gleichstrom<\/p>\n<\/li>\n<li class=\"\" data-start=\"2390\" data-end=\"2426\">\n<p class=\"\" data-start=\"2392\" data-end=\"2426\"><strong data-start=\"2392\" data-end=\"2416\">Gewicht ohne Batterie:<\/strong> 4,55 kg<\/p>\n<\/li>\n<li class=\"\" data-start=\"2427\" data-end=\"2466\">\n<p class=\"\" data-start=\"2429\" data-end=\"2466\"><strong data-start=\"2429\" data-end=\"2456\">Gewicht mit 5.0Ah Akku:<\/strong> 6,65 kg<\/p>\n<\/li>\n<li class=\"\" data-start=\"2467\" data-end=\"2531\">\n<p class=\"\" data-start=\"2469\" data-end=\"2531\"><strong data-start=\"2469\" data-end=\"2486\">Dauer der Nutzung:<\/strong> Bis zu 30 Minuten (bei 300-mm-Ausleger mit 5,0-Ah-Akku)<\/p>\n<\/li>\n<\/ul>\n<h3 class=\"\" data-start=\"2538\" data-end=\"2574\"><strong data-start=\"2542\" data-end=\"2572\">Umfang der Lieferung:<\/strong><\/h3>\n<ul data-start=\"2575\" data-end=\"2812\">\n<li class=\"\" data-start=\"2575\" data-end=\"2628\">\n<p class=\"\" data-start=\"2577\" data-end=\"2628\">DCK 58V Akku-Kettens\u00e4ge b\u00fcrstenlos - KDCS58181FDK<\/p>\n<\/li>\n<li class=\"\" data-start=\"2629\" data-end=\"2654\">\n<p class=\"\" data-start=\"2631\" data-end=\"2654\">Oregon\u00ae-S\u00e4geblatt (1x)<\/p>\n<\/li>\n<li class=\"\" data-start=\"2655\" data-end=\"2679\">\n<p class=\"\" data-start=\"2657\" data-end=\"2679\">Oregon\u00ae-Kette (1x)<\/p>\n<\/li>\n<li class=\"\" data-start=\"2680\" data-end=\"2708\">\n<p class=\"\" data-start=\"2682\" data-end=\"2708\">Schutz f\u00fcr das S\u00e4geblatt (1x)<\/p>\n<\/li>\n<li class=\"\" data-start=\"2709\" data-end=\"2729\">\n<p class=\"\" data-start=\"2711\" data-end=\"2729\">Ketten\u00f6l (1x)<\/p>\n<\/li>\n<li class=\"\" data-start=\"2730\" data-end=\"2750\">\n<p class=\"\" data-start=\"2732\" data-end=\"2750\">Handbuch (1x)<\/p>\n<\/li>\n<li class=\"\" data-start=\"2751\" data-end=\"2786\">\n<p class=\"\" data-start=\"2753\" data-end=\"2786\"><strong data-start=\"2753\" data-end=\"2784\">5.0Ah Lithium-Ionen-Akku (1x)<\/strong><\/p>\n<\/li>\n<li class=\"\" data-start=\"2787\" data-end=\"2812\">\n<p class=\"\" data-start=\"2789\" data-end=\"2812\"><strong data-start=\"2789\" data-end=\"2810\">8A Schnellladeger\u00e4t (1x)<\/strong><\/p>\n<\/li>\n<\/ul>","protected":false},"excerpt":{"rendered":"<p class=\"\" data-start=\"296\" data-end=\"684\">\u2705 <strong data-start=\"298\" data-end=\"324\">45 cm Oregon\u00ae-S\u00e4geblatt<\/strong> - Leistungsstarke Schnitte bis zu 380 mm Durchmesser<br data-start=\"367\" data-end=\"370\" \/>\u2705 <strong data-start=\"372\" data-end=\"405\">B\u00fcrstenloser Motor und 58V-System<\/strong> - Ger\u00e4uscharm, langlebig und wartungsarm<br data-start=\"439\" data-end=\"442\" \/>\u2705 <strong data-start=\"444\" data-end=\"480\">Werkzeugloses Spannen der Kette<\/strong> - Schnelle und einfache Einstellung<br data-start=\"510\" data-end=\"513\" \/>\u2705 <strong data-start=\"515\" data-end=\"559\">Schwingungsd\u00e4mpfende Struktur &amp; LED-Beleuchtung<\/strong> - Komfort und Sichtbarkeit unter allen Bedingungen<br data-start=\"604\" data-end=\"607\" \/>\u2705 <strong data-start=\"609\" data-end=\"649\">Inklusive 5.0Ah Akku und 8A Schnellladeger\u00e4t<\/strong> - Bis zu 30 Minuten Betriebszeit pro Ladung<\/p>","protected":false},"featured_media":7012,"comment_status":"open","ping_status":"closed","template":"","meta":[],"product_brand":[630],"product_cat":[711,706],"product_tag":[],"class_list":{"0":"post-7013","1":"product","2":"type-product","3":"status-publish","4":"has-post-thumbnail","6":"product_brand-dck","7":"product_cat-accu-kettingzaag","8":"product_cat-accu-tuingereedschap","10":"first","11":"instock","12":"shipping-taxable","13":"product-type-simple"},"ct_brands":[{"id":630,"name":"DCK","slug":"dck"}],"yoast_head":"<!-- This site is optimized with the Yoast SEO plugin v27.3 - https:\/\/yoast.com\/product\/yoast-seo-wordpress\/ -->\n<title>DCK 58V Kettingzaag KDCS58181FDK | 45 cm | Accu &amp; Lader - KEM Europe<\/title>\n<meta name=\"description\" content=\"DCK 58V kettingzaag met 45cm Oregon zaagblad en brushless motor. Gereedschapsloos bijstellen, anti-vibratie en LED-verlichting. Incl. 5.0Ah accu &amp; lader.\" \/>\n<meta name=\"robots\" content=\"index, follow, max-snippet:-1, max-image-preview:large, max-video-preview:-1\" \/>\n<link rel=\"canonical\" href=\"https:\/\/kem-europe.eu\/de\/produkt\/dck-58v-kettensaege-kdcs58181fdk-5ah\/\" \/>\n<meta property=\"og:locale\" content=\"de_DE\" \/>\n<meta property=\"og:type\" content=\"article\" \/>\n<meta property=\"og:title\" content=\"DCK 58V Kettingzaag KDCS58181FDK | 45 cm | Accu &amp; Lader - KEM Europe\" \/>\n<meta property=\"og:description\" content=\"DCK 58V kettingzaag met 45cm Oregon zaagblad en brushless motor. Gereedschapsloos bijstellen, anti-vibratie en LED-verlichting. Incl. 5.0Ah accu &amp; lader.\" \/>\n<meta property=\"og:url\" content=\"https:\/\/kem-europe.eu\/de\/produkt\/dck-58v-kettensaege-kdcs58181fdk-5ah\/\" \/>\n<meta property=\"og:site_name\" content=\"KEM Europe\" \/>\n<meta property=\"article:modified_time\" content=\"2025-04-01T14:26:54+00:00\" \/>\n<meta property=\"og:image\" content=\"https:\/\/kem-europe.eu\/wp-content\/uploads\/2025\/04\/1-4.jpg\" \/>\n\t<meta property=\"og:image:width\" content=\"700\" \/>\n\t<meta property=\"og:image:height\" content=\"700\" \/>\n\t<meta property=\"og:image:type\" content=\"image\/jpeg\" \/>\n<meta name=\"twitter:card\" content=\"summary_large_image\" \/>\n<meta name=\"twitter:label1\" content=\"Gesch\u00e4tzte Lesezeit\" \/>\n\t<meta name=\"twitter:data1\" content=\"2\u00a0Minuten\" \/>\n<script type=\"application\/ld+json\" class=\"yoast-schema-graph\">{\"@context\":\"https:\\\/\\\/schema.org\",\"@graph\":[{\"@type\":\"WebPage\",\"@id\":\"https:\\\/\\\/kem-europe.eu\\\/product\\\/dck-58v-kettingzaag-kdcs58181fdk-5ah\\\/\",\"url\":\"https:\\\/\\\/kem-europe.eu\\\/product\\\/dck-58v-kettingzaag-kdcs58181fdk-5ah\\\/\",\"name\":\"DCK 58V Kettingzaag KDCS58181FDK | 45 cm | Accu & Lader - KEM Europe\",\"isPartOf\":{\"@id\":\"https:\\\/\\\/kem-europe.eu\\\/#website\"},\"primaryImageOfPage\":{\"@id\":\"https:\\\/\\\/kem-europe.eu\\\/product\\\/dck-58v-kettingzaag-kdcs58181fdk-5ah\\\/#primaryimage\"},\"image\":{\"@id\":\"https:\\\/\\\/kem-europe.eu\\\/product\\\/dck-58v-kettingzaag-kdcs58181fdk-5ah\\\/#primaryimage\"},\"thumbnailUrl\":\"https:\\\/\\\/kem-europe.eu\\\/wp-content\\\/uploads\\\/2025\\\/04\\\/1-4.jpg\",\"datePublished\":\"2025-04-01T12:16:04+00:00\",\"dateModified\":\"2025-04-01T14:26:54+00:00\",\"description\":\"DCK 58V kettingzaag met 45cm Oregon zaagblad en brushless motor. Gereedschapsloos bijstellen, anti-vibratie en LED-verlichting. Incl. 5.0Ah accu & lader.\",\"breadcrumb\":{\"@id\":\"https:\\\/\\\/kem-europe.eu\\\/product\\\/dck-58v-kettingzaag-kdcs58181fdk-5ah\\\/#breadcrumb\"},\"inLanguage\":\"de\",\"potentialAction\":[{\"@type\":\"ReadAction\",\"target\":[\"https:\\\/\\\/kem-europe.eu\\\/product\\\/dck-58v-kettingzaag-kdcs58181fdk-5ah\\\/\"]}]},{\"@type\":\"ImageObject\",\"inLanguage\":\"de\",\"@id\":\"https:\\\/\\\/kem-europe.eu\\\/product\\\/dck-58v-kettingzaag-kdcs58181fdk-5ah\\\/#primaryimage\",\"url\":\"https:\\\/\\\/kem-europe.eu\\\/wp-content\\\/uploads\\\/2025\\\/04\\\/1-4.jpg\",\"contentUrl\":\"https:\\\/\\\/kem-europe.eu\\\/wp-content\\\/uploads\\\/2025\\\/04\\\/1-4.jpg\",\"width\":700,\"height\":700,\"caption\":\"DCK 58V accu kettingzaag KDCS58181FDK met 45 cm Oregon zaagblad, brushless motor en 5.0Ah accu \u2013 geschikt voor krachtig, stil en mobiel zagen\"},{\"@type\":\"BreadcrumbList\",\"@id\":\"https:\\\/\\\/kem-europe.eu\\\/product\\\/dck-58v-kettingzaag-kdcs58181fdk-5ah\\\/#breadcrumb\",\"itemListElement\":[{\"@type\":\"ListItem\",\"position\":1,\"name\":\"Home\",\"item\":\"https:\\\/\\\/kem-europe.eu\\\/\"},{\"@type\":\"ListItem\",\"position\":2,\"name\":\"Winkel\",\"item\":\"https:\\\/\\\/kem-europe.eu\\\/winkel\\\/\"},{\"@type\":\"ListItem\",\"position\":3,\"name\":\"DCK 58V Accu Kettingzaag | KDCS58181FDK | 45 cm | Incl. 5.0Ah Accu &#038; Snellader\"}]},{\"@type\":\"WebSite\",\"@id\":\"https:\\\/\\\/kem-europe.eu\\\/#website\",\"url\":\"https:\\\/\\\/kem-europe.eu\\\/\",\"name\":\"KEM Europe\",\"description\":\"\",\"publisher\":{\"@id\":\"https:\\\/\\\/kem-europe.eu\\\/#organization\"},\"potentialAction\":[{\"@type\":\"SearchAction\",\"target\":{\"@type\":\"EntryPoint\",\"urlTemplate\":\"https:\\\/\\\/kem-europe.eu\\\/?s={search_term_string}\"},\"query-input\":{\"@type\":\"PropertyValueSpecification\",\"valueRequired\":true,\"valueName\":\"search_term_string\"}}],\"inLanguage\":\"de\"},{\"@type\":\"Organization\",\"@id\":\"https:\\\/\\\/kem-europe.eu\\\/#organization\",\"name\":\"KEM Europe\",\"url\":\"https:\\\/\\\/kem-europe.eu\\\/\",\"logo\":{\"@type\":\"ImageObject\",\"inLanguage\":\"de\",\"@id\":\"https:\\\/\\\/kem-europe.eu\\\/#\\\/schema\\\/logo\\\/image\\\/\",\"url\":\"https:\\\/\\\/kem-europe.eu\\\/wp-content\\\/uploads\\\/2025\\\/02\\\/KEM2019-BLACK-1500W.png\",\"contentUrl\":\"https:\\\/\\\/kem-europe.eu\\\/wp-content\\\/uploads\\\/2025\\\/02\\\/KEM2019-BLACK-1500W.png\",\"width\":1500,\"height\":626,\"caption\":\"KEM Europe\"},\"image\":{\"@id\":\"https:\\\/\\\/kem-europe.eu\\\/#\\\/schema\\\/logo\\\/image\\\/\"}}]}<\/script>\n<!-- \/ Yoast SEO plugin. -->","yoast_head_json":{"title":"DCK 58V Kettens\u00e4ge KDCS58181FDK | 45 cm | Akku &amp; Ladeger\u00e4t - KEM Europe","description":"DCK 58V Kettens\u00e4ge mit 45cm Oregon-Schiene und b\u00fcrstenlosem Motor. Werkzeuglose Einstellung, Antivibration und LED-Beleuchtung. Inklusive 5.0Ah Akku und Ladeger\u00e4t.","robots":{"index":"index","follow":"follow","max-snippet":"max-snippet:-1","max-image-preview":"max-image-preview:large","max-video-preview":"max-video-preview:-1"},"canonical":"https:\/\/kem-europe.eu\/de\/produkt\/dck-58v-kettensaege-kdcs58181fdk-5ah\/","og_locale":"de_DE","og_type":"article","og_title":"DCK 58V Kettingzaag KDCS58181FDK | 45 cm | Accu & Lader - KEM Europe","og_description":"DCK 58V kettingzaag met 45cm Oregon zaagblad en brushless motor. Gereedschapsloos bijstellen, anti-vibratie en LED-verlichting. Incl. 5.0Ah accu & lader.","og_url":"https:\/\/kem-europe.eu\/de\/produkt\/dck-58v-kettensaege-kdcs58181fdk-5ah\/","og_site_name":"KEM Europe","article_modified_time":"2025-04-01T14:26:54+00:00","og_image":[{"width":700,"height":700,"url":"https:\/\/kem-europe.eu\/wp-content\/uploads\/2025\/04\/1-4.jpg","type":"image\/jpeg"}],"twitter_card":"summary_large_image","twitter_misc":{"Gesch\u00e4tzte Lesezeit":"2\u00a0Minuten"},"schema":{"@context":"https:\/\/schema.org","@graph":[{"@type":"WebPage","@id":"https:\/\/kem-europe.eu\/product\/dck-58v-kettingzaag-kdcs58181fdk-5ah\/","url":"https:\/\/kem-europe.eu\/product\/dck-58v-kettingzaag-kdcs58181fdk-5ah\/","name":"DCK 58V Kettens\u00e4ge KDCS58181FDK | 45 cm | Akku &amp; Ladeger\u00e4t - KEM Europe","isPartOf":{"@id":"https:\/\/kem-europe.eu\/#website"},"primaryImageOfPage":{"@id":"https:\/\/kem-europe.eu\/product\/dck-58v-kettingzaag-kdcs58181fdk-5ah\/#primaryimage"},"image":{"@id":"https:\/\/kem-europe.eu\/product\/dck-58v-kettingzaag-kdcs58181fdk-5ah\/#primaryimage"},"thumbnailUrl":"https:\/\/kem-europe.eu\/wp-content\/uploads\/2025\/04\/1-4.jpg","datePublished":"2025-04-01T12:16:04+00:00","dateModified":"2025-04-01T14:26:54+00:00","description":"DCK 58V Kettens\u00e4ge mit 45cm Oregon-Schiene und b\u00fcrstenlosem Motor. Werkzeuglose Einstellung, Antivibration und LED-Beleuchtung. Inklusive 5.0Ah Akku und Ladeger\u00e4t.","breadcrumb":{"@id":"https:\/\/kem-europe.eu\/product\/dck-58v-kettingzaag-kdcs58181fdk-5ah\/#breadcrumb"},"inLanguage":"de","potentialAction":[{"@type":"ReadAction","target":["https:\/\/kem-europe.eu\/product\/dck-58v-kettingzaag-kdcs58181fdk-5ah\/"]}]},{"@type":"ImageObject","inLanguage":"de","@id":"https:\/\/kem-europe.eu\/product\/dck-58v-kettingzaag-kdcs58181fdk-5ah\/#primaryimage","url":"https:\/\/kem-europe.eu\/wp-content\/uploads\/2025\/04\/1-4.jpg","contentUrl":"https:\/\/kem-europe.eu\/wp-content\/uploads\/2025\/04\/1-4.jpg","width":700,"height":700,"caption":"DCK 58V accu kettingzaag KDCS58181FDK met 45 cm Oregon zaagblad, brushless motor en 5.0Ah accu \u2013 geschikt voor krachtig, stil en mobiel zagen"},{"@type":"BreadcrumbList","@id":"https:\/\/kem-europe.eu\/product\/dck-58v-kettingzaag-kdcs58181fdk-5ah\/#breadcrumb","itemListElement":[{"@type":"ListItem","position":1,"name":"Home","item":"https:\/\/kem-europe.eu\/"},{"@type":"ListItem","position":2,"name":"Winkel","item":"https:\/\/kem-europe.eu\/winkel\/"},{"@type":"ListItem","position":3,"name":"DCK 58V Accu Kettingzaag | KDCS58181FDK | 45 cm | Incl. 5.0Ah Accu &#038; Snellader"}]},{"@type":"WebSite","@id":"https:\/\/kem-europe.eu\/#website","url":"https:\/\/kem-europe.eu\/","name":"KEM Europe","description":"","publisher":{"@id":"https:\/\/kem-europe.eu\/#organization"},"potentialAction":[{"@type":"SearchAction","target":{"@type":"EntryPoint","urlTemplate":"https:\/\/kem-europe.eu\/?s={search_term_string}"},"query-input":{"@type":"PropertyValueSpecification","valueRequired":true,"valueName":"search_term_string"}}],"inLanguage":"de"},{"@type":"Organization","@id":"https:\/\/kem-europe.eu\/#organization","name":"KEM Europe","url":"https:\/\/kem-europe.eu\/","logo":{"@type":"ImageObject","inLanguage":"de","@id":"https:\/\/kem-europe.eu\/#\/schema\/logo\/image\/","url":"https:\/\/kem-europe.eu\/wp-content\/uploads\/2025\/02\/KEM2019-BLACK-1500W.png","contentUrl":"https:\/\/kem-europe.eu\/wp-content\/uploads\/2025\/02\/KEM2019-BLACK-1500W.png","width":1500,"height":626,"caption":"KEM Europe"},"image":{"@id":"https:\/\/kem-europe.eu\/#\/schema\/logo\/image\/"}}]}},"_links":{"self":[{"href":"https:\/\/kem-europe.eu\/de\/wp-json\/wp\/v2\/product\/7013","targetHints":{"allow":["GET"]}}],"collection":[{"href":"https:\/\/kem-europe.eu\/de\/wp-json\/wp\/v2\/product"}],"about":[{"href":"https:\/\/kem-europe.eu\/de\/wp-json\/wp\/v2\/types\/product"}],"replies":[{"embeddable":true,"href":"https:\/\/kem-europe.eu\/de\/wp-json\/wp\/v2\/comments?post=7013"}],"wp:featuredmedia":[{"embeddable":true,"href":"https:\/\/kem-europe.eu\/de\/wp-json\/wp\/v2\/media\/7012"}],"wp:attachment":[{"href":"https:\/\/kem-europe.eu\/de\/wp-json\/wp\/v2\/media?parent=7013"}],"wp:term":[{"taxonomy":"product_brand","embeddable":true,"href":"https:\/\/kem-europe.eu\/de\/wp-json\/wp\/v2\/product_brand?post=7013"},{"taxonomy":"product_cat","embeddable":true,"href":"https:\/\/kem-europe.eu\/de\/wp-json\/wp\/v2\/product_cat?post=7013"},{"taxonomy":"product_tag","embeddable":true,"href":"https:\/\/kem-europe.eu\/de\/wp-json\/wp\/v2\/product_tag?post=7013"}],"curies":[{"name":"wp","href":"https:\/\/api.w.org\/{rel}","templated":true}]}}