{"id":7038,"date":"2025-04-01T12:16:12","date_gmt":"2025-04-01T12:16:12","guid":{"rendered":"https:\/\/kem-europe.eu\/product\/dck-tools-kdcs58181z-accu-kettingzaag-58v-45cm-body\/"},"modified":"2025-04-01T14:27:00","modified_gmt":"2025-04-01T14:27:00","slug":"dck-58v-kettensaege-kdcs58181z-body","status":"publish","type":"product","link":"https:\/\/kem-europe.eu\/de\/product\/dck-58v-kettingzaag-kdcs58181z-body\/","title":{"rendered":"DCK 58V Akku-Kettens\u00e4ge - KDCS58181Z | 45 cm Oregon\u00ae S\u00e4geblatt | BODY"},"content":{"rendered":"<p class=\"\" data-start=\"701\" data-end=\"912\">Die DCK KDCS58181Z 58V Kettens\u00e4ge - nur Geh\u00e4use - wurde f\u00fcr diejenigen entwickelt, die bereits einen DCK 58V-Akku und ein Ladeger\u00e4t besitzen, aber eine maximale Schnittleistung ohne den L\u00e4rm und die Wartung eines Benzinmotors w\u00fcnschen.<\/p>\n<p class=\"\" data-start=\"914\" data-end=\"1197\">Mit einem leistungsstarken b\u00fcrstenlosen Motor, einer Kettengeschwindigkeit von 23 m\/s und einem 45 cm langen Oregon\u00ae-S\u00e4geblatt k\u00f6nnen Sie m\u00fchelos St\u00e4mme mit einer Dicke von bis zu 38 cm durchtrennen. Die Anti-Vibrations-Struktur und die automatische Kettenschmierung sorgen f\u00fcr lang anhaltenden Komfort und optimale Werkzeugschonung.<\/p>\n<p class=\"\" data-start=\"1199\" data-end=\"1306\">Perfekt f\u00fcr Profis und erfahrene Handwerker, die schnell und kraftvoll mit voller Kontrolle arbeiten wollen.<\/p>\n<h3 class=\"\" data-start=\"1313\" data-end=\"1347\"><strong data-start=\"1317\" data-end=\"1345\">Wesentliche Merkmale:<\/strong><\/h3>\n<ul>\n<li data-start=\"1348\" data-end=\"1865\"><strong data-start=\"1351\" data-end=\"1384\">Leistungsstarker 58V b\u00fcrstenloser Motor<\/strong> - Leise, effizient und wartungsfrei<\/li>\n<li data-start=\"1348\" data-end=\"1865\"><strong data-start=\"1426\" data-end=\"1468\">45 cm (18\u2033) Oregon\u00ae-Schiene und -Kette<\/strong> - F\u00fcr kraftvolle und pr\u00e4zise Schnitte<\/li>\n<li data-start=\"1348\" data-end=\"1865\"><strong data-start=\"1514\" data-end=\"1550\">Werkzeugloses Spannen der Kette<\/strong> - Einfach zu justieren<\/li>\n<li data-start=\"1348\" data-end=\"1865\"><strong data-start=\"1583\" data-end=\"1612\">Schneidkapazit\u00e4t bis zu 380 mm<\/strong> - Geeignet f\u00fcr schwierige Aufgaben<\/li>\n<li data-start=\"1348\" data-end=\"1865\"><strong data-start=\"1648\" data-end=\"1692\">Schwingungsd\u00e4mpfende Struktur &amp; LED-Beleuchtung<\/strong> - F\u00fcr sicheres und komfortables Arbeiten<\/li>\n<li data-start=\"1348\" data-end=\"1865\"><strong data-start=\"1734\" data-end=\"1758\">Automatische Schmierung<\/strong> - Erh\u00f6ht die Lebensdauer von Kette und Schiene<\/li>\n<li data-start=\"1348\" data-end=\"1865\"><strong data-start=\"1806\" data-end=\"1819\">Nur K\u00f6rper<\/strong> - Perfekt f\u00fcr bestehende DCK 58V-Benutzer<\/li>\n<\/ul>\n<h3 class=\"\" data-start=\"1872\" data-end=\"1907\"><strong data-start=\"1876\" data-end=\"1905\">Technische Daten:<\/strong><\/h3>\n<ul data-start=\"1908\" data-end=\"2245\">\n<li class=\"\" data-start=\"1908\" data-end=\"1933\">\n<p class=\"\" data-start=\"1910\" data-end=\"1933\"><strong data-start=\"1910\" data-end=\"1920\">Modell:<\/strong> KDCS58181Z<\/p>\n<\/li>\n<li class=\"\" data-start=\"1934\" data-end=\"1971\">\n<p class=\"\" data-start=\"1936\" data-end=\"1971\"><strong data-start=\"1936\" data-end=\"1949\">S\u00e4geblatt:<\/strong> 45 cm (18\u2033) Oregon\u00ae<\/p>\n<\/li>\n<li class=\"\" data-start=\"1972\" data-end=\"2003\">\n<p class=\"\" data-start=\"1974\" data-end=\"2003\"><strong data-start=\"1974\" data-end=\"1994\">Kettengeschwindigkeit:<\/strong> 23 m\/s<\/p>\n<\/li>\n<li class=\"\" data-start=\"2004\" data-end=\"2036\">\n<p class=\"\" data-start=\"2006\" data-end=\"2036\"><strong data-start=\"2006\" data-end=\"2028\">Schnittdurchmesser max:<\/strong> 38 cm<\/p>\n<\/li>\n<li class=\"\" data-start=\"2037\" data-end=\"2071\">\n<p class=\"\" data-start=\"2039\" data-end=\"2071\"><strong data-start=\"2039\" data-end=\"2062\">Fassungsverm\u00f6gen des \u00d6ltanks:<\/strong> 320 ml<\/p>\n<\/li>\n<li class=\"\" data-start=\"2072\" data-end=\"2096\">\n<p class=\"\" data-start=\"2074\" data-end=\"2096\"><strong data-start=\"2074\" data-end=\"2087\">Anspannung:<\/strong> 58V DC<\/p>\n<\/li>\n<li class=\"\" data-start=\"2097\" data-end=\"2133\">\n<p class=\"\" data-start=\"2099\" data-end=\"2133\"><strong data-start=\"2099\" data-end=\"2123\">Gewicht ohne Batterie:<\/strong> 4,55 kg<\/p>\n<\/li>\n<li class=\"\" data-start=\"2134\" data-end=\"2173\">\n<p class=\"\" data-start=\"2136\" data-end=\"2173\"><strong data-start=\"2136\" data-end=\"2163\">Gewicht mit 5.0Ah Akku:<\/strong> 6,65 kg<\/p>\n<\/li>\n<li class=\"\" data-start=\"2174\" data-end=\"2245\">\n<p class=\"\" data-start=\"2176\" data-end=\"2245\"><strong data-start=\"2176\" data-end=\"2205\">Betriebsdauer (Anzeige):<\/strong> \u00b1 30 min bei 300 mm Ausleger (5,0Ah Akku)<\/p>\n<\/li>\n<\/ul>\n<h3 class=\"\" data-start=\"2252\" data-end=\"2288\"><strong data-start=\"2256\" data-end=\"2286\">Umfang der Lieferung:<\/strong><\/h3>\n<ul data-start=\"2289\" data-end=\"2510\">\n<li class=\"\" data-start=\"2289\" data-end=\"2342\">\n<p class=\"\" data-start=\"2291\" data-end=\"2342\">DCK 58V Accu-Kettens\u00e4ge - KDCS58181Z (nur Geh\u00e4use)<\/p>\n<\/li>\n<li class=\"\" data-start=\"2343\" data-end=\"2368\">\n<p class=\"\" data-start=\"2345\" data-end=\"2368\">Oregon\u00ae-S\u00e4geblatt (1x)<\/p>\n<\/li>\n<li class=\"\" data-start=\"2369\" data-end=\"2393\">\n<p class=\"\" data-start=\"2371\" data-end=\"2393\">Oregon\u00ae-Kette (1x)<\/p>\n<\/li>\n<li class=\"\" data-start=\"2394\" data-end=\"2422\">\n<p class=\"\" data-start=\"2396\" data-end=\"2422\">Schutz f\u00fcr das S\u00e4geblatt (1x)<\/p>\n<\/li>\n<li class=\"\" data-start=\"2423\" data-end=\"2451\">\n<p class=\"\" data-start=\"2425\" data-end=\"2451\">Ketten- und S\u00e4ge\u00f6l (1x)<\/p>\n<\/li>\n<li class=\"\" data-start=\"2452\" data-end=\"2510\">\n<p class=\"\" data-start=\"2454\" data-end=\"2510\">Handbuch (1x)<br data-start=\"2470\" data-end=\"2473\" \/>\u2757 <strong data-start=\"2475\" data-end=\"2508\">Akku und Ladeger\u00e4t nicht enthalten<\/strong><\/p>\n<\/li>\n<\/ul>","protected":false},"excerpt":{"rendered":"<p class=\"\" data-start=\"281\" data-end=\"663\">\u2705 <strong data-start=\"283\" data-end=\"314\">B\u00fcrstenloser Motor &amp; 58V Leistung<\/strong> - Leistungsstarke Benzin-Alternative<br data-start=\"356\" data-end=\"359\" \/>\u2705 <strong data-start=\"361\" data-end=\"387\">45 cm Oregon\u00ae-S\u00e4geblatt<\/strong> - Pr\u00e4zises und zuverl\u00e4ssiges S\u00e4gen<br data-start=\"421\" data-end=\"424\" \/>\u2705 <strong data-start=\"426\" data-end=\"463\">Werkzeugloses Spannen der Kette<\/strong> - Schnelle Einstellung ohne viel Aufwand<br data-start=\"494\" data-end=\"497\" \/>\u2705 <strong data-start=\"499\" data-end=\"548\">Schwingungsd\u00e4mpfende Struktur und automatische Schmierung<\/strong> - Komfortabel und pflegeleicht<br data-start=\"579\" data-end=\"582\" \/>\u2705 <strong data-start=\"584\" data-end=\"625\">Hinweis: Wird ohne Akku und Ladeger\u00e4t geliefert<\/strong> - F\u00fcr bestehende DCK 58V-Benutzer<\/p>","protected":false},"featured_media":7037,"comment_status":"open","ping_status":"closed","template":"","meta":[],"product_brand":[630],"product_cat":[711,706],"product_tag":[],"class_list":{"0":"post-7038","1":"product","2":"type-product","3":"status-publish","4":"has-post-thumbnail","6":"product_brand-dck","7":"product_cat-accu-kettingzaag","8":"product_cat-accu-tuingereedschap","10":"first","11":"instock","12":"shipping-taxable","13":"product-type-simple"},"ct_brands":[{"id":630,"name":"DCK","slug":"dck"}],"yoast_head":"<!-- This site is optimized with the Yoast SEO plugin v27.3 - https:\/\/yoast.com\/product\/yoast-seo-wordpress\/ -->\n<title>DCK KDCS58181Z Accu Kettingzaag 58V | 45 cm | BODY - KEM Europe<\/title>\n<meta name=\"description\" content=\"DCK 58V kettingzaag (KDCS58181Z) met 45 cm Oregon zaagblad en brushless motor. Gereedschapsloos bijstellen, anti-vibratie en automatische smering.\" \/>\n<meta name=\"robots\" content=\"index, follow, max-snippet:-1, max-image-preview:large, max-video-preview:-1\" \/>\n<link rel=\"canonical\" href=\"https:\/\/kem-europe.eu\/de\/produkt\/dck-58v-kettensaege-kdcs58181z-body\/\" \/>\n<meta property=\"og:locale\" content=\"de_DE\" \/>\n<meta property=\"og:type\" content=\"article\" \/>\n<meta property=\"og:title\" content=\"DCK KDCS58181Z Accu Kettingzaag 58V | 45 cm | BODY - KEM Europe\" \/>\n<meta property=\"og:description\" content=\"DCK 58V kettingzaag (KDCS58181Z) met 45 cm Oregon zaagblad en brushless motor. Gereedschapsloos bijstellen, anti-vibratie en automatische smering.\" \/>\n<meta property=\"og:url\" content=\"https:\/\/kem-europe.eu\/de\/produkt\/dck-58v-kettensaege-kdcs58181z-body\/\" \/>\n<meta property=\"og:site_name\" content=\"KEM Europe\" \/>\n<meta property=\"article:modified_time\" content=\"2025-04-01T14:27:00+00:00\" \/>\n<meta property=\"og:image\" content=\"https:\/\/kem-europe.eu\/wp-content\/uploads\/2025\/04\/DCK-KETTINGZAAG-DE.jpg\" \/>\n\t<meta property=\"og:image:width\" content=\"700\" \/>\n\t<meta property=\"og:image:height\" content=\"700\" \/>\n\t<meta property=\"og:image:type\" content=\"image\/jpeg\" \/>\n<meta name=\"twitter:card\" content=\"summary_large_image\" \/>\n<meta name=\"twitter:label1\" content=\"Gesch\u00e4tzte Lesezeit\" \/>\n\t<meta name=\"twitter:data1\" content=\"2\u00a0Minuten\" \/>\n<script type=\"application\/ld+json\" class=\"yoast-schema-graph\">{\"@context\":\"https:\\\/\\\/schema.org\",\"@graph\":[{\"@type\":\"WebPage\",\"@id\":\"https:\\\/\\\/kem-europe.eu\\\/product\\\/dck-58v-kettingzaag-kdcs58181z-body\\\/\",\"url\":\"https:\\\/\\\/kem-europe.eu\\\/product\\\/dck-58v-kettingzaag-kdcs58181z-body\\\/\",\"name\":\"DCK KDCS58181Z Accu Kettingzaag 58V | 45 cm | BODY - KEM Europe\",\"isPartOf\":{\"@id\":\"https:\\\/\\\/kem-europe.eu\\\/#website\"},\"primaryImageOfPage\":{\"@id\":\"https:\\\/\\\/kem-europe.eu\\\/product\\\/dck-58v-kettingzaag-kdcs58181z-body\\\/#primaryimage\"},\"image\":{\"@id\":\"https:\\\/\\\/kem-europe.eu\\\/product\\\/dck-58v-kettingzaag-kdcs58181z-body\\\/#primaryimage\"},\"thumbnailUrl\":\"https:\\\/\\\/kem-europe.eu\\\/wp-content\\\/uploads\\\/2025\\\/04\\\/DCK-KETTINGZAAG-DE.jpg\",\"datePublished\":\"2025-04-01T12:16:12+00:00\",\"dateModified\":\"2025-04-01T14:27:00+00:00\",\"description\":\"DCK 58V kettingzaag (KDCS58181Z) met 45 cm Oregon zaagblad en brushless motor. Gereedschapsloos bijstellen, anti-vibratie en automatische smering.\",\"breadcrumb\":{\"@id\":\"https:\\\/\\\/kem-europe.eu\\\/product\\\/dck-58v-kettingzaag-kdcs58181z-body\\\/#breadcrumb\"},\"inLanguage\":\"de\",\"potentialAction\":[{\"@type\":\"ReadAction\",\"target\":[\"https:\\\/\\\/kem-europe.eu\\\/product\\\/dck-58v-kettingzaag-kdcs58181z-body\\\/\"]}]},{\"@type\":\"ImageObject\",\"inLanguage\":\"de\",\"@id\":\"https:\\\/\\\/kem-europe.eu\\\/product\\\/dck-58v-kettingzaag-kdcs58181z-body\\\/#primaryimage\",\"url\":\"https:\\\/\\\/kem-europe.eu\\\/wp-content\\\/uploads\\\/2025\\\/04\\\/DCK-KETTINGZAAG-DE.jpg\",\"contentUrl\":\"https:\\\/\\\/kem-europe.eu\\\/wp-content\\\/uploads\\\/2025\\\/04\\\/DCK-KETTINGZAAG-DE.jpg\",\"width\":700,\"height\":700,\"caption\":\"DCK 58V accu kettingzaag KDCS58181Z met 45 cm Oregon zaagblad en brushless motor \u2013 body only voor DCK 58V gebruikers.\"},{\"@type\":\"BreadcrumbList\",\"@id\":\"https:\\\/\\\/kem-europe.eu\\\/product\\\/dck-58v-kettingzaag-kdcs58181z-body\\\/#breadcrumb\",\"itemListElement\":[{\"@type\":\"ListItem\",\"position\":1,\"name\":\"Home\",\"item\":\"https:\\\/\\\/kem-europe.eu\\\/\"},{\"@type\":\"ListItem\",\"position\":2,\"name\":\"Winkel\",\"item\":\"https:\\\/\\\/kem-europe.eu\\\/winkel\\\/\"},{\"@type\":\"ListItem\",\"position\":3,\"name\":\"DCK 58V Accu Kettingzaag \u2013 KDCS58181Z | 45 cm Oregon\u00ae Zaagblad | BODY\"}]},{\"@type\":\"WebSite\",\"@id\":\"https:\\\/\\\/kem-europe.eu\\\/#website\",\"url\":\"https:\\\/\\\/kem-europe.eu\\\/\",\"name\":\"KEM Europe\",\"description\":\"\",\"publisher\":{\"@id\":\"https:\\\/\\\/kem-europe.eu\\\/#organization\"},\"potentialAction\":[{\"@type\":\"SearchAction\",\"target\":{\"@type\":\"EntryPoint\",\"urlTemplate\":\"https:\\\/\\\/kem-europe.eu\\\/?s={search_term_string}\"},\"query-input\":{\"@type\":\"PropertyValueSpecification\",\"valueRequired\":true,\"valueName\":\"search_term_string\"}}],\"inLanguage\":\"de\"},{\"@type\":\"Organization\",\"@id\":\"https:\\\/\\\/kem-europe.eu\\\/#organization\",\"name\":\"KEM Europe\",\"url\":\"https:\\\/\\\/kem-europe.eu\\\/\",\"logo\":{\"@type\":\"ImageObject\",\"inLanguage\":\"de\",\"@id\":\"https:\\\/\\\/kem-europe.eu\\\/#\\\/schema\\\/logo\\\/image\\\/\",\"url\":\"https:\\\/\\\/kem-europe.eu\\\/wp-content\\\/uploads\\\/2025\\\/02\\\/KEM2019-BLACK-1500W.png\",\"contentUrl\":\"https:\\\/\\\/kem-europe.eu\\\/wp-content\\\/uploads\\\/2025\\\/02\\\/KEM2019-BLACK-1500W.png\",\"width\":1500,\"height\":626,\"caption\":\"KEM Europe\"},\"image\":{\"@id\":\"https:\\\/\\\/kem-europe.eu\\\/#\\\/schema\\\/logo\\\/image\\\/\"}}]}<\/script>\n<!-- \/ Yoast SEO plugin. -->","yoast_head_json":{"title":"DCK KDCS58181Z Akku-Kettens\u00e4ge 58V | 45 cm | BODY - KEM Europe","description":"DCK 58V Kettens\u00e4ge (KDCS58181Z) mit 45 cm Oregon-Schiene und b\u00fcrstenlosem Motor. Werkzeuglose Einstellung, Antivibration und automatische Schmierung.","robots":{"index":"index","follow":"follow","max-snippet":"max-snippet:-1","max-image-preview":"max-image-preview:large","max-video-preview":"max-video-preview:-1"},"canonical":"https:\/\/kem-europe.eu\/de\/produkt\/dck-58v-kettensaege-kdcs58181z-body\/","og_locale":"de_DE","og_type":"article","og_title":"DCK KDCS58181Z Accu Kettingzaag 58V | 45 cm | BODY - KEM Europe","og_description":"DCK 58V kettingzaag (KDCS58181Z) met 45 cm Oregon zaagblad en brushless motor. Gereedschapsloos bijstellen, anti-vibratie en automatische smering.","og_url":"https:\/\/kem-europe.eu\/de\/produkt\/dck-58v-kettensaege-kdcs58181z-body\/","og_site_name":"KEM Europe","article_modified_time":"2025-04-01T14:27:00+00:00","og_image":[{"width":700,"height":700,"url":"https:\/\/kem-europe.eu\/wp-content\/uploads\/2025\/04\/DCK-KETTINGZAAG-DE.jpg","type":"image\/jpeg"}],"twitter_card":"summary_large_image","twitter_misc":{"Gesch\u00e4tzte Lesezeit":"2\u00a0Minuten"},"schema":{"@context":"https:\/\/schema.org","@graph":[{"@type":"WebPage","@id":"https:\/\/kem-europe.eu\/product\/dck-58v-kettingzaag-kdcs58181z-body\/","url":"https:\/\/kem-europe.eu\/product\/dck-58v-kettingzaag-kdcs58181z-body\/","name":"DCK KDCS58181Z Akku-Kettens\u00e4ge 58V | 45 cm | BODY - KEM Europe","isPartOf":{"@id":"https:\/\/kem-europe.eu\/#website"},"primaryImageOfPage":{"@id":"https:\/\/kem-europe.eu\/product\/dck-58v-kettingzaag-kdcs58181z-body\/#primaryimage"},"image":{"@id":"https:\/\/kem-europe.eu\/product\/dck-58v-kettingzaag-kdcs58181z-body\/#primaryimage"},"thumbnailUrl":"https:\/\/kem-europe.eu\/wp-content\/uploads\/2025\/04\/DCK-KETTINGZAAG-DE.jpg","datePublished":"2025-04-01T12:16:12+00:00","dateModified":"2025-04-01T14:27:00+00:00","description":"DCK 58V Kettens\u00e4ge (KDCS58181Z) mit 45 cm Oregon-Schiene und b\u00fcrstenlosem Motor. Werkzeuglose Einstellung, Antivibration und automatische Schmierung.","breadcrumb":{"@id":"https:\/\/kem-europe.eu\/product\/dck-58v-kettingzaag-kdcs58181z-body\/#breadcrumb"},"inLanguage":"de","potentialAction":[{"@type":"ReadAction","target":["https:\/\/kem-europe.eu\/product\/dck-58v-kettingzaag-kdcs58181z-body\/"]}]},{"@type":"ImageObject","inLanguage":"de","@id":"https:\/\/kem-europe.eu\/product\/dck-58v-kettingzaag-kdcs58181z-body\/#primaryimage","url":"https:\/\/kem-europe.eu\/wp-content\/uploads\/2025\/04\/DCK-KETTINGZAAG-DE.jpg","contentUrl":"https:\/\/kem-europe.eu\/wp-content\/uploads\/2025\/04\/DCK-KETTINGZAAG-DE.jpg","width":700,"height":700,"caption":"DCK 58V accu kettingzaag KDCS58181Z met 45 cm Oregon zaagblad en brushless motor \u2013 body only voor DCK 58V gebruikers."},{"@type":"BreadcrumbList","@id":"https:\/\/kem-europe.eu\/product\/dck-58v-kettingzaag-kdcs58181z-body\/#breadcrumb","itemListElement":[{"@type":"ListItem","position":1,"name":"Home","item":"https:\/\/kem-europe.eu\/"},{"@type":"ListItem","position":2,"name":"Winkel","item":"https:\/\/kem-europe.eu\/winkel\/"},{"@type":"ListItem","position":3,"name":"DCK 58V Accu Kettingzaag \u2013 KDCS58181Z | 45 cm Oregon\u00ae Zaagblad | BODY"}]},{"@type":"WebSite","@id":"https:\/\/kem-europe.eu\/#website","url":"https:\/\/kem-europe.eu\/","name":"KEM Europe","description":"","publisher":{"@id":"https:\/\/kem-europe.eu\/#organization"},"potentialAction":[{"@type":"SearchAction","target":{"@type":"EntryPoint","urlTemplate":"https:\/\/kem-europe.eu\/?s={search_term_string}"},"query-input":{"@type":"PropertyValueSpecification","valueRequired":true,"valueName":"search_term_string"}}],"inLanguage":"de"},{"@type":"Organization","@id":"https:\/\/kem-europe.eu\/#organization","name":"KEM Europe","url":"https:\/\/kem-europe.eu\/","logo":{"@type":"ImageObject","inLanguage":"de","@id":"https:\/\/kem-europe.eu\/#\/schema\/logo\/image\/","url":"https:\/\/kem-europe.eu\/wp-content\/uploads\/2025\/02\/KEM2019-BLACK-1500W.png","contentUrl":"https:\/\/kem-europe.eu\/wp-content\/uploads\/2025\/02\/KEM2019-BLACK-1500W.png","width":1500,"height":626,"caption":"KEM Europe"},"image":{"@id":"https:\/\/kem-europe.eu\/#\/schema\/logo\/image\/"}}]}},"_links":{"self":[{"href":"https:\/\/kem-europe.eu\/de\/wp-json\/wp\/v2\/product\/7038","targetHints":{"allow":["GET"]}}],"collection":[{"href":"https:\/\/kem-europe.eu\/de\/wp-json\/wp\/v2\/product"}],"about":[{"href":"https:\/\/kem-europe.eu\/de\/wp-json\/wp\/v2\/types\/product"}],"replies":[{"embeddable":true,"href":"https:\/\/kem-europe.eu\/de\/wp-json\/wp\/v2\/comments?post=7038"}],"wp:featuredmedia":[{"embeddable":true,"href":"https:\/\/kem-europe.eu\/de\/wp-json\/wp\/v2\/media\/7037"}],"wp:attachment":[{"href":"https:\/\/kem-europe.eu\/de\/wp-json\/wp\/v2\/media?parent=7038"}],"wp:term":[{"taxonomy":"product_brand","embeddable":true,"href":"https:\/\/kem-europe.eu\/de\/wp-json\/wp\/v2\/product_brand?post=7038"},{"taxonomy":"product_cat","embeddable":true,"href":"https:\/\/kem-europe.eu\/de\/wp-json\/wp\/v2\/product_cat?post=7038"},{"taxonomy":"product_tag","embeddable":true,"href":"https:\/\/kem-europe.eu\/de\/wp-json\/wp\/v2\/product_tag?post=7038"}],"curies":[{"name":"wp","href":"https:\/\/api.w.org\/{rel}","templated":true}]}}