{"id":7063,"date":"2025-04-01T12:16:20","date_gmt":"2025-04-01T12:16:20","guid":{"rendered":"https:\/\/kem-europe.eu\/product\/dck-tools-kdlb58201z-accu-bladblazer-58v-730cfm-body\/"},"modified":"2025-04-01T14:27:12","modified_gmt":"2025-04-01T14:27:12","slug":"dck-58v-laubblaser-kdlb58201z-body","status":"publish","type":"product","link":"https:\/\/kem-europe.eu\/de\/product\/dck-58v-bladblazer-kdlb58201z-body\/","title":{"rendered":"DCK 58V Akku-Laubbl\u00e4ser - KDLB58201Z | 730 CFM | BODY"},"content":{"rendered":"<p class=\"\" data-start=\"692\" data-end=\"906\">Der DCK KDLB58201Z 58V Akku-Laubbl\u00e4ser (nur Geh\u00e4use) wurde f\u00fcr Benutzer entwickelt, die bereits einen DCK 58V-Akku und ein Ladeger\u00e4t besitzen und auf der Suche nach reiner Blasleistung in einer leichten, einfach zu bedienenden Maschine sind.<\/p>\n<p class=\"\" data-start=\"908\" data-end=\"1206\">Mit einer Luftmenge von bis zu 730 CFM (20,8 m\u00b3\/min) und einer Luftgeschwindigkeit von 288 km\/h ist dieser Laubbl\u00e4ser f\u00fcr alles geeignet, vom Laub bis zum nassen Schlamm. Dank der Turbotaste, der variablen Geschwindigkeitsregelung und des Tempomats behalten Sie die volle Kontrolle \u00fcber die Blaskraft.<\/p>\n<p class=\"\" data-start=\"1208\" data-end=\"1428\">Der b\u00fcrstenlose Motor und die Axialstrahlgebl\u00e4se-Technologie sorgen f\u00fcr wartungsfreie Spitzenleistungen. Das geringe Gewicht und die vibrationsd\u00e4mpfende Struktur erm\u00f6glichen ein erm\u00fcdungsfreies Arbeiten, auch bei intensiven Aufgaben.<\/p>\n<h3 class=\"\" data-start=\"1435\" data-end=\"1469\"><strong data-start=\"1439\" data-end=\"1467\">Wesentliche Merkmale:<\/strong><\/h3>\n<ul>\n<li data-start=\"1470\" data-end=\"1977\"><strong data-start=\"1473\" data-end=\"1521\">730 CFM Luftmenge \/ 288 km\/h Luftgeschwindigkeit<\/strong><\/li>\n<li data-start=\"1470\" data-end=\"1977\"><strong data-start=\"1527\" data-end=\"1556\">Turbo-Taste und Tempomat<\/strong> - Leistung, wenn Sie sie brauchen<\/li>\n<li data-start=\"1470\" data-end=\"1977\"><strong data-start=\"1594\" data-end=\"1620\">Axialstrahl-Gebl\u00e4sesystem<\/strong> - Maximiert den Luftstrom und die Effizienz<\/li>\n<li data-start=\"1470\" data-end=\"1977\"><strong data-start=\"1669\" data-end=\"1688\">B\u00fcrstenloser Motor<\/strong> - Leise, wartungsarm und leistungsstark<\/li>\n<li data-start=\"1470\" data-end=\"1977\"><strong data-start=\"1728\" data-end=\"1762\">Variable Geschwindigkeit \u00fcber Traktor<\/strong> - Pr\u00e4zise Kontrolle bei jeder Anwendung<\/li>\n<li data-start=\"1470\" data-end=\"1977\"><strong data-start=\"1808\" data-end=\"1831\">Leicht und ergonomisch<\/strong> - Nur 2,67 kg ohne Batterie<\/li>\n<li data-start=\"1470\" data-end=\"1977\"><strong data-start=\"1867\" data-end=\"1909\">Inklusive 3 Mundst\u00fccke + Schultergurt<\/strong><\/li>\n<li data-start=\"1470\" data-end=\"1977\"><strong data-start=\"1915\" data-end=\"1928\">Nur K\u00f6rper<\/strong> - F\u00fcr Benutzer mit vorhandenen DCK 58V-Batterien<\/li>\n<\/ul>\n<h3 class=\"\" data-start=\"1984\" data-end=\"2019\"><strong data-start=\"1988\" data-end=\"2017\">Technische Daten:<\/strong><\/h3>\n<ul data-start=\"2020\" data-end=\"2394\">\n<li class=\"\" data-start=\"2020\" data-end=\"2045\">\n<p class=\"\" data-start=\"2022\" data-end=\"2045\"><strong data-start=\"2022\" data-end=\"2032\">Modell:<\/strong> KDLB58201Z<\/p>\n<\/li>\n<li class=\"\" data-start=\"2046\" data-end=\"2102\">\n<p class=\"\" data-start=\"2048\" data-end=\"2102\"><strong data-start=\"2048\" data-end=\"2060\">Ern\u00e4hrung:<\/strong> 58V Lithium-Ionen (Batterie nicht enthalten)<\/p>\n<\/li>\n<li class=\"\" data-start=\"2103\" data-end=\"2149\">\n<p class=\"\" data-start=\"2105\" data-end=\"2149\"><strong data-start=\"2105\" data-end=\"2128\">Geschwindigkeit im Leerlauf:<\/strong> 3.000 - 25.500 U\/min<\/p>\n<\/li>\n<li class=\"\" data-start=\"2150\" data-end=\"2192\">\n<p class=\"\" data-start=\"2152\" data-end=\"2192\"><strong data-start=\"2152\" data-end=\"2168\">Luftmenge:<\/strong> 730 CFM (20,8 m\u00b3\/min)<\/p>\n<\/li>\n<li class=\"\" data-start=\"2193\" data-end=\"2252\">\n<p class=\"\" data-start=\"2195\" data-end=\"2252\"><strong data-start=\"2195\" data-end=\"2213\">Fluggeschwindigkeit:<\/strong> Bis zu 288 km\/h (mit verengter D\u00fcse)<\/p>\n<\/li>\n<li class=\"\" data-start=\"2253\" data-end=\"2282\">\n<p class=\"\" data-start=\"2255\" data-end=\"2282\"><strong data-start=\"2255\" data-end=\"2273\">Ger\u00e4uschpegel:<\/strong> 102 dB<\/p>\n<\/li>\n<li class=\"\" data-start=\"2283\" data-end=\"2319\">\n<p class=\"\" data-start=\"2285\" data-end=\"2319\"><strong data-start=\"2285\" data-end=\"2309\">Gewicht ohne Batterie:<\/strong> 2,67 kg<\/p>\n<\/li>\n<li class=\"\" data-start=\"2320\" data-end=\"2394\">\n<p class=\"\" data-start=\"2322\" data-end=\"2394\"><strong data-start=\"2322\" data-end=\"2351\">Betriebsdauer (Anzeige):<\/strong> Bis zu 100 min (Eco), \u00b115 min im Turbomodus<\/p>\n<\/li>\n<\/ul>\n<h3 class=\"\" data-start=\"2401\" data-end=\"2437\"><strong data-start=\"2405\" data-end=\"2435\">Im Lieferumfang enthalten:<\/strong><\/h3>\n<ul data-start=\"2438\" data-end=\"2661\">\n<li class=\"\" data-start=\"2438\" data-end=\"2500\">\n<p class=\"\" data-start=\"2440\" data-end=\"2500\">DCK 58V Akku-Laubbl\u00e4ser ohne B\u00fcrsten - KDLB58201Z (nur Geh\u00e4use)<\/p>\n<\/li>\n<li class=\"\" data-start=\"2501\" data-end=\"2527\">\n<p class=\"\" data-start=\"2503\" data-end=\"2527\">Verengtes Mundst\u00fcck (1x)<\/p>\n<\/li>\n<li class=\"\" data-start=\"2528\" data-end=\"2553\">\n<p class=\"\" data-start=\"2530\" data-end=\"2553\">Gebogenes Mundst\u00fcck (1x)<\/p>\n<\/li>\n<li class=\"\" data-start=\"2554\" data-end=\"2581\">\n<p class=\"\" data-start=\"2556\" data-end=\"2581\">Zerstreute D\u00fcse (1x)<\/p>\n<\/li>\n<li class=\"\" data-start=\"2582\" data-end=\"2603\">\n<p class=\"\" data-start=\"2584\" data-end=\"2603\">Schultergurt (1x)<\/p>\n<\/li>\n<li class=\"\" data-start=\"2604\" data-end=\"2661\">\n<p class=\"\" data-start=\"2606\" data-end=\"2661\">Handbuch (1x)<br data-start=\"2622\" data-end=\"2625\" \/>\u2757 <strong data-start=\"2627\" data-end=\"2659\">Akku und Ladeger\u00e4t nicht enthalten<\/strong><\/p>\n<\/li>\n<\/ul>","protected":false},"excerpt":{"rendered":"<p>\u2705 <strong data-start=\"266\" data-end=\"305\">Luftmenge bis zu 730 CFM \/ 1226 m\u00b3\/h<\/strong> - Kraftvoll genug f\u00fcr nasses Laub und schweren Schmutz<br data-start=\"351\" data-end=\"354\" \/>\u2705 <strong data-start=\"356\" data-end=\"390\">Variable Geschwindigkeit und Turbotaste<\/strong> - Maximale Kontrolle \u00fcber jeden Auftrag<br data-start=\"424\" data-end=\"427\" \/>\u2705 <strong data-start=\"429\" data-end=\"459\">Axialstrahlgebl\u00e4se-Technologie<\/strong> - Optimaler Luftstrom und Effizienz<br data-start=\"497\" data-end=\"500\" \/>\u2705 <strong data-start=\"502\" data-end=\"540\">Leichtes und ergonomisches Design<\/strong> - F\u00fcr komfortable Langzeitnutzung<br data-start=\"577\" data-end=\"580\" \/>\u2705 <strong data-start=\"582\" data-end=\"595\">Nur K\u00f6rper<\/strong> - Ideal f\u00fcr diejenigen, die bereits eine DCK 58V-Batterie und ein Ladeger\u00e4t besitzen<\/p>","protected":false},"featured_media":7062,"comment_status":"open","ping_status":"closed","template":"","meta":[],"product_brand":[630],"product_cat":[713,706],"product_tag":[],"class_list":{"0":"post-7063","1":"product","2":"type-product","3":"status-publish","4":"has-post-thumbnail","6":"product_brand-dck","7":"product_cat-accu-bladblazer","8":"product_cat-accu-tuingereedschap","10":"first","11":"instock","12":"shipping-taxable","13":"product-type-simple"},"ct_brands":[{"id":630,"name":"DCK","slug":"dck"}],"yoast_head":"<!-- This site is optimized with the Yoast SEO plugin v27.3 - https:\/\/yoast.com\/product\/yoast-seo-wordpress\/ -->\n<title>DCK 58V Bladblazer KDLB58201Z | 730 CFM | BODY - KEM Europe<\/title>\n<meta name=\"description\" content=\"DCK 58V bladblazer (body only) met 730 CFM luchtvolume, turboknop en cruisecontrol. Licht en krachtig. Voor gebruikers met bestaande 58V accu.\" \/>\n<meta name=\"robots\" content=\"index, follow, max-snippet:-1, max-image-preview:large, max-video-preview:-1\" \/>\n<link rel=\"canonical\" href=\"https:\/\/kem-europe.eu\/de\/produkt\/dck-58v-laubblaser-kdlb58201z-body\/\" \/>\n<meta property=\"og:locale\" content=\"de_DE\" \/>\n<meta property=\"og:type\" content=\"article\" \/>\n<meta property=\"og:title\" content=\"DCK 58V Bladblazer KDLB58201Z | 730 CFM | BODY - KEM Europe\" \/>\n<meta property=\"og:description\" content=\"DCK 58V bladblazer (body only) met 730 CFM luchtvolume, turboknop en cruisecontrol. Licht en krachtig. Voor gebruikers met bestaande 58V accu.\" \/>\n<meta property=\"og:url\" content=\"https:\/\/kem-europe.eu\/de\/produkt\/dck-58v-laubblaser-kdlb58201z-body\/\" \/>\n<meta property=\"og:site_name\" content=\"KEM Europe\" \/>\n<meta property=\"article:modified_time\" content=\"2025-04-01T14:27:12+00:00\" \/>\n<meta property=\"og:image\" content=\"https:\/\/kem-europe.eu\/wp-content\/uploads\/2025\/04\/DCK-BLOWER.jpg\" \/>\n\t<meta property=\"og:image:width\" content=\"700\" \/>\n\t<meta property=\"og:image:height\" content=\"700\" \/>\n\t<meta property=\"og:image:type\" content=\"image\/jpeg\" \/>\n<meta name=\"twitter:card\" content=\"summary_large_image\" \/>\n<meta name=\"twitter:label1\" content=\"Gesch\u00e4tzte Lesezeit\" \/>\n\t<meta name=\"twitter:data1\" content=\"2\u00a0Minuten\" \/>\n<script type=\"application\/ld+json\" class=\"yoast-schema-graph\">{\"@context\":\"https:\\\/\\\/schema.org\",\"@graph\":[{\"@type\":\"WebPage\",\"@id\":\"https:\\\/\\\/kem-europe.eu\\\/product\\\/dck-58v-bladblazer-kdlb58201z-body\\\/\",\"url\":\"https:\\\/\\\/kem-europe.eu\\\/product\\\/dck-58v-bladblazer-kdlb58201z-body\\\/\",\"name\":\"DCK 58V Bladblazer KDLB58201Z | 730 CFM | BODY - KEM Europe\",\"isPartOf\":{\"@id\":\"https:\\\/\\\/kem-europe.eu\\\/#website\"},\"primaryImageOfPage\":{\"@id\":\"https:\\\/\\\/kem-europe.eu\\\/product\\\/dck-58v-bladblazer-kdlb58201z-body\\\/#primaryimage\"},\"image\":{\"@id\":\"https:\\\/\\\/kem-europe.eu\\\/product\\\/dck-58v-bladblazer-kdlb58201z-body\\\/#primaryimage\"},\"thumbnailUrl\":\"https:\\\/\\\/kem-europe.eu\\\/wp-content\\\/uploads\\\/2025\\\/04\\\/DCK-BLOWER.jpg\",\"datePublished\":\"2025-04-01T12:16:20+00:00\",\"dateModified\":\"2025-04-01T14:27:12+00:00\",\"description\":\"DCK 58V bladblazer (body only) met 730 CFM luchtvolume, turboknop en cruisecontrol. Licht en krachtig. Voor gebruikers met bestaande 58V accu.\",\"breadcrumb\":{\"@id\":\"https:\\\/\\\/kem-europe.eu\\\/product\\\/dck-58v-bladblazer-kdlb58201z-body\\\/#breadcrumb\"},\"inLanguage\":\"de\",\"potentialAction\":[{\"@type\":\"ReadAction\",\"target\":[\"https:\\\/\\\/kem-europe.eu\\\/product\\\/dck-58v-bladblazer-kdlb58201z-body\\\/\"]}]},{\"@type\":\"ImageObject\",\"inLanguage\":\"de\",\"@id\":\"https:\\\/\\\/kem-europe.eu\\\/product\\\/dck-58v-bladblazer-kdlb58201z-body\\\/#primaryimage\",\"url\":\"https:\\\/\\\/kem-europe.eu\\\/wp-content\\\/uploads\\\/2025\\\/04\\\/DCK-BLOWER.jpg\",\"contentUrl\":\"https:\\\/\\\/kem-europe.eu\\\/wp-content\\\/uploads\\\/2025\\\/04\\\/DCK-BLOWER.jpg\",\"width\":700,\"height\":700,\"caption\":\"DCK 58V accu bladblazer KDLB58201Z met 730 CFM luchtvolume, turboknop en ergonomisch ontwerp \u2013 body only, zonder accu en lader.\"},{\"@type\":\"BreadcrumbList\",\"@id\":\"https:\\\/\\\/kem-europe.eu\\\/product\\\/dck-58v-bladblazer-kdlb58201z-body\\\/#breadcrumb\",\"itemListElement\":[{\"@type\":\"ListItem\",\"position\":1,\"name\":\"Home\",\"item\":\"https:\\\/\\\/kem-europe.eu\\\/\"},{\"@type\":\"ListItem\",\"position\":2,\"name\":\"Winkel\",\"item\":\"https:\\\/\\\/kem-europe.eu\\\/winkel\\\/\"},{\"@type\":\"ListItem\",\"position\":3,\"name\":\"DCK 58V Accu Bladblazer \u2013 KDLB58201Z | 730 CFM | BODY\"}]},{\"@type\":\"WebSite\",\"@id\":\"https:\\\/\\\/kem-europe.eu\\\/#website\",\"url\":\"https:\\\/\\\/kem-europe.eu\\\/\",\"name\":\"KEM Europe\",\"description\":\"\",\"publisher\":{\"@id\":\"https:\\\/\\\/kem-europe.eu\\\/#organization\"},\"potentialAction\":[{\"@type\":\"SearchAction\",\"target\":{\"@type\":\"EntryPoint\",\"urlTemplate\":\"https:\\\/\\\/kem-europe.eu\\\/?s={search_term_string}\"},\"query-input\":{\"@type\":\"PropertyValueSpecification\",\"valueRequired\":true,\"valueName\":\"search_term_string\"}}],\"inLanguage\":\"de\"},{\"@type\":\"Organization\",\"@id\":\"https:\\\/\\\/kem-europe.eu\\\/#organization\",\"name\":\"KEM Europe\",\"url\":\"https:\\\/\\\/kem-europe.eu\\\/\",\"logo\":{\"@type\":\"ImageObject\",\"inLanguage\":\"de\",\"@id\":\"https:\\\/\\\/kem-europe.eu\\\/#\\\/schema\\\/logo\\\/image\\\/\",\"url\":\"https:\\\/\\\/kem-europe.eu\\\/wp-content\\\/uploads\\\/2025\\\/02\\\/KEM2019-BLACK-1500W.png\",\"contentUrl\":\"https:\\\/\\\/kem-europe.eu\\\/wp-content\\\/uploads\\\/2025\\\/02\\\/KEM2019-BLACK-1500W.png\",\"width\":1500,\"height\":626,\"caption\":\"KEM Europe\"},\"image\":{\"@id\":\"https:\\\/\\\/kem-europe.eu\\\/#\\\/schema\\\/logo\\\/image\\\/\"}}]}<\/script>\n<!-- \/ Yoast SEO plugin. -->","yoast_head_json":{"title":"DCK 58V Laubbl\u00e4ser KDLB58201Z | 730 CFM | BODY - KEM Europe","description":"DCK 58V Laubbl\u00e4ser (nur Geh\u00e4use) mit 730 CFM Luftvolumen, Turbotaste und Tempomat. Leicht und leistungsstark. F\u00fcr Benutzer mit vorhandener 58V-Batterie.","robots":{"index":"index","follow":"follow","max-snippet":"max-snippet:-1","max-image-preview":"max-image-preview:large","max-video-preview":"max-video-preview:-1"},"canonical":"https:\/\/kem-europe.eu\/de\/produkt\/dck-58v-laubblaser-kdlb58201z-body\/","og_locale":"de_DE","og_type":"article","og_title":"DCK 58V Bladblazer KDLB58201Z | 730 CFM | BODY - KEM Europe","og_description":"DCK 58V bladblazer (body only) met 730 CFM luchtvolume, turboknop en cruisecontrol. Licht en krachtig. Voor gebruikers met bestaande 58V accu.","og_url":"https:\/\/kem-europe.eu\/de\/produkt\/dck-58v-laubblaser-kdlb58201z-body\/","og_site_name":"KEM Europe","article_modified_time":"2025-04-01T14:27:12+00:00","og_image":[{"width":700,"height":700,"url":"https:\/\/kem-europe.eu\/wp-content\/uploads\/2025\/04\/DCK-BLOWER.jpg","type":"image\/jpeg"}],"twitter_card":"summary_large_image","twitter_misc":{"Gesch\u00e4tzte Lesezeit":"2\u00a0Minuten"},"schema":{"@context":"https:\/\/schema.org","@graph":[{"@type":"WebPage","@id":"https:\/\/kem-europe.eu\/product\/dck-58v-bladblazer-kdlb58201z-body\/","url":"https:\/\/kem-europe.eu\/product\/dck-58v-bladblazer-kdlb58201z-body\/","name":"DCK 58V Laubbl\u00e4ser KDLB58201Z | 730 CFM | BODY - KEM Europe","isPartOf":{"@id":"https:\/\/kem-europe.eu\/#website"},"primaryImageOfPage":{"@id":"https:\/\/kem-europe.eu\/product\/dck-58v-bladblazer-kdlb58201z-body\/#primaryimage"},"image":{"@id":"https:\/\/kem-europe.eu\/product\/dck-58v-bladblazer-kdlb58201z-body\/#primaryimage"},"thumbnailUrl":"https:\/\/kem-europe.eu\/wp-content\/uploads\/2025\/04\/DCK-BLOWER.jpg","datePublished":"2025-04-01T12:16:20+00:00","dateModified":"2025-04-01T14:27:12+00:00","description":"DCK 58V Laubbl\u00e4ser (nur Geh\u00e4use) mit 730 CFM Luftvolumen, Turbotaste und Tempomat. Leicht und leistungsstark. F\u00fcr Benutzer mit vorhandener 58V-Batterie.","breadcrumb":{"@id":"https:\/\/kem-europe.eu\/product\/dck-58v-bladblazer-kdlb58201z-body\/#breadcrumb"},"inLanguage":"de","potentialAction":[{"@type":"ReadAction","target":["https:\/\/kem-europe.eu\/product\/dck-58v-bladblazer-kdlb58201z-body\/"]}]},{"@type":"ImageObject","inLanguage":"de","@id":"https:\/\/kem-europe.eu\/product\/dck-58v-bladblazer-kdlb58201z-body\/#primaryimage","url":"https:\/\/kem-europe.eu\/wp-content\/uploads\/2025\/04\/DCK-BLOWER.jpg","contentUrl":"https:\/\/kem-europe.eu\/wp-content\/uploads\/2025\/04\/DCK-BLOWER.jpg","width":700,"height":700,"caption":"DCK 58V accu bladblazer KDLB58201Z met 730 CFM luchtvolume, turboknop en ergonomisch ontwerp \u2013 body only, zonder accu en lader."},{"@type":"BreadcrumbList","@id":"https:\/\/kem-europe.eu\/product\/dck-58v-bladblazer-kdlb58201z-body\/#breadcrumb","itemListElement":[{"@type":"ListItem","position":1,"name":"Home","item":"https:\/\/kem-europe.eu\/"},{"@type":"ListItem","position":2,"name":"Winkel","item":"https:\/\/kem-europe.eu\/winkel\/"},{"@type":"ListItem","position":3,"name":"DCK 58V Accu Bladblazer \u2013 KDLB58201Z | 730 CFM | BODY"}]},{"@type":"WebSite","@id":"https:\/\/kem-europe.eu\/#website","url":"https:\/\/kem-europe.eu\/","name":"KEM Europe","description":"","publisher":{"@id":"https:\/\/kem-europe.eu\/#organization"},"potentialAction":[{"@type":"SearchAction","target":{"@type":"EntryPoint","urlTemplate":"https:\/\/kem-europe.eu\/?s={search_term_string}"},"query-input":{"@type":"PropertyValueSpecification","valueRequired":true,"valueName":"search_term_string"}}],"inLanguage":"de"},{"@type":"Organization","@id":"https:\/\/kem-europe.eu\/#organization","name":"KEM Europe","url":"https:\/\/kem-europe.eu\/","logo":{"@type":"ImageObject","inLanguage":"de","@id":"https:\/\/kem-europe.eu\/#\/schema\/logo\/image\/","url":"https:\/\/kem-europe.eu\/wp-content\/uploads\/2025\/02\/KEM2019-BLACK-1500W.png","contentUrl":"https:\/\/kem-europe.eu\/wp-content\/uploads\/2025\/02\/KEM2019-BLACK-1500W.png","width":1500,"height":626,"caption":"KEM Europe"},"image":{"@id":"https:\/\/kem-europe.eu\/#\/schema\/logo\/image\/"}}]}},"_links":{"self":[{"href":"https:\/\/kem-europe.eu\/de\/wp-json\/wp\/v2\/product\/7063","targetHints":{"allow":["GET"]}}],"collection":[{"href":"https:\/\/kem-europe.eu\/de\/wp-json\/wp\/v2\/product"}],"about":[{"href":"https:\/\/kem-europe.eu\/de\/wp-json\/wp\/v2\/types\/product"}],"replies":[{"embeddable":true,"href":"https:\/\/kem-europe.eu\/de\/wp-json\/wp\/v2\/comments?post=7063"}],"wp:featuredmedia":[{"embeddable":true,"href":"https:\/\/kem-europe.eu\/de\/wp-json\/wp\/v2\/media\/7062"}],"wp:attachment":[{"href":"https:\/\/kem-europe.eu\/de\/wp-json\/wp\/v2\/media?parent=7063"}],"wp:term":[{"taxonomy":"product_brand","embeddable":true,"href":"https:\/\/kem-europe.eu\/de\/wp-json\/wp\/v2\/product_brand?post=7063"},{"taxonomy":"product_cat","embeddable":true,"href":"https:\/\/kem-europe.eu\/de\/wp-json\/wp\/v2\/product_cat?post=7063"},{"taxonomy":"product_tag","embeddable":true,"href":"https:\/\/kem-europe.eu\/de\/wp-json\/wp\/v2\/product_tag?post=7063"}],"curies":[{"name":"wp","href":"https:\/\/api.w.org\/{rel}","templated":true}]}}