{"id":7138,"date":"2025-04-01T12:16:47","date_gmt":"2025-04-01T12:16:47","guid":{"rendered":"https:\/\/kem-europe.eu\/product\/dck-58v-accu-combimotor-body\/"},"modified":"2025-04-01T14:27:37","modified_gmt":"2025-04-01T14:27:37","slug":"dck-58v-antriebseinheit-kdph581z-body","status":"publish","type":"product","link":"https:\/\/kem-europe.eu\/de\/product\/dck-58v-combimotor-kdph581z-body\/","title":{"rendered":"DCK 58V Akku-Kombimotor - KDPH581Z | B\u00fcrstenloser Motor | BODY"},"content":{"rendered":"<p class=\"\" data-start=\"631\" data-end=\"909\">Der DCK 58V Accu Combinator - KDPH581Z ist die leistungsstarke und flexible Basis des DCK 58V Multi-Head Systems. Kombinieren Sie diese reine K\u00f6rperversion mit verschiedenen Anbauger\u00e4ten, wie Freischneider, Heckenschere oder Asts\u00e4ge, und Sie haben eine Maschine f\u00fcr alle Ihre Gartenarbeiten.<\/p>\n<p class=\"\" data-start=\"911\" data-end=\"1202\">Der b\u00fcrstenlose Motor sorgt f\u00fcr leise Leistung, lange Lebensdauer und geringen Wartungsaufwand. Mit drei Geschwindigkeiten (4.000 \/ 5.000 \/ 5.700 RPM) k\u00f6nnen Sie die Leistung leicht an Ihre Arbeit anpassen. Dank des verstellbaren Griffs und des mitgelieferten Schultergurts k\u00f6nnen Sie lange Zeit ohne Beschwerden arbeiten.<\/p>\n<p class=\"\" data-start=\"1204\" data-end=\"1325\">Perfekt f\u00fcr alle, die bereits einen DCK 58V-Akku und Teile besitzen oder ihr Werkzeugarsenal auf modulare Art und Weise erweitern m\u00f6chten.<\/p>\n<h3 class=\"\" data-start=\"1332\" data-end=\"1366\"><strong data-start=\"1336\" data-end=\"1364\">Wesentliche Merkmale:<\/strong><\/h3>\n<ul>\n<li data-start=\"1367\" data-end=\"1770\"><strong data-start=\"1370\" data-end=\"1395\">B\u00fcrstenloser Motor (58V)<\/strong> - Langlebig, leise und leistungsstark<\/li>\n<li data-start=\"1367\" data-end=\"1770\"><strong data-start=\"1430\" data-end=\"1455\">Multi-Head kompatibel<\/strong> - Teil des Befestigungssystems DCK 58V<\/li>\n<li data-start=\"1367\" data-end=\"1770\"><strong data-start=\"1507\" data-end=\"1550\">3 Geschwindigkeiten (4.000 \/ 5.000 \/ 5.700 RPM)<\/strong> - Passen Sie die Geschwindigkeit an Ihre Aufgabe an<\/li>\n<li data-start=\"1367\" data-end=\"1770\"><strong data-start=\"1591\" data-end=\"1619\">Akkulaufzeit von bis zu 115 Minuten<\/strong> (mit 5.0Ah Akku, optional)<\/li>\n<li data-start=\"1367\" data-end=\"1770\"><strong data-start=\"1653\" data-end=\"1676\">Ergonomische Gestaltung<\/strong> - Tragekomfort und Gleichgewicht<\/li>\n<li data-start=\"1367\" data-end=\"1770\"><strong data-start=\"1707\" data-end=\"1743\">Inklusive Schultergurt und Schl\u00fcssel<\/strong> - Bereit zum Kombinieren<\/li>\n<\/ul>\n<h3 class=\"\" data-start=\"1777\" data-end=\"1812\"><strong data-start=\"1781\" data-end=\"1810\">Technische Daten:<\/strong><\/h3>\n<ul data-start=\"1813\" data-end=\"2100\">\n<li class=\"\" data-start=\"1813\" data-end=\"1836\">\n<p class=\"\" data-start=\"1815\" data-end=\"1836\"><strong data-start=\"1815\" data-end=\"1825\">Modell:<\/strong> KDPH581Z<\/p>\n<\/li>\n<li class=\"\" data-start=\"1837\" data-end=\"1857\">\n<p class=\"\" data-start=\"1839\" data-end=\"1857\"><strong data-start=\"1839\" data-end=\"1851\">Ern\u00e4hrung:<\/strong> 58V<\/p>\n<\/li>\n<li class=\"\" data-start=\"1858\" data-end=\"1886\">\n<p class=\"\" data-start=\"1860\" data-end=\"1886\"><strong data-start=\"1860\" data-end=\"1874\">Motortyp:<\/strong> B\u00fcrstenlos<\/p>\n<\/li>\n<li class=\"\" data-start=\"1887\" data-end=\"1943\">\n<p class=\"\" data-start=\"1889\" data-end=\"1943\"><strong data-start=\"1889\" data-end=\"1903\">Geschwindigkeiten:<\/strong> 3 Geschwindigkeiten (4.000 \/ 5.000 \/ 5.700 RPM)<\/p>\n<\/li>\n<li class=\"\" data-start=\"1944\" data-end=\"1999\">\n<p class=\"\" data-start=\"1946\" data-end=\"1999\"><strong data-start=\"1946\" data-end=\"1965\">Kompatibel mit:<\/strong> DCK 58V Multikopfaufs\u00e4tze<\/p>\n<\/li>\n<li class=\"\" data-start=\"2000\" data-end=\"2056\">\n<p class=\"\" data-start=\"2002\" data-end=\"2056\"><strong data-start=\"2002\" data-end=\"2027\">Lebensdauer der Batterie (Anzeige):<\/strong> Bis zu 115 Minuten mit 5.0Ah Akku<\/p>\n<\/li>\n<li class=\"\" data-start=\"2057\" data-end=\"2100\">\n<p class=\"\" data-start=\"2059\" data-end=\"2100\"><strong data-start=\"2059\" data-end=\"2091\">Gewicht ohne Anbauteile:<\/strong> 5,2 kg<\/p>\n<\/li>\n<\/ul>\n<h3 class=\"\" data-start=\"2107\" data-end=\"2143\"><strong data-start=\"2111\" data-end=\"2141\">Im Lieferumfang enthalten:<\/strong><\/h3>\n<ul data-start=\"2144\" data-end=\"2324\">\n<li class=\"\" data-start=\"2144\" data-end=\"2194\">\n<p class=\"\" data-start=\"2146\" data-end=\"2194\">DCK 58V Akku-Kombimotor - KDPH581Z (nur Geh\u00e4use)<\/p>\n<\/li>\n<li class=\"\" data-start=\"2195\" data-end=\"2216\">\n<p class=\"\" data-start=\"2197\" data-end=\"2216\">Schultergurt (1x)<\/p>\n<\/li>\n<li class=\"\" data-start=\"2217\" data-end=\"2233\">\n<p class=\"\" data-start=\"2219\" data-end=\"2233\">Schl\u00fcssel (1x)<\/p>\n<\/li>\n<li class=\"\" data-start=\"2234\" data-end=\"2254\">\n<p class=\"\" data-start=\"2236\" data-end=\"2254\">Handbuch (1x)<\/p>\n<\/li>\n<li class=\"\" data-start=\"2255\" data-end=\"2324\">\n<p class=\"\" data-start=\"2257\" data-end=\"2324\">Verpackungsbox (1x)<br data-start=\"2277\" data-end=\"2280\" \/>\u2757 <strong data-start=\"2282\" data-end=\"2322\">Batterie und Aufs\u00e4tze nicht enthalten<\/strong><\/p>\n<\/li>\n<\/ul>","protected":false},"excerpt":{"rendered":"<p>\u2705 <strong data-start=\"249\" data-end=\"268\">B\u00fcrstenloser Motor<\/strong> - Leise, leistungsstark und wartungsarm<br data-start=\"302\" data-end=\"305\" \/>\u2705 <strong data-start=\"307\" data-end=\"332\">Multi-Head kompatibel<\/strong> - Kombinierbar mit Trimmer, Heckenschere, S\u00e4ge und mehr<br data-start=\"384\" data-end=\"387\" \/>\u2705 <strong data-start=\"389\" data-end=\"424\">Variable Geschwindigkeit in 3 Positionen<\/strong> - F\u00fcr optimale Kontrolle<br data-start=\"449\" data-end=\"452\" \/>\u2705 <strong data-start=\"454\" data-end=\"489\">Ergonomisches und tragbares Design<\/strong> - F\u00fcr komfortables Arbeiten<br data-start=\"515\" data-end=\"518\" \/>\u2705 <strong data-start=\"520\" data-end=\"533\">Nur K\u00f6rper<\/strong> - Geeignet f\u00fcr diejenigen, die bereits eine Batterie und Anbauger\u00e4te haben<\/p>","protected":false},"featured_media":7137,"comment_status":"open","ping_status":"closed","template":"","meta":[],"product_brand":[630],"product_cat":[717,706,720],"product_tag":[],"class_list":{"0":"post-7138","1":"product","2":"type-product","3":"status-publish","4":"has-post-thumbnail","6":"product_brand-dck","7":"product_cat-accu-combimotor","8":"product_cat-accu-tuingereedschap","9":"product_cat-multimotor","11":"first","12":"instock","13":"shipping-taxable","14":"product-type-simple"},"ct_brands":[{"id":630,"name":"DCK","slug":"dck"}],"yoast_head":"<!-- This site is optimized with the Yoast SEO plugin v27.3 - https:\/\/yoast.com\/product\/yoast-seo-wordpress\/ -->\n<title>DCK 58V Combimotor KDPH581Z | Brushless | BODY - KEM Europe<\/title>\n<meta name=\"description\" content=\"DCK 58V Combimotor (KDPH581Z) met brushless motor, 3 snelheden en Multi-Head compatibiliteit. Body only \u2013 combineer met DCK opzetstukken.\" \/>\n<meta name=\"robots\" content=\"index, follow, max-snippet:-1, max-image-preview:large, max-video-preview:-1\" \/>\n<link rel=\"canonical\" href=\"https:\/\/kem-europe.eu\/de\/produkt\/dck-58v-antriebseinheit-kdph581z-body\/\" \/>\n<meta property=\"og:locale\" content=\"de_DE\" \/>\n<meta property=\"og:type\" content=\"article\" \/>\n<meta property=\"og:title\" content=\"DCK 58V Combimotor KDPH581Z | Brushless | BODY - KEM Europe\" \/>\n<meta property=\"og:description\" content=\"DCK 58V Combimotor (KDPH581Z) met brushless motor, 3 snelheden en Multi-Head compatibiliteit. Body only \u2013 combineer met DCK opzetstukken.\" \/>\n<meta property=\"og:url\" content=\"https:\/\/kem-europe.eu\/de\/produkt\/dck-58v-antriebseinheit-kdph581z-body\/\" \/>\n<meta property=\"og:site_name\" content=\"KEM Europe\" \/>\n<meta property=\"article:modified_time\" content=\"2025-04-01T14:27:37+00:00\" \/>\n<meta property=\"og:image\" content=\"https:\/\/kem-europe.eu\/wp-content\/uploads\/2025\/04\/DCK-58V-Accu-Combimotor-BODY.png\" \/>\n\t<meta property=\"og:image:width\" content=\"700\" \/>\n\t<meta property=\"og:image:height\" content=\"700\" \/>\n\t<meta property=\"og:image:type\" content=\"image\/png\" \/>\n<meta name=\"twitter:card\" content=\"summary_large_image\" \/>\n<meta name=\"twitter:label1\" content=\"Gesch\u00e4tzte Lesezeit\" \/>\n\t<meta name=\"twitter:data1\" content=\"2\u00a0Minuten\" \/>\n<script type=\"application\/ld+json\" class=\"yoast-schema-graph\">{\"@context\":\"https:\\\/\\\/schema.org\",\"@graph\":[{\"@type\":\"WebPage\",\"@id\":\"https:\\\/\\\/kem-europe.eu\\\/product\\\/dck-58v-combimotor-kdph581z-body\\\/\",\"url\":\"https:\\\/\\\/kem-europe.eu\\\/product\\\/dck-58v-combimotor-kdph581z-body\\\/\",\"name\":\"DCK 58V Combimotor KDPH581Z | Brushless | BODY - KEM Europe\",\"isPartOf\":{\"@id\":\"https:\\\/\\\/kem-europe.eu\\\/#website\"},\"primaryImageOfPage\":{\"@id\":\"https:\\\/\\\/kem-europe.eu\\\/product\\\/dck-58v-combimotor-kdph581z-body\\\/#primaryimage\"},\"image\":{\"@id\":\"https:\\\/\\\/kem-europe.eu\\\/product\\\/dck-58v-combimotor-kdph581z-body\\\/#primaryimage\"},\"thumbnailUrl\":\"https:\\\/\\\/kem-europe.eu\\\/wp-content\\\/uploads\\\/2025\\\/04\\\/DCK-58V-Accu-Combimotor-BODY.png\",\"datePublished\":\"2025-04-01T12:16:47+00:00\",\"dateModified\":\"2025-04-01T14:27:37+00:00\",\"description\":\"DCK 58V Combimotor (KDPH581Z) met brushless motor, 3 snelheden en Multi-Head compatibiliteit. Body only \u2013 combineer met DCK opzetstukken.\",\"breadcrumb\":{\"@id\":\"https:\\\/\\\/kem-europe.eu\\\/product\\\/dck-58v-combimotor-kdph581z-body\\\/#breadcrumb\"},\"inLanguage\":\"de\",\"potentialAction\":[{\"@type\":\"ReadAction\",\"target\":[\"https:\\\/\\\/kem-europe.eu\\\/product\\\/dck-58v-combimotor-kdph581z-body\\\/\"]}]},{\"@type\":\"ImageObject\",\"inLanguage\":\"de\",\"@id\":\"https:\\\/\\\/kem-europe.eu\\\/product\\\/dck-58v-combimotor-kdph581z-body\\\/#primaryimage\",\"url\":\"https:\\\/\\\/kem-europe.eu\\\/wp-content\\\/uploads\\\/2025\\\/04\\\/DCK-58V-Accu-Combimotor-BODY.png\",\"contentUrl\":\"https:\\\/\\\/kem-europe.eu\\\/wp-content\\\/uploads\\\/2025\\\/04\\\/DCK-58V-Accu-Combimotor-BODY.png\",\"width\":700,\"height\":700,\"caption\":\"DCK 58V combimotor KDPH581Z met brushless motor \u2013 body only, zonder accu en zonder opzetstukken, geschikt voor DCK Multi-Head systeem.\"},{\"@type\":\"BreadcrumbList\",\"@id\":\"https:\\\/\\\/kem-europe.eu\\\/product\\\/dck-58v-combimotor-kdph581z-body\\\/#breadcrumb\",\"itemListElement\":[{\"@type\":\"ListItem\",\"position\":1,\"name\":\"Home\",\"item\":\"https:\\\/\\\/kem-europe.eu\\\/\"},{\"@type\":\"ListItem\",\"position\":2,\"name\":\"Winkel\",\"item\":\"https:\\\/\\\/kem-europe.eu\\\/winkel\\\/\"},{\"@type\":\"ListItem\",\"position\":3,\"name\":\"DCK 58V Accu Combimotor \u2013 KDPH581Z | Brushless Motor | BODY\"}]},{\"@type\":\"WebSite\",\"@id\":\"https:\\\/\\\/kem-europe.eu\\\/#website\",\"url\":\"https:\\\/\\\/kem-europe.eu\\\/\",\"name\":\"KEM Europe\",\"description\":\"\",\"publisher\":{\"@id\":\"https:\\\/\\\/kem-europe.eu\\\/#organization\"},\"potentialAction\":[{\"@type\":\"SearchAction\",\"target\":{\"@type\":\"EntryPoint\",\"urlTemplate\":\"https:\\\/\\\/kem-europe.eu\\\/?s={search_term_string}\"},\"query-input\":{\"@type\":\"PropertyValueSpecification\",\"valueRequired\":true,\"valueName\":\"search_term_string\"}}],\"inLanguage\":\"de\"},{\"@type\":\"Organization\",\"@id\":\"https:\\\/\\\/kem-europe.eu\\\/#organization\",\"name\":\"KEM Europe\",\"url\":\"https:\\\/\\\/kem-europe.eu\\\/\",\"logo\":{\"@type\":\"ImageObject\",\"inLanguage\":\"de\",\"@id\":\"https:\\\/\\\/kem-europe.eu\\\/#\\\/schema\\\/logo\\\/image\\\/\",\"url\":\"https:\\\/\\\/kem-europe.eu\\\/wp-content\\\/uploads\\\/2025\\\/02\\\/KEM2019-BLACK-1500W.png\",\"contentUrl\":\"https:\\\/\\\/kem-europe.eu\\\/wp-content\\\/uploads\\\/2025\\\/02\\\/KEM2019-BLACK-1500W.png\",\"width\":1500,\"height\":626,\"caption\":\"KEM Europe\"},\"image\":{\"@id\":\"https:\\\/\\\/kem-europe.eu\\\/#\\\/schema\\\/logo\\\/image\\\/\"}}]}<\/script>\n<!-- \/ Yoast SEO plugin. -->","yoast_head_json":{"title":"DCK 58V Kombi-Motor KDPH581Z | B\u00fcrstenlos | BODY - KEM Europe","description":"DCK 58V Combinator (KDPH581Z) mit b\u00fcrstenlosem Motor, 3 Geschwindigkeiten und Multi-Head-Kompatibilit\u00e4t. Nur Geh\u00e4use - kombinierbar mit DCK-Aufs\u00e4tzen.","robots":{"index":"index","follow":"follow","max-snippet":"max-snippet:-1","max-image-preview":"max-image-preview:large","max-video-preview":"max-video-preview:-1"},"canonical":"https:\/\/kem-europe.eu\/de\/produkt\/dck-58v-antriebseinheit-kdph581z-body\/","og_locale":"de_DE","og_type":"article","og_title":"DCK 58V Combimotor KDPH581Z | Brushless | BODY - KEM Europe","og_description":"DCK 58V Combimotor (KDPH581Z) met brushless motor, 3 snelheden en Multi-Head compatibiliteit. Body only \u2013 combineer met DCK opzetstukken.","og_url":"https:\/\/kem-europe.eu\/de\/produkt\/dck-58v-antriebseinheit-kdph581z-body\/","og_site_name":"KEM Europe","article_modified_time":"2025-04-01T14:27:37+00:00","og_image":[{"width":700,"height":700,"url":"https:\/\/kem-europe.eu\/wp-content\/uploads\/2025\/04\/DCK-58V-Accu-Combimotor-BODY.png","type":"image\/png"}],"twitter_card":"summary_large_image","twitter_misc":{"Gesch\u00e4tzte Lesezeit":"2\u00a0Minuten"},"schema":{"@context":"https:\/\/schema.org","@graph":[{"@type":"WebPage","@id":"https:\/\/kem-europe.eu\/product\/dck-58v-combimotor-kdph581z-body\/","url":"https:\/\/kem-europe.eu\/product\/dck-58v-combimotor-kdph581z-body\/","name":"DCK 58V Kombi-Motor KDPH581Z | B\u00fcrstenlos | BODY - KEM Europe","isPartOf":{"@id":"https:\/\/kem-europe.eu\/#website"},"primaryImageOfPage":{"@id":"https:\/\/kem-europe.eu\/product\/dck-58v-combimotor-kdph581z-body\/#primaryimage"},"image":{"@id":"https:\/\/kem-europe.eu\/product\/dck-58v-combimotor-kdph581z-body\/#primaryimage"},"thumbnailUrl":"https:\/\/kem-europe.eu\/wp-content\/uploads\/2025\/04\/DCK-58V-Accu-Combimotor-BODY.png","datePublished":"2025-04-01T12:16:47+00:00","dateModified":"2025-04-01T14:27:37+00:00","description":"DCK 58V Combinator (KDPH581Z) mit b\u00fcrstenlosem Motor, 3 Geschwindigkeiten und Multi-Head-Kompatibilit\u00e4t. Nur Geh\u00e4use - kombinierbar mit DCK-Aufs\u00e4tzen.","breadcrumb":{"@id":"https:\/\/kem-europe.eu\/product\/dck-58v-combimotor-kdph581z-body\/#breadcrumb"},"inLanguage":"de","potentialAction":[{"@type":"ReadAction","target":["https:\/\/kem-europe.eu\/product\/dck-58v-combimotor-kdph581z-body\/"]}]},{"@type":"ImageObject","inLanguage":"de","@id":"https:\/\/kem-europe.eu\/product\/dck-58v-combimotor-kdph581z-body\/#primaryimage","url":"https:\/\/kem-europe.eu\/wp-content\/uploads\/2025\/04\/DCK-58V-Accu-Combimotor-BODY.png","contentUrl":"https:\/\/kem-europe.eu\/wp-content\/uploads\/2025\/04\/DCK-58V-Accu-Combimotor-BODY.png","width":700,"height":700,"caption":"DCK 58V combimotor KDPH581Z met brushless motor \u2013 body only, zonder accu en zonder opzetstukken, geschikt voor DCK Multi-Head systeem."},{"@type":"BreadcrumbList","@id":"https:\/\/kem-europe.eu\/product\/dck-58v-combimotor-kdph581z-body\/#breadcrumb","itemListElement":[{"@type":"ListItem","position":1,"name":"Home","item":"https:\/\/kem-europe.eu\/"},{"@type":"ListItem","position":2,"name":"Winkel","item":"https:\/\/kem-europe.eu\/winkel\/"},{"@type":"ListItem","position":3,"name":"DCK 58V Accu Combimotor \u2013 KDPH581Z | Brushless Motor | BODY"}]},{"@type":"WebSite","@id":"https:\/\/kem-europe.eu\/#website","url":"https:\/\/kem-europe.eu\/","name":"KEM Europe","description":"","publisher":{"@id":"https:\/\/kem-europe.eu\/#organization"},"potentialAction":[{"@type":"SearchAction","target":{"@type":"EntryPoint","urlTemplate":"https:\/\/kem-europe.eu\/?s={search_term_string}"},"query-input":{"@type":"PropertyValueSpecification","valueRequired":true,"valueName":"search_term_string"}}],"inLanguage":"de"},{"@type":"Organization","@id":"https:\/\/kem-europe.eu\/#organization","name":"KEM Europe","url":"https:\/\/kem-europe.eu\/","logo":{"@type":"ImageObject","inLanguage":"de","@id":"https:\/\/kem-europe.eu\/#\/schema\/logo\/image\/","url":"https:\/\/kem-europe.eu\/wp-content\/uploads\/2025\/02\/KEM2019-BLACK-1500W.png","contentUrl":"https:\/\/kem-europe.eu\/wp-content\/uploads\/2025\/02\/KEM2019-BLACK-1500W.png","width":1500,"height":626,"caption":"KEM Europe"},"image":{"@id":"https:\/\/kem-europe.eu\/#\/schema\/logo\/image\/"}}]}},"_links":{"self":[{"href":"https:\/\/kem-europe.eu\/de\/wp-json\/wp\/v2\/product\/7138","targetHints":{"allow":["GET"]}}],"collection":[{"href":"https:\/\/kem-europe.eu\/de\/wp-json\/wp\/v2\/product"}],"about":[{"href":"https:\/\/kem-europe.eu\/de\/wp-json\/wp\/v2\/types\/product"}],"replies":[{"embeddable":true,"href":"https:\/\/kem-europe.eu\/de\/wp-json\/wp\/v2\/comments?post=7138"}],"wp:featuredmedia":[{"embeddable":true,"href":"https:\/\/kem-europe.eu\/de\/wp-json\/wp\/v2\/media\/7137"}],"wp:attachment":[{"href":"https:\/\/kem-europe.eu\/de\/wp-json\/wp\/v2\/media?parent=7138"}],"wp:term":[{"taxonomy":"product_brand","embeddable":true,"href":"https:\/\/kem-europe.eu\/de\/wp-json\/wp\/v2\/product_brand?post=7138"},{"taxonomy":"product_cat","embeddable":true,"href":"https:\/\/kem-europe.eu\/de\/wp-json\/wp\/v2\/product_cat?post=7138"},{"taxonomy":"product_tag","embeddable":true,"href":"https:\/\/kem-europe.eu\/de\/wp-json\/wp\/v2\/product_tag?post=7138"}],"curies":[{"name":"wp","href":"https:\/\/api.w.org\/{rel}","templated":true}]}}