{"id":7140,"date":"2025-04-01T12:16:48","date_gmt":"2025-04-01T12:16:48","guid":{"rendered":"https:\/\/kem-europe.eu\/product\/dck-kantensnijder-opzetstuk-voor-kdph581-58v-combimotor\/"},"modified":"2025-04-01T14:27:43","modified_gmt":"2025-04-01T14:27:43","slug":"dck-kantenschneider-aufsatz-58v-kdph581","status":"publish","type":"product","link":"https:\/\/kem-europe.eu\/de\/product\/dck-kantensnijder-opzetstuk-58v-kdph581\/","title":{"rendered":"DCK Kantenschneideraufsatz - 58V | F\u00fcr Kombimotor KDPH581 | 200 mm"},"content":{"rendered":"<p class=\"\" data-start=\"686\" data-end=\"982\">Der DCK-Kantenschneideraufsatz f\u00fcr den Kombimotor KDPH581 ist das Zubeh\u00f6r f\u00fcr die pr\u00e4zise Bearbeitung von Rasenkanten, Einfahrten und Gartenwegen. Dieser langlebige Aufsatz verf\u00fcgt \u00fcber ein 200 mm langes Schneidmesser aus geh\u00e4rtetem Stahl, das bei jeder Arbeit scharfe, professionelle Ergebnisse gew\u00e4hrleistet.<\/p>\n<p class=\"\" data-start=\"984\" data-end=\"1267\">Mit dem Schnellwechselsystem wechseln Sie m\u00fchelos zwischen den Aufs\u00e4tzen. Dank des tiefenverstellbaren F\u00fchrungsrads arbeiten Sie auch auf unebenen Fl\u00e4chen gleichm\u00e4\u00dfig und m\u00fchelos. Die Aluminium-Schutzabdeckung sch\u00fctzt vor herumfliegendem Gras oder Steinen.<\/p>\n<p class=\"\" data-start=\"1269\" data-end=\"1405\">Ob Sie regelm\u00e4\u00dfig professionell arbeiten oder Ihren Garten perfekt in Ordnung halten wollen - dieses Ger\u00e4t bietet Leistung, Kontrolle und Komfort in einem.<\/p>\n<h3 class=\"\" data-start=\"1412\" data-end=\"1446\"><strong data-start=\"1416\" data-end=\"1444\">Wesentliche Merkmale:<\/strong><\/h3>\n<ul>\n<li data-start=\"1447\" data-end=\"1927\"><strong data-start=\"1450\" data-end=\"1476\">200 mm Stahlklinge<\/strong> - F\u00fcr pr\u00e4zises und scharfes Finishing<\/li>\n<li data-start=\"1447\" data-end=\"1927\"><strong data-start=\"1522\" data-end=\"1557\">Einstellbare Schnitttiefe bis zu 60 mm<\/strong> - Anpassung an Ihr Substrat<\/li>\n<li data-start=\"1447\" data-end=\"1927\"><strong data-start=\"1592\" data-end=\"1613\">Schnellwechselsystem<\/strong> - Kein Werkzeug zum Wechseln erforderlich<\/li>\n<li data-start=\"1447\" data-end=\"1927\"><strong data-start=\"1658\" data-end=\"1676\">Leitrad<\/strong> - Sanftes Rollen und stabiles Arbeiten<\/li>\n<li data-start=\"1447\" data-end=\"1927\"><strong data-start=\"1716\" data-end=\"1750\">Robuste Aluminium-Schutzh\u00fclle<\/strong> - Schutz gegen Schmutz und Steinschlag<\/li>\n<li data-start=\"1447\" data-end=\"1927\"><strong data-start=\"1794\" data-end=\"1812\">Kompakt und leise<\/strong> - Dank des b\u00fcrstenlosen Motors (des Kombimotors)<\/li>\n<li data-start=\"1447\" data-end=\"1927\"><strong data-start=\"1866\" data-end=\"1925\">Perfekt zu kombinieren mit dem DCK 58V Kombimotor (KDPH581Z)<\/strong><\/li>\n<\/ul>\n<h3 class=\"\" data-start=\"1934\" data-end=\"1969\"><strong data-start=\"1938\" data-end=\"1967\">Technische Daten:<\/strong><\/h3>\n<ul data-start=\"1970\" data-end=\"2121\">\n<li class=\"\" data-start=\"1970\" data-end=\"2000\">\n<p class=\"\" data-start=\"1972\" data-end=\"2000\"><strong data-start=\"1972\" data-end=\"1991\">L\u00e4nge der Schneideklinge:<\/strong> 200 mm<\/p>\n<\/li>\n<li class=\"\" data-start=\"2001\" data-end=\"2035\">\n<p class=\"\" data-start=\"2003\" data-end=\"2035\"><strong data-start=\"2003\" data-end=\"2027\">Maximale Schnitttiefe:<\/strong> 60 mm<\/p>\n<\/li>\n<li class=\"\" data-start=\"2036\" data-end=\"2097\">\n<p class=\"\" data-start=\"2038\" data-end=\"2097\"><strong data-start=\"2038\" data-end=\"2069\">Geschwindigkeit (\u00fcber Kombimotor):<\/strong> 3.600 \/ 4.500 \/ 5.100 U\/min<\/p>\n<\/li>\n<li class=\"\" data-start=\"2098\" data-end=\"2121\">\n<p class=\"\" data-start=\"2100\" data-end=\"2121\"><strong data-start=\"2100\" data-end=\"2112\">Gewicht:<\/strong> 2,3 kg<\/p>\n<\/li>\n<\/ul>\n<h3 class=\"\" data-start=\"2128\" data-end=\"2164\"><strong data-start=\"2132\" data-end=\"2162\">Im Lieferumfang enthalten:<\/strong><\/h3>\n<ul data-start=\"2165\" data-end=\"2277\">\n<li class=\"\" data-start=\"2165\" data-end=\"2277\">\n<p class=\"\" data-start=\"2167\" data-end=\"2277\">DCK Kantenschneideraufsatz f\u00fcr Kombimotor KDPH581 (1x)<br data-start=\"2223\" data-end=\"2226\" \/>\u2757 <strong data-start=\"2228\" data-end=\"2275\">Hinweis: ohne Kombimotor, Batterie und Ladeger\u00e4t<\/strong><\/p>\n<\/li>\n<\/ul>","protected":false},"excerpt":{"rendered":"<p>\u2705 <strong data-start=\"267\" data-end=\"300\">200 mm Klinge aus geh\u00e4rtetem Stahl<\/strong> - F\u00fcr glatte und dauerhafte Rasenkanten<br data-start=\"339\" data-end=\"342\" \/>\u2705 <strong data-start=\"344\" data-end=\"379\">Einstellbare Schnitttiefe bis zu 60 mm<\/strong> - Einfache Anpassung an den Untergrund<br data-start=\"414\" data-end=\"417\" \/>\u2705 <strong data-start=\"419\" data-end=\"457\">F\u00fchrungsrad + Schnellwechselsystem<\/strong> - Pr\u00e4zises Arbeiten und schnelles Umr\u00fcsten<br data-start=\"494\" data-end=\"497\" \/>\u2705 <strong data-start=\"499\" data-end=\"533\">Robuste Aluminium-Schutzh\u00fclle<\/strong> - Gegen spritzenden Schmutz und Steine<br data-start=\"570\" data-end=\"573\" data-is-only-node=\"\" \/>\u2705 <strong data-start=\"575\" data-end=\"619\">Geeignet f\u00fcr DCK 58V Multi-Head System<\/strong> - Modular und erweiterbar<\/p>","protected":false},"featured_media":7139,"comment_status":"open","ping_status":"closed","template":"","meta":[],"product_brand":[630],"product_cat":[723,706,725,726],"product_tag":[],"class_list":{"0":"post-7140","1":"product","2":"type-product","3":"status-publish","4":"has-post-thumbnail","6":"product_brand-dck","7":"product_cat-accu-combimotor-opzetstukken","8":"product_cat-accu-tuingereedschap","9":"product_cat-kantensnijder-steker-toebehoren","10":"product_cat-multimotor-toebehoren","12":"first","13":"instock","14":"shipping-taxable","15":"product-type-simple"},"ct_brands":[{"id":630,"name":"DCK","slug":"dck"}],"yoast_head":"<!-- This site is optimized with the Yoast SEO plugin v27.3 - https:\/\/yoast.com\/product\/yoast-seo-wordpress\/ -->\n<title>DCK Kantensnijder Opzetstuk | Voor 58V Combimotor KDPH581 - KEM Europe<\/title>\n<meta name=\"description\" content=\"Kantensnijder opzetstuk voor DCK 58V Combimotor. 200 mm stalen blad, snijdiepte tot 60 mm, met geleidingswiel en aluminium beschermkap.\" \/>\n<meta name=\"robots\" content=\"index, follow, max-snippet:-1, max-image-preview:large, max-video-preview:-1\" \/>\n<link rel=\"canonical\" href=\"https:\/\/kem-europe.eu\/de\/produkt\/dck-kantenschneider-aufsatz-58v-kdph581\/\" \/>\n<meta property=\"og:locale\" content=\"de_DE\" \/>\n<meta property=\"og:type\" content=\"article\" \/>\n<meta property=\"og:title\" content=\"DCK Kantensnijder Opzetstuk | Voor 58V Combimotor KDPH581 - KEM Europe\" \/>\n<meta property=\"og:description\" content=\"Kantensnijder opzetstuk voor DCK 58V Combimotor. 200 mm stalen blad, snijdiepte tot 60 mm, met geleidingswiel en aluminium beschermkap.\" \/>\n<meta property=\"og:url\" content=\"https:\/\/kem-europe.eu\/de\/produkt\/dck-kantenschneider-aufsatz-58v-kdph581\/\" \/>\n<meta property=\"og:site_name\" content=\"KEM Europe\" \/>\n<meta property=\"article:modified_time\" content=\"2025-04-01T14:27:43+00:00\" \/>\n<meta property=\"og:image\" content=\"https:\/\/kem-europe.eu\/wp-content\/uploads\/2025\/04\/4-min.png\" \/>\n\t<meta property=\"og:image:width\" content=\"700\" \/>\n\t<meta property=\"og:image:height\" content=\"700\" \/>\n\t<meta property=\"og:image:type\" content=\"image\/png\" \/>\n<meta name=\"twitter:card\" content=\"summary_large_image\" \/>\n<meta name=\"twitter:label1\" content=\"Gesch\u00e4tzte Lesezeit\" \/>\n\t<meta name=\"twitter:data1\" content=\"2\u00a0Minuten\" \/>\n<script type=\"application\/ld+json\" class=\"yoast-schema-graph\">{\"@context\":\"https:\\\/\\\/schema.org\",\"@graph\":[{\"@type\":\"WebPage\",\"@id\":\"https:\\\/\\\/kem-europe.eu\\\/product\\\/dck-kantensnijder-opzetstuk-58v-kdph581\\\/\",\"url\":\"https:\\\/\\\/kem-europe.eu\\\/product\\\/dck-kantensnijder-opzetstuk-58v-kdph581\\\/\",\"name\":\"DCK Kantensnijder Opzetstuk | Voor 58V Combimotor KDPH581 - KEM Europe\",\"isPartOf\":{\"@id\":\"https:\\\/\\\/kem-europe.eu\\\/#website\"},\"primaryImageOfPage\":{\"@id\":\"https:\\\/\\\/kem-europe.eu\\\/product\\\/dck-kantensnijder-opzetstuk-58v-kdph581\\\/#primaryimage\"},\"image\":{\"@id\":\"https:\\\/\\\/kem-europe.eu\\\/product\\\/dck-kantensnijder-opzetstuk-58v-kdph581\\\/#primaryimage\"},\"thumbnailUrl\":\"https:\\\/\\\/kem-europe.eu\\\/wp-content\\\/uploads\\\/2025\\\/04\\\/4-min.png\",\"datePublished\":\"2025-04-01T12:16:48+00:00\",\"dateModified\":\"2025-04-01T14:27:43+00:00\",\"description\":\"Kantensnijder opzetstuk voor DCK 58V Combimotor. 200 mm stalen blad, snijdiepte tot 60 mm, met geleidingswiel en aluminium beschermkap.\",\"breadcrumb\":{\"@id\":\"https:\\\/\\\/kem-europe.eu\\\/product\\\/dck-kantensnijder-opzetstuk-58v-kdph581\\\/#breadcrumb\"},\"inLanguage\":\"de\",\"potentialAction\":[{\"@type\":\"ReadAction\",\"target\":[\"https:\\\/\\\/kem-europe.eu\\\/product\\\/dck-kantensnijder-opzetstuk-58v-kdph581\\\/\"]}]},{\"@type\":\"ImageObject\",\"inLanguage\":\"de\",\"@id\":\"https:\\\/\\\/kem-europe.eu\\\/product\\\/dck-kantensnijder-opzetstuk-58v-kdph581\\\/#primaryimage\",\"url\":\"https:\\\/\\\/kem-europe.eu\\\/wp-content\\\/uploads\\\/2025\\\/04\\\/4-min.png\",\"contentUrl\":\"https:\\\/\\\/kem-europe.eu\\\/wp-content\\\/uploads\\\/2025\\\/04\\\/4-min.png\",\"width\":700,\"height\":700},{\"@type\":\"BreadcrumbList\",\"@id\":\"https:\\\/\\\/kem-europe.eu\\\/product\\\/dck-kantensnijder-opzetstuk-58v-kdph581\\\/#breadcrumb\",\"itemListElement\":[{\"@type\":\"ListItem\",\"position\":1,\"name\":\"Home\",\"item\":\"https:\\\/\\\/kem-europe.eu\\\/\"},{\"@type\":\"ListItem\",\"position\":2,\"name\":\"Winkel\",\"item\":\"https:\\\/\\\/kem-europe.eu\\\/winkel\\\/\"},{\"@type\":\"ListItem\",\"position\":3,\"name\":\"DCK Kantensnijder Opzetstuk \u2013 58V | Voor KDPH581 Combimotor | 200 mm\"}]},{\"@type\":\"WebSite\",\"@id\":\"https:\\\/\\\/kem-europe.eu\\\/#website\",\"url\":\"https:\\\/\\\/kem-europe.eu\\\/\",\"name\":\"KEM Europe\",\"description\":\"\",\"publisher\":{\"@id\":\"https:\\\/\\\/kem-europe.eu\\\/#organization\"},\"potentialAction\":[{\"@type\":\"SearchAction\",\"target\":{\"@type\":\"EntryPoint\",\"urlTemplate\":\"https:\\\/\\\/kem-europe.eu\\\/?s={search_term_string}\"},\"query-input\":{\"@type\":\"PropertyValueSpecification\",\"valueRequired\":true,\"valueName\":\"search_term_string\"}}],\"inLanguage\":\"de\"},{\"@type\":\"Organization\",\"@id\":\"https:\\\/\\\/kem-europe.eu\\\/#organization\",\"name\":\"KEM Europe\",\"url\":\"https:\\\/\\\/kem-europe.eu\\\/\",\"logo\":{\"@type\":\"ImageObject\",\"inLanguage\":\"de\",\"@id\":\"https:\\\/\\\/kem-europe.eu\\\/#\\\/schema\\\/logo\\\/image\\\/\",\"url\":\"https:\\\/\\\/kem-europe.eu\\\/wp-content\\\/uploads\\\/2025\\\/02\\\/KEM2019-BLACK-1500W.png\",\"contentUrl\":\"https:\\\/\\\/kem-europe.eu\\\/wp-content\\\/uploads\\\/2025\\\/02\\\/KEM2019-BLACK-1500W.png\",\"width\":1500,\"height\":626,\"caption\":\"KEM Europe\"},\"image\":{\"@id\":\"https:\\\/\\\/kem-europe.eu\\\/#\\\/schema\\\/logo\\\/image\\\/\"}}]}<\/script>\n<!-- \/ Yoast SEO plugin. -->","yoast_head_json":{"title":"DCK Kantenschneideraufsatz | F\u00fcr 58V Kombimotor KDPH581 - KEM Europe","description":"Kantenschneider-Aufsatz f\u00fcr DCK 58V Combi-Motor. 200 mm Stahlklinge, Schnitttiefe bis zu 60 mm, mit F\u00fchrungsrad und Aluminiumschutz.","robots":{"index":"index","follow":"follow","max-snippet":"max-snippet:-1","max-image-preview":"max-image-preview:large","max-video-preview":"max-video-preview:-1"},"canonical":"https:\/\/kem-europe.eu\/de\/produkt\/dck-kantenschneider-aufsatz-58v-kdph581\/","og_locale":"de_DE","og_type":"article","og_title":"DCK Kantensnijder Opzetstuk | Voor 58V Combimotor KDPH581 - KEM Europe","og_description":"Kantensnijder opzetstuk voor DCK 58V Combimotor. 200 mm stalen blad, snijdiepte tot 60 mm, met geleidingswiel en aluminium beschermkap.","og_url":"https:\/\/kem-europe.eu\/de\/produkt\/dck-kantenschneider-aufsatz-58v-kdph581\/","og_site_name":"KEM Europe","article_modified_time":"2025-04-01T14:27:43+00:00","og_image":[{"width":700,"height":700,"url":"https:\/\/kem-europe.eu\/wp-content\/uploads\/2025\/04\/4-min.png","type":"image\/png"}],"twitter_card":"summary_large_image","twitter_misc":{"Gesch\u00e4tzte Lesezeit":"2\u00a0Minuten"},"schema":{"@context":"https:\/\/schema.org","@graph":[{"@type":"WebPage","@id":"https:\/\/kem-europe.eu\/product\/dck-kantensnijder-opzetstuk-58v-kdph581\/","url":"https:\/\/kem-europe.eu\/product\/dck-kantensnijder-opzetstuk-58v-kdph581\/","name":"DCK Kantenschneideraufsatz | F\u00fcr 58V Kombimotor KDPH581 - KEM Europe","isPartOf":{"@id":"https:\/\/kem-europe.eu\/#website"},"primaryImageOfPage":{"@id":"https:\/\/kem-europe.eu\/product\/dck-kantensnijder-opzetstuk-58v-kdph581\/#primaryimage"},"image":{"@id":"https:\/\/kem-europe.eu\/product\/dck-kantensnijder-opzetstuk-58v-kdph581\/#primaryimage"},"thumbnailUrl":"https:\/\/kem-europe.eu\/wp-content\/uploads\/2025\/04\/4-min.png","datePublished":"2025-04-01T12:16:48+00:00","dateModified":"2025-04-01T14:27:43+00:00","description":"Kantenschneider-Aufsatz f\u00fcr DCK 58V Combi-Motor. 200 mm Stahlklinge, Schnitttiefe bis zu 60 mm, mit F\u00fchrungsrad und Aluminiumschutz.","breadcrumb":{"@id":"https:\/\/kem-europe.eu\/product\/dck-kantensnijder-opzetstuk-58v-kdph581\/#breadcrumb"},"inLanguage":"de","potentialAction":[{"@type":"ReadAction","target":["https:\/\/kem-europe.eu\/product\/dck-kantensnijder-opzetstuk-58v-kdph581\/"]}]},{"@type":"ImageObject","inLanguage":"de","@id":"https:\/\/kem-europe.eu\/product\/dck-kantensnijder-opzetstuk-58v-kdph581\/#primaryimage","url":"https:\/\/kem-europe.eu\/wp-content\/uploads\/2025\/04\/4-min.png","contentUrl":"https:\/\/kem-europe.eu\/wp-content\/uploads\/2025\/04\/4-min.png","width":700,"height":700},{"@type":"BreadcrumbList","@id":"https:\/\/kem-europe.eu\/product\/dck-kantensnijder-opzetstuk-58v-kdph581\/#breadcrumb","itemListElement":[{"@type":"ListItem","position":1,"name":"Home","item":"https:\/\/kem-europe.eu\/"},{"@type":"ListItem","position":2,"name":"Winkel","item":"https:\/\/kem-europe.eu\/winkel\/"},{"@type":"ListItem","position":3,"name":"DCK Kantensnijder Opzetstuk \u2013 58V | Voor KDPH581 Combimotor | 200 mm"}]},{"@type":"WebSite","@id":"https:\/\/kem-europe.eu\/#website","url":"https:\/\/kem-europe.eu\/","name":"KEM Europe","description":"","publisher":{"@id":"https:\/\/kem-europe.eu\/#organization"},"potentialAction":[{"@type":"SearchAction","target":{"@type":"EntryPoint","urlTemplate":"https:\/\/kem-europe.eu\/?s={search_term_string}"},"query-input":{"@type":"PropertyValueSpecification","valueRequired":true,"valueName":"search_term_string"}}],"inLanguage":"de"},{"@type":"Organization","@id":"https:\/\/kem-europe.eu\/#organization","name":"KEM Europe","url":"https:\/\/kem-europe.eu\/","logo":{"@type":"ImageObject","inLanguage":"de","@id":"https:\/\/kem-europe.eu\/#\/schema\/logo\/image\/","url":"https:\/\/kem-europe.eu\/wp-content\/uploads\/2025\/02\/KEM2019-BLACK-1500W.png","contentUrl":"https:\/\/kem-europe.eu\/wp-content\/uploads\/2025\/02\/KEM2019-BLACK-1500W.png","width":1500,"height":626,"caption":"KEM Europe"},"image":{"@id":"https:\/\/kem-europe.eu\/#\/schema\/logo\/image\/"}}]}},"_links":{"self":[{"href":"https:\/\/kem-europe.eu\/de\/wp-json\/wp\/v2\/product\/7140","targetHints":{"allow":["GET"]}}],"collection":[{"href":"https:\/\/kem-europe.eu\/de\/wp-json\/wp\/v2\/product"}],"about":[{"href":"https:\/\/kem-europe.eu\/de\/wp-json\/wp\/v2\/types\/product"}],"replies":[{"embeddable":true,"href":"https:\/\/kem-europe.eu\/de\/wp-json\/wp\/v2\/comments?post=7140"}],"wp:featuredmedia":[{"embeddable":true,"href":"https:\/\/kem-europe.eu\/de\/wp-json\/wp\/v2\/media\/7139"}],"wp:attachment":[{"href":"https:\/\/kem-europe.eu\/de\/wp-json\/wp\/v2\/media?parent=7140"}],"wp:term":[{"taxonomy":"product_brand","embeddable":true,"href":"https:\/\/kem-europe.eu\/de\/wp-json\/wp\/v2\/product_brand?post=7140"},{"taxonomy":"product_cat","embeddable":true,"href":"https:\/\/kem-europe.eu\/de\/wp-json\/wp\/v2\/product_cat?post=7140"},{"taxonomy":"product_tag","embeddable":true,"href":"https:\/\/kem-europe.eu\/de\/wp-json\/wp\/v2\/product_tag?post=7140"}],"curies":[{"name":"wp","href":"https:\/\/api.w.org\/{rel}","templated":true}]}}