{"id":7153,"date":"2025-04-01T12:16:55","date_gmt":"2025-04-01T12:16:55","guid":{"rendered":"https:\/\/kem-europe.eu\/product\/dck-kettingzaag-op-steel-opzetstuk\/"},"modified":"2025-04-01T14:15:04","modified_gmt":"2025-04-01T14:15:04","slug":"dck-kettensaege-aufsatz-kdcs101-58v-antriebseinheit","status":"publish","type":"product","link":"https:\/\/kem-europe.eu\/de\/product\/dck-kettingzaag-opzetstuk-kdcs101-58v-combimotor\/","title":{"rendered":"DCK 58V Kettens\u00e4genaufsatz am Griff - KDCS101 | F\u00fcr Kombinationsmotor KDPH581"},"content":{"rendered":"<p class=\"\" data-start=\"682\" data-end=\"861\">Die DCK 58V Kettens\u00e4ge am Griff - KDCS101 ist ein unentbehrlicher Begleiter f\u00fcr den DCK 58V Combinator (KDPH581Z) f\u00fcr alle, die mit maximaler Kraft und Pr\u00e4zision in der H\u00f6he schneiden wollen.<\/p>\n<p class=\"\" data-start=\"863\" data-end=\"1086\">Mit dem hochwertigen 25 cm (10\u2033) OREGON\u00ae-S\u00e4geblatt k\u00f6nnen Sie m\u00fchelos durch dicke \u00c4ste schneiden. Die automatische Kettenschmierung h\u00e4lt die Kette gut geschmiert und sorgt f\u00fcr konstante Leistung und lange Lebensdauer.<\/p>\n<p class=\"\" data-start=\"1088\" data-end=\"1369\">Die hohe Kettengeschwindigkeit (bis zu 15 m\/s) und die variable Drehzahl (4.800 \/ 6.000 \/ 6.800 U\/min) geben Ihnen maximale Kontrolle, egal bei welcher Arbeit. Das leichte Design macht langes Arbeiten komfortabel, besonders in Kombination mit einer 71 cm langen Verl\u00e4ngerung f\u00fcr noch mehr Reichweite.<\/p>\n<p class=\"\" data-start=\"1371\" data-end=\"1463\">Ideal f\u00fcr die Baumpflege, den Baumschnitt und die Pflege im eigenen Garten oder f\u00fcr den professionellen Einsatz.<\/p>\n<h3 class=\"\" data-start=\"1470\" data-end=\"1504\"><strong data-start=\"1474\" data-end=\"1502\">Wesentliche Merkmale:<\/strong><\/h3>\n<ul>\n<li data-start=\"1505\" data-end=\"1971\"><strong data-start=\"1508\" data-end=\"1544\">OREGON\u00ae 25 cm Schiene &amp; Kette<\/strong> - F\u00fcr professionelle Ergebnisse<\/li>\n<li data-start=\"1505\" data-end=\"1971\"><strong data-start=\"1581\" data-end=\"1619\">Hohe Kettengeschwindigkeit (max. 15 m\/s)<\/strong> - Schneidet kraftvoll und effizient<\/li>\n<li data-start=\"1505\" data-end=\"1971\"><strong data-start=\"1655\" data-end=\"1679\">Automatische Schmierung<\/strong> - Weniger Wartung, l\u00e4ngere Lebensdauer<\/li>\n<li data-start=\"1505\" data-end=\"1971\"><strong data-start=\"1724\" data-end=\"1758\">Variable Geschwindigkeit (3 Positionen)<\/strong> - Passen Sie die Geschwindigkeit an Ihre Aufgabe an<\/li>\n<li data-start=\"1505\" data-end=\"1971\"><strong data-start=\"1799\" data-end=\"1824\">Leichtes Gewicht (2,2 kg)<\/strong> - Bequem zu handhaben<\/li>\n<li data-start=\"1505\" data-end=\"1971\"><strong data-start=\"1856\" data-end=\"1915\">Perfekt f\u00fcr die Verwendung in Kombination mit der DCK-Verl\u00e4ngerung (optional)<\/strong><\/li>\n<li data-start=\"1505\" data-end=\"1971\"><strong data-start=\"1921\" data-end=\"1969\">Teil des DCK 58V Multi-Head-Systems<\/strong><\/li>\n<\/ul>\n<h3 class=\"\" data-start=\"1978\" data-end=\"2013\"><strong data-start=\"1982\" data-end=\"2011\">Technische Daten:<\/strong><\/h3>\n<ul data-start=\"2014\" data-end=\"2300\">\n<li class=\"\" data-start=\"2014\" data-end=\"2036\">\n<p class=\"\" data-start=\"2016\" data-end=\"2036\"><strong data-start=\"2016\" data-end=\"2026\">Modell:<\/strong> KDCS101<\/p>\n<\/li>\n<li class=\"\" data-start=\"2037\" data-end=\"2072\">\n<p class=\"\" data-start=\"2039\" data-end=\"2072\"><strong data-start=\"2039\" data-end=\"2058\">L\u00e4nge des S\u00e4geblatts:<\/strong> 25 cm (10\u2033)<\/p>\n<\/li>\n<li class=\"\" data-start=\"2073\" data-end=\"2111\">\n<p class=\"\" data-start=\"2075\" data-end=\"2111\"><strong data-start=\"2075\" data-end=\"2101\">Marke S\u00e4geblatt\/Kette:<\/strong> OREGON\u00ae.<\/p>\n<\/li>\n<li class=\"\" data-start=\"2112\" data-end=\"2157\">\n<p class=\"\" data-start=\"2114\" data-end=\"2157\"><strong data-start=\"2114\" data-end=\"2134\">Kettengeschwindigkeit:<\/strong> 10,5 \/ 13,5 \/ 15 m\/s<\/p>\n<\/li>\n<li class=\"\" data-start=\"2158\" data-end=\"2202\">\n<p class=\"\" data-start=\"2160\" data-end=\"2202\"><strong data-start=\"2160\" data-end=\"2174\">Rev:<\/strong> 4.800 \/ 6.000 \/ 6.800 U\/MIN<\/p>\n<\/li>\n<li class=\"\" data-start=\"2203\" data-end=\"2231\">\n<p class=\"\" data-start=\"2205\" data-end=\"2231\"><strong data-start=\"2205\" data-end=\"2217\">Schmierung:<\/strong> Automatisch<\/p>\n<\/li>\n<li class=\"\" data-start=\"2232\" data-end=\"2276\">\n<p class=\"\" data-start=\"2234\" data-end=\"2276\"><strong data-start=\"2234\" data-end=\"2254\">Kettenspannung:<\/strong> Erforderliche Werkzeuge<\/p>\n<\/li>\n<li class=\"\" data-start=\"2277\" data-end=\"2300\">\n<p class=\"\" data-start=\"2279\" data-end=\"2300\"><strong data-start=\"2279\" data-end=\"2291\">Gewicht:<\/strong> 2,2 kg<\/p>\n<\/li>\n<\/ul>\n<h3 class=\"\" data-start=\"2307\" data-end=\"2343\"><strong data-start=\"2311\" data-end=\"2341\">Umfang der Lieferung:<\/strong><\/h3>\n<ul data-start=\"2344\" data-end=\"2573\">\n<li class=\"\" data-start=\"2344\" data-end=\"2381\">\n<p class=\"\" data-start=\"2346\" data-end=\"2381\">DCK Kettens\u00e4genaufsatz KDCS101<\/p>\n<\/li>\n<li class=\"\" data-start=\"2382\" data-end=\"2407\">\n<p class=\"\" data-start=\"2384\" data-end=\"2407\">OREGON\u00ae 25 cm Kette<\/p>\n<\/li>\n<li class=\"\" data-start=\"2408\" data-end=\"2434\">\n<p class=\"\" data-start=\"2410\" data-end=\"2434\">OREGON\u00ae 25 cm S\u00e4geblatt<\/p>\n<\/li>\n<li class=\"\" data-start=\"2435\" data-end=\"2463\">\n<p class=\"\" data-start=\"2437\" data-end=\"2463\">S\u00e4geblattschutz (1x)<\/p>\n<\/li>\n<li class=\"\" data-start=\"2464\" data-end=\"2484\">\n<p class=\"\" data-start=\"2466\" data-end=\"2484\">Handbuch (1x)<\/p>\n<\/li>\n<li class=\"\" data-start=\"2485\" data-end=\"2573\">\n<p class=\"\" data-start=\"2487\" data-end=\"2573\">Verpackungsbox (1x)<br data-start=\"2507\" data-end=\"2510\" \/>\u2757 <strong data-start=\"2512\" data-end=\"2571\">Hinweis: Kombi-Motor, Akku und Verl\u00e4ngerung nicht enthalten<\/strong><\/p>\n<\/li>\n<\/ul>","protected":false},"excerpt":{"rendered":"<p>\u2705 <strong data-start=\"279\" data-end=\"315\">OREGON\u00ae 25 cm Schiene &amp; Kette<\/strong> - Kraftvoller und pr\u00e4ziser Schnitt in der H\u00f6he<br data-start=\"358\" data-end=\"361\" \/>\u2705 <strong data-start=\"363\" data-end=\"393\">Kettengeschwindigkeit bis zu 15 m\/s<\/strong> - Schneidet m\u00fchelos durch dicke \u00c4ste<br data-start=\"430\" data-end=\"433\" \/>\u2705 <strong data-start=\"435\" data-end=\"466\">Automatische Kettenschmierung<\/strong> - Konstante Leistung, l\u00e4ngere Lebensdauer<br data-start=\"509\" data-end=\"512\" \/>\u2705 <strong data-start=\"514\" data-end=\"548\">Variable Geschwindigkeit (3 Positionen)<\/strong> - F\u00fcr optimale Kontrolle<br data-start=\"573\" data-end=\"576\" \/>\u2705 <strong data-start=\"578\" data-end=\"603\">Leichtes Gewicht (2,2 kg)<\/strong> - Perfekt f\u00fcr langfristige Beschneidungsarbeiten<\/p>","protected":false},"featured_media":7152,"comment_status":"open","ping_status":"closed","template":"","meta":[],"product_brand":[630],"product_cat":[723,706,726],"product_tag":[],"class_list":{"0":"post-7153","1":"product","2":"type-product","3":"status-publish","4":"has-post-thumbnail","6":"product_brand-dck","7":"product_cat-accu-combimotor-opzetstukken","8":"product_cat-accu-tuingereedschap","9":"product_cat-multimotor-toebehoren","11":"first","12":"instock","13":"shipping-taxable","14":"product-type-simple"},"ct_brands":[{"id":630,"name":"DCK","slug":"dck"}],"yoast_head":"<!-- This site is optimized with the Yoast SEO plugin v27.4 - https:\/\/yoast.com\/product\/yoast-seo-wordpress\/ -->\n<title>DCK 58V Kettingzaag Opzetstuk KDCS101 | Voor Combimotor - KEM Europe<\/title>\n<meta name=\"description\" content=\"DCK 58V kettingzaag op steel (KDCS101) met 25 cm OREGON\u00ae zaagblad. Automatische smering, 3 snelheden en ideaal voor hoogsnoeiwerk met combimotor.\" \/>\n<meta name=\"robots\" content=\"index, follow, max-snippet:-1, max-image-preview:large, max-video-preview:-1\" \/>\n<link rel=\"canonical\" href=\"https:\/\/kem-europe.eu\/de\/produkt\/dck-kettensaege-aufsatz-kdcs101-58v-antriebseinheit\/\" \/>\n<meta property=\"og:locale\" content=\"de_DE\" \/>\n<meta property=\"og:type\" content=\"article\" \/>\n<meta property=\"og:title\" content=\"DCK 58V Kettingzaag Opzetstuk KDCS101 | Voor Combimotor - KEM Europe\" \/>\n<meta property=\"og:description\" content=\"DCK 58V kettingzaag op steel (KDCS101) met 25 cm OREGON\u00ae zaagblad. Automatische smering, 3 snelheden en ideaal voor hoogsnoeiwerk met combimotor.\" \/>\n<meta property=\"og:url\" content=\"https:\/\/kem-europe.eu\/de\/produkt\/dck-kettensaege-aufsatz-kdcs101-58v-antriebseinheit\/\" \/>\n<meta property=\"og:site_name\" content=\"KEM Europe\" \/>\n<meta property=\"article:modified_time\" content=\"2025-04-01T14:15:04+00:00\" \/>\n<meta property=\"og:image\" content=\"https:\/\/kem-europe.eu\/wp-content\/uploads\/2025\/04\/DCK-Akku-Hochentaster-Aufsatz-fur-KDCS101-1.jpg\" \/>\n\t<meta property=\"og:image:width\" content=\"700\" \/>\n\t<meta property=\"og:image:height\" content=\"700\" \/>\n\t<meta property=\"og:image:type\" content=\"image\/jpeg\" \/>\n<meta name=\"twitter:card\" content=\"summary_large_image\" \/>\n<meta name=\"twitter:label1\" content=\"Gesch\u00e4tzte Lesezeit\" \/>\n\t<meta name=\"twitter:data1\" content=\"2\u00a0Minuten\" \/>\n<script type=\"application\/ld+json\" class=\"yoast-schema-graph\">{\"@context\":\"https:\\\/\\\/schema.org\",\"@graph\":[{\"@type\":\"WebPage\",\"@id\":\"https:\\\/\\\/kem-europe.eu\\\/product\\\/dck-kettingzaag-opzetstuk-kdcs101-58v-combimotor\\\/\",\"url\":\"https:\\\/\\\/kem-europe.eu\\\/product\\\/dck-kettingzaag-opzetstuk-kdcs101-58v-combimotor\\\/\",\"name\":\"DCK 58V Kettingzaag Opzetstuk KDCS101 | Voor Combimotor - KEM Europe\",\"isPartOf\":{\"@id\":\"https:\\\/\\\/kem-europe.eu\\\/#website\"},\"primaryImageOfPage\":{\"@id\":\"https:\\\/\\\/kem-europe.eu\\\/product\\\/dck-kettingzaag-opzetstuk-kdcs101-58v-combimotor\\\/#primaryimage\"},\"image\":{\"@id\":\"https:\\\/\\\/kem-europe.eu\\\/product\\\/dck-kettingzaag-opzetstuk-kdcs101-58v-combimotor\\\/#primaryimage\"},\"thumbnailUrl\":\"https:\\\/\\\/kem-europe.eu\\\/wp-content\\\/uploads\\\/2025\\\/04\\\/DCK-Akku-Hochentaster-Aufsatz-fur-KDCS101-1.jpg\",\"datePublished\":\"2025-04-01T12:16:55+00:00\",\"dateModified\":\"2025-04-01T14:15:04+00:00\",\"description\":\"DCK 58V kettingzaag op steel (KDCS101) met 25 cm OREGON\u00ae zaagblad. Automatische smering, 3 snelheden en ideaal voor hoogsnoeiwerk met combimotor.\",\"breadcrumb\":{\"@id\":\"https:\\\/\\\/kem-europe.eu\\\/product\\\/dck-kettingzaag-opzetstuk-kdcs101-58v-combimotor\\\/#breadcrumb\"},\"inLanguage\":\"de\",\"potentialAction\":[{\"@type\":\"ReadAction\",\"target\":[\"https:\\\/\\\/kem-europe.eu\\\/product\\\/dck-kettingzaag-opzetstuk-kdcs101-58v-combimotor\\\/\"]}]},{\"@type\":\"ImageObject\",\"inLanguage\":\"de\",\"@id\":\"https:\\\/\\\/kem-europe.eu\\\/product\\\/dck-kettingzaag-opzetstuk-kdcs101-58v-combimotor\\\/#primaryimage\",\"url\":\"https:\\\/\\\/kem-europe.eu\\\/wp-content\\\/uploads\\\/2025\\\/04\\\/DCK-Akku-Hochentaster-Aufsatz-fur-KDCS101-1.jpg\",\"contentUrl\":\"https:\\\/\\\/kem-europe.eu\\\/wp-content\\\/uploads\\\/2025\\\/04\\\/DCK-Akku-Hochentaster-Aufsatz-fur-KDCS101-1.jpg\",\"width\":700,\"height\":700,\"caption\":\"DCK kettingzaag op steel \u2013 KDCS101 met 25 cm OREGON\u00ae zaagblad, geschikt voor 58V combimotor KDPH581.\"},{\"@type\":\"BreadcrumbList\",\"@id\":\"https:\\\/\\\/kem-europe.eu\\\/product\\\/dck-kettingzaag-opzetstuk-kdcs101-58v-combimotor\\\/#breadcrumb\",\"itemListElement\":[{\"@type\":\"ListItem\",\"position\":1,\"name\":\"Home\",\"item\":\"https:\\\/\\\/kem-europe.eu\\\/\"},{\"@type\":\"ListItem\",\"position\":2,\"name\":\"Winkel\",\"item\":\"https:\\\/\\\/kem-europe.eu\\\/winkel\\\/\"},{\"@type\":\"ListItem\",\"position\":3,\"name\":\"DCK 58V Kettingzaag Opzetstuk op Steel \u2013 KDCS101 | Voor Combimotor KDPH581\"}]},{\"@type\":\"WebSite\",\"@id\":\"https:\\\/\\\/kem-europe.eu\\\/#website\",\"url\":\"https:\\\/\\\/kem-europe.eu\\\/\",\"name\":\"KEM Europe\",\"description\":\"\",\"publisher\":{\"@id\":\"https:\\\/\\\/kem-europe.eu\\\/#organization\"},\"potentialAction\":[{\"@type\":\"SearchAction\",\"target\":{\"@type\":\"EntryPoint\",\"urlTemplate\":\"https:\\\/\\\/kem-europe.eu\\\/?s={search_term_string}\"},\"query-input\":{\"@type\":\"PropertyValueSpecification\",\"valueRequired\":true,\"valueName\":\"search_term_string\"}}],\"inLanguage\":\"de\"},{\"@type\":\"Organization\",\"@id\":\"https:\\\/\\\/kem-europe.eu\\\/#organization\",\"name\":\"KEM Europe\",\"url\":\"https:\\\/\\\/kem-europe.eu\\\/\",\"logo\":{\"@type\":\"ImageObject\",\"inLanguage\":\"de\",\"@id\":\"https:\\\/\\\/kem-europe.eu\\\/#\\\/schema\\\/logo\\\/image\\\/\",\"url\":\"https:\\\/\\\/kem-europe.eu\\\/wp-content\\\/uploads\\\/2025\\\/02\\\/KEM2019-BLACK-1500W.png\",\"contentUrl\":\"https:\\\/\\\/kem-europe.eu\\\/wp-content\\\/uploads\\\/2025\\\/02\\\/KEM2019-BLACK-1500W.png\",\"width\":1500,\"height\":626,\"caption\":\"KEM Europe\"},\"image\":{\"@id\":\"https:\\\/\\\/kem-europe.eu\\\/#\\\/schema\\\/logo\\\/image\\\/\"}}]}<\/script>\n<!-- \/ Yoast SEO plugin. -->","yoast_head_json":{"title":"DCK 58V Kettens\u00e4geaufsatz KDCS101 | F\u00fcr Kombinationsmotor - KEM Europe","description":"DCK 58V Kettens\u00e4ge am Griff (KDCS101) mit 25 cm OREGON\u00ae S\u00e4geblatt. Automatische Schmierung, 3 Geschwindigkeiten und ideal f\u00fcr hohe Baumschnittarbeiten mit Kombimotor.","robots":{"index":"index","follow":"follow","max-snippet":"max-snippet:-1","max-image-preview":"max-image-preview:large","max-video-preview":"max-video-preview:-1"},"canonical":"https:\/\/kem-europe.eu\/de\/produkt\/dck-kettensaege-aufsatz-kdcs101-58v-antriebseinheit\/","og_locale":"de_DE","og_type":"article","og_title":"DCK 58V Kettingzaag Opzetstuk KDCS101 | Voor Combimotor - KEM Europe","og_description":"DCK 58V kettingzaag op steel (KDCS101) met 25 cm OREGON\u00ae zaagblad. Automatische smering, 3 snelheden en ideaal voor hoogsnoeiwerk met combimotor.","og_url":"https:\/\/kem-europe.eu\/de\/produkt\/dck-kettensaege-aufsatz-kdcs101-58v-antriebseinheit\/","og_site_name":"KEM Europe","article_modified_time":"2025-04-01T14:15:04+00:00","og_image":[{"width":700,"height":700,"url":"https:\/\/kem-europe.eu\/wp-content\/uploads\/2025\/04\/DCK-Akku-Hochentaster-Aufsatz-fur-KDCS101-1.jpg","type":"image\/jpeg"}],"twitter_card":"summary_large_image","twitter_misc":{"Gesch\u00e4tzte Lesezeit":"2\u00a0Minuten"},"schema":{"@context":"https:\/\/schema.org","@graph":[{"@type":"WebPage","@id":"https:\/\/kem-europe.eu\/product\/dck-kettingzaag-opzetstuk-kdcs101-58v-combimotor\/","url":"https:\/\/kem-europe.eu\/product\/dck-kettingzaag-opzetstuk-kdcs101-58v-combimotor\/","name":"DCK 58V Kettens\u00e4geaufsatz KDCS101 | F\u00fcr Kombinationsmotor - KEM Europe","isPartOf":{"@id":"https:\/\/kem-europe.eu\/#website"},"primaryImageOfPage":{"@id":"https:\/\/kem-europe.eu\/product\/dck-kettingzaag-opzetstuk-kdcs101-58v-combimotor\/#primaryimage"},"image":{"@id":"https:\/\/kem-europe.eu\/product\/dck-kettingzaag-opzetstuk-kdcs101-58v-combimotor\/#primaryimage"},"thumbnailUrl":"https:\/\/kem-europe.eu\/wp-content\/uploads\/2025\/04\/DCK-Akku-Hochentaster-Aufsatz-fur-KDCS101-1.jpg","datePublished":"2025-04-01T12:16:55+00:00","dateModified":"2025-04-01T14:15:04+00:00","description":"DCK 58V Kettens\u00e4ge am Griff (KDCS101) mit 25 cm OREGON\u00ae S\u00e4geblatt. Automatische Schmierung, 3 Geschwindigkeiten und ideal f\u00fcr hohe Baumschnittarbeiten mit Kombimotor.","breadcrumb":{"@id":"https:\/\/kem-europe.eu\/product\/dck-kettingzaag-opzetstuk-kdcs101-58v-combimotor\/#breadcrumb"},"inLanguage":"de","potentialAction":[{"@type":"ReadAction","target":["https:\/\/kem-europe.eu\/product\/dck-kettingzaag-opzetstuk-kdcs101-58v-combimotor\/"]}]},{"@type":"ImageObject","inLanguage":"de","@id":"https:\/\/kem-europe.eu\/product\/dck-kettingzaag-opzetstuk-kdcs101-58v-combimotor\/#primaryimage","url":"https:\/\/kem-europe.eu\/wp-content\/uploads\/2025\/04\/DCK-Akku-Hochentaster-Aufsatz-fur-KDCS101-1.jpg","contentUrl":"https:\/\/kem-europe.eu\/wp-content\/uploads\/2025\/04\/DCK-Akku-Hochentaster-Aufsatz-fur-KDCS101-1.jpg","width":700,"height":700,"caption":"DCK kettingzaag op steel \u2013 KDCS101 met 25 cm OREGON\u00ae zaagblad, geschikt voor 58V combimotor KDPH581."},{"@type":"BreadcrumbList","@id":"https:\/\/kem-europe.eu\/product\/dck-kettingzaag-opzetstuk-kdcs101-58v-combimotor\/#breadcrumb","itemListElement":[{"@type":"ListItem","position":1,"name":"Home","item":"https:\/\/kem-europe.eu\/"},{"@type":"ListItem","position":2,"name":"Winkel","item":"https:\/\/kem-europe.eu\/winkel\/"},{"@type":"ListItem","position":3,"name":"DCK 58V Kettingzaag Opzetstuk op Steel \u2013 KDCS101 | Voor Combimotor KDPH581"}]},{"@type":"WebSite","@id":"https:\/\/kem-europe.eu\/#website","url":"https:\/\/kem-europe.eu\/","name":"KEM Europe","description":"","publisher":{"@id":"https:\/\/kem-europe.eu\/#organization"},"potentialAction":[{"@type":"SearchAction","target":{"@type":"EntryPoint","urlTemplate":"https:\/\/kem-europe.eu\/?s={search_term_string}"},"query-input":{"@type":"PropertyValueSpecification","valueRequired":true,"valueName":"search_term_string"}}],"inLanguage":"de"},{"@type":"Organization","@id":"https:\/\/kem-europe.eu\/#organization","name":"KEM Europe","url":"https:\/\/kem-europe.eu\/","logo":{"@type":"ImageObject","inLanguage":"de","@id":"https:\/\/kem-europe.eu\/#\/schema\/logo\/image\/","url":"https:\/\/kem-europe.eu\/wp-content\/uploads\/2025\/02\/KEM2019-BLACK-1500W.png","contentUrl":"https:\/\/kem-europe.eu\/wp-content\/uploads\/2025\/02\/KEM2019-BLACK-1500W.png","width":1500,"height":626,"caption":"KEM Europe"},"image":{"@id":"https:\/\/kem-europe.eu\/#\/schema\/logo\/image\/"}}]}},"_links":{"self":[{"href":"https:\/\/kem-europe.eu\/de\/wp-json\/wp\/v2\/product\/7153","targetHints":{"allow":["GET"]}}],"collection":[{"href":"https:\/\/kem-europe.eu\/de\/wp-json\/wp\/v2\/product"}],"about":[{"href":"https:\/\/kem-europe.eu\/de\/wp-json\/wp\/v2\/types\/product"}],"replies":[{"embeddable":true,"href":"https:\/\/kem-europe.eu\/de\/wp-json\/wp\/v2\/comments?post=7153"}],"wp:featuredmedia":[{"embeddable":true,"href":"https:\/\/kem-europe.eu\/de\/wp-json\/wp\/v2\/media\/7152"}],"wp:attachment":[{"href":"https:\/\/kem-europe.eu\/de\/wp-json\/wp\/v2\/media?parent=7153"}],"wp:term":[{"taxonomy":"product_brand","embeddable":true,"href":"https:\/\/kem-europe.eu\/de\/wp-json\/wp\/v2\/product_brand?post=7153"},{"taxonomy":"product_cat","embeddable":true,"href":"https:\/\/kem-europe.eu\/de\/wp-json\/wp\/v2\/product_cat?post=7153"},{"taxonomy":"product_tag","embeddable":true,"href":"https:\/\/kem-europe.eu\/de\/wp-json\/wp\/v2\/product_tag?post=7153"}],"curies":[{"name":"wp","href":"https:\/\/api.w.org\/{rel}","templated":true}]}}