{"id":7155,"date":"2025-04-01T12:16:55","date_gmt":"2025-04-01T12:16:55","guid":{"rendered":"https:\/\/kem-europe.eu\/product\/dck-heggenschaar-op-steel-opzetstuk\/"},"modified":"2025-04-01T14:28:07","modified_gmt":"2025-04-01T14:28:07","slug":"dck-heckenscheren-aufsatz-kdht211-58v-antriebseinheit","status":"publish","type":"product","link":"https:\/\/kem-europe.eu\/de\/product\/dck-heggenschaar-opzetstuk-kdht211-58v-combimotor\/","title":{"rendered":"DCK 58V Heckenscherenaufsatz auf Griff - KDHT211 | F\u00fcr Kombinationsmotor KDPH581"},"content":{"rendered":"<p class=\"\" data-start=\"652\" data-end=\"901\">Die DCK 58V Heckenschere am Griff (KDHT211) ist die L\u00f6sung f\u00fcr m\u00fcheloses Schneiden von hohen oder breiten Hecken. Dieses Zubeh\u00f6rteil wurde als Aufsatz f\u00fcr die DCK 58V Combine Heckenschere (KDPH581Z) entwickelt und bietet Leistung, Pr\u00e4zision und Flexibilit\u00e4t in einem.<\/p>\n<p class=\"\" data-start=\"903\" data-end=\"1189\">Die 46 cm lange, doppelseitige Klinge ist lasergeschnitten und diamantgeschliffen f\u00fcr scharfe und saubere Ergebnisse. Dank des neigbaren Kopfes mit 9 Feststellpositionen (bis zu 120\u00b0) k\u00f6nnen Sie bequem in fast jedem Winkel arbeiten - ideal f\u00fcr die Oberseite und die Seiten von Hecken.<\/p>\n<p class=\"\" data-start=\"1191\" data-end=\"1399\">Mit der variablen Geschwindigkeit k\u00f6nnen Sie die Schnittgeschwindigkeit an die jeweilige Situation anpassen, w\u00e4hrend das geringe Gewicht (2,58 kg) und das ergonomische Design ein m\u00fcheloses Arbeiten auch bei l\u00e4ngeren Eins\u00e4tzen erm\u00f6glichen.<\/p>\n<p class=\"\" data-start=\"1401\" data-end=\"1469\">Perfekt zu kombinieren mit einer Verl\u00e4ngerung f\u00fcr mehr Reichweite.<\/p>\n<h3 class=\"\" data-start=\"1476\" data-end=\"1510\"><strong data-start=\"1480\" data-end=\"1508\">Wesentliche Merkmale:<\/strong><\/h3>\n<ul>\n<li data-start=\"1511\" data-end=\"1981\"><strong data-start=\"1514\" data-end=\"1540\">Doppelseitige 46 cm Klinge<\/strong> - F\u00fcr ein sauberes, professionelles Schnittergebnis<\/li>\n<li data-start=\"1511\" data-end=\"1981\"><strong data-start=\"1593\" data-end=\"1632\">Schwenkbarer Kopf (9 Positionen, bis zu 120\u00b0)<\/strong> - F\u00fcr perfekte Winkel ohne k\u00f6rperliche Anstrengung<\/li>\n<li data-start=\"1511\" data-end=\"1981\"><strong data-start=\"1687\" data-end=\"1716\">Max. Schnittleistung 21 mm<\/strong> - Auch f\u00fcr dickere \u00c4ste<\/li>\n<li data-start=\"1511\" data-end=\"1981\"><strong data-start=\"1748\" data-end=\"1798\">Variable Geschwindigkeit (2.100 \/ 2.650 \/ 3.050 SPM)<\/strong> - F\u00fcr optimale Kontrolle<\/li>\n<li data-start=\"1511\" data-end=\"1981\"><strong data-start=\"1829\" data-end=\"1873\">Teil des DCK 58V Multi-Head-Systems<\/strong> - Einfacher Wechsel zwischen Anbauger\u00e4ten<\/li>\n<li data-start=\"1511\" data-end=\"1981\"><strong data-start=\"1918\" data-end=\"1937\">Nur 2,58 kg<\/strong> - Ergonomisches, erm\u00fcdungsfreies Schneiden<\/li>\n<\/ul>\n<h3 class=\"\" data-start=\"1988\" data-end=\"2023\"><strong data-start=\"1992\" data-end=\"2021\">Technische Daten:<\/strong><\/h3>\n<ul data-start=\"2024\" data-end=\"2277\">\n<li class=\"\" data-start=\"2024\" data-end=\"2046\">\n<p class=\"\" data-start=\"2026\" data-end=\"2046\"><strong data-start=\"2026\" data-end=\"2036\">Modell:<\/strong> KDHT211<\/p>\n<\/li>\n<li class=\"\" data-start=\"2047\" data-end=\"2077\">\n<p class=\"\" data-start=\"2049\" data-end=\"2077\"><strong data-start=\"2049\" data-end=\"2069\">L\u00e4nge des S\u00e4geblatts:<\/strong> 46 cm<\/p>\n<\/li>\n<li class=\"\" data-start=\"2078\" data-end=\"2134\">\n<p class=\"\" data-start=\"2080\" data-end=\"2134\"><strong data-start=\"2080\" data-end=\"2093\">Messertyp:<\/strong> Doppelseitig, Laser- und Diamantschnitt<\/p>\n<\/li>\n<li class=\"\" data-start=\"2135\" data-end=\"2164\">\n<p class=\"\" data-start=\"2137\" data-end=\"2164\"><strong data-start=\"2137\" data-end=\"2156\">Maximale Schnittst\u00e4rke:<\/strong> 21 mm<\/p>\n<\/li>\n<li class=\"\" data-start=\"2165\" data-end=\"2207\">\n<p class=\"\" data-start=\"2167\" data-end=\"2207\"><strong data-start=\"2167\" data-end=\"2186\">Neigen des Kopfes:<\/strong> 120\u00b0 mit 9 Positionen<\/p>\n<\/li>\n<li class=\"\" data-start=\"2208\" data-end=\"2252\">\n<p class=\"\" data-start=\"2210\" data-end=\"2252\"><strong data-start=\"2210\" data-end=\"2224\">Geschwindigkeiten:<\/strong> 2.100 \/ 2.650 \/ 3.050 UMDREHUNGEN PRO MINUTE<\/p>\n<\/li>\n<li class=\"\" data-start=\"2253\" data-end=\"2277\">\n<p class=\"\" data-start=\"2255\" data-end=\"2277\"><strong data-start=\"2255\" data-end=\"2267\">Gewicht:<\/strong> 2,58 kg<\/p>\n<\/li>\n<\/ul>\n<h3 class=\"\" data-start=\"2284\" data-end=\"2320\"><strong data-start=\"2288\" data-end=\"2318\">Umfang der Lieferung:<\/strong><\/h3>\n<ul data-start=\"2321\" data-end=\"2499\">\n<li class=\"\" data-start=\"2321\" data-end=\"2360\">\n<p class=\"\" data-start=\"2323\" data-end=\"2360\">DCK Heckenschere am Griff - KDHT211<\/p>\n<\/li>\n<li class=\"\" data-start=\"2361\" data-end=\"2395\">\n<p class=\"\" data-start=\"2363\" data-end=\"2395\">Schutzh\u00fclle f\u00fcr S\u00e4geblatt (1x)<\/p>\n<\/li>\n<li class=\"\" data-start=\"2396\" data-end=\"2416\">\n<p class=\"\" data-start=\"2398\" data-end=\"2416\">Handbuch (1x)<\/p>\n<\/li>\n<li class=\"\" data-start=\"2417\" data-end=\"2499\">\n<p class=\"\" data-start=\"2419\" data-end=\"2499\">Verpackungsbox (1x)<br data-start=\"2439\" data-end=\"2442\" \/>\u2757 <strong data-start=\"2444\" data-end=\"2497\">Hinweis: Kombi-Motor, Akku und Ladeger\u00e4t nicht enthalten<\/strong><\/p>\n<\/li>\n<\/ul>","protected":false},"excerpt":{"rendered":"<p>\u2705 <strong data-start=\"265\" data-end=\"296\">46 cm doppelseitiges S\u00e4geblatt<\/strong> - Pr\u00e4zises Beschneiden, auch in der H\u00f6he<br data-start=\"332\" data-end=\"335\" \/>\u2705 <strong data-start=\"337\" data-end=\"374\">Neigbarer Kopf (120\u00b0 \/ 9 Positionen)<\/strong> - F\u00fcr perfekte Schneidewinkel<br data-start=\"402\" data-end=\"405\" \/>\u2705 <strong data-start=\"407\" data-end=\"435\">Schnittleistung bis zu 21 mm<\/strong> - Geeignet f\u00fcr robuste Hecken<br data-start=\"466\" data-end=\"469\" \/>\u2705 <strong data-start=\"471\" data-end=\"504\">Leicht und ergonomisch (2,58 kg)<\/strong> - Komfortabel bei l\u00e4ngerem Gebrauch<br data-start=\"540\" data-end=\"543\" \/>\u2705 <strong data-start=\"545\" data-end=\"592\">Geeignet f\u00fcr DCK 58V Multi-Head Kombinationsmotor<\/strong> - Plug-and-go-System<\/p>","protected":false},"featured_media":7154,"comment_status":"open","ping_status":"closed","template":"","meta":[],"product_brand":[630],"product_cat":[723,706,726],"product_tag":[],"class_list":{"0":"post-7155","1":"product","2":"type-product","3":"status-publish","4":"has-post-thumbnail","6":"product_brand-dck","7":"product_cat-accu-combimotor-opzetstukken","8":"product_cat-accu-tuingereedschap","9":"product_cat-multimotor-toebehoren","11":"first","12":"instock","13":"shipping-taxable","14":"product-type-simple"},"ct_brands":[{"id":630,"name":"DCK","slug":"dck"}],"yoast_head":"<!-- This site is optimized with the Yoast SEO plugin v27.3 - https:\/\/yoast.com\/product\/yoast-seo-wordpress\/ -->\n<title>DCK 58V Heggenschaar Opzetstuk KDHT211 | Voor Combimotor - KEM Europe<\/title>\n<meta name=\"description\" content=\"DCK heggenschaar op steel (KDHT211) met 46 cm dubbelzijdig mes en 120\u00b0 kantelkop. Lichtgewicht, krachtig en geschikt voor DCK 58V combimotor.\" \/>\n<meta name=\"robots\" content=\"index, follow, max-snippet:-1, max-image-preview:large, max-video-preview:-1\" \/>\n<link rel=\"canonical\" href=\"https:\/\/kem-europe.eu\/de\/produkt\/dck-heckenscheren-aufsatz-kdht211-58v-antriebseinheit\/\" \/>\n<meta property=\"og:locale\" content=\"de_DE\" \/>\n<meta property=\"og:type\" content=\"article\" \/>\n<meta property=\"og:title\" content=\"DCK 58V Heggenschaar Opzetstuk KDHT211 | Voor Combimotor - KEM Europe\" \/>\n<meta property=\"og:description\" content=\"DCK heggenschaar op steel (KDHT211) met 46 cm dubbelzijdig mes en 120\u00b0 kantelkop. Lichtgewicht, krachtig en geschikt voor DCK 58V combimotor.\" \/>\n<meta property=\"og:url\" content=\"https:\/\/kem-europe.eu\/de\/produkt\/dck-heckenscheren-aufsatz-kdht211-58v-antriebseinheit\/\" \/>\n<meta property=\"og:site_name\" content=\"KEM Europe\" \/>\n<meta property=\"article:modified_time\" content=\"2025-04-01T14:28:07+00:00\" \/>\n<meta property=\"og:image\" content=\"https:\/\/kem-europe.eu\/wp-content\/uploads\/2025\/04\/DCK-Heggenschaar-op-steel-opzetstuk.jpg\" \/>\n\t<meta property=\"og:image:width\" content=\"700\" \/>\n\t<meta property=\"og:image:height\" content=\"700\" \/>\n\t<meta property=\"og:image:type\" content=\"image\/jpeg\" \/>\n<meta name=\"twitter:card\" content=\"summary_large_image\" \/>\n<meta name=\"twitter:label1\" content=\"Gesch\u00e4tzte Lesezeit\" \/>\n\t<meta name=\"twitter:data1\" content=\"2\u00a0Minuten\" \/>\n<script type=\"application\/ld+json\" class=\"yoast-schema-graph\">{\"@context\":\"https:\\\/\\\/schema.org\",\"@graph\":[{\"@type\":\"WebPage\",\"@id\":\"https:\\\/\\\/kem-europe.eu\\\/product\\\/dck-heggenschaar-opzetstuk-kdht211-58v-combimotor\\\/\",\"url\":\"https:\\\/\\\/kem-europe.eu\\\/product\\\/dck-heggenschaar-opzetstuk-kdht211-58v-combimotor\\\/\",\"name\":\"DCK 58V Heggenschaar Opzetstuk KDHT211 | Voor Combimotor - KEM Europe\",\"isPartOf\":{\"@id\":\"https:\\\/\\\/kem-europe.eu\\\/#website\"},\"primaryImageOfPage\":{\"@id\":\"https:\\\/\\\/kem-europe.eu\\\/product\\\/dck-heggenschaar-opzetstuk-kdht211-58v-combimotor\\\/#primaryimage\"},\"image\":{\"@id\":\"https:\\\/\\\/kem-europe.eu\\\/product\\\/dck-heggenschaar-opzetstuk-kdht211-58v-combimotor\\\/#primaryimage\"},\"thumbnailUrl\":\"https:\\\/\\\/kem-europe.eu\\\/wp-content\\\/uploads\\\/2025\\\/04\\\/DCK-Heggenschaar-op-steel-opzetstuk.jpg\",\"datePublished\":\"2025-04-01T12:16:55+00:00\",\"dateModified\":\"2025-04-01T14:28:07+00:00\",\"description\":\"DCK heggenschaar op steel (KDHT211) met 46 cm dubbelzijdig mes en 120\u00b0 kantelkop. Lichtgewicht, krachtig en geschikt voor DCK 58V combimotor.\",\"breadcrumb\":{\"@id\":\"https:\\\/\\\/kem-europe.eu\\\/product\\\/dck-heggenschaar-opzetstuk-kdht211-58v-combimotor\\\/#breadcrumb\"},\"inLanguage\":\"de\",\"potentialAction\":[{\"@type\":\"ReadAction\",\"target\":[\"https:\\\/\\\/kem-europe.eu\\\/product\\\/dck-heggenschaar-opzetstuk-kdht211-58v-combimotor\\\/\"]}]},{\"@type\":\"ImageObject\",\"inLanguage\":\"de\",\"@id\":\"https:\\\/\\\/kem-europe.eu\\\/product\\\/dck-heggenschaar-opzetstuk-kdht211-58v-combimotor\\\/#primaryimage\",\"url\":\"https:\\\/\\\/kem-europe.eu\\\/wp-content\\\/uploads\\\/2025\\\/04\\\/DCK-Heggenschaar-op-steel-opzetstuk.jpg\",\"contentUrl\":\"https:\\\/\\\/kem-europe.eu\\\/wp-content\\\/uploads\\\/2025\\\/04\\\/DCK-Heggenschaar-op-steel-opzetstuk.jpg\",\"width\":700,\"height\":700,\"caption\":\"DCK heggenschaar-opzetstuk KDHT211 met 46 cm dubbelzijdig mes en verstelbare kop \u2013 voor DCK 58V combimotor.\"},{\"@type\":\"BreadcrumbList\",\"@id\":\"https:\\\/\\\/kem-europe.eu\\\/product\\\/dck-heggenschaar-opzetstuk-kdht211-58v-combimotor\\\/#breadcrumb\",\"itemListElement\":[{\"@type\":\"ListItem\",\"position\":1,\"name\":\"Home\",\"item\":\"https:\\\/\\\/kem-europe.eu\\\/\"},{\"@type\":\"ListItem\",\"position\":2,\"name\":\"Winkel\",\"item\":\"https:\\\/\\\/kem-europe.eu\\\/winkel\\\/\"},{\"@type\":\"ListItem\",\"position\":3,\"name\":\"DCK 58V Heggenschaar Opzetstuk op Steel \u2013 KDHT211 | Voor Combimotor KDPH581\"}]},{\"@type\":\"WebSite\",\"@id\":\"https:\\\/\\\/kem-europe.eu\\\/#website\",\"url\":\"https:\\\/\\\/kem-europe.eu\\\/\",\"name\":\"KEM Europe\",\"description\":\"\",\"publisher\":{\"@id\":\"https:\\\/\\\/kem-europe.eu\\\/#organization\"},\"potentialAction\":[{\"@type\":\"SearchAction\",\"target\":{\"@type\":\"EntryPoint\",\"urlTemplate\":\"https:\\\/\\\/kem-europe.eu\\\/?s={search_term_string}\"},\"query-input\":{\"@type\":\"PropertyValueSpecification\",\"valueRequired\":true,\"valueName\":\"search_term_string\"}}],\"inLanguage\":\"de\"},{\"@type\":\"Organization\",\"@id\":\"https:\\\/\\\/kem-europe.eu\\\/#organization\",\"name\":\"KEM Europe\",\"url\":\"https:\\\/\\\/kem-europe.eu\\\/\",\"logo\":{\"@type\":\"ImageObject\",\"inLanguage\":\"de\",\"@id\":\"https:\\\/\\\/kem-europe.eu\\\/#\\\/schema\\\/logo\\\/image\\\/\",\"url\":\"https:\\\/\\\/kem-europe.eu\\\/wp-content\\\/uploads\\\/2025\\\/02\\\/KEM2019-BLACK-1500W.png\",\"contentUrl\":\"https:\\\/\\\/kem-europe.eu\\\/wp-content\\\/uploads\\\/2025\\\/02\\\/KEM2019-BLACK-1500W.png\",\"width\":1500,\"height\":626,\"caption\":\"KEM Europe\"},\"image\":{\"@id\":\"https:\\\/\\\/kem-europe.eu\\\/#\\\/schema\\\/logo\\\/image\\\/\"}}]}<\/script>\n<!-- \/ Yoast SEO plugin. -->","yoast_head_json":{"title":"DCK 58V Heckenscherenaufsatz KDHT211 | F\u00fcr Kombinationsmotor - KEM Europe","description":"DCK-Heckenschere am Griff (KDHT211) mit 46 cm zweischneidigem Messer und 120\u00b0 schwenkbarem Kopf. Leicht, leistungsstark und geeignet f\u00fcr DCK 58V-Kombimotor.","robots":{"index":"index","follow":"follow","max-snippet":"max-snippet:-1","max-image-preview":"max-image-preview:large","max-video-preview":"max-video-preview:-1"},"canonical":"https:\/\/kem-europe.eu\/de\/produkt\/dck-heckenscheren-aufsatz-kdht211-58v-antriebseinheit\/","og_locale":"de_DE","og_type":"article","og_title":"DCK 58V Heggenschaar Opzetstuk KDHT211 | Voor Combimotor - KEM Europe","og_description":"DCK heggenschaar op steel (KDHT211) met 46 cm dubbelzijdig mes en 120\u00b0 kantelkop. Lichtgewicht, krachtig en geschikt voor DCK 58V combimotor.","og_url":"https:\/\/kem-europe.eu\/de\/produkt\/dck-heckenscheren-aufsatz-kdht211-58v-antriebseinheit\/","og_site_name":"KEM Europe","article_modified_time":"2025-04-01T14:28:07+00:00","og_image":[{"width":700,"height":700,"url":"https:\/\/kem-europe.eu\/wp-content\/uploads\/2025\/04\/DCK-Heggenschaar-op-steel-opzetstuk.jpg","type":"image\/jpeg"}],"twitter_card":"summary_large_image","twitter_misc":{"Gesch\u00e4tzte Lesezeit":"2\u00a0Minuten"},"schema":{"@context":"https:\/\/schema.org","@graph":[{"@type":"WebPage","@id":"https:\/\/kem-europe.eu\/product\/dck-heggenschaar-opzetstuk-kdht211-58v-combimotor\/","url":"https:\/\/kem-europe.eu\/product\/dck-heggenschaar-opzetstuk-kdht211-58v-combimotor\/","name":"DCK 58V Heckenscherenaufsatz KDHT211 | F\u00fcr Kombinationsmotor - KEM Europe","isPartOf":{"@id":"https:\/\/kem-europe.eu\/#website"},"primaryImageOfPage":{"@id":"https:\/\/kem-europe.eu\/product\/dck-heggenschaar-opzetstuk-kdht211-58v-combimotor\/#primaryimage"},"image":{"@id":"https:\/\/kem-europe.eu\/product\/dck-heggenschaar-opzetstuk-kdht211-58v-combimotor\/#primaryimage"},"thumbnailUrl":"https:\/\/kem-europe.eu\/wp-content\/uploads\/2025\/04\/DCK-Heggenschaar-op-steel-opzetstuk.jpg","datePublished":"2025-04-01T12:16:55+00:00","dateModified":"2025-04-01T14:28:07+00:00","description":"DCK-Heckenschere am Griff (KDHT211) mit 46 cm zweischneidigem Messer und 120\u00b0 schwenkbarem Kopf. Leicht, leistungsstark und geeignet f\u00fcr DCK 58V-Kombimotor.","breadcrumb":{"@id":"https:\/\/kem-europe.eu\/product\/dck-heggenschaar-opzetstuk-kdht211-58v-combimotor\/#breadcrumb"},"inLanguage":"de","potentialAction":[{"@type":"ReadAction","target":["https:\/\/kem-europe.eu\/product\/dck-heggenschaar-opzetstuk-kdht211-58v-combimotor\/"]}]},{"@type":"ImageObject","inLanguage":"de","@id":"https:\/\/kem-europe.eu\/product\/dck-heggenschaar-opzetstuk-kdht211-58v-combimotor\/#primaryimage","url":"https:\/\/kem-europe.eu\/wp-content\/uploads\/2025\/04\/DCK-Heggenschaar-op-steel-opzetstuk.jpg","contentUrl":"https:\/\/kem-europe.eu\/wp-content\/uploads\/2025\/04\/DCK-Heggenschaar-op-steel-opzetstuk.jpg","width":700,"height":700,"caption":"DCK heggenschaar-opzetstuk KDHT211 met 46 cm dubbelzijdig mes en verstelbare kop \u2013 voor DCK 58V combimotor."},{"@type":"BreadcrumbList","@id":"https:\/\/kem-europe.eu\/product\/dck-heggenschaar-opzetstuk-kdht211-58v-combimotor\/#breadcrumb","itemListElement":[{"@type":"ListItem","position":1,"name":"Home","item":"https:\/\/kem-europe.eu\/"},{"@type":"ListItem","position":2,"name":"Winkel","item":"https:\/\/kem-europe.eu\/winkel\/"},{"@type":"ListItem","position":3,"name":"DCK 58V Heggenschaar Opzetstuk op Steel \u2013 KDHT211 | Voor Combimotor KDPH581"}]},{"@type":"WebSite","@id":"https:\/\/kem-europe.eu\/#website","url":"https:\/\/kem-europe.eu\/","name":"KEM Europe","description":"","publisher":{"@id":"https:\/\/kem-europe.eu\/#organization"},"potentialAction":[{"@type":"SearchAction","target":{"@type":"EntryPoint","urlTemplate":"https:\/\/kem-europe.eu\/?s={search_term_string}"},"query-input":{"@type":"PropertyValueSpecification","valueRequired":true,"valueName":"search_term_string"}}],"inLanguage":"de"},{"@type":"Organization","@id":"https:\/\/kem-europe.eu\/#organization","name":"KEM Europe","url":"https:\/\/kem-europe.eu\/","logo":{"@type":"ImageObject","inLanguage":"de","@id":"https:\/\/kem-europe.eu\/#\/schema\/logo\/image\/","url":"https:\/\/kem-europe.eu\/wp-content\/uploads\/2025\/02\/KEM2019-BLACK-1500W.png","contentUrl":"https:\/\/kem-europe.eu\/wp-content\/uploads\/2025\/02\/KEM2019-BLACK-1500W.png","width":1500,"height":626,"caption":"KEM Europe"},"image":{"@id":"https:\/\/kem-europe.eu\/#\/schema\/logo\/image\/"}}]}},"_links":{"self":[{"href":"https:\/\/kem-europe.eu\/de\/wp-json\/wp\/v2\/product\/7155","targetHints":{"allow":["GET"]}}],"collection":[{"href":"https:\/\/kem-europe.eu\/de\/wp-json\/wp\/v2\/product"}],"about":[{"href":"https:\/\/kem-europe.eu\/de\/wp-json\/wp\/v2\/types\/product"}],"replies":[{"embeddable":true,"href":"https:\/\/kem-europe.eu\/de\/wp-json\/wp\/v2\/comments?post=7155"}],"wp:featuredmedia":[{"embeddable":true,"href":"https:\/\/kem-europe.eu\/de\/wp-json\/wp\/v2\/media\/7154"}],"wp:attachment":[{"href":"https:\/\/kem-europe.eu\/de\/wp-json\/wp\/v2\/media?parent=7155"}],"wp:term":[{"taxonomy":"product_brand","embeddable":true,"href":"https:\/\/kem-europe.eu\/de\/wp-json\/wp\/v2\/product_brand?post=7155"},{"taxonomy":"product_cat","embeddable":true,"href":"https:\/\/kem-europe.eu\/de\/wp-json\/wp\/v2\/product_cat?post=7155"},{"taxonomy":"product_tag","embeddable":true,"href":"https:\/\/kem-europe.eu\/de\/wp-json\/wp\/v2\/product_tag?post=7155"}],"curies":[{"name":"wp","href":"https:\/\/api.w.org\/{rel}","templated":true}]}}