{"id":7206,"date":"2025-05-22T07:55:37","date_gmt":"2025-05-22T07:55:37","guid":{"rendered":"https:\/\/kem-europe.eu\/?post_type=product&#038;p=7206"},"modified":"2025-05-22T08:04:53","modified_gmt":"2025-05-22T08:04:53","slug":"bycon-avc38-hepa-baustaubsauger-1350w-h-klasse","status":"publish","type":"product","link":"https:\/\/kem-europe.eu\/de\/product\/bycon-avc38-hepa-bouwstofzuiger-1350w-h-klasse\/","title":{"rendered":"BYCON AVC38-HEPA | H-Klasse Baustaubsauger 1350W inkl. Zubeh\u00f6rset"},"content":{"rendered":"<h2 data-start=\"193\" data-end=\"269\">BYCON AVC38-HEPA Bau-Staubsauger 1350W | H-Klasse | Automatisches Klopfsystem<\/h2>\n<p class=\"\" data-start=\"299\" data-end=\"671\">Der BYCON AVC38-HEPA ist ein leistungsstarker 1350W-Bausauger, der speziell f\u00fcr den intensiven Einsatz auf Baustellen und in Werkst\u00e4tten entwickelt wurde. Dank seiner doppelten HEPA-Filter der Klasse H, der automatischen Filterabreinigung und der hohen Saugleistung ist dieser Staubsauger perfekt f\u00fcr die Absaugung von gef\u00e4hrlichem Feinstaub, der u.a. bei Schlittens\u00e4gen, Trockenbohr- und Schleifarbeiten entsteht.<\/p>\n<p class=\"\" data-start=\"673\" data-end=\"900\">Das Ger\u00e4t startet automatisch, wenn angeschlossene Werkzeuge eingeschaltet werden, und l\u00e4uft eine Weile, um den gesamten Staub aufzusammeln. Der AVC38-HEPA wird mit einem umfangreichen Zubeh\u00f6rsatz geliefert und ist sofort einsatzbereit.<\/p>\n<hr class=\"\" data-start=\"902\" data-end=\"905\" \/>\n<h3 class=\"\" data-start=\"907\" data-end=\"940\"><strong data-start=\"911\" data-end=\"938\">Wesentliche Merkmale<\/strong><\/h3>\n<p class=\"\" data-start=\"941\" data-end=\"1328\">HEPA-Filter der Klasse H (&gt;99,95%) - geeignet f\u00fcr gef\u00e4hrliche Feinstaubpartikel<br data-start=\"1010\" data-end=\"1013\" \/>\u2705 Automatisches Abklopfsystem - h\u00e4lt die Filter ohne manuelle Wartung sauber<br data-start=\"1089\" data-end=\"1092\" \/>\u2705 Startet automatisch bei Verwendung von Elektrowerkzeugen<br data-start=\"1146\" data-end=\"1149\" \/>\u2705 Steuerung der Saugleistung und Fl\u00fcssigkeitsstandssensor<br data-start=\"1194\" data-end=\"1197\" \/>\u2705 Leicht zu entleerender Staubsammelbeh\u00e4lter (38L)<br data-start=\"1237\" data-end=\"1240\" \/>\u2705 Robuste, wendige und leise Konstruktion<br data-start=\"1275\" data-end=\"1278\" \/>\u2705 Ideal f\u00fcr die Kombination mit Grabenfr\u00e4se oder Bohrer<\/p>\n<hr class=\"\" data-start=\"1330\" data-end=\"1333\" \/>\n<h3 class=\"\" data-start=\"1335\" data-end=\"1369\"><strong data-start=\"1339\" data-end=\"1367\">Technische Daten<\/strong><\/h3>\n<ul>\n<li data-start=\"1372\" data-end=\"1411\"><strong data-start=\"1372\" data-end=\"1385\">Macht:<\/strong> 1350W (1,2 kW \/ 1,7 PS)<\/li>\n<li data-start=\"1372\" data-end=\"1411\"><strong data-start=\"1414\" data-end=\"1426\">Spannung:<\/strong> 220-240V | 50\/60 Hz<\/li>\n<li data-start=\"1372\" data-end=\"1411\"><strong data-start=\"1451\" data-end=\"1467\">Luftmenge:<\/strong> 262 m\u00b3\/h (154 cfm)<\/li>\n<li data-start=\"1372\" data-end=\"1411\"><strong data-start=\"1491\" data-end=\"1513\">Wasser-Saugkraft:<\/strong> 250 mbar<\/li>\n<li data-start=\"1372\" data-end=\"1411\"><strong data-start=\"1527\" data-end=\"1544\">Klasse filtern:<\/strong> H-Klasse (HEPA), &gt;99,95% bei 0,3 \u00b5m<\/li>\n<li data-start=\"1372\" data-end=\"1411\"><strong data-start=\"1585\" data-end=\"1604\">Anzahl der Filter:<\/strong> 2<\/li>\n<li data-start=\"1372\" data-end=\"1411\"><strong data-start=\"1611\" data-end=\"1626\">Fassungsverm\u00f6gen des Tanks:<\/strong> 38 Liter<\/li>\n<li data-start=\"1372\" data-end=\"1411\"><strong data-start=\"1640\" data-end=\"1663\">Steuerung der Absaugung:<\/strong> Ja<\/li>\n<li data-start=\"1372\" data-end=\"1411\"><strong data-start=\"1671\" data-end=\"1708\">Beginnen Sie bei den Elektrowerkzeugen:<\/strong> Ja<\/li>\n<li data-start=\"1372\" data-end=\"1411\"><strong data-start=\"1716\" data-end=\"1739\">Abmessungen (L\u00d7B\u00d7H):<\/strong> 385 \u00d7 500 \u00d7 570 mm<\/li>\n<li data-start=\"1372\" data-end=\"1411\"><strong data-start=\"1763\" data-end=\"1775\">Gewicht:<\/strong> 13,5 kg<\/li>\n<\/ul>\n<hr class=\"\" data-start=\"1787\" data-end=\"1790\" \/>\n<h3 class=\"\" data-start=\"1792\" data-end=\"1817\"><strong data-start=\"1796\" data-end=\"1815\">Umfang der Lieferung<\/strong><\/h3>\n<ul>\n<li data-start=\"1820\" data-end=\"1859\">BYCON AVC38-HEPA Baustaubsauger 1350W<\/li>\n<li data-start=\"1820\" data-end=\"1859\">5-Meter-Saugschlauch<\/li>\n<li data-start=\"1820\" data-end=\"1859\">Aluminium-Saugrohr (2-teilig)<\/li>\n<li data-start=\"1820\" data-end=\"1859\">Absaugstutzen 30 cm<\/li>\n<li data-start=\"1820\" data-end=\"1859\">Ansaugstutzen 50 mm<\/li>\n<li data-start=\"1820\" data-end=\"1859\">Staubsauger-Adapter 26-40 mm<\/li>\n<li data-start=\"1820\" data-end=\"1859\">5 Einweg-Staubbeutel<\/li>\n<li data-start=\"1820\" data-end=\"1859\">1 wiederverwendbare Tasche aus Vliesstoff<\/li>\n<li data-start=\"1820\" data-end=\"1859\">Handbuch<\/li>\n<\/ul>","protected":false},"excerpt":{"rendered":"<p class=\"\" data-start=\"247\" data-end=\"421\">Leistungsstarker 1350-W-Bausauger mit automatischem Klopfsystem, doppelten HEPA-Filtern der Klasse H und 38-Liter-Tank. Ideal f\u00fcr Grabens\u00e4gen und Baustaub. Inklusive komplettem Zubeh\u00f6rsatz.<\/p>","protected":false},"featured_media":7207,"comment_status":"open","ping_status":"closed","template":"","meta":[],"product_brand":[627],"product_cat":[135],"product_tag":[],"class_list":{"0":"post-7206","1":"product","2":"type-product","3":"status-publish","4":"has-post-thumbnail","6":"product_brand-bycon","7":"product_cat-cycloon-stofafzuiger","9":"first","10":"instock","11":"shipping-taxable","12":"product-type-simple"},"ct_brands":[{"id":627,"name":"BYCON","slug":"bycon"}],"yoast_head":"<!-- This site is optimized with the Yoast SEO plugin v27.3 - https:\/\/yoast.com\/product\/yoast-seo-wordpress\/ -->\n<title>BYCON AVC38-HEPA Bouwstofzuiger 1350W | H-Klasse | - KEM Europe<\/title>\n<meta name=\"description\" content=\"BYCON AVC38-HEPA bouwstofzuiger met H-klasse filters, automatische klopfunctie en 38L tank. Inclusief accessoires. Ideaal voor sleuvenzagen en bouwstof.\" \/>\n<meta name=\"robots\" content=\"index, follow, max-snippet:-1, max-image-preview:large, max-video-preview:-1\" \/>\n<link rel=\"canonical\" href=\"https:\/\/kem-europe.eu\/de\/produkt\/bycon-avc38-hepa-baustaubsauger-1350w-h-klasse\/\" \/>\n<meta property=\"og:locale\" content=\"de_DE\" \/>\n<meta property=\"og:type\" content=\"article\" \/>\n<meta property=\"og:title\" content=\"BYCON AVC38-HEPA Bouwstofzuiger 1350W | H-Klasse | - KEM Europe\" \/>\n<meta property=\"og:description\" content=\"BYCON AVC38-HEPA bouwstofzuiger met H-klasse filters, automatische klopfunctie en 38L tank. Inclusief accessoires. Ideaal voor sleuvenzagen en bouwstof.\" \/>\n<meta property=\"og:url\" content=\"https:\/\/kem-europe.eu\/de\/produkt\/bycon-avc38-hepa-baustaubsauger-1350w-h-klasse\/\" \/>\n<meta property=\"og:site_name\" content=\"KEM Europe\" \/>\n<meta property=\"article:modified_time\" content=\"2025-05-22T08:04:53+00:00\" \/>\n<meta property=\"og:image\" content=\"https:\/\/kem-europe.eu\/wp-content\/uploads\/2025\/05\/BYCON-Bouwstofzuiger-AVC38-HEPA-1350W.webp\" \/>\n\t<meta property=\"og:image:width\" content=\"700\" \/>\n\t<meta property=\"og:image:height\" content=\"700\" \/>\n\t<meta property=\"og:image:type\" content=\"image\/webp\" \/>\n<meta name=\"twitter:card\" content=\"summary_large_image\" \/>\n<meta name=\"twitter:label1\" content=\"Gesch\u00e4tzte Lesezeit\" \/>\n\t<meta name=\"twitter:data1\" content=\"2\u00a0Minuten\" \/>\n<script type=\"application\/ld+json\" class=\"yoast-schema-graph\">{\"@context\":\"https:\\\/\\\/schema.org\",\"@graph\":[{\"@type\":\"WebPage\",\"@id\":\"https:\\\/\\\/kem-europe.eu\\\/product\\\/bycon-avc38-hepa-bouwstofzuiger-1350w-h-klasse\\\/\",\"url\":\"https:\\\/\\\/kem-europe.eu\\\/product\\\/bycon-avc38-hepa-bouwstofzuiger-1350w-h-klasse\\\/\",\"name\":\"BYCON AVC38-HEPA Bouwstofzuiger 1350W | H-Klasse | - KEM Europe\",\"isPartOf\":{\"@id\":\"https:\\\/\\\/kem-europe.eu\\\/#website\"},\"primaryImageOfPage\":{\"@id\":\"https:\\\/\\\/kem-europe.eu\\\/product\\\/bycon-avc38-hepa-bouwstofzuiger-1350w-h-klasse\\\/#primaryimage\"},\"image\":{\"@id\":\"https:\\\/\\\/kem-europe.eu\\\/product\\\/bycon-avc38-hepa-bouwstofzuiger-1350w-h-klasse\\\/#primaryimage\"},\"thumbnailUrl\":\"https:\\\/\\\/kem-europe.eu\\\/wp-content\\\/uploads\\\/2025\\\/05\\\/BYCON-Bouwstofzuiger-AVC38-HEPA-1350W.webp\",\"datePublished\":\"2025-05-22T07:55:37+00:00\",\"dateModified\":\"2025-05-22T08:04:53+00:00\",\"description\":\"BYCON AVC38-HEPA bouwstofzuiger met H-klasse filters, automatische klopfunctie en 38L tank. Inclusief accessoires. Ideaal voor sleuvenzagen en bouwstof.\",\"breadcrumb\":{\"@id\":\"https:\\\/\\\/kem-europe.eu\\\/product\\\/bycon-avc38-hepa-bouwstofzuiger-1350w-h-klasse\\\/#breadcrumb\"},\"inLanguage\":\"de\",\"potentialAction\":[{\"@type\":\"ReadAction\",\"target\":[\"https:\\\/\\\/kem-europe.eu\\\/product\\\/bycon-avc38-hepa-bouwstofzuiger-1350w-h-klasse\\\/\"]}]},{\"@type\":\"ImageObject\",\"inLanguage\":\"de\",\"@id\":\"https:\\\/\\\/kem-europe.eu\\\/product\\\/bycon-avc38-hepa-bouwstofzuiger-1350w-h-klasse\\\/#primaryimage\",\"url\":\"https:\\\/\\\/kem-europe.eu\\\/wp-content\\\/uploads\\\/2025\\\/05\\\/BYCON-Bouwstofzuiger-AVC38-HEPA-1350W.webp\",\"contentUrl\":\"https:\\\/\\\/kem-europe.eu\\\/wp-content\\\/uploads\\\/2025\\\/05\\\/BYCON-Bouwstofzuiger-AVC38-HEPA-1350W.webp\",\"width\":700,\"height\":700,\"caption\":\"BYCON AVC38-HEPA Bouwstofzuiger 1350W\"},{\"@type\":\"BreadcrumbList\",\"@id\":\"https:\\\/\\\/kem-europe.eu\\\/product\\\/bycon-avc38-hepa-bouwstofzuiger-1350w-h-klasse\\\/#breadcrumb\",\"itemListElement\":[{\"@type\":\"ListItem\",\"position\":1,\"name\":\"Home\",\"item\":\"https:\\\/\\\/kem-europe.eu\\\/\"},{\"@type\":\"ListItem\",\"position\":2,\"name\":\"Winkel\",\"item\":\"https:\\\/\\\/kem-europe.eu\\\/winkel\\\/\"},{\"@type\":\"ListItem\",\"position\":3,\"name\":\"BYCON AVC38-HEPA | H-Klasse Bouwstofzuiger 1350W Incl. Accessoireset\"}]},{\"@type\":\"WebSite\",\"@id\":\"https:\\\/\\\/kem-europe.eu\\\/#website\",\"url\":\"https:\\\/\\\/kem-europe.eu\\\/\",\"name\":\"KEM Europe\",\"description\":\"\",\"publisher\":{\"@id\":\"https:\\\/\\\/kem-europe.eu\\\/#organization\"},\"potentialAction\":[{\"@type\":\"SearchAction\",\"target\":{\"@type\":\"EntryPoint\",\"urlTemplate\":\"https:\\\/\\\/kem-europe.eu\\\/?s={search_term_string}\"},\"query-input\":{\"@type\":\"PropertyValueSpecification\",\"valueRequired\":true,\"valueName\":\"search_term_string\"}}],\"inLanguage\":\"de\"},{\"@type\":\"Organization\",\"@id\":\"https:\\\/\\\/kem-europe.eu\\\/#organization\",\"name\":\"KEM Europe\",\"url\":\"https:\\\/\\\/kem-europe.eu\\\/\",\"logo\":{\"@type\":\"ImageObject\",\"inLanguage\":\"de\",\"@id\":\"https:\\\/\\\/kem-europe.eu\\\/#\\\/schema\\\/logo\\\/image\\\/\",\"url\":\"https:\\\/\\\/kem-europe.eu\\\/wp-content\\\/uploads\\\/2025\\\/02\\\/KEM2019-BLACK-1500W.png\",\"contentUrl\":\"https:\\\/\\\/kem-europe.eu\\\/wp-content\\\/uploads\\\/2025\\\/02\\\/KEM2019-BLACK-1500W.png\",\"width\":1500,\"height\":626,\"caption\":\"KEM Europe\"},\"image\":{\"@id\":\"https:\\\/\\\/kem-europe.eu\\\/#\\\/schema\\\/logo\\\/image\\\/\"}}]}<\/script>\n<!-- \/ Yoast SEO plugin. -->","yoast_head_json":{"title":"BYCON AVC38-HEPA Baustaubsauger 1350W | H-Klasse | - KEM Europe","description":"BYCON AVC38-HEPA Staubsauger mit Filtern der Klasse H, automatischer Klopffunktion und 38-Liter-Tank. Inklusive Zubeh\u00f6r. Ideal f\u00fcr Graben-S\u00e4gen und Baustaub.","robots":{"index":"index","follow":"follow","max-snippet":"max-snippet:-1","max-image-preview":"max-image-preview:large","max-video-preview":"max-video-preview:-1"},"canonical":"https:\/\/kem-europe.eu\/de\/produkt\/bycon-avc38-hepa-baustaubsauger-1350w-h-klasse\/","og_locale":"de_DE","og_type":"article","og_title":"BYCON AVC38-HEPA Bouwstofzuiger 1350W | H-Klasse | - KEM Europe","og_description":"BYCON AVC38-HEPA bouwstofzuiger met H-klasse filters, automatische klopfunctie en 38L tank. Inclusief accessoires. Ideaal voor sleuvenzagen en bouwstof.","og_url":"https:\/\/kem-europe.eu\/de\/produkt\/bycon-avc38-hepa-baustaubsauger-1350w-h-klasse\/","og_site_name":"KEM Europe","article_modified_time":"2025-05-22T08:04:53+00:00","og_image":[{"width":700,"height":700,"url":"https:\/\/kem-europe.eu\/wp-content\/uploads\/2025\/05\/BYCON-Bouwstofzuiger-AVC38-HEPA-1350W.webp","type":"image\/webp"}],"twitter_card":"summary_large_image","twitter_misc":{"Gesch\u00e4tzte Lesezeit":"2\u00a0Minuten"},"schema":{"@context":"https:\/\/schema.org","@graph":[{"@type":"WebPage","@id":"https:\/\/kem-europe.eu\/product\/bycon-avc38-hepa-bouwstofzuiger-1350w-h-klasse\/","url":"https:\/\/kem-europe.eu\/product\/bycon-avc38-hepa-bouwstofzuiger-1350w-h-klasse\/","name":"BYCON AVC38-HEPA Baustaubsauger 1350W | H-Klasse | - KEM Europe","isPartOf":{"@id":"https:\/\/kem-europe.eu\/#website"},"primaryImageOfPage":{"@id":"https:\/\/kem-europe.eu\/product\/bycon-avc38-hepa-bouwstofzuiger-1350w-h-klasse\/#primaryimage"},"image":{"@id":"https:\/\/kem-europe.eu\/product\/bycon-avc38-hepa-bouwstofzuiger-1350w-h-klasse\/#primaryimage"},"thumbnailUrl":"https:\/\/kem-europe.eu\/wp-content\/uploads\/2025\/05\/BYCON-Bouwstofzuiger-AVC38-HEPA-1350W.webp","datePublished":"2025-05-22T07:55:37+00:00","dateModified":"2025-05-22T08:04:53+00:00","description":"BYCON AVC38-HEPA Staubsauger mit Filtern der Klasse H, automatischer Klopffunktion und 38-Liter-Tank. Inklusive Zubeh\u00f6r. Ideal f\u00fcr Graben-S\u00e4gen und Baustaub.","breadcrumb":{"@id":"https:\/\/kem-europe.eu\/product\/bycon-avc38-hepa-bouwstofzuiger-1350w-h-klasse\/#breadcrumb"},"inLanguage":"de","potentialAction":[{"@type":"ReadAction","target":["https:\/\/kem-europe.eu\/product\/bycon-avc38-hepa-bouwstofzuiger-1350w-h-klasse\/"]}]},{"@type":"ImageObject","inLanguage":"de","@id":"https:\/\/kem-europe.eu\/product\/bycon-avc38-hepa-bouwstofzuiger-1350w-h-klasse\/#primaryimage","url":"https:\/\/kem-europe.eu\/wp-content\/uploads\/2025\/05\/BYCON-Bouwstofzuiger-AVC38-HEPA-1350W.webp","contentUrl":"https:\/\/kem-europe.eu\/wp-content\/uploads\/2025\/05\/BYCON-Bouwstofzuiger-AVC38-HEPA-1350W.webp","width":700,"height":700,"caption":"BYCON AVC38-HEPA Bouwstofzuiger 1350W"},{"@type":"BreadcrumbList","@id":"https:\/\/kem-europe.eu\/product\/bycon-avc38-hepa-bouwstofzuiger-1350w-h-klasse\/#breadcrumb","itemListElement":[{"@type":"ListItem","position":1,"name":"Home","item":"https:\/\/kem-europe.eu\/"},{"@type":"ListItem","position":2,"name":"Winkel","item":"https:\/\/kem-europe.eu\/winkel\/"},{"@type":"ListItem","position":3,"name":"BYCON AVC38-HEPA | H-Klasse Bouwstofzuiger 1350W Incl. Accessoireset"}]},{"@type":"WebSite","@id":"https:\/\/kem-europe.eu\/#website","url":"https:\/\/kem-europe.eu\/","name":"KEM Europe","description":"","publisher":{"@id":"https:\/\/kem-europe.eu\/#organization"},"potentialAction":[{"@type":"SearchAction","target":{"@type":"EntryPoint","urlTemplate":"https:\/\/kem-europe.eu\/?s={search_term_string}"},"query-input":{"@type":"PropertyValueSpecification","valueRequired":true,"valueName":"search_term_string"}}],"inLanguage":"de"},{"@type":"Organization","@id":"https:\/\/kem-europe.eu\/#organization","name":"KEM Europe","url":"https:\/\/kem-europe.eu\/","logo":{"@type":"ImageObject","inLanguage":"de","@id":"https:\/\/kem-europe.eu\/#\/schema\/logo\/image\/","url":"https:\/\/kem-europe.eu\/wp-content\/uploads\/2025\/02\/KEM2019-BLACK-1500W.png","contentUrl":"https:\/\/kem-europe.eu\/wp-content\/uploads\/2025\/02\/KEM2019-BLACK-1500W.png","width":1500,"height":626,"caption":"KEM Europe"},"image":{"@id":"https:\/\/kem-europe.eu\/#\/schema\/logo\/image\/"}}]}},"_links":{"self":[{"href":"https:\/\/kem-europe.eu\/de\/wp-json\/wp\/v2\/product\/7206","targetHints":{"allow":["GET"]}}],"collection":[{"href":"https:\/\/kem-europe.eu\/de\/wp-json\/wp\/v2\/product"}],"about":[{"href":"https:\/\/kem-europe.eu\/de\/wp-json\/wp\/v2\/types\/product"}],"replies":[{"embeddable":true,"href":"https:\/\/kem-europe.eu\/de\/wp-json\/wp\/v2\/comments?post=7206"}],"wp:featuredmedia":[{"embeddable":true,"href":"https:\/\/kem-europe.eu\/de\/wp-json\/wp\/v2\/media\/7207"}],"wp:attachment":[{"href":"https:\/\/kem-europe.eu\/de\/wp-json\/wp\/v2\/media?parent=7206"}],"wp:term":[{"taxonomy":"product_brand","embeddable":true,"href":"https:\/\/kem-europe.eu\/de\/wp-json\/wp\/v2\/product_brand?post=7206"},{"taxonomy":"product_cat","embeddable":true,"href":"https:\/\/kem-europe.eu\/de\/wp-json\/wp\/v2\/product_cat?post=7206"},{"taxonomy":"product_tag","embeddable":true,"href":"https:\/\/kem-europe.eu\/de\/wp-json\/wp\/v2\/product_tag?post=7206"}],"curies":[{"name":"wp","href":"https:\/\/api.w.org\/{rel}","templated":true}]}}