{"id":7218,"date":"2025-05-23T06:33:47","date_gmt":"2025-05-23T06:33:47","guid":{"rendered":"https:\/\/kem-europe.eu\/?post_type=product&#038;p=7218"},"modified":"2025-05-23T06:38:38","modified_gmt":"2025-05-23T06:38:38","slug":"dck-terrainas-robotmaeher-2000m2-lidar-kabellos","status":"publish","type":"product","link":"https:\/\/kem-europe.eu\/de\/product\/dck-terrainas-robotmaaier-2000m2-lidar-draadloos\/","title":{"rendered":"DCK M\u00e4hroboter TERRAINA S | Wireless Boundary | 2000 m\u00b2 | 3D LiDAR SLAM Navigation"},"content":{"rendered":"<h2>DCK M\u00e4hroboter TERRAINA S | Wireless Boundary | 2000 m\u00b2 | 3D LiDAR SLAM Navigation<\/h2>\n<p class=\"\" data-start=\"418\" data-end=\"729\">Die <strong data-start=\"421\" data-end=\"450\">DCK TERRAINA S KDRM220-4G<\/strong> ist ein fortschrittlicher M\u00e4hroboter f\u00fcr gro\u00dfe und komplexe G\u00e4rten bis zu 2000 m\u00b2. Dieser M\u00e4her hat <strong data-start=\"544\" data-end=\"573\">kein Begrenzungsdraht erforderlich<\/strong> und arbeitet dank der intelligenten 3D-LiDAR-SLAM- und VSLAM-Technologie v\u00f6llig kabellos. \u00dcber die App k\u00f6nnen Sie ganz einfach M\u00e4hzonen, Zeitpl\u00e4ne, M\u00e4hh\u00f6he und Routen einstellen.<\/p>\n<p class=\"\" data-start=\"731\" data-end=\"987\">Dieser M\u00e4her navigiert mit \u00e4u\u00dferster Pr\u00e4zision, weicht Objekten aus und erkennt sogar Hindernisse mit einer Gr\u00f6\u00dfe von nur 3 cm. Das System unterst\u00fctzt mehrere Zonen (bis zu 14), f\u00e4hrt unabh\u00e4ngig zwischen den Zonen und kehrt automatisch auf dem k\u00fcrzesten Weg zur Ladestation zur\u00fcck.<\/p>\n<p class=\"\" data-start=\"989\" data-end=\"1200\">Sein niedriger Ger\u00e4uschpegel, der IPX5-Schutz und die Kompatibilit\u00e4t mit Alexa, Home Assistant und IFTTT machen ihn zum idealen M\u00e4hroboter f\u00fcr Nutzer, die intelligente Technologie mit maximaler Freiheit kombinieren m\u00f6chten.<\/p>\n<hr class=\"\" data-start=\"1202\" data-end=\"1205\" \/>\n<h3 class=\"\" data-start=\"1207\" data-end=\"1240\"><strong data-start=\"1211\" data-end=\"1238\">Wesentliche Merkmale<\/strong><\/h3>\n<p class=\"\" data-start=\"1241\" data-end=\"1843\">\u2705 <strong data-start=\"1243\" data-end=\"1268\">Ohne Begrenzungsdraht<\/strong> - Installation per App, kein Aufwand f\u00fcr die Verkabelung<br data-start=\"1316\" data-end=\"1319\" \/>\u2705 <strong data-start=\"1321\" data-end=\"1354\">3D LiDAR SLAM + Vision Fusion<\/strong> - Zuverl\u00e4ssige Navigation in jedem Garten<br data-start=\"1391\" data-end=\"1394\" \/>\u2705 <strong data-start=\"1396\" data-end=\"1428\">Erkennung ab 3 cm H\u00f6he<\/strong> - Hinderniserkennung mit AI, Kamera und Bumper<br data-start=\"1471\" data-end=\"1474\" \/>\u2705 <strong data-start=\"1476\" data-end=\"1514\">Zonenmanagement f\u00fcr 14 separate Bereiche<\/strong> - Mit einstellbarer Route und Zeiten<br data-start=\"1547\" data-end=\"1550\" \/>\u2705 <strong data-start=\"1552\" data-end=\"1578\">U-f\u00f6rmige Schnittmuster<\/strong> - \u00dcber 99% Abdeckung ohne \u00dcberlappung<br data-start=\"1619\" data-end=\"1622\" \/>\u2705 <strong data-start=\"1624\" data-end=\"1661\">Unabh\u00e4ngige Aufladung &amp; R\u00fcckfahrt<\/strong> - Optimales Trassenr\u00fcckf\u00fchrungssystem<br data-start=\"1691\" data-end=\"1694\" \/>\u2705 <strong data-start=\"1696\" data-end=\"1724\">Leiser Betrieb (&lt;60 dBA)<\/strong> - Komfortabel auch in Wohngebieten<br data-start=\"1759\" data-end=\"1762\" \/>\u2705 <strong data-start=\"1764\" data-end=\"1805\">Smart-Home-Integration und Live-Tracking<\/strong> - Verkn\u00fcpfbar mit intelligenten Assistenten<\/p>\n<hr class=\"\" data-start=\"1845\" data-end=\"1848\" \/>\n<h3 class=\"\" data-start=\"1850\" data-end=\"1884\"><strong data-start=\"1854\" data-end=\"1882\">Technische Daten<\/strong><\/h3>\n<ul>\n<li data-start=\"1887\" data-end=\"1921\"><strong data-start=\"1887\" data-end=\"1911\">Maximale Rasenfl\u00e4che:<\/strong> 2000 m\u00b2<\/li>\n<li data-start=\"1887\" data-end=\"1921\"><strong data-start=\"1924\" data-end=\"1941\">Anzahl der Zonen:<\/strong> Bis zu 14 separat einstellbare<\/li>\n<li data-start=\"1887\" data-end=\"1921\"><strong data-start=\"1973\" data-end=\"1989\">Schnittbreite:<\/strong> 220 mm<\/li>\n<li data-start=\"1887\" data-end=\"1921\"><strong data-start=\"2001\" data-end=\"2016\">Schnitth\u00f6he:<\/strong> Einstellbar zwischen 30 - 90 mm<\/li>\n<li data-start=\"1887\" data-end=\"1921\"><strong data-start=\"2050\" data-end=\"2063\">Geschwindigkeit:<\/strong> 200 m\u00b2\/Stunde<\/li>\n<li data-start=\"1887\" data-end=\"1921\"><strong data-start=\"2079\" data-end=\"2096\">Maximale Neigung:<\/strong> 45% (24\u00b0)<\/li>\n<li data-start=\"1887\" data-end=\"1921\"><strong data-start=\"2111\" data-end=\"2125\">Navigation:<\/strong> 3D LiDAR SLAM + VSLAM<\/li>\n<li data-start=\"1887\" data-end=\"1921\"><strong data-start=\"2152\" data-end=\"2173\">Hinderniserkennung:<\/strong> LiDAR, AI-Kamera und Sto\u00dff\u00e4ngersensor<\/li>\n<li data-start=\"1887\" data-end=\"1921\"><strong data-start=\"2210\" data-end=\"2238\">Min. Hinderniserkennung:<\/strong> 3 cm<\/li>\n<li data-start=\"1887\" data-end=\"1921\"><strong data-start=\"2248\" data-end=\"2257\">Batterie:<\/strong> 18V 8.0Ah<\/li>\n<li data-start=\"1887\" data-end=\"1921\"><strong data-start=\"2272\" data-end=\"2287\">Aufladezeit:<\/strong> \u00b1 65 Minuten<\/li>\n<li data-start=\"1887\" data-end=\"1921\"><strong data-start=\"2305\" data-end=\"2323\">Ger\u00e4uschpegel:<\/strong> &lt;60 dBA<\/li>\n<li data-start=\"1887\" data-end=\"1921\"><strong data-start=\"2336\" data-end=\"2351\">Abmessungen:<\/strong> 66,7 \u00d7 47,4 \u00d7 27,5 cm<\/li>\n<li data-start=\"1887\" data-end=\"1921\"><strong data-start=\"2378\" data-end=\"2390\">Gewicht:<\/strong> 15,2 kg<\/li>\n<li data-start=\"1887\" data-end=\"1921\"><strong data-start=\"2403\" data-end=\"2419\">Schutz:<\/strong> IPX5 (spritzwassergesch\u00fctzt)<\/li>\n<li data-start=\"1887\" data-end=\"1921\"><strong data-start=\"2446\" data-end=\"2465\">Konnektivit\u00e4t:<\/strong> Wi-Fi, Bluetooth, 4G<\/li>\n<li data-start=\"1887\" data-end=\"1921\"><strong data-start=\"2491\" data-end=\"2505\">Kontrollen:<\/strong> Mobile App + LED-Anzeige<\/li>\n<li data-start=\"1887\" data-end=\"1921\"><strong data-start=\"2536\" data-end=\"2557\">Intelligente Integration:<\/strong> IFTTT, Alexa, Heimassistent<\/li>\n<\/ul>\n<hr class=\"\" data-start=\"2590\" data-end=\"2593\" \/>\n<h3 class=\"\" data-start=\"2595\" data-end=\"2620\"><strong data-start=\"2599\" data-end=\"2618\">Umfang der Lieferung<\/strong><\/h3>\n<ul>\n<li data-start=\"2623\" data-end=\"2662\">DCK TERRAINA S AI M\u00e4hroboter 2000 m\u00b2<\/li>\n<li data-start=\"2623\" data-end=\"2662\">Dockingstation mit Montageplatte<\/li>\n<li data-start=\"2623\" data-end=\"2662\">Adapter und Netzkabel<\/li>\n<li data-start=\"2623\" data-end=\"2662\">Reinigungsb\u00fcrste<\/li>\n<li data-start=\"2623\" data-end=\"2662\">LiDAR-Schutzh\u00fclle (vorinstalliert)<\/li>\n<li data-start=\"2623\" data-end=\"2662\">Satz Ersatzklingen<\/li>\n<li data-start=\"2623\" data-end=\"2662\">Befestigungsanker f\u00fcr Andockstation<\/li>\n<li data-start=\"2623\" data-end=\"2662\">Inbusschl\u00fcssel und Montagesatz<\/li>\n<li data-start=\"2623\" data-end=\"2662\">Schnellstartkarte &amp; Benutzerhandbuch<\/li>\n<\/ul>","protected":false},"excerpt":{"rendered":"<p class=\"\" data-start=\"3311\" data-end=\"3491\">Intelligenter M\u00e4hroboter f\u00fcr 2000 m\u00b2 mit drahtloser Zonenbegrenzung, LiDAR-Navigation und Hinderniserkennung. Per App steuerbar, arbeitet leise und v\u00f6llig autonom.<\/p>","protected":false},"featured_media":7247,"comment_status":"open","ping_status":"closed","template":"","meta":[],"product_brand":[630],"product_cat":[706,753],"product_tag":[],"class_list":{"0":"post-7218","1":"product","2":"type-product","3":"status-publish","4":"has-post-thumbnail","6":"product_brand-dck","7":"product_cat-accu-tuingereedschap","8":"product_cat-robotmaaier","10":"first","11":"instock","12":"shipping-taxable","13":"product-type-simple"},"ct_brands":[{"id":630,"name":"DCK","slug":"dck"}],"yoast_head":"<!-- This site is optimized with the Yoast SEO plugin v27.3 - https:\/\/yoast.com\/product\/yoast-seo-wordpress\/ -->\n<title>DCK TERRAINA S Robotmaaier 2000 m\u00b2 | Zonder Draad &amp; GPS - KEM Europe<\/title>\n<meta name=\"description\" content=\"Draadloze robotmaaier met LiDAR SLAM &amp; AI-detectie. DCK TERRAINA S maait tot 2000 m\u00b2, beheert 14 zones en werkt zonder perimeterdraad.\" \/>\n<meta name=\"robots\" content=\"index, follow, max-snippet:-1, max-image-preview:large, max-video-preview:-1\" \/>\n<link rel=\"canonical\" href=\"https:\/\/kem-europe.eu\/de\/produkt\/dck-terrainas-robotmaeher-2000m2-lidar-kabellos\/\" \/>\n<meta property=\"og:locale\" content=\"de_DE\" \/>\n<meta property=\"og:type\" content=\"article\" \/>\n<meta property=\"og:title\" content=\"DCK TERRAINA S Robotmaaier 2000 m\u00b2 | Zonder Draad &amp; GPS - KEM Europe\" \/>\n<meta property=\"og:description\" content=\"Draadloze robotmaaier met LiDAR SLAM &amp; AI-detectie. DCK TERRAINA S maait tot 2000 m\u00b2, beheert 14 zones en werkt zonder perimeterdraad.\" \/>\n<meta property=\"og:url\" content=\"https:\/\/kem-europe.eu\/de\/produkt\/dck-terrainas-robotmaeher-2000m2-lidar-kabellos\/\" \/>\n<meta property=\"og:site_name\" content=\"KEM Europe\" \/>\n<meta property=\"article:modified_time\" content=\"2025-05-23T06:38:38+00:00\" \/>\n<meta property=\"og:image\" content=\"https:\/\/kem-europe.eu\/wp-content\/uploads\/2025\/05\/8.webp\" \/>\n\t<meta property=\"og:image:width\" content=\"700\" \/>\n\t<meta property=\"og:image:height\" content=\"700\" \/>\n\t<meta property=\"og:image:type\" content=\"image\/webp\" \/>\n<meta name=\"twitter:card\" content=\"summary_large_image\" \/>\n<meta name=\"twitter:label1\" content=\"Gesch\u00e4tzte Lesezeit\" \/>\n\t<meta name=\"twitter:data1\" content=\"2\u00a0Minuten\" \/>\n<script type=\"application\/ld+json\" class=\"yoast-schema-graph\">{\"@context\":\"https:\\\/\\\/schema.org\",\"@graph\":[{\"@type\":\"WebPage\",\"@id\":\"https:\\\/\\\/kem-europe.eu\\\/product\\\/dck-terrainas-robotmaaier-2000m2-lidar-draadloos\\\/\",\"url\":\"https:\\\/\\\/kem-europe.eu\\\/product\\\/dck-terrainas-robotmaaier-2000m2-lidar-draadloos\\\/\",\"name\":\"DCK TERRAINA S Robotmaaier 2000 m\u00b2 | Zonder Draad & GPS - KEM Europe\",\"isPartOf\":{\"@id\":\"https:\\\/\\\/kem-europe.eu\\\/#website\"},\"primaryImageOfPage\":{\"@id\":\"https:\\\/\\\/kem-europe.eu\\\/product\\\/dck-terrainas-robotmaaier-2000m2-lidar-draadloos\\\/#primaryimage\"},\"image\":{\"@id\":\"https:\\\/\\\/kem-europe.eu\\\/product\\\/dck-terrainas-robotmaaier-2000m2-lidar-draadloos\\\/#primaryimage\"},\"thumbnailUrl\":\"https:\\\/\\\/kem-europe.eu\\\/wp-content\\\/uploads\\\/2025\\\/05\\\/8.webp\",\"datePublished\":\"2025-05-23T06:33:47+00:00\",\"dateModified\":\"2025-05-23T06:38:38+00:00\",\"description\":\"Draadloze robotmaaier met LiDAR SLAM & AI-detectie. DCK TERRAINA S maait tot 2000 m\u00b2, beheert 14 zones en werkt zonder perimeterdraad.\",\"breadcrumb\":{\"@id\":\"https:\\\/\\\/kem-europe.eu\\\/product\\\/dck-terrainas-robotmaaier-2000m2-lidar-draadloos\\\/#breadcrumb\"},\"inLanguage\":\"de\",\"potentialAction\":[{\"@type\":\"ReadAction\",\"target\":[\"https:\\\/\\\/kem-europe.eu\\\/product\\\/dck-terrainas-robotmaaier-2000m2-lidar-draadloos\\\/\"]}]},{\"@type\":\"ImageObject\",\"inLanguage\":\"de\",\"@id\":\"https:\\\/\\\/kem-europe.eu\\\/product\\\/dck-terrainas-robotmaaier-2000m2-lidar-draadloos\\\/#primaryimage\",\"url\":\"https:\\\/\\\/kem-europe.eu\\\/wp-content\\\/uploads\\\/2025\\\/05\\\/8.webp\",\"contentUrl\":\"https:\\\/\\\/kem-europe.eu\\\/wp-content\\\/uploads\\\/2025\\\/05\\\/8.webp\",\"width\":700,\"height\":700,\"caption\":\"DCK Robotmaaier TERRAINA S | Draadloos Begrenzen | 2000 m\u00b2 | 3D LiDAR SLAM Navigatie\"},{\"@type\":\"BreadcrumbList\",\"@id\":\"https:\\\/\\\/kem-europe.eu\\\/product\\\/dck-terrainas-robotmaaier-2000m2-lidar-draadloos\\\/#breadcrumb\",\"itemListElement\":[{\"@type\":\"ListItem\",\"position\":1,\"name\":\"Home\",\"item\":\"https:\\\/\\\/kem-europe.eu\\\/\"},{\"@type\":\"ListItem\",\"position\":2,\"name\":\"Winkel\",\"item\":\"https:\\\/\\\/kem-europe.eu\\\/winkel\\\/\"},{\"@type\":\"ListItem\",\"position\":3,\"name\":\"DCK Robotmaaier TERRAINA S | Draadloos Begrenzen | 2000 m\u00b2 | 3D LiDAR SLAM Navigatie\"}]},{\"@type\":\"WebSite\",\"@id\":\"https:\\\/\\\/kem-europe.eu\\\/#website\",\"url\":\"https:\\\/\\\/kem-europe.eu\\\/\",\"name\":\"KEM Europe\",\"description\":\"\",\"publisher\":{\"@id\":\"https:\\\/\\\/kem-europe.eu\\\/#organization\"},\"potentialAction\":[{\"@type\":\"SearchAction\",\"target\":{\"@type\":\"EntryPoint\",\"urlTemplate\":\"https:\\\/\\\/kem-europe.eu\\\/?s={search_term_string}\"},\"query-input\":{\"@type\":\"PropertyValueSpecification\",\"valueRequired\":true,\"valueName\":\"search_term_string\"}}],\"inLanguage\":\"de\"},{\"@type\":\"Organization\",\"@id\":\"https:\\\/\\\/kem-europe.eu\\\/#organization\",\"name\":\"KEM Europe\",\"url\":\"https:\\\/\\\/kem-europe.eu\\\/\",\"logo\":{\"@type\":\"ImageObject\",\"inLanguage\":\"de\",\"@id\":\"https:\\\/\\\/kem-europe.eu\\\/#\\\/schema\\\/logo\\\/image\\\/\",\"url\":\"https:\\\/\\\/kem-europe.eu\\\/wp-content\\\/uploads\\\/2025\\\/02\\\/KEM2019-BLACK-1500W.png\",\"contentUrl\":\"https:\\\/\\\/kem-europe.eu\\\/wp-content\\\/uploads\\\/2025\\\/02\\\/KEM2019-BLACK-1500W.png\",\"width\":1500,\"height\":626,\"caption\":\"KEM Europe\"},\"image\":{\"@id\":\"https:\\\/\\\/kem-europe.eu\\\/#\\\/schema\\\/logo\\\/image\\\/\"}}]}<\/script>\n<!-- \/ Yoast SEO plugin. -->","yoast_head_json":{"title":"DCK TERRAINA S M\u00e4hroboter 2000 m\u00b2 | Ohne Kabel &amp; GPS - KEM Europe","description":"Kabelloser M\u00e4hroboter mit LiDAR SLAM &amp; AI-Erkennung. DCK TERRAINA S m\u00e4ht bis zu 2000 m\u00b2, verwaltet 14 Zonen und arbeitet ohne Begrenzungsdraht.","robots":{"index":"index","follow":"follow","max-snippet":"max-snippet:-1","max-image-preview":"max-image-preview:large","max-video-preview":"max-video-preview:-1"},"canonical":"https:\/\/kem-europe.eu\/de\/produkt\/dck-terrainas-robotmaeher-2000m2-lidar-kabellos\/","og_locale":"de_DE","og_type":"article","og_title":"DCK TERRAINA S Robotmaaier 2000 m\u00b2 | Zonder Draad & GPS - KEM Europe","og_description":"Draadloze robotmaaier met LiDAR SLAM & AI-detectie. DCK TERRAINA S maait tot 2000 m\u00b2, beheert 14 zones en werkt zonder perimeterdraad.","og_url":"https:\/\/kem-europe.eu\/de\/produkt\/dck-terrainas-robotmaeher-2000m2-lidar-kabellos\/","og_site_name":"KEM Europe","article_modified_time":"2025-05-23T06:38:38+00:00","og_image":[{"width":700,"height":700,"url":"https:\/\/kem-europe.eu\/wp-content\/uploads\/2025\/05\/8.webp","type":"image\/webp"}],"twitter_card":"summary_large_image","twitter_misc":{"Gesch\u00e4tzte Lesezeit":"2\u00a0Minuten"},"schema":{"@context":"https:\/\/schema.org","@graph":[{"@type":"WebPage","@id":"https:\/\/kem-europe.eu\/product\/dck-terrainas-robotmaaier-2000m2-lidar-draadloos\/","url":"https:\/\/kem-europe.eu\/product\/dck-terrainas-robotmaaier-2000m2-lidar-draadloos\/","name":"DCK TERRAINA S M\u00e4hroboter 2000 m\u00b2 | Ohne Kabel &amp; GPS - KEM Europe","isPartOf":{"@id":"https:\/\/kem-europe.eu\/#website"},"primaryImageOfPage":{"@id":"https:\/\/kem-europe.eu\/product\/dck-terrainas-robotmaaier-2000m2-lidar-draadloos\/#primaryimage"},"image":{"@id":"https:\/\/kem-europe.eu\/product\/dck-terrainas-robotmaaier-2000m2-lidar-draadloos\/#primaryimage"},"thumbnailUrl":"https:\/\/kem-europe.eu\/wp-content\/uploads\/2025\/05\/8.webp","datePublished":"2025-05-23T06:33:47+00:00","dateModified":"2025-05-23T06:38:38+00:00","description":"Kabelloser M\u00e4hroboter mit LiDAR SLAM &amp; AI-Erkennung. DCK TERRAINA S m\u00e4ht bis zu 2000 m\u00b2, verwaltet 14 Zonen und arbeitet ohne Begrenzungsdraht.","breadcrumb":{"@id":"https:\/\/kem-europe.eu\/product\/dck-terrainas-robotmaaier-2000m2-lidar-draadloos\/#breadcrumb"},"inLanguage":"de","potentialAction":[{"@type":"ReadAction","target":["https:\/\/kem-europe.eu\/product\/dck-terrainas-robotmaaier-2000m2-lidar-draadloos\/"]}]},{"@type":"ImageObject","inLanguage":"de","@id":"https:\/\/kem-europe.eu\/product\/dck-terrainas-robotmaaier-2000m2-lidar-draadloos\/#primaryimage","url":"https:\/\/kem-europe.eu\/wp-content\/uploads\/2025\/05\/8.webp","contentUrl":"https:\/\/kem-europe.eu\/wp-content\/uploads\/2025\/05\/8.webp","width":700,"height":700,"caption":"DCK Robotmaaier TERRAINA S | Draadloos Begrenzen | 2000 m\u00b2 | 3D LiDAR SLAM Navigatie"},{"@type":"BreadcrumbList","@id":"https:\/\/kem-europe.eu\/product\/dck-terrainas-robotmaaier-2000m2-lidar-draadloos\/#breadcrumb","itemListElement":[{"@type":"ListItem","position":1,"name":"Home","item":"https:\/\/kem-europe.eu\/"},{"@type":"ListItem","position":2,"name":"Winkel","item":"https:\/\/kem-europe.eu\/winkel\/"},{"@type":"ListItem","position":3,"name":"DCK Robotmaaier TERRAINA S | Draadloos Begrenzen | 2000 m\u00b2 | 3D LiDAR SLAM Navigatie"}]},{"@type":"WebSite","@id":"https:\/\/kem-europe.eu\/#website","url":"https:\/\/kem-europe.eu\/","name":"KEM Europe","description":"","publisher":{"@id":"https:\/\/kem-europe.eu\/#organization"},"potentialAction":[{"@type":"SearchAction","target":{"@type":"EntryPoint","urlTemplate":"https:\/\/kem-europe.eu\/?s={search_term_string}"},"query-input":{"@type":"PropertyValueSpecification","valueRequired":true,"valueName":"search_term_string"}}],"inLanguage":"de"},{"@type":"Organization","@id":"https:\/\/kem-europe.eu\/#organization","name":"KEM Europe","url":"https:\/\/kem-europe.eu\/","logo":{"@type":"ImageObject","inLanguage":"de","@id":"https:\/\/kem-europe.eu\/#\/schema\/logo\/image\/","url":"https:\/\/kem-europe.eu\/wp-content\/uploads\/2025\/02\/KEM2019-BLACK-1500W.png","contentUrl":"https:\/\/kem-europe.eu\/wp-content\/uploads\/2025\/02\/KEM2019-BLACK-1500W.png","width":1500,"height":626,"caption":"KEM Europe"},"image":{"@id":"https:\/\/kem-europe.eu\/#\/schema\/logo\/image\/"}}]}},"_links":{"self":[{"href":"https:\/\/kem-europe.eu\/de\/wp-json\/wp\/v2\/product\/7218","targetHints":{"allow":["GET"]}}],"collection":[{"href":"https:\/\/kem-europe.eu\/de\/wp-json\/wp\/v2\/product"}],"about":[{"href":"https:\/\/kem-europe.eu\/de\/wp-json\/wp\/v2\/types\/product"}],"replies":[{"embeddable":true,"href":"https:\/\/kem-europe.eu\/de\/wp-json\/wp\/v2\/comments?post=7218"}],"wp:featuredmedia":[{"embeddable":true,"href":"https:\/\/kem-europe.eu\/de\/wp-json\/wp\/v2\/media\/7247"}],"wp:attachment":[{"href":"https:\/\/kem-europe.eu\/de\/wp-json\/wp\/v2\/media?parent=7218"}],"wp:term":[{"taxonomy":"product_brand","embeddable":true,"href":"https:\/\/kem-europe.eu\/de\/wp-json\/wp\/v2\/product_brand?post=7218"},{"taxonomy":"product_cat","embeddable":true,"href":"https:\/\/kem-europe.eu\/de\/wp-json\/wp\/v2\/product_cat?post=7218"},{"taxonomy":"product_tag","embeddable":true,"href":"https:\/\/kem-europe.eu\/de\/wp-json\/wp\/v2\/product_tag?post=7218"}],"curies":[{"name":"wp","href":"https:\/\/api.w.org\/{rel}","templated":true}]}}