{"id":7259,"date":"2025-05-23T06:57:59","date_gmt":"2025-05-23T06:57:59","guid":{"rendered":"https:\/\/kem-europe.eu\/?post_type=product&#038;p=7259"},"modified":"2025-07-02T13:11:45","modified_gmt":"2025-07-02T13:11:45","slug":"dorly-sprintus-craftix-sicherheitssauger-35m-1200w","status":"publish","type":"product","link":"https:\/\/kem-europe.eu\/de\/product\/dorly-sprintus-craftix-veiligheidsstofzuiger-35m-1200w\/","title":{"rendered":"D'Orly x Sprintus CraftiX Sicherheitsstaubsauger 35M | 1200W | M-Klasse | Antistatik &amp; HEPA 13"},"content":{"rendered":"<h2 data-start=\"211\" data-end=\"309\">D'Orly x Sprintus CraftiX Sicherheitsstaubsauger 35M | 1200W | M-Klasse | Antistatik &amp; HEPA 13<\/h2>\n<p class=\"\" data-start=\"339\" data-end=\"637\">Die <strong data-start=\"342\" data-end=\"375\">D'Orly x Sprintus CraftiX 35M<\/strong> ist ein leistungsstarkes und professionell zertifiziertes <strong data-start=\"426\" data-end=\"469\">Sicherheitsstaubsauger f\u00fcr Staubklasse M<\/strong>wurde f\u00fcr Anwendungen entwickelt, bei denen sch\u00e4dlicher Feinstaub keine Chance haben sollte. Denken Sie an Baustellen, Holzverarbeitung oder industrielle Umgebungen mit hoher Staubbelastung.<\/p>\n<p class=\"\" data-start=\"639\" data-end=\"957\">Mit einem <strong data-start=\"647\" data-end=\"665\">HEPA-13-Filter<\/strong>, patentiert <strong data-start=\"681\" data-end=\"713\">automatische Filterreinigung<\/strong>und <strong data-start=\"718\" data-end=\"748\">antistatische Saugschl\u00e4uche<\/strong> Dieser Staubsauger gew\u00e4hrleistet optimale Sicherheit und konstante Leistung. Die eingebaute Steckdose (bis zu 2200 W) mit Start-Stopp-Automatik macht den Einsatz mit Elektrowerkzeugen einfach und effizient.<\/p>\n<p class=\"\" data-start=\"959\" data-end=\"1114\">Die robuste Konstruktion mit Feststellbremsen, langem Gummikabel und umfangreichem Zubeh\u00f6r macht diese Maschine ideal f\u00fcr den t\u00e4glichen intensiven Einsatz.<\/p>\n<hr class=\"\" data-start=\"1116\" data-end=\"1119\" \/>\n<h3 class=\"\" data-start=\"1121\" data-end=\"1154\"><strong data-start=\"1125\" data-end=\"1152\">Wesentliche Merkmale<\/strong><\/h3>\n<p class=\"\" data-start=\"1155\" data-end=\"1736\">\u2705 <strong data-start=\"1157\" data-end=\"1207\">HEPA-13-Patronenfilter und automatische Reinigung<\/strong> - Kontinuierliche Filtration von Schadstoffen<br data-start=\"1252\" data-end=\"1255\" \/>\u2705 <strong data-start=\"1257\" data-end=\"1283\">Zertifizierung der M-Klasse<\/strong> - Geeignet f\u00fcr den professionellen Einsatz nach h\u00f6chsten Standards<br data-start=\"1349\" data-end=\"1352\" \/>\u2705 <strong data-start=\"1354\" data-end=\"1402\">Antistatische und \u00f6lbest\u00e4ndige Schl\u00e4uche (2x)<\/strong> - Sicheres Arbeiten mit Elektrowerkzeugen<br data-start=\"1445\" data-end=\"1448\" \/>\u2705 <strong data-start=\"1450\" data-end=\"1512\">Steckdose mit automatischer Start\/Stopp-Funktion (bis zu 2200 W)<\/strong><br data-start=\"1512\" data-end=\"1515\" \/>\u2705 <strong data-start=\"1517\" data-end=\"1546\">F\u00fcr nassen und trockenen Gebrauch<\/strong> - Vielseitig<br data-start=\"1569\" data-end=\"1572\" \/>\u2705 <strong data-start=\"1574\" data-end=\"1607\">Man\u00f6vrierf\u00e4higes Fahrgestell mit Bremsen<\/strong> - Mobil und stabil an jedem Arbeitsplatz<br data-start=\"1644\" data-end=\"1647\" \/>\u2705 <strong data-start=\"1649\" data-end=\"1694\">Optional erweiterbar mit Systainerplatte<\/strong> - Schnellkupplung von Werkzeugkoffern<\/p>\n<hr class=\"\" data-start=\"1738\" data-end=\"1741\" \/>\n<h3 class=\"\" data-start=\"1743\" data-end=\"1777\"><strong data-start=\"1747\" data-end=\"1775\">Technische Daten<\/strong><\/h3>\n<ul>\n<li data-start=\"1780\" data-end=\"1801\"><strong data-start=\"1780\" data-end=\"1793\">Macht:<\/strong> 1200W<\/li>\n<li data-start=\"1780\" data-end=\"1801\"><strong data-start=\"1804\" data-end=\"1820\">Luftmenge:<\/strong> 74 l\/sec<\/li>\n<li data-start=\"1780\" data-end=\"1801\"><strong data-start=\"1834\" data-end=\"1852\">Ger\u00e4uschpegel:<\/strong> 74 dB<\/li>\n<li data-start=\"1780\" data-end=\"1801\"><strong data-start=\"1863\" data-end=\"1887\">Inhalt des Staubbeh\u00e4lters:<\/strong> 35 Liter<\/li>\n<li data-start=\"1780\" data-end=\"1801\"><strong data-start=\"1901\" data-end=\"1916\">Staubklasse:<\/strong> M<\/li>\n<li data-start=\"1780\" data-end=\"1801\"><strong data-start=\"1923\" data-end=\"1938\">Filter-Typ:<\/strong> HEPA-13-Patronenfilter<\/li>\n<li data-start=\"1780\" data-end=\"1801\"><strong data-start=\"1965\" data-end=\"1988\">Inklusive Schl\u00e4uche:<\/strong>\n<ul data-start=\"1993\" data-end=\"2075\">\n<li class=\"\" data-start=\"1993\" data-end=\"2023\">\n<p class=\"\" data-start=\"1995\" data-end=\"2023\">5 m (\u00d8 35 mm) antistatisch<\/p>\n<\/li>\n<li class=\"\" data-start=\"2026\" data-end=\"2075\">\n<p class=\"\" data-start=\"2028\" data-end=\"2075\">2,5 m (\u00d8 38 mm) antistatisch und \u00f6lbest\u00e4ndig<\/p>\n<\/li>\n<\/ul>\n<\/li>\n<\/ul>\n<ul>\n<li data-start=\"2078\" data-end=\"2124\"><strong data-start=\"2078\" data-end=\"2093\">Absaugrohre:<\/strong> 2\u00d7 Edelstahl, je 500 mm (\u00d8 38 mm)<\/li>\n<li data-start=\"2078\" data-end=\"2124\"><strong data-start=\"2127\" data-end=\"2157\">Arbeitsbreite Bodend\u00fcse:<\/strong> 450 mm<\/li>\n<li data-start=\"2078\" data-end=\"2124\"><strong data-start=\"2169\" data-end=\"2185\">L\u00e4nge des Kabels:<\/strong> 10 m (Gummi, H07RN-F)<\/li>\n<li data-start=\"2078\" data-end=\"2124\"><strong data-start=\"2213\" data-end=\"2236\">Abmessungen (HxBxT):<\/strong> 635 \u00d7 390 \u00d7 540 mm<\/li>\n<li data-start=\"2078\" data-end=\"2124\"><strong data-start=\"2260\" data-end=\"2272\">Gewicht:<\/strong> 22,5 kg<\/li>\n<li data-start=\"2078\" data-end=\"2124\"><strong data-start=\"2285\" data-end=\"2309\">Materialbeh\u00e4lter:<\/strong> Kunststoff<\/li>\n<\/ul>\n<hr class=\"\" data-start=\"2323\" data-end=\"2326\" \/>\n<h3 class=\"\" data-start=\"2328\" data-end=\"2353\"><strong data-start=\"2332\" data-end=\"2351\">Umfang der Lieferung<\/strong><\/h3>\n<ul>\n<li data-start=\"2356\" data-end=\"2428\">D'Orly x Sprintus CraftiX 35M Sicherheitsstaubsauger - 1200W | M-Class<\/li>\n<li data-start=\"2356\" data-end=\"2428\">2x Ansaugrohre aus Edelstahl (500 mm)<\/li>\n<li data-start=\"2356\" data-end=\"2428\">5 m antistatischer Saugschlauch (\u00d8 35 mm)<\/li>\n<li data-start=\"2356\" data-end=\"2428\">2,5 m antistatischer, \u00f6lbest\u00e4ndiger Saugschlauch (\u00d8 38 mm)<\/li>\n<li data-start=\"2356\" data-end=\"2428\">Fugend\u00fcse<\/li>\n<li data-start=\"2356\" data-end=\"2428\">Runder B\u00fcrstenkopf<\/li>\n<li data-start=\"2356\" data-end=\"2428\">Bodend\u00fcse 450 mm<\/li>\n<li data-start=\"2356\" data-end=\"2428\">HEPA-13-Patronenfilter<\/li>\n<li data-start=\"2356\" data-end=\"2428\">Vliesstoff-Filterbeutel<\/li>\n<li data-start=\"2356\" data-end=\"2428\">Adapter f\u00fcr Elektrowerkzeuge (\u00d8 21 \/ 25 \/ 32 \/ 35 mm)<\/li>\n<li data-start=\"2356\" data-end=\"2428\">10 m Gummi-Netzkabel (H07RN-F)<\/li>\n<li data-start=\"2356\" data-end=\"2428\">Handbuch<\/li>\n<\/ul>","protected":false},"excerpt":{"rendered":"<p class=\"\" data-start=\"3196\" data-end=\"3361\">Industriesauger der M-Klasse mit automatischer Filterreinigung, HEPA-13-Filter und antistatischen Schl\u00e4uchen. F\u00fcr professionelles staubfreies Arbeiten.<\/p>","protected":false},"featured_media":7712,"comment_status":"open","ping_status":"closed","template":"","meta":[],"product_brand":[625],"product_cat":[17,526],"product_tag":[],"class_list":{"0":"post-7259","1":"product","2":"type-product","3":"status-publish","4":"has-post-thumbnail","6":"product_brand-dorly","7":"product_cat-machines","8":"product_cat-stofzuiger","10":"first","11":"instock","12":"shipping-taxable","13":"product-type-simple"},"ct_brands":[{"id":625,"name":"D'ORLY","slug":"dorly"}],"yoast_head":"<!-- This site is optimized with the Yoast SEO plugin v27.3 - https:\/\/yoast.com\/product\/yoast-seo-wordpress\/ -->\n<title>D\u2019Orly x Sprintus CraftiX 35M M-Klasse Veiligheidsstofzuiger | 1200W - KEM Europe<\/title>\n<meta name=\"description\" content=\"Veiligheidsstofzuiger 35M met HEPA 13-filter, antistatische slangen en M-klasse certificering. Voor nat- en drooggebruik in industri\u00eble omgevingen.\" \/>\n<meta name=\"robots\" content=\"index, follow, max-snippet:-1, max-image-preview:large, max-video-preview:-1\" \/>\n<link rel=\"canonical\" href=\"https:\/\/kem-europe.eu\/de\/produkt\/dorly-sprintus-craftix-sicherheitssauger-35m-1200w\/\" \/>\n<meta property=\"og:locale\" content=\"de_DE\" \/>\n<meta property=\"og:type\" content=\"article\" \/>\n<meta property=\"og:title\" content=\"D\u2019Orly x Sprintus CraftiX 35M M-Klasse Veiligheidsstofzuiger | 1200W - KEM Europe\" \/>\n<meta property=\"og:description\" content=\"Veiligheidsstofzuiger 35M met HEPA 13-filter, antistatische slangen en M-klasse certificering. Voor nat- en drooggebruik in industri\u00eble omgevingen.\" \/>\n<meta property=\"og:url\" content=\"https:\/\/kem-europe.eu\/de\/produkt\/dorly-sprintus-craftix-sicherheitssauger-35m-1200w\/\" \/>\n<meta property=\"og:site_name\" content=\"KEM Europe\" \/>\n<meta property=\"article:modified_time\" content=\"2025-07-02T13:11:45+00:00\" \/>\n<meta property=\"og:image\" content=\"https:\/\/kem-europe.eu\/wp-content\/uploads\/2025\/05\/d___orly_x_sprintus_craftix_35m_gecertificeerde_veiligheidsstofzuiger_m-klasse.jpg\" \/>\n\t<meta property=\"og:image:width\" content=\"700\" \/>\n\t<meta property=\"og:image:height\" content=\"700\" \/>\n\t<meta property=\"og:image:type\" content=\"image\/jpeg\" \/>\n<meta name=\"twitter:card\" content=\"summary_large_image\" \/>\n<meta name=\"twitter:label1\" content=\"Gesch\u00e4tzte Lesezeit\" \/>\n\t<meta name=\"twitter:data1\" content=\"2\u00a0Minuten\" \/>\n<script type=\"application\/ld+json\" class=\"yoast-schema-graph\">{\"@context\":\"https:\\\/\\\/schema.org\",\"@graph\":[{\"@type\":\"WebPage\",\"@id\":\"https:\\\/\\\/kem-europe.eu\\\/product\\\/dorly-sprintus-craftix-veiligheidsstofzuiger-35m-1200w\\\/\",\"url\":\"https:\\\/\\\/kem-europe.eu\\\/product\\\/dorly-sprintus-craftix-veiligheidsstofzuiger-35m-1200w\\\/\",\"name\":\"D\u2019Orly x Sprintus CraftiX 35M M-Klasse Veiligheidsstofzuiger | 1200W - KEM Europe\",\"isPartOf\":{\"@id\":\"https:\\\/\\\/kem-europe.eu\\\/#website\"},\"primaryImageOfPage\":{\"@id\":\"https:\\\/\\\/kem-europe.eu\\\/product\\\/dorly-sprintus-craftix-veiligheidsstofzuiger-35m-1200w\\\/#primaryimage\"},\"image\":{\"@id\":\"https:\\\/\\\/kem-europe.eu\\\/product\\\/dorly-sprintus-craftix-veiligheidsstofzuiger-35m-1200w\\\/#primaryimage\"},\"thumbnailUrl\":\"https:\\\/\\\/kem-europe.eu\\\/wp-content\\\/uploads\\\/2025\\\/05\\\/d___orly_x_sprintus_craftix_35m_gecertificeerde_veiligheidsstofzuiger_m-klasse.jpg\",\"datePublished\":\"2025-05-23T06:57:59+00:00\",\"dateModified\":\"2025-07-02T13:11:45+00:00\",\"description\":\"Veiligheidsstofzuiger 35M met HEPA 13-filter, antistatische slangen en M-klasse certificering. Voor nat- en drooggebruik in industri\u00eble omgevingen.\",\"breadcrumb\":{\"@id\":\"https:\\\/\\\/kem-europe.eu\\\/product\\\/dorly-sprintus-craftix-veiligheidsstofzuiger-35m-1200w\\\/#breadcrumb\"},\"inLanguage\":\"de\",\"potentialAction\":[{\"@type\":\"ReadAction\",\"target\":[\"https:\\\/\\\/kem-europe.eu\\\/product\\\/dorly-sprintus-craftix-veiligheidsstofzuiger-35m-1200w\\\/\"]}]},{\"@type\":\"ImageObject\",\"inLanguage\":\"de\",\"@id\":\"https:\\\/\\\/kem-europe.eu\\\/product\\\/dorly-sprintus-craftix-veiligheidsstofzuiger-35m-1200w\\\/#primaryimage\",\"url\":\"https:\\\/\\\/kem-europe.eu\\\/wp-content\\\/uploads\\\/2025\\\/05\\\/d___orly_x_sprintus_craftix_35m_gecertificeerde_veiligheidsstofzuiger_m-klasse.jpg\",\"contentUrl\":\"https:\\\/\\\/kem-europe.eu\\\/wp-content\\\/uploads\\\/2025\\\/05\\\/d___orly_x_sprintus_craftix_35m_gecertificeerde_veiligheidsstofzuiger_m-klasse.jpg\",\"width\":700,\"height\":700,\"caption\":\"D\u2019Orly x Sprintus CraftiX Veiligheidsstofzuiger 35M | 1200W | M-Klasse | Anti-statisch & HEPA 13\"},{\"@type\":\"BreadcrumbList\",\"@id\":\"https:\\\/\\\/kem-europe.eu\\\/product\\\/dorly-sprintus-craftix-veiligheidsstofzuiger-35m-1200w\\\/#breadcrumb\",\"itemListElement\":[{\"@type\":\"ListItem\",\"position\":1,\"name\":\"Home\",\"item\":\"https:\\\/\\\/kem-europe.eu\\\/\"},{\"@type\":\"ListItem\",\"position\":2,\"name\":\"Winkel\",\"item\":\"https:\\\/\\\/kem-europe.eu\\\/winkel\\\/\"},{\"@type\":\"ListItem\",\"position\":3,\"name\":\"D\u2019Orly x Sprintus CraftiX Veiligheidsstofzuiger 35M | 1200W | M-Klasse | Anti-statisch &#038; HEPA 13\"}]},{\"@type\":\"WebSite\",\"@id\":\"https:\\\/\\\/kem-europe.eu\\\/#website\",\"url\":\"https:\\\/\\\/kem-europe.eu\\\/\",\"name\":\"KEM Europe\",\"description\":\"\",\"publisher\":{\"@id\":\"https:\\\/\\\/kem-europe.eu\\\/#organization\"},\"potentialAction\":[{\"@type\":\"SearchAction\",\"target\":{\"@type\":\"EntryPoint\",\"urlTemplate\":\"https:\\\/\\\/kem-europe.eu\\\/?s={search_term_string}\"},\"query-input\":{\"@type\":\"PropertyValueSpecification\",\"valueRequired\":true,\"valueName\":\"search_term_string\"}}],\"inLanguage\":\"de\"},{\"@type\":\"Organization\",\"@id\":\"https:\\\/\\\/kem-europe.eu\\\/#organization\",\"name\":\"KEM Europe\",\"url\":\"https:\\\/\\\/kem-europe.eu\\\/\",\"logo\":{\"@type\":\"ImageObject\",\"inLanguage\":\"de\",\"@id\":\"https:\\\/\\\/kem-europe.eu\\\/#\\\/schema\\\/logo\\\/image\\\/\",\"url\":\"https:\\\/\\\/kem-europe.eu\\\/wp-content\\\/uploads\\\/2025\\\/02\\\/KEM2019-BLACK-1500W.png\",\"contentUrl\":\"https:\\\/\\\/kem-europe.eu\\\/wp-content\\\/uploads\\\/2025\\\/02\\\/KEM2019-BLACK-1500W.png\",\"width\":1500,\"height\":626,\"caption\":\"KEM Europe\"},\"image\":{\"@id\":\"https:\\\/\\\/kem-europe.eu\\\/#\\\/schema\\\/logo\\\/image\\\/\"}}]}<\/script>\n<!-- \/ Yoast SEO plugin. -->","yoast_head_json":{"title":"D'Orly x Sprintus CraftiX 35M M-Class Sicherheitssauger | 1200W - KEM Europe","description":"Sicherheitssauger 35M mit HEPA-13-Filter, antistatischen Schl\u00e4uchen und M-Zertifizierung. F\u00fcr den Nass- und Trockeneinsatz in industriellen Umgebungen.","robots":{"index":"index","follow":"follow","max-snippet":"max-snippet:-1","max-image-preview":"max-image-preview:large","max-video-preview":"max-video-preview:-1"},"canonical":"https:\/\/kem-europe.eu\/de\/produkt\/dorly-sprintus-craftix-sicherheitssauger-35m-1200w\/","og_locale":"de_DE","og_type":"article","og_title":"D\u2019Orly x Sprintus CraftiX 35M M-Klasse Veiligheidsstofzuiger | 1200W - KEM Europe","og_description":"Veiligheidsstofzuiger 35M met HEPA 13-filter, antistatische slangen en M-klasse certificering. Voor nat- en drooggebruik in industri\u00eble omgevingen.","og_url":"https:\/\/kem-europe.eu\/de\/produkt\/dorly-sprintus-craftix-sicherheitssauger-35m-1200w\/","og_site_name":"KEM Europe","article_modified_time":"2025-07-02T13:11:45+00:00","og_image":[{"width":700,"height":700,"url":"https:\/\/kem-europe.eu\/wp-content\/uploads\/2025\/05\/d___orly_x_sprintus_craftix_35m_gecertificeerde_veiligheidsstofzuiger_m-klasse.jpg","type":"image\/jpeg"}],"twitter_card":"summary_large_image","twitter_misc":{"Gesch\u00e4tzte Lesezeit":"2\u00a0Minuten"},"schema":{"@context":"https:\/\/schema.org","@graph":[{"@type":"WebPage","@id":"https:\/\/kem-europe.eu\/product\/dorly-sprintus-craftix-veiligheidsstofzuiger-35m-1200w\/","url":"https:\/\/kem-europe.eu\/product\/dorly-sprintus-craftix-veiligheidsstofzuiger-35m-1200w\/","name":"D'Orly x Sprintus CraftiX 35M M-Class Sicherheitssauger | 1200W - KEM Europe","isPartOf":{"@id":"https:\/\/kem-europe.eu\/#website"},"primaryImageOfPage":{"@id":"https:\/\/kem-europe.eu\/product\/dorly-sprintus-craftix-veiligheidsstofzuiger-35m-1200w\/#primaryimage"},"image":{"@id":"https:\/\/kem-europe.eu\/product\/dorly-sprintus-craftix-veiligheidsstofzuiger-35m-1200w\/#primaryimage"},"thumbnailUrl":"https:\/\/kem-europe.eu\/wp-content\/uploads\/2025\/05\/d___orly_x_sprintus_craftix_35m_gecertificeerde_veiligheidsstofzuiger_m-klasse.jpg","datePublished":"2025-05-23T06:57:59+00:00","dateModified":"2025-07-02T13:11:45+00:00","description":"Sicherheitssauger 35M mit HEPA-13-Filter, antistatischen Schl\u00e4uchen und M-Zertifizierung. F\u00fcr den Nass- und Trockeneinsatz in industriellen Umgebungen.","breadcrumb":{"@id":"https:\/\/kem-europe.eu\/product\/dorly-sprintus-craftix-veiligheidsstofzuiger-35m-1200w\/#breadcrumb"},"inLanguage":"de","potentialAction":[{"@type":"ReadAction","target":["https:\/\/kem-europe.eu\/product\/dorly-sprintus-craftix-veiligheidsstofzuiger-35m-1200w\/"]}]},{"@type":"ImageObject","inLanguage":"de","@id":"https:\/\/kem-europe.eu\/product\/dorly-sprintus-craftix-veiligheidsstofzuiger-35m-1200w\/#primaryimage","url":"https:\/\/kem-europe.eu\/wp-content\/uploads\/2025\/05\/d___orly_x_sprintus_craftix_35m_gecertificeerde_veiligheidsstofzuiger_m-klasse.jpg","contentUrl":"https:\/\/kem-europe.eu\/wp-content\/uploads\/2025\/05\/d___orly_x_sprintus_craftix_35m_gecertificeerde_veiligheidsstofzuiger_m-klasse.jpg","width":700,"height":700,"caption":"D\u2019Orly x Sprintus CraftiX Veiligheidsstofzuiger 35M | 1200W | M-Klasse | Anti-statisch & HEPA 13"},{"@type":"BreadcrumbList","@id":"https:\/\/kem-europe.eu\/product\/dorly-sprintus-craftix-veiligheidsstofzuiger-35m-1200w\/#breadcrumb","itemListElement":[{"@type":"ListItem","position":1,"name":"Home","item":"https:\/\/kem-europe.eu\/"},{"@type":"ListItem","position":2,"name":"Winkel","item":"https:\/\/kem-europe.eu\/winkel\/"},{"@type":"ListItem","position":3,"name":"D\u2019Orly x Sprintus CraftiX Veiligheidsstofzuiger 35M | 1200W | M-Klasse | Anti-statisch &#038; HEPA 13"}]},{"@type":"WebSite","@id":"https:\/\/kem-europe.eu\/#website","url":"https:\/\/kem-europe.eu\/","name":"KEM Europe","description":"","publisher":{"@id":"https:\/\/kem-europe.eu\/#organization"},"potentialAction":[{"@type":"SearchAction","target":{"@type":"EntryPoint","urlTemplate":"https:\/\/kem-europe.eu\/?s={search_term_string}"},"query-input":{"@type":"PropertyValueSpecification","valueRequired":true,"valueName":"search_term_string"}}],"inLanguage":"de"},{"@type":"Organization","@id":"https:\/\/kem-europe.eu\/#organization","name":"KEM Europe","url":"https:\/\/kem-europe.eu\/","logo":{"@type":"ImageObject","inLanguage":"de","@id":"https:\/\/kem-europe.eu\/#\/schema\/logo\/image\/","url":"https:\/\/kem-europe.eu\/wp-content\/uploads\/2025\/02\/KEM2019-BLACK-1500W.png","contentUrl":"https:\/\/kem-europe.eu\/wp-content\/uploads\/2025\/02\/KEM2019-BLACK-1500W.png","width":1500,"height":626,"caption":"KEM Europe"},"image":{"@id":"https:\/\/kem-europe.eu\/#\/schema\/logo\/image\/"}}]}},"_links":{"self":[{"href":"https:\/\/kem-europe.eu\/de\/wp-json\/wp\/v2\/product\/7259","targetHints":{"allow":["GET"]}}],"collection":[{"href":"https:\/\/kem-europe.eu\/de\/wp-json\/wp\/v2\/product"}],"about":[{"href":"https:\/\/kem-europe.eu\/de\/wp-json\/wp\/v2\/types\/product"}],"replies":[{"embeddable":true,"href":"https:\/\/kem-europe.eu\/de\/wp-json\/wp\/v2\/comments?post=7259"}],"wp:featuredmedia":[{"embeddable":true,"href":"https:\/\/kem-europe.eu\/de\/wp-json\/wp\/v2\/media\/7712"}],"wp:attachment":[{"href":"https:\/\/kem-europe.eu\/de\/wp-json\/wp\/v2\/media?parent=7259"}],"wp:term":[{"taxonomy":"product_brand","embeddable":true,"href":"https:\/\/kem-europe.eu\/de\/wp-json\/wp\/v2\/product_brand?post=7259"},{"taxonomy":"product_cat","embeddable":true,"href":"https:\/\/kem-europe.eu\/de\/wp-json\/wp\/v2\/product_cat?post=7259"},{"taxonomy":"product_tag","embeddable":true,"href":"https:\/\/kem-europe.eu\/de\/wp-json\/wp\/v2\/product_tag?post=7259"}],"curies":[{"name":"wp","href":"https:\/\/api.w.org\/{rel}","templated":true}]}}