{"id":7406,"date":"2025-06-24T07:40:33","date_gmt":"2025-06-24T07:40:33","guid":{"rendered":"https:\/\/kem-europe.eu\/product\/weltem-who-175-24-4kw-infraroodstraler-diesel-tot-3-660-m%c2%b3-milieuvriendelijke-infraroodkachel\/"},"modified":"2025-09-09T12:12:18","modified_gmt":"2025-09-09T12:12:18","slug":"weltem-who-175-industrie-infrarotstrahler-bis-260-m%c2%b3-heizvolumen","status":"publish","type":"product","link":"https:\/\/kem-europe.eu\/de\/product\/weltem-who-175-industriele-infraroodstraler-tot-260-m%c2%b3-verwarmingsvolume\/","title":{"rendered":"WELTEM WHO-175 Industrie-Infrarotstrahler - bis zu 3.660 m\u00b3 Heizvolumen"},"content":{"rendered":"<h2>Industrieller Diesel-Infrarotstrahler mit Gebl\u00e4se - WELTEM WHO-175<\/h2>\n<p data-start=\"782\" data-end=\"1349\">Die WHO-175 wurde f\u00fcr anspruchsvolle industrielle Anwendungen entwickelt, bei denen gro\u00dfe Volumina beheizt werden m\u00fcssen, ohne Kompromisse bei Komfort, Sicherheit oder Energieeffizienz einzugehen. Mit einem effektiven Heizvolumen von bis zu 1.600 m\u00b3 und einer kommunizierten Kapazit\u00e4t von bis zu 3.660 m\u00b3 (in gut isolierten Umgebungen) ist dieser Diesel-Infrarotstrahler ideal f\u00fcr Schuppen, Lagerhallen, Werkst\u00e4tten und Baustellen geeignet. Dank des Gebl\u00e4ses wird die Infrarotw\u00e4rme schneller verteilt, ohne dass die Luftbewegung Staub oder Schmutz aufwirbelt.<\/p>\n<p data-start=\"1351\" data-end=\"1842\">Der WHO-175 arbeitet mit einem vollst\u00e4ndig geschlossenen Verbrennungssystem, so dass weder Rauchgas noch Geruch oder Feuchtigkeit in den Raum abgegeben werden. Dadurch kann er in geschlossenen Innenr\u00e4umen eingesetzt werden, ohne dass ein Abgasabzug erforderlich ist. Dies macht ihn besonders geeignet f\u00fcr den Einsatz in staubempfindlichen oder schlecht bel\u00fcfteten Arbeitsumgebungen. Der geruchlose Betrieb und der niedrige Ger\u00e4uschpegel (ca. 35 dB) sorgen daf\u00fcr, dass das Ger\u00e4t auch in l\u00e4rmarmen Umgebungen ungehindert eingesetzt werden kann.<\/p>\n<p data-start=\"1844\" data-end=\"2252\">Mit einem Brennstoffverbrauch von nur 2,2 Litern pro Stunde und einer Leistungsaufnahme von nur 50 W ist der WHO-175 f\u00fcr seine 24,4 kW Leistung erstaunlich sparsam. Der integrierte Thermostat mit einem Einstellbereich von 0 bis 40 \u00b0C erm\u00f6glicht eine genaue Anpassung der Heizleistung an den Raum. Dank des Industrieradsatzes ist das Heizger\u00e4t mobil und kann an jedem Ort eingesetzt werden - von der Baustelle bis zur Industriehalle.<\/p>\n<p data-start=\"2254\" data-end=\"2521\">Als Importeur bietet KEM Europe mit diesem Modell eine leistungsstarke Gesamtl\u00f6sung f\u00fcr den gro\u00dfen Heizbedarf, ohne Kompromisse bei Sicherheit, Verbrauch oder Mobilit\u00e4t einzugehen. Der WHO-175 ist robust gebaut, benutzerfreundlich und bereit f\u00fcr den intensiven t\u00e4glichen Gebrauch.<\/p>\n<hr data-start=\"2523\" data-end=\"2526\" \/>\n<p data-start=\"2528\" data-end=\"2559\"><strong data-start=\"2532\" data-end=\"2559\">Wesentliche Merkmale<\/strong><\/p>\n<ul>\n<li data-start=\"2562\" data-end=\"2620\">Beheizt effektiv bis zu 1.600 m\u00b3 (kommuniziert: 3.660 m\u00b3)<\/li>\n<li data-start=\"2562\" data-end=\"2620\">Nur 2,2 Liter Kraftstoffverbrauch pro Stunde<\/li>\n<li data-start=\"2562\" data-end=\"2620\">Mit Ventilator f\u00fcr schnellere W\u00e4rmeverteilung<\/li>\n<li data-start=\"2562\" data-end=\"2620\">Abgasfrei und geruchsneutral durch geschlossene Verbrennung<\/li>\n<li data-start=\"2562\" data-end=\"2620\">Ger\u00e4uschpegel: ca. 35 dB - geeignet f\u00fcr Dauerbetrieb<\/li>\n<li data-start=\"2562\" data-end=\"2620\">Thermostat mit Einstellbereich 0-40 \u00b0C<\/li>\n<li data-start=\"2562\" data-end=\"2620\">Mobil dank Industrierollen<\/li>\n<li data-start=\"2562\" data-end=\"2620\">L\u00e4uft mit rotem Diesel oder Biodiesel<\/li>\n<li data-start=\"2562\" data-end=\"2620\">Energieeffizient: nur 50 W Stromverbrauch<\/li>\n<\/ul>\n<hr data-start=\"3002\" data-end=\"3005\" \/>\n<p data-start=\"3007\" data-end=\"3039\"><strong data-start=\"3011\" data-end=\"3039\">Technische Daten<\/strong><\/p>\n<ul>\n<li data-start=\"3042\" data-end=\"3061\"><strong>Macht:<\/strong> 24,4 kW<\/li>\n<li data-start=\"3042\" data-end=\"3061\"><strong>Ger\u00e4uschpegel:<\/strong> ca. 35 dB<\/li>\n<li data-start=\"3042\" data-end=\"3061\"><strong>Kraftstoff:<\/strong> Roter Diesel oder Biodiesel<\/li>\n<li data-start=\"3042\" data-end=\"3061\"><strong>Kraftstoffverbrauch:<\/strong> 2,2 l\/h<\/li>\n<li data-start=\"3042\" data-end=\"3061\"><strong>Elektrischer Verbrauch:<\/strong> 50 W<\/li>\n<li data-start=\"3042\" data-end=\"3061\"><strong>Heizvolumen:<\/strong> 1.600 m\u00b3 (effektiv), 3.660 m\u00b3 (max.)<\/li>\n<li data-start=\"3042\" data-end=\"3061\"><strong>Gewicht:<\/strong> \u00b1 48 kg<\/li>\n<li><strong>Inklusive R\u00e4der:<\/strong> 75 mm<\/li>\n<\/ul>\n<hr data-start=\"3275\" data-end=\"3278\" \/>\n<p data-start=\"3280\" data-end=\"3303\"><strong data-start=\"3284\" data-end=\"3303\">Umfang der Lieferung<\/strong><\/p>\n<ul>\n<li data-start=\"3306\" data-end=\"3345\">WELTEM WHO-175 Diesel-Infrarotstrahler<\/li>\n<li data-start=\"3306\" data-end=\"3345\">Industrieradsatz (vormontiert)<\/li>\n<li data-start=\"3306\" data-end=\"3345\">Benutzerhandbuch (NL\/EN\/DE)<\/li>\n<\/ul>","protected":false},"excerpt":{"rendered":"<p>Der WELTEM WHO-175 liefert direkte Infrarotw\u00e4rme bis zu 3.660 m\u00b3 und ist mit einem Gebl\u00e4se zur schnelleren W\u00e4rmeverteilung ausgestattet. Die geschlossene Verbrennung ist geruchsneutral und sicher f\u00fcr den Einsatz in Innenr\u00e4umen. Der niedrige Ger\u00e4uschpegel und der geringe Stromverbrauch machen diesen Strahler f\u00fcr den Langzeiteinsatz in gr\u00f6\u00dferen R\u00e4umen geeignet. Mobil dank der Industrier\u00e4der.<\/p>\n<p><br data-start=\"2320\" data-end=\"2323\" \/>\ud83d\udca1 Ideal f\u00fcr den Einsatz auf Baustellen oder in Arbeitshallen, wo keine Luftbewegung erforderlich ist. Die robuste Bauweise gew\u00e4hrleistet zuverl\u00e4ssige Leistung unter harten Bedingungen.<\/p>","protected":false},"featured_media":7405,"comment_status":"open","ping_status":"closed","template":"","meta":[],"product_brand":[755],"product_cat":[756,17],"product_tag":[],"class_list":{"0":"post-7406","1":"product","2":"type-product","3":"status-publish","4":"has-post-thumbnail","6":"product_brand-weltem","7":"product_cat-infraroodstralers","8":"product_cat-machines","10":"first","11":"instock","12":"shipping-taxable","13":"product-type-simple"},"ct_brands":[{"id":755,"name":"WELTEM","slug":"weltweit"}],"yoast_head":"<!-- This site is optimized with the Yoast SEO plugin v27.3 - https:\/\/yoast.com\/product\/yoast-seo-wordpress\/ -->\n<title>WELTEM WHO-175 Diesel Infraroodstraler | 3.660 m\u00b3 | Industrieel - KEM Europe<\/title>\n<meta name=\"description\" content=\"Industri\u00eble diesel-infraroodkachel voor 3.660 m\u00b3. Met ventilator, stille werking en energiezuinig (50W). Kosten effici\u00ebnte verwarming, nu bij KEM Europe!\" \/>\n<meta name=\"robots\" content=\"index, follow, max-snippet:-1, max-image-preview:large, max-video-preview:-1\" \/>\n<link rel=\"canonical\" href=\"https:\/\/kem-europe.eu\/de\/produkt\/weltem-who-175-industrie-infrarotstrahler-bis-260-m\u00b3-heizvolumen\/\" \/>\n<meta property=\"og:locale\" content=\"de_DE\" \/>\n<meta property=\"og:type\" content=\"article\" \/>\n<meta property=\"og:title\" content=\"WELTEM WHO-175 Diesel Infraroodstraler | 3.660 m\u00b3 | Industrieel - KEM Europe\" \/>\n<meta property=\"og:description\" content=\"Industri\u00eble diesel-infraroodkachel voor 3.660 m\u00b3. Met ventilator, stille werking en energiezuinig (50W). Kosten effici\u00ebnte verwarming, nu bij KEM Europe!\" \/>\n<meta property=\"og:url\" content=\"https:\/\/kem-europe.eu\/de\/produkt\/weltem-who-175-industrie-infrarotstrahler-bis-260-m\u00b3-heizvolumen\/\" \/>\n<meta property=\"og:site_name\" content=\"KEM Europe\" \/>\n<meta property=\"article:modified_time\" content=\"2025-09-09T12:12:18+00:00\" \/>\n<meta property=\"og:image\" content=\"https:\/\/kem-europe.eu\/wp-content\/uploads\/2025\/06\/Weltem-Infraroodstraler-WHO-175-side-1.jpg\" \/>\n\t<meta property=\"og:image:width\" content=\"700\" \/>\n\t<meta property=\"og:image:height\" content=\"700\" \/>\n\t<meta property=\"og:image:type\" content=\"image\/jpeg\" \/>\n<meta name=\"twitter:card\" content=\"summary_large_image\" \/>\n<meta name=\"twitter:label1\" content=\"Gesch\u00e4tzte Lesezeit\" \/>\n\t<meta name=\"twitter:data1\" content=\"2\u00a0Minuten\" \/>\n<script type=\"application\/ld+json\" class=\"yoast-schema-graph\">{\"@context\":\"https:\\\/\\\/schema.org\",\"@graph\":[{\"@type\":\"WebPage\",\"@id\":\"https:\\\/\\\/kem-europe.eu\\\/product\\\/weltem-who-175-industriele-infraroodstraler-tot-260-m%c2%b3-verwarmingsvolume\\\/\",\"url\":\"https:\\\/\\\/kem-europe.eu\\\/product\\\/weltem-who-175-industriele-infraroodstraler-tot-260-m%c2%b3-verwarmingsvolume\\\/\",\"name\":\"WELTEM WHO-175 Diesel Infraroodstraler | 3.660 m\u00b3 | Industrieel - KEM Europe\",\"isPartOf\":{\"@id\":\"https:\\\/\\\/kem-europe.eu\\\/#website\"},\"primaryImageOfPage\":{\"@id\":\"https:\\\/\\\/kem-europe.eu\\\/product\\\/weltem-who-175-industriele-infraroodstraler-tot-260-m%c2%b3-verwarmingsvolume\\\/#primaryimage\"},\"image\":{\"@id\":\"https:\\\/\\\/kem-europe.eu\\\/product\\\/weltem-who-175-industriele-infraroodstraler-tot-260-m%c2%b3-verwarmingsvolume\\\/#primaryimage\"},\"thumbnailUrl\":\"https:\\\/\\\/kem-europe.eu\\\/wp-content\\\/uploads\\\/2025\\\/06\\\/Weltem-Infraroodstraler-WHO-175-side-1.jpg\",\"datePublished\":\"2025-06-24T07:40:33+00:00\",\"dateModified\":\"2025-09-09T12:12:18+00:00\",\"description\":\"Industri\u00eble diesel-infraroodkachel voor 3.660 m\u00b3. Met ventilator, stille werking en energiezuinig (50W). Kosten effici\u00ebnte verwarming, nu bij KEM Europe!\",\"breadcrumb\":{\"@id\":\"https:\\\/\\\/kem-europe.eu\\\/product\\\/weltem-who-175-industriele-infraroodstraler-tot-260-m%c2%b3-verwarmingsvolume\\\/#breadcrumb\"},\"inLanguage\":\"de\",\"potentialAction\":[{\"@type\":\"ReadAction\",\"target\":[\"https:\\\/\\\/kem-europe.eu\\\/product\\\/weltem-who-175-industriele-infraroodstraler-tot-260-m%c2%b3-verwarmingsvolume\\\/\"]}]},{\"@type\":\"ImageObject\",\"inLanguage\":\"de\",\"@id\":\"https:\\\/\\\/kem-europe.eu\\\/product\\\/weltem-who-175-industriele-infraroodstraler-tot-260-m%c2%b3-verwarmingsvolume\\\/#primaryimage\",\"url\":\"https:\\\/\\\/kem-europe.eu\\\/wp-content\\\/uploads\\\/2025\\\/06\\\/Weltem-Infraroodstraler-WHO-175-side-1.jpg\",\"contentUrl\":\"https:\\\/\\\/kem-europe.eu\\\/wp-content\\\/uploads\\\/2025\\\/06\\\/Weltem-Infraroodstraler-WHO-175-side-1.jpg\",\"width\":700,\"height\":700,\"caption\":\"WELTEM WHO-175 industri\u00eble infraroodstraler \u2013 tot 260 m\u00b3 verwarmingsvolume\"},{\"@type\":\"BreadcrumbList\",\"@id\":\"https:\\\/\\\/kem-europe.eu\\\/product\\\/weltem-who-175-industriele-infraroodstraler-tot-260-m%c2%b3-verwarmingsvolume\\\/#breadcrumb\",\"itemListElement\":[{\"@type\":\"ListItem\",\"position\":1,\"name\":\"Home\",\"item\":\"https:\\\/\\\/kem-europe.eu\\\/\"},{\"@type\":\"ListItem\",\"position\":2,\"name\":\"Winkel\",\"item\":\"https:\\\/\\\/kem-europe.eu\\\/winkel\\\/\"},{\"@type\":\"ListItem\",\"position\":3,\"name\":\"WELTEM WHO-175 industri\u00eble infraroodstraler \u2013 tot 3.660 m\u00b3 verwarmingsvolume\"}]},{\"@type\":\"WebSite\",\"@id\":\"https:\\\/\\\/kem-europe.eu\\\/#website\",\"url\":\"https:\\\/\\\/kem-europe.eu\\\/\",\"name\":\"KEM Europe\",\"description\":\"\",\"publisher\":{\"@id\":\"https:\\\/\\\/kem-europe.eu\\\/#organization\"},\"potentialAction\":[{\"@type\":\"SearchAction\",\"target\":{\"@type\":\"EntryPoint\",\"urlTemplate\":\"https:\\\/\\\/kem-europe.eu\\\/?s={search_term_string}\"},\"query-input\":{\"@type\":\"PropertyValueSpecification\",\"valueRequired\":true,\"valueName\":\"search_term_string\"}}],\"inLanguage\":\"de\"},{\"@type\":\"Organization\",\"@id\":\"https:\\\/\\\/kem-europe.eu\\\/#organization\",\"name\":\"KEM Europe\",\"url\":\"https:\\\/\\\/kem-europe.eu\\\/\",\"logo\":{\"@type\":\"ImageObject\",\"inLanguage\":\"de\",\"@id\":\"https:\\\/\\\/kem-europe.eu\\\/#\\\/schema\\\/logo\\\/image\\\/\",\"url\":\"https:\\\/\\\/kem-europe.eu\\\/wp-content\\\/uploads\\\/2025\\\/02\\\/KEM2019-BLACK-1500W.png\",\"contentUrl\":\"https:\\\/\\\/kem-europe.eu\\\/wp-content\\\/uploads\\\/2025\\\/02\\\/KEM2019-BLACK-1500W.png\",\"width\":1500,\"height\":626,\"caption\":\"KEM Europe\"},\"image\":{\"@id\":\"https:\\\/\\\/kem-europe.eu\\\/#\\\/schema\\\/logo\\\/image\\\/\"}}]}<\/script>\n<!-- \/ Yoast SEO plugin. -->","yoast_head_json":{"title":"WELTEM WHO-175 Diesel-Infrarotstrahler | 3.660 m\u00b3 | Industrie - KEM Europe","description":"Industrielle Diesel-Infrarot-Heizung f\u00fcr 3.660 m\u00b3. Mit Gebl\u00e4se, leisem Betrieb und energieeffizient (50W). Kosteneffizientes Heizen, jetzt bei KEM Europe!","robots":{"index":"index","follow":"follow","max-snippet":"max-snippet:-1","max-image-preview":"max-image-preview:large","max-video-preview":"max-video-preview:-1"},"canonical":"https:\/\/kem-europe.eu\/de\/produkt\/weltem-who-175-industrie-infrarotstrahler-bis-260-m\u00b3-heizvolumen\/","og_locale":"de_DE","og_type":"article","og_title":"WELTEM WHO-175 Diesel Infraroodstraler | 3.660 m\u00b3 | Industrieel - KEM Europe","og_description":"Industri\u00eble diesel-infraroodkachel voor 3.660 m\u00b3. Met ventilator, stille werking en energiezuinig (50W). Kosten effici\u00ebnte verwarming, nu bij KEM Europe!","og_url":"https:\/\/kem-europe.eu\/de\/produkt\/weltem-who-175-industrie-infrarotstrahler-bis-260-m\u00b3-heizvolumen\/","og_site_name":"KEM Europe","article_modified_time":"2025-09-09T12:12:18+00:00","og_image":[{"width":700,"height":700,"url":"https:\/\/kem-europe.eu\/wp-content\/uploads\/2025\/06\/Weltem-Infraroodstraler-WHO-175-side-1.jpg","type":"image\/jpeg"}],"twitter_card":"summary_large_image","twitter_misc":{"Gesch\u00e4tzte Lesezeit":"2\u00a0Minuten"},"schema":{"@context":"https:\/\/schema.org","@graph":[{"@type":"WebPage","@id":"https:\/\/kem-europe.eu\/product\/weltem-who-175-industriele-infraroodstraler-tot-260-m%c2%b3-verwarmingsvolume\/","url":"https:\/\/kem-europe.eu\/product\/weltem-who-175-industriele-infraroodstraler-tot-260-m%c2%b3-verwarmingsvolume\/","name":"WELTEM WHO-175 Diesel-Infrarotstrahler | 3.660 m\u00b3 | Industrie - KEM Europe","isPartOf":{"@id":"https:\/\/kem-europe.eu\/#website"},"primaryImageOfPage":{"@id":"https:\/\/kem-europe.eu\/product\/weltem-who-175-industriele-infraroodstraler-tot-260-m%c2%b3-verwarmingsvolume\/#primaryimage"},"image":{"@id":"https:\/\/kem-europe.eu\/product\/weltem-who-175-industriele-infraroodstraler-tot-260-m%c2%b3-verwarmingsvolume\/#primaryimage"},"thumbnailUrl":"https:\/\/kem-europe.eu\/wp-content\/uploads\/2025\/06\/Weltem-Infraroodstraler-WHO-175-side-1.jpg","datePublished":"2025-06-24T07:40:33+00:00","dateModified":"2025-09-09T12:12:18+00:00","description":"Industrielle Diesel-Infrarot-Heizung f\u00fcr 3.660 m\u00b3. Mit Gebl\u00e4se, leisem Betrieb und energieeffizient (50W). Kosteneffizientes Heizen, jetzt bei KEM Europe!","breadcrumb":{"@id":"https:\/\/kem-europe.eu\/product\/weltem-who-175-industriele-infraroodstraler-tot-260-m%c2%b3-verwarmingsvolume\/#breadcrumb"},"inLanguage":"de","potentialAction":[{"@type":"ReadAction","target":["https:\/\/kem-europe.eu\/product\/weltem-who-175-industriele-infraroodstraler-tot-260-m%c2%b3-verwarmingsvolume\/"]}]},{"@type":"ImageObject","inLanguage":"de","@id":"https:\/\/kem-europe.eu\/product\/weltem-who-175-industriele-infraroodstraler-tot-260-m%c2%b3-verwarmingsvolume\/#primaryimage","url":"https:\/\/kem-europe.eu\/wp-content\/uploads\/2025\/06\/Weltem-Infraroodstraler-WHO-175-side-1.jpg","contentUrl":"https:\/\/kem-europe.eu\/wp-content\/uploads\/2025\/06\/Weltem-Infraroodstraler-WHO-175-side-1.jpg","width":700,"height":700,"caption":"WELTEM WHO-175 industri\u00eble infraroodstraler \u2013 tot 260 m\u00b3 verwarmingsvolume"},{"@type":"BreadcrumbList","@id":"https:\/\/kem-europe.eu\/product\/weltem-who-175-industriele-infraroodstraler-tot-260-m%c2%b3-verwarmingsvolume\/#breadcrumb","itemListElement":[{"@type":"ListItem","position":1,"name":"Home","item":"https:\/\/kem-europe.eu\/"},{"@type":"ListItem","position":2,"name":"Winkel","item":"https:\/\/kem-europe.eu\/winkel\/"},{"@type":"ListItem","position":3,"name":"WELTEM WHO-175 industri\u00eble infraroodstraler \u2013 tot 3.660 m\u00b3 verwarmingsvolume"}]},{"@type":"WebSite","@id":"https:\/\/kem-europe.eu\/#website","url":"https:\/\/kem-europe.eu\/","name":"KEM Europe","description":"","publisher":{"@id":"https:\/\/kem-europe.eu\/#organization"},"potentialAction":[{"@type":"SearchAction","target":{"@type":"EntryPoint","urlTemplate":"https:\/\/kem-europe.eu\/?s={search_term_string}"},"query-input":{"@type":"PropertyValueSpecification","valueRequired":true,"valueName":"search_term_string"}}],"inLanguage":"de"},{"@type":"Organization","@id":"https:\/\/kem-europe.eu\/#organization","name":"KEM Europe","url":"https:\/\/kem-europe.eu\/","logo":{"@type":"ImageObject","inLanguage":"de","@id":"https:\/\/kem-europe.eu\/#\/schema\/logo\/image\/","url":"https:\/\/kem-europe.eu\/wp-content\/uploads\/2025\/02\/KEM2019-BLACK-1500W.png","contentUrl":"https:\/\/kem-europe.eu\/wp-content\/uploads\/2025\/02\/KEM2019-BLACK-1500W.png","width":1500,"height":626,"caption":"KEM Europe"},"image":{"@id":"https:\/\/kem-europe.eu\/#\/schema\/logo\/image\/"}}]}},"_links":{"self":[{"href":"https:\/\/kem-europe.eu\/de\/wp-json\/wp\/v2\/product\/7406","targetHints":{"allow":["GET"]}}],"collection":[{"href":"https:\/\/kem-europe.eu\/de\/wp-json\/wp\/v2\/product"}],"about":[{"href":"https:\/\/kem-europe.eu\/de\/wp-json\/wp\/v2\/types\/product"}],"replies":[{"embeddable":true,"href":"https:\/\/kem-europe.eu\/de\/wp-json\/wp\/v2\/comments?post=7406"}],"wp:featuredmedia":[{"embeddable":true,"href":"https:\/\/kem-europe.eu\/de\/wp-json\/wp\/v2\/media\/7405"}],"wp:attachment":[{"href":"https:\/\/kem-europe.eu\/de\/wp-json\/wp\/v2\/media?parent=7406"}],"wp:term":[{"taxonomy":"product_brand","embeddable":true,"href":"https:\/\/kem-europe.eu\/de\/wp-json\/wp\/v2\/product_brand?post=7406"},{"taxonomy":"product_cat","embeddable":true,"href":"https:\/\/kem-europe.eu\/de\/wp-json\/wp\/v2\/product_cat?post=7406"},{"taxonomy":"product_tag","embeddable":true,"href":"https:\/\/kem-europe.eu\/de\/wp-json\/wp\/v2\/product_tag?post=7406"}],"curies":[{"name":"wp","href":"https:\/\/api.w.org\/{rel}","templated":true}]}}