{"id":7414,"date":"2025-06-24T07:41:02","date_gmt":"2025-06-24T07:41:02","guid":{"rendered":"https:\/\/kem-europe.eu\/product\/weltem-who-135-17-4kw-infraroodstraler-tot-1-600-m%c2%b3-milieuvriendelijke-infraroodkachel\/"},"modified":"2025-09-09T12:12:12","modified_gmt":"2025-09-09T12:12:12","slug":"weltem-who-135-dieselgetriebener-infrarotstrahler-mit-bis-zu-190-m%c2%b3-fassungsvermogen","status":"publish","type":"product","link":"https:\/\/kem-europe.eu\/de\/product\/weltem-who-135-infraroodstraler-op-diesel-capaciteit-tot-190-m%c2%b3\/","title":{"rendered":"WELTEM WHO-135 dieselbetriebene Infrarotheizung - Leistung bis zu 1.600 m\u00b3"},"content":{"rendered":"<h2>Profi-Diesel-Infrarotstrahler - WELTEM WHO-135<\/h2>\n<p data-start=\"647\" data-end=\"1182\">Die WHO-135 von WELTEM ist eine leistungsstarke Diesel-Infrarot-Heizung, die sich f\u00fcr die effiziente Beheizung mittelgro\u00dfer Arbeitsbereiche wie Werkst\u00e4tten, Lagerhallen oder Wartungsr\u00e4ume eignet. Mit einem effektiven Heizvolumen von 1.131 m\u00b3 (und einer kommunizierten Kapazit\u00e4t von 1.600 m\u00b3 bei guter Isolierung) bietet dieses Modell ein ausgezeichnetes Gleichgewicht zwischen Leistung, Verbrauch und Benutzerfreundlichkeit. Der Heizk\u00f6rper wird mit rotem Diesel oder Biodiesel betrieben und verbraucht nur 1,5 Liter pro Stunde. Das macht ihn im t\u00e4glichen Einsatz besonders wirtschaftlich.<\/p>\n<p data-start=\"1184\" data-end=\"1673\">Dank der Infrarottechnologie gibt es keine Luftbewegung und keine Staubansammlung, wodurch sich der WHO-135 ideal f\u00fcr sensible Umgebungen eignet. Die Verbrennung ist vollst\u00e4ndig gekapselt und geruchsneutral, wodurch die Luftqualit\u00e4t im Raum erhalten bleibt. Das Heizger\u00e4t hat einen niedrigen Ger\u00e4uschpegel von nur 32 dB, was eine ruhige Arbeitsumgebung ohne Ablenkungen gew\u00e4hrleistet. Der eingebaute Thermostat mit einem Bereich von 0 bis 40 \u00b0C bietet eine pr\u00e4zise, auf die gew\u00fcnschte Situation zugeschnittene Temperaturregelung.<\/p>\n<p data-start=\"1675\" data-end=\"2099\">Der WHO-135 ist mit robusten Transportr\u00e4dern (75 mm) ausgestattet, mit denen sich das Ger\u00e4t leicht innerhalb oder zwischen Arbeitsbereichen bewegen l\u00e4sst. Trotz seiner Leistung ist der Stromverbrauch auf 50 W begrenzt, so dass sich dieser Infrarotstrahler auch f\u00fcr den langfristigen Einsatz auf tempor\u00e4ren Baustellen oder in Kombination mit Generatoren eignet. Die robuste Bauweise garantiert Zuverl\u00e4ssigkeit und eine lange Lebensdauer, auch bei intensiver Nutzung.<\/p>\n<p data-start=\"2101\" data-end=\"2378\">F\u00fcr Fachleute, die eine ruhige, konzentrierte W\u00e4rme ohne Kompromisse bei der Haltbarkeit oder dem Komfort suchen, ist die WHO-135 eine ausgezeichnete Wahl. KEM Europe liefert dieses Modell komplett montiert mit Begleitdokumentation, bereit f\u00fcr den sofortigen Einsatz in den anspruchsvollsten Anwendungen.<\/p>\n<hr data-start=\"2380\" data-end=\"2383\" \/>\n<p data-start=\"2385\" data-end=\"2416\"><strong data-start=\"2389\" data-end=\"2416\">Wesentliche Merkmale<\/strong><\/p>\n<ul>\n<li data-start=\"2419\" data-end=\"2477\">Beheizt effektiv bis zu 1.131 m\u00b3 (kommuniziert: 1.600 m\u00b3)<\/li>\n<li data-start=\"2419\" data-end=\"2477\">Verbrauch: nur 1,5 Liter Diesel pro Stunde<\/li>\n<li data-start=\"2419\" data-end=\"2477\">Geschlossene, geruchlose Verbrennung - kein Abgasaustritt<\/li>\n<li data-start=\"2419\" data-end=\"2477\">Leise: nur 32 dB Ger\u00e4uschpegel<\/li>\n<li data-start=\"2419\" data-end=\"2477\">Thermostat einstellbar von 0-40 \u00b0C<\/li>\n<li data-start=\"2419\" data-end=\"2477\">Energieeffizient: 50 W Leistungsaufnahme<\/li>\n<li data-start=\"2419\" data-end=\"2477\">Mobil mit robusten 75-mm-Rollen<\/li>\n<li data-start=\"2419\" data-end=\"2477\">Geeignet f\u00fcr roten Diesel und Biodiesel<\/li>\n<\/ul>\n<hr data-start=\"2763\" data-end=\"2766\" \/>\n<p data-start=\"2768\" data-end=\"2800\"><strong data-start=\"2772\" data-end=\"2800\">Technische Daten<\/strong><\/p>\n<ul>\n<li data-start=\"2803\" data-end=\"2822\"><strong>Macht:<\/strong> 17,4 kW<\/li>\n<li data-start=\"2803\" data-end=\"2822\"><strong>Ger\u00e4uschpegel:<\/strong> 32 dB<\/li>\n<li data-start=\"2803\" data-end=\"2822\"><strong>Kraftstoff:<\/strong> Roter Diesel oder Biodiesel<\/li>\n<li data-start=\"2803\" data-end=\"2822\"><strong>Kraftstoffverbrauch:<\/strong> 1,5 l\/h<\/li>\n<li data-start=\"2803\" data-end=\"2822\"><strong>Elektrischer Verbrauch:<\/strong> 50 W<\/li>\n<li data-start=\"2803\" data-end=\"2822\"><strong>Gewicht:<\/strong> \u00b1 42 kg<\/li>\n<li><strong>Inklusive R\u00e4der:<\/strong> 75 mm<\/li>\n<\/ul>\n<hr data-start=\"2971\" data-end=\"2974\" \/>\n<p data-start=\"2976\" data-end=\"2999\"><strong data-start=\"2980\" data-end=\"2999\">Umfang der Lieferung<\/strong><\/p>\n<ul>\n<li data-start=\"3002\" data-end=\"3051\">WELTEM WHO-135 Infrarotheizung (vormontiert)<\/li>\n<li data-start=\"3002\" data-end=\"3051\">Radsatz (montiert, 75 mm)<\/li>\n<li data-start=\"3002\" data-end=\"3051\">Handbuch (NL\/EN\/DE)<\/li>\n<\/ul>","protected":false},"excerpt":{"rendered":"<p>Mit einem Fassungsverm\u00f6gen von bis zu 1.600 m\u00b3 bietet der WHO-135 leise, effiziente W\u00e4rme f\u00fcr staubempfindliche Umgebungen. Die Verbrennung ist geruchlos, vollst\u00e4ndig gekapselt und erfordert keinen Rauchabzug. Das Ger\u00e4t verf\u00fcgt \u00fcber einen einstellbaren Thermostat und einen niedrigen Stromverbrauch (nur 50 W). Ideal f\u00fcr professionelle Anwender, die Wert auf Komfort und Energieeinsparung legen.<\/p>\n<p><br data-start=\"1746\" data-end=\"1749\" \/>\ud83d\udca1 Die WHO-135 ist eine ausgezeichnete Wahl f\u00fcr den Innenbereich in Lagerh\u00e4usern, Garagen oder Produktionsumgebungen. Durch die direkte Strahlungsw\u00e4rme geht praktisch keine Energie verloren.<\/p>","protected":false},"featured_media":7413,"comment_status":"open","ping_status":"closed","template":"","meta":[],"product_brand":[755],"product_cat":[756,17],"product_tag":[],"class_list":{"0":"post-7414","1":"product","2":"type-product","3":"status-publish","4":"has-post-thumbnail","6":"product_brand-weltem","7":"product_cat-infraroodstralers","8":"product_cat-machines","10":"first","11":"instock","12":"shipping-taxable","13":"product-type-simple"},"ct_brands":[{"id":755,"name":"WELTEM","slug":"weltweit"}],"yoast_head":"<!-- This site is optimized with the Yoast SEO plugin v27.3 - https:\/\/yoast.com\/product\/yoast-seo-wordpress\/ -->\n<title>WELTEM WHO-135 Infraroodkachel | 1.600 m\u00b3 | Energiezuinig - KEM Europe<\/title>\n<meta name=\"description\" content=\"Geurloze dieselstraler met laag verbruik. Verwarmt tot 1.600 m\u00b3, met thermostaat en stil gebruik. Geschikt voor binnen. Nu bij KEM Europe!\" \/>\n<meta name=\"robots\" content=\"index, follow, max-snippet:-1, max-image-preview:large, max-video-preview:-1\" \/>\n<link rel=\"canonical\" href=\"https:\/\/kem-europe.eu\/de\/produkt\/weltem-who-135-dieselgetriebener-infrarotstrahler-mit-bis-zu-190-m\u00b3-fassungsvermogen\/\" \/>\n<meta property=\"og:locale\" content=\"de_DE\" \/>\n<meta property=\"og:type\" content=\"article\" \/>\n<meta property=\"og:title\" content=\"WELTEM WHO-135 Infraroodkachel | 1.600 m\u00b3 | Energiezuinig - KEM Europe\" \/>\n<meta property=\"og:description\" content=\"Geurloze dieselstraler met laag verbruik. Verwarmt tot 1.600 m\u00b3, met thermostaat en stil gebruik. Geschikt voor binnen. Nu bij KEM Europe!\" \/>\n<meta property=\"og:url\" content=\"https:\/\/kem-europe.eu\/de\/produkt\/weltem-who-135-dieselgetriebener-infrarotstrahler-mit-bis-zu-190-m\u00b3-fassungsvermogen\/\" \/>\n<meta property=\"og:site_name\" content=\"KEM Europe\" \/>\n<meta property=\"article:modified_time\" content=\"2025-09-09T12:12:12+00:00\" \/>\n<meta property=\"og:image\" content=\"https:\/\/kem-europe.eu\/wp-content\/uploads\/2025\/06\/Weltem-Infraroodstraler-WHO-135-side.jpg\" \/>\n\t<meta property=\"og:image:width\" content=\"700\" \/>\n\t<meta property=\"og:image:height\" content=\"700\" \/>\n\t<meta property=\"og:image:type\" content=\"image\/jpeg\" \/>\n<meta name=\"twitter:card\" content=\"summary_large_image\" \/>\n<meta name=\"twitter:label1\" content=\"Gesch\u00e4tzte Lesezeit\" \/>\n\t<meta name=\"twitter:data1\" content=\"2\u00a0Minuten\" \/>\n<script type=\"application\/ld+json\" class=\"yoast-schema-graph\">{\"@context\":\"https:\\\/\\\/schema.org\",\"@graph\":[{\"@type\":\"WebPage\",\"@id\":\"https:\\\/\\\/kem-europe.eu\\\/product\\\/weltem-who-135-infraroodstraler-op-diesel-capaciteit-tot-190-m%c2%b3\\\/\",\"url\":\"https:\\\/\\\/kem-europe.eu\\\/product\\\/weltem-who-135-infraroodstraler-op-diesel-capaciteit-tot-190-m%c2%b3\\\/\",\"name\":\"WELTEM WHO-135 Infraroodkachel | 1.600 m\u00b3 | Energiezuinig - KEM Europe\",\"isPartOf\":{\"@id\":\"https:\\\/\\\/kem-europe.eu\\\/#website\"},\"primaryImageOfPage\":{\"@id\":\"https:\\\/\\\/kem-europe.eu\\\/product\\\/weltem-who-135-infraroodstraler-op-diesel-capaciteit-tot-190-m%c2%b3\\\/#primaryimage\"},\"image\":{\"@id\":\"https:\\\/\\\/kem-europe.eu\\\/product\\\/weltem-who-135-infraroodstraler-op-diesel-capaciteit-tot-190-m%c2%b3\\\/#primaryimage\"},\"thumbnailUrl\":\"https:\\\/\\\/kem-europe.eu\\\/wp-content\\\/uploads\\\/2025\\\/06\\\/Weltem-Infraroodstraler-WHO-135-side.jpg\",\"datePublished\":\"2025-06-24T07:41:02+00:00\",\"dateModified\":\"2025-09-09T12:12:12+00:00\",\"description\":\"Geurloze dieselstraler met laag verbruik. Verwarmt tot 1.600 m\u00b3, met thermostaat en stil gebruik. Geschikt voor binnen. Nu bij KEM Europe!\",\"breadcrumb\":{\"@id\":\"https:\\\/\\\/kem-europe.eu\\\/product\\\/weltem-who-135-infraroodstraler-op-diesel-capaciteit-tot-190-m%c2%b3\\\/#breadcrumb\"},\"inLanguage\":\"de\",\"potentialAction\":[{\"@type\":\"ReadAction\",\"target\":[\"https:\\\/\\\/kem-europe.eu\\\/product\\\/weltem-who-135-infraroodstraler-op-diesel-capaciteit-tot-190-m%c2%b3\\\/\"]}]},{\"@type\":\"ImageObject\",\"inLanguage\":\"de\",\"@id\":\"https:\\\/\\\/kem-europe.eu\\\/product\\\/weltem-who-135-infraroodstraler-op-diesel-capaciteit-tot-190-m%c2%b3\\\/#primaryimage\",\"url\":\"https:\\\/\\\/kem-europe.eu\\\/wp-content\\\/uploads\\\/2025\\\/06\\\/Weltem-Infraroodstraler-WHO-135-side.jpg\",\"contentUrl\":\"https:\\\/\\\/kem-europe.eu\\\/wp-content\\\/uploads\\\/2025\\\/06\\\/Weltem-Infraroodstraler-WHO-135-side.jpg\",\"width\":700,\"height\":700,\"caption\":\"WELTEM WHO-135 infraroodstraler op diesel \u2013 capaciteit tot 190 m\u00b3\"},{\"@type\":\"BreadcrumbList\",\"@id\":\"https:\\\/\\\/kem-europe.eu\\\/product\\\/weltem-who-135-infraroodstraler-op-diesel-capaciteit-tot-190-m%c2%b3\\\/#breadcrumb\",\"itemListElement\":[{\"@type\":\"ListItem\",\"position\":1,\"name\":\"Home\",\"item\":\"https:\\\/\\\/kem-europe.eu\\\/\"},{\"@type\":\"ListItem\",\"position\":2,\"name\":\"Winkel\",\"item\":\"https:\\\/\\\/kem-europe.eu\\\/winkel\\\/\"},{\"@type\":\"ListItem\",\"position\":3,\"name\":\"WELTEM WHO-135 infraroodstraler op diesel \u2013 capaciteit tot 1.600 m\u00b3\"}]},{\"@type\":\"WebSite\",\"@id\":\"https:\\\/\\\/kem-europe.eu\\\/#website\",\"url\":\"https:\\\/\\\/kem-europe.eu\\\/\",\"name\":\"KEM Europe\",\"description\":\"\",\"publisher\":{\"@id\":\"https:\\\/\\\/kem-europe.eu\\\/#organization\"},\"potentialAction\":[{\"@type\":\"SearchAction\",\"target\":{\"@type\":\"EntryPoint\",\"urlTemplate\":\"https:\\\/\\\/kem-europe.eu\\\/?s={search_term_string}\"},\"query-input\":{\"@type\":\"PropertyValueSpecification\",\"valueRequired\":true,\"valueName\":\"search_term_string\"}}],\"inLanguage\":\"de\"},{\"@type\":\"Organization\",\"@id\":\"https:\\\/\\\/kem-europe.eu\\\/#organization\",\"name\":\"KEM Europe\",\"url\":\"https:\\\/\\\/kem-europe.eu\\\/\",\"logo\":{\"@type\":\"ImageObject\",\"inLanguage\":\"de\",\"@id\":\"https:\\\/\\\/kem-europe.eu\\\/#\\\/schema\\\/logo\\\/image\\\/\",\"url\":\"https:\\\/\\\/kem-europe.eu\\\/wp-content\\\/uploads\\\/2025\\\/02\\\/KEM2019-BLACK-1500W.png\",\"contentUrl\":\"https:\\\/\\\/kem-europe.eu\\\/wp-content\\\/uploads\\\/2025\\\/02\\\/KEM2019-BLACK-1500W.png\",\"width\":1500,\"height\":626,\"caption\":\"KEM Europe\"},\"image\":{\"@id\":\"https:\\\/\\\/kem-europe.eu\\\/#\\\/schema\\\/logo\\\/image\\\/\"}}]}<\/script>\n<!-- \/ Yoast SEO plugin. -->","yoast_head_json":{"title":"WELTEM WHO-135 Infrarotheizung | 1.600 m\u00b3 | Energieeffizient - KEM Europe","description":"Geruchsneutraler, verbrauchsarmer Dieselheizk\u00f6rper. Beheizt bis zu 1.600 m\u00b3, mit Thermostat und leisem Betrieb. Geeignet f\u00fcr den Einsatz in Innenr\u00e4umen. Jetzt bei KEM Europe!","robots":{"index":"index","follow":"follow","max-snippet":"max-snippet:-1","max-image-preview":"max-image-preview:large","max-video-preview":"max-video-preview:-1"},"canonical":"https:\/\/kem-europe.eu\/de\/produkt\/weltem-who-135-dieselgetriebener-infrarotstrahler-mit-bis-zu-190-m\u00b3-fassungsvermogen\/","og_locale":"de_DE","og_type":"article","og_title":"WELTEM WHO-135 Infraroodkachel | 1.600 m\u00b3 | Energiezuinig - KEM Europe","og_description":"Geurloze dieselstraler met laag verbruik. Verwarmt tot 1.600 m\u00b3, met thermostaat en stil gebruik. Geschikt voor binnen. Nu bij KEM Europe!","og_url":"https:\/\/kem-europe.eu\/de\/produkt\/weltem-who-135-dieselgetriebener-infrarotstrahler-mit-bis-zu-190-m\u00b3-fassungsvermogen\/","og_site_name":"KEM Europe","article_modified_time":"2025-09-09T12:12:12+00:00","og_image":[{"width":700,"height":700,"url":"https:\/\/kem-europe.eu\/wp-content\/uploads\/2025\/06\/Weltem-Infraroodstraler-WHO-135-side.jpg","type":"image\/jpeg"}],"twitter_card":"summary_large_image","twitter_misc":{"Gesch\u00e4tzte Lesezeit":"2\u00a0Minuten"},"schema":{"@context":"https:\/\/schema.org","@graph":[{"@type":"WebPage","@id":"https:\/\/kem-europe.eu\/product\/weltem-who-135-infraroodstraler-op-diesel-capaciteit-tot-190-m%c2%b3\/","url":"https:\/\/kem-europe.eu\/product\/weltem-who-135-infraroodstraler-op-diesel-capaciteit-tot-190-m%c2%b3\/","name":"WELTEM WHO-135 Infrarotheizung | 1.600 m\u00b3 | Energieeffizient - KEM Europe","isPartOf":{"@id":"https:\/\/kem-europe.eu\/#website"},"primaryImageOfPage":{"@id":"https:\/\/kem-europe.eu\/product\/weltem-who-135-infraroodstraler-op-diesel-capaciteit-tot-190-m%c2%b3\/#primaryimage"},"image":{"@id":"https:\/\/kem-europe.eu\/product\/weltem-who-135-infraroodstraler-op-diesel-capaciteit-tot-190-m%c2%b3\/#primaryimage"},"thumbnailUrl":"https:\/\/kem-europe.eu\/wp-content\/uploads\/2025\/06\/Weltem-Infraroodstraler-WHO-135-side.jpg","datePublished":"2025-06-24T07:41:02+00:00","dateModified":"2025-09-09T12:12:12+00:00","description":"Geruchsneutraler, verbrauchsarmer Dieselheizk\u00f6rper. Beheizt bis zu 1.600 m\u00b3, mit Thermostat und leisem Betrieb. Geeignet f\u00fcr den Einsatz in Innenr\u00e4umen. Jetzt bei KEM Europe!","breadcrumb":{"@id":"https:\/\/kem-europe.eu\/product\/weltem-who-135-infraroodstraler-op-diesel-capaciteit-tot-190-m%c2%b3\/#breadcrumb"},"inLanguage":"de","potentialAction":[{"@type":"ReadAction","target":["https:\/\/kem-europe.eu\/product\/weltem-who-135-infraroodstraler-op-diesel-capaciteit-tot-190-m%c2%b3\/"]}]},{"@type":"ImageObject","inLanguage":"de","@id":"https:\/\/kem-europe.eu\/product\/weltem-who-135-infraroodstraler-op-diesel-capaciteit-tot-190-m%c2%b3\/#primaryimage","url":"https:\/\/kem-europe.eu\/wp-content\/uploads\/2025\/06\/Weltem-Infraroodstraler-WHO-135-side.jpg","contentUrl":"https:\/\/kem-europe.eu\/wp-content\/uploads\/2025\/06\/Weltem-Infraroodstraler-WHO-135-side.jpg","width":700,"height":700,"caption":"WELTEM WHO-135 infraroodstraler op diesel \u2013 capaciteit tot 190 m\u00b3"},{"@type":"BreadcrumbList","@id":"https:\/\/kem-europe.eu\/product\/weltem-who-135-infraroodstraler-op-diesel-capaciteit-tot-190-m%c2%b3\/#breadcrumb","itemListElement":[{"@type":"ListItem","position":1,"name":"Home","item":"https:\/\/kem-europe.eu\/"},{"@type":"ListItem","position":2,"name":"Winkel","item":"https:\/\/kem-europe.eu\/winkel\/"},{"@type":"ListItem","position":3,"name":"WELTEM WHO-135 infraroodstraler op diesel \u2013 capaciteit tot 1.600 m\u00b3"}]},{"@type":"WebSite","@id":"https:\/\/kem-europe.eu\/#website","url":"https:\/\/kem-europe.eu\/","name":"KEM Europe","description":"","publisher":{"@id":"https:\/\/kem-europe.eu\/#organization"},"potentialAction":[{"@type":"SearchAction","target":{"@type":"EntryPoint","urlTemplate":"https:\/\/kem-europe.eu\/?s={search_term_string}"},"query-input":{"@type":"PropertyValueSpecification","valueRequired":true,"valueName":"search_term_string"}}],"inLanguage":"de"},{"@type":"Organization","@id":"https:\/\/kem-europe.eu\/#organization","name":"KEM Europe","url":"https:\/\/kem-europe.eu\/","logo":{"@type":"ImageObject","inLanguage":"de","@id":"https:\/\/kem-europe.eu\/#\/schema\/logo\/image\/","url":"https:\/\/kem-europe.eu\/wp-content\/uploads\/2025\/02\/KEM2019-BLACK-1500W.png","contentUrl":"https:\/\/kem-europe.eu\/wp-content\/uploads\/2025\/02\/KEM2019-BLACK-1500W.png","width":1500,"height":626,"caption":"KEM Europe"},"image":{"@id":"https:\/\/kem-europe.eu\/#\/schema\/logo\/image\/"}}]}},"_links":{"self":[{"href":"https:\/\/kem-europe.eu\/de\/wp-json\/wp\/v2\/product\/7414","targetHints":{"allow":["GET"]}}],"collection":[{"href":"https:\/\/kem-europe.eu\/de\/wp-json\/wp\/v2\/product"}],"about":[{"href":"https:\/\/kem-europe.eu\/de\/wp-json\/wp\/v2\/types\/product"}],"replies":[{"embeddable":true,"href":"https:\/\/kem-europe.eu\/de\/wp-json\/wp\/v2\/comments?post=7414"}],"wp:featuredmedia":[{"embeddable":true,"href":"https:\/\/kem-europe.eu\/de\/wp-json\/wp\/v2\/media\/7413"}],"wp:attachment":[{"href":"https:\/\/kem-europe.eu\/de\/wp-json\/wp\/v2\/media?parent=7414"}],"wp:term":[{"taxonomy":"product_brand","embeddable":true,"href":"https:\/\/kem-europe.eu\/de\/wp-json\/wp\/v2\/product_brand?post=7414"},{"taxonomy":"product_cat","embeddable":true,"href":"https:\/\/kem-europe.eu\/de\/wp-json\/wp\/v2\/product_cat?post=7414"},{"taxonomy":"product_tag","embeddable":true,"href":"https:\/\/kem-europe.eu\/de\/wp-json\/wp\/v2\/product_tag?post=7414"}],"curies":[{"name":"wp","href":"https:\/\/api.w.org\/{rel}","templated":true}]}}