{"id":7418,"date":"2025-06-24T07:41:29","date_gmt":"2025-06-24T07:41:29","guid":{"rendered":"https:\/\/kem-europe.eu\/product\/weltem-who-250f-29kw-infraroodstraler-diesel-tot-4-680-m%c2%b3-milieuvriendelijke-dieselkachel\/"},"modified":"2025-09-09T12:21:50","modified_gmt":"2025-09-09T12:21:50","slug":"weltem-who-250f-leistungsstarke-diesel-infrarot-heizung-bis-zu-390-m%c2%b3","status":"publish","type":"product","link":"https:\/\/kem-europe.eu\/de\/product\/weltem-who-250f-krachtige-diesel-infraroodstraler-tot-390-m%c2%b3\/","title":{"rendered":"WELTEM WHO-250F leistungsstarker Diesel-Infrarotstrahler - bis zu 4.680 m\u00b3"},"content":{"rendered":"<h2>Hochleistungs-Infrarotstrahler f\u00fcr die Industrie - WELTEM WHO-250F<\/h2>\n<p data-start=\"617\" data-end=\"1145\">Das schwerste Modell der professionellen WHO-Serie, der WELTEM WHO-250F, ist f\u00fcr industrielle Anwendungen konzipiert, bei denen maximale Heizleistung, Effizienz und Zuverl\u00e4ssigkeit gefragt sind. Dieser Diesel-Infrarotstrahler kann ein Nutzvolumen von 2.100 m\u00b3 beheizen und verbraucht dabei nur 2,35 Liter Brennstoff pro Stunde, was bei einer Heizleistung von bis zu 29 kW \u00e4u\u00dferst wirtschaftlich ist. In gut isolierten R\u00e4umen kann das Ger\u00e4t sogar bis zu einem kommunizierten Volumen von 4.680 m\u00b3 eingesetzt werden.<\/p>\n<p data-start=\"1147\" data-end=\"1646\">Dieses Modell ist mit einem integrierten Gebl\u00e4se ausgestattet, das f\u00fcr eine schnellere und gleichm\u00e4\u00dfige W\u00e4rmeverteilung sorgt. Trotz seiner Leistung arbeitet das Ger\u00e4t mit einer geruchlosen, geschlossenen Verbrennung, die keinen Rauchabzug erfordert und die Luftqualit\u00e4t im Raum nicht beeintr\u00e4chtigt. Das macht ihn ideal f\u00fcr den Einsatz in Schuppen, Hallen, Produktionsumgebungen oder gro\u00dfen Werkst\u00e4tten. Die Verbrennung erfolgt v\u00f6llig abgeschottet vom Raum und erzeugt weder Geruch noch Rauch oder Luftbewegungen.<\/p>\n<p data-start=\"1648\" data-end=\"2203\">Der WHO-250F verf\u00fcgt \u00fcber einen genau einstellbaren Thermostat (0-40 \u00b0C), energieeffiziente Elektronik (nur 50 W Leistungsaufnahme) und industrielle Transportr\u00e4der f\u00fcr den mobilen Einsatz. Trotz seiner Gr\u00f6\u00dfe ist er erstaunlich leise, mit einem Ger\u00e4uschpegel von nur 36 dB. Dar\u00fcber hinaus kann dieses Modell sowohl mit rotem Diesel als auch mit Biodiesel betrieben werden und ist damit besonders flexibel bei der Wahl des Kraftstoffs. Er ist f\u00fcr einen langfristigen, intensiven Einsatz konzipiert und minimiert dank seiner robusten Konstruktion und seines geringen Wartungsbedarfs die Ausfallzeiten.<\/p>\n<p data-start=\"2205\" data-end=\"2486\">Mit dem WHO-250F bietet KEM Europe eine professionelle Heizl\u00f6sung f\u00fcr die h\u00e4rtesten Anwendungen, bei denen Komfort, Sicherheit und Haltbarkeit Hand in Hand gehen. Dieses Heizger\u00e4t ist ideal f\u00fcr Profis geeignet, die zuverl\u00e4ssige Leistung bei niedrigen Kosten pro Betriebsstunde verlangen.<\/p>\n<hr data-start=\"2488\" data-end=\"2491\" \/>\n<p data-start=\"2493\" data-end=\"2524\"><strong data-start=\"2497\" data-end=\"2524\">Wesentliche Merkmale<\/strong><\/p>\n<ul>\n<li data-start=\"2527\" data-end=\"2592\">Heizleistung: 2.100 m\u00b3 (kommuniziertes Volumen: 4.680 m\u00b3)<\/li>\n<li data-start=\"2527\" data-end=\"2592\">Hohe Effizienz bei niedrigem Verbrauch: nur 2,35 Liter\/Stunde<\/li>\n<li data-start=\"2527\" data-end=\"2592\">Geschlossene, geruchlose Dieselverbrennung - keine Entsorgung erforderlich<\/li>\n<li data-start=\"2527\" data-end=\"2592\">Ausgestattet mit einem Ventilator f\u00fcr eine bessere W\u00e4rmeverteilung<\/li>\n<li data-start=\"2527\" data-end=\"2592\">Einstellbarer Thermostat von 0-40 \u00b0C<\/li>\n<li data-start=\"2527\" data-end=\"2592\">Ger\u00e4uschpegel nur 36 dB - relativ leise f\u00fcr ein Industrieger\u00e4t<\/li>\n<li data-start=\"2527\" data-end=\"2592\">Leistungsaufnahme: nur 50W<\/li>\n<li data-start=\"2527\" data-end=\"2592\">Geeignet f\u00fcr roten Diesel und Biodiesel<\/li>\n<\/ul>\n<hr data-start=\"2945\" data-end=\"2948\" \/>\n<p data-start=\"2950\" data-end=\"2982\"><strong data-start=\"2954\" data-end=\"2982\">Technische Daten<\/strong><\/p>\n<ul>\n<li data-start=\"2985\" data-end=\"3004\"><strong>Macht:<\/strong> 29,0 kW<\/li>\n<li data-start=\"2985\" data-end=\"3004\"><strong>Ger\u00e4uschpegel:<\/strong> 36 dB<\/li>\n<li data-start=\"2985\" data-end=\"3004\"><strong>Kraftstoff:<\/strong> Roter Diesel oder Biodiesel<\/li>\n<li data-start=\"2985\" data-end=\"3004\"><strong>Der Verbrauch:<\/strong> 2,35 Liter pro Stunde<\/li>\n<li data-start=\"2985\" data-end=\"3004\"><strong>Elektrischer Verbrauch:<\/strong> 50W<\/li>\n<li data-start=\"2985\" data-end=\"3004\"><strong>Gewicht:<\/strong> \u00b1 55 kg<\/li>\n<li data-start=\"2985\" data-end=\"3004\"><strong>Fan:<\/strong> Ja<\/li>\n<li data-start=\"2985\" data-end=\"3004\"><strong>Transport:<\/strong> Industrielle 75-mm-Rollen<\/li>\n<\/ul>\n<hr data-start=\"3253\" data-end=\"3256\" \/>\n<p data-start=\"3258\" data-end=\"3281\"><strong data-start=\"3262\" data-end=\"3281\">Umfang der Lieferung<\/strong><\/p>\n<ul>\n<li data-start=\"3284\" data-end=\"3329\">WELTEM WHO-250F Industrie-Infrarotstrahler<\/li>\n<li data-start=\"3284\" data-end=\"3329\">Radsatz (75 mm, montiert)<\/li>\n<li data-start=\"3284\" data-end=\"3329\">Benutzerhandbuch in Niederl\u00e4ndisch, Englisch und Deutsch<\/li>\n<\/ul>","protected":false},"excerpt":{"rendered":"<p>Der WHO-250F ist ein leistungsstarker Diesel-Infrarotstrahler mit Gebl\u00e4seunterst\u00fctzung und einem Heizbereich von bis zu 4.680 m\u00b3. Er ist f\u00fcr gro\u00dfe Industriebereiche konzipiert, in denen Ger\u00e4uschlosigkeit, geruchloser Betrieb und Zuverl\u00e4ssigkeit entscheidend sind. Geringe Ger\u00e4uschentwicklung, saubere Verbrennung und Unterst\u00fctzung f\u00fcr Biodiesel machen dieses Modell besonders langlebig. Mit Thermostat und nur 50 W Leistungsaufnahme.<\/p>\n<p><br data-start=\"2913\" data-end=\"2916\" \/>\ud83d\udca1 Perfekt geeignet f\u00fcr die Dauerbeheizung oder den Einsatz in wechselnden Projekten. Dieser Topper aus der WHO-Serie bietet maximale Leistung bei minimalem Verbrauch.<\/p>","protected":false},"featured_media":7417,"comment_status":"open","ping_status":"closed","template":"","meta":[],"product_brand":[755],"product_cat":[756,17],"product_tag":[],"class_list":{"0":"post-7418","1":"product","2":"type-product","3":"status-publish","4":"has-post-thumbnail","6":"product_brand-weltem","7":"product_cat-infraroodstralers","8":"product_cat-machines","10":"first","11":"instock","12":"shipping-taxable","13":"product-type-simple"},"ct_brands":[{"id":755,"name":"WELTEM","slug":"weltweit"}],"yoast_head":"<!-- This site is optimized with the Yoast SEO plugin v27.3 - https:\/\/yoast.com\/product\/yoast-seo-wordpress\/ -->\n<title>WELTEM WHO-250F Infraroodkachel | 4.680 m\u00b3 | Hoog Vermogen - KEM Europe<\/title>\n<meta name=\"description\" content=\"Krachtige infraroodstraler tot 4.680 m\u00b3. Voorzien van ventilator, geurloos en geschikt voor (bio)diesel. Stil &amp; effici\u00ebnt. Nu bij KEM Europe.\" \/>\n<meta name=\"robots\" content=\"index, follow, max-snippet:-1, max-image-preview:large, max-video-preview:-1\" \/>\n<link rel=\"canonical\" href=\"https:\/\/kem-europe.eu\/de\/produkt\/weltem-who-250f-leistungsstarke-diesel-infrarot-heizung-bis-zu-390-m\u00b3\/\" \/>\n<meta property=\"og:locale\" content=\"de_DE\" \/>\n<meta property=\"og:type\" content=\"article\" \/>\n<meta property=\"og:title\" content=\"WELTEM WHO-250F Infraroodkachel | 4.680 m\u00b3 | Hoog Vermogen - KEM Europe\" \/>\n<meta property=\"og:description\" content=\"Krachtige infraroodstraler tot 4.680 m\u00b3. Voorzien van ventilator, geurloos en geschikt voor (bio)diesel. Stil &amp; effici\u00ebnt. Nu bij KEM Europe.\" \/>\n<meta property=\"og:url\" content=\"https:\/\/kem-europe.eu\/de\/produkt\/weltem-who-250f-leistungsstarke-diesel-infrarot-heizung-bis-zu-390-m\u00b3\/\" \/>\n<meta property=\"og:site_name\" content=\"KEM Europe\" \/>\n<meta property=\"article:modified_time\" content=\"2025-09-09T12:21:50+00:00\" \/>\n<meta property=\"og:image\" content=\"https:\/\/kem-europe.eu\/wp-content\/uploads\/2025\/06\/Weltem-Infraroodstraler-WHO-250F.jpg\" \/>\n\t<meta property=\"og:image:width\" content=\"700\" \/>\n\t<meta property=\"og:image:height\" content=\"700\" \/>\n\t<meta property=\"og:image:type\" content=\"image\/jpeg\" \/>\n<meta name=\"twitter:card\" content=\"summary_large_image\" \/>\n<meta name=\"twitter:label1\" content=\"Gesch\u00e4tzte Lesezeit\" \/>\n\t<meta name=\"twitter:data1\" content=\"3\u00a0Minuten\" \/>\n<script type=\"application\/ld+json\" class=\"yoast-schema-graph\">{\"@context\":\"https:\\\/\\\/schema.org\",\"@graph\":[{\"@type\":\"WebPage\",\"@id\":\"https:\\\/\\\/kem-europe.eu\\\/product\\\/weltem-who-250f-krachtige-diesel-infraroodstraler-tot-390-m%c2%b3\\\/\",\"url\":\"https:\\\/\\\/kem-europe.eu\\\/product\\\/weltem-who-250f-krachtige-diesel-infraroodstraler-tot-390-m%c2%b3\\\/\",\"name\":\"WELTEM WHO-250F Infraroodkachel | 4.680 m\u00b3 | Hoog Vermogen - KEM Europe\",\"isPartOf\":{\"@id\":\"https:\\\/\\\/kem-europe.eu\\\/#website\"},\"primaryImageOfPage\":{\"@id\":\"https:\\\/\\\/kem-europe.eu\\\/product\\\/weltem-who-250f-krachtige-diesel-infraroodstraler-tot-390-m%c2%b3\\\/#primaryimage\"},\"image\":{\"@id\":\"https:\\\/\\\/kem-europe.eu\\\/product\\\/weltem-who-250f-krachtige-diesel-infraroodstraler-tot-390-m%c2%b3\\\/#primaryimage\"},\"thumbnailUrl\":\"https:\\\/\\\/kem-europe.eu\\\/wp-content\\\/uploads\\\/2025\\\/06\\\/Weltem-Infraroodstraler-WHO-250F.jpg\",\"datePublished\":\"2025-06-24T07:41:29+00:00\",\"dateModified\":\"2025-09-09T12:21:50+00:00\",\"description\":\"Krachtige infraroodstraler tot 4.680 m\u00b3. Voorzien van ventilator, geurloos en geschikt voor (bio)diesel. Stil & effici\u00ebnt. Nu bij KEM Europe.\",\"breadcrumb\":{\"@id\":\"https:\\\/\\\/kem-europe.eu\\\/product\\\/weltem-who-250f-krachtige-diesel-infraroodstraler-tot-390-m%c2%b3\\\/#breadcrumb\"},\"inLanguage\":\"de\",\"potentialAction\":[{\"@type\":\"ReadAction\",\"target\":[\"https:\\\/\\\/kem-europe.eu\\\/product\\\/weltem-who-250f-krachtige-diesel-infraroodstraler-tot-390-m%c2%b3\\\/\"]}]},{\"@type\":\"ImageObject\",\"inLanguage\":\"de\",\"@id\":\"https:\\\/\\\/kem-europe.eu\\\/product\\\/weltem-who-250f-krachtige-diesel-infraroodstraler-tot-390-m%c2%b3\\\/#primaryimage\",\"url\":\"https:\\\/\\\/kem-europe.eu\\\/wp-content\\\/uploads\\\/2025\\\/06\\\/Weltem-Infraroodstraler-WHO-250F.jpg\",\"contentUrl\":\"https:\\\/\\\/kem-europe.eu\\\/wp-content\\\/uploads\\\/2025\\\/06\\\/Weltem-Infraroodstraler-WHO-250F.jpg\",\"width\":700,\"height\":700,\"caption\":\"WELTEM WHO-250F krachtige diesel-infraroodstraler \u2013 tot 390 m\u00b3\"},{\"@type\":\"BreadcrumbList\",\"@id\":\"https:\\\/\\\/kem-europe.eu\\\/product\\\/weltem-who-250f-krachtige-diesel-infraroodstraler-tot-390-m%c2%b3\\\/#breadcrumb\",\"itemListElement\":[{\"@type\":\"ListItem\",\"position\":1,\"name\":\"Home\",\"item\":\"https:\\\/\\\/kem-europe.eu\\\/\"},{\"@type\":\"ListItem\",\"position\":2,\"name\":\"Winkel\",\"item\":\"https:\\\/\\\/kem-europe.eu\\\/winkel\\\/\"},{\"@type\":\"ListItem\",\"position\":3,\"name\":\"WELTEM WHO-250F krachtige diesel-infraroodstraler \u2013 tot 4.680 m\u00b3\"}]},{\"@type\":\"WebSite\",\"@id\":\"https:\\\/\\\/kem-europe.eu\\\/#website\",\"url\":\"https:\\\/\\\/kem-europe.eu\\\/\",\"name\":\"KEM Europe\",\"description\":\"\",\"publisher\":{\"@id\":\"https:\\\/\\\/kem-europe.eu\\\/#organization\"},\"potentialAction\":[{\"@type\":\"SearchAction\",\"target\":{\"@type\":\"EntryPoint\",\"urlTemplate\":\"https:\\\/\\\/kem-europe.eu\\\/?s={search_term_string}\"},\"query-input\":{\"@type\":\"PropertyValueSpecification\",\"valueRequired\":true,\"valueName\":\"search_term_string\"}}],\"inLanguage\":\"de\"},{\"@type\":\"Organization\",\"@id\":\"https:\\\/\\\/kem-europe.eu\\\/#organization\",\"name\":\"KEM Europe\",\"url\":\"https:\\\/\\\/kem-europe.eu\\\/\",\"logo\":{\"@type\":\"ImageObject\",\"inLanguage\":\"de\",\"@id\":\"https:\\\/\\\/kem-europe.eu\\\/#\\\/schema\\\/logo\\\/image\\\/\",\"url\":\"https:\\\/\\\/kem-europe.eu\\\/wp-content\\\/uploads\\\/2025\\\/02\\\/KEM2019-BLACK-1500W.png\",\"contentUrl\":\"https:\\\/\\\/kem-europe.eu\\\/wp-content\\\/uploads\\\/2025\\\/02\\\/KEM2019-BLACK-1500W.png\",\"width\":1500,\"height\":626,\"caption\":\"KEM Europe\"},\"image\":{\"@id\":\"https:\\\/\\\/kem-europe.eu\\\/#\\\/schema\\\/logo\\\/image\\\/\"}}]}<\/script>\n<!-- \/ Yoast SEO plugin. -->","yoast_head_json":{"title":"WELTEM WHO-250F Infrarotheizung | 4.680 m\u00b3 | Hohe Leistung - KEM Europe","description":"Leistungsstarker Infrarotstrahler mit bis zu 4.680 m\u00b3. Ausgestattet mit Gebl\u00e4se, geruchsneutral und geeignet f\u00fcr (Bio)Diesel. Leise und effizient. Jetzt bei KEM Europe.","robots":{"index":"index","follow":"follow","max-snippet":"max-snippet:-1","max-image-preview":"max-image-preview:large","max-video-preview":"max-video-preview:-1"},"canonical":"https:\/\/kem-europe.eu\/de\/produkt\/weltem-who-250f-leistungsstarke-diesel-infrarot-heizung-bis-zu-390-m\u00b3\/","og_locale":"de_DE","og_type":"article","og_title":"WELTEM WHO-250F Infraroodkachel | 4.680 m\u00b3 | Hoog Vermogen - KEM Europe","og_description":"Krachtige infraroodstraler tot 4.680 m\u00b3. Voorzien van ventilator, geurloos en geschikt voor (bio)diesel. Stil & effici\u00ebnt. Nu bij KEM Europe.","og_url":"https:\/\/kem-europe.eu\/de\/produkt\/weltem-who-250f-leistungsstarke-diesel-infrarot-heizung-bis-zu-390-m\u00b3\/","og_site_name":"KEM Europe","article_modified_time":"2025-09-09T12:21:50+00:00","og_image":[{"width":700,"height":700,"url":"https:\/\/kem-europe.eu\/wp-content\/uploads\/2025\/06\/Weltem-Infraroodstraler-WHO-250F.jpg","type":"image\/jpeg"}],"twitter_card":"summary_large_image","twitter_misc":{"Gesch\u00e4tzte Lesezeit":"3\u00a0Minuten"},"schema":{"@context":"https:\/\/schema.org","@graph":[{"@type":"WebPage","@id":"https:\/\/kem-europe.eu\/product\/weltem-who-250f-krachtige-diesel-infraroodstraler-tot-390-m%c2%b3\/","url":"https:\/\/kem-europe.eu\/product\/weltem-who-250f-krachtige-diesel-infraroodstraler-tot-390-m%c2%b3\/","name":"WELTEM WHO-250F Infrarotheizung | 4.680 m\u00b3 | Hohe Leistung - KEM Europe","isPartOf":{"@id":"https:\/\/kem-europe.eu\/#website"},"primaryImageOfPage":{"@id":"https:\/\/kem-europe.eu\/product\/weltem-who-250f-krachtige-diesel-infraroodstraler-tot-390-m%c2%b3\/#primaryimage"},"image":{"@id":"https:\/\/kem-europe.eu\/product\/weltem-who-250f-krachtige-diesel-infraroodstraler-tot-390-m%c2%b3\/#primaryimage"},"thumbnailUrl":"https:\/\/kem-europe.eu\/wp-content\/uploads\/2025\/06\/Weltem-Infraroodstraler-WHO-250F.jpg","datePublished":"2025-06-24T07:41:29+00:00","dateModified":"2025-09-09T12:21:50+00:00","description":"Leistungsstarker Infrarotstrahler mit bis zu 4.680 m\u00b3. Ausgestattet mit Gebl\u00e4se, geruchsneutral und geeignet f\u00fcr (Bio)Diesel. Leise und effizient. Jetzt bei KEM Europe.","breadcrumb":{"@id":"https:\/\/kem-europe.eu\/product\/weltem-who-250f-krachtige-diesel-infraroodstraler-tot-390-m%c2%b3\/#breadcrumb"},"inLanguage":"de","potentialAction":[{"@type":"ReadAction","target":["https:\/\/kem-europe.eu\/product\/weltem-who-250f-krachtige-diesel-infraroodstraler-tot-390-m%c2%b3\/"]}]},{"@type":"ImageObject","inLanguage":"de","@id":"https:\/\/kem-europe.eu\/product\/weltem-who-250f-krachtige-diesel-infraroodstraler-tot-390-m%c2%b3\/#primaryimage","url":"https:\/\/kem-europe.eu\/wp-content\/uploads\/2025\/06\/Weltem-Infraroodstraler-WHO-250F.jpg","contentUrl":"https:\/\/kem-europe.eu\/wp-content\/uploads\/2025\/06\/Weltem-Infraroodstraler-WHO-250F.jpg","width":700,"height":700,"caption":"WELTEM WHO-250F krachtige diesel-infraroodstraler \u2013 tot 390 m\u00b3"},{"@type":"BreadcrumbList","@id":"https:\/\/kem-europe.eu\/product\/weltem-who-250f-krachtige-diesel-infraroodstraler-tot-390-m%c2%b3\/#breadcrumb","itemListElement":[{"@type":"ListItem","position":1,"name":"Home","item":"https:\/\/kem-europe.eu\/"},{"@type":"ListItem","position":2,"name":"Winkel","item":"https:\/\/kem-europe.eu\/winkel\/"},{"@type":"ListItem","position":3,"name":"WELTEM WHO-250F krachtige diesel-infraroodstraler \u2013 tot 4.680 m\u00b3"}]},{"@type":"WebSite","@id":"https:\/\/kem-europe.eu\/#website","url":"https:\/\/kem-europe.eu\/","name":"KEM Europe","description":"","publisher":{"@id":"https:\/\/kem-europe.eu\/#organization"},"potentialAction":[{"@type":"SearchAction","target":{"@type":"EntryPoint","urlTemplate":"https:\/\/kem-europe.eu\/?s={search_term_string}"},"query-input":{"@type":"PropertyValueSpecification","valueRequired":true,"valueName":"search_term_string"}}],"inLanguage":"de"},{"@type":"Organization","@id":"https:\/\/kem-europe.eu\/#organization","name":"KEM Europe","url":"https:\/\/kem-europe.eu\/","logo":{"@type":"ImageObject","inLanguage":"de","@id":"https:\/\/kem-europe.eu\/#\/schema\/logo\/image\/","url":"https:\/\/kem-europe.eu\/wp-content\/uploads\/2025\/02\/KEM2019-BLACK-1500W.png","contentUrl":"https:\/\/kem-europe.eu\/wp-content\/uploads\/2025\/02\/KEM2019-BLACK-1500W.png","width":1500,"height":626,"caption":"KEM Europe"},"image":{"@id":"https:\/\/kem-europe.eu\/#\/schema\/logo\/image\/"}}]}},"_links":{"self":[{"href":"https:\/\/kem-europe.eu\/de\/wp-json\/wp\/v2\/product\/7418","targetHints":{"allow":["GET"]}}],"collection":[{"href":"https:\/\/kem-europe.eu\/de\/wp-json\/wp\/v2\/product"}],"about":[{"href":"https:\/\/kem-europe.eu\/de\/wp-json\/wp\/v2\/types\/product"}],"replies":[{"embeddable":true,"href":"https:\/\/kem-europe.eu\/de\/wp-json\/wp\/v2\/comments?post=7418"}],"wp:featuredmedia":[{"embeddable":true,"href":"https:\/\/kem-europe.eu\/de\/wp-json\/wp\/v2\/media\/7417"}],"wp:attachment":[{"href":"https:\/\/kem-europe.eu\/de\/wp-json\/wp\/v2\/media?parent=7418"}],"wp:term":[{"taxonomy":"product_brand","embeddable":true,"href":"https:\/\/kem-europe.eu\/de\/wp-json\/wp\/v2\/product_brand?post=7418"},{"taxonomy":"product_cat","embeddable":true,"href":"https:\/\/kem-europe.eu\/de\/wp-json\/wp\/v2\/product_cat?post=7418"},{"taxonomy":"product_tag","embeddable":true,"href":"https:\/\/kem-europe.eu\/de\/wp-json\/wp\/v2\/product_tag?post=7418"}],"curies":[{"name":"wp","href":"https:\/\/api.w.org\/{rel}","templated":true}]}}