{"id":742,"date":"2025-02-27T08:13:17","date_gmt":"2025-02-27T08:13:17","guid":{"rendered":"https:\/\/kem-europe.eu\/?post_type=product&#038;p=742"},"modified":"2025-06-06T07:42:34","modified_gmt":"2025-06-06T07:42:34","slug":"keyang-sd20bl-akku-trockenbauschrauber-18v-2x5-0ah","status":"publish","type":"product","link":"https:\/\/kem-europe.eu\/de\/product\/keyang-sd20bl-accu-gipsplaatschroefmachine-18v-20v-max-2x5-0ah\/","title":{"rendered":"Keyang SD20BL Akku-Trockenbauschrauber - 18V (20V MAX) - 2\u00d75.0Ah"},"content":{"rendered":"<p><img decoding=\"async\" class=\"aligncenter\" src=\"https:\/\/bjctools.nl\/wp-content\/uploads\/2022\/11\/SD20BL-NL.png\" alt=\"Keyang SD20BL Akku-Trockenbauschrauber - 18V (20V MAX) - 2\u00d75.0Ah\" \/><\/p>","protected":false},"excerpt":{"rendered":"<p><strong>Warum Keyang w\u00e4hlen?<\/strong><\/p>\n<p>Die koreanische Marke stellt seit \u00fcber 40 Jahren hochwertige Bau- und Industriemaschinen her. Seit mehr als 25 Jahren produziert sie auch f\u00fcr mehrere A-Marken auf dem europ\u00e4ischen Markt (u.a. Kress &amp; Spit). Keyang \u00fcbertrumpft seine Konkurrenten, indem es hervorragende Qualit\u00e4t zu einem fairen Preis liefert. Von seiner Position als Marktf\u00fchrer auf dem koreanischen Markt hat das Unternehmen nun begonnen, sich auch auf den europ\u00e4ischen Markt zu konzentrieren. In relativ kurzer Zeit hat sich die koreanische Marke zu einer vertrauensw\u00fcrdigen Marke auf der Baustelle entwickelt. Das hat nichts mit ausgekl\u00fcgeltem Marketing zu tun, sondern vor allem mit <em>erleben<\/em>.<\/p>\n<p><strong>Umfang der Lieferung<\/strong><\/p>\n<ul>\n<li>Keyang SD20BL Akku-Trockenbauschrauber - 18V (20V MAX)<\/li>\n<li>1x Schnellladeger\u00e4t<\/li>\n<li>1x Automatischer Einzug<\/li>\n<li>1x Tiefenmesser<\/li>\n<li>2x Li-Ionen-Akku 5,0 Ah<\/li>\n<li>2x Bit<\/li>\n<li>Geliefert im Karton<\/li>\n<\/ul>","protected":false},"featured_media":829,"comment_status":"closed","ping_status":"closed","template":"","meta":[],"product_brand":[624],"product_cat":[54],"product_tag":[],"class_list":{"0":"post-742","1":"product","2":"type-product","3":"status-publish","4":"has-post-thumbnail","6":"product_brand-keyang","7":"product_cat-accu-machines","9":"first","10":"instock","11":"shipping-taxable","12":"product-type-simple"},"ct_brands":[{"id":624,"name":"KEYANG","slug":"keyang"}],"yoast_head":"<!-- This site is optimized with the Yoast SEO plugin v27.3 - https:\/\/yoast.com\/product\/yoast-seo-wordpress\/ -->\n<title>Keyang SD20BL Accu Gipsplaatschroefmachine l KEM-EUROPE<\/title>\n<meta name=\"description\" content=\"Keyang SD20BL Accu Gipsplaatschroefmachine - Het meest compacte en lichtste in zijn klasse! Gevoelige schakelaar om precies te kunnen werken!\" \/>\n<meta name=\"robots\" content=\"index, follow, max-snippet:-1, max-image-preview:large, max-video-preview:-1\" \/>\n<link rel=\"canonical\" href=\"https:\/\/kem-europe.eu\/de\/produkt\/keyang-sd20bl-akku-trockenbauschrauber-18v-2x5-0ah\/\" \/>\n<meta property=\"og:locale\" content=\"de_DE\" \/>\n<meta property=\"og:type\" content=\"article\" \/>\n<meta property=\"og:title\" content=\"Keyang SD20BL Accu Gipsplaatschroefmachine l KEM-EUROPE\" \/>\n<meta property=\"og:description\" content=\"Keyang SD20BL Accu Gipsplaatschroefmachine - Het meest compacte en lichtste in zijn klasse! Gevoelige schakelaar om precies te kunnen werken!\" \/>\n<meta property=\"og:url\" content=\"https:\/\/kem-europe.eu\/de\/produkt\/keyang-sd20bl-akku-trockenbauschrauber-18v-2x5-0ah\/\" \/>\n<meta property=\"og:site_name\" content=\"KEM Europe\" \/>\n<meta property=\"article:modified_time\" content=\"2025-06-06T07:42:34+00:00\" \/>\n<meta property=\"og:image\" content=\"https:\/\/kem-europe.eu\/wp-content\/uploads\/2025\/02\/SD20BL-01.jpg\" \/>\n\t<meta property=\"og:image:width\" content=\"2000\" \/>\n\t<meta property=\"og:image:height\" content=\"2000\" \/>\n\t<meta property=\"og:image:type\" content=\"image\/jpeg\" \/>\n<meta name=\"twitter:card\" content=\"summary_large_image\" \/>\n<meta name=\"twitter:label1\" content=\"Gesch\u00e4tzte Lesezeit\" \/>\n\t<meta name=\"twitter:data1\" content=\"1\u00a0Minute\" \/>\n<script type=\"application\/ld+json\" class=\"yoast-schema-graph\">{\"@context\":\"https:\\\/\\\/schema.org\",\"@graph\":[{\"@type\":\"WebPage\",\"@id\":\"https:\\\/\\\/kem-europe.eu\\\/product\\\/keyang-sd20bl-accu-gipsplaatschroefmachine-18v-20v-max-2x5-0ah\\\/\",\"url\":\"https:\\\/\\\/kem-europe.eu\\\/product\\\/keyang-sd20bl-accu-gipsplaatschroefmachine-18v-20v-max-2x5-0ah\\\/\",\"name\":\"Keyang SD20BL Accu Gipsplaatschroefmachine l KEM-EUROPE\",\"isPartOf\":{\"@id\":\"https:\\\/\\\/kem-europe.eu\\\/#website\"},\"primaryImageOfPage\":{\"@id\":\"https:\\\/\\\/kem-europe.eu\\\/product\\\/keyang-sd20bl-accu-gipsplaatschroefmachine-18v-20v-max-2x5-0ah\\\/#primaryimage\"},\"image\":{\"@id\":\"https:\\\/\\\/kem-europe.eu\\\/product\\\/keyang-sd20bl-accu-gipsplaatschroefmachine-18v-20v-max-2x5-0ah\\\/#primaryimage\"},\"thumbnailUrl\":\"https:\\\/\\\/kem-europe.eu\\\/wp-content\\\/uploads\\\/2025\\\/02\\\/SD20BL-01.jpg\",\"datePublished\":\"2025-02-27T08:13:17+00:00\",\"dateModified\":\"2025-06-06T07:42:34+00:00\",\"description\":\"Keyang SD20BL Accu Gipsplaatschroefmachine - Het meest compacte en lichtste in zijn klasse! Gevoelige schakelaar om precies te kunnen werken!\",\"breadcrumb\":{\"@id\":\"https:\\\/\\\/kem-europe.eu\\\/product\\\/keyang-sd20bl-accu-gipsplaatschroefmachine-18v-20v-max-2x5-0ah\\\/#breadcrumb\"},\"inLanguage\":\"de\",\"potentialAction\":[{\"@type\":\"ReadAction\",\"target\":[\"https:\\\/\\\/kem-europe.eu\\\/product\\\/keyang-sd20bl-accu-gipsplaatschroefmachine-18v-20v-max-2x5-0ah\\\/\"]}]},{\"@type\":\"ImageObject\",\"inLanguage\":\"de\",\"@id\":\"https:\\\/\\\/kem-europe.eu\\\/product\\\/keyang-sd20bl-accu-gipsplaatschroefmachine-18v-20v-max-2x5-0ah\\\/#primaryimage\",\"url\":\"https:\\\/\\\/kem-europe.eu\\\/wp-content\\\/uploads\\\/2025\\\/02\\\/SD20BL-01.jpg\",\"contentUrl\":\"https:\\\/\\\/kem-europe.eu\\\/wp-content\\\/uploads\\\/2025\\\/02\\\/SD20BL-01.jpg\",\"width\":2000,\"height\":2000},{\"@type\":\"BreadcrumbList\",\"@id\":\"https:\\\/\\\/kem-europe.eu\\\/product\\\/keyang-sd20bl-accu-gipsplaatschroefmachine-18v-20v-max-2x5-0ah\\\/#breadcrumb\",\"itemListElement\":[{\"@type\":\"ListItem\",\"position\":1,\"name\":\"Home\",\"item\":\"https:\\\/\\\/kem-europe.eu\\\/\"},{\"@type\":\"ListItem\",\"position\":2,\"name\":\"Winkel\",\"item\":\"https:\\\/\\\/kem-europe.eu\\\/winkel\\\/\"},{\"@type\":\"ListItem\",\"position\":3,\"name\":\"Keyang SD20BL Accu Gipsplaatschroefmachine \u2013 18V (20V MAX) \u2013 2\u00d75.0Ah\"}]},{\"@type\":\"WebSite\",\"@id\":\"https:\\\/\\\/kem-europe.eu\\\/#website\",\"url\":\"https:\\\/\\\/kem-europe.eu\\\/\",\"name\":\"KEM Europe\",\"description\":\"\",\"publisher\":{\"@id\":\"https:\\\/\\\/kem-europe.eu\\\/#organization\"},\"potentialAction\":[{\"@type\":\"SearchAction\",\"target\":{\"@type\":\"EntryPoint\",\"urlTemplate\":\"https:\\\/\\\/kem-europe.eu\\\/?s={search_term_string}\"},\"query-input\":{\"@type\":\"PropertyValueSpecification\",\"valueRequired\":true,\"valueName\":\"search_term_string\"}}],\"inLanguage\":\"de\"},{\"@type\":\"Organization\",\"@id\":\"https:\\\/\\\/kem-europe.eu\\\/#organization\",\"name\":\"KEM Europe\",\"url\":\"https:\\\/\\\/kem-europe.eu\\\/\",\"logo\":{\"@type\":\"ImageObject\",\"inLanguage\":\"de\",\"@id\":\"https:\\\/\\\/kem-europe.eu\\\/#\\\/schema\\\/logo\\\/image\\\/\",\"url\":\"https:\\\/\\\/kem-europe.eu\\\/wp-content\\\/uploads\\\/2025\\\/02\\\/KEM2019-BLACK-1500W.png\",\"contentUrl\":\"https:\\\/\\\/kem-europe.eu\\\/wp-content\\\/uploads\\\/2025\\\/02\\\/KEM2019-BLACK-1500W.png\",\"width\":1500,\"height\":626,\"caption\":\"KEM Europe\"},\"image\":{\"@id\":\"https:\\\/\\\/kem-europe.eu\\\/#\\\/schema\\\/logo\\\/image\\\/\"}}]}<\/script>\n<!-- \/ Yoast SEO plugin. -->","yoast_head_json":{"title":"Keyang SD20BL Akku-Trockenbauschrauber l KEM-EUROPE","description":"Keyang SD20BL Akku-Trockenbauschrauber - Der kompakteste und leichteste in seiner Klasse! Feinf\u00fchliger Schalter f\u00fcr pr\u00e4zises Arbeiten!","robots":{"index":"index","follow":"follow","max-snippet":"max-snippet:-1","max-image-preview":"max-image-preview:large","max-video-preview":"max-video-preview:-1"},"canonical":"https:\/\/kem-europe.eu\/de\/produkt\/keyang-sd20bl-akku-trockenbauschrauber-18v-2x5-0ah\/","og_locale":"de_DE","og_type":"article","og_title":"Keyang SD20BL Accu Gipsplaatschroefmachine l KEM-EUROPE","og_description":"Keyang SD20BL Accu Gipsplaatschroefmachine - Het meest compacte en lichtste in zijn klasse! Gevoelige schakelaar om precies te kunnen werken!","og_url":"https:\/\/kem-europe.eu\/de\/produkt\/keyang-sd20bl-akku-trockenbauschrauber-18v-2x5-0ah\/","og_site_name":"KEM Europe","article_modified_time":"2025-06-06T07:42:34+00:00","og_image":[{"width":2000,"height":2000,"url":"https:\/\/kem-europe.eu\/wp-content\/uploads\/2025\/02\/SD20BL-01.jpg","type":"image\/jpeg"}],"twitter_card":"summary_large_image","twitter_misc":{"Gesch\u00e4tzte Lesezeit":"1\u00a0Minute"},"schema":{"@context":"https:\/\/schema.org","@graph":[{"@type":"WebPage","@id":"https:\/\/kem-europe.eu\/product\/keyang-sd20bl-accu-gipsplaatschroefmachine-18v-20v-max-2x5-0ah\/","url":"https:\/\/kem-europe.eu\/product\/keyang-sd20bl-accu-gipsplaatschroefmachine-18v-20v-max-2x5-0ah\/","name":"Keyang SD20BL Akku-Trockenbauschrauber l KEM-EUROPE","isPartOf":{"@id":"https:\/\/kem-europe.eu\/#website"},"primaryImageOfPage":{"@id":"https:\/\/kem-europe.eu\/product\/keyang-sd20bl-accu-gipsplaatschroefmachine-18v-20v-max-2x5-0ah\/#primaryimage"},"image":{"@id":"https:\/\/kem-europe.eu\/product\/keyang-sd20bl-accu-gipsplaatschroefmachine-18v-20v-max-2x5-0ah\/#primaryimage"},"thumbnailUrl":"https:\/\/kem-europe.eu\/wp-content\/uploads\/2025\/02\/SD20BL-01.jpg","datePublished":"2025-02-27T08:13:17+00:00","dateModified":"2025-06-06T07:42:34+00:00","description":"Keyang SD20BL Akku-Trockenbauschrauber - Der kompakteste und leichteste in seiner Klasse! Feinf\u00fchliger Schalter f\u00fcr pr\u00e4zises Arbeiten!","breadcrumb":{"@id":"https:\/\/kem-europe.eu\/product\/keyang-sd20bl-accu-gipsplaatschroefmachine-18v-20v-max-2x5-0ah\/#breadcrumb"},"inLanguage":"de","potentialAction":[{"@type":"ReadAction","target":["https:\/\/kem-europe.eu\/product\/keyang-sd20bl-accu-gipsplaatschroefmachine-18v-20v-max-2x5-0ah\/"]}]},{"@type":"ImageObject","inLanguage":"de","@id":"https:\/\/kem-europe.eu\/product\/keyang-sd20bl-accu-gipsplaatschroefmachine-18v-20v-max-2x5-0ah\/#primaryimage","url":"https:\/\/kem-europe.eu\/wp-content\/uploads\/2025\/02\/SD20BL-01.jpg","contentUrl":"https:\/\/kem-europe.eu\/wp-content\/uploads\/2025\/02\/SD20BL-01.jpg","width":2000,"height":2000},{"@type":"BreadcrumbList","@id":"https:\/\/kem-europe.eu\/product\/keyang-sd20bl-accu-gipsplaatschroefmachine-18v-20v-max-2x5-0ah\/#breadcrumb","itemListElement":[{"@type":"ListItem","position":1,"name":"Home","item":"https:\/\/kem-europe.eu\/"},{"@type":"ListItem","position":2,"name":"Winkel","item":"https:\/\/kem-europe.eu\/winkel\/"},{"@type":"ListItem","position":3,"name":"Keyang SD20BL Accu Gipsplaatschroefmachine \u2013 18V (20V MAX) \u2013 2\u00d75.0Ah"}]},{"@type":"WebSite","@id":"https:\/\/kem-europe.eu\/#website","url":"https:\/\/kem-europe.eu\/","name":"KEM Europe","description":"","publisher":{"@id":"https:\/\/kem-europe.eu\/#organization"},"potentialAction":[{"@type":"SearchAction","target":{"@type":"EntryPoint","urlTemplate":"https:\/\/kem-europe.eu\/?s={search_term_string}"},"query-input":{"@type":"PropertyValueSpecification","valueRequired":true,"valueName":"search_term_string"}}],"inLanguage":"de"},{"@type":"Organization","@id":"https:\/\/kem-europe.eu\/#organization","name":"KEM Europe","url":"https:\/\/kem-europe.eu\/","logo":{"@type":"ImageObject","inLanguage":"de","@id":"https:\/\/kem-europe.eu\/#\/schema\/logo\/image\/","url":"https:\/\/kem-europe.eu\/wp-content\/uploads\/2025\/02\/KEM2019-BLACK-1500W.png","contentUrl":"https:\/\/kem-europe.eu\/wp-content\/uploads\/2025\/02\/KEM2019-BLACK-1500W.png","width":1500,"height":626,"caption":"KEM Europe"},"image":{"@id":"https:\/\/kem-europe.eu\/#\/schema\/logo\/image\/"}}]}},"_links":{"self":[{"href":"https:\/\/kem-europe.eu\/de\/wp-json\/wp\/v2\/product\/742","targetHints":{"allow":["GET"]}}],"collection":[{"href":"https:\/\/kem-europe.eu\/de\/wp-json\/wp\/v2\/product"}],"about":[{"href":"https:\/\/kem-europe.eu\/de\/wp-json\/wp\/v2\/types\/product"}],"replies":[{"embeddable":true,"href":"https:\/\/kem-europe.eu\/de\/wp-json\/wp\/v2\/comments?post=742"}],"wp:featuredmedia":[{"embeddable":true,"href":"https:\/\/kem-europe.eu\/de\/wp-json\/wp\/v2\/media\/829"}],"wp:attachment":[{"href":"https:\/\/kem-europe.eu\/de\/wp-json\/wp\/v2\/media?parent=742"}],"wp:term":[{"taxonomy":"product_brand","embeddable":true,"href":"https:\/\/kem-europe.eu\/de\/wp-json\/wp\/v2\/product_brand?post=742"},{"taxonomy":"product_cat","embeddable":true,"href":"https:\/\/kem-europe.eu\/de\/wp-json\/wp\/v2\/product_cat?post=742"},{"taxonomy":"product_tag","embeddable":true,"href":"https:\/\/kem-europe.eu\/de\/wp-json\/wp\/v2\/product_tag?post=742"}],"curies":[{"name":"wp","href":"https:\/\/api.w.org\/{rel}","templated":true}]}}