{"id":746,"date":"2025-02-27T08:13:18","date_gmt":"2025-02-27T08:13:18","guid":{"rendered":"https:\/\/kem-europe.eu\/?post_type=product&#038;p=746"},"modified":"2025-02-27T13:36:45","modified_gmt":"2025-02-27T13:36:45","slug":"keyang-k-tool-akku-schrauber-10-8v-12v-limited-edition","status":"publish","type":"product","link":"https:\/\/kem-europe.eu\/de\/product\/keyang-k-tool-accu-schroefmachine-10-8v-12v-limited-edition\/","title":{"rendered":"Keyang K-TOOL Akkuschrauber 10.8V \/ 12V - LIMITED EDITION"},"content":{"rendered":"<p><strong>Eigenschaften Keyang K-TOOL Akkuschrauber 10.8V \/ 12V - Limited Edition<\/strong><\/p>\n<p><strong><em>Klein, intuitiv und leistungsstark - die perfekte Bohrmaschine f\u00fcr Ihr modernes Zuhause. Erleben Sie eine beeindruckende Bohrleistung mit optimierten Einstellungen und einer Leistung, die perfekt in Ihrer Hand liegt.<\/em><\/strong><\/p>\n<ul>\n<li>Lernen Sie die neue K-Tool Bohrmaschine kennen, die perfekte Kombination aus Stil und Effizienz.<\/li>\n<li>Sein kompaktes Geh\u00e4use\u00a0<strong>liegt perfekt in Ihrer Hand<\/strong>\u00a0und liefert eine unglaublich starke Leistung.<\/li>\n<li>Es wird von einem\u00a0<strong>integrierter Li-Ion-Akku<\/strong>\u00a0die \u00fcber das mitgelieferte Ladeger\u00e4t einfach aufgeladen werden k\u00f6nnen\u00a0<strong>Ladestation\/Dockingstation<\/strong><\/li>\n<\/ul>\n<p><strong>Technische Daten<\/strong><\/p>\n<p><strong><em>K-Tool Akkubohrer\/-schrauber<\/em><\/strong><\/p>\n<ul>\n<li>Spannung - 10,8V (12V MAX)<\/li>\n<li>Leerlaufdrehzahl - 400 U\/min<\/li>\n<li>Bithalter - 1\/4'' (6,35mm)<\/li>\n<li>Drehmoment - 30 Nm<\/li>\n<li>Kapazit\u00e4t\n<ul>\n<li>Stahl - 10 mm<\/li>\n<li>Holz - 15 mm<\/li>\n<li>Holzschraube - 6 mm<\/li>\n<\/ul>\n<\/li>\n<li>Gewicht - 0,9 kg<\/li>\n<\/ul>\n<p><strong><em>Ladestation \/ Dockingstation<\/em><\/strong><\/p>\n<ul>\n<li>Eingangsspannung - 100-240 V AC<\/li>\n<li>Eingangsfrequenz - 50\/60 Hz<\/li>\n<li>Ausgangsspannung - 12,6 V DC<\/li>\n<li>Gewicht - 130 Gramm<\/li>\n<li>Sicherheitsklasse - Klasse 2<\/li>\n<\/ul>\n<p><strong><em>Integrierte Batterie<\/em><\/strong><\/p>\n<ul>\n<li>Spannung - 10,8V (MAX 12V)<\/li>\n<li>Ampere - 2,0 Ah<\/li>\n<li>Aufladezeit - 65 min.<\/li>\n<\/ul>\n<p><strong>Umfang der Lieferung<\/strong><\/p>\n<ul>\n<li>Keyang K-Tool Akku-Bohrschrauber 12V<\/li>\n<li>Dockingstation + Ladekabel<\/li>\n<li>Bithalter + 4 Bits\n<ul>\n<li>PZ3 - PZ2 - S2 4 - S2 5<\/li>\n<\/ul>\n<\/li>\n<li>Handbuch<\/li>\n<\/ul>","protected":false},"excerpt":{"rendered":"<p><strong>Umfang der Lieferung<\/strong><\/p>\n<ul>\n<li>Keyang K-Tool Akku-Bohrschrauber 12V<\/li>\n<li>Dockingstation + Ladekabel<\/li>\n<li>Bithalter + 4 Bits\n<ul>\n<li>PZ3 - PZ2 - S2 4 - S2 5<\/li>\n<\/ul>\n<\/li>\n<li>Handbuch<\/li>\n<\/ul>","protected":false},"featured_media":842,"comment_status":"closed","ping_status":"closed","template":"","meta":[],"product_brand":[624],"product_cat":[55,54],"product_tag":[],"class_list":{"0":"post-746","1":"product","2":"type-product","3":"status-publish","4":"has-post-thumbnail","6":"product_brand-keyang","7":"product_cat-accu-boor-schroefmachine","8":"product_cat-accu-machines","10":"first","11":"instock","12":"shipping-taxable","13":"product-type-simple"},"ct_brands":[{"id":624,"name":"KEYANG","slug":"keyang"}],"yoast_head":"<!-- This site is optimized with the Yoast SEO plugin v27.3 - https:\/\/yoast.com\/product\/yoast-seo-wordpress\/ -->\n<title>Keyang K-TOOL Accu Schroefmachine 10.8V \/ 12V \u2013 LIMITED EDITION - KEM Europe<\/title>\n<meta name=\"robots\" content=\"index, follow, max-snippet:-1, max-image-preview:large, max-video-preview:-1\" \/>\n<link rel=\"canonical\" href=\"https:\/\/kem-europe.eu\/de\/produkt\/keyang-k-tool-akku-schrauber-10-8v-12v-limited-edition\/\" \/>\n<meta property=\"og:locale\" content=\"de_DE\" \/>\n<meta property=\"og:type\" content=\"article\" \/>\n<meta property=\"og:title\" content=\"Keyang K-TOOL Accu Schroefmachine 10.8V \/ 12V \u2013 LIMITED EDITION - KEM Europe\" \/>\n<meta property=\"og:description\" content=\"Leveringsomvang   Keyang K-Tool Accu boor schroefmachine 12V  Dockingstation + oplaadkabel  Bit holder + 4 bits   PZ3 \u2013 PZ2 \u2013 S2 4 \u2013 S2 5    Handleiding\" \/>\n<meta property=\"og:url\" content=\"https:\/\/kem-europe.eu\/de\/produkt\/keyang-k-tool-akku-schrauber-10-8v-12v-limited-edition\/\" \/>\n<meta property=\"og:site_name\" content=\"KEM Europe\" \/>\n<meta property=\"article:modified_time\" content=\"2025-02-27T13:36:45+00:00\" \/>\n<meta property=\"og:image\" content=\"https:\/\/kem-europe.eu\/wp-content\/uploads\/2025\/02\/Keyang-K-TOOL-Schroefmachine.jpg\" \/>\n\t<meta property=\"og:image:width\" content=\"700\" \/>\n\t<meta property=\"og:image:height\" content=\"700\" \/>\n\t<meta property=\"og:image:type\" content=\"image\/jpeg\" \/>\n<meta name=\"twitter:card\" content=\"summary_large_image\" \/>\n<meta name=\"twitter:label1\" content=\"Gesch\u00e4tzte Lesezeit\" \/>\n\t<meta name=\"twitter:data1\" content=\"1\u00a0Minute\" \/>\n<script type=\"application\/ld+json\" class=\"yoast-schema-graph\">{\"@context\":\"https:\\\/\\\/schema.org\",\"@graph\":[{\"@type\":\"WebPage\",\"@id\":\"https:\\\/\\\/kem-europe.eu\\\/product\\\/keyang-k-tool-accu-schroefmachine-10-8v-12v-limited-edition\\\/\",\"url\":\"https:\\\/\\\/kem-europe.eu\\\/product\\\/keyang-k-tool-accu-schroefmachine-10-8v-12v-limited-edition\\\/\",\"name\":\"Keyang K-TOOL Accu Schroefmachine 10.8V \\\/ 12V \u2013 LIMITED EDITION - KEM Europe\",\"isPartOf\":{\"@id\":\"https:\\\/\\\/kem-europe.eu\\\/#website\"},\"primaryImageOfPage\":{\"@id\":\"https:\\\/\\\/kem-europe.eu\\\/product\\\/keyang-k-tool-accu-schroefmachine-10-8v-12v-limited-edition\\\/#primaryimage\"},\"image\":{\"@id\":\"https:\\\/\\\/kem-europe.eu\\\/product\\\/keyang-k-tool-accu-schroefmachine-10-8v-12v-limited-edition\\\/#primaryimage\"},\"thumbnailUrl\":\"https:\\\/\\\/kem-europe.eu\\\/wp-content\\\/uploads\\\/2025\\\/02\\\/Keyang-K-TOOL-Schroefmachine.jpg\",\"datePublished\":\"2025-02-27T08:13:18+00:00\",\"dateModified\":\"2025-02-27T13:36:45+00:00\",\"breadcrumb\":{\"@id\":\"https:\\\/\\\/kem-europe.eu\\\/product\\\/keyang-k-tool-accu-schroefmachine-10-8v-12v-limited-edition\\\/#breadcrumb\"},\"inLanguage\":\"de\",\"potentialAction\":[{\"@type\":\"ReadAction\",\"target\":[\"https:\\\/\\\/kem-europe.eu\\\/product\\\/keyang-k-tool-accu-schroefmachine-10-8v-12v-limited-edition\\\/\"]}]},{\"@type\":\"ImageObject\",\"inLanguage\":\"de\",\"@id\":\"https:\\\/\\\/kem-europe.eu\\\/product\\\/keyang-k-tool-accu-schroefmachine-10-8v-12v-limited-edition\\\/#primaryimage\",\"url\":\"https:\\\/\\\/kem-europe.eu\\\/wp-content\\\/uploads\\\/2025\\\/02\\\/Keyang-K-TOOL-Schroefmachine.jpg\",\"contentUrl\":\"https:\\\/\\\/kem-europe.eu\\\/wp-content\\\/uploads\\\/2025\\\/02\\\/Keyang-K-TOOL-Schroefmachine.jpg\",\"width\":700,\"height\":700},{\"@type\":\"BreadcrumbList\",\"@id\":\"https:\\\/\\\/kem-europe.eu\\\/product\\\/keyang-k-tool-accu-schroefmachine-10-8v-12v-limited-edition\\\/#breadcrumb\",\"itemListElement\":[{\"@type\":\"ListItem\",\"position\":1,\"name\":\"Home\",\"item\":\"https:\\\/\\\/kem-europe.eu\\\/\"},{\"@type\":\"ListItem\",\"position\":2,\"name\":\"Winkel\",\"item\":\"https:\\\/\\\/kem-europe.eu\\\/winkel\\\/\"},{\"@type\":\"ListItem\",\"position\":3,\"name\":\"Keyang K-TOOL Accu Schroefmachine 10.8V \\\/ 12V \u2013 LIMITED EDITION\"}]},{\"@type\":\"WebSite\",\"@id\":\"https:\\\/\\\/kem-europe.eu\\\/#website\",\"url\":\"https:\\\/\\\/kem-europe.eu\\\/\",\"name\":\"KEM Europe\",\"description\":\"\",\"publisher\":{\"@id\":\"https:\\\/\\\/kem-europe.eu\\\/#organization\"},\"potentialAction\":[{\"@type\":\"SearchAction\",\"target\":{\"@type\":\"EntryPoint\",\"urlTemplate\":\"https:\\\/\\\/kem-europe.eu\\\/?s={search_term_string}\"},\"query-input\":{\"@type\":\"PropertyValueSpecification\",\"valueRequired\":true,\"valueName\":\"search_term_string\"}}],\"inLanguage\":\"de\"},{\"@type\":\"Organization\",\"@id\":\"https:\\\/\\\/kem-europe.eu\\\/#organization\",\"name\":\"KEM Europe\",\"url\":\"https:\\\/\\\/kem-europe.eu\\\/\",\"logo\":{\"@type\":\"ImageObject\",\"inLanguage\":\"de\",\"@id\":\"https:\\\/\\\/kem-europe.eu\\\/#\\\/schema\\\/logo\\\/image\\\/\",\"url\":\"https:\\\/\\\/kem-europe.eu\\\/wp-content\\\/uploads\\\/2025\\\/02\\\/KEM2019-BLACK-1500W.png\",\"contentUrl\":\"https:\\\/\\\/kem-europe.eu\\\/wp-content\\\/uploads\\\/2025\\\/02\\\/KEM2019-BLACK-1500W.png\",\"width\":1500,\"height\":626,\"caption\":\"KEM Europe\"},\"image\":{\"@id\":\"https:\\\/\\\/kem-europe.eu\\\/#\\\/schema\\\/logo\\\/image\\\/\"}}]}<\/script>\n<!-- \/ Yoast SEO plugin. -->","yoast_head_json":{"title":"Keyang K-TOOL Akkuschrauber 10.8V \/ 12V - LIMITED EDITION - KEM Europe","robots":{"index":"index","follow":"follow","max-snippet":"max-snippet:-1","max-image-preview":"max-image-preview:large","max-video-preview":"max-video-preview:-1"},"canonical":"https:\/\/kem-europe.eu\/de\/produkt\/keyang-k-tool-akku-schrauber-10-8v-12v-limited-edition\/","og_locale":"de_DE","og_type":"article","og_title":"Keyang K-TOOL Accu Schroefmachine 10.8V \/ 12V \u2013 LIMITED EDITION - KEM Europe","og_description":"Leveringsomvang   Keyang K-Tool Accu boor schroefmachine 12V  Dockingstation + oplaadkabel  Bit holder + 4 bits   PZ3 \u2013 PZ2 \u2013 S2 4 \u2013 S2 5    Handleiding","og_url":"https:\/\/kem-europe.eu\/de\/produkt\/keyang-k-tool-akku-schrauber-10-8v-12v-limited-edition\/","og_site_name":"KEM Europe","article_modified_time":"2025-02-27T13:36:45+00:00","og_image":[{"width":700,"height":700,"url":"https:\/\/kem-europe.eu\/wp-content\/uploads\/2025\/02\/Keyang-K-TOOL-Schroefmachine.jpg","type":"image\/jpeg"}],"twitter_card":"summary_large_image","twitter_misc":{"Gesch\u00e4tzte Lesezeit":"1\u00a0Minute"},"schema":{"@context":"https:\/\/schema.org","@graph":[{"@type":"WebPage","@id":"https:\/\/kem-europe.eu\/product\/keyang-k-tool-accu-schroefmachine-10-8v-12v-limited-edition\/","url":"https:\/\/kem-europe.eu\/product\/keyang-k-tool-accu-schroefmachine-10-8v-12v-limited-edition\/","name":"Keyang K-TOOL Akkuschrauber 10.8V \/ 12V - LIMITED EDITION - KEM Europe","isPartOf":{"@id":"https:\/\/kem-europe.eu\/#website"},"primaryImageOfPage":{"@id":"https:\/\/kem-europe.eu\/product\/keyang-k-tool-accu-schroefmachine-10-8v-12v-limited-edition\/#primaryimage"},"image":{"@id":"https:\/\/kem-europe.eu\/product\/keyang-k-tool-accu-schroefmachine-10-8v-12v-limited-edition\/#primaryimage"},"thumbnailUrl":"https:\/\/kem-europe.eu\/wp-content\/uploads\/2025\/02\/Keyang-K-TOOL-Schroefmachine.jpg","datePublished":"2025-02-27T08:13:18+00:00","dateModified":"2025-02-27T13:36:45+00:00","breadcrumb":{"@id":"https:\/\/kem-europe.eu\/product\/keyang-k-tool-accu-schroefmachine-10-8v-12v-limited-edition\/#breadcrumb"},"inLanguage":"de","potentialAction":[{"@type":"ReadAction","target":["https:\/\/kem-europe.eu\/product\/keyang-k-tool-accu-schroefmachine-10-8v-12v-limited-edition\/"]}]},{"@type":"ImageObject","inLanguage":"de","@id":"https:\/\/kem-europe.eu\/product\/keyang-k-tool-accu-schroefmachine-10-8v-12v-limited-edition\/#primaryimage","url":"https:\/\/kem-europe.eu\/wp-content\/uploads\/2025\/02\/Keyang-K-TOOL-Schroefmachine.jpg","contentUrl":"https:\/\/kem-europe.eu\/wp-content\/uploads\/2025\/02\/Keyang-K-TOOL-Schroefmachine.jpg","width":700,"height":700},{"@type":"BreadcrumbList","@id":"https:\/\/kem-europe.eu\/product\/keyang-k-tool-accu-schroefmachine-10-8v-12v-limited-edition\/#breadcrumb","itemListElement":[{"@type":"ListItem","position":1,"name":"Home","item":"https:\/\/kem-europe.eu\/"},{"@type":"ListItem","position":2,"name":"Winkel","item":"https:\/\/kem-europe.eu\/winkel\/"},{"@type":"ListItem","position":3,"name":"Keyang K-TOOL Accu Schroefmachine 10.8V \/ 12V \u2013 LIMITED EDITION"}]},{"@type":"WebSite","@id":"https:\/\/kem-europe.eu\/#website","url":"https:\/\/kem-europe.eu\/","name":"KEM Europe","description":"","publisher":{"@id":"https:\/\/kem-europe.eu\/#organization"},"potentialAction":[{"@type":"SearchAction","target":{"@type":"EntryPoint","urlTemplate":"https:\/\/kem-europe.eu\/?s={search_term_string}"},"query-input":{"@type":"PropertyValueSpecification","valueRequired":true,"valueName":"search_term_string"}}],"inLanguage":"de"},{"@type":"Organization","@id":"https:\/\/kem-europe.eu\/#organization","name":"KEM Europe","url":"https:\/\/kem-europe.eu\/","logo":{"@type":"ImageObject","inLanguage":"de","@id":"https:\/\/kem-europe.eu\/#\/schema\/logo\/image\/","url":"https:\/\/kem-europe.eu\/wp-content\/uploads\/2025\/02\/KEM2019-BLACK-1500W.png","contentUrl":"https:\/\/kem-europe.eu\/wp-content\/uploads\/2025\/02\/KEM2019-BLACK-1500W.png","width":1500,"height":626,"caption":"KEM Europe"},"image":{"@id":"https:\/\/kem-europe.eu\/#\/schema\/logo\/image\/"}}]}},"_links":{"self":[{"href":"https:\/\/kem-europe.eu\/de\/wp-json\/wp\/v2\/product\/746","targetHints":{"allow":["GET"]}}],"collection":[{"href":"https:\/\/kem-europe.eu\/de\/wp-json\/wp\/v2\/product"}],"about":[{"href":"https:\/\/kem-europe.eu\/de\/wp-json\/wp\/v2\/types\/product"}],"replies":[{"embeddable":true,"href":"https:\/\/kem-europe.eu\/de\/wp-json\/wp\/v2\/comments?post=746"}],"wp:featuredmedia":[{"embeddable":true,"href":"https:\/\/kem-europe.eu\/de\/wp-json\/wp\/v2\/media\/842"}],"wp:attachment":[{"href":"https:\/\/kem-europe.eu\/de\/wp-json\/wp\/v2\/media?parent=746"}],"wp:term":[{"taxonomy":"product_brand","embeddable":true,"href":"https:\/\/kem-europe.eu\/de\/wp-json\/wp\/v2\/product_brand?post=746"},{"taxonomy":"product_cat","embeddable":true,"href":"https:\/\/kem-europe.eu\/de\/wp-json\/wp\/v2\/product_cat?post=746"},{"taxonomy":"product_tag","embeddable":true,"href":"https:\/\/kem-europe.eu\/de\/wp-json\/wp\/v2\/product_tag?post=746"}],"curies":[{"name":"wp","href":"https:\/\/api.w.org\/{rel}","templated":true}]}}