{"id":7503,"date":"2025-07-01T12:55:27","date_gmt":"2025-07-01T12:55:27","guid":{"rendered":"https:\/\/kem-europe.eu\/?post_type=product&#038;p=7503"},"modified":"2025-07-07T10:40:08","modified_gmt":"2025-07-07T10:40:08","slug":"bycon-dmp-252-kernbohrmotor-2600w","status":"publish","type":"product","link":"https:\/\/kem-europe.eu\/de\/product\/bycon-dmp-252-kernboormotor-2600w\/","title":{"rendered":"BYCON DMP-252 - Diamantbohrmaschine | 2600W | Rig-mounted | Heavy Duty"},"content":{"rendered":"<h2>BYCON DMP-252 - Diamantbohrmaschine | 2600W | Rig-mounted | Heavy Duty<\/h2>\n<p data-start=\"1061\" data-end=\"1895\">Der BYCON DMP-252 ist f\u00fcr schwere Bohranwendungen in Stahlbeton, Mauerwerk und Naturstein konzipiert. Der 2 600 W Motor liefert ein konstant hohes Drehmoment und wird von einem 3-Gang-Getriebe unterst\u00fctzt, so dass Sie m\u00fchelos L\u00f6cher von \u00d8 80 mm bis \u00d8 252 mm bohren k\u00f6nnen. Ein elektronischer Motorschutz mit Sanftanlauf, PRCD und \u00dcberlastungsschutz h\u00e4lt die Maschine und den Kronenbohrer in sicheren Grenzen, w\u00e4hrend eine mechanische Rutschkupplung den R\u00fcckschlag im Falle einer Verklemmung minimiert. Die Kohleb\u00fcrsten sind \u00fcber einen M\u00fcnzeinwurf zug\u00e4nglich, was die Ausfallzeiten minimiert. Der robuste KHGEARS-Getriebesatz sorgt f\u00fcr langfristige Pr\u00e4zision und K\u00fchlung unter extremen Belastungen. Dank der Standardbefestigungsl\u00f6cher (79\u00d741 mm) passt der DMP-252 auf die meisten Stative, einschlie\u00dflich DSP-252 und DSP-352, so dass Sie immer stabil und pr\u00e4zise arbeiten k\u00f6nnen.<\/p>\n<hr data-start=\"1897\" data-end=\"1900\" \/>\n<p data-start=\"1902\" data-end=\"1927\"><strong>Hauptmerkmale<\/strong><\/p>\n<ul>\n<li data-start=\"1930\" data-end=\"2009\"><strong data-start=\"1930\" data-end=\"1948\">Motorleistung:<\/strong> 2 600 W, 3 Drehzahlen (560 \/ 1 120 \/ 1 680 U\/min ohne Last)<\/li>\n<li data-start=\"1930\" data-end=\"2009\"><strong data-start=\"2012\" data-end=\"2034\">Maximaler Bohrdurchmesser:<\/strong> \u00d8 252 mm (Position 1) - \u00d8 102 mm \/ \u00d8 80 mm bei h\u00f6heren Geschwindigkeiten<\/li>\n<li data-start=\"1930\" data-end=\"2009\"><strong data-start=\"2099\" data-end=\"2126\">Sicherheit und Kontrolle:<\/strong> Soft-Start, PRCD-Schalter, \u00dcberlastschutz, mechanische Rutschkupplung<\/li>\n<li data-start=\"1930\" data-end=\"2009\"><strong data-start=\"2206\" data-end=\"2222\">Antrieb:<\/strong> KHGEARS-Getriebe, hohe Verschlei\u00dffestigkeit und K\u00fchlung<\/li>\n<li data-start=\"1930\" data-end=\"2009\"><strong data-start=\"2282\" data-end=\"2296\">Wartung:<\/strong> M\u00fcnz\u00f6ffnende Kohleb\u00fcrsten f\u00fcr schnellen Austausch<\/li>\n<li data-start=\"1930\" data-end=\"2009\"><strong data-start=\"2347\" data-end=\"2359\">Gewicht:<\/strong> ca. 12,7 kg - stabil f\u00fcr schwere Arbeiten im St\u00e4nderbau<\/li>\n<\/ul>\n<hr data-start=\"2418\" data-end=\"2421\" \/>\n<p data-start=\"2423\" data-end=\"2442\"><strong>Spezifikationen<\/strong><\/p>\n<ul>\n<li data-start=\"2445\" data-end=\"2511\"><strong data-start=\"2445\" data-end=\"2479\">Versorgungsspannung \/ Frequenz:<\/strong> 220 V ~ 50 Hz | 120 V ~ 60 Hz<\/li>\n<li data-start=\"2445\" data-end=\"2511\"><strong data-start=\"2514\" data-end=\"2532\">Stromst\u00e4rke:<\/strong> 14 A (220 V) \/ 25 A (120 V)<\/li>\n<li data-start=\"2445\" data-end=\"2511\"><strong data-start=\"2565\" data-end=\"2603\">Leerlaufdrehzahl (Gang 1\/2\/3):<\/strong> 560 \/ 1 120 \/ 1 680 U\/min<\/li>\n<li data-start=\"2445\" data-end=\"2511\"><strong data-start=\"2632\" data-end=\"2652\">Spindelanschluss:<\/strong> 1-1\/4\u2033 UNC<\/li>\n<li data-start=\"2445\" data-end=\"2511\"><strong data-start=\"2668\" data-end=\"2707\">Maximale Bohrdurchmesser pro Zahnrad:<\/strong> \u00d8 252 \/ 102 \/ 80 mm<\/li>\n<li data-start=\"2445\" data-end=\"2511\"><strong data-start=\"2732\" data-end=\"2757\">Kompatible Stative:<\/strong> DSP-252 \/ DSP-352 (Standardmontage 79 \u00d7 41 mm)<\/li>\n<li data-start=\"2445\" data-end=\"2511\"><strong data-start=\"2811\" data-end=\"2829\">Nettogewicht:<\/strong> 12,7 kg<\/li>\n<li data-start=\"2445\" data-end=\"2511\"><strong data-start=\"2842\" data-end=\"2868\">Abmessungen der Verpackung:<\/strong> 635 \u00d7 460 \u00d7 215 mm<\/li>\n<\/ul>\n<hr data-start=\"2891\" data-end=\"2894\" \/>\n<p data-start=\"2896\" data-end=\"2917\"><strong>Umfang der Lieferung<\/strong><\/p>\n<ul>\n<li data-start=\"2920\" data-end=\"2951\">DMP-252 Kernbohrmotor 2 600 W<\/li>\n<li data-start=\"2920\" data-end=\"2951\">PRCD-Sicherheitsstecker<\/li>\n<li data-start=\"2920\" data-end=\"2951\">Seitlicher Griff<\/li>\n<li data-start=\"2920\" data-end=\"2951\">Satz Kohleb\u00fcrsten (austauschbar)<\/li>\n<li data-start=\"2920\" data-end=\"2951\">Transportkoffer<\/li>\n<li data-start=\"2920\" data-end=\"2951\">Benutzerhandbuch<\/li>\n<\/ul>\n<p data-start=\"3096\" data-end=\"3210\" data-is-last-node=\"\" data-is-only-node=\"\"><em data-start=\"3096\" data-end=\"3210\" data-is-last-node=\"\">Hinweis: Diamantbohrkronen und Bohrst\u00e4nder nicht enthalten. Geeignet f\u00fcr BYCON Kronenbohrer mit 1-1\/4\u2033 UNC-Anschluss.<\/em><\/p>","protected":false},"excerpt":{"rendered":"<p data-start=\"398\" data-end=\"980\">Der BYCON DMP-252 ist ein leistungsstarker 2 600 W Kernbohrmotor f\u00fcr Bohrungen bis \u00d8 252 mm in Beton mit Bewehrung. Das 3-Gang-Getriebe (560 \/ 1 120 \/ 1 680 U\/min) liefert immer das richtige Drehmoment, w\u00e4hrend Soft-Start, PRCD-Leckstromschutz und eine mechanische Rutschkupplung Ihre Sicherheit garantieren. Der intelligente Motorschutz verhindert \u00dcberlastungen und verl\u00e4ngert die Lebensdauer. Dank des Zugangs zu den Kohleb\u00fcrsten mit M\u00fcnzeinwurf ist die Wartung in Sekundenschnelle erledigt. Perfekt f\u00fcr Bauunternehmer, die Pr\u00e4zision, Leistung und Betriebssicherheit verlangen.<\/p>","protected":false},"featured_media":7507,"comment_status":"open","ping_status":"closed","template":"","meta":[],"product_brand":[627],"product_cat":[74,16],"product_tag":[],"class_list":{"0":"post-7503","1":"product","2":"type-product","3":"status-publish","4":"has-post-thumbnail","6":"product_brand-bycon","7":"product_cat-diamant-boormachine","8":"product_cat-diamantgereedschap","10":"first","11":"instock","12":"shipping-taxable","13":"product-type-simple"},"ct_brands":[{"id":627,"name":"BYCON","slug":"bycon"}],"yoast_head":"<!-- This site is optimized with the Yoast SEO plugin v27.3 - https:\/\/yoast.com\/product\/yoast-seo-wordpress\/ -->\n<title>BYCON DMP-252 Kernboor 2600W | \u00d8252 mm | Natboren in Beton - KEM Europe<\/title>\n<meta name=\"description\" content=\"2600W kernboormotor met 3 versnellingen boort \u00d8252 mm in gewapend beton. Soft-start, PRCD &amp; slipkoppeling bieden veilige, nauwkeurige heavy-duty prestaties.\" \/>\n<meta name=\"robots\" content=\"index, follow, max-snippet:-1, max-image-preview:large, max-video-preview:-1\" \/>\n<link rel=\"canonical\" href=\"https:\/\/kem-europe.eu\/de\/produkt\/bycon-dmp-252-kernbohrmotor-2600w\/\" \/>\n<meta property=\"og:locale\" content=\"de_DE\" \/>\n<meta property=\"og:type\" content=\"article\" \/>\n<meta property=\"og:title\" content=\"BYCON DMP-252 Kernboor 2600W | \u00d8252 mm | Natboren in Beton - KEM Europe\" \/>\n<meta property=\"og:description\" content=\"2600W kernboormotor met 3 versnellingen boort \u00d8252 mm in gewapend beton. Soft-start, PRCD &amp; slipkoppeling bieden veilige, nauwkeurige heavy-duty prestaties.\" \/>\n<meta property=\"og:url\" content=\"https:\/\/kem-europe.eu\/de\/produkt\/bycon-dmp-252-kernbohrmotor-2600w\/\" \/>\n<meta property=\"og:site_name\" content=\"KEM Europe\" \/>\n<meta property=\"article:modified_time\" content=\"2025-07-07T10:40:08+00:00\" \/>\n<meta property=\"og:image\" content=\"https:\/\/kem-europe.eu\/wp-content\/uploads\/2025\/07\/DMP-252.png\" \/>\n\t<meta property=\"og:image:width\" content=\"700\" \/>\n\t<meta property=\"og:image:height\" content=\"700\" \/>\n\t<meta property=\"og:image:type\" content=\"image\/png\" \/>\n<meta name=\"twitter:card\" content=\"summary_large_image\" \/>\n<meta name=\"twitter:label1\" content=\"Gesch\u00e4tzte Lesezeit\" \/>\n\t<meta name=\"twitter:data1\" content=\"2\u00a0Minuten\" \/>\n<script type=\"application\/ld+json\" class=\"yoast-schema-graph\">{\"@context\":\"https:\\\/\\\/schema.org\",\"@graph\":[{\"@type\":\"WebPage\",\"@id\":\"https:\\\/\\\/kem-europe.eu\\\/product\\\/bycon-dmp-252-kernboormotor-2600w\\\/\",\"url\":\"https:\\\/\\\/kem-europe.eu\\\/product\\\/bycon-dmp-252-kernboormotor-2600w\\\/\",\"name\":\"BYCON DMP-252 Kernboor 2600W | \u00d8252 mm | Natboren in Beton - KEM Europe\",\"isPartOf\":{\"@id\":\"https:\\\/\\\/kem-europe.eu\\\/#website\"},\"primaryImageOfPage\":{\"@id\":\"https:\\\/\\\/kem-europe.eu\\\/product\\\/bycon-dmp-252-kernboormotor-2600w\\\/#primaryimage\"},\"image\":{\"@id\":\"https:\\\/\\\/kem-europe.eu\\\/product\\\/bycon-dmp-252-kernboormotor-2600w\\\/#primaryimage\"},\"thumbnailUrl\":\"https:\\\/\\\/kem-europe.eu\\\/wp-content\\\/uploads\\\/2025\\\/07\\\/DMP-252.png\",\"datePublished\":\"2025-07-01T12:55:27+00:00\",\"dateModified\":\"2025-07-07T10:40:08+00:00\",\"description\":\"2600W kernboormotor met 3 versnellingen boort \u00d8252 mm in gewapend beton. Soft-start, PRCD & slipkoppeling bieden veilige, nauwkeurige heavy-duty prestaties.\",\"breadcrumb\":{\"@id\":\"https:\\\/\\\/kem-europe.eu\\\/product\\\/bycon-dmp-252-kernboormotor-2600w\\\/#breadcrumb\"},\"inLanguage\":\"de\",\"potentialAction\":[{\"@type\":\"ReadAction\",\"target\":[\"https:\\\/\\\/kem-europe.eu\\\/product\\\/bycon-dmp-252-kernboormotor-2600w\\\/\"]}]},{\"@type\":\"ImageObject\",\"inLanguage\":\"de\",\"@id\":\"https:\\\/\\\/kem-europe.eu\\\/product\\\/bycon-dmp-252-kernboormotor-2600w\\\/#primaryimage\",\"url\":\"https:\\\/\\\/kem-europe.eu\\\/wp-content\\\/uploads\\\/2025\\\/07\\\/DMP-252.png\",\"contentUrl\":\"https:\\\/\\\/kem-europe.eu\\\/wp-content\\\/uploads\\\/2025\\\/07\\\/DMP-252.png\",\"width\":700,\"height\":700},{\"@type\":\"BreadcrumbList\",\"@id\":\"https:\\\/\\\/kem-europe.eu\\\/product\\\/bycon-dmp-252-kernboormotor-2600w\\\/#breadcrumb\",\"itemListElement\":[{\"@type\":\"ListItem\",\"position\":1,\"name\":\"Home\",\"item\":\"https:\\\/\\\/kem-europe.eu\\\/\"},{\"@type\":\"ListItem\",\"position\":2,\"name\":\"Winkel\",\"item\":\"https:\\\/\\\/kem-europe.eu\\\/winkel\\\/\"},{\"@type\":\"ListItem\",\"position\":3,\"name\":\"BYCON DMP-252 \u2013 Diamantboormachine | 2600W | Riggemonteerd | Heavy Duty\"}]},{\"@type\":\"WebSite\",\"@id\":\"https:\\\/\\\/kem-europe.eu\\\/#website\",\"url\":\"https:\\\/\\\/kem-europe.eu\\\/\",\"name\":\"KEM Europe\",\"description\":\"\",\"publisher\":{\"@id\":\"https:\\\/\\\/kem-europe.eu\\\/#organization\"},\"potentialAction\":[{\"@type\":\"SearchAction\",\"target\":{\"@type\":\"EntryPoint\",\"urlTemplate\":\"https:\\\/\\\/kem-europe.eu\\\/?s={search_term_string}\"},\"query-input\":{\"@type\":\"PropertyValueSpecification\",\"valueRequired\":true,\"valueName\":\"search_term_string\"}}],\"inLanguage\":\"de\"},{\"@type\":\"Organization\",\"@id\":\"https:\\\/\\\/kem-europe.eu\\\/#organization\",\"name\":\"KEM Europe\",\"url\":\"https:\\\/\\\/kem-europe.eu\\\/\",\"logo\":{\"@type\":\"ImageObject\",\"inLanguage\":\"de\",\"@id\":\"https:\\\/\\\/kem-europe.eu\\\/#\\\/schema\\\/logo\\\/image\\\/\",\"url\":\"https:\\\/\\\/kem-europe.eu\\\/wp-content\\\/uploads\\\/2025\\\/02\\\/KEM2019-BLACK-1500W.png\",\"contentUrl\":\"https:\\\/\\\/kem-europe.eu\\\/wp-content\\\/uploads\\\/2025\\\/02\\\/KEM2019-BLACK-1500W.png\",\"width\":1500,\"height\":626,\"caption\":\"KEM Europe\"},\"image\":{\"@id\":\"https:\\\/\\\/kem-europe.eu\\\/#\\\/schema\\\/logo\\\/image\\\/\"}}]}<\/script>\n<!-- \/ Yoast SEO plugin. -->","yoast_head_json":{"title":"BYCON DMP-252 Kernbohrer 2600W | \u00d8252 mm | Nassbohren in Beton - KEM Europe","description":"2600 W 3-Gang-Kernbohrmotor bohrt \u00d8252 mm in Stahlbeton. Sanftanlauf, PRCD und Rutschkupplung sorgen f\u00fcr eine sichere und pr\u00e4zise Leistung im Hochleistungsbereich.","robots":{"index":"index","follow":"follow","max-snippet":"max-snippet:-1","max-image-preview":"max-image-preview:large","max-video-preview":"max-video-preview:-1"},"canonical":"https:\/\/kem-europe.eu\/de\/produkt\/bycon-dmp-252-kernbohrmotor-2600w\/","og_locale":"de_DE","og_type":"article","og_title":"BYCON DMP-252 Kernboor 2600W | \u00d8252 mm | Natboren in Beton - KEM Europe","og_description":"2600W kernboormotor met 3 versnellingen boort \u00d8252 mm in gewapend beton. Soft-start, PRCD & slipkoppeling bieden veilige, nauwkeurige heavy-duty prestaties.","og_url":"https:\/\/kem-europe.eu\/de\/produkt\/bycon-dmp-252-kernbohrmotor-2600w\/","og_site_name":"KEM Europe","article_modified_time":"2025-07-07T10:40:08+00:00","og_image":[{"width":700,"height":700,"url":"https:\/\/kem-europe.eu\/wp-content\/uploads\/2025\/07\/DMP-252.png","type":"image\/png"}],"twitter_card":"summary_large_image","twitter_misc":{"Gesch\u00e4tzte Lesezeit":"2\u00a0Minuten"},"schema":{"@context":"https:\/\/schema.org","@graph":[{"@type":"WebPage","@id":"https:\/\/kem-europe.eu\/product\/bycon-dmp-252-kernboormotor-2600w\/","url":"https:\/\/kem-europe.eu\/product\/bycon-dmp-252-kernboormotor-2600w\/","name":"BYCON DMP-252 Kernbohrer 2600W | \u00d8252 mm | Nassbohren in Beton - KEM Europe","isPartOf":{"@id":"https:\/\/kem-europe.eu\/#website"},"primaryImageOfPage":{"@id":"https:\/\/kem-europe.eu\/product\/bycon-dmp-252-kernboormotor-2600w\/#primaryimage"},"image":{"@id":"https:\/\/kem-europe.eu\/product\/bycon-dmp-252-kernboormotor-2600w\/#primaryimage"},"thumbnailUrl":"https:\/\/kem-europe.eu\/wp-content\/uploads\/2025\/07\/DMP-252.png","datePublished":"2025-07-01T12:55:27+00:00","dateModified":"2025-07-07T10:40:08+00:00","description":"2600 W 3-Gang-Kernbohrmotor bohrt \u00d8252 mm in Stahlbeton. Sanftanlauf, PRCD und Rutschkupplung sorgen f\u00fcr eine sichere und pr\u00e4zise Leistung im Hochleistungsbereich.","breadcrumb":{"@id":"https:\/\/kem-europe.eu\/product\/bycon-dmp-252-kernboormotor-2600w\/#breadcrumb"},"inLanguage":"de","potentialAction":[{"@type":"ReadAction","target":["https:\/\/kem-europe.eu\/product\/bycon-dmp-252-kernboormotor-2600w\/"]}]},{"@type":"ImageObject","inLanguage":"de","@id":"https:\/\/kem-europe.eu\/product\/bycon-dmp-252-kernboormotor-2600w\/#primaryimage","url":"https:\/\/kem-europe.eu\/wp-content\/uploads\/2025\/07\/DMP-252.png","contentUrl":"https:\/\/kem-europe.eu\/wp-content\/uploads\/2025\/07\/DMP-252.png","width":700,"height":700},{"@type":"BreadcrumbList","@id":"https:\/\/kem-europe.eu\/product\/bycon-dmp-252-kernboormotor-2600w\/#breadcrumb","itemListElement":[{"@type":"ListItem","position":1,"name":"Home","item":"https:\/\/kem-europe.eu\/"},{"@type":"ListItem","position":2,"name":"Winkel","item":"https:\/\/kem-europe.eu\/winkel\/"},{"@type":"ListItem","position":3,"name":"BYCON DMP-252 \u2013 Diamantboormachine | 2600W | Riggemonteerd | Heavy Duty"}]},{"@type":"WebSite","@id":"https:\/\/kem-europe.eu\/#website","url":"https:\/\/kem-europe.eu\/","name":"KEM Europe","description":"","publisher":{"@id":"https:\/\/kem-europe.eu\/#organization"},"potentialAction":[{"@type":"SearchAction","target":{"@type":"EntryPoint","urlTemplate":"https:\/\/kem-europe.eu\/?s={search_term_string}"},"query-input":{"@type":"PropertyValueSpecification","valueRequired":true,"valueName":"search_term_string"}}],"inLanguage":"de"},{"@type":"Organization","@id":"https:\/\/kem-europe.eu\/#organization","name":"KEM Europe","url":"https:\/\/kem-europe.eu\/","logo":{"@type":"ImageObject","inLanguage":"de","@id":"https:\/\/kem-europe.eu\/#\/schema\/logo\/image\/","url":"https:\/\/kem-europe.eu\/wp-content\/uploads\/2025\/02\/KEM2019-BLACK-1500W.png","contentUrl":"https:\/\/kem-europe.eu\/wp-content\/uploads\/2025\/02\/KEM2019-BLACK-1500W.png","width":1500,"height":626,"caption":"KEM Europe"},"image":{"@id":"https:\/\/kem-europe.eu\/#\/schema\/logo\/image\/"}}]}},"_links":{"self":[{"href":"https:\/\/kem-europe.eu\/de\/wp-json\/wp\/v2\/product\/7503","targetHints":{"allow":["GET"]}}],"collection":[{"href":"https:\/\/kem-europe.eu\/de\/wp-json\/wp\/v2\/product"}],"about":[{"href":"https:\/\/kem-europe.eu\/de\/wp-json\/wp\/v2\/types\/product"}],"replies":[{"embeddable":true,"href":"https:\/\/kem-europe.eu\/de\/wp-json\/wp\/v2\/comments?post=7503"}],"wp:featuredmedia":[{"embeddable":true,"href":"https:\/\/kem-europe.eu\/de\/wp-json\/wp\/v2\/media\/7507"}],"wp:attachment":[{"href":"https:\/\/kem-europe.eu\/de\/wp-json\/wp\/v2\/media?parent=7503"}],"wp:term":[{"taxonomy":"product_brand","embeddable":true,"href":"https:\/\/kem-europe.eu\/de\/wp-json\/wp\/v2\/product_brand?post=7503"},{"taxonomy":"product_cat","embeddable":true,"href":"https:\/\/kem-europe.eu\/de\/wp-json\/wp\/v2\/product_cat?post=7503"},{"taxonomy":"product_tag","embeddable":true,"href":"https:\/\/kem-europe.eu\/de\/wp-json\/wp\/v2\/product_tag?post=7503"}],"curies":[{"name":"wp","href":"https:\/\/api.w.org\/{rel}","templated":true}]}}