{"id":7513,"date":"2025-07-01T13:00:30","date_gmt":"2025-07-01T13:00:30","guid":{"rendered":"https:\/\/kem-europe.eu\/?post_type=product&#038;p=7513"},"modified":"2025-07-07T10:39:47","modified_gmt":"2025-07-07T10:39:47","slug":"bycon-dmp-202bp-burstenloser-kernbohrmotor-2600w","status":"publish","type":"product","link":"https:\/\/kem-europe.eu\/de\/product\/bycon-dmp-202bp-brushless-kernboormotor-2600w\/","title":{"rendered":"BYCON DMP-202BP - Diamantbohrmaschine | 2600W | Nassbohren | B\u00fcrstenlos | P-Griff"},"content":{"rendered":"<h2>BYCON DMP-202BP - Diamantbohrmaschine | 2600W | Nassbohren | B\u00fcrstenlos | P-Griff<\/h2>\n<p data-start=\"1122\" data-end=\"1876\">Der BYCON DMP-202BP wurde f\u00fcr Profis entwickelt, die hohe Leistung bei kompakter Gr\u00f6\u00dfe erwarten. Der 2 600 W b\u00fcrstenlose Motor liefert eine stabile Leistung ohne Kohleb\u00fcrsten, was zu weniger Verschlei\u00df und geringeren Wartungskosten f\u00fchrt. Mit den drei Drehzahlen (510, 1 450 und 3 000 U\/min) k\u00f6nnen Sie die Drehzahl perfekt auf Bohrdurchmesser und Material abstimmen, und dank der integrierten Wasser- und Staubanschl\u00fcsse ist Nass- und Trockenbohren m\u00f6glich. Das LED-Warnsystem informiert Sie in Echtzeit \u00fcber \u00dcberlastung oder \u00dcberhitzung, sodass Sie sicher mit voller Leistung weiterarbeiten k\u00f6nnen. Im Handbetrieb profitieren Sie von der leichten Bauweise, bei gr\u00f6\u00dferen Durchmessern montieren Sie den Motor einfach auf ein DSP-162- oder DSP-252-Stativ f\u00fcr maximale Pr\u00e4zision.<\/p>\n<hr data-start=\"1878\" data-end=\"1881\" \/>\n<p data-start=\"1883\" data-end=\"1908\"><strong>Hauptmerkmale<\/strong><\/p>\n<ul>\n<li data-start=\"1911\" data-end=\"1984\"><strong data-start=\"1911\" data-end=\"1929\">Motorleistung:<\/strong> 2 600 W, b\u00fcrstenlos (hoher Wirkungsgrad, geringe Wartung)<\/li>\n<li data-start=\"1911\" data-end=\"1984\"><strong data-start=\"1987\" data-end=\"2013\">Geschwindigkeiten im Leerlauf:<\/strong> 510 \/ 1 450 \/ 3 000 U\/min<\/li>\n<li data-start=\"1911\" data-end=\"1984\"><strong data-start=\"2042\" data-end=\"2064\">Maximaler Bohrdurchmesser:<\/strong> \u00d8 202 mm nass<\/li>\n<li data-start=\"1911\" data-end=\"1984\"><strong data-start=\"2091\" data-end=\"2118\">Sicherheit und Kontrolle:<\/strong> LED-\u00dcberlastanzeige, Sanftanlauf, Rutschkupplung, PRCD-Schalter<\/li>\n<li data-start=\"1911\" data-end=\"1984\"><strong data-start=\"2190\" data-end=\"2202\">Gewicht:<\/strong> nur 6,65 kg - ideal f\u00fcr den mobilen Einsatz<\/li>\n<\/ul>\n<hr data-start=\"2251\" data-end=\"2254\" \/>\n<p data-start=\"2256\" data-end=\"2275\"><strong>Spezifikationen<\/strong><\/p>\n<ul>\n<li data-start=\"2278\" data-end=\"2344\"><strong data-start=\"2278\" data-end=\"2312\">Versorgungsspannung \/ Frequenz:<\/strong> 220 V ~ 50 Hz | 120 V ~ 60 Hz<\/li>\n<li data-start=\"2278\" data-end=\"2344\"><strong data-start=\"2347\" data-end=\"2365\">Stromst\u00e4rke:<\/strong> 14 A (220 V) \/ 25 A (120 V)<\/li>\n<li data-start=\"2278\" data-end=\"2344\"><strong data-start=\"2398\" data-end=\"2436\">Leerlaufdrehzahl (Gang 1\/2\/3):<\/strong> 510 \/ 1 450 \/ 3 000 U\/min<\/li>\n<li data-start=\"2278\" data-end=\"2344\"><strong data-start=\"2465\" data-end=\"2485\">Spindelanschluss:<\/strong> 1-1\/4\u2033 UNC<\/li>\n<li data-start=\"2278\" data-end=\"2344\"><strong data-start=\"2501\" data-end=\"2534\">Bohrerdurchmesser pro Zahnrad:<\/strong> \u00d8 202 \/ 132 \/ 76 mm<\/li>\n<li data-start=\"2278\" data-end=\"2344\"><strong data-start=\"2559\" data-end=\"2584\">Kompatible Stative:<\/strong> DSP-162 &amp; DSP-252<\/li>\n<li data-start=\"2278\" data-end=\"2344\"><strong data-start=\"2607\" data-end=\"2625\">Nettogewicht:<\/strong> 6,65 kg<\/li>\n<li data-start=\"2278\" data-end=\"2344\"><strong data-start=\"2638\" data-end=\"2664\">Abmessungen der Verpackung:<\/strong> 635 \u00d7 460 \u00d7 215 mm<\/li>\n<\/ul>\n<hr data-start=\"2687\" data-end=\"2690\" \/>\n<p data-start=\"2692\" data-end=\"2713\"><strong>Umfang der Lieferung<\/strong><\/p>\n<ul>\n<li data-start=\"2716\" data-end=\"2759\">DMP-202BP b\u00fcrstenloser Kernmotor 2 600 W<\/li>\n<li data-start=\"2716\" data-end=\"2759\">LED-Warnanlage (integriert)<\/li>\n<li data-start=\"2716\" data-end=\"2759\">Niederl\u00e4ndisches Handbuch<\/li>\n<li data-start=\"2716\" data-end=\"2759\">Werkzeugsatz und Schutzverpackung<\/li>\n<\/ul>","protected":false},"excerpt":{"rendered":"<p>Der BYCON DMP-202BP ist ein kompakter, aber leistungsstarker 2 600 W b\u00fcrstenloser Kernbohrmotor f\u00fcr Nassbohrungen bis zu \u00d8 202 mm. Der b\u00fcrstenlose Antrieb sorgt f\u00fcr hohe Effizienz und reduzierten Wartungsaufwand, w\u00e4hrend das 3-Gang-Getriebe (510 \/ 1 450 \/ 3 000 U\/min) immer das richtige Drehmoment liefert. Ein intelligentes LED-Anzeigesystem warnt vor \u00dcberlastung oder \u00dcberhitzung und sch\u00fctzt so Motor und Bediener. Dank seines geringen Gewichts von 6,65 kg k\u00f6nnen Sie ihn mobil oder auf einem DSP-162\/DSP-252-St\u00e4nder einsetzen. Ideal f\u00fcr Bauunternehmer, die Mobilit\u00e4t, Haltbarkeit und Pr\u00e4zision verlangen.<\/p>","protected":false},"featured_media":7518,"comment_status":"open","ping_status":"closed","template":"","meta":[],"product_brand":[627],"product_cat":[74,16],"product_tag":[],"class_list":{"0":"post-7513","1":"product","2":"type-product","3":"status-publish","4":"has-post-thumbnail","6":"product_brand-bycon","7":"product_cat-diamant-boormachine","8":"product_cat-diamantgereedschap","10":"first","11":"instock","12":"shipping-taxable","13":"product-type-simple"},"ct_brands":[{"id":627,"name":"BYCON","slug":"bycon"}],"yoast_head":"<!-- This site is optimized with the Yoast SEO plugin v27.4 - https:\/\/yoast.com\/product\/yoast-seo-wordpress\/ -->\n<title>BYCON DMP-202BP Kernboor 2600W | \u00d8202 mm | Natboren - KEM Europe<\/title>\n<meta name=\"description\" content=\"2600W brushless kernboormotor boort \u00d8202 mm nat. 3 versnellingen, LED-waarschuwingssysteem en slipkoppeling voor veilige, krachtige prestaties.\" \/>\n<meta name=\"robots\" content=\"index, follow, max-snippet:-1, max-image-preview:large, max-video-preview:-1\" \/>\n<link rel=\"canonical\" href=\"https:\/\/kem-europe.eu\/de\/produkt\/bycon-dmp-202bp-burstenloser-kernbohrmotor-2600w\/\" \/>\n<meta property=\"og:locale\" content=\"de_DE\" \/>\n<meta property=\"og:type\" content=\"article\" \/>\n<meta property=\"og:title\" content=\"BYCON DMP-202BP Kernboor 2600W | \u00d8202 mm | Natboren - KEM Europe\" \/>\n<meta property=\"og:description\" content=\"2600W brushless kernboormotor boort \u00d8202 mm nat. 3 versnellingen, LED-waarschuwingssysteem en slipkoppeling voor veilige, krachtige prestaties.\" \/>\n<meta property=\"og:url\" content=\"https:\/\/kem-europe.eu\/de\/produkt\/bycon-dmp-202bp-burstenloser-kernbohrmotor-2600w\/\" \/>\n<meta property=\"og:site_name\" content=\"KEM Europe\" \/>\n<meta property=\"article:modified_time\" content=\"2025-07-07T10:39:47+00:00\" \/>\n<meta property=\"og:image\" content=\"https:\/\/kem-europe.eu\/wp-content\/uploads\/2025\/07\/DMP-202BP-1.png\" \/>\n\t<meta property=\"og:image:width\" content=\"700\" \/>\n\t<meta property=\"og:image:height\" content=\"700\" \/>\n\t<meta property=\"og:image:type\" content=\"image\/png\" \/>\n<meta name=\"twitter:card\" content=\"summary_large_image\" \/>\n<meta name=\"twitter:label1\" content=\"Gesch\u00e4tzte Lesezeit\" \/>\n\t<meta name=\"twitter:data1\" content=\"2\u00a0Minuten\" \/>\n<script type=\"application\/ld+json\" class=\"yoast-schema-graph\">{\"@context\":\"https:\\\/\\\/schema.org\",\"@graph\":[{\"@type\":\"WebPage\",\"@id\":\"https:\\\/\\\/kem-europe.eu\\\/product\\\/bycon-dmp-202bp-brushless-kernboormotor-2600w\\\/\",\"url\":\"https:\\\/\\\/kem-europe.eu\\\/product\\\/bycon-dmp-202bp-brushless-kernboormotor-2600w\\\/\",\"name\":\"BYCON DMP-202BP Kernboor 2600W | \u00d8202 mm | Natboren - KEM Europe\",\"isPartOf\":{\"@id\":\"https:\\\/\\\/kem-europe.eu\\\/#website\"},\"primaryImageOfPage\":{\"@id\":\"https:\\\/\\\/kem-europe.eu\\\/product\\\/bycon-dmp-202bp-brushless-kernboormotor-2600w\\\/#primaryimage\"},\"image\":{\"@id\":\"https:\\\/\\\/kem-europe.eu\\\/product\\\/bycon-dmp-202bp-brushless-kernboormotor-2600w\\\/#primaryimage\"},\"thumbnailUrl\":\"https:\\\/\\\/kem-europe.eu\\\/wp-content\\\/uploads\\\/2025\\\/07\\\/DMP-202BP-1.png\",\"datePublished\":\"2025-07-01T13:00:30+00:00\",\"dateModified\":\"2025-07-07T10:39:47+00:00\",\"description\":\"2600W brushless kernboormotor boort \u00d8202 mm nat. 3 versnellingen, LED-waarschuwingssysteem en slipkoppeling voor veilige, krachtige prestaties.\",\"breadcrumb\":{\"@id\":\"https:\\\/\\\/kem-europe.eu\\\/product\\\/bycon-dmp-202bp-brushless-kernboormotor-2600w\\\/#breadcrumb\"},\"inLanguage\":\"de\",\"potentialAction\":[{\"@type\":\"ReadAction\",\"target\":[\"https:\\\/\\\/kem-europe.eu\\\/product\\\/bycon-dmp-202bp-brushless-kernboormotor-2600w\\\/\"]}]},{\"@type\":\"ImageObject\",\"inLanguage\":\"de\",\"@id\":\"https:\\\/\\\/kem-europe.eu\\\/product\\\/bycon-dmp-202bp-brushless-kernboormotor-2600w\\\/#primaryimage\",\"url\":\"https:\\\/\\\/kem-europe.eu\\\/wp-content\\\/uploads\\\/2025\\\/07\\\/DMP-202BP-1.png\",\"contentUrl\":\"https:\\\/\\\/kem-europe.eu\\\/wp-content\\\/uploads\\\/2025\\\/07\\\/DMP-202BP-1.png\",\"width\":700,\"height\":700},{\"@type\":\"BreadcrumbList\",\"@id\":\"https:\\\/\\\/kem-europe.eu\\\/product\\\/bycon-dmp-202bp-brushless-kernboormotor-2600w\\\/#breadcrumb\",\"itemListElement\":[{\"@type\":\"ListItem\",\"position\":1,\"name\":\"Home\",\"item\":\"https:\\\/\\\/kem-europe.eu\\\/\"},{\"@type\":\"ListItem\",\"position\":2,\"name\":\"Winkel\",\"item\":\"https:\\\/\\\/kem-europe.eu\\\/winkel\\\/\"},{\"@type\":\"ListItem\",\"position\":3,\"name\":\"BYCON DMP-202BP \u2013 Diamantboormachine | 2600W | Natboren | Brushless | P-Greep\"}]},{\"@type\":\"WebSite\",\"@id\":\"https:\\\/\\\/kem-europe.eu\\\/#website\",\"url\":\"https:\\\/\\\/kem-europe.eu\\\/\",\"name\":\"KEM Europe\",\"description\":\"\",\"publisher\":{\"@id\":\"https:\\\/\\\/kem-europe.eu\\\/#organization\"},\"potentialAction\":[{\"@type\":\"SearchAction\",\"target\":{\"@type\":\"EntryPoint\",\"urlTemplate\":\"https:\\\/\\\/kem-europe.eu\\\/?s={search_term_string}\"},\"query-input\":{\"@type\":\"PropertyValueSpecification\",\"valueRequired\":true,\"valueName\":\"search_term_string\"}}],\"inLanguage\":\"de\"},{\"@type\":\"Organization\",\"@id\":\"https:\\\/\\\/kem-europe.eu\\\/#organization\",\"name\":\"KEM Europe\",\"url\":\"https:\\\/\\\/kem-europe.eu\\\/\",\"logo\":{\"@type\":\"ImageObject\",\"inLanguage\":\"de\",\"@id\":\"https:\\\/\\\/kem-europe.eu\\\/#\\\/schema\\\/logo\\\/image\\\/\",\"url\":\"https:\\\/\\\/kem-europe.eu\\\/wp-content\\\/uploads\\\/2025\\\/02\\\/KEM2019-BLACK-1500W.png\",\"contentUrl\":\"https:\\\/\\\/kem-europe.eu\\\/wp-content\\\/uploads\\\/2025\\\/02\\\/KEM2019-BLACK-1500W.png\",\"width\":1500,\"height\":626,\"caption\":\"KEM Europe\"},\"image\":{\"@id\":\"https:\\\/\\\/kem-europe.eu\\\/#\\\/schema\\\/logo\\\/image\\\/\"}}]}<\/script>\n<!-- \/ Yoast SEO plugin. -->","yoast_head_json":{"title":"BYCON DMP-202BP Kernbohrmaschine 2600W | \u00d8202 mm | Nassbohren - KEM Europe","description":"2600W b\u00fcrstenloser Kernbohrmotor bohrt \u00d8202 mm nass. 3 G\u00e4nge, LED-Warnsystem und Rutschkupplung f\u00fcr sichere, kraftvolle Leistung.","robots":{"index":"index","follow":"follow","max-snippet":"max-snippet:-1","max-image-preview":"max-image-preview:large","max-video-preview":"max-video-preview:-1"},"canonical":"https:\/\/kem-europe.eu\/de\/produkt\/bycon-dmp-202bp-burstenloser-kernbohrmotor-2600w\/","og_locale":"de_DE","og_type":"article","og_title":"BYCON DMP-202BP Kernboor 2600W | \u00d8202 mm | Natboren - KEM Europe","og_description":"2600W brushless kernboormotor boort \u00d8202 mm nat. 3 versnellingen, LED-waarschuwingssysteem en slipkoppeling voor veilige, krachtige prestaties.","og_url":"https:\/\/kem-europe.eu\/de\/produkt\/bycon-dmp-202bp-burstenloser-kernbohrmotor-2600w\/","og_site_name":"KEM Europe","article_modified_time":"2025-07-07T10:39:47+00:00","og_image":[{"width":700,"height":700,"url":"https:\/\/kem-europe.eu\/wp-content\/uploads\/2025\/07\/DMP-202BP-1.png","type":"image\/png"}],"twitter_card":"summary_large_image","twitter_misc":{"Gesch\u00e4tzte Lesezeit":"2\u00a0Minuten"},"schema":{"@context":"https:\/\/schema.org","@graph":[{"@type":"WebPage","@id":"https:\/\/kem-europe.eu\/product\/bycon-dmp-202bp-brushless-kernboormotor-2600w\/","url":"https:\/\/kem-europe.eu\/product\/bycon-dmp-202bp-brushless-kernboormotor-2600w\/","name":"BYCON DMP-202BP Kernbohrmaschine 2600W | \u00d8202 mm | Nassbohren - KEM Europe","isPartOf":{"@id":"https:\/\/kem-europe.eu\/#website"},"primaryImageOfPage":{"@id":"https:\/\/kem-europe.eu\/product\/bycon-dmp-202bp-brushless-kernboormotor-2600w\/#primaryimage"},"image":{"@id":"https:\/\/kem-europe.eu\/product\/bycon-dmp-202bp-brushless-kernboormotor-2600w\/#primaryimage"},"thumbnailUrl":"https:\/\/kem-europe.eu\/wp-content\/uploads\/2025\/07\/DMP-202BP-1.png","datePublished":"2025-07-01T13:00:30+00:00","dateModified":"2025-07-07T10:39:47+00:00","description":"2600W b\u00fcrstenloser Kernbohrmotor bohrt \u00d8202 mm nass. 3 G\u00e4nge, LED-Warnsystem und Rutschkupplung f\u00fcr sichere, kraftvolle Leistung.","breadcrumb":{"@id":"https:\/\/kem-europe.eu\/product\/bycon-dmp-202bp-brushless-kernboormotor-2600w\/#breadcrumb"},"inLanguage":"de","potentialAction":[{"@type":"ReadAction","target":["https:\/\/kem-europe.eu\/product\/bycon-dmp-202bp-brushless-kernboormotor-2600w\/"]}]},{"@type":"ImageObject","inLanguage":"de","@id":"https:\/\/kem-europe.eu\/product\/bycon-dmp-202bp-brushless-kernboormotor-2600w\/#primaryimage","url":"https:\/\/kem-europe.eu\/wp-content\/uploads\/2025\/07\/DMP-202BP-1.png","contentUrl":"https:\/\/kem-europe.eu\/wp-content\/uploads\/2025\/07\/DMP-202BP-1.png","width":700,"height":700},{"@type":"BreadcrumbList","@id":"https:\/\/kem-europe.eu\/product\/bycon-dmp-202bp-brushless-kernboormotor-2600w\/#breadcrumb","itemListElement":[{"@type":"ListItem","position":1,"name":"Home","item":"https:\/\/kem-europe.eu\/"},{"@type":"ListItem","position":2,"name":"Winkel","item":"https:\/\/kem-europe.eu\/winkel\/"},{"@type":"ListItem","position":3,"name":"BYCON DMP-202BP \u2013 Diamantboormachine | 2600W | Natboren | Brushless | P-Greep"}]},{"@type":"WebSite","@id":"https:\/\/kem-europe.eu\/#website","url":"https:\/\/kem-europe.eu\/","name":"KEM Europe","description":"","publisher":{"@id":"https:\/\/kem-europe.eu\/#organization"},"potentialAction":[{"@type":"SearchAction","target":{"@type":"EntryPoint","urlTemplate":"https:\/\/kem-europe.eu\/?s={search_term_string}"},"query-input":{"@type":"PropertyValueSpecification","valueRequired":true,"valueName":"search_term_string"}}],"inLanguage":"de"},{"@type":"Organization","@id":"https:\/\/kem-europe.eu\/#organization","name":"KEM Europe","url":"https:\/\/kem-europe.eu\/","logo":{"@type":"ImageObject","inLanguage":"de","@id":"https:\/\/kem-europe.eu\/#\/schema\/logo\/image\/","url":"https:\/\/kem-europe.eu\/wp-content\/uploads\/2025\/02\/KEM2019-BLACK-1500W.png","contentUrl":"https:\/\/kem-europe.eu\/wp-content\/uploads\/2025\/02\/KEM2019-BLACK-1500W.png","width":1500,"height":626,"caption":"KEM Europe"},"image":{"@id":"https:\/\/kem-europe.eu\/#\/schema\/logo\/image\/"}}]}},"_links":{"self":[{"href":"https:\/\/kem-europe.eu\/de\/wp-json\/wp\/v2\/product\/7513","targetHints":{"allow":["GET"]}}],"collection":[{"href":"https:\/\/kem-europe.eu\/de\/wp-json\/wp\/v2\/product"}],"about":[{"href":"https:\/\/kem-europe.eu\/de\/wp-json\/wp\/v2\/types\/product"}],"replies":[{"embeddable":true,"href":"https:\/\/kem-europe.eu\/de\/wp-json\/wp\/v2\/comments?post=7513"}],"wp:featuredmedia":[{"embeddable":true,"href":"https:\/\/kem-europe.eu\/de\/wp-json\/wp\/v2\/media\/7518"}],"wp:attachment":[{"href":"https:\/\/kem-europe.eu\/de\/wp-json\/wp\/v2\/media?parent=7513"}],"wp:term":[{"taxonomy":"product_brand","embeddable":true,"href":"https:\/\/kem-europe.eu\/de\/wp-json\/wp\/v2\/product_brand?post=7513"},{"taxonomy":"product_cat","embeddable":true,"href":"https:\/\/kem-europe.eu\/de\/wp-json\/wp\/v2\/product_cat?post=7513"},{"taxonomy":"product_tag","embeddable":true,"href":"https:\/\/kem-europe.eu\/de\/wp-json\/wp\/v2\/product_tag?post=7513"}],"curies":[{"name":"wp","href":"https:\/\/api.w.org\/{rel}","templated":true}]}}