{"id":752,"date":"2025-02-27T08:13:18","date_gmt":"2025-02-27T08:13:18","guid":{"rendered":"https:\/\/kem-europe.eu\/?post_type=product&#038;p=752"},"modified":"2025-05-30T06:32:50","modified_gmt":"2025-05-30T06:32:50","slug":"dorly-benzin-generator-do6000e-6kw-avr-2x230v-1x12v","status":"publish","type":"product","link":"https:\/\/kem-europe.eu\/de\/product\/dorly-benzine-aggregaat-do6000e-6kw-avr-2x230v-1x12v\/","title":{"rendered":"D'Orly Benzin-Aggregat DO6000E 6kW AVR - 2x230V &amp; 1x12V"},"content":{"rendered":"<h1><strong>Eigenschaften D'Orly Benzin-Generator DO6000E 6kW AVR - 2x230V &amp; 1x12V<br \/>\n<\/strong><\/h1>\n<p>Benzinstromaggregat mit einer Generatorleistung von 6kVA. Dieser 6000W Benzin-Stromerzeuger von D'Orly ist ein hervorragender Ersatz f\u00fcr das Stromnetz und ist dank seiner hochwertigen Komponenten eine sehr zuverl\u00e4ssige Stromquelle. Dieser Generator verf\u00fcgt \u00fcber viele n\u00fctzliche Funktionen wie z.B. ein:<\/p>\n<p><em><strong>Vorteile<\/strong><\/em><\/p>\n<p><strong>\u2705<\/strong>\u00a0<strong>Automatischer Spannungsregler<\/strong>\u00a0(AVR) - Garantiert eine konsistente und zuverl\u00e4ssige Stromversorgung durch automatische Aufrechterhaltung der Generatorspannung, wodurch das Risiko von Schwankungen und Sch\u00e4den an den angeschlossenen Ger\u00e4ten verringert wird.<\/p>\n<ul>\n<li>Das Aggregat ist mit einem AVR-Schutz ausgestattet. AVR steht f\u00fcr automatische Spannungsregelung. Das bedeutet kontinuierliche Spannung, w\u00e4hrend der \u00dcberlastschutz f\u00fcr die n\u00f6tige Sicherheit sorgt. Dadurch werden Ihre angeschlossenen elektrischen Maschinen vor Spannungsspitzen gesch\u00fctzt.<\/li>\n<\/ul>\n<p><strong>\u2705<\/strong>\u00a0<strong>Spannungsmesser<\/strong>\u00a0- Liefert Ihnen zuverl\u00e4ssige und genaue Messungen der Ausgangsspannung Ihres Generators, so dass Sie immer die richtige Stromversorgung f\u00fcr Ihre Ger\u00e4te sicherstellen k\u00f6nnen.<br \/>\n<strong>\u2705<\/strong>\u00a0<strong>\u00d6l-Warnsystem\u00a0<\/strong>- Gew\u00e4hrleistet einen sicheren Betrieb und reduziert das Risiko von Generatorsch\u00e4den, indem es den Benutzer warnt, wenn der \u00d6lstand zu niedrig ist.<br \/>\n<strong>\u2705<\/strong>\u00a0<strong>Gro\u00dfer Kraftstofftank<\/strong>\u00a0- Garantiert eine l\u00e4ngere Betriebsdauer des Generators, was bedeutet, dass Sie weniger Zeit mit dem Nachf\u00fcllen des Tanks verbringen m\u00fcssen.<br \/>\n<strong>\u2705<\/strong>\u00a0<strong>Gro\u00dfer Schalld\u00e4mpfer\u00a0<\/strong>- Senkt den Ger\u00e4uschpegel des Generators, so dass er f\u00fcr Sie angenehmer und f\u00fcr Ihre Umgebung weniger st\u00f6rend ist.<br \/>\n<strong>\u2705<\/strong>\u00a0<strong>Gro\u00dfer Luftfilter<\/strong>\u00a0- Verl\u00e4ngert die Lebensdauer des Generators, indem es sicherstellt, dass die in den Motor eintretende Luft sauber ist, was die Effizienz erh\u00f6ht und die Wartungskosten reduziert.<br \/>\n<strong>\u2705 Sicherungsschutzschalter<\/strong>\u00a0- Macht den Betrieb Ihres Generators so einfach wie m\u00f6glich, ohne die Notwendigkeit, Sicherungen zu wechseln.<\/p>\n<ul>\n<li>Das Aggregat ist mit einem \u00dcberlastungsschutz ausgestattet und kann entweder manuell oder elektrisch gestartet werden.<\/li>\n<\/ul>\n<p><strong>\u2705<\/strong>\u00a0<strong>Kraftstoffanzeige<\/strong>\u00a0- Sie k\u00f6nnen den Kraftstoffstand auf einen Blick erkennen, so dass Sie immer bereit sind, bei Bedarf nachzutanken.<br \/>\n<strong>\u2705<\/strong>\u00a0<strong>Elektrisch<\/strong>\u00a0<strong>Start<\/strong>\u00a0- Der Generator l\u00e4sst sich m\u00fchelos und schnell in Betrieb nehmen, so dass Sie effizienter arbeiten und Zeit sparen k\u00f6nnen.<br \/>\n<strong>\u2705 Transportr\u00e4der\u00a0<\/strong>- Ein Trolley und Transportr\u00e4der sind im Lieferumfang enthalten und erleichtern den Transport zum gew\u00fcnschten Standort.<\/p>\n<p>Wenn der Strom pl\u00f6tzlich ausf\u00e4llt oder wenn es an Ihrem Standort keinen Strom gibt, k\u00f6nnen Sie sich auf ein Aggregat von BJC Tools verlassen. Und lassen Sie sich von unserer eigenen Marke D'Orly eine brandneue Serie einfallen. Dieses Trio von Stromaggregaten, auch Generatoren genannt, verf\u00fcgt \u00fcber einen leistungsstarken OHV-Benzinmotor mit 420 bis 500 ccm Hubraum. Neben einem eleganten Design ist jedes der D'Orly-Aggregate mit n\u00fctzlichen Funktionen ausgestattet, die die Maschine im Einsatz noch langlebiger machen. So sind die Ger\u00e4te beispielsweise mit einem automatischen Spannungsregler (AVR), einem kraftstoffsparenden Vergaser, einem gro\u00dfen 25-Liter-Kraftstofftank und einem Warnsystem bei niedrigem \u00d6lstand ausgestattet.<\/p>\n<hr \/>\n<h3><strong>Technische Daten<\/strong><\/h3>\n<ul>\n<li>Anzahl der Kontaktstellen\n<ul>\n<li>2x 230V 16A Schuko (Normale 230V Steckdose)<\/li>\n<li>1x DC 12 Volt<\/li>\n<\/ul>\n<\/li>\n<li>Leistung - AC 230V - max VA 6000W<\/li>\n<li>Leistung - AC 230 V - Dauerleistung VA 5500W<\/li>\n<li>DC-Ausgang - DC 12 V - 8,3 A<\/li>\n<li>Hubraum - 420 ccm<\/li>\n<li>Motor -\u00a0<strong>RATO R420 Motor<\/strong><\/li>\n<\/ul>\n<p><em>RATO ist ein Hersteller von Motoren, die von vielen Herstellern von Gartenmaschinen, R\u00fcttelplatten und vielen anderen Maschinen weltweit verwendet werden. Mit einer Produktion von mehr als 3 Millionen Motoren pro Jahr ist RATO ein f\u00fchrender Hersteller!<\/em><\/p>\n<ul>\n<li>Motorleistung - 12 PS<\/li>\n<li>Motortyp - Luftgek\u00fchlter 1-Kil. 4-Takt-Benzinmotor, OHV<\/li>\n<li>Anlasser - elektrisch und manuell<\/li>\n<li>Tankinhalt - 25 Liter<\/li>\n<li>Kraftstoffverbrauch - \u2264374 g\/kw.h<\/li>\n<li>Ununterbrochene volle Betriebsstunden - 7 Stunden<\/li>\n<li>Kontinuierliche halbe Umdrehung - 11 Stunden<\/li>\n<li>Fassungsverm\u00f6gen \u00d6l - 1 L<\/li>\n<li>Schallfrequenz - 74 dBA<\/li>\n<li>Nennfrequenz - 50 Hz<\/li>\n<li>Nennspannung - 230V<\/li>\n<li>Wasserschutzwiderst\u00e4nde - IP23M<\/li>\n<li>Abmessungen - 684 x 562 x 559 mm<\/li>\n<li>Gewicht - 85 kg<\/li>\n<\/ul>\n<h3><strong>Umfang der Lieferung<\/strong><\/h3>\n<ul>\n<li>D'Orly Benzin-Aggregat DO6000E 6kW - 2x230V &amp; 1x12V\n<ul>\n<li>Kunststoffstecker RA 250V<\/li>\n<li>Rohrzange<\/li>\n<li>Radsatz<\/li>\n<li>Handbuch<\/li>\n<\/ul>\n<\/li>\n<\/ul>\n<p><a href=\"https:\/\/www.kem-europe.eu\/wp-content\/uploads\/2023\/10\/DORLY-GENERATORS-MANUAL.pdf\">DORLY GENERATOREN HANDBUCH<\/a><\/p>","protected":false},"excerpt":{"rendered":"<p><strong>\u2705<\/strong>\u00a0<strong>Automatischer Spannungsregler<\/strong>\u00a0(AVR) - Garantiert gleichm\u00e4\u00dfige und zuverl\u00e4ssige Stromversorgung<br \/>\n<strong>\u2705<\/strong>\u00a0<strong>Spannungsmesser<\/strong>\u00a0- Liefert Ihnen zuverl\u00e4ssige und genaue Messungen<br \/>\n<strong>\u2705<\/strong>\u00a0<strong>\u00d6l-Warnsystem\u00a0<\/strong>- Gew\u00e4hrleistet einen sicheren Betrieb und verringert das Risiko von Sch\u00e4den<br \/>\n<strong>\u2705<\/strong>\u00a0<strong>Gro\u00dfer Kraftstofftank<\/strong>\u00a0- Garantiert eine l\u00e4ngere Betriebsdauer<br \/>\n<strong>\u2705<\/strong>\u00a0<strong>Gro\u00dfer Schalld\u00e4mpfer\u00a0<\/strong>- Geringerer Ger\u00e4uschpegel und mehr Komfort f\u00fcr Sie und Ihre Mitmenschen<br \/>\n<strong>\u2705 Gro\u00dfer Luftfilter<\/strong>\u00a0- Verl\u00e4ngert die Lebensdauer des Generators<br \/>\n<strong>\u2705 Sicherungsschutzschalter<\/strong>\u00a0- So einfach zu bedienen!<br \/>\n<strong>\u2705<\/strong>\u00a0<strong>Kraftstoffanzeige<\/strong>\u00a0- Kraftstoffstand auf einen Blick pr\u00fcfen<br \/>\n<strong>\u2705<\/strong>\u00a0<strong>Elektrisch<\/strong>\u00a0<strong>Start<\/strong>\u00a0- Macht die Inbetriebnahme des Generators m\u00fchelos und schnell!<\/p>","protected":false},"featured_media":857,"comment_status":"closed","ping_status":"closed","template":"","meta":[],"product_brand":[625],"product_cat":[124],"product_tag":[],"class_list":{"0":"post-752","1":"product","2":"type-product","3":"status-publish","4":"has-post-thumbnail","6":"product_brand-dorly","7":"product_cat-aggregaten","9":"first","10":"instock","11":"shipping-taxable","12":"product-type-simple"},"ct_brands":[{"id":625,"name":"D'ORLY","slug":"dorly"}],"yoast_head":"<!-- This site is optimized with the Yoast SEO plugin v27.3 - https:\/\/yoast.com\/product\/yoast-seo-wordpress\/ -->\n<title>D\u2019Orly Benzine aggregaat DO6000E 6kW AVR \u2013 2x230V &amp; 1x12V - KEM Europe<\/title>\n<meta name=\"robots\" content=\"index, follow, max-snippet:-1, max-image-preview:large, max-video-preview:-1\" \/>\n<link rel=\"canonical\" href=\"https:\/\/kem-europe.eu\/de\/produkt\/dorly-benzin-generator-do6000e-6kw-avr-2x230v-1x12v\/\" \/>\n<meta property=\"og:locale\" content=\"de_DE\" \/>\n<meta property=\"og:type\" content=\"article\" \/>\n<meta property=\"og:title\" content=\"D\u2019Orly Benzine aggregaat DO6000E 6kW AVR \u2013 2x230V &amp; 1x12V - KEM Europe\" \/>\n<meta property=\"og:description\" content=\"\u2705\u00a0Automatische spanningsregelaar\u00a0(AVR) \u2013 Gegarandeerd een consistente en betrouwbare stroomvoorziening \u2705\u00a0Voltmeter\u00a0\u2013 Biedt u betrouwbare en nauwkeurige metingen \u2705\u00a0Waarschuwingssysteem voor olie\u00a0\u2013 Belooft een veilige werking en vermindert het risico op schade \u2705\u00a0Grote brandstoftank\u00a0\u2013 Staat garant voor een langere bedrijfstijd \u2705\u00a0Grote uitlaatdemper\u00a0\u2013 Verlaagt het geluidsniveau en comfortabeler voor jou en je omgeving \u2705 Grote luchtfilter\u00a0\u2013 Helpt de levensduur van de generator te verlengen \u2705 Zekering loze schakelaar\u00a0\u2013 Eenvoudige bediening dus! \u2705\u00a0Brandstofmeter\u00a0\u2013 Brandstofniveau in een oogopslag te controleren \u2705\u00a0Elektrisch\u00a0starten\u00a0\u2013 Maakt het opstarten van de generator moeiteloos en snel!\" \/>\n<meta property=\"og:url\" content=\"https:\/\/kem-europe.eu\/de\/produkt\/dorly-benzin-generator-do6000e-6kw-avr-2x230v-1x12v\/\" \/>\n<meta property=\"og:site_name\" content=\"KEM Europe\" \/>\n<meta property=\"article:modified_time\" content=\"2025-05-30T06:32:50+00:00\" \/>\n<meta property=\"og:image\" content=\"https:\/\/kem-europe.eu\/wp-content\/uploads\/2025\/02\/DO6000E-01-IMG_6867.jpg\" \/>\n\t<meta property=\"og:image:width\" content=\"700\" \/>\n\t<meta property=\"og:image:height\" content=\"700\" \/>\n\t<meta property=\"og:image:type\" content=\"image\/jpeg\" \/>\n<meta name=\"twitter:card\" content=\"summary_large_image\" \/>\n<meta name=\"twitter:label1\" content=\"Gesch\u00e4tzte Lesezeit\" \/>\n\t<meta name=\"twitter:data1\" content=\"4\u00a0Minuten\" \/>\n<script type=\"application\/ld+json\" class=\"yoast-schema-graph\">{\"@context\":\"https:\\\/\\\/schema.org\",\"@graph\":[{\"@type\":\"WebPage\",\"@id\":\"https:\\\/\\\/kem-europe.eu\\\/product\\\/dorly-benzine-aggregaat-do6000e-6kw-avr-2x230v-1x12v\\\/\",\"url\":\"https:\\\/\\\/kem-europe.eu\\\/product\\\/dorly-benzine-aggregaat-do6000e-6kw-avr-2x230v-1x12v\\\/\",\"name\":\"D\u2019Orly Benzine aggregaat DO6000E 6kW AVR \u2013 2x230V & 1x12V - KEM Europe\",\"isPartOf\":{\"@id\":\"https:\\\/\\\/kem-europe.eu\\\/#website\"},\"primaryImageOfPage\":{\"@id\":\"https:\\\/\\\/kem-europe.eu\\\/product\\\/dorly-benzine-aggregaat-do6000e-6kw-avr-2x230v-1x12v\\\/#primaryimage\"},\"image\":{\"@id\":\"https:\\\/\\\/kem-europe.eu\\\/product\\\/dorly-benzine-aggregaat-do6000e-6kw-avr-2x230v-1x12v\\\/#primaryimage\"},\"thumbnailUrl\":\"https:\\\/\\\/kem-europe.eu\\\/wp-content\\\/uploads\\\/2025\\\/02\\\/DO6000E-01-IMG_6867.jpg\",\"datePublished\":\"2025-02-27T08:13:18+00:00\",\"dateModified\":\"2025-05-30T06:32:50+00:00\",\"breadcrumb\":{\"@id\":\"https:\\\/\\\/kem-europe.eu\\\/product\\\/dorly-benzine-aggregaat-do6000e-6kw-avr-2x230v-1x12v\\\/#breadcrumb\"},\"inLanguage\":\"de\",\"potentialAction\":[{\"@type\":\"ReadAction\",\"target\":[\"https:\\\/\\\/kem-europe.eu\\\/product\\\/dorly-benzine-aggregaat-do6000e-6kw-avr-2x230v-1x12v\\\/\"]}]},{\"@type\":\"ImageObject\",\"inLanguage\":\"de\",\"@id\":\"https:\\\/\\\/kem-europe.eu\\\/product\\\/dorly-benzine-aggregaat-do6000e-6kw-avr-2x230v-1x12v\\\/#primaryimage\",\"url\":\"https:\\\/\\\/kem-europe.eu\\\/wp-content\\\/uploads\\\/2025\\\/02\\\/DO6000E-01-IMG_6867.jpg\",\"contentUrl\":\"https:\\\/\\\/kem-europe.eu\\\/wp-content\\\/uploads\\\/2025\\\/02\\\/DO6000E-01-IMG_6867.jpg\",\"width\":700,\"height\":700},{\"@type\":\"BreadcrumbList\",\"@id\":\"https:\\\/\\\/kem-europe.eu\\\/product\\\/dorly-benzine-aggregaat-do6000e-6kw-avr-2x230v-1x12v\\\/#breadcrumb\",\"itemListElement\":[{\"@type\":\"ListItem\",\"position\":1,\"name\":\"Home\",\"item\":\"https:\\\/\\\/kem-europe.eu\\\/\"},{\"@type\":\"ListItem\",\"position\":2,\"name\":\"Winkel\",\"item\":\"https:\\\/\\\/kem-europe.eu\\\/winkel\\\/\"},{\"@type\":\"ListItem\",\"position\":3,\"name\":\"D\u2019Orly Benzine aggregaat DO6000E 6kW AVR \u2013 2x230V &#038; 1x12V\"}]},{\"@type\":\"WebSite\",\"@id\":\"https:\\\/\\\/kem-europe.eu\\\/#website\",\"url\":\"https:\\\/\\\/kem-europe.eu\\\/\",\"name\":\"KEM Europe\",\"description\":\"\",\"publisher\":{\"@id\":\"https:\\\/\\\/kem-europe.eu\\\/#organization\"},\"potentialAction\":[{\"@type\":\"SearchAction\",\"target\":{\"@type\":\"EntryPoint\",\"urlTemplate\":\"https:\\\/\\\/kem-europe.eu\\\/?s={search_term_string}\"},\"query-input\":{\"@type\":\"PropertyValueSpecification\",\"valueRequired\":true,\"valueName\":\"search_term_string\"}}],\"inLanguage\":\"de\"},{\"@type\":\"Organization\",\"@id\":\"https:\\\/\\\/kem-europe.eu\\\/#organization\",\"name\":\"KEM Europe\",\"url\":\"https:\\\/\\\/kem-europe.eu\\\/\",\"logo\":{\"@type\":\"ImageObject\",\"inLanguage\":\"de\",\"@id\":\"https:\\\/\\\/kem-europe.eu\\\/#\\\/schema\\\/logo\\\/image\\\/\",\"url\":\"https:\\\/\\\/kem-europe.eu\\\/wp-content\\\/uploads\\\/2025\\\/02\\\/KEM2019-BLACK-1500W.png\",\"contentUrl\":\"https:\\\/\\\/kem-europe.eu\\\/wp-content\\\/uploads\\\/2025\\\/02\\\/KEM2019-BLACK-1500W.png\",\"width\":1500,\"height\":626,\"caption\":\"KEM Europe\"},\"image\":{\"@id\":\"https:\\\/\\\/kem-europe.eu\\\/#\\\/schema\\\/logo\\\/image\\\/\"}}]}<\/script>\n<!-- \/ Yoast SEO plugin. -->","yoast_head_json":{"title":"D'Orly Benzin-Aggregat DO6000E 6kW AVR - 2x230V &amp; 1x12V - KEM Europe","robots":{"index":"index","follow":"follow","max-snippet":"max-snippet:-1","max-image-preview":"max-image-preview:large","max-video-preview":"max-video-preview:-1"},"canonical":"https:\/\/kem-europe.eu\/de\/produkt\/dorly-benzin-generator-do6000e-6kw-avr-2x230v-1x12v\/","og_locale":"de_DE","og_type":"article","og_title":"D\u2019Orly Benzine aggregaat DO6000E 6kW AVR \u2013 2x230V & 1x12V - KEM Europe","og_description":"\u2705\u00a0Automatische spanningsregelaar\u00a0(AVR) \u2013 Gegarandeerd een consistente en betrouwbare stroomvoorziening \u2705\u00a0Voltmeter\u00a0\u2013 Biedt u betrouwbare en nauwkeurige metingen \u2705\u00a0Waarschuwingssysteem voor olie\u00a0\u2013 Belooft een veilige werking en vermindert het risico op schade \u2705\u00a0Grote brandstoftank\u00a0\u2013 Staat garant voor een langere bedrijfstijd \u2705\u00a0Grote uitlaatdemper\u00a0\u2013 Verlaagt het geluidsniveau en comfortabeler voor jou en je omgeving \u2705 Grote luchtfilter\u00a0\u2013 Helpt de levensduur van de generator te verlengen \u2705 Zekering loze schakelaar\u00a0\u2013 Eenvoudige bediening dus! \u2705\u00a0Brandstofmeter\u00a0\u2013 Brandstofniveau in een oogopslag te controleren \u2705\u00a0Elektrisch\u00a0starten\u00a0\u2013 Maakt het opstarten van de generator moeiteloos en snel!","og_url":"https:\/\/kem-europe.eu\/de\/produkt\/dorly-benzin-generator-do6000e-6kw-avr-2x230v-1x12v\/","og_site_name":"KEM Europe","article_modified_time":"2025-05-30T06:32:50+00:00","og_image":[{"width":700,"height":700,"url":"https:\/\/kem-europe.eu\/wp-content\/uploads\/2025\/02\/DO6000E-01-IMG_6867.jpg","type":"image\/jpeg"}],"twitter_card":"summary_large_image","twitter_misc":{"Gesch\u00e4tzte Lesezeit":"4\u00a0Minuten"},"schema":{"@context":"https:\/\/schema.org","@graph":[{"@type":"WebPage","@id":"https:\/\/kem-europe.eu\/product\/dorly-benzine-aggregaat-do6000e-6kw-avr-2x230v-1x12v\/","url":"https:\/\/kem-europe.eu\/product\/dorly-benzine-aggregaat-do6000e-6kw-avr-2x230v-1x12v\/","name":"D'Orly Benzin-Aggregat DO6000E 6kW AVR - 2x230V &amp; 1x12V - KEM Europe","isPartOf":{"@id":"https:\/\/kem-europe.eu\/#website"},"primaryImageOfPage":{"@id":"https:\/\/kem-europe.eu\/product\/dorly-benzine-aggregaat-do6000e-6kw-avr-2x230v-1x12v\/#primaryimage"},"image":{"@id":"https:\/\/kem-europe.eu\/product\/dorly-benzine-aggregaat-do6000e-6kw-avr-2x230v-1x12v\/#primaryimage"},"thumbnailUrl":"https:\/\/kem-europe.eu\/wp-content\/uploads\/2025\/02\/DO6000E-01-IMG_6867.jpg","datePublished":"2025-02-27T08:13:18+00:00","dateModified":"2025-05-30T06:32:50+00:00","breadcrumb":{"@id":"https:\/\/kem-europe.eu\/product\/dorly-benzine-aggregaat-do6000e-6kw-avr-2x230v-1x12v\/#breadcrumb"},"inLanguage":"de","potentialAction":[{"@type":"ReadAction","target":["https:\/\/kem-europe.eu\/product\/dorly-benzine-aggregaat-do6000e-6kw-avr-2x230v-1x12v\/"]}]},{"@type":"ImageObject","inLanguage":"de","@id":"https:\/\/kem-europe.eu\/product\/dorly-benzine-aggregaat-do6000e-6kw-avr-2x230v-1x12v\/#primaryimage","url":"https:\/\/kem-europe.eu\/wp-content\/uploads\/2025\/02\/DO6000E-01-IMG_6867.jpg","contentUrl":"https:\/\/kem-europe.eu\/wp-content\/uploads\/2025\/02\/DO6000E-01-IMG_6867.jpg","width":700,"height":700},{"@type":"BreadcrumbList","@id":"https:\/\/kem-europe.eu\/product\/dorly-benzine-aggregaat-do6000e-6kw-avr-2x230v-1x12v\/#breadcrumb","itemListElement":[{"@type":"ListItem","position":1,"name":"Home","item":"https:\/\/kem-europe.eu\/"},{"@type":"ListItem","position":2,"name":"Winkel","item":"https:\/\/kem-europe.eu\/winkel\/"},{"@type":"ListItem","position":3,"name":"D\u2019Orly Benzine aggregaat DO6000E 6kW AVR \u2013 2x230V &#038; 1x12V"}]},{"@type":"WebSite","@id":"https:\/\/kem-europe.eu\/#website","url":"https:\/\/kem-europe.eu\/","name":"KEM Europe","description":"","publisher":{"@id":"https:\/\/kem-europe.eu\/#organization"},"potentialAction":[{"@type":"SearchAction","target":{"@type":"EntryPoint","urlTemplate":"https:\/\/kem-europe.eu\/?s={search_term_string}"},"query-input":{"@type":"PropertyValueSpecification","valueRequired":true,"valueName":"search_term_string"}}],"inLanguage":"de"},{"@type":"Organization","@id":"https:\/\/kem-europe.eu\/#organization","name":"KEM Europe","url":"https:\/\/kem-europe.eu\/","logo":{"@type":"ImageObject","inLanguage":"de","@id":"https:\/\/kem-europe.eu\/#\/schema\/logo\/image\/","url":"https:\/\/kem-europe.eu\/wp-content\/uploads\/2025\/02\/KEM2019-BLACK-1500W.png","contentUrl":"https:\/\/kem-europe.eu\/wp-content\/uploads\/2025\/02\/KEM2019-BLACK-1500W.png","width":1500,"height":626,"caption":"KEM Europe"},"image":{"@id":"https:\/\/kem-europe.eu\/#\/schema\/logo\/image\/"}}]}},"_links":{"self":[{"href":"https:\/\/kem-europe.eu\/de\/wp-json\/wp\/v2\/product\/752","targetHints":{"allow":["GET"]}}],"collection":[{"href":"https:\/\/kem-europe.eu\/de\/wp-json\/wp\/v2\/product"}],"about":[{"href":"https:\/\/kem-europe.eu\/de\/wp-json\/wp\/v2\/types\/product"}],"replies":[{"embeddable":true,"href":"https:\/\/kem-europe.eu\/de\/wp-json\/wp\/v2\/comments?post=752"}],"wp:featuredmedia":[{"embeddable":true,"href":"https:\/\/kem-europe.eu\/de\/wp-json\/wp\/v2\/media\/857"}],"wp:attachment":[{"href":"https:\/\/kem-europe.eu\/de\/wp-json\/wp\/v2\/media?parent=752"}],"wp:term":[{"taxonomy":"product_brand","embeddable":true,"href":"https:\/\/kem-europe.eu\/de\/wp-json\/wp\/v2\/product_brand?post=752"},{"taxonomy":"product_cat","embeddable":true,"href":"https:\/\/kem-europe.eu\/de\/wp-json\/wp\/v2\/product_cat?post=752"},{"taxonomy":"product_tag","embeddable":true,"href":"https:\/\/kem-europe.eu\/de\/wp-json\/wp\/v2\/product_tag?post=752"}],"curies":[{"name":"wp","href":"https:\/\/api.w.org\/{rel}","templated":true}]}}