{"id":7536,"date":"2025-07-01T13:21:39","date_gmt":"2025-07-01T13:21:39","guid":{"rendered":"https:\/\/kem-europe.eu\/?post_type=product&#038;p=7536"},"modified":"2025-07-07T10:35:59","modified_gmt":"2025-07-07T10:35:59","slug":"bycon-db-352-mikro-schlagbohrmaschine-3300w","status":"publish","type":"product","link":"https:\/\/kem-europe.eu\/de\/product\/bycon-db-352-micro-percussieboor-3300w\/","title":{"rendered":"BYCON DB-352 - Trocken-Diamantbohrer | 3300W | Mikro-Schlagbohrer | Heavy Duty"},"content":{"rendered":"<h2 data-start=\"1108\" data-end=\"1172\">BYCON DB-352 - Trocken-Diamantbohrer | 3300W | Mikro-Schlagbohrer | Heavy Duty<\/h2>\n<p data-start=\"1196\" data-end=\"2113\">Der BYCON DB-352 ist f\u00fcr Profis konzipiert, die brachiale Kraft mit optimaler Kontrolle verbinden wollen. Der 3 300 W-Motor liefert ein hohes Drehmoment und kann \u00fcber eine zuschaltbare Mikroschlagfunktion in der Spindel selbst den h\u00e4rtesten Stahlbeton schnell durchbrechen. Das im \u00d6lbad laufende 3-Gang-Getriebe (512, 1 062 und 1 576 U\/min) sorgt f\u00fcr ein ideales Gleichgewicht zwischen Geschwindigkeit und Zugkraft, w\u00e4hrend die Mikroschlagh\u00fcbe bis zu 37 824 BPM erreichen. Der Sanftanlauf l\u00e4sst die Drehzahl sanft ansteigen und die mechanische Rutschkupplung greift sofort ein, sobald der Kronenbohrer blockiert. Das robuste, aber leichte Magnesiumgeh\u00e4use reduziert Erm\u00fcdungserscheinungen bei l\u00e4ngerem Arbeiten, und die externen Kohleb\u00fcrsten lassen sich in wenigen Minuten austauschen, so dass die Ausfallzeiten minimal sind. Mit der Kompatibilit\u00e4t f\u00fcr 1-1\/4\u2033 UNC- und 1\/2\u2033 BSP-Bohrer sowie der Montage auf dem DBS-352-St\u00e4nder ist der DB-352 ein vielseitiges Kraftpaket f\u00fcr schwere Betonbohrungen.<\/p>\n<hr data-start=\"2115\" data-end=\"2118\" \/>\n<p data-start=\"2120\" data-end=\"2145\"><strong>Hauptmerkmale<\/strong><\/p>\n<ul>\n<li data-start=\"2148\" data-end=\"2230\"><strong data-start=\"2148\" data-end=\"2166\">Motorleistung:<\/strong> 3 300 W, drei Drehzahlen (512 \/ 1 062 \/ 1 576 U\/min ohne Last)<\/li>\n<li data-start=\"2148\" data-end=\"2230\"><strong data-start=\"2233\" data-end=\"2253\">Mikro-Schlagzeug:<\/strong> 12 288 \/ 25 488 \/ 37 824 BPM f\u00fcr schnellen Materialabtrag<\/li>\n<li data-start=\"2148\" data-end=\"2230\"><strong data-start=\"2315\" data-end=\"2337\">Maximaler Bohrdurchmesser:<\/strong> \u00d8 302 mm (Gang 1) - \u00d8 202 \/ 102 mm bei h\u00f6heren Geschwindigkeiten<\/li>\n<li data-start=\"2148\" data-end=\"2230\"><strong data-start=\"2404\" data-end=\"2418\">Geh\u00e4use:<\/strong> Leichtes Magnesium f\u00fcr weniger Erm\u00fcdung<\/li>\n<li data-start=\"2148\" data-end=\"2230\"><strong data-start=\"2471\" data-end=\"2487\">Sicherheit:<\/strong> Sanftanlauf und mechanische Rutschkupplung gegen R\u00fcckschlag<\/li>\n<li data-start=\"2148\" data-end=\"2230\"><strong data-start=\"2547\" data-end=\"2561\">Wartung:<\/strong> Externe Kohleb\u00fcrsten leicht zug\u00e4nglich<\/li>\n<li data-start=\"2148\" data-end=\"2230\"><strong data-start=\"2610\" data-end=\"2622\">Gewicht:<\/strong> ca. 18 kg - stabil auf Stativ, handlich vor Ort<\/li>\n<\/ul>\n<hr data-start=\"2681\" data-end=\"2684\" \/>\n<p data-start=\"2686\" data-end=\"2705\"><strong>Spezifikationen<\/strong><\/p>\n<ul>\n<li data-start=\"2708\" data-end=\"2774\"><strong data-start=\"2708\" data-end=\"2742\">Versorgungsspannung \/ Frequenz:<\/strong> 220 V ~ 50 Hz | 120 V ~ 60 Hz<\/li>\n<li data-start=\"2708\" data-end=\"2774\"><strong data-start=\"2777\" data-end=\"2795\">Stromst\u00e4rke:<\/strong> 10 A (220 V) \/ 15 A (120 V)<\/li>\n<li data-start=\"2708\" data-end=\"2774\"><strong data-start=\"2828\" data-end=\"2866\">Leerlaufdrehzahl (Gang 1\/2\/3):<\/strong> 512 \/ 1 062 \/ 1 576 U\/min<\/li>\n<li data-start=\"2708\" data-end=\"2774\"><strong data-start=\"2895\" data-end=\"2925\">Mikro-Schlagzeug-Beat (BPM):<\/strong> 12 288 \/ 25 488 \/ 37 824<\/li>\n<li data-start=\"2708\" data-end=\"2774\"><strong data-start=\"2955\" data-end=\"2975\">Spindelanschluss:<\/strong> 1-1\/4\u2033 UNC &amp; 1\/2\u2033 BSP<\/li>\n<li data-start=\"2708\" data-end=\"2774\"><strong data-start=\"3002\" data-end=\"3035\">Bohrerdurchmesser pro Zahnrad:<\/strong> \u00d8 302 \/ 202 \/ 102 mm<\/li>\n<li data-start=\"2708\" data-end=\"2774\"><strong data-start=\"3061\" data-end=\"3084\">Kompatibles Stativ:<\/strong> DBS-352 (wahlweise)<\/li>\n<li data-start=\"2708\" data-end=\"2774\"><strong data-start=\"3109\" data-end=\"3127\">Nettogewicht:<\/strong> 18 kg<\/li>\n<li data-start=\"2708\" data-end=\"2774\"><strong data-start=\"3138\" data-end=\"3164\">Abmessungen der Verpackung:<\/strong> 635 \u00d7 460 \u00d7 215 mm<\/li>\n<\/ul>\n<hr data-start=\"3187\" data-end=\"3190\" \/>\n<p data-start=\"3192\" data-end=\"3213\"><strong>Umfang der Lieferung<\/strong><\/p>\n<ul>\n<li data-start=\"3216\" data-end=\"3262\">DB-352 Mikro-Schlagbohrmotor 3 300 W<\/li>\n<li data-start=\"3216\" data-end=\"3262\">Seitlicher Griff<\/li>\n<li data-start=\"3216\" data-end=\"3262\">Wasseranschluss-Set<\/li>\n<li data-start=\"3216\" data-end=\"3262\">Spindelschl\u00fcssel<\/li>\n<li data-start=\"3216\" data-end=\"3262\">Handbuch<\/li>\n<\/ul>","protected":false},"excerpt":{"rendered":"<p>Der BYCON DB-352 ist ein leistungsstarker 3 300 W Mikro-Schlagbohrmotor f\u00fcr Nass- und Trockenbohrungen bis \u00d8 302 mm in Stahlbeton und Hartgestein. Der Mikroschlagbetrieb mit drei Drehzahlen (512 \/ 1 062 \/ 1 576 U\/min) zerkleinert das Material schnell, w\u00e4hrend Soft-Start und eine mechanische Rutschkupplung Sie und die Maschine sch\u00fctzen. Dank des leichten Magnesiumgeh\u00e4uses und des doppelten Spindelanschlusses (1-1\/4\u2033 UNC &amp; 1\/2\u2033 BSP) arbeiten Sie l\u00e4nger, pr\u00e4ziser und mit nahezu jedem Kronenbohrer. Externe Kohleb\u00fcrsten und ein seitlicher Handgriff erleichtern die Wartung und Bedienung - ideal f\u00fcr Bauunternehmer, die auch bei den h\u00e4rtesten Arbeiten Spitzenleistungen verlangen.<\/p>","protected":false},"featured_media":7538,"comment_status":"open","ping_status":"closed","template":"","meta":[],"product_brand":[627],"product_cat":[74,16],"product_tag":[],"class_list":{"0":"post-7536","1":"product","2":"type-product","3":"status-publish","4":"has-post-thumbnail","6":"product_brand-bycon","7":"product_cat-diamant-boormachine","8":"product_cat-diamantgereedschap","10":"first","11":"instock","12":"shipping-taxable","13":"product-type-simple"},"ct_brands":[{"id":627,"name":"BYCON","slug":"bycon"}],"yoast_head":"<!-- This site is optimized with the Yoast SEO plugin v27.3 - https:\/\/yoast.com\/product\/yoast-seo-wordpress\/ -->\n<title>BYCON DB-352 Micro Percussie Kernboor 3300W | \u00d8302 mm - KEM Europe<\/title>\n<meta name=\"description\" content=\"3300W micro-percussie kernboormotor boort \u00d8302 mm beton. 3 snelheden, soft-start, slipkoppeling &amp; magnesium behuizing voor veilige precisiewerkzaamheden.\" \/>\n<meta name=\"robots\" content=\"index, follow, max-snippet:-1, max-image-preview:large, max-video-preview:-1\" \/>\n<link rel=\"canonical\" href=\"https:\/\/kem-europe.eu\/de\/produkt\/bycon-db-352-mikro-schlagbohrmaschine-3300w\/\" \/>\n<meta property=\"og:locale\" content=\"de_DE\" \/>\n<meta property=\"og:type\" content=\"article\" \/>\n<meta property=\"og:title\" content=\"BYCON DB-352 Micro Percussie Kernboor 3300W | \u00d8302 mm - KEM Europe\" \/>\n<meta property=\"og:description\" content=\"3300W micro-percussie kernboormotor boort \u00d8302 mm beton. 3 snelheden, soft-start, slipkoppeling &amp; magnesium behuizing voor veilige precisiewerkzaamheden.\" \/>\n<meta property=\"og:url\" content=\"https:\/\/kem-europe.eu\/de\/produkt\/bycon-db-352-mikro-schlagbohrmaschine-3300w\/\" \/>\n<meta property=\"og:site_name\" content=\"KEM Europe\" \/>\n<meta property=\"article:modified_time\" content=\"2025-07-07T10:35:59+00:00\" \/>\n<meta property=\"og:image\" content=\"https:\/\/kem-europe.eu\/wp-content\/uploads\/2025\/07\/DB-352-2.png\" \/>\n\t<meta property=\"og:image:width\" content=\"700\" \/>\n\t<meta property=\"og:image:height\" content=\"700\" \/>\n\t<meta property=\"og:image:type\" content=\"image\/png\" \/>\n<meta name=\"twitter:card\" content=\"summary_large_image\" \/>\n<meta name=\"twitter:label1\" content=\"Gesch\u00e4tzte Lesezeit\" \/>\n\t<meta name=\"twitter:data1\" content=\"2\u00a0Minuten\" \/>\n<script type=\"application\/ld+json\" class=\"yoast-schema-graph\">{\"@context\":\"https:\\\/\\\/schema.org\",\"@graph\":[{\"@type\":\"WebPage\",\"@id\":\"https:\\\/\\\/kem-europe.eu\\\/product\\\/bycon-db-352-micro-percussieboor-3300w\\\/\",\"url\":\"https:\\\/\\\/kem-europe.eu\\\/product\\\/bycon-db-352-micro-percussieboor-3300w\\\/\",\"name\":\"BYCON DB-352 Micro Percussie Kernboor 3300W | \u00d8302 mm - KEM Europe\",\"isPartOf\":{\"@id\":\"https:\\\/\\\/kem-europe.eu\\\/#website\"},\"primaryImageOfPage\":{\"@id\":\"https:\\\/\\\/kem-europe.eu\\\/product\\\/bycon-db-352-micro-percussieboor-3300w\\\/#primaryimage\"},\"image\":{\"@id\":\"https:\\\/\\\/kem-europe.eu\\\/product\\\/bycon-db-352-micro-percussieboor-3300w\\\/#primaryimage\"},\"thumbnailUrl\":\"https:\\\/\\\/kem-europe.eu\\\/wp-content\\\/uploads\\\/2025\\\/07\\\/DB-352-2.png\",\"datePublished\":\"2025-07-01T13:21:39+00:00\",\"dateModified\":\"2025-07-07T10:35:59+00:00\",\"description\":\"3300W micro-percussie kernboormotor boort \u00d8302 mm beton. 3 snelheden, soft-start, slipkoppeling & magnesium behuizing voor veilige precisiewerkzaamheden.\",\"breadcrumb\":{\"@id\":\"https:\\\/\\\/kem-europe.eu\\\/product\\\/bycon-db-352-micro-percussieboor-3300w\\\/#breadcrumb\"},\"inLanguage\":\"de\",\"potentialAction\":[{\"@type\":\"ReadAction\",\"target\":[\"https:\\\/\\\/kem-europe.eu\\\/product\\\/bycon-db-352-micro-percussieboor-3300w\\\/\"]}]},{\"@type\":\"ImageObject\",\"inLanguage\":\"de\",\"@id\":\"https:\\\/\\\/kem-europe.eu\\\/product\\\/bycon-db-352-micro-percussieboor-3300w\\\/#primaryimage\",\"url\":\"https:\\\/\\\/kem-europe.eu\\\/wp-content\\\/uploads\\\/2025\\\/07\\\/DB-352-2.png\",\"contentUrl\":\"https:\\\/\\\/kem-europe.eu\\\/wp-content\\\/uploads\\\/2025\\\/07\\\/DB-352-2.png\",\"width\":700,\"height\":700,\"caption\":\"BYCON DB-352 \u2013 Micro-Percussie Kernboormotor 3300 W (\u00d8302 mm)\"},{\"@type\":\"BreadcrumbList\",\"@id\":\"https:\\\/\\\/kem-europe.eu\\\/product\\\/bycon-db-352-micro-percussieboor-3300w\\\/#breadcrumb\",\"itemListElement\":[{\"@type\":\"ListItem\",\"position\":1,\"name\":\"Home\",\"item\":\"https:\\\/\\\/kem-europe.eu\\\/\"},{\"@type\":\"ListItem\",\"position\":2,\"name\":\"Winkel\",\"item\":\"https:\\\/\\\/kem-europe.eu\\\/winkel\\\/\"},{\"@type\":\"ListItem\",\"position\":3,\"name\":\"BYCON DB-352 \u2013 Droge Diamantboormachine | 3300W | Micro-Percussie | Heavy Duty\"}]},{\"@type\":\"WebSite\",\"@id\":\"https:\\\/\\\/kem-europe.eu\\\/#website\",\"url\":\"https:\\\/\\\/kem-europe.eu\\\/\",\"name\":\"KEM Europe\",\"description\":\"\",\"publisher\":{\"@id\":\"https:\\\/\\\/kem-europe.eu\\\/#organization\"},\"potentialAction\":[{\"@type\":\"SearchAction\",\"target\":{\"@type\":\"EntryPoint\",\"urlTemplate\":\"https:\\\/\\\/kem-europe.eu\\\/?s={search_term_string}\"},\"query-input\":{\"@type\":\"PropertyValueSpecification\",\"valueRequired\":true,\"valueName\":\"search_term_string\"}}],\"inLanguage\":\"de\"},{\"@type\":\"Organization\",\"@id\":\"https:\\\/\\\/kem-europe.eu\\\/#organization\",\"name\":\"KEM Europe\",\"url\":\"https:\\\/\\\/kem-europe.eu\\\/\",\"logo\":{\"@type\":\"ImageObject\",\"inLanguage\":\"de\",\"@id\":\"https:\\\/\\\/kem-europe.eu\\\/#\\\/schema\\\/logo\\\/image\\\/\",\"url\":\"https:\\\/\\\/kem-europe.eu\\\/wp-content\\\/uploads\\\/2025\\\/02\\\/KEM2019-BLACK-1500W.png\",\"contentUrl\":\"https:\\\/\\\/kem-europe.eu\\\/wp-content\\\/uploads\\\/2025\\\/02\\\/KEM2019-BLACK-1500W.png\",\"width\":1500,\"height\":626,\"caption\":\"KEM Europe\"},\"image\":{\"@id\":\"https:\\\/\\\/kem-europe.eu\\\/#\\\/schema\\\/logo\\\/image\\\/\"}}]}<\/script>\n<!-- \/ Yoast SEO plugin. -->","yoast_head_json":{"title":"BYCON DB-352 Mikro-Schlagbohrmaschine 3300W | \u00d8302 mm - KEM Europe","description":"3300W Mikro-Schlagbohrmotor bohrt \u00d8302 mm Beton. 3 Geschwindigkeiten, Sanftanlauf, Rutschkupplung und Magnesiumgeh\u00e4use f\u00fcr sichere Pr\u00e4zisionsarbeit.","robots":{"index":"index","follow":"follow","max-snippet":"max-snippet:-1","max-image-preview":"max-image-preview:large","max-video-preview":"max-video-preview:-1"},"canonical":"https:\/\/kem-europe.eu\/de\/produkt\/bycon-db-352-mikro-schlagbohrmaschine-3300w\/","og_locale":"de_DE","og_type":"article","og_title":"BYCON DB-352 Micro Percussie Kernboor 3300W | \u00d8302 mm - KEM Europe","og_description":"3300W micro-percussie kernboormotor boort \u00d8302 mm beton. 3 snelheden, soft-start, slipkoppeling & magnesium behuizing voor veilige precisiewerkzaamheden.","og_url":"https:\/\/kem-europe.eu\/de\/produkt\/bycon-db-352-mikro-schlagbohrmaschine-3300w\/","og_site_name":"KEM Europe","article_modified_time":"2025-07-07T10:35:59+00:00","og_image":[{"width":700,"height":700,"url":"https:\/\/kem-europe.eu\/wp-content\/uploads\/2025\/07\/DB-352-2.png","type":"image\/png"}],"twitter_card":"summary_large_image","twitter_misc":{"Gesch\u00e4tzte Lesezeit":"2\u00a0Minuten"},"schema":{"@context":"https:\/\/schema.org","@graph":[{"@type":"WebPage","@id":"https:\/\/kem-europe.eu\/product\/bycon-db-352-micro-percussieboor-3300w\/","url":"https:\/\/kem-europe.eu\/product\/bycon-db-352-micro-percussieboor-3300w\/","name":"BYCON DB-352 Mikro-Schlagbohrmaschine 3300W | \u00d8302 mm - KEM Europe","isPartOf":{"@id":"https:\/\/kem-europe.eu\/#website"},"primaryImageOfPage":{"@id":"https:\/\/kem-europe.eu\/product\/bycon-db-352-micro-percussieboor-3300w\/#primaryimage"},"image":{"@id":"https:\/\/kem-europe.eu\/product\/bycon-db-352-micro-percussieboor-3300w\/#primaryimage"},"thumbnailUrl":"https:\/\/kem-europe.eu\/wp-content\/uploads\/2025\/07\/DB-352-2.png","datePublished":"2025-07-01T13:21:39+00:00","dateModified":"2025-07-07T10:35:59+00:00","description":"3300W Mikro-Schlagbohrmotor bohrt \u00d8302 mm Beton. 3 Geschwindigkeiten, Sanftanlauf, Rutschkupplung und Magnesiumgeh\u00e4use f\u00fcr sichere Pr\u00e4zisionsarbeit.","breadcrumb":{"@id":"https:\/\/kem-europe.eu\/product\/bycon-db-352-micro-percussieboor-3300w\/#breadcrumb"},"inLanguage":"de","potentialAction":[{"@type":"ReadAction","target":["https:\/\/kem-europe.eu\/product\/bycon-db-352-micro-percussieboor-3300w\/"]}]},{"@type":"ImageObject","inLanguage":"de","@id":"https:\/\/kem-europe.eu\/product\/bycon-db-352-micro-percussieboor-3300w\/#primaryimage","url":"https:\/\/kem-europe.eu\/wp-content\/uploads\/2025\/07\/DB-352-2.png","contentUrl":"https:\/\/kem-europe.eu\/wp-content\/uploads\/2025\/07\/DB-352-2.png","width":700,"height":700,"caption":"BYCON DB-352 \u2013 Micro-Percussie Kernboormotor 3300 W (\u00d8302 mm)"},{"@type":"BreadcrumbList","@id":"https:\/\/kem-europe.eu\/product\/bycon-db-352-micro-percussieboor-3300w\/#breadcrumb","itemListElement":[{"@type":"ListItem","position":1,"name":"Home","item":"https:\/\/kem-europe.eu\/"},{"@type":"ListItem","position":2,"name":"Winkel","item":"https:\/\/kem-europe.eu\/winkel\/"},{"@type":"ListItem","position":3,"name":"BYCON DB-352 \u2013 Droge Diamantboormachine | 3300W | Micro-Percussie | Heavy Duty"}]},{"@type":"WebSite","@id":"https:\/\/kem-europe.eu\/#website","url":"https:\/\/kem-europe.eu\/","name":"KEM Europe","description":"","publisher":{"@id":"https:\/\/kem-europe.eu\/#organization"},"potentialAction":[{"@type":"SearchAction","target":{"@type":"EntryPoint","urlTemplate":"https:\/\/kem-europe.eu\/?s={search_term_string}"},"query-input":{"@type":"PropertyValueSpecification","valueRequired":true,"valueName":"search_term_string"}}],"inLanguage":"de"},{"@type":"Organization","@id":"https:\/\/kem-europe.eu\/#organization","name":"KEM Europe","url":"https:\/\/kem-europe.eu\/","logo":{"@type":"ImageObject","inLanguage":"de","@id":"https:\/\/kem-europe.eu\/#\/schema\/logo\/image\/","url":"https:\/\/kem-europe.eu\/wp-content\/uploads\/2025\/02\/KEM2019-BLACK-1500W.png","contentUrl":"https:\/\/kem-europe.eu\/wp-content\/uploads\/2025\/02\/KEM2019-BLACK-1500W.png","width":1500,"height":626,"caption":"KEM Europe"},"image":{"@id":"https:\/\/kem-europe.eu\/#\/schema\/logo\/image\/"}}]}},"_links":{"self":[{"href":"https:\/\/kem-europe.eu\/de\/wp-json\/wp\/v2\/product\/7536","targetHints":{"allow":["GET"]}}],"collection":[{"href":"https:\/\/kem-europe.eu\/de\/wp-json\/wp\/v2\/product"}],"about":[{"href":"https:\/\/kem-europe.eu\/de\/wp-json\/wp\/v2\/types\/product"}],"replies":[{"embeddable":true,"href":"https:\/\/kem-europe.eu\/de\/wp-json\/wp\/v2\/comments?post=7536"}],"wp:featuredmedia":[{"embeddable":true,"href":"https:\/\/kem-europe.eu\/de\/wp-json\/wp\/v2\/media\/7538"}],"wp:attachment":[{"href":"https:\/\/kem-europe.eu\/de\/wp-json\/wp\/v2\/media?parent=7536"}],"wp:term":[{"taxonomy":"product_brand","embeddable":true,"href":"https:\/\/kem-europe.eu\/de\/wp-json\/wp\/v2\/product_brand?post=7536"},{"taxonomy":"product_cat","embeddable":true,"href":"https:\/\/kem-europe.eu\/de\/wp-json\/wp\/v2\/product_cat?post=7536"},{"taxonomy":"product_tag","embeddable":true,"href":"https:\/\/kem-europe.eu\/de\/wp-json\/wp\/v2\/product_tag?post=7536"}],"curies":[{"name":"wp","href":"https:\/\/api.w.org\/{rel}","templated":true}]}}