{"id":7554,"date":"2025-07-01T13:33:48","date_gmt":"2025-07-01T13:33:48","guid":{"rendered":"https:\/\/kem-europe.eu\/?post_type=product&#038;p=7554"},"modified":"2025-07-07T10:35:42","modified_gmt":"2025-07-07T10:35:42","slug":"bycon-db-162p-mikro-schlagbohrmaschine-2200w","status":"publish","type":"product","link":"https:\/\/kem-europe.eu\/de\/product\/bycon-db-162p-micro-percussieboor-2200w\/","title":{"rendered":"BYCON DB-162P - Diamant-Trockenbohrer | 2200W | Mikro-Schlagbohrer | P-Griff"},"content":{"rendered":"<h2 data-start=\"995\" data-end=\"1072\">BYCON DB-162P - Diamant-Trockenbohrer | 2200W | Mikro-Schlagbohrer | P-Griff<\/h2>\n<p data-start=\"1096\" data-end=\"2008\">Die BYCON DB-162P wurde f\u00fcr Profis entwickelt, die eine kompakte Gr\u00f6\u00dfe mit einer starken Bohrleistung kombinieren wollen. Der 2 200 W-Motor liefert eine stabile Leistung, w\u00e4hrend die umschaltbare Mikroschlagfunktion - mit 16 000 oder 38 000 Schl\u00e4gen pro Minute - Stahlbeton und hartes Gestein schnell durchbricht. Die beiden G\u00e4nge (700 \/ 1 550 U\/min) sorgen f\u00fcr ein ausgewogenes Verh\u00e4ltnis von Drehmoment und Drehzahl beim Bohren von Durchmessern von \u00d8 82 mm bis \u00d8 162 mm von Hand oder \u00d8 202 mm auf einem Stativ. Der Sanftanlauf l\u00e4sst die Drehzahl sanft ansteigen, w\u00e4hrend der PRCD-Leckstromschutz (bei der 220-V-Version) und die mechanische Rutschkupplung den R\u00fcckschlag minimieren. Der Doppelspindelanschluss (1-1\/4\u2033 UNC &amp; 1\/2\u2033 BSP) gew\u00e4hrleistet die Kompatibilit\u00e4t mit nahezu allen europ\u00e4ischen Kronenbohrern, und das geringe Gewicht erleichtert das \u00dcberkopf- und mobile Arbeiten. Somit bietet der DB-162P Pr\u00e4zision, Sicherheit und Produktivit\u00e4t auf jeder Baustelle.<\/p>\n<hr data-start=\"2010\" data-end=\"2013\" \/>\n<p data-start=\"2015\" data-end=\"2040\"><strong>Hauptmerkmale<\/strong><\/p>\n<ul>\n<li data-start=\"2043\" data-end=\"2117\"><strong data-start=\"2043\" data-end=\"2061\">Motorleistung:<\/strong> 2 200 W, zwei Drehzahlen (700 \/ 1 550 U\/min ohne Last)<\/li>\n<li data-start=\"2043\" data-end=\"2117\"><strong data-start=\"2120\" data-end=\"2140\">Mikro-Schlagzeug:<\/strong> 16 000 \/ 38 000 BPM f\u00fcr schnellen Materialabtrag<\/li>\n<li data-start=\"2043\" data-end=\"2117\"><strong data-start=\"2193\" data-end=\"2215\">Maximaler Bohrdurchmesser:<\/strong> \u00d8 162 mm tragbar \/ \u00d8 202 mm auf St\u00e4nder<\/li>\n<li data-start=\"2043\" data-end=\"2117\"><strong data-start=\"2261\" data-end=\"2273\">Spindel:<\/strong> 1-1\/4\u2033 UNC &amp; 1\/2\u2033 BSP - breite Kompatibilit\u00e4t<\/li>\n<li data-start=\"2043\" data-end=\"2117\"><strong data-start=\"2324\" data-end=\"2340\">Sicherheit:<\/strong> Sanftanlauf, mechanische Rutschkupplung, PRCD (Modell 220 V)<\/li>\n<li data-start=\"2043\" data-end=\"2117\"><strong data-start=\"2403\" data-end=\"2415\">Gewicht:<\/strong> ca. 6,5 kg - extrem tragbar f\u00fcr den mobilen Einsatz<\/li>\n<\/ul>\n<hr data-start=\"2471\" data-end=\"2474\" \/>\n<p data-start=\"2476\" data-end=\"2495\"><strong>Spezifikationen<\/strong><\/p>\n<ul>\n<li data-start=\"2498\" data-end=\"2564\"><strong data-start=\"2498\" data-end=\"2532\">Versorgungsspannung \/ Frequenz:<\/strong> 220 V ~ 50 Hz | 120 V ~ 60 Hz<\/li>\n<li data-start=\"2498\" data-end=\"2564\"><strong data-start=\"2567\" data-end=\"2585\">Stromst\u00e4rke:<\/strong> 10 A (220 V) \/ 15 A (120 V)<\/li>\n<li data-start=\"2498\" data-end=\"2564\"><strong data-start=\"2618\" data-end=\"2653\">Leerlaufdrehzahl (Stellung 1\/2):<\/strong> 700 \/ 1 550 U\/min<\/li>\n<li data-start=\"2498\" data-end=\"2564\"><strong data-start=\"2674\" data-end=\"2704\">Mikro-Schlagzeug-Beat (BPM):<\/strong> 16 000 \/ 38 000<\/li>\n<li data-start=\"2498\" data-end=\"2564\"><strong data-start=\"2725\" data-end=\"2764\">Bohrerdurchmesser pro St\u00e4nder (tragbar):<\/strong> \u00d8 162 \/ 82 mm<\/li>\n<li data-start=\"2498\" data-end=\"2564\"><strong data-start=\"2783\" data-end=\"2823\">Bohrerdurchmesser pro St\u00e4nder (auf dem St\u00e4nder):<\/strong> \u00d8 202 \/ 102 mm<\/li>\n<li data-start=\"2498\" data-end=\"2564\"><strong data-start=\"2843\" data-end=\"2868\">Kompatible Stative:<\/strong> DSP-162 | DSP-252<\/li>\n<li data-start=\"2498\" data-end=\"2564\"><strong data-start=\"2891\" data-end=\"2909\">Nettogewicht:<\/strong> 6,5 kg<\/li>\n<li data-start=\"2498\" data-end=\"2564\"><strong data-start=\"2921\" data-end=\"2947\">Abmessungen der Verpackung:<\/strong> 635 \u00d7 460 \u00d7 215 mm<\/li>\n<\/ul>\n<hr data-start=\"2970\" data-end=\"2973\" \/>\n<p data-start=\"2975\" data-end=\"2996\"><strong>Umfang der Lieferung<\/strong><\/p>\n<ul>\n<li data-start=\"2999\" data-end=\"3046\">DB-162P Mikro-Schlagbohrer-Motor 2 200 W<\/li>\n<li data-start=\"2999\" data-end=\"3046\">Verstellbarer Seitengriff<\/li>\n<li data-start=\"2999\" data-end=\"3046\">Adapter f\u00fcr Wasseranschluss<\/li>\n<li data-start=\"2999\" data-end=\"3046\">Handbuch<\/li>\n<\/ul>","protected":false},"excerpt":{"rendered":"<p data-start=\"420\" data-end=\"988\">Der BYCON DB-162P ist ein kompakter 2 200 W Mikro-Schlagbohrmotor f\u00fcr Trockenbohrungen bis zu \u00d8 162 mm in Stahlbeton. Zwei Drehzahlen (700 \/ 1 550 U\/min) und Hubzahlen von bis zu 38 000 BPM kombinieren Geschwindigkeit mit hohem Drehmoment. Soft-Start und eine mechanische Rutschkupplung sch\u00fctzen Anwender und Maschine vor Belastungsspitzen und R\u00fcckschlag. Mit einem Gewicht von nur 6,5 kg arbeiten Sie tragbar oder auf einem DSP-162\/DSP-252-St\u00e4nder f\u00fcr maximale Pr\u00e4zision. Ideal f\u00fcr Bauunternehmer, die Mobilit\u00e4t, Langlebigkeit und starke Leistung verlangen.<\/p>","protected":false},"featured_media":7557,"comment_status":"open","ping_status":"closed","template":"","meta":[],"product_brand":[627],"product_cat":[74,16],"product_tag":[],"class_list":{"0":"post-7554","1":"product","2":"type-product","3":"status-publish","4":"has-post-thumbnail","6":"product_brand-bycon","7":"product_cat-diamant-boormachine","8":"product_cat-diamantgereedschap","10":"first","11":"instock","12":"shipping-taxable","13":"product-type-simple"},"ct_brands":[{"id":627,"name":"BYCON","slug":"bycon"}],"yoast_head":"<!-- This site is optimized with the Yoast SEO plugin v27.3 - https:\/\/yoast.com\/product\/yoast-seo-wordpress\/ -->\n<title>BYCON DB-162P Micro Percussie Kernboor 2200W | \u00d8162 mm - KEM Europe<\/title>\n<meta name=\"description\" content=\"2200W brushless micro-percussie kernboormotor boort \u00d8162 mm voor droog. 2 snelheden, soft-start &amp; slipkoppeling voor veilige, krachtige precisieboringen.\" \/>\n<meta name=\"robots\" content=\"index, follow, max-snippet:-1, max-image-preview:large, max-video-preview:-1\" \/>\n<link rel=\"canonical\" href=\"https:\/\/kem-europe.eu\/de\/produkt\/bycon-db-162p-mikro-schlagbohrmaschine-2200w\/\" \/>\n<meta property=\"og:locale\" content=\"de_DE\" \/>\n<meta property=\"og:type\" content=\"article\" \/>\n<meta property=\"og:title\" content=\"BYCON DB-162P Micro Percussie Kernboor 2200W | \u00d8162 mm - KEM Europe\" \/>\n<meta property=\"og:description\" content=\"2200W brushless micro-percussie kernboormotor boort \u00d8162 mm voor droog. 2 snelheden, soft-start &amp; slipkoppeling voor veilige, krachtige precisieboringen.\" \/>\n<meta property=\"og:url\" content=\"https:\/\/kem-europe.eu\/de\/produkt\/bycon-db-162p-mikro-schlagbohrmaschine-2200w\/\" \/>\n<meta property=\"og:site_name\" content=\"KEM Europe\" \/>\n<meta property=\"article:modified_time\" content=\"2025-07-07T10:35:42+00:00\" \/>\n<meta property=\"og:image\" content=\"https:\/\/kem-europe.eu\/wp-content\/uploads\/2025\/07\/DB-162P.png\" \/>\n\t<meta property=\"og:image:width\" content=\"700\" \/>\n\t<meta property=\"og:image:height\" content=\"700\" \/>\n\t<meta property=\"og:image:type\" content=\"image\/png\" \/>\n<meta name=\"twitter:card\" content=\"summary_large_image\" \/>\n<meta name=\"twitter:label1\" content=\"Gesch\u00e4tzte Lesezeit\" \/>\n\t<meta name=\"twitter:data1\" content=\"2\u00a0Minuten\" \/>\n<script type=\"application\/ld+json\" class=\"yoast-schema-graph\">{\"@context\":\"https:\\\/\\\/schema.org\",\"@graph\":[{\"@type\":\"WebPage\",\"@id\":\"https:\\\/\\\/kem-europe.eu\\\/product\\\/bycon-db-162p-micro-percussieboor-2200w\\\/\",\"url\":\"https:\\\/\\\/kem-europe.eu\\\/product\\\/bycon-db-162p-micro-percussieboor-2200w\\\/\",\"name\":\"BYCON DB-162P Micro Percussie Kernboor 2200W | \u00d8162 mm - KEM Europe\",\"isPartOf\":{\"@id\":\"https:\\\/\\\/kem-europe.eu\\\/#website\"},\"primaryImageOfPage\":{\"@id\":\"https:\\\/\\\/kem-europe.eu\\\/product\\\/bycon-db-162p-micro-percussieboor-2200w\\\/#primaryimage\"},\"image\":{\"@id\":\"https:\\\/\\\/kem-europe.eu\\\/product\\\/bycon-db-162p-micro-percussieboor-2200w\\\/#primaryimage\"},\"thumbnailUrl\":\"https:\\\/\\\/kem-europe.eu\\\/wp-content\\\/uploads\\\/2025\\\/07\\\/DB-162P.png\",\"datePublished\":\"2025-07-01T13:33:48+00:00\",\"dateModified\":\"2025-07-07T10:35:42+00:00\",\"description\":\"2200W brushless micro-percussie kernboormotor boort \u00d8162 mm voor droog. 2 snelheden, soft-start & slipkoppeling voor veilige, krachtige precisieboringen.\",\"breadcrumb\":{\"@id\":\"https:\\\/\\\/kem-europe.eu\\\/product\\\/bycon-db-162p-micro-percussieboor-2200w\\\/#breadcrumb\"},\"inLanguage\":\"de\",\"potentialAction\":[{\"@type\":\"ReadAction\",\"target\":[\"https:\\\/\\\/kem-europe.eu\\\/product\\\/bycon-db-162p-micro-percussieboor-2200w\\\/\"]}]},{\"@type\":\"ImageObject\",\"inLanguage\":\"de\",\"@id\":\"https:\\\/\\\/kem-europe.eu\\\/product\\\/bycon-db-162p-micro-percussieboor-2200w\\\/#primaryimage\",\"url\":\"https:\\\/\\\/kem-europe.eu\\\/wp-content\\\/uploads\\\/2025\\\/07\\\/DB-162P.png\",\"contentUrl\":\"https:\\\/\\\/kem-europe.eu\\\/wp-content\\\/uploads\\\/2025\\\/07\\\/DB-162P.png\",\"width\":700,\"height\":700,\"caption\":\"BYCON DB-162P \u2013 Micro-Percussie Kernboormotor 2200 W (\u00d8162 mm nat & droog)\"},{\"@type\":\"BreadcrumbList\",\"@id\":\"https:\\\/\\\/kem-europe.eu\\\/product\\\/bycon-db-162p-micro-percussieboor-2200w\\\/#breadcrumb\",\"itemListElement\":[{\"@type\":\"ListItem\",\"position\":1,\"name\":\"Home\",\"item\":\"https:\\\/\\\/kem-europe.eu\\\/\"},{\"@type\":\"ListItem\",\"position\":2,\"name\":\"Winkel\",\"item\":\"https:\\\/\\\/kem-europe.eu\\\/winkel\\\/\"},{\"@type\":\"ListItem\",\"position\":3,\"name\":\"BYCON DB-162P \u2013 Droge Diamantboormachine | 2200W | Micro-Percussie | P-Greep\"}]},{\"@type\":\"WebSite\",\"@id\":\"https:\\\/\\\/kem-europe.eu\\\/#website\",\"url\":\"https:\\\/\\\/kem-europe.eu\\\/\",\"name\":\"KEM Europe\",\"description\":\"\",\"publisher\":{\"@id\":\"https:\\\/\\\/kem-europe.eu\\\/#organization\"},\"potentialAction\":[{\"@type\":\"SearchAction\",\"target\":{\"@type\":\"EntryPoint\",\"urlTemplate\":\"https:\\\/\\\/kem-europe.eu\\\/?s={search_term_string}\"},\"query-input\":{\"@type\":\"PropertyValueSpecification\",\"valueRequired\":true,\"valueName\":\"search_term_string\"}}],\"inLanguage\":\"de\"},{\"@type\":\"Organization\",\"@id\":\"https:\\\/\\\/kem-europe.eu\\\/#organization\",\"name\":\"KEM Europe\",\"url\":\"https:\\\/\\\/kem-europe.eu\\\/\",\"logo\":{\"@type\":\"ImageObject\",\"inLanguage\":\"de\",\"@id\":\"https:\\\/\\\/kem-europe.eu\\\/#\\\/schema\\\/logo\\\/image\\\/\",\"url\":\"https:\\\/\\\/kem-europe.eu\\\/wp-content\\\/uploads\\\/2025\\\/02\\\/KEM2019-BLACK-1500W.png\",\"contentUrl\":\"https:\\\/\\\/kem-europe.eu\\\/wp-content\\\/uploads\\\/2025\\\/02\\\/KEM2019-BLACK-1500W.png\",\"width\":1500,\"height\":626,\"caption\":\"KEM Europe\"},\"image\":{\"@id\":\"https:\\\/\\\/kem-europe.eu\\\/#\\\/schema\\\/logo\\\/image\\\/\"}}]}<\/script>\n<!-- \/ Yoast SEO plugin. -->","yoast_head_json":{"title":"BYCON DB-162P Mikro-Schlagbohrmaschine 2200W | \u00d8162 mm - KEM Europe","description":"2200 W b\u00fcrstenloser Mikro-Schlagbohrmotor bohrt \u00d8162 mm f\u00fcr Trockenbohrungen. 2 Geschwindigkeiten, Sanftanlauf und Rutschkupplung f\u00fcr sicheres, kraftvolles Pr\u00e4zisionsbohren.","robots":{"index":"index","follow":"follow","max-snippet":"max-snippet:-1","max-image-preview":"max-image-preview:large","max-video-preview":"max-video-preview:-1"},"canonical":"https:\/\/kem-europe.eu\/de\/produkt\/bycon-db-162p-mikro-schlagbohrmaschine-2200w\/","og_locale":"de_DE","og_type":"article","og_title":"BYCON DB-162P Micro Percussie Kernboor 2200W | \u00d8162 mm - KEM Europe","og_description":"2200W brushless micro-percussie kernboormotor boort \u00d8162 mm voor droog. 2 snelheden, soft-start & slipkoppeling voor veilige, krachtige precisieboringen.","og_url":"https:\/\/kem-europe.eu\/de\/produkt\/bycon-db-162p-mikro-schlagbohrmaschine-2200w\/","og_site_name":"KEM Europe","article_modified_time":"2025-07-07T10:35:42+00:00","og_image":[{"width":700,"height":700,"url":"https:\/\/kem-europe.eu\/wp-content\/uploads\/2025\/07\/DB-162P.png","type":"image\/png"}],"twitter_card":"summary_large_image","twitter_misc":{"Gesch\u00e4tzte Lesezeit":"2\u00a0Minuten"},"schema":{"@context":"https:\/\/schema.org","@graph":[{"@type":"WebPage","@id":"https:\/\/kem-europe.eu\/product\/bycon-db-162p-micro-percussieboor-2200w\/","url":"https:\/\/kem-europe.eu\/product\/bycon-db-162p-micro-percussieboor-2200w\/","name":"BYCON DB-162P Mikro-Schlagbohrmaschine 2200W | \u00d8162 mm - KEM Europe","isPartOf":{"@id":"https:\/\/kem-europe.eu\/#website"},"primaryImageOfPage":{"@id":"https:\/\/kem-europe.eu\/product\/bycon-db-162p-micro-percussieboor-2200w\/#primaryimage"},"image":{"@id":"https:\/\/kem-europe.eu\/product\/bycon-db-162p-micro-percussieboor-2200w\/#primaryimage"},"thumbnailUrl":"https:\/\/kem-europe.eu\/wp-content\/uploads\/2025\/07\/DB-162P.png","datePublished":"2025-07-01T13:33:48+00:00","dateModified":"2025-07-07T10:35:42+00:00","description":"2200 W b\u00fcrstenloser Mikro-Schlagbohrmotor bohrt \u00d8162 mm f\u00fcr Trockenbohrungen. 2 Geschwindigkeiten, Sanftanlauf und Rutschkupplung f\u00fcr sicheres, kraftvolles Pr\u00e4zisionsbohren.","breadcrumb":{"@id":"https:\/\/kem-europe.eu\/product\/bycon-db-162p-micro-percussieboor-2200w\/#breadcrumb"},"inLanguage":"de","potentialAction":[{"@type":"ReadAction","target":["https:\/\/kem-europe.eu\/product\/bycon-db-162p-micro-percussieboor-2200w\/"]}]},{"@type":"ImageObject","inLanguage":"de","@id":"https:\/\/kem-europe.eu\/product\/bycon-db-162p-micro-percussieboor-2200w\/#primaryimage","url":"https:\/\/kem-europe.eu\/wp-content\/uploads\/2025\/07\/DB-162P.png","contentUrl":"https:\/\/kem-europe.eu\/wp-content\/uploads\/2025\/07\/DB-162P.png","width":700,"height":700,"caption":"BYCON DB-162P \u2013 Micro-Percussie Kernboormotor 2200 W (\u00d8162 mm nat & droog)"},{"@type":"BreadcrumbList","@id":"https:\/\/kem-europe.eu\/product\/bycon-db-162p-micro-percussieboor-2200w\/#breadcrumb","itemListElement":[{"@type":"ListItem","position":1,"name":"Home","item":"https:\/\/kem-europe.eu\/"},{"@type":"ListItem","position":2,"name":"Winkel","item":"https:\/\/kem-europe.eu\/winkel\/"},{"@type":"ListItem","position":3,"name":"BYCON DB-162P \u2013 Droge Diamantboormachine | 2200W | Micro-Percussie | P-Greep"}]},{"@type":"WebSite","@id":"https:\/\/kem-europe.eu\/#website","url":"https:\/\/kem-europe.eu\/","name":"KEM Europe","description":"","publisher":{"@id":"https:\/\/kem-europe.eu\/#organization"},"potentialAction":[{"@type":"SearchAction","target":{"@type":"EntryPoint","urlTemplate":"https:\/\/kem-europe.eu\/?s={search_term_string}"},"query-input":{"@type":"PropertyValueSpecification","valueRequired":true,"valueName":"search_term_string"}}],"inLanguage":"de"},{"@type":"Organization","@id":"https:\/\/kem-europe.eu\/#organization","name":"KEM Europe","url":"https:\/\/kem-europe.eu\/","logo":{"@type":"ImageObject","inLanguage":"de","@id":"https:\/\/kem-europe.eu\/#\/schema\/logo\/image\/","url":"https:\/\/kem-europe.eu\/wp-content\/uploads\/2025\/02\/KEM2019-BLACK-1500W.png","contentUrl":"https:\/\/kem-europe.eu\/wp-content\/uploads\/2025\/02\/KEM2019-BLACK-1500W.png","width":1500,"height":626,"caption":"KEM Europe"},"image":{"@id":"https:\/\/kem-europe.eu\/#\/schema\/logo\/image\/"}}]}},"_links":{"self":[{"href":"https:\/\/kem-europe.eu\/de\/wp-json\/wp\/v2\/product\/7554","targetHints":{"allow":["GET"]}}],"collection":[{"href":"https:\/\/kem-europe.eu\/de\/wp-json\/wp\/v2\/product"}],"about":[{"href":"https:\/\/kem-europe.eu\/de\/wp-json\/wp\/v2\/types\/product"}],"replies":[{"embeddable":true,"href":"https:\/\/kem-europe.eu\/de\/wp-json\/wp\/v2\/comments?post=7554"}],"wp:featuredmedia":[{"embeddable":true,"href":"https:\/\/kem-europe.eu\/de\/wp-json\/wp\/v2\/media\/7557"}],"wp:attachment":[{"href":"https:\/\/kem-europe.eu\/de\/wp-json\/wp\/v2\/media?parent=7554"}],"wp:term":[{"taxonomy":"product_brand","embeddable":true,"href":"https:\/\/kem-europe.eu\/de\/wp-json\/wp\/v2\/product_brand?post=7554"},{"taxonomy":"product_cat","embeddable":true,"href":"https:\/\/kem-europe.eu\/de\/wp-json\/wp\/v2\/product_cat?post=7554"},{"taxonomy":"product_tag","embeddable":true,"href":"https:\/\/kem-europe.eu\/de\/wp-json\/wp\/v2\/product_tag?post=7554"}],"curies":[{"name":"wp","href":"https:\/\/api.w.org\/{rel}","templated":true}]}}