{"id":7595,"date":"2025-07-02T08:38:04","date_gmt":"2025-07-02T08:38:04","guid":{"rendered":"https:\/\/kem-europe.eu\/?post_type=product&#038;p=7595"},"modified":"2025-07-02T08:38:04","modified_gmt":"2025-07-02T08:38:04","slug":"bycon-dbs-352-kernbohrstander","status":"publish","type":"product","link":"https:\/\/kem-europe.eu\/de\/product\/bycon-dbs-352-kernboorstatief\/","title":{"rendered":"BYCON DBS-352 - Hochbelastbares Kernbohrstativ 0-45\u00b0 (\u00d8352 mm)"},"content":{"rendered":"<h2 data-start=\"1034\" data-end=\"1095\">BYCON DBS-352 - Hochbelastbares Kernbohrstativ 0-45\u00b0 (\u00d8352 mm)<\/h2>\n<p data-start=\"1119\" data-end=\"1914\">Die BYCON DBS-352 kombiniert eine verwindungssteife 45# Stahls\u00e4ule (50 \u00d7 50 \u00d7 1 000 mm) mit einer gro\u00dfen Hubl\u00e4nge von 670 mm, so dass Sie tiefe Bohrungen in einer Aufspannung durchf\u00fchren k\u00f6nnen. Die S\u00e4ule kann um 0-45\u00b0 geneigt werden, was Winkelbohrungen in B\u00f6den, W\u00e4nden oder Decken erm\u00f6glicht. Acht F\u00fchrungsr\u00e4der auf dem Schlitten sorgen f\u00fcr eine reibungslose, spielfreie Auf- und Abw\u00e4rtsbewegung, w\u00e4hrend der Vakuumsockel die Wahl zwischen schnellem Vakuumanziehen oder herk\u00f6mmlicher D\u00fcbelbefestigung bietet. Der ergonomische Anti-Vibrationsgriff d\u00e4mpft Vibrationen und sorgt f\u00fcr pr\u00e4zises Arbeiten, selbst bei schweren Motoren wie dem DB-352. Mit der universellen \u00d860-mm-Motorplatte k\u00f6nnen Sie im Handumdrehen zwischen verschiedenen Kernbohrmotoren wechseln, was den DBS-352 zu einem unverzichtbaren Werkzeug f\u00fcr schwere Betonbohrungen bei jedem Projekt macht.<\/p>\n<hr data-start=\"1916\" data-end=\"1919\" \/>\n<p data-start=\"1921\" data-end=\"1946\"><strong>Hauptmerkmale<\/strong><\/p>\n<ul>\n<li data-start=\"1949\" data-end=\"1991\"><strong data-start=\"1949\" data-end=\"1971\">Maximaler Bohrdurchmesser:<\/strong> \u00d8 352 mm in Beton<\/li>\n<li data-start=\"1949\" data-end=\"1991\"><strong data-start=\"1994\" data-end=\"2009\">L\u00e4nge des Hubs:<\/strong> 670 mm - Tiefbohren ohne Umstecken<\/li>\n<li data-start=\"1949\" data-end=\"1991\"><strong data-start=\"2061\" data-end=\"2071\">Kolumne:<\/strong> 45# Stahl, 50 \u00d7 50 \u00d7 1 000 mm - hohe Torsionssteifigkeit<\/li>\n<li data-start=\"1949\" data-end=\"1991\"><strong data-start=\"2129\" data-end=\"2146\">Neigungsbereich:<\/strong> 0\u00b0 - 45\u00b0 f\u00fcr Schr\u00e4gbohrungen<\/li>\n<li data-start=\"1949\" data-end=\"1991\"><strong data-start=\"2182\" data-end=\"2192\">Die Grundlagen:<\/strong> Aluminium-Vakuumsockel oder Ankerbefestigung<\/li>\n<li data-start=\"1949\" data-end=\"1991\"><strong data-start=\"2240\" data-end=\"2254\">Handgriff:<\/strong> Vibrationsd\u00e4mpfung f\u00fcr mehr Komfort und Pr\u00e4zision<\/li>\n<li data-start=\"1949\" data-end=\"1991\"><strong data-start=\"2303\" data-end=\"2324\">Motoranbau:<\/strong> \u00d8 60 mm Klemme + 20 mm Motorplatte<\/li>\n<\/ul>\n<hr data-start=\"2360\" data-end=\"2363\" \/>\n<p data-start=\"2365\" data-end=\"2384\"><strong>Spezifikationen<\/strong><\/p>\n<ul>\n<li data-start=\"2387\" data-end=\"2426\"><strong data-start=\"2387\" data-end=\"2415\">Max. Bohrdurchmesser Beton:<\/strong> \u00d8 352 mm<\/li>\n<li data-start=\"2387\" data-end=\"2426\"><strong data-start=\"2429\" data-end=\"2445\">H\u00f6he der S\u00e4ule:<\/strong> 1 000 mm<\/li>\n<li data-start=\"2387\" data-end=\"2426\"><strong data-start=\"2459\" data-end=\"2474\">L\u00e4nge des Hubs:<\/strong> 670 mm<\/li>\n<li data-start=\"2387\" data-end=\"2426\"><strong data-start=\"2486\" data-end=\"2504\">Montage des Motors:<\/strong> \u00d8 60 mm Klemme, 20 mm Platte<\/li>\n<li data-start=\"2387\" data-end=\"2426\"><strong data-start=\"2535\" data-end=\"2554\">Material der S\u00e4ule:<\/strong> 45# Stahl<\/li>\n<li data-start=\"2387\" data-end=\"2426\"><strong data-start=\"2569\" data-end=\"2586\">Neigungsbereich:<\/strong> 0\u00b0 - 45\u00b0<\/li>\n<li data-start=\"2387\" data-end=\"2426\"><strong data-start=\"2600\" data-end=\"2626\">Nettogewicht des Stativs:<\/strong> 23,5 kg<\/li>\n<li data-start=\"2387\" data-end=\"2426\"><strong data-start=\"2639\" data-end=\"2660\">Abmessungen der Verpackung:<\/strong> 1 040 \u00d7 290 \u00d7 410 mm<\/li>\n<\/ul>\n<hr data-start=\"2685\" data-end=\"2688\" \/>\n<p data-start=\"2690\" data-end=\"2711\"><strong>Umfang der Lieferung<\/strong><\/p>\n<ul>\n<li data-start=\"2714\" data-end=\"2755\">DBS-352 Kernbohrst\u00e4nder mit Vakuumsockel<\/li>\n<li data-start=\"2714\" data-end=\"2755\">\u00d8 60 mm Motorplatte (vormontiert)<\/li>\n<li data-start=\"2714\" data-end=\"2755\">Anti-Vibrations-Griff<\/li>\n<li data-start=\"2714\" data-end=\"2755\">Verriegelungskn\u00f6pfe und Einstellwerkzeuge<\/li>\n<li data-start=\"2714\" data-end=\"2755\">Handbuch<\/li>\n<\/ul>","protected":false},"excerpt":{"rendered":"<p data-start=\"408\" data-end=\"1027\">Das BYCON DBS-352 ist ein extrem stabiles Kernbohrstativ mit einer 45# Stahls\u00e4ule und 670 mm Hubl\u00e4nge, geeignet f\u00fcr Bohrungen bis zu \u00d8 352 mm. Dank des Vakuumsockels k\u00f6nnen Sie das Stativ schnell auf glatten B\u00f6den fixieren oder mit Schrauben f\u00fcr maximale Stabilit\u00e4t verankern. Die S\u00e4ule ist stufenlos von 0\u00b0 bis 45\u00b0 neigbar und der Anti-Vibrationsgriff reduziert die Erm\u00fcdung bei l\u00e4ngerem Bohren. Mit der \u00d8 60 mm Motorplatte klemmen Sie BYCON Motoren wie DB-162, DB-202 und DB-352 in Sekundenschnelle ein. Das ideale Werkzeug f\u00fcr Bauunternehmer, die Pr\u00e4zision und Vielseitigkeit bei schwierigen Arbeiten verlangen.<\/p>","protected":false},"featured_media":7599,"comment_status":"open","ping_status":"closed","template":"","meta":[],"product_brand":[627],"product_cat":[72,16],"product_tag":[],"class_list":{"0":"post-7595","1":"product","2":"type-product","3":"status-publish","4":"has-post-thumbnail","6":"product_brand-bycon","7":"product_cat-boorstandaard","8":"product_cat-diamantgereedschap","10":"first","11":"instock","12":"shipping-taxable","13":"product-type-simple"},"ct_brands":[{"id":627,"name":"BYCON","slug":"bycon"}],"yoast_head":"<!-- This site is optimized with the Yoast SEO plugin v27.4 - https:\/\/yoast.com\/product\/yoast-seo-wordpress\/ -->\n<title>BYCON DBS-352 Kernboorstatief 45\u00b0 | \u00d8352 mm betonboren - KEM Europe<\/title>\n<meta name=\"description\" content=\"Robuust 45#-stalen statief voor \u00d8352 mm betonboringen. 670 mm slag, 0\u201345\u00b0 kanteling, vacu\u00fcmbasis &amp; anti-vibratiehandgreep voor nauwkeurig zwaar werk.\" \/>\n<meta name=\"robots\" content=\"index, follow, max-snippet:-1, max-image-preview:large, max-video-preview:-1\" \/>\n<link rel=\"canonical\" href=\"https:\/\/kem-europe.eu\/de\/produkt\/bycon-dbs-352-kernbohrstander\/\" \/>\n<meta property=\"og:locale\" content=\"de_DE\" \/>\n<meta property=\"og:type\" content=\"article\" \/>\n<meta property=\"og:title\" content=\"BYCON DBS-352 Kernboorstatief 45\u00b0 | \u00d8352 mm betonboren - KEM Europe\" \/>\n<meta property=\"og:description\" content=\"Robuust 45#-stalen statief voor \u00d8352 mm betonboringen. 670 mm slag, 0\u201345\u00b0 kanteling, vacu\u00fcmbasis &amp; anti-vibratiehandgreep voor nauwkeurig zwaar werk.\" \/>\n<meta property=\"og:url\" content=\"https:\/\/kem-europe.eu\/de\/produkt\/bycon-dbs-352-kernbohrstander\/\" \/>\n<meta property=\"og:site_name\" content=\"KEM Europe\" \/>\n<meta property=\"og:image\" content=\"https:\/\/kem-europe.eu\/wp-content\/uploads\/2025\/07\/DBS-352.png\" \/>\n\t<meta property=\"og:image:width\" content=\"700\" \/>\n\t<meta property=\"og:image:height\" content=\"700\" \/>\n\t<meta property=\"og:image:type\" content=\"image\/png\" \/>\n<meta name=\"twitter:card\" content=\"summary_large_image\" \/>\n<meta name=\"twitter:label1\" content=\"Gesch\u00e4tzte Lesezeit\" \/>\n\t<meta name=\"twitter:data1\" content=\"2\u00a0Minuten\" \/>\n<script type=\"application\/ld+json\" class=\"yoast-schema-graph\">{\"@context\":\"https:\\\/\\\/schema.org\",\"@graph\":[{\"@type\":\"WebPage\",\"@id\":\"https:\\\/\\\/kem-europe.eu\\\/product\\\/bycon-dbs-352-kernboorstatief\\\/\",\"url\":\"https:\\\/\\\/kem-europe.eu\\\/product\\\/bycon-dbs-352-kernboorstatief\\\/\",\"name\":\"BYCON DBS-352 Kernboorstatief 45\u00b0 | \u00d8352 mm betonboren - KEM Europe\",\"isPartOf\":{\"@id\":\"https:\\\/\\\/kem-europe.eu\\\/#website\"},\"primaryImageOfPage\":{\"@id\":\"https:\\\/\\\/kem-europe.eu\\\/product\\\/bycon-dbs-352-kernboorstatief\\\/#primaryimage\"},\"image\":{\"@id\":\"https:\\\/\\\/kem-europe.eu\\\/product\\\/bycon-dbs-352-kernboorstatief\\\/#primaryimage\"},\"thumbnailUrl\":\"https:\\\/\\\/kem-europe.eu\\\/wp-content\\\/uploads\\\/2025\\\/07\\\/DBS-352.png\",\"datePublished\":\"2025-07-02T08:38:04+00:00\",\"description\":\"Robuust 45#-stalen statief voor \u00d8352 mm betonboringen. 670 mm slag, 0\u201345\u00b0 kanteling, vacu\u00fcmbasis & anti-vibratiehandgreep voor nauwkeurig zwaar werk.\",\"breadcrumb\":{\"@id\":\"https:\\\/\\\/kem-europe.eu\\\/product\\\/bycon-dbs-352-kernboorstatief\\\/#breadcrumb\"},\"inLanguage\":\"de\",\"potentialAction\":[{\"@type\":\"ReadAction\",\"target\":[\"https:\\\/\\\/kem-europe.eu\\\/product\\\/bycon-dbs-352-kernboorstatief\\\/\"]}]},{\"@type\":\"ImageObject\",\"inLanguage\":\"de\",\"@id\":\"https:\\\/\\\/kem-europe.eu\\\/product\\\/bycon-dbs-352-kernboorstatief\\\/#primaryimage\",\"url\":\"https:\\\/\\\/kem-europe.eu\\\/wp-content\\\/uploads\\\/2025\\\/07\\\/DBS-352.png\",\"contentUrl\":\"https:\\\/\\\/kem-europe.eu\\\/wp-content\\\/uploads\\\/2025\\\/07\\\/DBS-352.png\",\"width\":700,\"height\":700,\"caption\":\"BYCON DBS-352 \u2013 Heavy-Duty Kernboorstatief 0\u201345\u00b0 (\u00d8352 mm)\"},{\"@type\":\"BreadcrumbList\",\"@id\":\"https:\\\/\\\/kem-europe.eu\\\/product\\\/bycon-dbs-352-kernboorstatief\\\/#breadcrumb\",\"itemListElement\":[{\"@type\":\"ListItem\",\"position\":1,\"name\":\"Home\",\"item\":\"https:\\\/\\\/kem-europe.eu\\\/\"},{\"@type\":\"ListItem\",\"position\":2,\"name\":\"Winkel\",\"item\":\"https:\\\/\\\/kem-europe.eu\\\/winkel\\\/\"},{\"@type\":\"ListItem\",\"position\":3,\"name\":\"BYCON DBS-352 \u2013 Heavy-Duty Kernboorstatief 0\u201345\u00b0 (\u00d8352 mm)\"}]},{\"@type\":\"WebSite\",\"@id\":\"https:\\\/\\\/kem-europe.eu\\\/#website\",\"url\":\"https:\\\/\\\/kem-europe.eu\\\/\",\"name\":\"KEM Europe\",\"description\":\"\",\"publisher\":{\"@id\":\"https:\\\/\\\/kem-europe.eu\\\/#organization\"},\"potentialAction\":[{\"@type\":\"SearchAction\",\"target\":{\"@type\":\"EntryPoint\",\"urlTemplate\":\"https:\\\/\\\/kem-europe.eu\\\/?s={search_term_string}\"},\"query-input\":{\"@type\":\"PropertyValueSpecification\",\"valueRequired\":true,\"valueName\":\"search_term_string\"}}],\"inLanguage\":\"de\"},{\"@type\":\"Organization\",\"@id\":\"https:\\\/\\\/kem-europe.eu\\\/#organization\",\"name\":\"KEM Europe\",\"url\":\"https:\\\/\\\/kem-europe.eu\\\/\",\"logo\":{\"@type\":\"ImageObject\",\"inLanguage\":\"de\",\"@id\":\"https:\\\/\\\/kem-europe.eu\\\/#\\\/schema\\\/logo\\\/image\\\/\",\"url\":\"https:\\\/\\\/kem-europe.eu\\\/wp-content\\\/uploads\\\/2025\\\/02\\\/KEM2019-BLACK-1500W.png\",\"contentUrl\":\"https:\\\/\\\/kem-europe.eu\\\/wp-content\\\/uploads\\\/2025\\\/02\\\/KEM2019-BLACK-1500W.png\",\"width\":1500,\"height\":626,\"caption\":\"KEM Europe\"},\"image\":{\"@id\":\"https:\\\/\\\/kem-europe.eu\\\/#\\\/schema\\\/logo\\\/image\\\/\"}}]}<\/script>\n<!-- \/ Yoast SEO plugin. -->","yoast_head_json":{"title":"BYCON DBS-352 Kernbohrst\u00e4nder 45\u00b0 | \u00d8352 mm Betonbohrer - KEM Europe","description":"Robustes Stahlstativ 45# f\u00fcr Betonbohrungen mit \u00d8352 mm. 670 mm Hub, 0-45\u00b0 Neigung, Vakuumsockel und Antivibrationshandgriff f\u00fcr pr\u00e4zises Arbeiten bei hoher Beanspruchung.","robots":{"index":"index","follow":"follow","max-snippet":"max-snippet:-1","max-image-preview":"max-image-preview:large","max-video-preview":"max-video-preview:-1"},"canonical":"https:\/\/kem-europe.eu\/de\/produkt\/bycon-dbs-352-kernbohrstander\/","og_locale":"de_DE","og_type":"article","og_title":"BYCON DBS-352 Kernboorstatief 45\u00b0 | \u00d8352 mm betonboren - KEM Europe","og_description":"Robuust 45#-stalen statief voor \u00d8352 mm betonboringen. 670 mm slag, 0\u201345\u00b0 kanteling, vacu\u00fcmbasis & anti-vibratiehandgreep voor nauwkeurig zwaar werk.","og_url":"https:\/\/kem-europe.eu\/de\/produkt\/bycon-dbs-352-kernbohrstander\/","og_site_name":"KEM Europe","og_image":[{"width":700,"height":700,"url":"https:\/\/kem-europe.eu\/wp-content\/uploads\/2025\/07\/DBS-352.png","type":"image\/png"}],"twitter_card":"summary_large_image","twitter_misc":{"Gesch\u00e4tzte Lesezeit":"2\u00a0Minuten"},"schema":{"@context":"https:\/\/schema.org","@graph":[{"@type":"WebPage","@id":"https:\/\/kem-europe.eu\/product\/bycon-dbs-352-kernboorstatief\/","url":"https:\/\/kem-europe.eu\/product\/bycon-dbs-352-kernboorstatief\/","name":"BYCON DBS-352 Kernbohrst\u00e4nder 45\u00b0 | \u00d8352 mm Betonbohrer - KEM Europe","isPartOf":{"@id":"https:\/\/kem-europe.eu\/#website"},"primaryImageOfPage":{"@id":"https:\/\/kem-europe.eu\/product\/bycon-dbs-352-kernboorstatief\/#primaryimage"},"image":{"@id":"https:\/\/kem-europe.eu\/product\/bycon-dbs-352-kernboorstatief\/#primaryimage"},"thumbnailUrl":"https:\/\/kem-europe.eu\/wp-content\/uploads\/2025\/07\/DBS-352.png","datePublished":"2025-07-02T08:38:04+00:00","description":"Robustes Stahlstativ 45# f\u00fcr Betonbohrungen mit \u00d8352 mm. 670 mm Hub, 0-45\u00b0 Neigung, Vakuumsockel und Antivibrationshandgriff f\u00fcr pr\u00e4zises Arbeiten bei hoher Beanspruchung.","breadcrumb":{"@id":"https:\/\/kem-europe.eu\/product\/bycon-dbs-352-kernboorstatief\/#breadcrumb"},"inLanguage":"de","potentialAction":[{"@type":"ReadAction","target":["https:\/\/kem-europe.eu\/product\/bycon-dbs-352-kernboorstatief\/"]}]},{"@type":"ImageObject","inLanguage":"de","@id":"https:\/\/kem-europe.eu\/product\/bycon-dbs-352-kernboorstatief\/#primaryimage","url":"https:\/\/kem-europe.eu\/wp-content\/uploads\/2025\/07\/DBS-352.png","contentUrl":"https:\/\/kem-europe.eu\/wp-content\/uploads\/2025\/07\/DBS-352.png","width":700,"height":700,"caption":"BYCON DBS-352 \u2013 Heavy-Duty Kernboorstatief 0\u201345\u00b0 (\u00d8352 mm)"},{"@type":"BreadcrumbList","@id":"https:\/\/kem-europe.eu\/product\/bycon-dbs-352-kernboorstatief\/#breadcrumb","itemListElement":[{"@type":"ListItem","position":1,"name":"Home","item":"https:\/\/kem-europe.eu\/"},{"@type":"ListItem","position":2,"name":"Winkel","item":"https:\/\/kem-europe.eu\/winkel\/"},{"@type":"ListItem","position":3,"name":"BYCON DBS-352 \u2013 Heavy-Duty Kernboorstatief 0\u201345\u00b0 (\u00d8352 mm)"}]},{"@type":"WebSite","@id":"https:\/\/kem-europe.eu\/#website","url":"https:\/\/kem-europe.eu\/","name":"KEM Europe","description":"","publisher":{"@id":"https:\/\/kem-europe.eu\/#organization"},"potentialAction":[{"@type":"SearchAction","target":{"@type":"EntryPoint","urlTemplate":"https:\/\/kem-europe.eu\/?s={search_term_string}"},"query-input":{"@type":"PropertyValueSpecification","valueRequired":true,"valueName":"search_term_string"}}],"inLanguage":"de"},{"@type":"Organization","@id":"https:\/\/kem-europe.eu\/#organization","name":"KEM Europe","url":"https:\/\/kem-europe.eu\/","logo":{"@type":"ImageObject","inLanguage":"de","@id":"https:\/\/kem-europe.eu\/#\/schema\/logo\/image\/","url":"https:\/\/kem-europe.eu\/wp-content\/uploads\/2025\/02\/KEM2019-BLACK-1500W.png","contentUrl":"https:\/\/kem-europe.eu\/wp-content\/uploads\/2025\/02\/KEM2019-BLACK-1500W.png","width":1500,"height":626,"caption":"KEM Europe"},"image":{"@id":"https:\/\/kem-europe.eu\/#\/schema\/logo\/image\/"}}]}},"_links":{"self":[{"href":"https:\/\/kem-europe.eu\/de\/wp-json\/wp\/v2\/product\/7595","targetHints":{"allow":["GET"]}}],"collection":[{"href":"https:\/\/kem-europe.eu\/de\/wp-json\/wp\/v2\/product"}],"about":[{"href":"https:\/\/kem-europe.eu\/de\/wp-json\/wp\/v2\/types\/product"}],"replies":[{"embeddable":true,"href":"https:\/\/kem-europe.eu\/de\/wp-json\/wp\/v2\/comments?post=7595"}],"wp:featuredmedia":[{"embeddable":true,"href":"https:\/\/kem-europe.eu\/de\/wp-json\/wp\/v2\/media\/7599"}],"wp:attachment":[{"href":"https:\/\/kem-europe.eu\/de\/wp-json\/wp\/v2\/media?parent=7595"}],"wp:term":[{"taxonomy":"product_brand","embeddable":true,"href":"https:\/\/kem-europe.eu\/de\/wp-json\/wp\/v2\/product_brand?post=7595"},{"taxonomy":"product_cat","embeddable":true,"href":"https:\/\/kem-europe.eu\/de\/wp-json\/wp\/v2\/product_cat?post=7595"},{"taxonomy":"product_tag","embeddable":true,"href":"https:\/\/kem-europe.eu\/de\/wp-json\/wp\/v2\/product_tag?post=7595"}],"curies":[{"name":"wp","href":"https:\/\/api.w.org\/{rel}","templated":true}]}}