{"id":7609,"date":"2025-07-02T08:59:23","date_gmt":"2025-07-02T08:59:23","guid":{"rendered":"https:\/\/kem-europe.eu\/?post_type=product&#038;p=7609"},"modified":"2025-10-10T10:59:21","modified_gmt":"2025-10-10T10:59:21","slug":"bycon-c-02-mikro-schlagbohrer-mit-diamant","status":"publish","type":"product","link":"https:\/\/kem-europe.eu\/de\/product\/bycon-c-02-micro-percussie-diamantboor\/","title":{"rendered":"BYCON C-02 - Micro-Percussion Trocken-Diamantbohrer (\u00d8 42-300 mm)"},"content":{"rendered":"<h2 data-start=\"961\" data-end=\"1024\">BYCON C-02 - Micro-Percussion Trocken-Diamantbohrer (\u00d8 42-300 mm)<\/h2>\n<p data-start=\"1048\" data-end=\"1536\">Die BYCON C-02 Serie kombiniert fortschrittliche Segmenttechnologie mit Laserschwei\u00dfen f\u00fcr eine extrem starke Verbindung, die den hohen Schlagkr\u00e4ften von Mikroschlagbohrern standh\u00e4lt. Das pr\u00e4zise Radiusdesign (R21 - R150) h\u00e4lt den Bohrer stabil, reduziert Vibrationen und erh\u00f6ht die Lebensdauer des Werkzeugs. In Kombination mit leistungsstarken, st\u00e4ndermontierten Motoren ab 3 000 W sorgt der C-02 f\u00fcr eine optimale Bohrmehlsp\u00fclung und eine hohe Abtragsleistung auch in stark armiertem Beton und Naturstein.<\/p>\n<hr data-start=\"1538\" data-end=\"1541\" \/>\n<p data-start=\"1543\" data-end=\"1572\"><strong>Wesentliche Merkmale<\/strong><\/p>\n<ul>\n<li data-start=\"1575\" data-end=\"1663\"><strong data-start=\"1575\" data-end=\"1618\">Optimiert f\u00fcr Leistungen \u2265 3 000 W<\/strong> - maximale Geschwindigkeit ohne \u00dcberhitzung<\/li>\n<li data-start=\"1575\" data-end=\"1663\"><strong data-start=\"1666\" data-end=\"1693\">Lasergeschwei\u00dfte Segmente<\/strong> - ultrastark, rei\u00dffest und hitzebest\u00e4ndig<\/li>\n<li data-start=\"1575\" data-end=\"1663\"><strong data-start=\"1739\" data-end=\"1756\">Segmentgr\u00f6\u00dfen:<\/strong> 20 \u00d7 3,8 \u00d7 10 mm oder 20 \u00d7 4,5 \u00d7 10 mm (abh\u00e4ngig vom Durchmesser)<\/li>\n<li data-start=\"1575\" data-end=\"1663\"><strong data-start=\"1821\" data-end=\"1846\">Mikro-Schlagzeug bereit<\/strong> - speziell f\u00fcr Trockenanwendungen mit Hammerfunktion<\/li>\n<li data-start=\"1575\" data-end=\"1663\"><strong data-start=\"1908\" data-end=\"1936\">Pr\u00e4zisions-Radius-Kontrolle<\/strong> - stabiles Bohrverhalten von R21 bis R150<\/li>\n<\/ul>\n<hr data-start=\"1979\" data-end=\"1982\" \/>\n<p data-start=\"1984\" data-end=\"2014\"><strong>Technische Daten<\/strong><\/p>\n<div class=\"_tableContainer_80l1q_1\">\n<div class=\"_tableWrapper_80l1q_14 group flex w-fit flex-col-reverse\" tabindex=\"-1\">\n<table class=\"w-fit min-w-(--thread-content-width)\" data-start=\"2016\" data-end=\"3533\">\n<thead data-start=\"2016\" data-end=\"2092\">\n<tr data-start=\"2016\" data-end=\"2092\">\n<th data-start=\"2016\" data-end=\"2026\" data-col-size=\"sm\">Artikel Nr.<\/th>\n<th data-start=\"2026\" data-end=\"2035\" data-col-size=\"sm\">\u00d8 (mm)<\/th>\n<th data-start=\"2035\" data-end=\"2050\" data-col-size=\"sm\">Abschnitt (mm)<\/th>\n<th data-start=\"2050\" data-end=\"2058\" data-col-size=\"sm\">Draht<\/th>\n<th data-start=\"2058\" data-end=\"2072\" data-col-size=\"sm\">Radius (mm)<\/th>\n<th data-start=\"2072\" data-end=\"2092\" data-col-size=\"sm\">Anzahl der Segmente<\/th>\n<\/tr>\n<\/thead>\n<tbody data-start=\"2170\" data-end=\"3533\">\n<tr data-start=\"2170\" data-end=\"2231\">\n<td data-start=\"2170\" data-end=\"2180\" data-col-size=\"sm\">2121042<\/td>\n<td data-col-size=\"sm\" data-start=\"2180\" data-end=\"2186\">42<\/td>\n<td data-col-size=\"sm\" data-start=\"2186\" data-end=\"2202\">19 \u00d7 3.8 \u00d7 10<\/td>\n<td data-col-size=\"sm\" data-start=\"2202\" data-end=\"2211\">1-1\/4\u2033<\/td>\n<td data-col-size=\"sm\" data-start=\"2211\" data-end=\"2225\">R21<\/td>\n<td data-col-size=\"sm\" data-start=\"2225\" data-end=\"2231\">5<\/td>\n<\/tr>\n<tr data-start=\"2232\" data-end=\"2293\">\n<td data-start=\"2232\" data-end=\"2242\" data-col-size=\"sm\">2121052<\/td>\n<td data-col-size=\"sm\" data-start=\"2242\" data-end=\"2248\">52<\/td>\n<td data-col-size=\"sm\" data-start=\"2248\" data-end=\"2264\">20 \u00d7 3.8 \u00d7 10<\/td>\n<td data-col-size=\"sm\" data-start=\"2264\" data-end=\"2273\">1-1\/4\u2033<\/td>\n<td data-col-size=\"sm\" data-start=\"2273\" data-end=\"2287\">R26<\/td>\n<td data-col-size=\"sm\" data-start=\"2287\" data-end=\"2293\">6<\/td>\n<\/tr>\n<tr data-start=\"2294\" data-end=\"2355\">\n<td data-start=\"2294\" data-end=\"2304\" data-col-size=\"sm\">2121062<\/td>\n<td data-col-size=\"sm\" data-start=\"2304\" data-end=\"2310\">62<\/td>\n<td data-col-size=\"sm\" data-start=\"2310\" data-end=\"2326\">20 \u00d7 3.8 \u00d7 10<\/td>\n<td data-col-size=\"sm\" data-start=\"2326\" data-end=\"2335\">1-1\/4\u2033<\/td>\n<td data-col-size=\"sm\" data-start=\"2335\" data-end=\"2349\">R31-38<\/td>\n<td data-col-size=\"sm\" data-start=\"2349\" data-end=\"2355\">7<\/td>\n<\/tr>\n<tr data-start=\"2356\" data-end=\"2417\">\n<td data-start=\"2356\" data-end=\"2366\" data-col-size=\"sm\">2121072<\/td>\n<td data-col-size=\"sm\" data-start=\"2366\" data-end=\"2372\">72<\/td>\n<td data-col-size=\"sm\" data-start=\"2372\" data-end=\"2388\">20 \u00d7 3.8 \u00d7 10<\/td>\n<td data-col-size=\"sm\" data-start=\"2388\" data-end=\"2397\">1-1\/4\u2033<\/td>\n<td data-col-size=\"sm\" data-start=\"2397\" data-end=\"2411\">R31-38<\/td>\n<td data-col-size=\"sm\" data-start=\"2411\" data-end=\"2417\">8<\/td>\n<\/tr>\n<tr data-start=\"2418\" data-end=\"2479\">\n<td data-start=\"2418\" data-end=\"2428\" data-col-size=\"sm\">2121076<\/td>\n<td data-col-size=\"sm\" data-start=\"2428\" data-end=\"2434\">76<\/td>\n<td data-col-size=\"sm\" data-start=\"2434\" data-end=\"2450\">20 \u00d7 3.8 \u00d7 10<\/td>\n<td data-col-size=\"sm\" data-start=\"2450\" data-end=\"2459\">1-1\/4\u2033<\/td>\n<td data-col-size=\"sm\" data-start=\"2459\" data-end=\"2473\">R31-38<\/td>\n<td data-col-size=\"sm\" data-start=\"2473\" data-end=\"2479\">8<\/td>\n<\/tr>\n<tr data-start=\"2480\" data-end=\"2541\">\n<td data-start=\"2480\" data-end=\"2490\" data-col-size=\"sm\">2121082<\/td>\n<td data-start=\"2490\" data-end=\"2496\" data-col-size=\"sm\">82<\/td>\n<td data-start=\"2496\" data-end=\"2512\" data-col-size=\"sm\">20 \u00d7 3.8 \u00d7 10<\/td>\n<td data-col-size=\"sm\" data-start=\"2512\" data-end=\"2521\">1-1\/4\u2033<\/td>\n<td data-col-size=\"sm\" data-start=\"2521\" data-end=\"2535\">R41-46<\/td>\n<td data-col-size=\"sm\" data-start=\"2535\" data-end=\"2541\">9<\/td>\n<\/tr>\n<tr data-start=\"2542\" data-end=\"2603\">\n<td data-start=\"2542\" data-end=\"2552\" data-col-size=\"sm\">2121092<\/td>\n<td data-col-size=\"sm\" data-start=\"2552\" data-end=\"2558\">92<\/td>\n<td data-col-size=\"sm\" data-start=\"2558\" data-end=\"2574\">20 \u00d7 3.8 \u00d7 10<\/td>\n<td data-col-size=\"sm\" data-start=\"2574\" data-end=\"2583\">1-1\/4\u2033<\/td>\n<td data-col-size=\"sm\" data-start=\"2583\" data-end=\"2597\">R41-46<\/td>\n<td data-col-size=\"sm\" data-start=\"2597\" data-end=\"2603\">9<\/td>\n<\/tr>\n<tr data-start=\"2604\" data-end=\"2665\">\n<td data-start=\"2604\" data-end=\"2614\" data-col-size=\"sm\">2121102<\/td>\n<td data-col-size=\"sm\" data-start=\"2614\" data-end=\"2620\">102<\/td>\n<td data-col-size=\"sm\" data-start=\"2620\" data-end=\"2636\">20 \u00d7 3.8 \u00d7 10<\/td>\n<td data-col-size=\"sm\" data-start=\"2636\" data-end=\"2645\">1-1\/4\u2033<\/td>\n<td data-col-size=\"sm\" data-start=\"2645\" data-end=\"2659\">R51-71<\/td>\n<td data-col-size=\"sm\" data-start=\"2659\" data-end=\"2665\">10<\/td>\n<\/tr>\n<tr data-start=\"2666\" data-end=\"2727\">\n<td data-start=\"2666\" data-end=\"2676\" data-col-size=\"sm\">2121112<\/td>\n<td data-col-size=\"sm\" data-start=\"2676\" data-end=\"2682\">112<\/td>\n<td data-col-size=\"sm\" data-start=\"2682\" data-end=\"2698\">20 \u00d7 3.8 \u00d7 10<\/td>\n<td data-col-size=\"sm\" data-start=\"2698\" data-end=\"2707\">1-1\/4\u2033<\/td>\n<td data-col-size=\"sm\" data-start=\"2707\" data-end=\"2721\">R51-71<\/td>\n<td data-col-size=\"sm\" data-start=\"2721\" data-end=\"2727\">10<\/td>\n<\/tr>\n<tr data-start=\"2728\" data-end=\"2789\">\n<td data-start=\"2728\" data-end=\"2738\" data-col-size=\"sm\">2121122<\/td>\n<td data-start=\"2738\" data-end=\"2744\" data-col-size=\"sm\">122<\/td>\n<td data-col-size=\"sm\" data-start=\"2744\" data-end=\"2760\">20 \u00d7 3.8 \u00d7 10<\/td>\n<td data-col-size=\"sm\" data-start=\"2760\" data-end=\"2769\">1-1\/4\u2033<\/td>\n<td data-col-size=\"sm\" data-start=\"2769\" data-end=\"2783\">R51-71<\/td>\n<td data-col-size=\"sm\" data-start=\"2783\" data-end=\"2789\">11<\/td>\n<\/tr>\n<tr data-start=\"2790\" data-end=\"2851\">\n<td data-start=\"2790\" data-end=\"2800\" data-col-size=\"sm\">2121127<\/td>\n<td data-start=\"2800\" data-end=\"2806\" data-col-size=\"sm\">127<\/td>\n<td data-col-size=\"sm\" data-start=\"2806\" data-end=\"2822\">20 \u00d7 3.8 \u00d7 10<\/td>\n<td data-col-size=\"sm\" data-start=\"2822\" data-end=\"2831\">1-1\/4\u2033<\/td>\n<td data-col-size=\"sm\" data-start=\"2831\" data-end=\"2845\">R51-71<\/td>\n<td data-col-size=\"sm\" data-start=\"2845\" data-end=\"2851\">11<\/td>\n<\/tr>\n<tr data-start=\"2852\" data-end=\"2913\">\n<td data-start=\"2852\" data-end=\"2862\" data-col-size=\"sm\">2121132<\/td>\n<td data-start=\"2862\" data-end=\"2868\" data-col-size=\"sm\">132<\/td>\n<td data-col-size=\"sm\" data-start=\"2868\" data-end=\"2884\">20 \u00d7 3.8 \u00d7 10<\/td>\n<td data-col-size=\"sm\" data-start=\"2884\" data-end=\"2893\">1-1\/4\u2033<\/td>\n<td data-col-size=\"sm\" data-start=\"2893\" data-end=\"2907\">R51-71<\/td>\n<td data-col-size=\"sm\" data-start=\"2907\" data-end=\"2913\">12<\/td>\n<\/tr>\n<tr data-start=\"2914\" data-end=\"2975\">\n<td data-start=\"2914\" data-end=\"2924\" data-col-size=\"sm\">2121142<\/td>\n<td data-start=\"2924\" data-end=\"2930\" data-col-size=\"sm\">142<\/td>\n<td data-col-size=\"sm\" data-start=\"2930\" data-end=\"2946\">20 \u00d7 4.3 \u00d7 10<\/td>\n<td data-col-size=\"sm\" data-start=\"2946\" data-end=\"2955\">1-1\/4\u2033<\/td>\n<td data-col-size=\"sm\" data-start=\"2955\" data-end=\"2969\">R51-71<\/td>\n<td data-col-size=\"sm\" data-start=\"2969\" data-end=\"2975\">13<\/td>\n<\/tr>\n<tr data-start=\"2976\" data-end=\"3037\">\n<td data-start=\"2976\" data-end=\"2986\" data-col-size=\"sm\">2121152<\/td>\n<td data-col-size=\"sm\" data-start=\"2986\" data-end=\"2992\">152<\/td>\n<td data-col-size=\"sm\" data-start=\"2992\" data-end=\"3008\">20 \u00d7 4.3 \u00d7 10<\/td>\n<td data-col-size=\"sm\" data-start=\"3008\" data-end=\"3017\">1-1\/4\u2033<\/td>\n<td data-col-size=\"sm\" data-start=\"3017\" data-end=\"3031\">R76-86<\/td>\n<td data-col-size=\"sm\" data-start=\"3031\" data-end=\"3037\">14<\/td>\n<\/tr>\n<tr data-start=\"3038\" data-end=\"3099\">\n<td data-start=\"3038\" data-end=\"3048\" data-col-size=\"sm\">2121162<\/td>\n<td data-col-size=\"sm\" data-start=\"3048\" data-end=\"3054\">162<\/td>\n<td data-col-size=\"sm\" data-start=\"3054\" data-end=\"3070\">20 \u00d7 4.3 \u00d7 10<\/td>\n<td data-col-size=\"sm\" data-start=\"3070\" data-end=\"3079\">1-1\/4\u2033<\/td>\n<td data-col-size=\"sm\" data-start=\"3079\" data-end=\"3093\">R76-86<\/td>\n<td data-col-size=\"sm\" data-start=\"3093\" data-end=\"3099\">15<\/td>\n<\/tr>\n<tr data-start=\"3100\" data-end=\"3161\">\n<td data-start=\"3100\" data-end=\"3110\" data-col-size=\"sm\">2121172<\/td>\n<td data-col-size=\"sm\" data-start=\"3110\" data-end=\"3116\">172<\/td>\n<td data-col-size=\"sm\" data-start=\"3116\" data-end=\"3132\">20 \u00d7 4.3 \u00d7 10<\/td>\n<td data-col-size=\"sm\" data-start=\"3132\" data-end=\"3141\">1-1\/4\u2033<\/td>\n<td data-col-size=\"sm\" data-start=\"3141\" data-end=\"3155\">R76-86<\/td>\n<td data-col-size=\"sm\" data-start=\"3155\" data-end=\"3161\">16<\/td>\n<\/tr>\n<tr data-start=\"3162\" data-end=\"3223\">\n<td data-start=\"3162\" data-end=\"3172\" data-col-size=\"sm\">2121182<\/td>\n<td data-col-size=\"sm\" data-start=\"3172\" data-end=\"3178\">182<\/td>\n<td data-col-size=\"sm\" data-start=\"3178\" data-end=\"3194\">20 \u00d7 4.3 \u00d7 10<\/td>\n<td data-col-size=\"sm\" data-start=\"3194\" data-end=\"3203\">1-1\/4\u2033<\/td>\n<td data-col-size=\"sm\" data-start=\"3203\" data-end=\"3217\">R91-113<\/td>\n<td data-col-size=\"sm\" data-start=\"3217\" data-end=\"3223\">17<\/td>\n<\/tr>\n<tr data-start=\"3224\" data-end=\"3285\">\n<td data-start=\"3224\" data-end=\"3234\" data-col-size=\"sm\">2121202<\/td>\n<td data-col-size=\"sm\" data-start=\"3234\" data-end=\"3240\">202<\/td>\n<td data-col-size=\"sm\" data-start=\"3240\" data-end=\"3256\">20 \u00d7 4.3 \u00d7 10<\/td>\n<td data-col-size=\"sm\" data-start=\"3256\" data-end=\"3265\">1-1\/4\u2033<\/td>\n<td data-col-size=\"sm\" data-start=\"3265\" data-end=\"3279\">R91-113<\/td>\n<td data-col-size=\"sm\" data-start=\"3279\" data-end=\"3285\">18<\/td>\n<\/tr>\n<tr data-start=\"3286\" data-end=\"3347\">\n<td data-start=\"3286\" data-end=\"3296\" data-col-size=\"sm\">2121225<\/td>\n<td data-col-size=\"sm\" data-start=\"3296\" data-end=\"3302\">225<\/td>\n<td data-col-size=\"sm\" data-start=\"3302\" data-end=\"3318\">20 \u00d7 4.3 \u00d7 10<\/td>\n<td data-col-size=\"sm\" data-start=\"3318\" data-end=\"3327\">1-1\/4\u2033<\/td>\n<td data-col-size=\"sm\" data-start=\"3327\" data-end=\"3341\">R91-113<\/td>\n<td data-col-size=\"sm\" data-start=\"3341\" data-end=\"3347\">19<\/td>\n<\/tr>\n<tr data-start=\"3348\" data-end=\"3409\">\n<td data-start=\"3348\" data-end=\"3358\" data-col-size=\"sm\">2121250<\/td>\n<td data-col-size=\"sm\" data-start=\"3358\" data-end=\"3364\">250<\/td>\n<td data-col-size=\"sm\" data-start=\"3364\" data-end=\"3380\">20 \u00d7 4.5 \u00d7 10<\/td>\n<td data-col-size=\"sm\" data-start=\"3380\" data-end=\"3389\">1-1\/4\u2033<\/td>\n<td data-col-size=\"sm\" data-start=\"3389\" data-end=\"3403\">R125-150<\/td>\n<td data-col-size=\"sm\" data-start=\"3403\" data-end=\"3409\">20<\/td>\n<\/tr>\n<tr data-start=\"3410\" data-end=\"3471\">\n<td data-start=\"3410\" data-end=\"3420\" data-col-size=\"sm\">2121270<\/td>\n<td data-col-size=\"sm\" data-start=\"3420\" data-end=\"3426\">270<\/td>\n<td data-col-size=\"sm\" data-start=\"3426\" data-end=\"3442\">20 \u00d7 4.5 \u00d7 10<\/td>\n<td data-col-size=\"sm\" data-start=\"3442\" data-end=\"3451\">1-1\/4\u2033<\/td>\n<td data-col-size=\"sm\" data-start=\"3451\" data-end=\"3465\">R125-150<\/td>\n<td data-col-size=\"sm\" data-start=\"3465\" data-end=\"3471\">21<\/td>\n<\/tr>\n<tr data-start=\"3472\" data-end=\"3533\">\n<td data-start=\"3472\" data-end=\"3482\" data-col-size=\"sm\">2121300<\/td>\n<td data-col-size=\"sm\" data-start=\"3482\" data-end=\"3488\">300<\/td>\n<td data-col-size=\"sm\" data-start=\"3488\" data-end=\"3504\">20 \u00d7 4.5 \u00d7 10<\/td>\n<td data-col-size=\"sm\" data-start=\"3504\" data-end=\"3513\">1-1\/4\u2033<\/td>\n<td data-col-size=\"sm\" data-start=\"3513\" data-end=\"3527\">R125-150<\/td>\n<td data-col-size=\"sm\" data-start=\"3527\" data-end=\"3533\">22<\/td>\n<\/tr>\n<\/tbody>\n<\/table>\n<div class=\"sticky end-(--thread-content-margin) h-0 self-end select-none\">\n<div class=\"absolute end-0 flex items-end\"><\/div>\n<\/div>\n<\/div>\n<\/div>\n<hr data-start=\"3535\" data-end=\"3538\" \/>\n<p data-start=\"3540\" data-end=\"3561\"><strong>Umfang der Lieferung<\/strong><\/p>\n<ul>\n<li data-start=\"3564\" data-end=\"3635\">BYCON C-02 Mikroschlag-Diamant-Trockenbohrer (ausgew\u00e4hlter Durchmesser)<\/li>\n<\/ul>","protected":false},"excerpt":{"rendered":"<p data-start=\"409\" data-end=\"954\">Die BYCON C-02 Serie ist f\u00fcr h\u00e4rteste Trockenbohrungen in Stahlbeton konzipiert. Dank der lasergeschwei\u00dften Segmente und des Mikroschlagdesigns schneidet der Bohrer m\u00fchelos durch mehrere Lagen Bewehrungsstahl. Die robuste Segmentgeometrie (20 \u00d7 3,8 \/ 4,5 \u00d7 10 mm) sorgt f\u00fcr eine hohe Bohrgeschwindigkeit und eine lange Lebensdauer, selbst auf Anlagen mit 3 000 W und mehr. Erh\u00e4ltlich in Durchmessern von \u00d8 42 bis \u00d8 300 mm mit 1-1\/4\u2033 UNC-Anschluss. Perfekt f\u00fcr Bauunternehmen, die maximale Produktivit\u00e4t auf trockenen, staubfreien Baustellen verlangen.<\/p>","protected":false},"featured_media":7610,"comment_status":"open","ping_status":"closed","template":"","meta":[],"product_brand":[627],"product_cat":[21,188,189,20],"product_tag":[],"class_list":{"0":"post-7609","1":"product","2":"type-product","3":"status-publish","4":"has-post-thumbnail","6":"product_brand-bycon","7":"product_cat-diamant","8":"product_cat-diamantboor","9":"product_cat-diamantboor-droog","10":"product_cat-verbruiksartikelen-diamant","12":"first","13":"instock","14":"shipping-taxable","15":"product-type-simple"},"ct_brands":[{"id":627,"name":"BYCON","slug":"bycon"}],"yoast_head":"<!-- This site is optimized with the Yoast SEO plugin v27.3 - https:\/\/yoast.com\/product\/yoast-seo-wordpress\/ -->\n<title>BYCON C-02 Micro Percussie Droge Diamantboor | \u00d842-300 mm - KEM Europe<\/title>\n<meta name=\"description\" content=\"Micro-percussie droge diamantboor voor 3 000 W+ rigs. Laser\u00adgelast, boort soepel door gewapend beton \u00d842-300 mm met hoge stand\u00adtijd en snelheid.\" \/>\n<meta name=\"robots\" content=\"index, follow, max-snippet:-1, max-image-preview:large, max-video-preview:-1\" \/>\n<link rel=\"canonical\" href=\"https:\/\/kem-europe.eu\/de\/produkt\/bycon-c-02-mikro-schlagbohrer-mit-diamant\/\" \/>\n<meta property=\"og:locale\" content=\"de_DE\" \/>\n<meta property=\"og:type\" content=\"article\" \/>\n<meta property=\"og:title\" content=\"BYCON C-02 Micro Percussie Droge Diamantboor | \u00d842-300 mm - KEM Europe\" \/>\n<meta property=\"og:description\" content=\"Micro-percussie droge diamantboor voor 3 000 W+ rigs. Laser\u00adgelast, boort soepel door gewapend beton \u00d842-300 mm met hoge stand\u00adtijd en snelheid.\" \/>\n<meta property=\"og:url\" content=\"https:\/\/kem-europe.eu\/de\/produkt\/bycon-c-02-mikro-schlagbohrer-mit-diamant\/\" \/>\n<meta property=\"og:site_name\" content=\"KEM Europe\" \/>\n<meta property=\"article:modified_time\" content=\"2025-10-10T10:59:21+00:00\" \/>\n<meta property=\"og:image\" content=\"https:\/\/kem-europe.eu\/wp-content\/uploads\/2025\/07\/C-02.png\" \/>\n\t<meta property=\"og:image:width\" content=\"700\" \/>\n\t<meta property=\"og:image:height\" content=\"700\" \/>\n\t<meta property=\"og:image:type\" content=\"image\/png\" \/>\n<meta name=\"twitter:card\" content=\"summary_large_image\" \/>\n<meta name=\"twitter:label1\" content=\"Gesch\u00e4tzte Lesezeit\" \/>\n\t<meta name=\"twitter:data1\" content=\"2\u00a0Minuten\" \/>\n<script type=\"application\/ld+json\" class=\"yoast-schema-graph\">{\"@context\":\"https:\\\/\\\/schema.org\",\"@graph\":[{\"@type\":\"WebPage\",\"@id\":\"https:\\\/\\\/kem-europe.eu\\\/product\\\/bycon-c-02-micro-percussie-diamantboor\\\/\",\"url\":\"https:\\\/\\\/kem-europe.eu\\\/product\\\/bycon-c-02-micro-percussie-diamantboor\\\/\",\"name\":\"BYCON C-02 Micro Percussie Droge Diamantboor | \u00d842-300 mm - KEM Europe\",\"isPartOf\":{\"@id\":\"https:\\\/\\\/kem-europe.eu\\\/#website\"},\"primaryImageOfPage\":{\"@id\":\"https:\\\/\\\/kem-europe.eu\\\/product\\\/bycon-c-02-micro-percussie-diamantboor\\\/#primaryimage\"},\"image\":{\"@id\":\"https:\\\/\\\/kem-europe.eu\\\/product\\\/bycon-c-02-micro-percussie-diamantboor\\\/#primaryimage\"},\"thumbnailUrl\":\"https:\\\/\\\/kem-europe.eu\\\/wp-content\\\/uploads\\\/2025\\\/07\\\/C-02.png\",\"datePublished\":\"2025-07-02T08:59:23+00:00\",\"dateModified\":\"2025-10-10T10:59:21+00:00\",\"description\":\"Micro-percussie droge diamantboor voor 3 000 W+ rigs. Laser\u00adgelast, boort soepel door gewapend beton \u00d842-300 mm met hoge stand\u00adtijd en snelheid.\",\"breadcrumb\":{\"@id\":\"https:\\\/\\\/kem-europe.eu\\\/product\\\/bycon-c-02-micro-percussie-diamantboor\\\/#breadcrumb\"},\"inLanguage\":\"de\",\"potentialAction\":[{\"@type\":\"ReadAction\",\"target\":[\"https:\\\/\\\/kem-europe.eu\\\/product\\\/bycon-c-02-micro-percussie-diamantboor\\\/\"]}]},{\"@type\":\"ImageObject\",\"inLanguage\":\"de\",\"@id\":\"https:\\\/\\\/kem-europe.eu\\\/product\\\/bycon-c-02-micro-percussie-diamantboor\\\/#primaryimage\",\"url\":\"https:\\\/\\\/kem-europe.eu\\\/wp-content\\\/uploads\\\/2025\\\/07\\\/C-02.png\",\"contentUrl\":\"https:\\\/\\\/kem-europe.eu\\\/wp-content\\\/uploads\\\/2025\\\/07\\\/C-02.png\",\"width\":700,\"height\":700,\"caption\":\"BYCON C-02 \u2013 Micro-Percussie Droge Diamantboor (\u00d8 42-300 mm)\"},{\"@type\":\"BreadcrumbList\",\"@id\":\"https:\\\/\\\/kem-europe.eu\\\/product\\\/bycon-c-02-micro-percussie-diamantboor\\\/#breadcrumb\",\"itemListElement\":[{\"@type\":\"ListItem\",\"position\":1,\"name\":\"Home\",\"item\":\"https:\\\/\\\/kem-europe.eu\\\/\"},{\"@type\":\"ListItem\",\"position\":2,\"name\":\"Winkel\",\"item\":\"https:\\\/\\\/kem-europe.eu\\\/winkel\\\/\"},{\"@type\":\"ListItem\",\"position\":3,\"name\":\"BYCON C-02 \u2013 Micro-Percussie Droge Diamantboor (\u00d8 42-300 mm)\"}]},{\"@type\":\"WebSite\",\"@id\":\"https:\\\/\\\/kem-europe.eu\\\/#website\",\"url\":\"https:\\\/\\\/kem-europe.eu\\\/\",\"name\":\"KEM Europe\",\"description\":\"\",\"publisher\":{\"@id\":\"https:\\\/\\\/kem-europe.eu\\\/#organization\"},\"potentialAction\":[{\"@type\":\"SearchAction\",\"target\":{\"@type\":\"EntryPoint\",\"urlTemplate\":\"https:\\\/\\\/kem-europe.eu\\\/?s={search_term_string}\"},\"query-input\":{\"@type\":\"PropertyValueSpecification\",\"valueRequired\":true,\"valueName\":\"search_term_string\"}}],\"inLanguage\":\"de\"},{\"@type\":\"Organization\",\"@id\":\"https:\\\/\\\/kem-europe.eu\\\/#organization\",\"name\":\"KEM Europe\",\"url\":\"https:\\\/\\\/kem-europe.eu\\\/\",\"logo\":{\"@type\":\"ImageObject\",\"inLanguage\":\"de\",\"@id\":\"https:\\\/\\\/kem-europe.eu\\\/#\\\/schema\\\/logo\\\/image\\\/\",\"url\":\"https:\\\/\\\/kem-europe.eu\\\/wp-content\\\/uploads\\\/2025\\\/02\\\/KEM2019-BLACK-1500W.png\",\"contentUrl\":\"https:\\\/\\\/kem-europe.eu\\\/wp-content\\\/uploads\\\/2025\\\/02\\\/KEM2019-BLACK-1500W.png\",\"width\":1500,\"height\":626,\"caption\":\"KEM Europe\"},\"image\":{\"@id\":\"https:\\\/\\\/kem-europe.eu\\\/#\\\/schema\\\/logo\\\/image\\\/\"}}]}<\/script>\n<!-- \/ Yoast SEO plugin. -->","yoast_head_json":{"title":"BYCON C-02 Mikroschlagdiamant-Trockenbohrer | \u00d842-300 mm - KEM Europe","description":"Mikroschlag-Diamant-Trockenbohrer f\u00fcr 3 000 W+ Bohrger\u00e4te. Lasergeschwei\u00dft, bohrt reibungslos durch Stahlbeton \u00d842-300 mm mit hoher Standzeit und Geschwindigkeit.","robots":{"index":"index","follow":"follow","max-snippet":"max-snippet:-1","max-image-preview":"max-image-preview:large","max-video-preview":"max-video-preview:-1"},"canonical":"https:\/\/kem-europe.eu\/de\/produkt\/bycon-c-02-mikro-schlagbohrer-mit-diamant\/","og_locale":"de_DE","og_type":"article","og_title":"BYCON C-02 Micro Percussie Droge Diamantboor | \u00d842-300 mm - KEM Europe","og_description":"Micro-percussie droge diamantboor voor 3 000 W+ rigs. Laser\u00adgelast, boort soepel door gewapend beton \u00d842-300 mm met hoge stand\u00adtijd en snelheid.","og_url":"https:\/\/kem-europe.eu\/de\/produkt\/bycon-c-02-mikro-schlagbohrer-mit-diamant\/","og_site_name":"KEM Europe","article_modified_time":"2025-10-10T10:59:21+00:00","og_image":[{"width":700,"height":700,"url":"https:\/\/kem-europe.eu\/wp-content\/uploads\/2025\/07\/C-02.png","type":"image\/png"}],"twitter_card":"summary_large_image","twitter_misc":{"Gesch\u00e4tzte Lesezeit":"2\u00a0Minuten"},"schema":{"@context":"https:\/\/schema.org","@graph":[{"@type":"WebPage","@id":"https:\/\/kem-europe.eu\/product\/bycon-c-02-micro-percussie-diamantboor\/","url":"https:\/\/kem-europe.eu\/product\/bycon-c-02-micro-percussie-diamantboor\/","name":"BYCON C-02 Mikroschlagdiamant-Trockenbohrer | \u00d842-300 mm - KEM Europe","isPartOf":{"@id":"https:\/\/kem-europe.eu\/#website"},"primaryImageOfPage":{"@id":"https:\/\/kem-europe.eu\/product\/bycon-c-02-micro-percussie-diamantboor\/#primaryimage"},"image":{"@id":"https:\/\/kem-europe.eu\/product\/bycon-c-02-micro-percussie-diamantboor\/#primaryimage"},"thumbnailUrl":"https:\/\/kem-europe.eu\/wp-content\/uploads\/2025\/07\/C-02.png","datePublished":"2025-07-02T08:59:23+00:00","dateModified":"2025-10-10T10:59:21+00:00","description":"Mikroschlag-Diamant-Trockenbohrer f\u00fcr 3 000 W+ Bohrger\u00e4te. Lasergeschwei\u00dft, bohrt reibungslos durch Stahlbeton \u00d842-300 mm mit hoher Standzeit und Geschwindigkeit.","breadcrumb":{"@id":"https:\/\/kem-europe.eu\/product\/bycon-c-02-micro-percussie-diamantboor\/#breadcrumb"},"inLanguage":"de","potentialAction":[{"@type":"ReadAction","target":["https:\/\/kem-europe.eu\/product\/bycon-c-02-micro-percussie-diamantboor\/"]}]},{"@type":"ImageObject","inLanguage":"de","@id":"https:\/\/kem-europe.eu\/product\/bycon-c-02-micro-percussie-diamantboor\/#primaryimage","url":"https:\/\/kem-europe.eu\/wp-content\/uploads\/2025\/07\/C-02.png","contentUrl":"https:\/\/kem-europe.eu\/wp-content\/uploads\/2025\/07\/C-02.png","width":700,"height":700,"caption":"BYCON C-02 \u2013 Micro-Percussie Droge Diamantboor (\u00d8 42-300 mm)"},{"@type":"BreadcrumbList","@id":"https:\/\/kem-europe.eu\/product\/bycon-c-02-micro-percussie-diamantboor\/#breadcrumb","itemListElement":[{"@type":"ListItem","position":1,"name":"Home","item":"https:\/\/kem-europe.eu\/"},{"@type":"ListItem","position":2,"name":"Winkel","item":"https:\/\/kem-europe.eu\/winkel\/"},{"@type":"ListItem","position":3,"name":"BYCON C-02 \u2013 Micro-Percussie Droge Diamantboor (\u00d8 42-300 mm)"}]},{"@type":"WebSite","@id":"https:\/\/kem-europe.eu\/#website","url":"https:\/\/kem-europe.eu\/","name":"KEM Europe","description":"","publisher":{"@id":"https:\/\/kem-europe.eu\/#organization"},"potentialAction":[{"@type":"SearchAction","target":{"@type":"EntryPoint","urlTemplate":"https:\/\/kem-europe.eu\/?s={search_term_string}"},"query-input":{"@type":"PropertyValueSpecification","valueRequired":true,"valueName":"search_term_string"}}],"inLanguage":"de"},{"@type":"Organization","@id":"https:\/\/kem-europe.eu\/#organization","name":"KEM Europe","url":"https:\/\/kem-europe.eu\/","logo":{"@type":"ImageObject","inLanguage":"de","@id":"https:\/\/kem-europe.eu\/#\/schema\/logo\/image\/","url":"https:\/\/kem-europe.eu\/wp-content\/uploads\/2025\/02\/KEM2019-BLACK-1500W.png","contentUrl":"https:\/\/kem-europe.eu\/wp-content\/uploads\/2025\/02\/KEM2019-BLACK-1500W.png","width":1500,"height":626,"caption":"KEM Europe"},"image":{"@id":"https:\/\/kem-europe.eu\/#\/schema\/logo\/image\/"}}]}},"_links":{"self":[{"href":"https:\/\/kem-europe.eu\/de\/wp-json\/wp\/v2\/product\/7609","targetHints":{"allow":["GET"]}}],"collection":[{"href":"https:\/\/kem-europe.eu\/de\/wp-json\/wp\/v2\/product"}],"about":[{"href":"https:\/\/kem-europe.eu\/de\/wp-json\/wp\/v2\/types\/product"}],"replies":[{"embeddable":true,"href":"https:\/\/kem-europe.eu\/de\/wp-json\/wp\/v2\/comments?post=7609"}],"wp:featuredmedia":[{"embeddable":true,"href":"https:\/\/kem-europe.eu\/de\/wp-json\/wp\/v2\/media\/7610"}],"wp:attachment":[{"href":"https:\/\/kem-europe.eu\/de\/wp-json\/wp\/v2\/media?parent=7609"}],"wp:term":[{"taxonomy":"product_brand","embeddable":true,"href":"https:\/\/kem-europe.eu\/de\/wp-json\/wp\/v2\/product_brand?post=7609"},{"taxonomy":"product_cat","embeddable":true,"href":"https:\/\/kem-europe.eu\/de\/wp-json\/wp\/v2\/product_cat?post=7609"},{"taxonomy":"product_tag","embeddable":true,"href":"https:\/\/kem-europe.eu\/de\/wp-json\/wp\/v2\/product_tag?post=7609"}],"curies":[{"name":"wp","href":"https:\/\/api.w.org\/{rel}","templated":true}]}}